{"id":16762,"date":"2026-04-27T04:41:14","date_gmt":"2026-04-27T04:41:14","guid":{"rendered":""},"modified":"2026-04-27T04:41:14","modified_gmt":"2026-04-27T04:41:14","slug":"abeline-police-2-sklenky-800mm-rockstone-bila-mat-ae802-0101-01-nejprodavanejsi-16762","status":"publish","type":"product","link":"https:\/\/www.oknobuild.com\/index.php\/produkt\/abeline-police-2-sklenky-800mm-rockstone-bila-mat-ae802-0101-01-nejprodavanejsi-16762\/","title":{"rendered":"ABELINE police + 2 sklenky, 800mm, rockstone, b\u00edl\u00e1 mat AE802-0101-01 Nejprod\u00e1van\u011bj\u0161\u00ed"},"content":{"rendered":"<div class=\"tabs__content-outer\" id=\"tab_description\" data-hash=\"description\" data-tabindex=\"-1\">\n<div class=\"tabs__content toggle_description\" id=\"content_description\">\n<div class=\"wysiwyg-content\">\n<div class=\"product__tab product__description full-width\">\n<div class=\"container\">\n<div >\n<h3>ABELINE police + 2 sklenky, 800mm, rockstone, b\u00edl\u00e1 mat AE802-0101-01<\/h3>\n<div class=\"product-explanation-item\">\n<h3>Solid Surface (Rockstone, um\u011bl\u00fd k\u00e1men, technick\u00fd mramor)<\/h3>\n<p style=\"text-align: justify;\">Solid Surface je masivn\u00ed nepor\u00e9zn\u00ed materi\u00e1l vyroben\u00fd ze sm\u011bsi p\u0159\u00edrodn\u00edho kamene a akryl\u00e1tu. M\u00e1 homogenn\u00ed pevn\u00fd povrch a pou\u017e\u00edv\u00e1 se p\u0159edev\u0161\u00edm pro v\u00fdrobu pracovn\u00edch desek. D\u00edky rozmanitosti barev a textur se dob\u0159e kombinuje s jin\u00fdmi materi\u00e1ly. P\u00e9\u010de o n\u011bj je snadn\u00e1: \u0161kr\u00e1bance lze snadno odstranit pomoc\u00ed m\u011bkk\u00fdch \u010distic\u00edch prost\u0159edk\u016f a znovu tak obnovit lesk povrchu. Nav\u00edc vynik\u00e1 odolnost\u00ed proti skvrn\u00e1m a je nenas\u00e1kav\u00fd.<\/p>\n<\/p><\/div>\n<p><\/p>\n<p><b>Vlastnosti<\/b><\/p>\n<ul>\n<li><span>Materi\u00e1l:<\/span> Solid Surface &#8211; Um\u011bl\u00fd k\u00e1men<\/li>\n<li><span>Barva:<\/span> B\u00edl\u00e1<\/li>\n<li><span>Instalace:<\/span> Lepen\u00ed<\/li>\n<li><span>Tvar:<\/span> Hranat\u00e9<\/li>\n<li><span>Rozm\u011br:<\/span> 800x12x100 mm<\/li>\n<li><span>Druh:<\/span> Poli\u010dka<\/li>\n<li><span>\u0160\u00ed\u0159ka:<\/span> 800 mm<\/li>\n<li><span>V\u00fd\u0161ka:<\/span> 12 mm<\/li>\n<li><span>Hloubka:<\/span> 100 mm<\/li>\n<li><span>D\u00e9lka:<\/span> 800 mm<\/li>\n<\/ul>\n<\/div><\/div>\n<\/p><\/div>\n<\/p><\/div>\n<\/p><\/div>\n","protected":false},"excerpt":{"rendered":"<p>ABELINE police + 2 sklenky, 800mm, rockstone, b\u00edl\u00e1 mat AE802-0101-01 Solid Surface (Rockstone, um\u011bl\u00fd k\u00e1men, technick\u00fd mramor) Solid Surface je masivn\u00ed nepor\u00e9zn\u00ed materi\u00e1l vyroben\u00fd ze sm\u011bsi p\u0159\u00edrodn\u00edho kamene a akryl\u00e1tu. M\u00e1 homogenn\u00ed pevn\u00fd povrch a pou\u017e\u00edv\u00e1 se p\u0159edev\u0161\u00edm pro v\u00fdrobu pracovn\u00edch desek. D\u00edky rozmanitosti barev a textur se dob\u0159e kombinuje s jin\u00fdmi materi\u00e1ly. P\u00e9\u010de o [&hellip;]<\/p>\n","protected":false},"featured_media":16862,"comment_status":"open","ping_status":"open","template":"","meta":[],"product_brand":[],"product_cat":[71],"product_tag":[],"class_list":{"0":"post-16762","1":"product","2":"type-product","3":"status-publish","4":"has-post-thumbnail","6":"product_cat-koupelna","8":"first","9":"instock","10":"sale","11":"shipping-taxable","12":"purchasable","13":"product-type-simple"},"yoast_head":"<!-- This site is optimized with the Yoast SEO plugin v26.8 - https:\/\/yoast.com\/product\/yoast-seo-wordpress\/ -->\n<title>ABELINE police + 2 sklenky, 800mm, rockstone, b\u00edl\u00e1 mat AE802-0101-01 Nejprod\u00e1van\u011bj\u0161\u00ed -<\/title>\n<meta name=\"robots\" content=\"index, follow, max-snippet:-1, max-image-preview:large, max-video-preview:-1\" \/>\n<link rel=\"canonical\" href=\"https:\/\/www.oknobuild.com\/index.php\/produkt\/abeline-police-2-sklenky-800mm-rockstone-bila-mat-ae802-0101-01-nejprodavanejsi-16762\/\" \/>\n<meta property=\"og:locale\" content=\"cs_CZ\" \/>\n<meta property=\"og:type\" content=\"article\" \/>\n<meta property=\"og:title\" content=\"ABELINE police + 2 sklenky, 800mm, rockstone, b\u00edl\u00e1 mat AE802-0101-01 Nejprod\u00e1van\u011bj\u0161\u00ed -\" \/>\n<meta property=\"og:description\" content=\"ABELINE police + 2 sklenky, 800mm, rockstone, b\u00edl\u00e1 mat AE802-0101-01 Solid Surface (Rockstone, um\u011bl\u00fd k\u00e1men, technick\u00fd mramor) Solid Surface je masivn\u00ed nepor\u00e9zn\u00ed materi\u00e1l vyroben\u00fd ze sm\u011bsi p\u0159\u00edrodn\u00edho kamene a akryl\u00e1tu. M\u00e1 homogenn\u00ed pevn\u00fd povrch a pou\u017e\u00edv\u00e1 se p\u0159edev\u0161\u00edm pro v\u00fdrobu pracovn\u00edch desek. D\u00edky rozmanitosti barev a textur se dob\u0159e kombinuje s jin\u00fdmi materi\u00e1ly. P\u00e9\u010de o [&hellip;]\" \/>\n<meta property=\"og:url\" content=\"https:\/\/www.oknobuild.com\/index.php\/produkt\/abeline-police-2-sklenky-800mm-rockstone-bila-mat-ae802-0101-01-nejprodavanejsi-16762\/\" \/>\n<meta property=\"og:image\" content=\"https:\/\/www.oknobuild.com\/wp-content\/uploads\/2026\/SK0016703-CZ20260425-093041-0-1777080643-4e0a147ec30232a5e9a35491a2bba33a.webp\" \/>\n\t<meta property=\"og:image:width\" content=\"1000\" \/>\n\t<meta property=\"og:image:height\" content=\"191\" \/>\n\t<meta property=\"og:image:type\" content=\"image\/webp\" \/>\n<meta name=\"twitter:card\" content=\"summary_large_image\" \/>\n<meta name=\"twitter:label1\" content=\"Odhadovan\u00e1 doba \u010dten\u00ed\" \/>\n\t<meta name=\"twitter:data1\" content=\"1 minuta\" \/>\n<script type=\"application\/ld+json\" class=\"yoast-schema-graph\">{\"@context\":\"https:\/\/schema.org\",\"@graph\":[{\"@type\":\"WebPage\",\"@id\":\"https:\/\/www.oknobuild.com\/index.php\/produkt\/abeline-police-2-sklenky-800mm-rockstone-bila-mat-ae802-0101-01-nejprodavanejsi-16762\/\",\"url\":\"https:\/\/www.oknobuild.com\/index.php\/produkt\/abeline-police-2-sklenky-800mm-rockstone-bila-mat-ae802-0101-01-nejprodavanejsi-16762\/\",\"name\":\"ABELINE police + 2 sklenky, 800mm, rockstone, b\u00edl\u00e1 mat AE802-0101-01 Nejprod\u00e1van\u011bj\u0161\u00ed -\",\"isPartOf\":{\"@id\":\"https:\/\/www.oknobuild.com\/#website\"},\"primaryImageOfPage\":{\"@id\":\"https:\/\/www.oknobuild.com\/index.php\/produkt\/abeline-police-2-sklenky-800mm-rockstone-bila-mat-ae802-0101-01-nejprodavanejsi-16762\/#primaryimage\"},\"image\":{\"@id\":\"https:\/\/www.oknobuild.com\/index.php\/produkt\/abeline-police-2-sklenky-800mm-rockstone-bila-mat-ae802-0101-01-nejprodavanejsi-16762\/#primaryimage\"},\"thumbnailUrl\":\"https:\/\/www.oknobuild.com\/wp-content\/uploads\/2026\/SK0016703-CZ20260425-093041-0-1777080643-4e0a147ec30232a5e9a35491a2bba33a.webp\",\"datePublished\":\"2026-04-27T04:41:14+00:00\",\"breadcrumb\":{\"@id\":\"https:\/\/www.oknobuild.com\/index.php\/produkt\/abeline-police-2-sklenky-800mm-rockstone-bila-mat-ae802-0101-01-nejprodavanejsi-16762\/#breadcrumb\"},\"inLanguage\":\"cs\",\"potentialAction\":[{\"@type\":\"ReadAction\",\"target\":[\"https:\/\/www.oknobuild.com\/index.php\/produkt\/abeline-police-2-sklenky-800mm-rockstone-bila-mat-ae802-0101-01-nejprodavanejsi-16762\/\"]}]},{\"@type\":\"ImageObject\",\"inLanguage\":\"cs\",\"@id\":\"https:\/\/www.oknobuild.com\/index.php\/produkt\/abeline-police-2-sklenky-800mm-rockstone-bila-mat-ae802-0101-01-nejprodavanejsi-16762\/#primaryimage\",\"url\":\"https:\/\/www.oknobuild.com\/wp-content\/uploads\/2026\/SK0016703-CZ20260425-093041-0-1777080643-4e0a147ec30232a5e9a35491a2bba33a.webp\",\"contentUrl\":\"https:\/\/www.oknobuild.com\/wp-content\/uploads\/2026\/SK0016703-CZ20260425-093041-0-1777080643-4e0a147ec30232a5e9a35491a2bba33a.webp\",\"width\":1000,\"height\":191},{\"@type\":\"BreadcrumbList\",\"@id\":\"https:\/\/www.oknobuild.com\/index.php\/produkt\/abeline-police-2-sklenky-800mm-rockstone-bila-mat-ae802-0101-01-nejprodavanejsi-16762\/#breadcrumb\",\"itemListElement\":[{\"@type\":\"ListItem\",\"position\":1,\"name\":\"Home\",\"item\":\"https:\/\/www.oknobuild.com\/\"},{\"@type\":\"ListItem\",\"position\":2,\"name\":\"Products\",\"item\":\"https:\/\/www.oknobuild.com\/index.php\/products\/\"},{\"@type\":\"ListItem\",\"position\":3,\"name\":\"ABELINE police + 2 sklenky, 800mm, rockstone, b\u00edl\u00e1 mat AE802-0101-01 Nejprod\u00e1van\u011bj\u0161\u00ed\"}]},{\"@type\":\"WebSite\",\"@id\":\"https:\/\/www.oknobuild.com\/#website\",\"url\":\"https:\/\/www.oknobuild.com\/\",\"name\":\"\",\"description\":\"\",\"potentialAction\":[{\"@type\":\"SearchAction\",\"target\":{\"@type\":\"EntryPoint\",\"urlTemplate\":\"https:\/\/www.oknobuild.com\/?s={search_term_string}\"},\"query-input\":{\"@type\":\"PropertyValueSpecification\",\"valueRequired\":true,\"valueName\":\"search_term_string\"}}],\"inLanguage\":\"cs\"}]}<\/script>\n<!-- \/ Yoast SEO plugin. -->","yoast_head_json":{"title":"ABELINE police + 2 sklenky, 800mm, rockstone, b\u00edl\u00e1 mat AE802-0101-01 Nejprod\u00e1van\u011bj\u0161\u00ed -","robots":{"index":"index","follow":"follow","max-snippet":"max-snippet:-1","max-image-preview":"max-image-preview:large","max-video-preview":"max-video-preview:-1"},"canonical":"https:\/\/www.oknobuild.com\/index.php\/produkt\/abeline-police-2-sklenky-800mm-rockstone-bila-mat-ae802-0101-01-nejprodavanejsi-16762\/","og_locale":"cs_CZ","og_type":"article","og_title":"ABELINE police + 2 sklenky, 800mm, rockstone, b\u00edl\u00e1 mat AE802-0101-01 Nejprod\u00e1van\u011bj\u0161\u00ed -","og_description":"ABELINE police + 2 sklenky, 800mm, rockstone, b\u00edl\u00e1 mat AE802-0101-01 Solid Surface (Rockstone, um\u011bl\u00fd k\u00e1men, technick\u00fd mramor) Solid Surface je masivn\u00ed nepor\u00e9zn\u00ed materi\u00e1l vyroben\u00fd ze sm\u011bsi p\u0159\u00edrodn\u00edho kamene a akryl\u00e1tu. M\u00e1 homogenn\u00ed pevn\u00fd povrch a pou\u017e\u00edv\u00e1 se p\u0159edev\u0161\u00edm pro v\u00fdrobu pracovn\u00edch desek. D\u00edky rozmanitosti barev a textur se dob\u0159e kombinuje s jin\u00fdmi materi\u00e1ly. P\u00e9\u010de o [&hellip;]","og_url":"https:\/\/www.oknobuild.com\/index.php\/produkt\/abeline-police-2-sklenky-800mm-rockstone-bila-mat-ae802-0101-01-nejprodavanejsi-16762\/","og_image":[{"width":1000,"height":191,"url":"https:\/\/www.oknobuild.com\/wp-content\/uploads\/2026\/SK0016703-CZ20260425-093041-0-1777080643-4e0a147ec30232a5e9a35491a2bba33a.webp","type":"image\/webp"}],"twitter_card":"summary_large_image","twitter_misc":{"Odhadovan\u00e1 doba \u010dten\u00ed":"1 minuta"},"schema":{"@context":"https:\/\/schema.org","@graph":[{"@type":"WebPage","@id":"https:\/\/www.oknobuild.com\/index.php\/produkt\/abeline-police-2-sklenky-800mm-rockstone-bila-mat-ae802-0101-01-nejprodavanejsi-16762\/","url":"https:\/\/www.oknobuild.com\/index.php\/produkt\/abeline-police-2-sklenky-800mm-rockstone-bila-mat-ae802-0101-01-nejprodavanejsi-16762\/","name":"ABELINE police + 2 sklenky, 800mm, rockstone, b\u00edl\u00e1 mat AE802-0101-01 Nejprod\u00e1van\u011bj\u0161\u00ed -","isPartOf":{"@id":"https:\/\/www.oknobuild.com\/#website"},"primaryImageOfPage":{"@id":"https:\/\/www.oknobuild.com\/index.php\/produkt\/abeline-police-2-sklenky-800mm-rockstone-bila-mat-ae802-0101-01-nejprodavanejsi-16762\/#primaryimage"},"image":{"@id":"https:\/\/www.oknobuild.com\/index.php\/produkt\/abeline-police-2-sklenky-800mm-rockstone-bila-mat-ae802-0101-01-nejprodavanejsi-16762\/#primaryimage"},"thumbnailUrl":"https:\/\/www.oknobuild.com\/wp-content\/uploads\/2026\/SK0016703-CZ20260425-093041-0-1777080643-4e0a147ec30232a5e9a35491a2bba33a.webp","datePublished":"2026-04-27T04:41:14+00:00","breadcrumb":{"@id":"https:\/\/www.oknobuild.com\/index.php\/produkt\/abeline-police-2-sklenky-800mm-rockstone-bila-mat-ae802-0101-01-nejprodavanejsi-16762\/#breadcrumb"},"inLanguage":"cs","potentialAction":[{"@type":"ReadAction","target":["https:\/\/www.oknobuild.com\/index.php\/produkt\/abeline-police-2-sklenky-800mm-rockstone-bila-mat-ae802-0101-01-nejprodavanejsi-16762\/"]}]},{"@type":"ImageObject","inLanguage":"cs","@id":"https:\/\/www.oknobuild.com\/index.php\/produkt\/abeline-police-2-sklenky-800mm-rockstone-bila-mat-ae802-0101-01-nejprodavanejsi-16762\/#primaryimage","url":"https:\/\/www.oknobuild.com\/wp-content\/uploads\/2026\/SK0016703-CZ20260425-093041-0-1777080643-4e0a147ec30232a5e9a35491a2bba33a.webp","contentUrl":"https:\/\/www.oknobuild.com\/wp-content\/uploads\/2026\/SK0016703-CZ20260425-093041-0-1777080643-4e0a147ec30232a5e9a35491a2bba33a.webp","width":1000,"height":191},{"@type":"BreadcrumbList","@id":"https:\/\/www.oknobuild.com\/index.php\/produkt\/abeline-police-2-sklenky-800mm-rockstone-bila-mat-ae802-0101-01-nejprodavanejsi-16762\/#breadcrumb","itemListElement":[{"@type":"ListItem","position":1,"name":"Home","item":"https:\/\/www.oknobuild.com\/"},{"@type":"ListItem","position":2,"name":"Products","item":"https:\/\/www.oknobuild.com\/index.php\/products\/"},{"@type":"ListItem","position":3,"name":"ABELINE police + 2 sklenky, 800mm, rockstone, b\u00edl\u00e1 mat AE802-0101-01 Nejprod\u00e1van\u011bj\u0161\u00ed"}]},{"@type":"WebSite","@id":"https:\/\/www.oknobuild.com\/#website","url":"https:\/\/www.oknobuild.com\/","name":"","description":"","potentialAction":[{"@type":"SearchAction","target":{"@type":"EntryPoint","urlTemplate":"https:\/\/www.oknobuild.com\/?s={search_term_string}"},"query-input":{"@type":"PropertyValueSpecification","valueRequired":true,"valueName":"search_term_string"}}],"inLanguage":"cs"}]}},"_links":{"self":[{"href":"https:\/\/www.oknobuild.com\/index.php\/wp-json\/wp\/v2\/product\/16762","targetHints":{"allow":["GET"]}}],"collection":[{"href":"https:\/\/www.oknobuild.com\/index.php\/wp-json\/wp\/v2\/product"}],"about":[{"href":"https:\/\/www.oknobuild.com\/index.php\/wp-json\/wp\/v2\/types\/product"}],"replies":[{"embeddable":true,"href":"https:\/\/www.oknobuild.com\/index.php\/wp-json\/wp\/v2\/comments?post=16762"}],"wp:featuredmedia":[{"embeddable":true,"href":"https:\/\/www.oknobuild.com\/index.php\/wp-json\/wp\/v2\/media\/16862"}],"wp:attachment":[{"href":"https:\/\/www.oknobuild.com\/index.php\/wp-json\/wp\/v2\/media?parent=16762"}],"wp:term":[{"taxonomy":"product_brand","embeddable":true,"href":"https:\/\/www.oknobuild.com\/index.php\/wp-json\/wp\/v2\/product_brand?post=16762"},{"taxonomy":"product_cat","embeddable":true,"href":"https:\/\/www.oknobuild.com\/index.php\/wp-json\/wp\/v2\/product_cat?post=16762"},{"taxonomy":"product_tag","embeddable":true,"href":"https:\/\/www.oknobuild.com\/index.php\/wp-json\/wp\/v2\/product_tag?post=16762"}],"curies":[{"name":"wp","href":"https:\/\/api.w.org\/{rel}","templated":true}]}}