{"id":17174,"date":"2026-04-27T04:41:15","date_gmt":"2026-04-27T04:41:15","guid":{"rendered":""},"modified":"2026-04-27T04:41:15","modified_gmt":"2026-04-27T04:41:15","slug":"pisoar-golem-antivandal-radar-senzor-bez-zdroje-24v-8430700004831-slp-19rs-pouze-dnes-17174","status":"publish","type":"product","link":"https:\/\/www.oknobuild.com\/index.php\/produkt\/pisoar-golem-antivandal-radar-senzor-bez-zdroje-24v-8430700004831-slp-19rs-pouze-dnes-17174\/","title":{"rendered":"Piso\u00e1r GOLEM Antivandal radar senzor, bez zdroje 24V 8430700004831 SLP 19RS Pouze Dnes"},"content":{"rendered":"<div class=\"basic-description\">\n<h3>Detailn\u00ed popis produktu<\/h3>\n<p>Piso\u00e1r GOLEM Antivandal radarsenzor, bez zdroje 24V 8.4307.0.000.483.1<\/p>\n<p>identick\u00fd v\u00fdrobek skladem je SLP 19RS Sanela<\/p>\n<p>Instala\u010dn\u00ed sada: Sou\u010d\u00e1st\u00ed dod\u00e1vky<\/p>\n<p>Minim\u00e1ln\u00ed splachovac\u00ed mno\u017estv\u00ed (l): 1<\/p>\n<p>Ohrana proti vandal\u016fm<\/p>\n<p>Pr\u016fm\u011br p\u0159\u00edvodn\u00edho otvoru (mm): 30<\/p>\n<p>Typ na d\u00e1lkov\u00e9 ovl\u00e1d\u00e1n\u00ed: Radar<\/p>\n<p>Um\u00edst\u011bn\u00ed p\u0159\u00edvodu vody: Zadn\u00ed vodorovn\u00fd<\/p>\n<p>V\u010detn\u011b sifonu a p\u0159\u00edpojek<\/p>\n<p>Zdroj nap\u00e1jen\u00ed (V): 24<\/p>\n<p>Ods\u00e1vac\u00ed urin\u00e1l Golem Antivandal s radarov\u00fdm senzorem na bateriov\u00e9 nebo s\u00edtov\u00e9 nap\u00e1jen\u00ed m\u00e1 vnit\u0159n\u00ed p\u0159\u00edvod vody. V\u00fdrobek obsahuje radarovou elektroniku na mont\u00e1\u017en\u00ed li\u0161t\u011b, elektromagnetick\u00fd ventil, propojovac\u00ed hadice, rohov\u00fd ventil, vtokovou armaturu s t\u011bsn\u011bn\u00edm, 1l sifon, upev\u0148ovac\u00ed sadu, pouzdro na baterie. Na keramick\u00fd urin\u00e1l bez elektroniky a p\u0159\u00edslu\u0161enstv\u00ed poskytujeme 10 let z\u00e1ruku.<\/p>\n<p>Skladem m\u00e1me tuto polo\u017eku pod \u010d\u00edslem SL 11195.<\/p>\n<\/p><\/div>\n","protected":false},"excerpt":{"rendered":"<p>Detailn\u00ed popis produktu Piso\u00e1r GOLEM Antivandal radarsenzor, bez zdroje 24V 8.4307.0.000.483.1 identick\u00fd v\u00fdrobek skladem je SLP 19RS Sanela Instala\u010dn\u00ed sada: Sou\u010d\u00e1st\u00ed dod\u00e1vky Minim\u00e1ln\u00ed splachovac\u00ed mno\u017estv\u00ed (l): 1 Ohrana proti vandal\u016fm Pr\u016fm\u011br p\u0159\u00edvodn\u00edho otvoru (mm): 30 Typ na d\u00e1lkov\u00e9 ovl\u00e1d\u00e1n\u00ed: Radar Um\u00edst\u011bn\u00ed p\u0159\u00edvodu vody: Zadn\u00ed vodorovn\u00fd V\u010detn\u011b sifonu a p\u0159\u00edpojek Zdroj nap\u00e1jen\u00ed (V): 24 Ods\u00e1vac\u00ed urin\u00e1l [&hellip;]<\/p>\n","protected":false},"featured_media":17274,"comment_status":"open","ping_status":"open","template":"","meta":[],"product_brand":[],"product_cat":[72],"product_tag":[],"class_list":{"0":"post-17174","1":"product","2":"type-product","3":"status-publish","4":"has-post-thumbnail","6":"product_cat-koupelny-a-sanitarni-technika","8":"first","9":"instock","10":"sale","11":"shipping-taxable","12":"purchasable","13":"product-type-simple"},"yoast_head":"<!-- This site is optimized with the Yoast SEO plugin v26.8 - https:\/\/yoast.com\/product\/yoast-seo-wordpress\/ -->\n<title>Piso\u00e1r GOLEM Antivandal radar senzor, bez zdroje 24V 8430700004831 SLP 19RS Pouze Dnes -<\/title>\n<meta name=\"robots\" content=\"index, follow, max-snippet:-1, max-image-preview:large, max-video-preview:-1\" \/>\n<link rel=\"canonical\" href=\"https:\/\/www.oknobuild.com\/index.php\/produkt\/pisoar-golem-antivandal-radar-senzor-bez-zdroje-24v-8430700004831-slp-19rs-pouze-dnes-17174\/\" \/>\n<meta property=\"og:locale\" content=\"cs_CZ\" \/>\n<meta property=\"og:type\" content=\"article\" \/>\n<meta property=\"og:title\" content=\"Piso\u00e1r GOLEM Antivandal radar senzor, bez zdroje 24V 8430700004831 SLP 19RS Pouze Dnes -\" \/>\n<meta property=\"og:description\" content=\"Detailn\u00ed popis produktu Piso\u00e1r GOLEM Antivandal radarsenzor, bez zdroje 24V 8.4307.0.000.483.1 identick\u00fd v\u00fdrobek skladem je SLP 19RS Sanela Instala\u010dn\u00ed sada: Sou\u010d\u00e1st\u00ed dod\u00e1vky Minim\u00e1ln\u00ed splachovac\u00ed mno\u017estv\u00ed (l): 1 Ohrana proti vandal\u016fm Pr\u016fm\u011br p\u0159\u00edvodn\u00edho otvoru (mm): 30 Typ na d\u00e1lkov\u00e9 ovl\u00e1d\u00e1n\u00ed: Radar Um\u00edst\u011bn\u00ed p\u0159\u00edvodu vody: Zadn\u00ed vodorovn\u00fd V\u010detn\u011b sifonu a p\u0159\u00edpojek Zdroj nap\u00e1jen\u00ed (V): 24 Ods\u00e1vac\u00ed urin\u00e1l [&hellip;]\" \/>\n<meta property=\"og:url\" content=\"https:\/\/www.oknobuild.com\/index.php\/produkt\/pisoar-golem-antivandal-radar-senzor-bez-zdroje-24v-8430700004831-slp-19rs-pouze-dnes-17174\/\" \/>\n<meta property=\"og:image\" content=\"https:\/\/www.oknobuild.com\/wp-content\/uploads\/2026\/SK0017427-CZ20260425-093351-0-1777080838-1032357_0_843070-jpeg.webp\" \/>\n\t<meta property=\"og:image:width\" content=\"1000\" \/>\n\t<meta property=\"og:image:height\" content=\"750\" \/>\n\t<meta property=\"og:image:type\" content=\"image\/webp\" \/>\n<meta name=\"twitter:card\" content=\"summary_large_image\" \/>\n<meta name=\"twitter:label1\" content=\"Odhadovan\u00e1 doba \u010dten\u00ed\" \/>\n\t<meta name=\"twitter:data1\" content=\"1 minuta\" \/>\n<script type=\"application\/ld+json\" class=\"yoast-schema-graph\">{\"@context\":\"https:\/\/schema.org\",\"@graph\":[{\"@type\":\"WebPage\",\"@id\":\"https:\/\/www.oknobuild.com\/index.php\/produkt\/pisoar-golem-antivandal-radar-senzor-bez-zdroje-24v-8430700004831-slp-19rs-pouze-dnes-17174\/\",\"url\":\"https:\/\/www.oknobuild.com\/index.php\/produkt\/pisoar-golem-antivandal-radar-senzor-bez-zdroje-24v-8430700004831-slp-19rs-pouze-dnes-17174\/\",\"name\":\"Piso\u00e1r GOLEM Antivandal radar senzor, bez zdroje 24V 8430700004831 SLP 19RS Pouze Dnes -\",\"isPartOf\":{\"@id\":\"https:\/\/www.oknobuild.com\/#website\"},\"primaryImageOfPage\":{\"@id\":\"https:\/\/www.oknobuild.com\/index.php\/produkt\/pisoar-golem-antivandal-radar-senzor-bez-zdroje-24v-8430700004831-slp-19rs-pouze-dnes-17174\/#primaryimage\"},\"image\":{\"@id\":\"https:\/\/www.oknobuild.com\/index.php\/produkt\/pisoar-golem-antivandal-radar-senzor-bez-zdroje-24v-8430700004831-slp-19rs-pouze-dnes-17174\/#primaryimage\"},\"thumbnailUrl\":\"https:\/\/www.oknobuild.com\/wp-content\/uploads\/2026\/SK0017427-CZ20260425-093351-0-1777080838-1032357_0_843070-jpeg.webp\",\"datePublished\":\"2026-04-27T04:41:15+00:00\",\"breadcrumb\":{\"@id\":\"https:\/\/www.oknobuild.com\/index.php\/produkt\/pisoar-golem-antivandal-radar-senzor-bez-zdroje-24v-8430700004831-slp-19rs-pouze-dnes-17174\/#breadcrumb\"},\"inLanguage\":\"cs\",\"potentialAction\":[{\"@type\":\"ReadAction\",\"target\":[\"https:\/\/www.oknobuild.com\/index.php\/produkt\/pisoar-golem-antivandal-radar-senzor-bez-zdroje-24v-8430700004831-slp-19rs-pouze-dnes-17174\/\"]}]},{\"@type\":\"ImageObject\",\"inLanguage\":\"cs\",\"@id\":\"https:\/\/www.oknobuild.com\/index.php\/produkt\/pisoar-golem-antivandal-radar-senzor-bez-zdroje-24v-8430700004831-slp-19rs-pouze-dnes-17174\/#primaryimage\",\"url\":\"https:\/\/www.oknobuild.com\/wp-content\/uploads\/2026\/SK0017427-CZ20260425-093351-0-1777080838-1032357_0_843070-jpeg.webp\",\"contentUrl\":\"https:\/\/www.oknobuild.com\/wp-content\/uploads\/2026\/SK0017427-CZ20260425-093351-0-1777080838-1032357_0_843070-jpeg.webp\",\"width\":1000,\"height\":750},{\"@type\":\"BreadcrumbList\",\"@id\":\"https:\/\/www.oknobuild.com\/index.php\/produkt\/pisoar-golem-antivandal-radar-senzor-bez-zdroje-24v-8430700004831-slp-19rs-pouze-dnes-17174\/#breadcrumb\",\"itemListElement\":[{\"@type\":\"ListItem\",\"position\":1,\"name\":\"Home\",\"item\":\"https:\/\/www.oknobuild.com\/\"},{\"@type\":\"ListItem\",\"position\":2,\"name\":\"Products\",\"item\":\"https:\/\/www.oknobuild.com\/index.php\/products\/\"},{\"@type\":\"ListItem\",\"position\":3,\"name\":\"Piso\u00e1r GOLEM Antivandal radar senzor, bez zdroje 24V 8430700004831 SLP 19RS Pouze Dnes\"}]},{\"@type\":\"WebSite\",\"@id\":\"https:\/\/www.oknobuild.com\/#website\",\"url\":\"https:\/\/www.oknobuild.com\/\",\"name\":\"\",\"description\":\"\",\"potentialAction\":[{\"@type\":\"SearchAction\",\"target\":{\"@type\":\"EntryPoint\",\"urlTemplate\":\"https:\/\/www.oknobuild.com\/?s={search_term_string}\"},\"query-input\":{\"@type\":\"PropertyValueSpecification\",\"valueRequired\":true,\"valueName\":\"search_term_string\"}}],\"inLanguage\":\"cs\"}]}<\/script>\n<!-- \/ Yoast SEO plugin. -->","yoast_head_json":{"title":"Piso\u00e1r GOLEM Antivandal radar senzor, bez zdroje 24V 8430700004831 SLP 19RS Pouze Dnes -","robots":{"index":"index","follow":"follow","max-snippet":"max-snippet:-1","max-image-preview":"max-image-preview:large","max-video-preview":"max-video-preview:-1"},"canonical":"https:\/\/www.oknobuild.com\/index.php\/produkt\/pisoar-golem-antivandal-radar-senzor-bez-zdroje-24v-8430700004831-slp-19rs-pouze-dnes-17174\/","og_locale":"cs_CZ","og_type":"article","og_title":"Piso\u00e1r GOLEM Antivandal radar senzor, bez zdroje 24V 8430700004831 SLP 19RS Pouze Dnes -","og_description":"Detailn\u00ed popis produktu Piso\u00e1r GOLEM Antivandal radarsenzor, bez zdroje 24V 8.4307.0.000.483.1 identick\u00fd v\u00fdrobek skladem je SLP 19RS Sanela Instala\u010dn\u00ed sada: Sou\u010d\u00e1st\u00ed dod\u00e1vky Minim\u00e1ln\u00ed splachovac\u00ed mno\u017estv\u00ed (l): 1 Ohrana proti vandal\u016fm Pr\u016fm\u011br p\u0159\u00edvodn\u00edho otvoru (mm): 30 Typ na d\u00e1lkov\u00e9 ovl\u00e1d\u00e1n\u00ed: Radar Um\u00edst\u011bn\u00ed p\u0159\u00edvodu vody: Zadn\u00ed vodorovn\u00fd V\u010detn\u011b sifonu a p\u0159\u00edpojek Zdroj nap\u00e1jen\u00ed (V): 24 Ods\u00e1vac\u00ed urin\u00e1l [&hellip;]","og_url":"https:\/\/www.oknobuild.com\/index.php\/produkt\/pisoar-golem-antivandal-radar-senzor-bez-zdroje-24v-8430700004831-slp-19rs-pouze-dnes-17174\/","og_image":[{"width":1000,"height":750,"url":"https:\/\/www.oknobuild.com\/wp-content\/uploads\/2026\/SK0017427-CZ20260425-093351-0-1777080838-1032357_0_843070-jpeg.webp","type":"image\/webp"}],"twitter_card":"summary_large_image","twitter_misc":{"Odhadovan\u00e1 doba \u010dten\u00ed":"1 minuta"},"schema":{"@context":"https:\/\/schema.org","@graph":[{"@type":"WebPage","@id":"https:\/\/www.oknobuild.com\/index.php\/produkt\/pisoar-golem-antivandal-radar-senzor-bez-zdroje-24v-8430700004831-slp-19rs-pouze-dnes-17174\/","url":"https:\/\/www.oknobuild.com\/index.php\/produkt\/pisoar-golem-antivandal-radar-senzor-bez-zdroje-24v-8430700004831-slp-19rs-pouze-dnes-17174\/","name":"Piso\u00e1r GOLEM Antivandal radar senzor, bez zdroje 24V 8430700004831 SLP 19RS Pouze Dnes -","isPartOf":{"@id":"https:\/\/www.oknobuild.com\/#website"},"primaryImageOfPage":{"@id":"https:\/\/www.oknobuild.com\/index.php\/produkt\/pisoar-golem-antivandal-radar-senzor-bez-zdroje-24v-8430700004831-slp-19rs-pouze-dnes-17174\/#primaryimage"},"image":{"@id":"https:\/\/www.oknobuild.com\/index.php\/produkt\/pisoar-golem-antivandal-radar-senzor-bez-zdroje-24v-8430700004831-slp-19rs-pouze-dnes-17174\/#primaryimage"},"thumbnailUrl":"https:\/\/www.oknobuild.com\/wp-content\/uploads\/2026\/SK0017427-CZ20260425-093351-0-1777080838-1032357_0_843070-jpeg.webp","datePublished":"2026-04-27T04:41:15+00:00","breadcrumb":{"@id":"https:\/\/www.oknobuild.com\/index.php\/produkt\/pisoar-golem-antivandal-radar-senzor-bez-zdroje-24v-8430700004831-slp-19rs-pouze-dnes-17174\/#breadcrumb"},"inLanguage":"cs","potentialAction":[{"@type":"ReadAction","target":["https:\/\/www.oknobuild.com\/index.php\/produkt\/pisoar-golem-antivandal-radar-senzor-bez-zdroje-24v-8430700004831-slp-19rs-pouze-dnes-17174\/"]}]},{"@type":"ImageObject","inLanguage":"cs","@id":"https:\/\/www.oknobuild.com\/index.php\/produkt\/pisoar-golem-antivandal-radar-senzor-bez-zdroje-24v-8430700004831-slp-19rs-pouze-dnes-17174\/#primaryimage","url":"https:\/\/www.oknobuild.com\/wp-content\/uploads\/2026\/SK0017427-CZ20260425-093351-0-1777080838-1032357_0_843070-jpeg.webp","contentUrl":"https:\/\/www.oknobuild.com\/wp-content\/uploads\/2026\/SK0017427-CZ20260425-093351-0-1777080838-1032357_0_843070-jpeg.webp","width":1000,"height":750},{"@type":"BreadcrumbList","@id":"https:\/\/www.oknobuild.com\/index.php\/produkt\/pisoar-golem-antivandal-radar-senzor-bez-zdroje-24v-8430700004831-slp-19rs-pouze-dnes-17174\/#breadcrumb","itemListElement":[{"@type":"ListItem","position":1,"name":"Home","item":"https:\/\/www.oknobuild.com\/"},{"@type":"ListItem","position":2,"name":"Products","item":"https:\/\/www.oknobuild.com\/index.php\/products\/"},{"@type":"ListItem","position":3,"name":"Piso\u00e1r GOLEM Antivandal radar senzor, bez zdroje 24V 8430700004831 SLP 19RS Pouze Dnes"}]},{"@type":"WebSite","@id":"https:\/\/www.oknobuild.com\/#website","url":"https:\/\/www.oknobuild.com\/","name":"","description":"","potentialAction":[{"@type":"SearchAction","target":{"@type":"EntryPoint","urlTemplate":"https:\/\/www.oknobuild.com\/?s={search_term_string}"},"query-input":{"@type":"PropertyValueSpecification","valueRequired":true,"valueName":"search_term_string"}}],"inLanguage":"cs"}]}},"_links":{"self":[{"href":"https:\/\/www.oknobuild.com\/index.php\/wp-json\/wp\/v2\/product\/17174","targetHints":{"allow":["GET"]}}],"collection":[{"href":"https:\/\/www.oknobuild.com\/index.php\/wp-json\/wp\/v2\/product"}],"about":[{"href":"https:\/\/www.oknobuild.com\/index.php\/wp-json\/wp\/v2\/types\/product"}],"replies":[{"embeddable":true,"href":"https:\/\/www.oknobuild.com\/index.php\/wp-json\/wp\/v2\/comments?post=17174"}],"wp:featuredmedia":[{"embeddable":true,"href":"https:\/\/www.oknobuild.com\/index.php\/wp-json\/wp\/v2\/media\/17274"}],"wp:attachment":[{"href":"https:\/\/www.oknobuild.com\/index.php\/wp-json\/wp\/v2\/media?parent=17174"}],"wp:term":[{"taxonomy":"product_brand","embeddable":true,"href":"https:\/\/www.oknobuild.com\/index.php\/wp-json\/wp\/v2\/product_brand?post=17174"},{"taxonomy":"product_cat","embeddable":true,"href":"https:\/\/www.oknobuild.com\/index.php\/wp-json\/wp\/v2\/product_cat?post=17174"},{"taxonomy":"product_tag","embeddable":true,"href":"https:\/\/www.oknobuild.com\/index.php\/wp-json\/wp\/v2\/product_tag?post=17174"}],"curies":[{"name":"wp","href":"https:\/\/api.w.org\/{rel}","templated":true}]}}