{"id":17177,"date":"2026-04-27T04:41:15","date_gmt":"2026-04-27T04:41:15","guid":{"rendered":""},"modified":"2026-04-27T04:41:15","modified_gmt":"2026-04-27T04:41:15","slug":"petit-bila-skrin-s-umyv-40x23-se-zrcadlem-38x58-a-osvetlenim-doprava-zdarma-17177","status":"publish","type":"product","link":"https:\/\/www.oknobuild.com\/index.php\/produkt\/petit-bila-skrin-s-umyv-40x23-se-zrcadlem-38x58-a-osvetlenim-doprava-zdarma-17177\/","title":{"rendered":"PETIT b\u00edl\u00e1 sk\u0159\u00ed\u0148 s umyv.40&#215;23 se zrcadlem 38&#215;58 a osv\u011btlen\u00edm Doprava Zdarma"},"content":{"rendered":"<div class=\"basic-description\">\n<h3>Detailn\u00ed popis produktu<\/h3>\n<p>                                    Sk\u0159\u00ed\u0148ka s 1 lev\u00fdmi\/prav\u00fdmi dve\u0159mi, v\u010d. umyvadla 40&#215;23,5 cm s otvorem pro baterii VPRAVO<\/p>\n<p>Dokonal\u00e1 koupelna v minimalistick\u00e9m proveden\u00ed. Umyvadlov\u00e1 sk\u0159\u00ed\u0148ka ve v\u00fdhodn\u00e9m kompletu s umyvadlem Petit a zrcadlem 38&#215;58 s osv\u011btlen\u00edm je k dispozici ve \u010dty\u0159ech barevn\u00fdch variant\u00e1ch \u2013 v barv\u011b b\u00edl\u00e9 nebo \u0161ed\u00e9, p\u0159i\u010dem\u017e \u010deln\u00ed dv\u00ed\u0159ka jsou ve vysok\u00e9m lesku, nebo ve varint\u00e1ch p\u0159\u00edrodn\u00edch \u2013 dubov\u00e9m \u010di t\u0159e\u0161\u0148ov\u00e9m dekoru. Na koupelnov\u00fd n\u00e1bytek poskytujeme z\u00e1ruku 2 roky.                            <\/p><\/div>\n","protected":false},"excerpt":{"rendered":"<p>Detailn\u00ed popis produktu Sk\u0159\u00ed\u0148ka s 1 lev\u00fdmi\/prav\u00fdmi dve\u0159mi, v\u010d. umyvadla 40&#215;23,5 cm s otvorem pro baterii VPRAVO Dokonal\u00e1 koupelna v minimalistick\u00e9m proveden\u00ed. Umyvadlov\u00e1 sk\u0159\u00ed\u0148ka ve v\u00fdhodn\u00e9m kompletu s umyvadlem Petit a zrcadlem 38&#215;58 s osv\u011btlen\u00edm je k dispozici ve \u010dty\u0159ech barevn\u00fdch variant\u00e1ch \u2013 v barv\u011b b\u00edl\u00e9 nebo \u0161ed\u00e9, p\u0159i\u010dem\u017e \u010deln\u00ed dv\u00ed\u0159ka jsou ve vysok\u00e9m lesku, [&hellip;]<\/p>\n","protected":false},"featured_media":17277,"comment_status":"open","ping_status":"open","template":"","meta":[],"product_brand":[],"product_cat":[72],"product_tag":[],"class_list":{"0":"post-17177","1":"product","2":"type-product","3":"status-publish","4":"has-post-thumbnail","6":"product_cat-koupelny-a-sanitarni-technika","8":"first","9":"instock","10":"sale","11":"shipping-taxable","12":"purchasable","13":"product-type-simple"},"yoast_head":"<!-- This site is optimized with the Yoast SEO plugin v26.8 - https:\/\/yoast.com\/product\/yoast-seo-wordpress\/ -->\n<title>PETIT b\u00edl\u00e1 sk\u0159\u00ed\u0148 s umyv.40x23 se zrcadlem 38x58 a osv\u011btlen\u00edm Doprava Zdarma -<\/title>\n<meta name=\"robots\" content=\"index, follow, max-snippet:-1, max-image-preview:large, max-video-preview:-1\" \/>\n<link rel=\"canonical\" href=\"https:\/\/www.oknobuild.com\/index.php\/produkt\/petit-bila-skrin-s-umyv-40x23-se-zrcadlem-38x58-a-osvetlenim-doprava-zdarma-17177\/\" \/>\n<meta property=\"og:locale\" content=\"cs_CZ\" \/>\n<meta property=\"og:type\" content=\"article\" \/>\n<meta property=\"og:title\" content=\"PETIT b\u00edl\u00e1 sk\u0159\u00ed\u0148 s umyv.40x23 se zrcadlem 38x58 a osv\u011btlen\u00edm Doprava Zdarma -\" \/>\n<meta property=\"og:description\" content=\"Detailn\u00ed popis produktu Sk\u0159\u00ed\u0148ka s 1 lev\u00fdmi\/prav\u00fdmi dve\u0159mi, v\u010d. umyvadla 40&#215;23,5 cm s otvorem pro baterii VPRAVO Dokonal\u00e1 koupelna v minimalistick\u00e9m proveden\u00ed. Umyvadlov\u00e1 sk\u0159\u00ed\u0148ka ve v\u00fdhodn\u00e9m kompletu s umyvadlem Petit a zrcadlem 38&#215;58 s osv\u011btlen\u00edm je k dispozici ve \u010dty\u0159ech barevn\u00fdch variant\u00e1ch \u2013 v barv\u011b b\u00edl\u00e9 nebo \u0161ed\u00e9, p\u0159i\u010dem\u017e \u010deln\u00ed dv\u00ed\u0159ka jsou ve vysok\u00e9m lesku, [&hellip;]\" \/>\n<meta property=\"og:url\" content=\"https:\/\/www.oknobuild.com\/index.php\/produkt\/petit-bila-skrin-s-umyv-40x23-se-zrcadlem-38x58-a-osvetlenim-doprava-zdarma-17177\/\" \/>\n<meta property=\"og:image\" content=\"https:\/\/www.oknobuild.com\/wp-content\/uploads\/2026\/SK0017430-CZ20260425-093351-0-1777080838-1032012_h45j514175999-png.webp\" \/>\n\t<meta property=\"og:image:width\" content=\"1000\" \/>\n\t<meta property=\"og:image:height\" content=\"750\" \/>\n\t<meta property=\"og:image:type\" content=\"image\/webp\" \/>\n<meta name=\"twitter:card\" content=\"summary_large_image\" \/>\n<script type=\"application\/ld+json\" class=\"yoast-schema-graph\">{\"@context\":\"https:\/\/schema.org\",\"@graph\":[{\"@type\":\"WebPage\",\"@id\":\"https:\/\/www.oknobuild.com\/index.php\/produkt\/petit-bila-skrin-s-umyv-40x23-se-zrcadlem-38x58-a-osvetlenim-doprava-zdarma-17177\/\",\"url\":\"https:\/\/www.oknobuild.com\/index.php\/produkt\/petit-bila-skrin-s-umyv-40x23-se-zrcadlem-38x58-a-osvetlenim-doprava-zdarma-17177\/\",\"name\":\"PETIT b\u00edl\u00e1 sk\u0159\u00ed\u0148 s umyv.40x23 se zrcadlem 38x58 a osv\u011btlen\u00edm Doprava Zdarma -\",\"isPartOf\":{\"@id\":\"https:\/\/www.oknobuild.com\/#website\"},\"primaryImageOfPage\":{\"@id\":\"https:\/\/www.oknobuild.com\/index.php\/produkt\/petit-bila-skrin-s-umyv-40x23-se-zrcadlem-38x58-a-osvetlenim-doprava-zdarma-17177\/#primaryimage\"},\"image\":{\"@id\":\"https:\/\/www.oknobuild.com\/index.php\/produkt\/petit-bila-skrin-s-umyv-40x23-se-zrcadlem-38x58-a-osvetlenim-doprava-zdarma-17177\/#primaryimage\"},\"thumbnailUrl\":\"https:\/\/www.oknobuild.com\/wp-content\/uploads\/2026\/SK0017430-CZ20260425-093351-0-1777080838-1032012_h45j514175999-png.webp\",\"datePublished\":\"2026-04-27T04:41:15+00:00\",\"breadcrumb\":{\"@id\":\"https:\/\/www.oknobuild.com\/index.php\/produkt\/petit-bila-skrin-s-umyv-40x23-se-zrcadlem-38x58-a-osvetlenim-doprava-zdarma-17177\/#breadcrumb\"},\"inLanguage\":\"cs\",\"potentialAction\":[{\"@type\":\"ReadAction\",\"target\":[\"https:\/\/www.oknobuild.com\/index.php\/produkt\/petit-bila-skrin-s-umyv-40x23-se-zrcadlem-38x58-a-osvetlenim-doprava-zdarma-17177\/\"]}]},{\"@type\":\"ImageObject\",\"inLanguage\":\"cs\",\"@id\":\"https:\/\/www.oknobuild.com\/index.php\/produkt\/petit-bila-skrin-s-umyv-40x23-se-zrcadlem-38x58-a-osvetlenim-doprava-zdarma-17177\/#primaryimage\",\"url\":\"https:\/\/www.oknobuild.com\/wp-content\/uploads\/2026\/SK0017430-CZ20260425-093351-0-1777080838-1032012_h45j514175999-png.webp\",\"contentUrl\":\"https:\/\/www.oknobuild.com\/wp-content\/uploads\/2026\/SK0017430-CZ20260425-093351-0-1777080838-1032012_h45j514175999-png.webp\",\"width\":1000,\"height\":750},{\"@type\":\"BreadcrumbList\",\"@id\":\"https:\/\/www.oknobuild.com\/index.php\/produkt\/petit-bila-skrin-s-umyv-40x23-se-zrcadlem-38x58-a-osvetlenim-doprava-zdarma-17177\/#breadcrumb\",\"itemListElement\":[{\"@type\":\"ListItem\",\"position\":1,\"name\":\"Home\",\"item\":\"https:\/\/www.oknobuild.com\/\"},{\"@type\":\"ListItem\",\"position\":2,\"name\":\"Products\",\"item\":\"https:\/\/www.oknobuild.com\/index.php\/products\/\"},{\"@type\":\"ListItem\",\"position\":3,\"name\":\"PETIT b\u00edl\u00e1 sk\u0159\u00ed\u0148 s umyv.40&#215;23 se zrcadlem 38&#215;58 a osv\u011btlen\u00edm Doprava Zdarma\"}]},{\"@type\":\"WebSite\",\"@id\":\"https:\/\/www.oknobuild.com\/#website\",\"url\":\"https:\/\/www.oknobuild.com\/\",\"name\":\"\",\"description\":\"\",\"potentialAction\":[{\"@type\":\"SearchAction\",\"target\":{\"@type\":\"EntryPoint\",\"urlTemplate\":\"https:\/\/www.oknobuild.com\/?s={search_term_string}\"},\"query-input\":{\"@type\":\"PropertyValueSpecification\",\"valueRequired\":true,\"valueName\":\"search_term_string\"}}],\"inLanguage\":\"cs\"}]}<\/script>\n<!-- \/ Yoast SEO plugin. -->","yoast_head_json":{"title":"PETIT b\u00edl\u00e1 sk\u0159\u00ed\u0148 s umyv.40x23 se zrcadlem 38x58 a osv\u011btlen\u00edm Doprava Zdarma -","robots":{"index":"index","follow":"follow","max-snippet":"max-snippet:-1","max-image-preview":"max-image-preview:large","max-video-preview":"max-video-preview:-1"},"canonical":"https:\/\/www.oknobuild.com\/index.php\/produkt\/petit-bila-skrin-s-umyv-40x23-se-zrcadlem-38x58-a-osvetlenim-doprava-zdarma-17177\/","og_locale":"cs_CZ","og_type":"article","og_title":"PETIT b\u00edl\u00e1 sk\u0159\u00ed\u0148 s umyv.40x23 se zrcadlem 38x58 a osv\u011btlen\u00edm Doprava Zdarma -","og_description":"Detailn\u00ed popis produktu Sk\u0159\u00ed\u0148ka s 1 lev\u00fdmi\/prav\u00fdmi dve\u0159mi, v\u010d. umyvadla 40&#215;23,5 cm s otvorem pro baterii VPRAVO Dokonal\u00e1 koupelna v minimalistick\u00e9m proveden\u00ed. Umyvadlov\u00e1 sk\u0159\u00ed\u0148ka ve v\u00fdhodn\u00e9m kompletu s umyvadlem Petit a zrcadlem 38&#215;58 s osv\u011btlen\u00edm je k dispozici ve \u010dty\u0159ech barevn\u00fdch variant\u00e1ch \u2013 v barv\u011b b\u00edl\u00e9 nebo \u0161ed\u00e9, p\u0159i\u010dem\u017e \u010deln\u00ed dv\u00ed\u0159ka jsou ve vysok\u00e9m lesku, [&hellip;]","og_url":"https:\/\/www.oknobuild.com\/index.php\/produkt\/petit-bila-skrin-s-umyv-40x23-se-zrcadlem-38x58-a-osvetlenim-doprava-zdarma-17177\/","og_image":[{"width":1000,"height":750,"url":"https:\/\/www.oknobuild.com\/wp-content\/uploads\/2026\/SK0017430-CZ20260425-093351-0-1777080838-1032012_h45j514175999-png.webp","type":"image\/webp"}],"twitter_card":"summary_large_image","schema":{"@context":"https:\/\/schema.org","@graph":[{"@type":"WebPage","@id":"https:\/\/www.oknobuild.com\/index.php\/produkt\/petit-bila-skrin-s-umyv-40x23-se-zrcadlem-38x58-a-osvetlenim-doprava-zdarma-17177\/","url":"https:\/\/www.oknobuild.com\/index.php\/produkt\/petit-bila-skrin-s-umyv-40x23-se-zrcadlem-38x58-a-osvetlenim-doprava-zdarma-17177\/","name":"PETIT b\u00edl\u00e1 sk\u0159\u00ed\u0148 s umyv.40x23 se zrcadlem 38x58 a osv\u011btlen\u00edm Doprava Zdarma -","isPartOf":{"@id":"https:\/\/www.oknobuild.com\/#website"},"primaryImageOfPage":{"@id":"https:\/\/www.oknobuild.com\/index.php\/produkt\/petit-bila-skrin-s-umyv-40x23-se-zrcadlem-38x58-a-osvetlenim-doprava-zdarma-17177\/#primaryimage"},"image":{"@id":"https:\/\/www.oknobuild.com\/index.php\/produkt\/petit-bila-skrin-s-umyv-40x23-se-zrcadlem-38x58-a-osvetlenim-doprava-zdarma-17177\/#primaryimage"},"thumbnailUrl":"https:\/\/www.oknobuild.com\/wp-content\/uploads\/2026\/SK0017430-CZ20260425-093351-0-1777080838-1032012_h45j514175999-png.webp","datePublished":"2026-04-27T04:41:15+00:00","breadcrumb":{"@id":"https:\/\/www.oknobuild.com\/index.php\/produkt\/petit-bila-skrin-s-umyv-40x23-se-zrcadlem-38x58-a-osvetlenim-doprava-zdarma-17177\/#breadcrumb"},"inLanguage":"cs","potentialAction":[{"@type":"ReadAction","target":["https:\/\/www.oknobuild.com\/index.php\/produkt\/petit-bila-skrin-s-umyv-40x23-se-zrcadlem-38x58-a-osvetlenim-doprava-zdarma-17177\/"]}]},{"@type":"ImageObject","inLanguage":"cs","@id":"https:\/\/www.oknobuild.com\/index.php\/produkt\/petit-bila-skrin-s-umyv-40x23-se-zrcadlem-38x58-a-osvetlenim-doprava-zdarma-17177\/#primaryimage","url":"https:\/\/www.oknobuild.com\/wp-content\/uploads\/2026\/SK0017430-CZ20260425-093351-0-1777080838-1032012_h45j514175999-png.webp","contentUrl":"https:\/\/www.oknobuild.com\/wp-content\/uploads\/2026\/SK0017430-CZ20260425-093351-0-1777080838-1032012_h45j514175999-png.webp","width":1000,"height":750},{"@type":"BreadcrumbList","@id":"https:\/\/www.oknobuild.com\/index.php\/produkt\/petit-bila-skrin-s-umyv-40x23-se-zrcadlem-38x58-a-osvetlenim-doprava-zdarma-17177\/#breadcrumb","itemListElement":[{"@type":"ListItem","position":1,"name":"Home","item":"https:\/\/www.oknobuild.com\/"},{"@type":"ListItem","position":2,"name":"Products","item":"https:\/\/www.oknobuild.com\/index.php\/products\/"},{"@type":"ListItem","position":3,"name":"PETIT b\u00edl\u00e1 sk\u0159\u00ed\u0148 s umyv.40&#215;23 se zrcadlem 38&#215;58 a osv\u011btlen\u00edm Doprava Zdarma"}]},{"@type":"WebSite","@id":"https:\/\/www.oknobuild.com\/#website","url":"https:\/\/www.oknobuild.com\/","name":"","description":"","potentialAction":[{"@type":"SearchAction","target":{"@type":"EntryPoint","urlTemplate":"https:\/\/www.oknobuild.com\/?s={search_term_string}"},"query-input":{"@type":"PropertyValueSpecification","valueRequired":true,"valueName":"search_term_string"}}],"inLanguage":"cs"}]}},"_links":{"self":[{"href":"https:\/\/www.oknobuild.com\/index.php\/wp-json\/wp\/v2\/product\/17177","targetHints":{"allow":["GET"]}}],"collection":[{"href":"https:\/\/www.oknobuild.com\/index.php\/wp-json\/wp\/v2\/product"}],"about":[{"href":"https:\/\/www.oknobuild.com\/index.php\/wp-json\/wp\/v2\/types\/product"}],"replies":[{"embeddable":true,"href":"https:\/\/www.oknobuild.com\/index.php\/wp-json\/wp\/v2\/comments?post=17177"}],"wp:featuredmedia":[{"embeddable":true,"href":"https:\/\/www.oknobuild.com\/index.php\/wp-json\/wp\/v2\/media\/17277"}],"wp:attachment":[{"href":"https:\/\/www.oknobuild.com\/index.php\/wp-json\/wp\/v2\/media?parent=17177"}],"wp:term":[{"taxonomy":"product_brand","embeddable":true,"href":"https:\/\/www.oknobuild.com\/index.php\/wp-json\/wp\/v2\/product_brand?post=17177"},{"taxonomy":"product_cat","embeddable":true,"href":"https:\/\/www.oknobuild.com\/index.php\/wp-json\/wp\/v2\/product_cat?post=17177"},{"taxonomy":"product_tag","embeddable":true,"href":"https:\/\/www.oknobuild.com\/index.php\/wp-json\/wp\/v2\/product_tag?post=17177"}],"curies":[{"name":"wp","href":"https:\/\/api.w.org\/{rel}","templated":true}]}}