{"id":17180,"date":"2026-04-27T04:41:15","date_gmt":"2026-04-27T04:41:15","guid":{"rendered":""},"modified":"2026-04-27T04:41:15","modified_gmt":"2026-04-27T04:41:15","slug":"perlator-sporic-prodllouzeny-bilo-chrom-s-prepinacem-2-polohovy-sv3920-wc-koupit-online-17180","status":"publish","type":"product","link":"https:\/\/www.oknobuild.com\/index.php\/produkt\/perlator-sporic-prodllouzeny-bilo-chrom-s-prepinacem-2-polohovy-sv3920-wc-koupit-online-17180\/","title":{"rendered":"Perl\u00e1tor spo\u0159i\u010d prodllou\u017een\u00fd b\u00edlo chrom s p\u0159ep\u00edna\u010dem 2-polohov\u00fd SV3920-WC Koupit Online"},"content":{"rendered":"<div class=\"basic-description\">\n<h3>Detailn\u00ed popis produktu<\/h3>\n<p>                                    Perl\u00e1tor spo\u0159i\u010d prodllou\u017een\u00fd b\u00edlo\/chrom s p\u0159ep\u00edna\u010dem 2-polohov\u00fd<\/p>\n<p>sou\u010d\u00e1st\u00ed dod\u00e1vky je plastov\u00e1 redukce, vnit\u0159n\u00ed z\u00e1vit M24x1\/vn\u011bj\u0161\u00ed M22x1 + t\u011bsn\u011bn\u00ed<\/p>\n<p>&#8211; je p\u0159izp\u016fsobiv\u00fd v\u011bt\u0161in\u011b typ\u016f vodovodn\u00edch bateri\u00ed<\/p>\n<p>materi\u00e1lplast<\/p>\n<p>pr\u016ftok p\u0159i tlaku 3 bary &#8211; sprchov\u00fd re\u017eim12,54 l\/min<\/p>\n<p>pr\u016ftok p\u0159i tlaku 3 bary &#8211; bublinkov\u00fd re\u017eim 12,78 l\/min                            <\/p><\/div>\n","protected":false},"excerpt":{"rendered":"<p>Detailn\u00ed popis produktu Perl\u00e1tor spo\u0159i\u010d prodllou\u017een\u00fd b\u00edlo\/chrom s p\u0159ep\u00edna\u010dem 2-polohov\u00fd sou\u010d\u00e1st\u00ed dod\u00e1vky je plastov\u00e1 redukce, vnit\u0159n\u00ed z\u00e1vit M24x1\/vn\u011bj\u0161\u00ed M22x1 + t\u011bsn\u011bn\u00ed &#8211; je p\u0159izp\u016fsobiv\u00fd v\u011bt\u0161in\u011b typ\u016f vodovodn\u00edch bateri\u00ed materi\u00e1lplast pr\u016ftok p\u0159i tlaku 3 bary &#8211; sprchov\u00fd re\u017eim12,54 l\/min pr\u016ftok p\u0159i tlaku 3 bary &#8211; bublinkov\u00fd re\u017eim 12,78 l\/min<\/p>\n","protected":false},"featured_media":17280,"comment_status":"open","ping_status":"open","template":"","meta":[],"product_brand":[],"product_cat":[72],"product_tag":[],"class_list":{"0":"post-17180","1":"product","2":"type-product","3":"status-publish","4":"has-post-thumbnail","6":"product_cat-koupelny-a-sanitarni-technika","8":"first","9":"instock","10":"sale","11":"shipping-taxable","12":"purchasable","13":"product-type-simple"},"yoast_head":"<!-- This site is optimized with the Yoast SEO plugin v26.8 - https:\/\/yoast.com\/product\/yoast-seo-wordpress\/ -->\n<title>Perl\u00e1tor spo\u0159i\u010d prodllou\u017een\u00fd b\u00edlo chrom s p\u0159ep\u00edna\u010dem 2-polohov\u00fd SV3920-WC Koupit Online -<\/title>\n<meta name=\"robots\" content=\"index, follow, max-snippet:-1, max-image-preview:large, max-video-preview:-1\" \/>\n<link rel=\"canonical\" href=\"https:\/\/www.oknobuild.com\/index.php\/produkt\/perlator-sporic-prodllouzeny-bilo-chrom-s-prepinacem-2-polohovy-sv3920-wc-koupit-online-17180\/\" \/>\n<meta property=\"og:locale\" content=\"cs_CZ\" \/>\n<meta property=\"og:type\" content=\"article\" \/>\n<meta property=\"og:title\" content=\"Perl\u00e1tor spo\u0159i\u010d prodllou\u017een\u00fd b\u00edlo chrom s p\u0159ep\u00edna\u010dem 2-polohov\u00fd SV3920-WC Koupit Online -\" \/>\n<meta property=\"og:description\" content=\"Detailn\u00ed popis produktu Perl\u00e1tor spo\u0159i\u010d prodllou\u017een\u00fd b\u00edlo\/chrom s p\u0159ep\u00edna\u010dem 2-polohov\u00fd sou\u010d\u00e1st\u00ed dod\u00e1vky je plastov\u00e1 redukce, vnit\u0159n\u00ed z\u00e1vit M24x1\/vn\u011bj\u0161\u00ed M22x1 + t\u011bsn\u011bn\u00ed &#8211; je p\u0159izp\u016fsobiv\u00fd v\u011bt\u0161in\u011b typ\u016f vodovodn\u00edch bateri\u00ed materi\u00e1lplast pr\u016ftok p\u0159i tlaku 3 bary &#8211; sprchov\u00fd re\u017eim12,54 l\/min pr\u016ftok p\u0159i tlaku 3 bary &#8211; bublinkov\u00fd re\u017eim 12,78 l\/min\" \/>\n<meta property=\"og:url\" content=\"https:\/\/www.oknobuild.com\/index.php\/produkt\/perlator-sporic-prodllouzeny-bilo-chrom-s-prepinacem-2-polohovy-sv3920-wc-koupit-online-17180\/\" \/>\n<meta property=\"og:image\" content=\"https:\/\/www.oknobuild.com\/wp-content\/uploads\/2026\/SK0017433-CZ20260425-093351-0-1777080838-1029393_89241-jpg.webp\" \/>\n\t<meta property=\"og:image:width\" content=\"1000\" \/>\n\t<meta property=\"og:image:height\" content=\"750\" \/>\n\t<meta property=\"og:image:type\" content=\"image\/webp\" \/>\n<meta name=\"twitter:card\" content=\"summary_large_image\" \/>\n<script type=\"application\/ld+json\" class=\"yoast-schema-graph\">{\"@context\":\"https:\/\/schema.org\",\"@graph\":[{\"@type\":\"WebPage\",\"@id\":\"https:\/\/www.oknobuild.com\/index.php\/produkt\/perlator-sporic-prodllouzeny-bilo-chrom-s-prepinacem-2-polohovy-sv3920-wc-koupit-online-17180\/\",\"url\":\"https:\/\/www.oknobuild.com\/index.php\/produkt\/perlator-sporic-prodllouzeny-bilo-chrom-s-prepinacem-2-polohovy-sv3920-wc-koupit-online-17180\/\",\"name\":\"Perl\u00e1tor spo\u0159i\u010d prodllou\u017een\u00fd b\u00edlo chrom s p\u0159ep\u00edna\u010dem 2-polohov\u00fd SV3920-WC Koupit Online -\",\"isPartOf\":{\"@id\":\"https:\/\/www.oknobuild.com\/#website\"},\"primaryImageOfPage\":{\"@id\":\"https:\/\/www.oknobuild.com\/index.php\/produkt\/perlator-sporic-prodllouzeny-bilo-chrom-s-prepinacem-2-polohovy-sv3920-wc-koupit-online-17180\/#primaryimage\"},\"image\":{\"@id\":\"https:\/\/www.oknobuild.com\/index.php\/produkt\/perlator-sporic-prodllouzeny-bilo-chrom-s-prepinacem-2-polohovy-sv3920-wc-koupit-online-17180\/#primaryimage\"},\"thumbnailUrl\":\"https:\/\/www.oknobuild.com\/wp-content\/uploads\/2026\/SK0017433-CZ20260425-093351-0-1777080838-1029393_89241-jpg.webp\",\"datePublished\":\"2026-04-27T04:41:15+00:00\",\"breadcrumb\":{\"@id\":\"https:\/\/www.oknobuild.com\/index.php\/produkt\/perlator-sporic-prodllouzeny-bilo-chrom-s-prepinacem-2-polohovy-sv3920-wc-koupit-online-17180\/#breadcrumb\"},\"inLanguage\":\"cs\",\"potentialAction\":[{\"@type\":\"ReadAction\",\"target\":[\"https:\/\/www.oknobuild.com\/index.php\/produkt\/perlator-sporic-prodllouzeny-bilo-chrom-s-prepinacem-2-polohovy-sv3920-wc-koupit-online-17180\/\"]}]},{\"@type\":\"ImageObject\",\"inLanguage\":\"cs\",\"@id\":\"https:\/\/www.oknobuild.com\/index.php\/produkt\/perlator-sporic-prodllouzeny-bilo-chrom-s-prepinacem-2-polohovy-sv3920-wc-koupit-online-17180\/#primaryimage\",\"url\":\"https:\/\/www.oknobuild.com\/wp-content\/uploads\/2026\/SK0017433-CZ20260425-093351-0-1777080838-1029393_89241-jpg.webp\",\"contentUrl\":\"https:\/\/www.oknobuild.com\/wp-content\/uploads\/2026\/SK0017433-CZ20260425-093351-0-1777080838-1029393_89241-jpg.webp\",\"width\":1000,\"height\":750},{\"@type\":\"BreadcrumbList\",\"@id\":\"https:\/\/www.oknobuild.com\/index.php\/produkt\/perlator-sporic-prodllouzeny-bilo-chrom-s-prepinacem-2-polohovy-sv3920-wc-koupit-online-17180\/#breadcrumb\",\"itemListElement\":[{\"@type\":\"ListItem\",\"position\":1,\"name\":\"Home\",\"item\":\"https:\/\/www.oknobuild.com\/\"},{\"@type\":\"ListItem\",\"position\":2,\"name\":\"Products\",\"item\":\"https:\/\/www.oknobuild.com\/index.php\/products\/\"},{\"@type\":\"ListItem\",\"position\":3,\"name\":\"Perl\u00e1tor spo\u0159i\u010d prodllou\u017een\u00fd b\u00edlo chrom s p\u0159ep\u00edna\u010dem 2-polohov\u00fd SV3920-WC Koupit Online\"}]},{\"@type\":\"WebSite\",\"@id\":\"https:\/\/www.oknobuild.com\/#website\",\"url\":\"https:\/\/www.oknobuild.com\/\",\"name\":\"\",\"description\":\"\",\"potentialAction\":[{\"@type\":\"SearchAction\",\"target\":{\"@type\":\"EntryPoint\",\"urlTemplate\":\"https:\/\/www.oknobuild.com\/?s={search_term_string}\"},\"query-input\":{\"@type\":\"PropertyValueSpecification\",\"valueRequired\":true,\"valueName\":\"search_term_string\"}}],\"inLanguage\":\"cs\"}]}<\/script>\n<!-- \/ Yoast SEO plugin. -->","yoast_head_json":{"title":"Perl\u00e1tor spo\u0159i\u010d prodllou\u017een\u00fd b\u00edlo chrom s p\u0159ep\u00edna\u010dem 2-polohov\u00fd SV3920-WC Koupit Online -","robots":{"index":"index","follow":"follow","max-snippet":"max-snippet:-1","max-image-preview":"max-image-preview:large","max-video-preview":"max-video-preview:-1"},"canonical":"https:\/\/www.oknobuild.com\/index.php\/produkt\/perlator-sporic-prodllouzeny-bilo-chrom-s-prepinacem-2-polohovy-sv3920-wc-koupit-online-17180\/","og_locale":"cs_CZ","og_type":"article","og_title":"Perl\u00e1tor spo\u0159i\u010d prodllou\u017een\u00fd b\u00edlo chrom s p\u0159ep\u00edna\u010dem 2-polohov\u00fd SV3920-WC Koupit Online -","og_description":"Detailn\u00ed popis produktu Perl\u00e1tor spo\u0159i\u010d prodllou\u017een\u00fd b\u00edlo\/chrom s p\u0159ep\u00edna\u010dem 2-polohov\u00fd sou\u010d\u00e1st\u00ed dod\u00e1vky je plastov\u00e1 redukce, vnit\u0159n\u00ed z\u00e1vit M24x1\/vn\u011bj\u0161\u00ed M22x1 + t\u011bsn\u011bn\u00ed &#8211; je p\u0159izp\u016fsobiv\u00fd v\u011bt\u0161in\u011b typ\u016f vodovodn\u00edch bateri\u00ed materi\u00e1lplast pr\u016ftok p\u0159i tlaku 3 bary &#8211; sprchov\u00fd re\u017eim12,54 l\/min pr\u016ftok p\u0159i tlaku 3 bary &#8211; bublinkov\u00fd re\u017eim 12,78 l\/min","og_url":"https:\/\/www.oknobuild.com\/index.php\/produkt\/perlator-sporic-prodllouzeny-bilo-chrom-s-prepinacem-2-polohovy-sv3920-wc-koupit-online-17180\/","og_image":[{"width":1000,"height":750,"url":"https:\/\/www.oknobuild.com\/wp-content\/uploads\/2026\/SK0017433-CZ20260425-093351-0-1777080838-1029393_89241-jpg.webp","type":"image\/webp"}],"twitter_card":"summary_large_image","schema":{"@context":"https:\/\/schema.org","@graph":[{"@type":"WebPage","@id":"https:\/\/www.oknobuild.com\/index.php\/produkt\/perlator-sporic-prodllouzeny-bilo-chrom-s-prepinacem-2-polohovy-sv3920-wc-koupit-online-17180\/","url":"https:\/\/www.oknobuild.com\/index.php\/produkt\/perlator-sporic-prodllouzeny-bilo-chrom-s-prepinacem-2-polohovy-sv3920-wc-koupit-online-17180\/","name":"Perl\u00e1tor spo\u0159i\u010d prodllou\u017een\u00fd b\u00edlo chrom s p\u0159ep\u00edna\u010dem 2-polohov\u00fd SV3920-WC Koupit Online -","isPartOf":{"@id":"https:\/\/www.oknobuild.com\/#website"},"primaryImageOfPage":{"@id":"https:\/\/www.oknobuild.com\/index.php\/produkt\/perlator-sporic-prodllouzeny-bilo-chrom-s-prepinacem-2-polohovy-sv3920-wc-koupit-online-17180\/#primaryimage"},"image":{"@id":"https:\/\/www.oknobuild.com\/index.php\/produkt\/perlator-sporic-prodllouzeny-bilo-chrom-s-prepinacem-2-polohovy-sv3920-wc-koupit-online-17180\/#primaryimage"},"thumbnailUrl":"https:\/\/www.oknobuild.com\/wp-content\/uploads\/2026\/SK0017433-CZ20260425-093351-0-1777080838-1029393_89241-jpg.webp","datePublished":"2026-04-27T04:41:15+00:00","breadcrumb":{"@id":"https:\/\/www.oknobuild.com\/index.php\/produkt\/perlator-sporic-prodllouzeny-bilo-chrom-s-prepinacem-2-polohovy-sv3920-wc-koupit-online-17180\/#breadcrumb"},"inLanguage":"cs","potentialAction":[{"@type":"ReadAction","target":["https:\/\/www.oknobuild.com\/index.php\/produkt\/perlator-sporic-prodllouzeny-bilo-chrom-s-prepinacem-2-polohovy-sv3920-wc-koupit-online-17180\/"]}]},{"@type":"ImageObject","inLanguage":"cs","@id":"https:\/\/www.oknobuild.com\/index.php\/produkt\/perlator-sporic-prodllouzeny-bilo-chrom-s-prepinacem-2-polohovy-sv3920-wc-koupit-online-17180\/#primaryimage","url":"https:\/\/www.oknobuild.com\/wp-content\/uploads\/2026\/SK0017433-CZ20260425-093351-0-1777080838-1029393_89241-jpg.webp","contentUrl":"https:\/\/www.oknobuild.com\/wp-content\/uploads\/2026\/SK0017433-CZ20260425-093351-0-1777080838-1029393_89241-jpg.webp","width":1000,"height":750},{"@type":"BreadcrumbList","@id":"https:\/\/www.oknobuild.com\/index.php\/produkt\/perlator-sporic-prodllouzeny-bilo-chrom-s-prepinacem-2-polohovy-sv3920-wc-koupit-online-17180\/#breadcrumb","itemListElement":[{"@type":"ListItem","position":1,"name":"Home","item":"https:\/\/www.oknobuild.com\/"},{"@type":"ListItem","position":2,"name":"Products","item":"https:\/\/www.oknobuild.com\/index.php\/products\/"},{"@type":"ListItem","position":3,"name":"Perl\u00e1tor spo\u0159i\u010d prodllou\u017een\u00fd b\u00edlo chrom s p\u0159ep\u00edna\u010dem 2-polohov\u00fd SV3920-WC Koupit Online"}]},{"@type":"WebSite","@id":"https:\/\/www.oknobuild.com\/#website","url":"https:\/\/www.oknobuild.com\/","name":"","description":"","potentialAction":[{"@type":"SearchAction","target":{"@type":"EntryPoint","urlTemplate":"https:\/\/www.oknobuild.com\/?s={search_term_string}"},"query-input":{"@type":"PropertyValueSpecification","valueRequired":true,"valueName":"search_term_string"}}],"inLanguage":"cs"}]}},"_links":{"self":[{"href":"https:\/\/www.oknobuild.com\/index.php\/wp-json\/wp\/v2\/product\/17180","targetHints":{"allow":["GET"]}}],"collection":[{"href":"https:\/\/www.oknobuild.com\/index.php\/wp-json\/wp\/v2\/product"}],"about":[{"href":"https:\/\/www.oknobuild.com\/index.php\/wp-json\/wp\/v2\/types\/product"}],"replies":[{"embeddable":true,"href":"https:\/\/www.oknobuild.com\/index.php\/wp-json\/wp\/v2\/comments?post=17180"}],"wp:featuredmedia":[{"embeddable":true,"href":"https:\/\/www.oknobuild.com\/index.php\/wp-json\/wp\/v2\/media\/17280"}],"wp:attachment":[{"href":"https:\/\/www.oknobuild.com\/index.php\/wp-json\/wp\/v2\/media?parent=17180"}],"wp:term":[{"taxonomy":"product_brand","embeddable":true,"href":"https:\/\/www.oknobuild.com\/index.php\/wp-json\/wp\/v2\/product_brand?post=17180"},{"taxonomy":"product_cat","embeddable":true,"href":"https:\/\/www.oknobuild.com\/index.php\/wp-json\/wp\/v2\/product_cat?post=17180"},{"taxonomy":"product_tag","embeddable":true,"href":"https:\/\/www.oknobuild.com\/index.php\/wp-json\/wp\/v2\/product_tag?post=17180"}],"curies":[{"name":"wp","href":"https:\/\/api.w.org\/{rel}","templated":true}]}}