{"id":17348,"date":"2026-04-27T04:41:16","date_gmt":"2026-04-27T04:41:16","guid":{"rendered":""},"modified":"2026-04-27T04:41:16","modified_gmt":"2026-04-27T04:41:16","slug":"akcni-cena-nahradni-dil-hansgrohe-chrom-perlator-m28-x-1-bez-omezovace-prutoku-pro-vanovy-vytok-a-vanovou-baterii-hg-13485000-17348","status":"publish","type":"product","link":"https:\/\/www.oknobuild.com\/produkt\/akcni-cena-nahradni-dil-hansgrohe-chrom-perlator-m28-x-1-bez-omezovace-prutoku-pro-vanovy-vytok-a-vanovou-baterii-hg-13485000-17348\/","title":{"rendered":"Ak\u010dn\u00ed Cena N\u00e1hradn\u00ed d\u00edl Hansgrohe &#8211;  CHROM perl\u00e1tor m28 x 1 bez omezova\u010de pr\u016ftoku pro vanov\u00fd v\u00fdtok a vanovou baterii HG 13485000"},"content":{"rendered":"<div class=\"basic-description\">\n<h3>Detailn\u00ed popis produktu<\/h3>\n<p>                                    Hansgrohe chrom perl\u00e1tor m28 x 1 bez omezova\u010de pr\u016ftoku pro vanov\u00fd v\u00fdtok a vanovou baterii 13485000<br \/>    \u2022  velikost z\u00e1vitu: M28x1<br \/>    \u2022  pou\u017eit\u00ed: koupelnov\u00e9 baterie                            <\/div>\n","protected":false},"excerpt":{"rendered":"<p>Detailn\u00ed popis produktu Hansgrohe chrom perl\u00e1tor m28 x 1 bez omezova\u010de pr\u016ftoku pro vanov\u00fd v\u00fdtok a vanovou baterii 13485000 \u2022 velikost z\u00e1vitu: M28x1 \u2022 pou\u017eit\u00ed: koupelnov\u00e9 baterie<\/p>\n","protected":false},"featured_media":17448,"template":"","meta":[],"product_brand":[],"product_cat":[72],"product_tag":[],"class_list":{"0":"post-17348","1":"product","2":"type-product","3":"status-publish","4":"has-post-thumbnail","6":"product_cat-koupelny-a-sanitarni-technika","8":"first","9":"instock","10":"sale","11":"shipping-taxable","12":"purchasable","13":"product-type-simple"},"yoast_head":"<!-- This site is optimized with the Yoast SEO plugin v26.8 - https:\/\/yoast.com\/product\/yoast-seo-wordpress\/ -->\n<title>Ak\u010dn\u00ed Cena N\u00e1hradn\u00ed d\u00edl Hansgrohe - CHROM perl\u00e1tor m28 x 1 bez omezova\u010de pr\u016ftoku pro vanov\u00fd v\u00fdtok a vanovou baterii HG 13485000 - Stavebn\u00ed materi\u00e1ly a vybaven\u00ed dom\u00e1cnosti<\/title>\n<meta name=\"robots\" content=\"index, follow, max-snippet:-1, max-image-preview:large, max-video-preview:-1\" \/>\n<link rel=\"canonical\" href=\"https:\/\/www.oknobuild.com\/index.php\/produkt\/akcni-cena-nahradni-dil-hansgrohe-chrom-perlator-m28-x-1-bez-omezovace-prutoku-pro-vanovy-vytok-a-vanovou-baterii-hg-13485000-17348\/\" \/>\n<meta property=\"og:locale\" content=\"cs_CZ\" \/>\n<meta property=\"og:type\" content=\"article\" \/>\n<meta property=\"og:title\" content=\"Ak\u010dn\u00ed Cena N\u00e1hradn\u00ed d\u00edl Hansgrohe - CHROM perl\u00e1tor m28 x 1 bez omezova\u010de pr\u016ftoku pro vanov\u00fd v\u00fdtok a vanovou baterii HG 13485000 - Stavebn\u00ed materi\u00e1ly a vybaven\u00ed dom\u00e1cnosti\" \/>\n<meta property=\"og:description\" content=\"Detailn\u00ed popis produktu Hansgrohe chrom perl\u00e1tor m28 x 1 bez omezova\u010de pr\u016ftoku pro vanov\u00fd v\u00fdtok a vanovou baterii 13485000 \u2022 velikost z\u00e1vitu: M28x1 \u2022 pou\u017eit\u00ed: koupelnov\u00e9 baterie\" \/>\n<meta property=\"og:url\" content=\"https:\/\/www.oknobuild.com\/index.php\/produkt\/akcni-cena-nahradni-dil-hansgrohe-chrom-perlator-m28-x-1-bez-omezovace-prutoku-pro-vanovy-vytok-a-vanovou-baterii-hg-13485000-17348\/\" \/>\n<meta property=\"og:site_name\" content=\"Stavebn\u00ed materi\u00e1ly a vybaven\u00ed dom\u00e1cnosti\" \/>\n<meta property=\"og:image\" content=\"https:\/\/www.oknobuild.com\/wp-content\/uploads\/2026\/SK0017501-CZ20260425-093351-0-1777080838-1017525_17hpb01014_-jpg.webp\" \/>\n\t<meta property=\"og:image:width\" content=\"1000\" \/>\n\t<meta property=\"og:image:height\" content=\"750\" \/>\n\t<meta property=\"og:image:type\" content=\"image\/webp\" \/>\n<meta name=\"twitter:card\" content=\"summary_large_image\" \/>\n<script type=\"application\/ld+json\" class=\"yoast-schema-graph\">{\"@context\":\"https:\/\/schema.org\",\"@graph\":[{\"@type\":\"WebPage\",\"@id\":\"https:\/\/www.oknobuild.com\/index.php\/produkt\/akcni-cena-nahradni-dil-hansgrohe-chrom-perlator-m28-x-1-bez-omezovace-prutoku-pro-vanovy-vytok-a-vanovou-baterii-hg-13485000-17348\/\",\"url\":\"https:\/\/www.oknobuild.com\/index.php\/produkt\/akcni-cena-nahradni-dil-hansgrohe-chrom-perlator-m28-x-1-bez-omezovace-prutoku-pro-vanovy-vytok-a-vanovou-baterii-hg-13485000-17348\/\",\"name\":\"Ak\u010dn\u00ed Cena N\u00e1hradn\u00ed d\u00edl Hansgrohe - CHROM perl\u00e1tor m28 x 1 bez omezova\u010de pr\u016ftoku pro vanov\u00fd v\u00fdtok a vanovou baterii HG 13485000 - Stavebn\u00ed materi\u00e1ly a vybaven\u00ed dom\u00e1cnosti\",\"isPartOf\":{\"@id\":\"https:\/\/www.oknobuild.com\/#website\"},\"primaryImageOfPage\":{\"@id\":\"https:\/\/www.oknobuild.com\/index.php\/produkt\/akcni-cena-nahradni-dil-hansgrohe-chrom-perlator-m28-x-1-bez-omezovace-prutoku-pro-vanovy-vytok-a-vanovou-baterii-hg-13485000-17348\/#primaryimage\"},\"image\":{\"@id\":\"https:\/\/www.oknobuild.com\/index.php\/produkt\/akcni-cena-nahradni-dil-hansgrohe-chrom-perlator-m28-x-1-bez-omezovace-prutoku-pro-vanovy-vytok-a-vanovou-baterii-hg-13485000-17348\/#primaryimage\"},\"thumbnailUrl\":\"https:\/\/www.oknobuild.com\/wp-content\/uploads\/2026\/SK0017501-CZ20260425-093351-0-1777080838-1017525_17hpb01014_-jpg.webp\",\"datePublished\":\"2026-04-27T04:41:16+00:00\",\"breadcrumb\":{\"@id\":\"https:\/\/www.oknobuild.com\/index.php\/produkt\/akcni-cena-nahradni-dil-hansgrohe-chrom-perlator-m28-x-1-bez-omezovace-prutoku-pro-vanovy-vytok-a-vanovou-baterii-hg-13485000-17348\/#breadcrumb\"},\"inLanguage\":\"cs\",\"potentialAction\":[{\"@type\":\"ReadAction\",\"target\":[\"https:\/\/www.oknobuild.com\/index.php\/produkt\/akcni-cena-nahradni-dil-hansgrohe-chrom-perlator-m28-x-1-bez-omezovace-prutoku-pro-vanovy-vytok-a-vanovou-baterii-hg-13485000-17348\/\"]}]},{\"@type\":\"ImageObject\",\"inLanguage\":\"cs\",\"@id\":\"https:\/\/www.oknobuild.com\/index.php\/produkt\/akcni-cena-nahradni-dil-hansgrohe-chrom-perlator-m28-x-1-bez-omezovace-prutoku-pro-vanovy-vytok-a-vanovou-baterii-hg-13485000-17348\/#primaryimage\",\"url\":\"https:\/\/www.oknobuild.com\/wp-content\/uploads\/2026\/SK0017501-CZ20260425-093351-0-1777080838-1017525_17hpb01014_-jpg.webp\",\"contentUrl\":\"https:\/\/www.oknobuild.com\/wp-content\/uploads\/2026\/SK0017501-CZ20260425-093351-0-1777080838-1017525_17hpb01014_-jpg.webp\",\"width\":1000,\"height\":750},{\"@type\":\"BreadcrumbList\",\"@id\":\"https:\/\/www.oknobuild.com\/index.php\/produkt\/akcni-cena-nahradni-dil-hansgrohe-chrom-perlator-m28-x-1-bez-omezovace-prutoku-pro-vanovy-vytok-a-vanovou-baterii-hg-13485000-17348\/#breadcrumb\",\"itemListElement\":[{\"@type\":\"ListItem\",\"position\":1,\"name\":\"Home\",\"item\":\"https:\/\/www.oknobuild.com\/\"},{\"@type\":\"ListItem\",\"position\":2,\"name\":\"Products\",\"item\":\"https:\/\/www.oknobuild.com\/products\/\"},{\"@type\":\"ListItem\",\"position\":3,\"name\":\"Ak\u010dn\u00ed Cena N\u00e1hradn\u00ed d\u00edl Hansgrohe &#8211; CHROM perl\u00e1tor m28 x 1 bez omezova\u010de pr\u016ftoku pro vanov\u00fd v\u00fdtok a vanovou baterii HG 13485000\"}]},{\"@type\":\"WebSite\",\"@id\":\"https:\/\/www.oknobuild.com\/#website\",\"url\":\"https:\/\/www.oknobuild.com\/\",\"name\":\"Stavebn\u00ed materi\u00e1ly a vybaven\u00ed dom\u00e1cnosti\",\"description\":\"Stavebn\u00ed materi\u00e1ly a vybaven\u00ed dom\u00e1cnosti\",\"publisher\":{\"@id\":\"https:\/\/www.oknobuild.com\/#organization\"},\"potentialAction\":[{\"@type\":\"SearchAction\",\"target\":{\"@type\":\"EntryPoint\",\"urlTemplate\":\"https:\/\/www.oknobuild.com\/?s={search_term_string}\"},\"query-input\":{\"@type\":\"PropertyValueSpecification\",\"valueRequired\":true,\"valueName\":\"search_term_string\"}}],\"inLanguage\":\"cs\"},{\"@type\":\"Organization\",\"@id\":\"https:\/\/www.oknobuild.com\/#organization\",\"name\":\"Stavebn\u00ed materi\u00e1ly a vybaven\u00ed dom\u00e1cnosti\",\"url\":\"https:\/\/www.oknobuild.com\/\",\"logo\":{\"@type\":\"ImageObject\",\"inLanguage\":\"cs\",\"@id\":\"https:\/\/www.oknobuild.com\/#\/schema\/logo\/image\/\",\"url\":\"https:\/\/www.oknobuild.com\/wp-content\/uploads\/2026\/04\/oknobuild_logo.svg\",\"contentUrl\":\"https:\/\/www.oknobuild.com\/wp-content\/uploads\/2026\/04\/oknobuild_logo.svg\",\"width\":720,\"height\":180,\"caption\":\"Stavebn\u00ed materi\u00e1ly a vybaven\u00ed dom\u00e1cnosti\"},\"image\":{\"@id\":\"https:\/\/www.oknobuild.com\/#\/schema\/logo\/image\/\"}}]}<\/script>\n<!-- \/ Yoast SEO plugin. -->","yoast_head_json":{"title":"Ak\u010dn\u00ed Cena N\u00e1hradn\u00ed d\u00edl Hansgrohe - CHROM perl\u00e1tor m28 x 1 bez omezova\u010de pr\u016ftoku pro vanov\u00fd v\u00fdtok a vanovou baterii HG 13485000 - Stavebn\u00ed materi\u00e1ly a vybaven\u00ed dom\u00e1cnosti","robots":{"index":"index","follow":"follow","max-snippet":"max-snippet:-1","max-image-preview":"max-image-preview:large","max-video-preview":"max-video-preview:-1"},"canonical":"https:\/\/www.oknobuild.com\/index.php\/produkt\/akcni-cena-nahradni-dil-hansgrohe-chrom-perlator-m28-x-1-bez-omezovace-prutoku-pro-vanovy-vytok-a-vanovou-baterii-hg-13485000-17348\/","og_locale":"cs_CZ","og_type":"article","og_title":"Ak\u010dn\u00ed Cena N\u00e1hradn\u00ed d\u00edl Hansgrohe - CHROM perl\u00e1tor m28 x 1 bez omezova\u010de pr\u016ftoku pro vanov\u00fd v\u00fdtok a vanovou baterii HG 13485000 - Stavebn\u00ed materi\u00e1ly a vybaven\u00ed dom\u00e1cnosti","og_description":"Detailn\u00ed popis produktu Hansgrohe chrom perl\u00e1tor m28 x 1 bez omezova\u010de pr\u016ftoku pro vanov\u00fd v\u00fdtok a vanovou baterii 13485000 \u2022 velikost z\u00e1vitu: M28x1 \u2022 pou\u017eit\u00ed: koupelnov\u00e9 baterie","og_url":"https:\/\/www.oknobuild.com\/index.php\/produkt\/akcni-cena-nahradni-dil-hansgrohe-chrom-perlator-m28-x-1-bez-omezovace-prutoku-pro-vanovy-vytok-a-vanovou-baterii-hg-13485000-17348\/","og_site_name":"Stavebn\u00ed materi\u00e1ly a vybaven\u00ed dom\u00e1cnosti","og_image":[{"width":1000,"height":750,"url":"https:\/\/www.oknobuild.com\/wp-content\/uploads\/2026\/SK0017501-CZ20260425-093351-0-1777080838-1017525_17hpb01014_-jpg.webp","type":"image\/webp"}],"twitter_card":"summary_large_image","schema":{"@context":"https:\/\/schema.org","@graph":[{"@type":"WebPage","@id":"https:\/\/www.oknobuild.com\/index.php\/produkt\/akcni-cena-nahradni-dil-hansgrohe-chrom-perlator-m28-x-1-bez-omezovace-prutoku-pro-vanovy-vytok-a-vanovou-baterii-hg-13485000-17348\/","url":"https:\/\/www.oknobuild.com\/index.php\/produkt\/akcni-cena-nahradni-dil-hansgrohe-chrom-perlator-m28-x-1-bez-omezovace-prutoku-pro-vanovy-vytok-a-vanovou-baterii-hg-13485000-17348\/","name":"Ak\u010dn\u00ed Cena N\u00e1hradn\u00ed d\u00edl Hansgrohe - CHROM perl\u00e1tor m28 x 1 bez omezova\u010de pr\u016ftoku pro vanov\u00fd v\u00fdtok a vanovou baterii HG 13485000 - Stavebn\u00ed materi\u00e1ly a vybaven\u00ed dom\u00e1cnosti","isPartOf":{"@id":"https:\/\/www.oknobuild.com\/#website"},"primaryImageOfPage":{"@id":"https:\/\/www.oknobuild.com\/index.php\/produkt\/akcni-cena-nahradni-dil-hansgrohe-chrom-perlator-m28-x-1-bez-omezovace-prutoku-pro-vanovy-vytok-a-vanovou-baterii-hg-13485000-17348\/#primaryimage"},"image":{"@id":"https:\/\/www.oknobuild.com\/index.php\/produkt\/akcni-cena-nahradni-dil-hansgrohe-chrom-perlator-m28-x-1-bez-omezovace-prutoku-pro-vanovy-vytok-a-vanovou-baterii-hg-13485000-17348\/#primaryimage"},"thumbnailUrl":"https:\/\/www.oknobuild.com\/wp-content\/uploads\/2026\/SK0017501-CZ20260425-093351-0-1777080838-1017525_17hpb01014_-jpg.webp","datePublished":"2026-04-27T04:41:16+00:00","breadcrumb":{"@id":"https:\/\/www.oknobuild.com\/index.php\/produkt\/akcni-cena-nahradni-dil-hansgrohe-chrom-perlator-m28-x-1-bez-omezovace-prutoku-pro-vanovy-vytok-a-vanovou-baterii-hg-13485000-17348\/#breadcrumb"},"inLanguage":"cs","potentialAction":[{"@type":"ReadAction","target":["https:\/\/www.oknobuild.com\/index.php\/produkt\/akcni-cena-nahradni-dil-hansgrohe-chrom-perlator-m28-x-1-bez-omezovace-prutoku-pro-vanovy-vytok-a-vanovou-baterii-hg-13485000-17348\/"]}]},{"@type":"ImageObject","inLanguage":"cs","@id":"https:\/\/www.oknobuild.com\/index.php\/produkt\/akcni-cena-nahradni-dil-hansgrohe-chrom-perlator-m28-x-1-bez-omezovace-prutoku-pro-vanovy-vytok-a-vanovou-baterii-hg-13485000-17348\/#primaryimage","url":"https:\/\/www.oknobuild.com\/wp-content\/uploads\/2026\/SK0017501-CZ20260425-093351-0-1777080838-1017525_17hpb01014_-jpg.webp","contentUrl":"https:\/\/www.oknobuild.com\/wp-content\/uploads\/2026\/SK0017501-CZ20260425-093351-0-1777080838-1017525_17hpb01014_-jpg.webp","width":1000,"height":750},{"@type":"BreadcrumbList","@id":"https:\/\/www.oknobuild.com\/index.php\/produkt\/akcni-cena-nahradni-dil-hansgrohe-chrom-perlator-m28-x-1-bez-omezovace-prutoku-pro-vanovy-vytok-a-vanovou-baterii-hg-13485000-17348\/#breadcrumb","itemListElement":[{"@type":"ListItem","position":1,"name":"Home","item":"https:\/\/www.oknobuild.com\/"},{"@type":"ListItem","position":2,"name":"Products","item":"https:\/\/www.oknobuild.com\/products\/"},{"@type":"ListItem","position":3,"name":"Ak\u010dn\u00ed Cena N\u00e1hradn\u00ed d\u00edl Hansgrohe &#8211; CHROM perl\u00e1tor m28 x 1 bez omezova\u010de pr\u016ftoku pro vanov\u00fd v\u00fdtok a vanovou baterii HG 13485000"}]},{"@type":"WebSite","@id":"https:\/\/www.oknobuild.com\/#website","url":"https:\/\/www.oknobuild.com\/","name":"Stavebn\u00ed materi\u00e1ly a vybaven\u00ed dom\u00e1cnosti","description":"Stavebn\u00ed materi\u00e1ly a vybaven\u00ed dom\u00e1cnosti","publisher":{"@id":"https:\/\/www.oknobuild.com\/#organization"},"potentialAction":[{"@type":"SearchAction","target":{"@type":"EntryPoint","urlTemplate":"https:\/\/www.oknobuild.com\/?s={search_term_string}"},"query-input":{"@type":"PropertyValueSpecification","valueRequired":true,"valueName":"search_term_string"}}],"inLanguage":"cs"},{"@type":"Organization","@id":"https:\/\/www.oknobuild.com\/#organization","name":"Stavebn\u00ed materi\u00e1ly a vybaven\u00ed dom\u00e1cnosti","url":"https:\/\/www.oknobuild.com\/","logo":{"@type":"ImageObject","inLanguage":"cs","@id":"https:\/\/www.oknobuild.com\/#\/schema\/logo\/image\/","url":"https:\/\/www.oknobuild.com\/wp-content\/uploads\/2026\/04\/oknobuild_logo.svg","contentUrl":"https:\/\/www.oknobuild.com\/wp-content\/uploads\/2026\/04\/oknobuild_logo.svg","width":720,"height":180,"caption":"Stavebn\u00ed materi\u00e1ly a vybaven\u00ed dom\u00e1cnosti"},"image":{"@id":"https:\/\/www.oknobuild.com\/#\/schema\/logo\/image\/"}}]}},"_links":{"self":[{"href":"https:\/\/www.oknobuild.com\/wp-json\/wp\/v2\/product\/17348","targetHints":{"allow":["GET"]}}],"collection":[{"href":"https:\/\/www.oknobuild.com\/wp-json\/wp\/v2\/product"}],"about":[{"href":"https:\/\/www.oknobuild.com\/wp-json\/wp\/v2\/types\/product"}],"wp:featuredmedia":[{"embeddable":true,"href":"https:\/\/www.oknobuild.com\/wp-json\/wp\/v2\/media\/17448"}],"wp:attachment":[{"href":"https:\/\/www.oknobuild.com\/wp-json\/wp\/v2\/media?parent=17348"}],"wp:term":[{"taxonomy":"product_brand","embeddable":true,"href":"https:\/\/www.oknobuild.com\/wp-json\/wp\/v2\/product_brand?post=17348"},{"taxonomy":"product_cat","embeddable":true,"href":"https:\/\/www.oknobuild.com\/wp-json\/wp\/v2\/product_cat?post=17348"},{"taxonomy":"product_tag","embeddable":true,"href":"https:\/\/www.oknobuild.com\/wp-json\/wp\/v2\/product_tag?post=17348"}],"curies":[{"name":"wp","href":"https:\/\/api.w.org\/{rel}","templated":true}]}}