{"id":17580,"date":"2026-04-27T04:41:17","date_gmt":"2026-04-27T04:41:17","guid":{"rendered":""},"modified":"2026-04-27T04:41:17","modified_gmt":"2026-04-27T04:41:17","slug":"akcni-cena-laufen-pro-s-skrin-svetly-dub-pod-umyvadlo-60cm-h4830320954791-17580","status":"publish","type":"product","link":"https:\/\/www.oknobuild.com\/index.php\/produkt\/akcni-cena-laufen-pro-s-skrin-svetly-dub-pod-umyvadlo-60cm-h4830320954791-17580\/","title":{"rendered":"Ak\u010dn\u00ed Cena LAUFEN PRO S sk\u0159\u00ed\u0148 SV\u011aTL\u00dd DUB pod umyvadlo 60cm, H4830320954791"},"content":{"rendered":"<div class=\"basic-description\">\n<h3>Detailn\u00ed popis produktu<\/h3>\n<p>                                    SV\u011aTL\u00dd DUB &#8211; obr\u00e1zek je pouze ilustrativn\u00ed <\/p>\n<p>Sk\u0159\u00ed\u0148ka pod umyvadlo H818959<\/p><\/div>\n","protected":false},"excerpt":{"rendered":"<p>Detailn\u00ed popis produktu SV\u011aTL\u00dd DUB &#8211; obr\u00e1zek je pouze ilustrativn\u00ed Sk\u0159\u00ed\u0148ka pod umyvadlo H818959<\/p>\n","protected":false},"featured_media":17680,"comment_status":"open","ping_status":"open","template":"","meta":[],"product_brand":[],"product_cat":[72],"product_tag":[],"class_list":{"0":"post-17580","1":"product","2":"type-product","3":"status-publish","4":"has-post-thumbnail","6":"product_cat-koupelny-a-sanitarni-technika","8":"first","9":"instock","10":"sale","11":"shipping-taxable","12":"purchasable","13":"product-type-simple"},"yoast_head":"<!-- This site is optimized with the Yoast SEO plugin v26.8 - https:\/\/yoast.com\/product\/yoast-seo-wordpress\/ -->\n<title>Ak\u010dn\u00ed Cena LAUFEN PRO S sk\u0159\u00ed\u0148 SV\u011aTL\u00dd DUB pod umyvadlo 60cm, H4830320954791 -<\/title>\n<meta name=\"robots\" content=\"index, follow, max-snippet:-1, max-image-preview:large, max-video-preview:-1\" \/>\n<link rel=\"canonical\" href=\"https:\/\/www.oknobuild.com\/index.php\/produkt\/akcni-cena-laufen-pro-s-skrin-svetly-dub-pod-umyvadlo-60cm-h4830320954791-17580\/\" \/>\n<meta property=\"og:locale\" content=\"cs_CZ\" \/>\n<meta property=\"og:type\" content=\"article\" \/>\n<meta property=\"og:title\" content=\"Ak\u010dn\u00ed Cena LAUFEN PRO S sk\u0159\u00ed\u0148 SV\u011aTL\u00dd DUB pod umyvadlo 60cm, H4830320954791 -\" \/>\n<meta property=\"og:description\" content=\"Detailn\u00ed popis produktu SV\u011aTL\u00dd DUB &#8211; obr\u00e1zek je pouze ilustrativn\u00ed Sk\u0159\u00ed\u0148ka pod umyvadlo H818959\" \/>\n<meta property=\"og:url\" content=\"https:\/\/www.oknobuild.com\/index.php\/produkt\/akcni-cena-laufen-pro-s-skrin-svetly-dub-pod-umyvadlo-60cm-h4830320954791-17580\/\" \/>\n<meta property=\"og:image\" content=\"https:\/\/www.oknobuild.com\/wp-content\/uploads\/2026\/SK0017647-CZ20260425-093351-0-1777080838-1014657_h4830320954791n-jpg.webp\" \/>\n\t<meta property=\"og:image:width\" content=\"1000\" \/>\n\t<meta property=\"og:image:height\" content=\"750\" \/>\n\t<meta property=\"og:image:type\" content=\"image\/webp\" \/>\n<meta name=\"twitter:card\" content=\"summary_large_image\" \/>\n<script type=\"application\/ld+json\" class=\"yoast-schema-graph\">{\"@context\":\"https:\/\/schema.org\",\"@graph\":[{\"@type\":\"WebPage\",\"@id\":\"https:\/\/www.oknobuild.com\/index.php\/produkt\/akcni-cena-laufen-pro-s-skrin-svetly-dub-pod-umyvadlo-60cm-h4830320954791-17580\/\",\"url\":\"https:\/\/www.oknobuild.com\/index.php\/produkt\/akcni-cena-laufen-pro-s-skrin-svetly-dub-pod-umyvadlo-60cm-h4830320954791-17580\/\",\"name\":\"Ak\u010dn\u00ed Cena LAUFEN PRO S sk\u0159\u00ed\u0148 SV\u011aTL\u00dd DUB pod umyvadlo 60cm, H4830320954791 -\",\"isPartOf\":{\"@id\":\"https:\/\/www.oknobuild.com\/#website\"},\"primaryImageOfPage\":{\"@id\":\"https:\/\/www.oknobuild.com\/index.php\/produkt\/akcni-cena-laufen-pro-s-skrin-svetly-dub-pod-umyvadlo-60cm-h4830320954791-17580\/#primaryimage\"},\"image\":{\"@id\":\"https:\/\/www.oknobuild.com\/index.php\/produkt\/akcni-cena-laufen-pro-s-skrin-svetly-dub-pod-umyvadlo-60cm-h4830320954791-17580\/#primaryimage\"},\"thumbnailUrl\":\"https:\/\/www.oknobuild.com\/wp-content\/uploads\/2026\/SK0017647-CZ20260425-093351-0-1777080838-1014657_h4830320954791n-jpg.webp\",\"datePublished\":\"2026-04-27T04:41:17+00:00\",\"breadcrumb\":{\"@id\":\"https:\/\/www.oknobuild.com\/index.php\/produkt\/akcni-cena-laufen-pro-s-skrin-svetly-dub-pod-umyvadlo-60cm-h4830320954791-17580\/#breadcrumb\"},\"inLanguage\":\"cs\",\"potentialAction\":[{\"@type\":\"ReadAction\",\"target\":[\"https:\/\/www.oknobuild.com\/index.php\/produkt\/akcni-cena-laufen-pro-s-skrin-svetly-dub-pod-umyvadlo-60cm-h4830320954791-17580\/\"]}]},{\"@type\":\"ImageObject\",\"inLanguage\":\"cs\",\"@id\":\"https:\/\/www.oknobuild.com\/index.php\/produkt\/akcni-cena-laufen-pro-s-skrin-svetly-dub-pod-umyvadlo-60cm-h4830320954791-17580\/#primaryimage\",\"url\":\"https:\/\/www.oknobuild.com\/wp-content\/uploads\/2026\/SK0017647-CZ20260425-093351-0-1777080838-1014657_h4830320954791n-jpg.webp\",\"contentUrl\":\"https:\/\/www.oknobuild.com\/wp-content\/uploads\/2026\/SK0017647-CZ20260425-093351-0-1777080838-1014657_h4830320954791n-jpg.webp\",\"width\":1000,\"height\":750},{\"@type\":\"BreadcrumbList\",\"@id\":\"https:\/\/www.oknobuild.com\/index.php\/produkt\/akcni-cena-laufen-pro-s-skrin-svetly-dub-pod-umyvadlo-60cm-h4830320954791-17580\/#breadcrumb\",\"itemListElement\":[{\"@type\":\"ListItem\",\"position\":1,\"name\":\"Home\",\"item\":\"https:\/\/www.oknobuild.com\/\"},{\"@type\":\"ListItem\",\"position\":2,\"name\":\"Products\",\"item\":\"https:\/\/www.oknobuild.com\/index.php\/products\/\"},{\"@type\":\"ListItem\",\"position\":3,\"name\":\"Ak\u010dn\u00ed Cena LAUFEN PRO S sk\u0159\u00ed\u0148 SV\u011aTL\u00dd DUB pod umyvadlo 60cm, H4830320954791\"}]},{\"@type\":\"WebSite\",\"@id\":\"https:\/\/www.oknobuild.com\/#website\",\"url\":\"https:\/\/www.oknobuild.com\/\",\"name\":\"\",\"description\":\"\",\"potentialAction\":[{\"@type\":\"SearchAction\",\"target\":{\"@type\":\"EntryPoint\",\"urlTemplate\":\"https:\/\/www.oknobuild.com\/?s={search_term_string}\"},\"query-input\":{\"@type\":\"PropertyValueSpecification\",\"valueRequired\":true,\"valueName\":\"search_term_string\"}}],\"inLanguage\":\"cs\"}]}<\/script>\n<!-- \/ Yoast SEO plugin. -->","yoast_head_json":{"title":"Ak\u010dn\u00ed Cena LAUFEN PRO S sk\u0159\u00ed\u0148 SV\u011aTL\u00dd DUB pod umyvadlo 60cm, H4830320954791 -","robots":{"index":"index","follow":"follow","max-snippet":"max-snippet:-1","max-image-preview":"max-image-preview:large","max-video-preview":"max-video-preview:-1"},"canonical":"https:\/\/www.oknobuild.com\/index.php\/produkt\/akcni-cena-laufen-pro-s-skrin-svetly-dub-pod-umyvadlo-60cm-h4830320954791-17580\/","og_locale":"cs_CZ","og_type":"article","og_title":"Ak\u010dn\u00ed Cena LAUFEN PRO S sk\u0159\u00ed\u0148 SV\u011aTL\u00dd DUB pod umyvadlo 60cm, H4830320954791 -","og_description":"Detailn\u00ed popis produktu SV\u011aTL\u00dd DUB &#8211; obr\u00e1zek je pouze ilustrativn\u00ed Sk\u0159\u00ed\u0148ka pod umyvadlo H818959","og_url":"https:\/\/www.oknobuild.com\/index.php\/produkt\/akcni-cena-laufen-pro-s-skrin-svetly-dub-pod-umyvadlo-60cm-h4830320954791-17580\/","og_image":[{"width":1000,"height":750,"url":"https:\/\/www.oknobuild.com\/wp-content\/uploads\/2026\/SK0017647-CZ20260425-093351-0-1777080838-1014657_h4830320954791n-jpg.webp","type":"image\/webp"}],"twitter_card":"summary_large_image","schema":{"@context":"https:\/\/schema.org","@graph":[{"@type":"WebPage","@id":"https:\/\/www.oknobuild.com\/index.php\/produkt\/akcni-cena-laufen-pro-s-skrin-svetly-dub-pod-umyvadlo-60cm-h4830320954791-17580\/","url":"https:\/\/www.oknobuild.com\/index.php\/produkt\/akcni-cena-laufen-pro-s-skrin-svetly-dub-pod-umyvadlo-60cm-h4830320954791-17580\/","name":"Ak\u010dn\u00ed Cena LAUFEN PRO S sk\u0159\u00ed\u0148 SV\u011aTL\u00dd DUB pod umyvadlo 60cm, H4830320954791 -","isPartOf":{"@id":"https:\/\/www.oknobuild.com\/#website"},"primaryImageOfPage":{"@id":"https:\/\/www.oknobuild.com\/index.php\/produkt\/akcni-cena-laufen-pro-s-skrin-svetly-dub-pod-umyvadlo-60cm-h4830320954791-17580\/#primaryimage"},"image":{"@id":"https:\/\/www.oknobuild.com\/index.php\/produkt\/akcni-cena-laufen-pro-s-skrin-svetly-dub-pod-umyvadlo-60cm-h4830320954791-17580\/#primaryimage"},"thumbnailUrl":"https:\/\/www.oknobuild.com\/wp-content\/uploads\/2026\/SK0017647-CZ20260425-093351-0-1777080838-1014657_h4830320954791n-jpg.webp","datePublished":"2026-04-27T04:41:17+00:00","breadcrumb":{"@id":"https:\/\/www.oknobuild.com\/index.php\/produkt\/akcni-cena-laufen-pro-s-skrin-svetly-dub-pod-umyvadlo-60cm-h4830320954791-17580\/#breadcrumb"},"inLanguage":"cs","potentialAction":[{"@type":"ReadAction","target":["https:\/\/www.oknobuild.com\/index.php\/produkt\/akcni-cena-laufen-pro-s-skrin-svetly-dub-pod-umyvadlo-60cm-h4830320954791-17580\/"]}]},{"@type":"ImageObject","inLanguage":"cs","@id":"https:\/\/www.oknobuild.com\/index.php\/produkt\/akcni-cena-laufen-pro-s-skrin-svetly-dub-pod-umyvadlo-60cm-h4830320954791-17580\/#primaryimage","url":"https:\/\/www.oknobuild.com\/wp-content\/uploads\/2026\/SK0017647-CZ20260425-093351-0-1777080838-1014657_h4830320954791n-jpg.webp","contentUrl":"https:\/\/www.oknobuild.com\/wp-content\/uploads\/2026\/SK0017647-CZ20260425-093351-0-1777080838-1014657_h4830320954791n-jpg.webp","width":1000,"height":750},{"@type":"BreadcrumbList","@id":"https:\/\/www.oknobuild.com\/index.php\/produkt\/akcni-cena-laufen-pro-s-skrin-svetly-dub-pod-umyvadlo-60cm-h4830320954791-17580\/#breadcrumb","itemListElement":[{"@type":"ListItem","position":1,"name":"Home","item":"https:\/\/www.oknobuild.com\/"},{"@type":"ListItem","position":2,"name":"Products","item":"https:\/\/www.oknobuild.com\/index.php\/products\/"},{"@type":"ListItem","position":3,"name":"Ak\u010dn\u00ed Cena LAUFEN PRO S sk\u0159\u00ed\u0148 SV\u011aTL\u00dd DUB pod umyvadlo 60cm, H4830320954791"}]},{"@type":"WebSite","@id":"https:\/\/www.oknobuild.com\/#website","url":"https:\/\/www.oknobuild.com\/","name":"","description":"","potentialAction":[{"@type":"SearchAction","target":{"@type":"EntryPoint","urlTemplate":"https:\/\/www.oknobuild.com\/?s={search_term_string}"},"query-input":{"@type":"PropertyValueSpecification","valueRequired":true,"valueName":"search_term_string"}}],"inLanguage":"cs"}]}},"_links":{"self":[{"href":"https:\/\/www.oknobuild.com\/index.php\/wp-json\/wp\/v2\/product\/17580","targetHints":{"allow":["GET"]}}],"collection":[{"href":"https:\/\/www.oknobuild.com\/index.php\/wp-json\/wp\/v2\/product"}],"about":[{"href":"https:\/\/www.oknobuild.com\/index.php\/wp-json\/wp\/v2\/types\/product"}],"replies":[{"embeddable":true,"href":"https:\/\/www.oknobuild.com\/index.php\/wp-json\/wp\/v2\/comments?post=17580"}],"wp:featuredmedia":[{"embeddable":true,"href":"https:\/\/www.oknobuild.com\/index.php\/wp-json\/wp\/v2\/media\/17680"}],"wp:attachment":[{"href":"https:\/\/www.oknobuild.com\/index.php\/wp-json\/wp\/v2\/media?parent=17580"}],"wp:term":[{"taxonomy":"product_brand","embeddable":true,"href":"https:\/\/www.oknobuild.com\/index.php\/wp-json\/wp\/v2\/product_brand?post=17580"},{"taxonomy":"product_cat","embeddable":true,"href":"https:\/\/www.oknobuild.com\/index.php\/wp-json\/wp\/v2\/product_cat?post=17580"},{"taxonomy":"product_tag","embeddable":true,"href":"https:\/\/www.oknobuild.com\/index.php\/wp-json\/wp\/v2\/product_tag?post=17580"}],"curies":[{"name":"wp","href":"https:\/\/api.w.org\/{rel}","templated":true}]}}