{"id":17714,"date":"2026-04-27T04:41:17","date_gmt":"2026-04-27T04:41:17","guid":{"rendered":""},"modified":"2026-04-27T04:41:17","modified_gmt":"2026-04-27T04:41:17","slug":"akcni-cena-laufen-cityplus-baterie-umyvadlova-stoj-s-vytokem-103mm-bez-vypusti-prutok-5-7-l-min-3-1175-1-004-110-1-17714","status":"publish","type":"product","link":"https:\/\/www.oknobuild.com\/index.php\/produkt\/akcni-cena-laufen-cityplus-baterie-umyvadlova-stoj-s-vytokem-103mm-bez-vypusti-prutok-5-7-l-min-3-1175-1-004-110-1-17714\/","title":{"rendered":"Ak\u010dn\u00ed Cena Laufen CityPlus baterie Umyvadlov\u00e1 stoj.s v\u00fdtokem 103mm bez v\u00fdpusti, pr\u016ftok 5,7 l\/min 3.1175.1.004.110.1"},"content":{"rendered":"<div class=\"basic-description\">\n<h3>Detailn\u00ed popis produktu<\/h3>\n<p>POUZE AKTU\u00c1LN\u00cd SKLADOV\u00c1 Z\u00c1SOBA !!!<\/p>\n<p>3117510041101<\/p>\n<p>Umyvadlov\u00e1 p\u00e1kov\u00e1 baterie s v\u00fdtokem 115 mm, pr\u016ftok 5,7 l\/min, bez automatick\u00e9 v\u00fdpusti<\/p>\n<p>S\u00e9rie CITYPLUS<\/p>\n<p>SPECIFIKACE<\/p>\n<p>D\u00e9lka ram\u00e9nka (mm): 115<\/p>\n<p>Hladina hluku (dB): Skupina 1 (do 20 dB)<\/p>\n<p>M\u00edsto pou\u017eit\u00ed: Umyvadlo<\/p>\n<p>Pevn\u00e9 ram\u00e9nko Povrchov\u00e1 \u00faprava: Chrom <\/p>\n<p>Pr\u016ftok (l\/min p\u0159i tlaku 3 bar): 5.7 <\/p>\n<p>Typ instalace: Do okraje vany <\/p>\n<p>Typ kartu\u0161e: Keramick\u00e1 <\/p>\n<p>Typ perl\u00e1toru: Coin slot PCA <\/p>\n<p>Um\u00edst\u011bn\u00ed ram\u00e9nka: Uprost\u0159ed <\/p>\n<p>Vlastnosti kartu\u0161e: Omezova\u010d pr\u016ftoku, Omezova\u010d teploty <\/p>\n<p>V\u010detn\u011b p\u0159\u00edvodn\u00edch flexibiln\u00edch hadic Z\u00e1vit vodovodn\u00ed p\u0159\u00edpojky: 3\/8&#8243;<\/p>\n<\/p><\/div>\n","protected":false},"excerpt":{"rendered":"<p>Detailn\u00ed popis produktu POUZE AKTU\u00c1LN\u00cd SKLADOV\u00c1 Z\u00c1SOBA !!! 3117510041101 Umyvadlov\u00e1 p\u00e1kov\u00e1 baterie s v\u00fdtokem 115 mm, pr\u016ftok 5,7 l\/min, bez automatick\u00e9 v\u00fdpusti S\u00e9rie CITYPLUS SPECIFIKACE D\u00e9lka ram\u00e9nka (mm): 115 Hladina hluku (dB): Skupina 1 (do 20 dB) M\u00edsto pou\u017eit\u00ed: Umyvadlo Pevn\u00e9 ram\u00e9nko Povrchov\u00e1 \u00faprava: Chrom Pr\u016ftok (l\/min p\u0159i tlaku 3 bar): 5.7 Typ instalace: Do [&hellip;]<\/p>\n","protected":false},"featured_media":17814,"comment_status":"open","ping_status":"open","template":"","meta":[],"product_brand":[],"product_cat":[72],"product_tag":[],"class_list":{"0":"post-17714","1":"product","2":"type-product","3":"status-publish","4":"has-post-thumbnail","6":"product_cat-koupelny-a-sanitarni-technika","8":"first","9":"instock","10":"sale","11":"shipping-taxable","12":"purchasable","13":"product-type-simple"},"yoast_head":"<!-- This site is optimized with the Yoast SEO plugin v26.8 - https:\/\/yoast.com\/product\/yoast-seo-wordpress\/ -->\n<title>Ak\u010dn\u00ed Cena Laufen CityPlus baterie Umyvadlov\u00e1 stoj.s v\u00fdtokem 103mm bez v\u00fdpusti, pr\u016ftok 5,7 l\/min 3.1175.1.004.110.1 -<\/title>\n<meta name=\"robots\" content=\"index, follow, max-snippet:-1, max-image-preview:large, max-video-preview:-1\" \/>\n<link rel=\"canonical\" href=\"https:\/\/www.oknobuild.com\/index.php\/produkt\/akcni-cena-laufen-cityplus-baterie-umyvadlova-stoj-s-vytokem-103mm-bez-vypusti-prutok-5-7-l-min-3-1175-1-004-110-1-17714\/\" \/>\n<meta property=\"og:locale\" content=\"cs_CZ\" \/>\n<meta property=\"og:type\" content=\"article\" \/>\n<meta property=\"og:title\" content=\"Ak\u010dn\u00ed Cena Laufen CityPlus baterie Umyvadlov\u00e1 stoj.s v\u00fdtokem 103mm bez v\u00fdpusti, pr\u016ftok 5,7 l\/min 3.1175.1.004.110.1 -\" \/>\n<meta property=\"og:description\" content=\"Detailn\u00ed popis produktu POUZE AKTU\u00c1LN\u00cd SKLADOV\u00c1 Z\u00c1SOBA !!! 3117510041101 Umyvadlov\u00e1 p\u00e1kov\u00e1 baterie s v\u00fdtokem 115 mm, pr\u016ftok 5,7 l\/min, bez automatick\u00e9 v\u00fdpusti S\u00e9rie CITYPLUS SPECIFIKACE D\u00e9lka ram\u00e9nka (mm): 115 Hladina hluku (dB): Skupina 1 (do 20 dB) M\u00edsto pou\u017eit\u00ed: Umyvadlo Pevn\u00e9 ram\u00e9nko Povrchov\u00e1 \u00faprava: Chrom Pr\u016ftok (l\/min p\u0159i tlaku 3 bar): 5.7 Typ instalace: Do [&hellip;]\" \/>\n<meta property=\"og:url\" content=\"https:\/\/www.oknobuild.com\/index.php\/produkt\/akcni-cena-laufen-cityplus-baterie-umyvadlova-stoj-s-vytokem-103mm-bez-vypusti-prutok-5-7-l-min-3-1175-1-004-110-1-17714\/\" \/>\n<meta property=\"og:image\" content=\"https:\/\/www.oknobuild.com\/wp-content\/uploads\/2026\/SK0017683-CZ20260425-093351-0-1777080838-1014480_3-1175-1-sch-png.webp\" \/>\n\t<meta property=\"og:image:width\" content=\"1000\" \/>\n\t<meta property=\"og:image:height\" content=\"750\" \/>\n\t<meta property=\"og:image:type\" content=\"image\/webp\" \/>\n<meta name=\"twitter:card\" content=\"summary_large_image\" \/>\n<script type=\"application\/ld+json\" class=\"yoast-schema-graph\">{\"@context\":\"https:\/\/schema.org\",\"@graph\":[{\"@type\":\"WebPage\",\"@id\":\"https:\/\/www.oknobuild.com\/index.php\/produkt\/akcni-cena-laufen-cityplus-baterie-umyvadlova-stoj-s-vytokem-103mm-bez-vypusti-prutok-5-7-l-min-3-1175-1-004-110-1-17714\/\",\"url\":\"https:\/\/www.oknobuild.com\/index.php\/produkt\/akcni-cena-laufen-cityplus-baterie-umyvadlova-stoj-s-vytokem-103mm-bez-vypusti-prutok-5-7-l-min-3-1175-1-004-110-1-17714\/\",\"name\":\"Ak\u010dn\u00ed Cena Laufen CityPlus baterie Umyvadlov\u00e1 stoj.s v\u00fdtokem 103mm bez v\u00fdpusti, pr\u016ftok 5,7 l\/min 3.1175.1.004.110.1 -\",\"isPartOf\":{\"@id\":\"https:\/\/www.oknobuild.com\/#website\"},\"primaryImageOfPage\":{\"@id\":\"https:\/\/www.oknobuild.com\/index.php\/produkt\/akcni-cena-laufen-cityplus-baterie-umyvadlova-stoj-s-vytokem-103mm-bez-vypusti-prutok-5-7-l-min-3-1175-1-004-110-1-17714\/#primaryimage\"},\"image\":{\"@id\":\"https:\/\/www.oknobuild.com\/index.php\/produkt\/akcni-cena-laufen-cityplus-baterie-umyvadlova-stoj-s-vytokem-103mm-bez-vypusti-prutok-5-7-l-min-3-1175-1-004-110-1-17714\/#primaryimage\"},\"thumbnailUrl\":\"https:\/\/www.oknobuild.com\/wp-content\/uploads\/2026\/SK0017683-CZ20260425-093351-0-1777080838-1014480_3-1175-1-sch-png.webp\",\"datePublished\":\"2026-04-27T04:41:17+00:00\",\"breadcrumb\":{\"@id\":\"https:\/\/www.oknobuild.com\/index.php\/produkt\/akcni-cena-laufen-cityplus-baterie-umyvadlova-stoj-s-vytokem-103mm-bez-vypusti-prutok-5-7-l-min-3-1175-1-004-110-1-17714\/#breadcrumb\"},\"inLanguage\":\"cs\",\"potentialAction\":[{\"@type\":\"ReadAction\",\"target\":[\"https:\/\/www.oknobuild.com\/index.php\/produkt\/akcni-cena-laufen-cityplus-baterie-umyvadlova-stoj-s-vytokem-103mm-bez-vypusti-prutok-5-7-l-min-3-1175-1-004-110-1-17714\/\"]}]},{\"@type\":\"ImageObject\",\"inLanguage\":\"cs\",\"@id\":\"https:\/\/www.oknobuild.com\/index.php\/produkt\/akcni-cena-laufen-cityplus-baterie-umyvadlova-stoj-s-vytokem-103mm-bez-vypusti-prutok-5-7-l-min-3-1175-1-004-110-1-17714\/#primaryimage\",\"url\":\"https:\/\/www.oknobuild.com\/wp-content\/uploads\/2026\/SK0017683-CZ20260425-093351-0-1777080838-1014480_3-1175-1-sch-png.webp\",\"contentUrl\":\"https:\/\/www.oknobuild.com\/wp-content\/uploads\/2026\/SK0017683-CZ20260425-093351-0-1777080838-1014480_3-1175-1-sch-png.webp\",\"width\":1000,\"height\":750},{\"@type\":\"BreadcrumbList\",\"@id\":\"https:\/\/www.oknobuild.com\/index.php\/produkt\/akcni-cena-laufen-cityplus-baterie-umyvadlova-stoj-s-vytokem-103mm-bez-vypusti-prutok-5-7-l-min-3-1175-1-004-110-1-17714\/#breadcrumb\",\"itemListElement\":[{\"@type\":\"ListItem\",\"position\":1,\"name\":\"Home\",\"item\":\"https:\/\/www.oknobuild.com\/\"},{\"@type\":\"ListItem\",\"position\":2,\"name\":\"Products\",\"item\":\"https:\/\/www.oknobuild.com\/index.php\/products\/\"},{\"@type\":\"ListItem\",\"position\":3,\"name\":\"Ak\u010dn\u00ed Cena Laufen CityPlus baterie Umyvadlov\u00e1 stoj.s v\u00fdtokem 103mm bez v\u00fdpusti, pr\u016ftok 5,7 l\/min 3.1175.1.004.110.1\"}]},{\"@type\":\"WebSite\",\"@id\":\"https:\/\/www.oknobuild.com\/#website\",\"url\":\"https:\/\/www.oknobuild.com\/\",\"name\":\"\",\"description\":\"\",\"potentialAction\":[{\"@type\":\"SearchAction\",\"target\":{\"@type\":\"EntryPoint\",\"urlTemplate\":\"https:\/\/www.oknobuild.com\/?s={search_term_string}\"},\"query-input\":{\"@type\":\"PropertyValueSpecification\",\"valueRequired\":true,\"valueName\":\"search_term_string\"}}],\"inLanguage\":\"cs\"}]}<\/script>\n<!-- \/ Yoast SEO plugin. -->","yoast_head_json":{"title":"Ak\u010dn\u00ed Cena Laufen CityPlus baterie Umyvadlov\u00e1 stoj.s v\u00fdtokem 103mm bez v\u00fdpusti, pr\u016ftok 5,7 l\/min 3.1175.1.004.110.1 -","robots":{"index":"index","follow":"follow","max-snippet":"max-snippet:-1","max-image-preview":"max-image-preview:large","max-video-preview":"max-video-preview:-1"},"canonical":"https:\/\/www.oknobuild.com\/index.php\/produkt\/akcni-cena-laufen-cityplus-baterie-umyvadlova-stoj-s-vytokem-103mm-bez-vypusti-prutok-5-7-l-min-3-1175-1-004-110-1-17714\/","og_locale":"cs_CZ","og_type":"article","og_title":"Ak\u010dn\u00ed Cena Laufen CityPlus baterie Umyvadlov\u00e1 stoj.s v\u00fdtokem 103mm bez v\u00fdpusti, pr\u016ftok 5,7 l\/min 3.1175.1.004.110.1 -","og_description":"Detailn\u00ed popis produktu POUZE AKTU\u00c1LN\u00cd SKLADOV\u00c1 Z\u00c1SOBA !!! 3117510041101 Umyvadlov\u00e1 p\u00e1kov\u00e1 baterie s v\u00fdtokem 115 mm, pr\u016ftok 5,7 l\/min, bez automatick\u00e9 v\u00fdpusti S\u00e9rie CITYPLUS SPECIFIKACE D\u00e9lka ram\u00e9nka (mm): 115 Hladina hluku (dB): Skupina 1 (do 20 dB) M\u00edsto pou\u017eit\u00ed: Umyvadlo Pevn\u00e9 ram\u00e9nko Povrchov\u00e1 \u00faprava: Chrom Pr\u016ftok (l\/min p\u0159i tlaku 3 bar): 5.7 Typ instalace: Do [&hellip;]","og_url":"https:\/\/www.oknobuild.com\/index.php\/produkt\/akcni-cena-laufen-cityplus-baterie-umyvadlova-stoj-s-vytokem-103mm-bez-vypusti-prutok-5-7-l-min-3-1175-1-004-110-1-17714\/","og_image":[{"width":1000,"height":750,"url":"https:\/\/www.oknobuild.com\/wp-content\/uploads\/2026\/SK0017683-CZ20260425-093351-0-1777080838-1014480_3-1175-1-sch-png.webp","type":"image\/webp"}],"twitter_card":"summary_large_image","schema":{"@context":"https:\/\/schema.org","@graph":[{"@type":"WebPage","@id":"https:\/\/www.oknobuild.com\/index.php\/produkt\/akcni-cena-laufen-cityplus-baterie-umyvadlova-stoj-s-vytokem-103mm-bez-vypusti-prutok-5-7-l-min-3-1175-1-004-110-1-17714\/","url":"https:\/\/www.oknobuild.com\/index.php\/produkt\/akcni-cena-laufen-cityplus-baterie-umyvadlova-stoj-s-vytokem-103mm-bez-vypusti-prutok-5-7-l-min-3-1175-1-004-110-1-17714\/","name":"Ak\u010dn\u00ed Cena Laufen CityPlus baterie Umyvadlov\u00e1 stoj.s v\u00fdtokem 103mm bez v\u00fdpusti, pr\u016ftok 5,7 l\/min 3.1175.1.004.110.1 -","isPartOf":{"@id":"https:\/\/www.oknobuild.com\/#website"},"primaryImageOfPage":{"@id":"https:\/\/www.oknobuild.com\/index.php\/produkt\/akcni-cena-laufen-cityplus-baterie-umyvadlova-stoj-s-vytokem-103mm-bez-vypusti-prutok-5-7-l-min-3-1175-1-004-110-1-17714\/#primaryimage"},"image":{"@id":"https:\/\/www.oknobuild.com\/index.php\/produkt\/akcni-cena-laufen-cityplus-baterie-umyvadlova-stoj-s-vytokem-103mm-bez-vypusti-prutok-5-7-l-min-3-1175-1-004-110-1-17714\/#primaryimage"},"thumbnailUrl":"https:\/\/www.oknobuild.com\/wp-content\/uploads\/2026\/SK0017683-CZ20260425-093351-0-1777080838-1014480_3-1175-1-sch-png.webp","datePublished":"2026-04-27T04:41:17+00:00","breadcrumb":{"@id":"https:\/\/www.oknobuild.com\/index.php\/produkt\/akcni-cena-laufen-cityplus-baterie-umyvadlova-stoj-s-vytokem-103mm-bez-vypusti-prutok-5-7-l-min-3-1175-1-004-110-1-17714\/#breadcrumb"},"inLanguage":"cs","potentialAction":[{"@type":"ReadAction","target":["https:\/\/www.oknobuild.com\/index.php\/produkt\/akcni-cena-laufen-cityplus-baterie-umyvadlova-stoj-s-vytokem-103mm-bez-vypusti-prutok-5-7-l-min-3-1175-1-004-110-1-17714\/"]}]},{"@type":"ImageObject","inLanguage":"cs","@id":"https:\/\/www.oknobuild.com\/index.php\/produkt\/akcni-cena-laufen-cityplus-baterie-umyvadlova-stoj-s-vytokem-103mm-bez-vypusti-prutok-5-7-l-min-3-1175-1-004-110-1-17714\/#primaryimage","url":"https:\/\/www.oknobuild.com\/wp-content\/uploads\/2026\/SK0017683-CZ20260425-093351-0-1777080838-1014480_3-1175-1-sch-png.webp","contentUrl":"https:\/\/www.oknobuild.com\/wp-content\/uploads\/2026\/SK0017683-CZ20260425-093351-0-1777080838-1014480_3-1175-1-sch-png.webp","width":1000,"height":750},{"@type":"BreadcrumbList","@id":"https:\/\/www.oknobuild.com\/index.php\/produkt\/akcni-cena-laufen-cityplus-baterie-umyvadlova-stoj-s-vytokem-103mm-bez-vypusti-prutok-5-7-l-min-3-1175-1-004-110-1-17714\/#breadcrumb","itemListElement":[{"@type":"ListItem","position":1,"name":"Home","item":"https:\/\/www.oknobuild.com\/"},{"@type":"ListItem","position":2,"name":"Products","item":"https:\/\/www.oknobuild.com\/index.php\/products\/"},{"@type":"ListItem","position":3,"name":"Ak\u010dn\u00ed Cena Laufen CityPlus baterie Umyvadlov\u00e1 stoj.s v\u00fdtokem 103mm bez v\u00fdpusti, pr\u016ftok 5,7 l\/min 3.1175.1.004.110.1"}]},{"@type":"WebSite","@id":"https:\/\/www.oknobuild.com\/#website","url":"https:\/\/www.oknobuild.com\/","name":"","description":"","potentialAction":[{"@type":"SearchAction","target":{"@type":"EntryPoint","urlTemplate":"https:\/\/www.oknobuild.com\/?s={search_term_string}"},"query-input":{"@type":"PropertyValueSpecification","valueRequired":true,"valueName":"search_term_string"}}],"inLanguage":"cs"}]}},"_links":{"self":[{"href":"https:\/\/www.oknobuild.com\/index.php\/wp-json\/wp\/v2\/product\/17714","targetHints":{"allow":["GET"]}}],"collection":[{"href":"https:\/\/www.oknobuild.com\/index.php\/wp-json\/wp\/v2\/product"}],"about":[{"href":"https:\/\/www.oknobuild.com\/index.php\/wp-json\/wp\/v2\/types\/product"}],"replies":[{"embeddable":true,"href":"https:\/\/www.oknobuild.com\/index.php\/wp-json\/wp\/v2\/comments?post=17714"}],"wp:featuredmedia":[{"embeddable":true,"href":"https:\/\/www.oknobuild.com\/index.php\/wp-json\/wp\/v2\/media\/17814"}],"wp:attachment":[{"href":"https:\/\/www.oknobuild.com\/index.php\/wp-json\/wp\/v2\/media?parent=17714"}],"wp:term":[{"taxonomy":"product_brand","embeddable":true,"href":"https:\/\/www.oknobuild.com\/index.php\/wp-json\/wp\/v2\/product_brand?post=17714"},{"taxonomy":"product_cat","embeddable":true,"href":"https:\/\/www.oknobuild.com\/index.php\/wp-json\/wp\/v2\/product_cat?post=17714"},{"taxonomy":"product_tag","embeddable":true,"href":"https:\/\/www.oknobuild.com\/index.php\/wp-json\/wp\/v2\/product_tag?post=17714"}],"curies":[{"name":"wp","href":"https:\/\/api.w.org\/{rel}","templated":true}]}}