{"id":17727,"date":"2026-04-27T04:41:17","date_gmt":"2026-04-27T04:41:17","guid":{"rendered":""},"modified":"2026-04-27T04:41:17","modified_gmt":"2026-04-27T04:41:17","slug":"zlevneny-laufen-pro-lccbila-wc-misa-stojici-hluboke-splachovani-h8229524000001-17727","status":"publish","type":"product","link":"https:\/\/www.oknobuild.com\/index.php\/produkt\/zlevneny-laufen-pro-lccbila-wc-misa-stojici-hluboke-splachovani-h8229524000001-17727\/","title":{"rendered":"Zlevn\u011bn\u00fd Laufen PRO LCCb\u00edl\u00e1 WC m\u00edsa stoj\u00edc\u00ed, hlubok\u00e9 splachov\u00e1n\u00ed  H8229524000001"},"content":{"rendered":"<div class=\"basic-description\">\n<h3>Detailn\u00ed popis produktu<\/h3>\n<p>                                    Stoj\u00edc\u00ed klozet, hlubok\u00e9 splachov\u00e1n\u00ed, VARIO odpad, kapotovan\u00fd<\/p>\n<p>Laufen PRO LCCb\u00edl\u00e1 WC m\u00edsa stoj\u00edc\u00ed, hlubok\u00e9 splachov\u00e1n\u00ed  H8229524000001<\/p>\n<p>Designov\u00e9 s\u00e9rie LAUFEN PRO<\/p>\n<p>LCC (Laufen Clean Coat) je speci\u00e1ln\u00ed typ glazury, kter\u00fd br\u00e1n\u00ed zachycov\u00e1n\u00ed vodn\u00edho kamene, ne\u010distot a bakt\u00e9ri\u00ed.<\/p>\n<p>M\u00edrn\u00e1 zne\u010di\u0161t\u011bn\u00ed lze snadno odstranit. Zvy\u0161uje odolnost povrchu proti agresivn\u00edm \u010dist\u00edc\u00edm l\u00e1tk\u00e1m. <\/p>\n<p>LCC vznik\u00e1 vyp\u00e1len\u00edm sklovit\u00e9ho povlaku z k\u0159emi\u010dit\u00e9 keramiky p\u0159es origin\u00e1ln\u00ed glazuru.<\/p>\n<p>Rozm\u011bry<\/p>\n<p>    D\u00e9lka\/\u0161\u00ed\u0159ka: 530 mm<\/p>\n<p>    Hloubka: 360 mm<\/p>\n<p>    V\u00fd\u0161ka: 430 mm<\/p>\n<p>30,3 kg<\/p><\/div>\n","protected":false},"excerpt":{"rendered":"<p>Detailn\u00ed popis produktu Stoj\u00edc\u00ed klozet, hlubok\u00e9 splachov\u00e1n\u00ed, VARIO odpad, kapotovan\u00fd Laufen PRO LCCb\u00edl\u00e1 WC m\u00edsa stoj\u00edc\u00ed, hlubok\u00e9 splachov\u00e1n\u00ed H8229524000001 Designov\u00e9 s\u00e9rie LAUFEN PRO LCC (Laufen Clean Coat) je speci\u00e1ln\u00ed typ glazury, kter\u00fd br\u00e1n\u00ed zachycov\u00e1n\u00ed vodn\u00edho kamene, ne\u010distot a bakt\u00e9ri\u00ed. M\u00edrn\u00e1 zne\u010di\u0161t\u011bn\u00ed lze snadno odstranit. Zvy\u0161uje odolnost povrchu proti agresivn\u00edm \u010dist\u00edc\u00edm l\u00e1tk\u00e1m. LCC vznik\u00e1 vyp\u00e1len\u00edm sklovit\u00e9ho [&hellip;]<\/p>\n","protected":false},"featured_media":17827,"comment_status":"open","ping_status":"open","template":"","meta":[],"product_brand":[],"product_cat":[72],"product_tag":[],"class_list":{"0":"post-17727","1":"product","2":"type-product","3":"status-publish","4":"has-post-thumbnail","6":"product_cat-koupelny-a-sanitarni-technika","8":"first","9":"instock","10":"sale","11":"shipping-taxable","12":"purchasable","13":"product-type-simple"},"yoast_head":"<!-- This site is optimized with the Yoast SEO plugin v26.8 - https:\/\/yoast.com\/product\/yoast-seo-wordpress\/ -->\n<title>Zlevn\u011bn\u00fd Laufen PRO LCCb\u00edl\u00e1 WC m\u00edsa stoj\u00edc\u00ed, hlubok\u00e9 splachov\u00e1n\u00ed H8229524000001 -<\/title>\n<meta name=\"robots\" content=\"index, follow, max-snippet:-1, max-image-preview:large, max-video-preview:-1\" \/>\n<link rel=\"canonical\" href=\"https:\/\/www.oknobuild.com\/index.php\/produkt\/zlevneny-laufen-pro-lccbila-wc-misa-stojici-hluboke-splachovani-h8229524000001-17727\/\" \/>\n<meta property=\"og:locale\" content=\"cs_CZ\" \/>\n<meta property=\"og:type\" content=\"article\" \/>\n<meta property=\"og:title\" content=\"Zlevn\u011bn\u00fd Laufen PRO LCCb\u00edl\u00e1 WC m\u00edsa stoj\u00edc\u00ed, hlubok\u00e9 splachov\u00e1n\u00ed H8229524000001 -\" \/>\n<meta property=\"og:description\" content=\"Detailn\u00ed popis produktu Stoj\u00edc\u00ed klozet, hlubok\u00e9 splachov\u00e1n\u00ed, VARIO odpad, kapotovan\u00fd Laufen PRO LCCb\u00edl\u00e1 WC m\u00edsa stoj\u00edc\u00ed, hlubok\u00e9 splachov\u00e1n\u00ed H8229524000001 Designov\u00e9 s\u00e9rie LAUFEN PRO LCC (Laufen Clean Coat) je speci\u00e1ln\u00ed typ glazury, kter\u00fd br\u00e1n\u00ed zachycov\u00e1n\u00ed vodn\u00edho kamene, ne\u010distot a bakt\u00e9ri\u00ed. M\u00edrn\u00e1 zne\u010di\u0161t\u011bn\u00ed lze snadno odstranit. Zvy\u0161uje odolnost povrchu proti agresivn\u00edm \u010dist\u00edc\u00edm l\u00e1tk\u00e1m. LCC vznik\u00e1 vyp\u00e1len\u00edm sklovit\u00e9ho [&hellip;]\" \/>\n<meta property=\"og:url\" content=\"https:\/\/www.oknobuild.com\/index.php\/produkt\/zlevneny-laufen-pro-lccbila-wc-misa-stojici-hluboke-splachovani-h8229524000001-17727\/\" \/>\n<meta property=\"og:image\" content=\"https:\/\/www.oknobuild.com\/wp-content\/uploads\/2026\/SK0017696-CZ20260425-093351-0-1777080838-1014423_822952sch-png.webp\" \/>\n\t<meta property=\"og:image:width\" content=\"1000\" \/>\n\t<meta property=\"og:image:height\" content=\"750\" \/>\n\t<meta property=\"og:image:type\" content=\"image\/webp\" \/>\n<meta name=\"twitter:card\" content=\"summary_large_image\" \/>\n<meta name=\"twitter:label1\" content=\"Odhadovan\u00e1 doba \u010dten\u00ed\" \/>\n\t<meta name=\"twitter:data1\" content=\"1 minuta\" \/>\n<script type=\"application\/ld+json\" class=\"yoast-schema-graph\">{\"@context\":\"https:\/\/schema.org\",\"@graph\":[{\"@type\":\"WebPage\",\"@id\":\"https:\/\/www.oknobuild.com\/index.php\/produkt\/zlevneny-laufen-pro-lccbila-wc-misa-stojici-hluboke-splachovani-h8229524000001-17727\/\",\"url\":\"https:\/\/www.oknobuild.com\/index.php\/produkt\/zlevneny-laufen-pro-lccbila-wc-misa-stojici-hluboke-splachovani-h8229524000001-17727\/\",\"name\":\"Zlevn\u011bn\u00fd Laufen PRO LCCb\u00edl\u00e1 WC m\u00edsa stoj\u00edc\u00ed, hlubok\u00e9 splachov\u00e1n\u00ed H8229524000001 -\",\"isPartOf\":{\"@id\":\"https:\/\/www.oknobuild.com\/#website\"},\"primaryImageOfPage\":{\"@id\":\"https:\/\/www.oknobuild.com\/index.php\/produkt\/zlevneny-laufen-pro-lccbila-wc-misa-stojici-hluboke-splachovani-h8229524000001-17727\/#primaryimage\"},\"image\":{\"@id\":\"https:\/\/www.oknobuild.com\/index.php\/produkt\/zlevneny-laufen-pro-lccbila-wc-misa-stojici-hluboke-splachovani-h8229524000001-17727\/#primaryimage\"},\"thumbnailUrl\":\"https:\/\/www.oknobuild.com\/wp-content\/uploads\/2026\/SK0017696-CZ20260425-093351-0-1777080838-1014423_822952sch-png.webp\",\"datePublished\":\"2026-04-27T04:41:17+00:00\",\"breadcrumb\":{\"@id\":\"https:\/\/www.oknobuild.com\/index.php\/produkt\/zlevneny-laufen-pro-lccbila-wc-misa-stojici-hluboke-splachovani-h8229524000001-17727\/#breadcrumb\"},\"inLanguage\":\"cs\",\"potentialAction\":[{\"@type\":\"ReadAction\",\"target\":[\"https:\/\/www.oknobuild.com\/index.php\/produkt\/zlevneny-laufen-pro-lccbila-wc-misa-stojici-hluboke-splachovani-h8229524000001-17727\/\"]}]},{\"@type\":\"ImageObject\",\"inLanguage\":\"cs\",\"@id\":\"https:\/\/www.oknobuild.com\/index.php\/produkt\/zlevneny-laufen-pro-lccbila-wc-misa-stojici-hluboke-splachovani-h8229524000001-17727\/#primaryimage\",\"url\":\"https:\/\/www.oknobuild.com\/wp-content\/uploads\/2026\/SK0017696-CZ20260425-093351-0-1777080838-1014423_822952sch-png.webp\",\"contentUrl\":\"https:\/\/www.oknobuild.com\/wp-content\/uploads\/2026\/SK0017696-CZ20260425-093351-0-1777080838-1014423_822952sch-png.webp\",\"width\":1000,\"height\":750},{\"@type\":\"BreadcrumbList\",\"@id\":\"https:\/\/www.oknobuild.com\/index.php\/produkt\/zlevneny-laufen-pro-lccbila-wc-misa-stojici-hluboke-splachovani-h8229524000001-17727\/#breadcrumb\",\"itemListElement\":[{\"@type\":\"ListItem\",\"position\":1,\"name\":\"Home\",\"item\":\"https:\/\/www.oknobuild.com\/\"},{\"@type\":\"ListItem\",\"position\":2,\"name\":\"Products\",\"item\":\"https:\/\/www.oknobuild.com\/index.php\/products\/\"},{\"@type\":\"ListItem\",\"position\":3,\"name\":\"Zlevn\u011bn\u00fd Laufen PRO LCCb\u00edl\u00e1 WC m\u00edsa stoj\u00edc\u00ed, hlubok\u00e9 splachov\u00e1n\u00ed H8229524000001\"}]},{\"@type\":\"WebSite\",\"@id\":\"https:\/\/www.oknobuild.com\/#website\",\"url\":\"https:\/\/www.oknobuild.com\/\",\"name\":\"\",\"description\":\"\",\"potentialAction\":[{\"@type\":\"SearchAction\",\"target\":{\"@type\":\"EntryPoint\",\"urlTemplate\":\"https:\/\/www.oknobuild.com\/?s={search_term_string}\"},\"query-input\":{\"@type\":\"PropertyValueSpecification\",\"valueRequired\":true,\"valueName\":\"search_term_string\"}}],\"inLanguage\":\"cs\"}]}<\/script>\n<!-- \/ Yoast SEO plugin. -->","yoast_head_json":{"title":"Zlevn\u011bn\u00fd Laufen PRO LCCb\u00edl\u00e1 WC m\u00edsa stoj\u00edc\u00ed, hlubok\u00e9 splachov\u00e1n\u00ed H8229524000001 -","robots":{"index":"index","follow":"follow","max-snippet":"max-snippet:-1","max-image-preview":"max-image-preview:large","max-video-preview":"max-video-preview:-1"},"canonical":"https:\/\/www.oknobuild.com\/index.php\/produkt\/zlevneny-laufen-pro-lccbila-wc-misa-stojici-hluboke-splachovani-h8229524000001-17727\/","og_locale":"cs_CZ","og_type":"article","og_title":"Zlevn\u011bn\u00fd Laufen PRO LCCb\u00edl\u00e1 WC m\u00edsa stoj\u00edc\u00ed, hlubok\u00e9 splachov\u00e1n\u00ed H8229524000001 -","og_description":"Detailn\u00ed popis produktu Stoj\u00edc\u00ed klozet, hlubok\u00e9 splachov\u00e1n\u00ed, VARIO odpad, kapotovan\u00fd Laufen PRO LCCb\u00edl\u00e1 WC m\u00edsa stoj\u00edc\u00ed, hlubok\u00e9 splachov\u00e1n\u00ed H8229524000001 Designov\u00e9 s\u00e9rie LAUFEN PRO LCC (Laufen Clean Coat) je speci\u00e1ln\u00ed typ glazury, kter\u00fd br\u00e1n\u00ed zachycov\u00e1n\u00ed vodn\u00edho kamene, ne\u010distot a bakt\u00e9ri\u00ed. M\u00edrn\u00e1 zne\u010di\u0161t\u011bn\u00ed lze snadno odstranit. Zvy\u0161uje odolnost povrchu proti agresivn\u00edm \u010dist\u00edc\u00edm l\u00e1tk\u00e1m. LCC vznik\u00e1 vyp\u00e1len\u00edm sklovit\u00e9ho [&hellip;]","og_url":"https:\/\/www.oknobuild.com\/index.php\/produkt\/zlevneny-laufen-pro-lccbila-wc-misa-stojici-hluboke-splachovani-h8229524000001-17727\/","og_image":[{"width":1000,"height":750,"url":"https:\/\/www.oknobuild.com\/wp-content\/uploads\/2026\/SK0017696-CZ20260425-093351-0-1777080838-1014423_822952sch-png.webp","type":"image\/webp"}],"twitter_card":"summary_large_image","twitter_misc":{"Odhadovan\u00e1 doba \u010dten\u00ed":"1 minuta"},"schema":{"@context":"https:\/\/schema.org","@graph":[{"@type":"WebPage","@id":"https:\/\/www.oknobuild.com\/index.php\/produkt\/zlevneny-laufen-pro-lccbila-wc-misa-stojici-hluboke-splachovani-h8229524000001-17727\/","url":"https:\/\/www.oknobuild.com\/index.php\/produkt\/zlevneny-laufen-pro-lccbila-wc-misa-stojici-hluboke-splachovani-h8229524000001-17727\/","name":"Zlevn\u011bn\u00fd Laufen PRO LCCb\u00edl\u00e1 WC m\u00edsa stoj\u00edc\u00ed, hlubok\u00e9 splachov\u00e1n\u00ed H8229524000001 -","isPartOf":{"@id":"https:\/\/www.oknobuild.com\/#website"},"primaryImageOfPage":{"@id":"https:\/\/www.oknobuild.com\/index.php\/produkt\/zlevneny-laufen-pro-lccbila-wc-misa-stojici-hluboke-splachovani-h8229524000001-17727\/#primaryimage"},"image":{"@id":"https:\/\/www.oknobuild.com\/index.php\/produkt\/zlevneny-laufen-pro-lccbila-wc-misa-stojici-hluboke-splachovani-h8229524000001-17727\/#primaryimage"},"thumbnailUrl":"https:\/\/www.oknobuild.com\/wp-content\/uploads\/2026\/SK0017696-CZ20260425-093351-0-1777080838-1014423_822952sch-png.webp","datePublished":"2026-04-27T04:41:17+00:00","breadcrumb":{"@id":"https:\/\/www.oknobuild.com\/index.php\/produkt\/zlevneny-laufen-pro-lccbila-wc-misa-stojici-hluboke-splachovani-h8229524000001-17727\/#breadcrumb"},"inLanguage":"cs","potentialAction":[{"@type":"ReadAction","target":["https:\/\/www.oknobuild.com\/index.php\/produkt\/zlevneny-laufen-pro-lccbila-wc-misa-stojici-hluboke-splachovani-h8229524000001-17727\/"]}]},{"@type":"ImageObject","inLanguage":"cs","@id":"https:\/\/www.oknobuild.com\/index.php\/produkt\/zlevneny-laufen-pro-lccbila-wc-misa-stojici-hluboke-splachovani-h8229524000001-17727\/#primaryimage","url":"https:\/\/www.oknobuild.com\/wp-content\/uploads\/2026\/SK0017696-CZ20260425-093351-0-1777080838-1014423_822952sch-png.webp","contentUrl":"https:\/\/www.oknobuild.com\/wp-content\/uploads\/2026\/SK0017696-CZ20260425-093351-0-1777080838-1014423_822952sch-png.webp","width":1000,"height":750},{"@type":"BreadcrumbList","@id":"https:\/\/www.oknobuild.com\/index.php\/produkt\/zlevneny-laufen-pro-lccbila-wc-misa-stojici-hluboke-splachovani-h8229524000001-17727\/#breadcrumb","itemListElement":[{"@type":"ListItem","position":1,"name":"Home","item":"https:\/\/www.oknobuild.com\/"},{"@type":"ListItem","position":2,"name":"Products","item":"https:\/\/www.oknobuild.com\/index.php\/products\/"},{"@type":"ListItem","position":3,"name":"Zlevn\u011bn\u00fd Laufen PRO LCCb\u00edl\u00e1 WC m\u00edsa stoj\u00edc\u00ed, hlubok\u00e9 splachov\u00e1n\u00ed H8229524000001"}]},{"@type":"WebSite","@id":"https:\/\/www.oknobuild.com\/#website","url":"https:\/\/www.oknobuild.com\/","name":"","description":"","potentialAction":[{"@type":"SearchAction","target":{"@type":"EntryPoint","urlTemplate":"https:\/\/www.oknobuild.com\/?s={search_term_string}"},"query-input":{"@type":"PropertyValueSpecification","valueRequired":true,"valueName":"search_term_string"}}],"inLanguage":"cs"}]}},"_links":{"self":[{"href":"https:\/\/www.oknobuild.com\/index.php\/wp-json\/wp\/v2\/product\/17727","targetHints":{"allow":["GET"]}}],"collection":[{"href":"https:\/\/www.oknobuild.com\/index.php\/wp-json\/wp\/v2\/product"}],"about":[{"href":"https:\/\/www.oknobuild.com\/index.php\/wp-json\/wp\/v2\/types\/product"}],"replies":[{"embeddable":true,"href":"https:\/\/www.oknobuild.com\/index.php\/wp-json\/wp\/v2\/comments?post=17727"}],"wp:featuredmedia":[{"embeddable":true,"href":"https:\/\/www.oknobuild.com\/index.php\/wp-json\/wp\/v2\/media\/17827"}],"wp:attachment":[{"href":"https:\/\/www.oknobuild.com\/index.php\/wp-json\/wp\/v2\/media?parent=17727"}],"wp:term":[{"taxonomy":"product_brand","embeddable":true,"href":"https:\/\/www.oknobuild.com\/index.php\/wp-json\/wp\/v2\/product_brand?post=17727"},{"taxonomy":"product_cat","embeddable":true,"href":"https:\/\/www.oknobuild.com\/index.php\/wp-json\/wp\/v2\/product_cat?post=17727"},{"taxonomy":"product_tag","embeddable":true,"href":"https:\/\/www.oknobuild.com\/index.php\/wp-json\/wp\/v2\/product_tag?post=17727"}],"curies":[{"name":"wp","href":"https:\/\/api.w.org\/{rel}","templated":true}]}}