{"id":17732,"date":"2026-04-27T04:41:17","date_gmt":"2026-04-27T04:41:17","guid":{"rendered":""},"modified":"2026-04-27T04:41:17","modified_gmt":"2026-04-27T04:41:17","slug":"akcni-cena-jika-lyra-plus-sprchove-dvere-kyvne-80x190-sklo-transparent-bily-profil-h2563810006681-17732","status":"publish","type":"product","link":"https:\/\/www.oknobuild.com\/index.php\/produkt\/akcni-cena-jika-lyra-plus-sprchove-dvere-kyvne-80x190-sklo-transparent-bily-profil-h2563810006681-17732\/","title":{"rendered":"Ak\u010dn\u00ed Cena JIKA Lyra Plus sprchov\u00e9 dve\u0159e kyvn\u00e9 80&#215;190, sklo transparent, b\u00edl\u00fd profil  H2563810006681"},"content":{"rendered":"<div class=\"basic-description\">\n<h3>Detailn\u00ed popis produktu<\/h3>\n<p>                                    JIKA Lyra Plus sprchov\u00e9 dve\u0159e kyvn\u00e9 80&#215;190, sklo transparent, b\u00edl\u00fd profil  H2563810006681<\/p>\n<p>Dvouk\u0159\u00eddl\u00e9 sprchov\u00e9 dve\u0159e b\u00edl\u00e9, Jika perla na vnit\u0159n\u00ed stran\u011b<\/p>\n<p>Koupelnov\u00e1 s\u00e9rie Lyra plus nab\u00edz\u00ed sprchov\u00e9 kyvn\u00e9 dve\u0159e tzv.l\u00edta\u010dky o \u0161\u00ed\u0159ce 800 mm v r\u016fzn\u00e9m proveden\u00ed skla: transparentn\u00ed, proveden\u00ed Arctic nebo s dekorem Stripy (pruhy). Sprchov\u00e9 dve\u0159e z bezpe\u010dnostn\u00edho 4 mm kalen\u00e9ho skla jsou vysok\u00e9 1900 mm, levoprav\u00e9 a vsazen\u00e9 do b\u00edl\u00e9ho profilu. Speci\u00e1ln\u00ed \u00faprava JIKA perla GLASS je u variant Stripy a Arctic v\u017edy na hladk\u00e9 vnit\u0159n\u00ed stran\u011b skla pro snadnou \u00fadr\u017ebu. Elegantn\u00ed madla jsou v proveden\u00ed b\u00edl\u00fd plast. Na sprchov\u00e9 dve\u0159e Lyra plus poskytujeme z\u00e1ruku 3 roky.                            <\/p><\/div>\n","protected":false},"excerpt":{"rendered":"<p>Detailn\u00ed popis produktu JIKA Lyra Plus sprchov\u00e9 dve\u0159e kyvn\u00e9 80&#215;190, sklo transparent, b\u00edl\u00fd profil H2563810006681 Dvouk\u0159\u00eddl\u00e9 sprchov\u00e9 dve\u0159e b\u00edl\u00e9, Jika perla na vnit\u0159n\u00ed stran\u011b Koupelnov\u00e1 s\u00e9rie Lyra plus nab\u00edz\u00ed sprchov\u00e9 kyvn\u00e9 dve\u0159e tzv.l\u00edta\u010dky o \u0161\u00ed\u0159ce 800 mm v r\u016fzn\u00e9m proveden\u00ed skla: transparentn\u00ed, proveden\u00ed Arctic nebo s dekorem Stripy (pruhy). Sprchov\u00e9 dve\u0159e z bezpe\u010dnostn\u00edho 4 mm [&hellip;]<\/p>\n","protected":false},"featured_media":17832,"comment_status":"open","ping_status":"open","template":"","meta":[],"product_brand":[],"product_cat":[72],"product_tag":[],"class_list":{"0":"post-17732","1":"product","2":"type-product","3":"status-publish","4":"has-post-thumbnail","6":"product_cat-koupelny-a-sanitarni-technika","8":"first","9":"instock","10":"sale","11":"shipping-taxable","12":"purchasable","13":"product-type-simple"},"yoast_head":"<!-- This site is optimized with the Yoast SEO plugin v26.8 - https:\/\/yoast.com\/product\/yoast-seo-wordpress\/ -->\n<title>Ak\u010dn\u00ed Cena JIKA Lyra Plus sprchov\u00e9 dve\u0159e kyvn\u00e9 80x190, sklo transparent, b\u00edl\u00fd profil H2563810006681 -<\/title>\n<meta name=\"robots\" content=\"index, follow, max-snippet:-1, max-image-preview:large, max-video-preview:-1\" \/>\n<link rel=\"canonical\" href=\"https:\/\/www.oknobuild.com\/index.php\/produkt\/akcni-cena-jika-lyra-plus-sprchove-dvere-kyvne-80x190-sklo-transparent-bily-profil-h2563810006681-17732\/\" \/>\n<meta property=\"og:locale\" content=\"cs_CZ\" \/>\n<meta property=\"og:type\" content=\"article\" \/>\n<meta property=\"og:title\" content=\"Ak\u010dn\u00ed Cena JIKA Lyra Plus sprchov\u00e9 dve\u0159e kyvn\u00e9 80x190, sklo transparent, b\u00edl\u00fd profil H2563810006681 -\" \/>\n<meta property=\"og:description\" content=\"Detailn\u00ed popis produktu JIKA Lyra Plus sprchov\u00e9 dve\u0159e kyvn\u00e9 80&#215;190, sklo transparent, b\u00edl\u00fd profil H2563810006681 Dvouk\u0159\u00eddl\u00e9 sprchov\u00e9 dve\u0159e b\u00edl\u00e9, Jika perla na vnit\u0159n\u00ed stran\u011b Koupelnov\u00e1 s\u00e9rie Lyra plus nab\u00edz\u00ed sprchov\u00e9 kyvn\u00e9 dve\u0159e tzv.l\u00edta\u010dky o \u0161\u00ed\u0159ce 800 mm v r\u016fzn\u00e9m proveden\u00ed skla: transparentn\u00ed, proveden\u00ed Arctic nebo s dekorem Stripy (pruhy). Sprchov\u00e9 dve\u0159e z bezpe\u010dnostn\u00edho 4 mm [&hellip;]\" \/>\n<meta property=\"og:url\" content=\"https:\/\/www.oknobuild.com\/index.php\/produkt\/akcni-cena-jika-lyra-plus-sprchove-dvere-kyvne-80x190-sklo-transparent-bily-profil-h2563810006681-17732\/\" \/>\n<meta property=\"og:image\" content=\"https:\/\/www.oknobuild.com\/wp-content\/uploads\/2026\/SK0017701-CZ20260425-093351-0-1777080838-1014387_h2563810006681-jpeg.webp\" \/>\n\t<meta property=\"og:image:width\" content=\"1000\" \/>\n\t<meta property=\"og:image:height\" content=\"750\" \/>\n\t<meta property=\"og:image:type\" content=\"image\/webp\" \/>\n<meta name=\"twitter:card\" content=\"summary_large_image\" \/>\n<meta name=\"twitter:label1\" content=\"Odhadovan\u00e1 doba \u010dten\u00ed\" \/>\n\t<meta name=\"twitter:data1\" content=\"1 minuta\" \/>\n<script type=\"application\/ld+json\" class=\"yoast-schema-graph\">{\"@context\":\"https:\/\/schema.org\",\"@graph\":[{\"@type\":\"WebPage\",\"@id\":\"https:\/\/www.oknobuild.com\/index.php\/produkt\/akcni-cena-jika-lyra-plus-sprchove-dvere-kyvne-80x190-sklo-transparent-bily-profil-h2563810006681-17732\/\",\"url\":\"https:\/\/www.oknobuild.com\/index.php\/produkt\/akcni-cena-jika-lyra-plus-sprchove-dvere-kyvne-80x190-sklo-transparent-bily-profil-h2563810006681-17732\/\",\"name\":\"Ak\u010dn\u00ed Cena JIKA Lyra Plus sprchov\u00e9 dve\u0159e kyvn\u00e9 80x190, sklo transparent, b\u00edl\u00fd profil H2563810006681 -\",\"isPartOf\":{\"@id\":\"https:\/\/www.oknobuild.com\/#website\"},\"primaryImageOfPage\":{\"@id\":\"https:\/\/www.oknobuild.com\/index.php\/produkt\/akcni-cena-jika-lyra-plus-sprchove-dvere-kyvne-80x190-sklo-transparent-bily-profil-h2563810006681-17732\/#primaryimage\"},\"image\":{\"@id\":\"https:\/\/www.oknobuild.com\/index.php\/produkt\/akcni-cena-jika-lyra-plus-sprchove-dvere-kyvne-80x190-sklo-transparent-bily-profil-h2563810006681-17732\/#primaryimage\"},\"thumbnailUrl\":\"https:\/\/www.oknobuild.com\/wp-content\/uploads\/2026\/SK0017701-CZ20260425-093351-0-1777080838-1014387_h2563810006681-jpeg.webp\",\"datePublished\":\"2026-04-27T04:41:17+00:00\",\"breadcrumb\":{\"@id\":\"https:\/\/www.oknobuild.com\/index.php\/produkt\/akcni-cena-jika-lyra-plus-sprchove-dvere-kyvne-80x190-sklo-transparent-bily-profil-h2563810006681-17732\/#breadcrumb\"},\"inLanguage\":\"cs\",\"potentialAction\":[{\"@type\":\"ReadAction\",\"target\":[\"https:\/\/www.oknobuild.com\/index.php\/produkt\/akcni-cena-jika-lyra-plus-sprchove-dvere-kyvne-80x190-sklo-transparent-bily-profil-h2563810006681-17732\/\"]}]},{\"@type\":\"ImageObject\",\"inLanguage\":\"cs\",\"@id\":\"https:\/\/www.oknobuild.com\/index.php\/produkt\/akcni-cena-jika-lyra-plus-sprchove-dvere-kyvne-80x190-sklo-transparent-bily-profil-h2563810006681-17732\/#primaryimage\",\"url\":\"https:\/\/www.oknobuild.com\/wp-content\/uploads\/2026\/SK0017701-CZ20260425-093351-0-1777080838-1014387_h2563810006681-jpeg.webp\",\"contentUrl\":\"https:\/\/www.oknobuild.com\/wp-content\/uploads\/2026\/SK0017701-CZ20260425-093351-0-1777080838-1014387_h2563810006681-jpeg.webp\",\"width\":1000,\"height\":750},{\"@type\":\"BreadcrumbList\",\"@id\":\"https:\/\/www.oknobuild.com\/index.php\/produkt\/akcni-cena-jika-lyra-plus-sprchove-dvere-kyvne-80x190-sklo-transparent-bily-profil-h2563810006681-17732\/#breadcrumb\",\"itemListElement\":[{\"@type\":\"ListItem\",\"position\":1,\"name\":\"Home\",\"item\":\"https:\/\/www.oknobuild.com\/\"},{\"@type\":\"ListItem\",\"position\":2,\"name\":\"Products\",\"item\":\"https:\/\/www.oknobuild.com\/index.php\/products\/\"},{\"@type\":\"ListItem\",\"position\":3,\"name\":\"Ak\u010dn\u00ed Cena JIKA Lyra Plus sprchov\u00e9 dve\u0159e kyvn\u00e9 80&#215;190, sklo transparent, b\u00edl\u00fd profil H2563810006681\"}]},{\"@type\":\"WebSite\",\"@id\":\"https:\/\/www.oknobuild.com\/#website\",\"url\":\"https:\/\/www.oknobuild.com\/\",\"name\":\"\",\"description\":\"\",\"potentialAction\":[{\"@type\":\"SearchAction\",\"target\":{\"@type\":\"EntryPoint\",\"urlTemplate\":\"https:\/\/www.oknobuild.com\/?s={search_term_string}\"},\"query-input\":{\"@type\":\"PropertyValueSpecification\",\"valueRequired\":true,\"valueName\":\"search_term_string\"}}],\"inLanguage\":\"cs\"}]}<\/script>\n<!-- \/ Yoast SEO plugin. -->","yoast_head_json":{"title":"Ak\u010dn\u00ed Cena JIKA Lyra Plus sprchov\u00e9 dve\u0159e kyvn\u00e9 80x190, sklo transparent, b\u00edl\u00fd profil H2563810006681 -","robots":{"index":"index","follow":"follow","max-snippet":"max-snippet:-1","max-image-preview":"max-image-preview:large","max-video-preview":"max-video-preview:-1"},"canonical":"https:\/\/www.oknobuild.com\/index.php\/produkt\/akcni-cena-jika-lyra-plus-sprchove-dvere-kyvne-80x190-sklo-transparent-bily-profil-h2563810006681-17732\/","og_locale":"cs_CZ","og_type":"article","og_title":"Ak\u010dn\u00ed Cena JIKA Lyra Plus sprchov\u00e9 dve\u0159e kyvn\u00e9 80x190, sklo transparent, b\u00edl\u00fd profil H2563810006681 -","og_description":"Detailn\u00ed popis produktu JIKA Lyra Plus sprchov\u00e9 dve\u0159e kyvn\u00e9 80&#215;190, sklo transparent, b\u00edl\u00fd profil H2563810006681 Dvouk\u0159\u00eddl\u00e9 sprchov\u00e9 dve\u0159e b\u00edl\u00e9, Jika perla na vnit\u0159n\u00ed stran\u011b Koupelnov\u00e1 s\u00e9rie Lyra plus nab\u00edz\u00ed sprchov\u00e9 kyvn\u00e9 dve\u0159e tzv.l\u00edta\u010dky o \u0161\u00ed\u0159ce 800 mm v r\u016fzn\u00e9m proveden\u00ed skla: transparentn\u00ed, proveden\u00ed Arctic nebo s dekorem Stripy (pruhy). Sprchov\u00e9 dve\u0159e z bezpe\u010dnostn\u00edho 4 mm [&hellip;]","og_url":"https:\/\/www.oknobuild.com\/index.php\/produkt\/akcni-cena-jika-lyra-plus-sprchove-dvere-kyvne-80x190-sklo-transparent-bily-profil-h2563810006681-17732\/","og_image":[{"width":1000,"height":750,"url":"https:\/\/www.oknobuild.com\/wp-content\/uploads\/2026\/SK0017701-CZ20260425-093351-0-1777080838-1014387_h2563810006681-jpeg.webp","type":"image\/webp"}],"twitter_card":"summary_large_image","twitter_misc":{"Odhadovan\u00e1 doba \u010dten\u00ed":"1 minuta"},"schema":{"@context":"https:\/\/schema.org","@graph":[{"@type":"WebPage","@id":"https:\/\/www.oknobuild.com\/index.php\/produkt\/akcni-cena-jika-lyra-plus-sprchove-dvere-kyvne-80x190-sklo-transparent-bily-profil-h2563810006681-17732\/","url":"https:\/\/www.oknobuild.com\/index.php\/produkt\/akcni-cena-jika-lyra-plus-sprchove-dvere-kyvne-80x190-sklo-transparent-bily-profil-h2563810006681-17732\/","name":"Ak\u010dn\u00ed Cena JIKA Lyra Plus sprchov\u00e9 dve\u0159e kyvn\u00e9 80x190, sklo transparent, b\u00edl\u00fd profil H2563810006681 -","isPartOf":{"@id":"https:\/\/www.oknobuild.com\/#website"},"primaryImageOfPage":{"@id":"https:\/\/www.oknobuild.com\/index.php\/produkt\/akcni-cena-jika-lyra-plus-sprchove-dvere-kyvne-80x190-sklo-transparent-bily-profil-h2563810006681-17732\/#primaryimage"},"image":{"@id":"https:\/\/www.oknobuild.com\/index.php\/produkt\/akcni-cena-jika-lyra-plus-sprchove-dvere-kyvne-80x190-sklo-transparent-bily-profil-h2563810006681-17732\/#primaryimage"},"thumbnailUrl":"https:\/\/www.oknobuild.com\/wp-content\/uploads\/2026\/SK0017701-CZ20260425-093351-0-1777080838-1014387_h2563810006681-jpeg.webp","datePublished":"2026-04-27T04:41:17+00:00","breadcrumb":{"@id":"https:\/\/www.oknobuild.com\/index.php\/produkt\/akcni-cena-jika-lyra-plus-sprchove-dvere-kyvne-80x190-sklo-transparent-bily-profil-h2563810006681-17732\/#breadcrumb"},"inLanguage":"cs","potentialAction":[{"@type":"ReadAction","target":["https:\/\/www.oknobuild.com\/index.php\/produkt\/akcni-cena-jika-lyra-plus-sprchove-dvere-kyvne-80x190-sklo-transparent-bily-profil-h2563810006681-17732\/"]}]},{"@type":"ImageObject","inLanguage":"cs","@id":"https:\/\/www.oknobuild.com\/index.php\/produkt\/akcni-cena-jika-lyra-plus-sprchove-dvere-kyvne-80x190-sklo-transparent-bily-profil-h2563810006681-17732\/#primaryimage","url":"https:\/\/www.oknobuild.com\/wp-content\/uploads\/2026\/SK0017701-CZ20260425-093351-0-1777080838-1014387_h2563810006681-jpeg.webp","contentUrl":"https:\/\/www.oknobuild.com\/wp-content\/uploads\/2026\/SK0017701-CZ20260425-093351-0-1777080838-1014387_h2563810006681-jpeg.webp","width":1000,"height":750},{"@type":"BreadcrumbList","@id":"https:\/\/www.oknobuild.com\/index.php\/produkt\/akcni-cena-jika-lyra-plus-sprchove-dvere-kyvne-80x190-sklo-transparent-bily-profil-h2563810006681-17732\/#breadcrumb","itemListElement":[{"@type":"ListItem","position":1,"name":"Home","item":"https:\/\/www.oknobuild.com\/"},{"@type":"ListItem","position":2,"name":"Products","item":"https:\/\/www.oknobuild.com\/index.php\/products\/"},{"@type":"ListItem","position":3,"name":"Ak\u010dn\u00ed Cena JIKA Lyra Plus sprchov\u00e9 dve\u0159e kyvn\u00e9 80&#215;190, sklo transparent, b\u00edl\u00fd profil H2563810006681"}]},{"@type":"WebSite","@id":"https:\/\/www.oknobuild.com\/#website","url":"https:\/\/www.oknobuild.com\/","name":"","description":"","potentialAction":[{"@type":"SearchAction","target":{"@type":"EntryPoint","urlTemplate":"https:\/\/www.oknobuild.com\/?s={search_term_string}"},"query-input":{"@type":"PropertyValueSpecification","valueRequired":true,"valueName":"search_term_string"}}],"inLanguage":"cs"}]}},"_links":{"self":[{"href":"https:\/\/www.oknobuild.com\/index.php\/wp-json\/wp\/v2\/product\/17732","targetHints":{"allow":["GET"]}}],"collection":[{"href":"https:\/\/www.oknobuild.com\/index.php\/wp-json\/wp\/v2\/product"}],"about":[{"href":"https:\/\/www.oknobuild.com\/index.php\/wp-json\/wp\/v2\/types\/product"}],"replies":[{"embeddable":true,"href":"https:\/\/www.oknobuild.com\/index.php\/wp-json\/wp\/v2\/comments?post=17732"}],"wp:featuredmedia":[{"embeddable":true,"href":"https:\/\/www.oknobuild.com\/index.php\/wp-json\/wp\/v2\/media\/17832"}],"wp:attachment":[{"href":"https:\/\/www.oknobuild.com\/index.php\/wp-json\/wp\/v2\/media?parent=17732"}],"wp:term":[{"taxonomy":"product_brand","embeddable":true,"href":"https:\/\/www.oknobuild.com\/index.php\/wp-json\/wp\/v2\/product_brand?post=17732"},{"taxonomy":"product_cat","embeddable":true,"href":"https:\/\/www.oknobuild.com\/index.php\/wp-json\/wp\/v2\/product_cat?post=17732"},{"taxonomy":"product_tag","embeddable":true,"href":"https:\/\/www.oknobuild.com\/index.php\/wp-json\/wp\/v2\/product_tag?post=17732"}],"curies":[{"name":"wp","href":"https:\/\/api.w.org\/{rel}","templated":true}]}}