{"id":17946,"date":"2026-04-27T04:41:18","date_gmt":"2026-04-27T04:41:18","guid":{"rendered":""},"modified":"2026-04-27T04:41:18","modified_gmt":"2026-04-27T04:41:18","slug":"akce-laufen-pro-bila-wc-misa-kombi-s-ploskou-vario-odpad-bez-nadrze-82695-h8249590000001-17946","status":"publish","type":"product","link":"https:\/\/www.oknobuild.com\/index.php\/produkt\/akce-laufen-pro-bila-wc-misa-kombi-s-ploskou-vario-odpad-bez-nadrze-82695-h8249590000001-17946\/","title":{"rendered":"Akce Laufen PRO b\u00edl\u00e1 WC m\u00edsa kombi s plo\u0161kou, Vario odpad, BEZ n\u00e1dr\u017ee 82695  H8249590000001"},"content":{"rendered":"<div class=\"basic-description\">\n<h3>Detailn\u00ed popis produktu<\/h3>\n<p>                                    824959<\/p>\n<p>Stoj\u00edc\u00ed kombina\u010dn\u00ed m\u00edsa, ploch\u00e9 splachov\u00e1n\u00ed, VARIO odpad<\/p>\n<p>S\u00e9rie LAUFEN PRO H8249590000001 <\/p>\n<p>ROZM\u011aRY<\/p>\n<p>D\u00e9lka: 670 mm \u0160\u00ed\u0159ka: 360 mm V\u00fd\u0161ka: 420 mm<\/p>\n<p>SPECIFIKACE<\/p>\n<p>Instala\u010dn\u00ed sada: Sou\u010d\u00e1st\u00ed dod\u00e1vky <\/p>\n<p>Kapotovan\u00e1 verze ke zdi <\/p>\n<p>Odpad: Du\u00e1ln\u00ed (vario) <\/p>\n<p>Splachovac\u00ed syst\u00e9m: Ploch\u00e9 splachov\u00e1n\u00ed <\/p>\n<p>Tvar: Obl\u00e9 <\/p>\n<p>Typ instalace: Stoj\u00edc\u00ed<\/p>\n<p>splachovac\u00ed n\u00e1dr\u017e a sed\u00e1tko je nutn\u00e9 dokoupit !<\/p>\n<p>24 Kg<\/p>\n<p>Za p\u0159\u00edplate\u010dk je mo\u017eno objednat H8249594000001 s \u00fapravou LCC<\/p>\n<p>LCC- Laufen Clean Coat povrchov\u00e1 \u00faprava glazury, br\u00e1n\u00ed zychycen\u00ed vodn\u00edho kamene, ne\u010distot a bakteri\u00ed.<\/p>\n<p>M\u00edrn\u00e1 zne\u010di\u0161t\u011bn\u00ed lze snadno odstranit. LCC se vyzna\u010duje extr\u00e9mn\u00ed tvrdost\u00ed a maxim\u00e1ln\u00ed odolnost\u00ed.                            <\/p><\/div>\n","protected":false},"excerpt":{"rendered":"<p>Detailn\u00ed popis produktu 824959 Stoj\u00edc\u00ed kombina\u010dn\u00ed m\u00edsa, ploch\u00e9 splachov\u00e1n\u00ed, VARIO odpad S\u00e9rie LAUFEN PRO H8249590000001 ROZM\u011aRY D\u00e9lka: 670 mm \u0160\u00ed\u0159ka: 360 mm V\u00fd\u0161ka: 420 mm SPECIFIKACE Instala\u010dn\u00ed sada: Sou\u010d\u00e1st\u00ed dod\u00e1vky Kapotovan\u00e1 verze ke zdi Odpad: Du\u00e1ln\u00ed (vario) Splachovac\u00ed syst\u00e9m: Ploch\u00e9 splachov\u00e1n\u00ed Tvar: Obl\u00e9 Typ instalace: Stoj\u00edc\u00ed splachovac\u00ed n\u00e1dr\u017e a sed\u00e1tko je nutn\u00e9 dokoupit ! 24 [&hellip;]<\/p>\n","protected":false},"featured_media":18046,"comment_status":"open","ping_status":"open","template":"","meta":[],"product_brand":[],"product_cat":[72],"product_tag":[],"class_list":{"0":"post-17946","1":"product","2":"type-product","3":"status-publish","4":"has-post-thumbnail","6":"product_cat-koupelny-a-sanitarni-technika","8":"first","9":"instock","10":"sale","11":"shipping-taxable","12":"purchasable","13":"product-type-simple"},"yoast_head":"<!-- This site is optimized with the Yoast SEO plugin v26.8 - https:\/\/yoast.com\/product\/yoast-seo-wordpress\/ -->\n<title>Akce Laufen PRO b\u00edl\u00e1 WC m\u00edsa kombi s plo\u0161kou, Vario odpad, BEZ n\u00e1dr\u017ee 82695 H8249590000001 -<\/title>\n<meta name=\"robots\" content=\"index, follow, max-snippet:-1, max-image-preview:large, max-video-preview:-1\" \/>\n<link rel=\"canonical\" href=\"https:\/\/www.oknobuild.com\/index.php\/produkt\/akce-laufen-pro-bila-wc-misa-kombi-s-ploskou-vario-odpad-bez-nadrze-82695-h8249590000001-17946\/\" \/>\n<meta property=\"og:locale\" content=\"cs_CZ\" \/>\n<meta property=\"og:type\" content=\"article\" \/>\n<meta property=\"og:title\" content=\"Akce Laufen PRO b\u00edl\u00e1 WC m\u00edsa kombi s plo\u0161kou, Vario odpad, BEZ n\u00e1dr\u017ee 82695 H8249590000001 -\" \/>\n<meta property=\"og:description\" content=\"Detailn\u00ed popis produktu 824959 Stoj\u00edc\u00ed kombina\u010dn\u00ed m\u00edsa, ploch\u00e9 splachov\u00e1n\u00ed, VARIO odpad S\u00e9rie LAUFEN PRO H8249590000001 ROZM\u011aRY D\u00e9lka: 670 mm \u0160\u00ed\u0159ka: 360 mm V\u00fd\u0161ka: 420 mm SPECIFIKACE Instala\u010dn\u00ed sada: Sou\u010d\u00e1st\u00ed dod\u00e1vky Kapotovan\u00e1 verze ke zdi Odpad: Du\u00e1ln\u00ed (vario) Splachovac\u00ed syst\u00e9m: Ploch\u00e9 splachov\u00e1n\u00ed Tvar: Obl\u00e9 Typ instalace: Stoj\u00edc\u00ed splachovac\u00ed n\u00e1dr\u017e a sed\u00e1tko je nutn\u00e9 dokoupit ! 24 [&hellip;]\" \/>\n<meta property=\"og:url\" content=\"https:\/\/www.oknobuild.com\/index.php\/produkt\/akce-laufen-pro-bila-wc-misa-kombi-s-ploskou-vario-odpad-bez-nadrze-82695-h8249590000001-17946\/\" \/>\n<meta property=\"og:image\" content=\"https:\/\/www.oknobuild.com\/wp-content\/uploads\/2026\/SK0017818-CZ20260425-093351-0-1777080838-1013616_824959sch-png.webp\" \/>\n\t<meta property=\"og:image:width\" content=\"1000\" \/>\n\t<meta property=\"og:image:height\" content=\"750\" \/>\n\t<meta property=\"og:image:type\" content=\"image\/webp\" \/>\n<meta name=\"twitter:card\" content=\"summary_large_image\" \/>\n<meta name=\"twitter:label1\" content=\"Odhadovan\u00e1 doba \u010dten\u00ed\" \/>\n\t<meta name=\"twitter:data1\" content=\"1 minuta\" \/>\n<script type=\"application\/ld+json\" class=\"yoast-schema-graph\">{\"@context\":\"https:\/\/schema.org\",\"@graph\":[{\"@type\":\"WebPage\",\"@id\":\"https:\/\/www.oknobuild.com\/index.php\/produkt\/akce-laufen-pro-bila-wc-misa-kombi-s-ploskou-vario-odpad-bez-nadrze-82695-h8249590000001-17946\/\",\"url\":\"https:\/\/www.oknobuild.com\/index.php\/produkt\/akce-laufen-pro-bila-wc-misa-kombi-s-ploskou-vario-odpad-bez-nadrze-82695-h8249590000001-17946\/\",\"name\":\"Akce Laufen PRO b\u00edl\u00e1 WC m\u00edsa kombi s plo\u0161kou, Vario odpad, BEZ n\u00e1dr\u017ee 82695 H8249590000001 -\",\"isPartOf\":{\"@id\":\"https:\/\/www.oknobuild.com\/#website\"},\"primaryImageOfPage\":{\"@id\":\"https:\/\/www.oknobuild.com\/index.php\/produkt\/akce-laufen-pro-bila-wc-misa-kombi-s-ploskou-vario-odpad-bez-nadrze-82695-h8249590000001-17946\/#primaryimage\"},\"image\":{\"@id\":\"https:\/\/www.oknobuild.com\/index.php\/produkt\/akce-laufen-pro-bila-wc-misa-kombi-s-ploskou-vario-odpad-bez-nadrze-82695-h8249590000001-17946\/#primaryimage\"},\"thumbnailUrl\":\"https:\/\/www.oknobuild.com\/wp-content\/uploads\/2026\/SK0017818-CZ20260425-093351-0-1777080838-1013616_824959sch-png.webp\",\"datePublished\":\"2026-04-27T04:41:18+00:00\",\"breadcrumb\":{\"@id\":\"https:\/\/www.oknobuild.com\/index.php\/produkt\/akce-laufen-pro-bila-wc-misa-kombi-s-ploskou-vario-odpad-bez-nadrze-82695-h8249590000001-17946\/#breadcrumb\"},\"inLanguage\":\"cs\",\"potentialAction\":[{\"@type\":\"ReadAction\",\"target\":[\"https:\/\/www.oknobuild.com\/index.php\/produkt\/akce-laufen-pro-bila-wc-misa-kombi-s-ploskou-vario-odpad-bez-nadrze-82695-h8249590000001-17946\/\"]}]},{\"@type\":\"ImageObject\",\"inLanguage\":\"cs\",\"@id\":\"https:\/\/www.oknobuild.com\/index.php\/produkt\/akce-laufen-pro-bila-wc-misa-kombi-s-ploskou-vario-odpad-bez-nadrze-82695-h8249590000001-17946\/#primaryimage\",\"url\":\"https:\/\/www.oknobuild.com\/wp-content\/uploads\/2026\/SK0017818-CZ20260425-093351-0-1777080838-1013616_824959sch-png.webp\",\"contentUrl\":\"https:\/\/www.oknobuild.com\/wp-content\/uploads\/2026\/SK0017818-CZ20260425-093351-0-1777080838-1013616_824959sch-png.webp\",\"width\":1000,\"height\":750},{\"@type\":\"BreadcrumbList\",\"@id\":\"https:\/\/www.oknobuild.com\/index.php\/produkt\/akce-laufen-pro-bila-wc-misa-kombi-s-ploskou-vario-odpad-bez-nadrze-82695-h8249590000001-17946\/#breadcrumb\",\"itemListElement\":[{\"@type\":\"ListItem\",\"position\":1,\"name\":\"Home\",\"item\":\"https:\/\/www.oknobuild.com\/\"},{\"@type\":\"ListItem\",\"position\":2,\"name\":\"Products\",\"item\":\"https:\/\/www.oknobuild.com\/index.php\/products\/\"},{\"@type\":\"ListItem\",\"position\":3,\"name\":\"Akce Laufen PRO b\u00edl\u00e1 WC m\u00edsa kombi s plo\u0161kou, Vario odpad, BEZ n\u00e1dr\u017ee 82695 H8249590000001\"}]},{\"@type\":\"WebSite\",\"@id\":\"https:\/\/www.oknobuild.com\/#website\",\"url\":\"https:\/\/www.oknobuild.com\/\",\"name\":\"\",\"description\":\"\",\"potentialAction\":[{\"@type\":\"SearchAction\",\"target\":{\"@type\":\"EntryPoint\",\"urlTemplate\":\"https:\/\/www.oknobuild.com\/?s={search_term_string}\"},\"query-input\":{\"@type\":\"PropertyValueSpecification\",\"valueRequired\":true,\"valueName\":\"search_term_string\"}}],\"inLanguage\":\"cs\"}]}<\/script>\n<!-- \/ Yoast SEO plugin. -->","yoast_head_json":{"title":"Akce Laufen PRO b\u00edl\u00e1 WC m\u00edsa kombi s plo\u0161kou, Vario odpad, BEZ n\u00e1dr\u017ee 82695 H8249590000001 -","robots":{"index":"index","follow":"follow","max-snippet":"max-snippet:-1","max-image-preview":"max-image-preview:large","max-video-preview":"max-video-preview:-1"},"canonical":"https:\/\/www.oknobuild.com\/index.php\/produkt\/akce-laufen-pro-bila-wc-misa-kombi-s-ploskou-vario-odpad-bez-nadrze-82695-h8249590000001-17946\/","og_locale":"cs_CZ","og_type":"article","og_title":"Akce Laufen PRO b\u00edl\u00e1 WC m\u00edsa kombi s plo\u0161kou, Vario odpad, BEZ n\u00e1dr\u017ee 82695 H8249590000001 -","og_description":"Detailn\u00ed popis produktu 824959 Stoj\u00edc\u00ed kombina\u010dn\u00ed m\u00edsa, ploch\u00e9 splachov\u00e1n\u00ed, VARIO odpad S\u00e9rie LAUFEN PRO H8249590000001 ROZM\u011aRY D\u00e9lka: 670 mm \u0160\u00ed\u0159ka: 360 mm V\u00fd\u0161ka: 420 mm SPECIFIKACE Instala\u010dn\u00ed sada: Sou\u010d\u00e1st\u00ed dod\u00e1vky Kapotovan\u00e1 verze ke zdi Odpad: Du\u00e1ln\u00ed (vario) Splachovac\u00ed syst\u00e9m: Ploch\u00e9 splachov\u00e1n\u00ed Tvar: Obl\u00e9 Typ instalace: Stoj\u00edc\u00ed splachovac\u00ed n\u00e1dr\u017e a sed\u00e1tko je nutn\u00e9 dokoupit ! 24 [&hellip;]","og_url":"https:\/\/www.oknobuild.com\/index.php\/produkt\/akce-laufen-pro-bila-wc-misa-kombi-s-ploskou-vario-odpad-bez-nadrze-82695-h8249590000001-17946\/","og_image":[{"width":1000,"height":750,"url":"https:\/\/www.oknobuild.com\/wp-content\/uploads\/2026\/SK0017818-CZ20260425-093351-0-1777080838-1013616_824959sch-png.webp","type":"image\/webp"}],"twitter_card":"summary_large_image","twitter_misc":{"Odhadovan\u00e1 doba \u010dten\u00ed":"1 minuta"},"schema":{"@context":"https:\/\/schema.org","@graph":[{"@type":"WebPage","@id":"https:\/\/www.oknobuild.com\/index.php\/produkt\/akce-laufen-pro-bila-wc-misa-kombi-s-ploskou-vario-odpad-bez-nadrze-82695-h8249590000001-17946\/","url":"https:\/\/www.oknobuild.com\/index.php\/produkt\/akce-laufen-pro-bila-wc-misa-kombi-s-ploskou-vario-odpad-bez-nadrze-82695-h8249590000001-17946\/","name":"Akce Laufen PRO b\u00edl\u00e1 WC m\u00edsa kombi s plo\u0161kou, Vario odpad, BEZ n\u00e1dr\u017ee 82695 H8249590000001 -","isPartOf":{"@id":"https:\/\/www.oknobuild.com\/#website"},"primaryImageOfPage":{"@id":"https:\/\/www.oknobuild.com\/index.php\/produkt\/akce-laufen-pro-bila-wc-misa-kombi-s-ploskou-vario-odpad-bez-nadrze-82695-h8249590000001-17946\/#primaryimage"},"image":{"@id":"https:\/\/www.oknobuild.com\/index.php\/produkt\/akce-laufen-pro-bila-wc-misa-kombi-s-ploskou-vario-odpad-bez-nadrze-82695-h8249590000001-17946\/#primaryimage"},"thumbnailUrl":"https:\/\/www.oknobuild.com\/wp-content\/uploads\/2026\/SK0017818-CZ20260425-093351-0-1777080838-1013616_824959sch-png.webp","datePublished":"2026-04-27T04:41:18+00:00","breadcrumb":{"@id":"https:\/\/www.oknobuild.com\/index.php\/produkt\/akce-laufen-pro-bila-wc-misa-kombi-s-ploskou-vario-odpad-bez-nadrze-82695-h8249590000001-17946\/#breadcrumb"},"inLanguage":"cs","potentialAction":[{"@type":"ReadAction","target":["https:\/\/www.oknobuild.com\/index.php\/produkt\/akce-laufen-pro-bila-wc-misa-kombi-s-ploskou-vario-odpad-bez-nadrze-82695-h8249590000001-17946\/"]}]},{"@type":"ImageObject","inLanguage":"cs","@id":"https:\/\/www.oknobuild.com\/index.php\/produkt\/akce-laufen-pro-bila-wc-misa-kombi-s-ploskou-vario-odpad-bez-nadrze-82695-h8249590000001-17946\/#primaryimage","url":"https:\/\/www.oknobuild.com\/wp-content\/uploads\/2026\/SK0017818-CZ20260425-093351-0-1777080838-1013616_824959sch-png.webp","contentUrl":"https:\/\/www.oknobuild.com\/wp-content\/uploads\/2026\/SK0017818-CZ20260425-093351-0-1777080838-1013616_824959sch-png.webp","width":1000,"height":750},{"@type":"BreadcrumbList","@id":"https:\/\/www.oknobuild.com\/index.php\/produkt\/akce-laufen-pro-bila-wc-misa-kombi-s-ploskou-vario-odpad-bez-nadrze-82695-h8249590000001-17946\/#breadcrumb","itemListElement":[{"@type":"ListItem","position":1,"name":"Home","item":"https:\/\/www.oknobuild.com\/"},{"@type":"ListItem","position":2,"name":"Products","item":"https:\/\/www.oknobuild.com\/index.php\/products\/"},{"@type":"ListItem","position":3,"name":"Akce Laufen PRO b\u00edl\u00e1 WC m\u00edsa kombi s plo\u0161kou, Vario odpad, BEZ n\u00e1dr\u017ee 82695 H8249590000001"}]},{"@type":"WebSite","@id":"https:\/\/www.oknobuild.com\/#website","url":"https:\/\/www.oknobuild.com\/","name":"","description":"","potentialAction":[{"@type":"SearchAction","target":{"@type":"EntryPoint","urlTemplate":"https:\/\/www.oknobuild.com\/?s={search_term_string}"},"query-input":{"@type":"PropertyValueSpecification","valueRequired":true,"valueName":"search_term_string"}}],"inLanguage":"cs"}]}},"_links":{"self":[{"href":"https:\/\/www.oknobuild.com\/index.php\/wp-json\/wp\/v2\/product\/17946","targetHints":{"allow":["GET"]}}],"collection":[{"href":"https:\/\/www.oknobuild.com\/index.php\/wp-json\/wp\/v2\/product"}],"about":[{"href":"https:\/\/www.oknobuild.com\/index.php\/wp-json\/wp\/v2\/types\/product"}],"replies":[{"embeddable":true,"href":"https:\/\/www.oknobuild.com\/index.php\/wp-json\/wp\/v2\/comments?post=17946"}],"wp:featuredmedia":[{"embeddable":true,"href":"https:\/\/www.oknobuild.com\/index.php\/wp-json\/wp\/v2\/media\/18046"}],"wp:attachment":[{"href":"https:\/\/www.oknobuild.com\/index.php\/wp-json\/wp\/v2\/media?parent=17946"}],"wp:term":[{"taxonomy":"product_brand","embeddable":true,"href":"https:\/\/www.oknobuild.com\/index.php\/wp-json\/wp\/v2\/product_brand?post=17946"},{"taxonomy":"product_cat","embeddable":true,"href":"https:\/\/www.oknobuild.com\/index.php\/wp-json\/wp\/v2\/product_cat?post=17946"},{"taxonomy":"product_tag","embeddable":true,"href":"https:\/\/www.oknobuild.com\/index.php\/wp-json\/wp\/v2\/product_tag?post=17946"}],"curies":[{"name":"wp","href":"https:\/\/api.w.org\/{rel}","templated":true}]}}