{"id":18097,"date":"2026-04-27T04:41:18","date_gmt":"2026-04-27T04:41:18","guid":{"rendered":""},"modified":"2026-04-27T04:41:18","modified_gmt":"2026-04-27T04:41:18","slug":"akcni-cena-lyra-plus-tigo-sedatko-pro-zav-a-stoj-wc-duroplast-nerez-uchyty-h8933843000631-18097","status":"publish","type":"product","link":"https:\/\/www.oknobuild.com\/index.php\/produkt\/akcni-cena-lyra-plus-tigo-sedatko-pro-zav-a-stoj-wc-duroplast-nerez-uchyty-h8933843000631-18097\/","title":{"rendered":"Ak\u010dn\u00ed Cena Lyra Plus \/ Tigo sed\u00e1tko pro z\u00e1v.a stoj.WC, duroplast, nerez \u00fachyty  H8933843000631"},"content":{"rendered":"<div class=\"basic-description\">\n<h3>Detailn\u00ed popis produktu<\/h3>\n<p>                                    Lyra Plus \/ Tigo sed\u00e1tko pro z\u00e1v.a stoj.WC, duroplast, nerez \u00fachyty  8.9338.4.300.063.1  H8933843000631<\/p>\n<p>Sed\u00e1tko s poklopem pro z\u00e1v\u011bsn\u00e9 a samostatn\u011b stoj\u00edc\u00ed klozety LYRAplus, antibakteri\u00e1ln\u00ed, duroplast, nerezov\u00e9 \u00fachyty<\/p>\n<p>Duroplastov\u00e9 sed\u00e1tko s nerezov\u00fdmi \u00fachyty je obohaceno o slo\u017eku s trval\u00fdm antibakteri\u00e1ln\u00edm \u00fa\u010dinkem a JIKA na n\u011bj poskytuje z\u00e1ruku 5 let. <\/p>\n<p>Technick\u00e9 \u00fadaje:<\/p>\n<p>Rozm\u011br: 42,5&#215;35,5 cm<\/p>\n<p>Rozte\u010d: 15,5 cm<\/p>\n<p>Materi\u00e1l: duroplast<\/p>\n<p>Barva: b\u00edl\u00e1<\/p>\n<p>Z\u00e1v\u011bsy: nerezov\u00e1 ocel<\/p>\n<p>Upevn\u011bn\u00ed: syst\u00e9m &#8222;Click&#8220;                            <\/p><\/div>\n","protected":false},"excerpt":{"rendered":"<p>Detailn\u00ed popis produktu Lyra Plus \/ Tigo sed\u00e1tko pro z\u00e1v.a stoj.WC, duroplast, nerez \u00fachyty 8.9338.4.300.063.1 H8933843000631 Sed\u00e1tko s poklopem pro z\u00e1v\u011bsn\u00e9 a samostatn\u011b stoj\u00edc\u00ed klozety LYRAplus, antibakteri\u00e1ln\u00ed, duroplast, nerezov\u00e9 \u00fachyty Duroplastov\u00e9 sed\u00e1tko s nerezov\u00fdmi \u00fachyty je obohaceno o slo\u017eku s trval\u00fdm antibakteri\u00e1ln\u00edm \u00fa\u010dinkem a JIKA na n\u011bj poskytuje z\u00e1ruku 5 let. Technick\u00e9 \u00fadaje: Rozm\u011br: 42,5&#215;35,5 [&hellip;]<\/p>\n","protected":false},"featured_media":18197,"comment_status":"open","ping_status":"open","template":"","meta":[],"product_brand":[],"product_cat":[72],"product_tag":[],"class_list":{"0":"post-18097","1":"product","2":"type-product","3":"status-publish","4":"has-post-thumbnail","6":"product_cat-koupelny-a-sanitarni-technika","8":"first","9":"instock","10":"sale","11":"shipping-taxable","12":"purchasable","13":"product-type-simple"},"yoast_head":"<!-- This site is optimized with the Yoast SEO plugin v26.8 - https:\/\/yoast.com\/product\/yoast-seo-wordpress\/ -->\n<title>Ak\u010dn\u00ed Cena Lyra Plus \/ Tigo sed\u00e1tko pro z\u00e1v.a stoj.WC, duroplast, nerez \u00fachyty H8933843000631 -<\/title>\n<meta name=\"robots\" content=\"index, follow, max-snippet:-1, max-image-preview:large, max-video-preview:-1\" \/>\n<link rel=\"canonical\" href=\"https:\/\/www.oknobuild.com\/index.php\/produkt\/akcni-cena-lyra-plus-tigo-sedatko-pro-zav-a-stoj-wc-duroplast-nerez-uchyty-h8933843000631-18097\/\" \/>\n<meta property=\"og:locale\" content=\"cs_CZ\" \/>\n<meta property=\"og:type\" content=\"article\" \/>\n<meta property=\"og:title\" content=\"Ak\u010dn\u00ed Cena Lyra Plus \/ Tigo sed\u00e1tko pro z\u00e1v.a stoj.WC, duroplast, nerez \u00fachyty H8933843000631 -\" \/>\n<meta property=\"og:description\" content=\"Detailn\u00ed popis produktu Lyra Plus \/ Tigo sed\u00e1tko pro z\u00e1v.a stoj.WC, duroplast, nerez \u00fachyty 8.9338.4.300.063.1 H8933843000631 Sed\u00e1tko s poklopem pro z\u00e1v\u011bsn\u00e9 a samostatn\u011b stoj\u00edc\u00ed klozety LYRAplus, antibakteri\u00e1ln\u00ed, duroplast, nerezov\u00e9 \u00fachyty Duroplastov\u00e9 sed\u00e1tko s nerezov\u00fdmi \u00fachyty je obohaceno o slo\u017eku s trval\u00fdm antibakteri\u00e1ln\u00edm \u00fa\u010dinkem a JIKA na n\u011bj poskytuje z\u00e1ruku 5 let. Technick\u00e9 \u00fadaje: Rozm\u011br: 42,5&#215;35,5 [&hellip;]\" \/>\n<meta property=\"og:url\" content=\"https:\/\/www.oknobuild.com\/index.php\/produkt\/akcni-cena-lyra-plus-tigo-sedatko-pro-zav-a-stoj-wc-duroplast-nerez-uchyty-h8933843000631-18097\/\" \/>\n<meta property=\"og:image\" content=\"https:\/\/www.oknobuild.com\/wp-content\/uploads\/2026\/SK0017869-CZ20260425-093351-0-1777080838-1013319_893384b0l5x738-jpg.webp\" \/>\n\t<meta property=\"og:image:width\" content=\"1000\" \/>\n\t<meta property=\"og:image:height\" content=\"750\" \/>\n\t<meta property=\"og:image:type\" content=\"image\/webp\" \/>\n<meta name=\"twitter:card\" content=\"summary_large_image\" \/>\n<script type=\"application\/ld+json\" class=\"yoast-schema-graph\">{\"@context\":\"https:\/\/schema.org\",\"@graph\":[{\"@type\":\"WebPage\",\"@id\":\"https:\/\/www.oknobuild.com\/index.php\/produkt\/akcni-cena-lyra-plus-tigo-sedatko-pro-zav-a-stoj-wc-duroplast-nerez-uchyty-h8933843000631-18097\/\",\"url\":\"https:\/\/www.oknobuild.com\/index.php\/produkt\/akcni-cena-lyra-plus-tigo-sedatko-pro-zav-a-stoj-wc-duroplast-nerez-uchyty-h8933843000631-18097\/\",\"name\":\"Ak\u010dn\u00ed Cena Lyra Plus \/ Tigo sed\u00e1tko pro z\u00e1v.a stoj.WC, duroplast, nerez \u00fachyty H8933843000631 -\",\"isPartOf\":{\"@id\":\"https:\/\/www.oknobuild.com\/#website\"},\"primaryImageOfPage\":{\"@id\":\"https:\/\/www.oknobuild.com\/index.php\/produkt\/akcni-cena-lyra-plus-tigo-sedatko-pro-zav-a-stoj-wc-duroplast-nerez-uchyty-h8933843000631-18097\/#primaryimage\"},\"image\":{\"@id\":\"https:\/\/www.oknobuild.com\/index.php\/produkt\/akcni-cena-lyra-plus-tigo-sedatko-pro-zav-a-stoj-wc-duroplast-nerez-uchyty-h8933843000631-18097\/#primaryimage\"},\"thumbnailUrl\":\"https:\/\/www.oknobuild.com\/wp-content\/uploads\/2026\/SK0017869-CZ20260425-093351-0-1777080838-1013319_893384b0l5x738-jpg.webp\",\"datePublished\":\"2026-04-27T04:41:18+00:00\",\"breadcrumb\":{\"@id\":\"https:\/\/www.oknobuild.com\/index.php\/produkt\/akcni-cena-lyra-plus-tigo-sedatko-pro-zav-a-stoj-wc-duroplast-nerez-uchyty-h8933843000631-18097\/#breadcrumb\"},\"inLanguage\":\"cs\",\"potentialAction\":[{\"@type\":\"ReadAction\",\"target\":[\"https:\/\/www.oknobuild.com\/index.php\/produkt\/akcni-cena-lyra-plus-tigo-sedatko-pro-zav-a-stoj-wc-duroplast-nerez-uchyty-h8933843000631-18097\/\"]}]},{\"@type\":\"ImageObject\",\"inLanguage\":\"cs\",\"@id\":\"https:\/\/www.oknobuild.com\/index.php\/produkt\/akcni-cena-lyra-plus-tigo-sedatko-pro-zav-a-stoj-wc-duroplast-nerez-uchyty-h8933843000631-18097\/#primaryimage\",\"url\":\"https:\/\/www.oknobuild.com\/wp-content\/uploads\/2026\/SK0017869-CZ20260425-093351-0-1777080838-1013319_893384b0l5x738-jpg.webp\",\"contentUrl\":\"https:\/\/www.oknobuild.com\/wp-content\/uploads\/2026\/SK0017869-CZ20260425-093351-0-1777080838-1013319_893384b0l5x738-jpg.webp\",\"width\":1000,\"height\":750},{\"@type\":\"BreadcrumbList\",\"@id\":\"https:\/\/www.oknobuild.com\/index.php\/produkt\/akcni-cena-lyra-plus-tigo-sedatko-pro-zav-a-stoj-wc-duroplast-nerez-uchyty-h8933843000631-18097\/#breadcrumb\",\"itemListElement\":[{\"@type\":\"ListItem\",\"position\":1,\"name\":\"Home\",\"item\":\"https:\/\/www.oknobuild.com\/\"},{\"@type\":\"ListItem\",\"position\":2,\"name\":\"Products\",\"item\":\"https:\/\/www.oknobuild.com\/index.php\/products\/\"},{\"@type\":\"ListItem\",\"position\":3,\"name\":\"Ak\u010dn\u00ed Cena Lyra Plus \/ Tigo sed\u00e1tko pro z\u00e1v.a stoj.WC, duroplast, nerez \u00fachyty H8933843000631\"}]},{\"@type\":\"WebSite\",\"@id\":\"https:\/\/www.oknobuild.com\/#website\",\"url\":\"https:\/\/www.oknobuild.com\/\",\"name\":\"\",\"description\":\"\",\"potentialAction\":[{\"@type\":\"SearchAction\",\"target\":{\"@type\":\"EntryPoint\",\"urlTemplate\":\"https:\/\/www.oknobuild.com\/?s={search_term_string}\"},\"query-input\":{\"@type\":\"PropertyValueSpecification\",\"valueRequired\":true,\"valueName\":\"search_term_string\"}}],\"inLanguage\":\"cs\"}]}<\/script>\n<!-- \/ Yoast SEO plugin. -->","yoast_head_json":{"title":"Ak\u010dn\u00ed Cena Lyra Plus \/ Tigo sed\u00e1tko pro z\u00e1v.a stoj.WC, duroplast, nerez \u00fachyty H8933843000631 -","robots":{"index":"index","follow":"follow","max-snippet":"max-snippet:-1","max-image-preview":"max-image-preview:large","max-video-preview":"max-video-preview:-1"},"canonical":"https:\/\/www.oknobuild.com\/index.php\/produkt\/akcni-cena-lyra-plus-tigo-sedatko-pro-zav-a-stoj-wc-duroplast-nerez-uchyty-h8933843000631-18097\/","og_locale":"cs_CZ","og_type":"article","og_title":"Ak\u010dn\u00ed Cena Lyra Plus \/ Tigo sed\u00e1tko pro z\u00e1v.a stoj.WC, duroplast, nerez \u00fachyty H8933843000631 -","og_description":"Detailn\u00ed popis produktu Lyra Plus \/ Tigo sed\u00e1tko pro z\u00e1v.a stoj.WC, duroplast, nerez \u00fachyty 8.9338.4.300.063.1 H8933843000631 Sed\u00e1tko s poklopem pro z\u00e1v\u011bsn\u00e9 a samostatn\u011b stoj\u00edc\u00ed klozety LYRAplus, antibakteri\u00e1ln\u00ed, duroplast, nerezov\u00e9 \u00fachyty Duroplastov\u00e9 sed\u00e1tko s nerezov\u00fdmi \u00fachyty je obohaceno o slo\u017eku s trval\u00fdm antibakteri\u00e1ln\u00edm \u00fa\u010dinkem a JIKA na n\u011bj poskytuje z\u00e1ruku 5 let. Technick\u00e9 \u00fadaje: Rozm\u011br: 42,5&#215;35,5 [&hellip;]","og_url":"https:\/\/www.oknobuild.com\/index.php\/produkt\/akcni-cena-lyra-plus-tigo-sedatko-pro-zav-a-stoj-wc-duroplast-nerez-uchyty-h8933843000631-18097\/","og_image":[{"width":1000,"height":750,"url":"https:\/\/www.oknobuild.com\/wp-content\/uploads\/2026\/SK0017869-CZ20260425-093351-0-1777080838-1013319_893384b0l5x738-jpg.webp","type":"image\/webp"}],"twitter_card":"summary_large_image","schema":{"@context":"https:\/\/schema.org","@graph":[{"@type":"WebPage","@id":"https:\/\/www.oknobuild.com\/index.php\/produkt\/akcni-cena-lyra-plus-tigo-sedatko-pro-zav-a-stoj-wc-duroplast-nerez-uchyty-h8933843000631-18097\/","url":"https:\/\/www.oknobuild.com\/index.php\/produkt\/akcni-cena-lyra-plus-tigo-sedatko-pro-zav-a-stoj-wc-duroplast-nerez-uchyty-h8933843000631-18097\/","name":"Ak\u010dn\u00ed Cena Lyra Plus \/ Tigo sed\u00e1tko pro z\u00e1v.a stoj.WC, duroplast, nerez \u00fachyty H8933843000631 -","isPartOf":{"@id":"https:\/\/www.oknobuild.com\/#website"},"primaryImageOfPage":{"@id":"https:\/\/www.oknobuild.com\/index.php\/produkt\/akcni-cena-lyra-plus-tigo-sedatko-pro-zav-a-stoj-wc-duroplast-nerez-uchyty-h8933843000631-18097\/#primaryimage"},"image":{"@id":"https:\/\/www.oknobuild.com\/index.php\/produkt\/akcni-cena-lyra-plus-tigo-sedatko-pro-zav-a-stoj-wc-duroplast-nerez-uchyty-h8933843000631-18097\/#primaryimage"},"thumbnailUrl":"https:\/\/www.oknobuild.com\/wp-content\/uploads\/2026\/SK0017869-CZ20260425-093351-0-1777080838-1013319_893384b0l5x738-jpg.webp","datePublished":"2026-04-27T04:41:18+00:00","breadcrumb":{"@id":"https:\/\/www.oknobuild.com\/index.php\/produkt\/akcni-cena-lyra-plus-tigo-sedatko-pro-zav-a-stoj-wc-duroplast-nerez-uchyty-h8933843000631-18097\/#breadcrumb"},"inLanguage":"cs","potentialAction":[{"@type":"ReadAction","target":["https:\/\/www.oknobuild.com\/index.php\/produkt\/akcni-cena-lyra-plus-tigo-sedatko-pro-zav-a-stoj-wc-duroplast-nerez-uchyty-h8933843000631-18097\/"]}]},{"@type":"ImageObject","inLanguage":"cs","@id":"https:\/\/www.oknobuild.com\/index.php\/produkt\/akcni-cena-lyra-plus-tigo-sedatko-pro-zav-a-stoj-wc-duroplast-nerez-uchyty-h8933843000631-18097\/#primaryimage","url":"https:\/\/www.oknobuild.com\/wp-content\/uploads\/2026\/SK0017869-CZ20260425-093351-0-1777080838-1013319_893384b0l5x738-jpg.webp","contentUrl":"https:\/\/www.oknobuild.com\/wp-content\/uploads\/2026\/SK0017869-CZ20260425-093351-0-1777080838-1013319_893384b0l5x738-jpg.webp","width":1000,"height":750},{"@type":"BreadcrumbList","@id":"https:\/\/www.oknobuild.com\/index.php\/produkt\/akcni-cena-lyra-plus-tigo-sedatko-pro-zav-a-stoj-wc-duroplast-nerez-uchyty-h8933843000631-18097\/#breadcrumb","itemListElement":[{"@type":"ListItem","position":1,"name":"Home","item":"https:\/\/www.oknobuild.com\/"},{"@type":"ListItem","position":2,"name":"Products","item":"https:\/\/www.oknobuild.com\/index.php\/products\/"},{"@type":"ListItem","position":3,"name":"Ak\u010dn\u00ed Cena Lyra Plus \/ Tigo sed\u00e1tko pro z\u00e1v.a stoj.WC, duroplast, nerez \u00fachyty H8933843000631"}]},{"@type":"WebSite","@id":"https:\/\/www.oknobuild.com\/#website","url":"https:\/\/www.oknobuild.com\/","name":"","description":"","potentialAction":[{"@type":"SearchAction","target":{"@type":"EntryPoint","urlTemplate":"https:\/\/www.oknobuild.com\/?s={search_term_string}"},"query-input":{"@type":"PropertyValueSpecification","valueRequired":true,"valueName":"search_term_string"}}],"inLanguage":"cs"}]}},"_links":{"self":[{"href":"https:\/\/www.oknobuild.com\/index.php\/wp-json\/wp\/v2\/product\/18097","targetHints":{"allow":["GET"]}}],"collection":[{"href":"https:\/\/www.oknobuild.com\/index.php\/wp-json\/wp\/v2\/product"}],"about":[{"href":"https:\/\/www.oknobuild.com\/index.php\/wp-json\/wp\/v2\/types\/product"}],"replies":[{"embeddable":true,"href":"https:\/\/www.oknobuild.com\/index.php\/wp-json\/wp\/v2\/comments?post=18097"}],"wp:featuredmedia":[{"embeddable":true,"href":"https:\/\/www.oknobuild.com\/index.php\/wp-json\/wp\/v2\/media\/18197"}],"wp:attachment":[{"href":"https:\/\/www.oknobuild.com\/index.php\/wp-json\/wp\/v2\/media?parent=18097"}],"wp:term":[{"taxonomy":"product_brand","embeddable":true,"href":"https:\/\/www.oknobuild.com\/index.php\/wp-json\/wp\/v2\/product_brand?post=18097"},{"taxonomy":"product_cat","embeddable":true,"href":"https:\/\/www.oknobuild.com\/index.php\/wp-json\/wp\/v2\/product_cat?post=18097"},{"taxonomy":"product_tag","embeddable":true,"href":"https:\/\/www.oknobuild.com\/index.php\/wp-json\/wp\/v2\/product_tag?post=18097"}],"curies":[{"name":"wp","href":"https:\/\/api.w.org\/{rel}","templated":true}]}}