{"id":18508,"date":"2026-04-27T04:41:19","date_gmt":"2026-04-27T04:41:19","guid":{"rendered":""},"modified":"2026-04-27T04:41:19","modified_gmt":"2026-04-27T04:41:19","slug":"zlevneny-jokey-dekoralu-ls-bila-zrcadlova-skrinka-hlinikova-124612020-0110-18508","status":"publish","type":"product","link":"https:\/\/www.oknobuild.com\/index.php\/produkt\/zlevneny-jokey-dekoralu-ls-bila-zrcadlova-skrinka-hlinikova-124612020-0110-18508\/","title":{"rendered":"Zlevn\u011bn\u00fd JOKEY DekorALU LS b\u00edl\u00e1 zrcadlov\u00e1 sk\u0159\u00ed\u0148ka hlin\u00edkov\u00e1 124612020-0110"},"content":{"rendered":"<div class=\"basic-description\">\n<h3>Detailn\u00ed popis produktu<\/h3>\n<p>JOKEY DekorALU LS b\u00edl\u00e1 zrcadlov\u00e1 sk\u0159\u00ed\u0148ka hlin\u00edkov\u00e1 124612020-0110<\/p>\n<p>NELZE poslat p\u0159es Z\u00e1silkovnu!<\/p>\n<p><strong>Rozm\u011bry:<\/strong><\/p>\n<ul>\n<li>\u0160\u00ed\u0159ka: 65,4 cm<\/li>\n<li>V\u00fd\u0161ka: 72 cm<\/li>\n<li>Hloubka: 15,3 cm<\/li>\n<\/ul>\n<p><strong>Barva:<\/strong><\/p>\n<ul>\n<li>B\u00edl\u00e1, zrcadlo, dub trufel<\/li>\n<\/ul>\n<p><strong>Materi\u00e1l:<\/strong><\/p>\n<ul>\n<li>Hlin\u00edk<\/li>\n<\/ul>\n<p><strong>Osv\u011btlen\u00ed:<\/strong><\/p>\n<ul>\n<li>1 x LED sv\u011bteln\u00e1 li\u0161ta<\/li>\n<li>Sv\u011bteln\u00fd tok: 880 lumen\u016f<\/li>\n<li>Barva sv\u011btla: 4000 Kelvin\u016f (neutr\u00e1ln\u00ed b\u00edl\u00e1)<\/li>\n<li>Mo\u017enost v\u00fdm\u011bny sv\u011bteln\u00e9ho zdroje: Ano<\/li>\n<li>Sv\u011bteln\u00fd zdroj sou\u010d\u00e1st\u00ed: Ano<\/li>\n<\/ul>\n<p><strong>Vybaven\u00ed:<\/strong><\/p>\n<ul>\n<li>2 dvojit\u00e1 k\u0159i\u0161\u0165\u00e1lov\u00e1 sklen\u011bn\u00e1 zrcadlov\u00e1 dve\u0159e s tlumen\u00edm Softclose<\/li>\n<li>3 nastaviteln\u00e9 sklen\u011bn\u00e9 vlo\u017eky<\/li>\n<li>Z\u00e1suvka s vyp\u00edna\u010dem<\/li>\n<li>Bo\u010dn\u00ed st\u011bny s barevn\u00fdmi dekora\u010dn\u00edmi li\u0161tami<\/li>\n<\/ul>\n<p><strong>Hmotnost:<\/strong><\/p>\n<ul>\n<li>P\u0159ibli\u017en\u011b 15,41 kg<\/li>\n<\/ul>\n<p><strong>Mont\u00e1\u017e:<\/strong><\/p>\n<ul>\n<li>Ji\u017e p\u0159edem smontovan\u00e1<\/li>\n<\/ul>\n<p><strong>Mont\u00e1\u017en\u00ed materi\u00e1l v cen\u011b:<\/strong><\/p>\n<ul>\n<li>Ano<\/li>\n<\/ul><\/div>\n","protected":false},"excerpt":{"rendered":"<p>Detailn\u00ed popis produktu JOKEY DekorALU LS b\u00edl\u00e1 zrcadlov\u00e1 sk\u0159\u00ed\u0148ka hlin\u00edkov\u00e1 124612020-0110 NELZE poslat p\u0159es Z\u00e1silkovnu! Rozm\u011bry: \u0160\u00ed\u0159ka: 65,4 cm V\u00fd\u0161ka: 72 cm Hloubka: 15,3 cm Barva: B\u00edl\u00e1, zrcadlo, dub trufel Materi\u00e1l: Hlin\u00edk Osv\u011btlen\u00ed: 1 x LED sv\u011bteln\u00e1 li\u0161ta Sv\u011bteln\u00fd tok: 880 lumen\u016f Barva sv\u011btla: 4000 Kelvin\u016f (neutr\u00e1ln\u00ed b\u00edl\u00e1) Mo\u017enost v\u00fdm\u011bny sv\u011bteln\u00e9ho zdroje: Ano Sv\u011bteln\u00fd zdroj [&hellip;]<\/p>\n","protected":false},"featured_media":18608,"comment_status":"open","ping_status":"open","template":"","meta":[],"product_brand":[],"product_cat":[72],"product_tag":[],"class_list":{"0":"post-18508","1":"product","2":"type-product","3":"status-publish","4":"has-post-thumbnail","6":"product_cat-koupelny-a-sanitarni-technika","8":"first","9":"instock","10":"sale","11":"shipping-taxable","12":"purchasable","13":"product-type-simple"},"yoast_head":"<!-- This site is optimized with the Yoast SEO plugin v26.8 - https:\/\/yoast.com\/product\/yoast-seo-wordpress\/ -->\n<title>Zlevn\u011bn\u00fd JOKEY DekorALU LS b\u00edl\u00e1 zrcadlov\u00e1 sk\u0159\u00ed\u0148ka hlin\u00edkov\u00e1 124612020-0110 -<\/title>\n<meta name=\"robots\" content=\"index, follow, max-snippet:-1, max-image-preview:large, max-video-preview:-1\" \/>\n<link rel=\"canonical\" href=\"https:\/\/www.oknobuild.com\/index.php\/produkt\/zlevneny-jokey-dekoralu-ls-bila-zrcadlova-skrinka-hlinikova-124612020-0110-18508\/\" \/>\n<meta property=\"og:locale\" content=\"cs_CZ\" \/>\n<meta property=\"og:type\" content=\"article\" \/>\n<meta property=\"og:title\" content=\"Zlevn\u011bn\u00fd JOKEY DekorALU LS b\u00edl\u00e1 zrcadlov\u00e1 sk\u0159\u00ed\u0148ka hlin\u00edkov\u00e1 124612020-0110 -\" \/>\n<meta property=\"og:description\" content=\"Detailn\u00ed popis produktu JOKEY DekorALU LS b\u00edl\u00e1 zrcadlov\u00e1 sk\u0159\u00ed\u0148ka hlin\u00edkov\u00e1 124612020-0110 NELZE poslat p\u0159es Z\u00e1silkovnu! Rozm\u011bry: \u0160\u00ed\u0159ka: 65,4 cm V\u00fd\u0161ka: 72 cm Hloubka: 15,3 cm Barva: B\u00edl\u00e1, zrcadlo, dub trufel Materi\u00e1l: Hlin\u00edk Osv\u011btlen\u00ed: 1 x LED sv\u011bteln\u00e1 li\u0161ta Sv\u011bteln\u00fd tok: 880 lumen\u016f Barva sv\u011btla: 4000 Kelvin\u016f (neutr\u00e1ln\u00ed b\u00edl\u00e1) Mo\u017enost v\u00fdm\u011bny sv\u011bteln\u00e9ho zdroje: Ano Sv\u011bteln\u00fd zdroj [&hellip;]\" \/>\n<meta property=\"og:url\" content=\"https:\/\/www.oknobuild.com\/index.php\/produkt\/zlevneny-jokey-dekoralu-ls-bila-zrcadlova-skrinka-hlinikova-124612020-0110-18508\/\" \/>\n<meta property=\"og:image\" content=\"https:\/\/www.oknobuild.com\/wp-content\/uploads\/2026\/SK0018096-CZ20260425-093351-0-1777080838-994626-5_0-124612010-dekoralu-ls-weiss-1.webp\" \/>\n\t<meta property=\"og:image:width\" content=\"1000\" \/>\n\t<meta property=\"og:image:height\" content=\"750\" \/>\n\t<meta property=\"og:image:type\" content=\"image\/webp\" \/>\n<meta name=\"twitter:card\" content=\"summary_large_image\" \/>\n<meta name=\"twitter:label1\" content=\"Odhadovan\u00e1 doba \u010dten\u00ed\" \/>\n\t<meta name=\"twitter:data1\" content=\"1 minuta\" \/>\n<script type=\"application\/ld+json\" class=\"yoast-schema-graph\">{\"@context\":\"https:\/\/schema.org\",\"@graph\":[{\"@type\":\"WebPage\",\"@id\":\"https:\/\/www.oknobuild.com\/index.php\/produkt\/zlevneny-jokey-dekoralu-ls-bila-zrcadlova-skrinka-hlinikova-124612020-0110-18508\/\",\"url\":\"https:\/\/www.oknobuild.com\/index.php\/produkt\/zlevneny-jokey-dekoralu-ls-bila-zrcadlova-skrinka-hlinikova-124612020-0110-18508\/\",\"name\":\"Zlevn\u011bn\u00fd JOKEY DekorALU LS b\u00edl\u00e1 zrcadlov\u00e1 sk\u0159\u00ed\u0148ka hlin\u00edkov\u00e1 124612020-0110 -\",\"isPartOf\":{\"@id\":\"https:\/\/www.oknobuild.com\/#website\"},\"primaryImageOfPage\":{\"@id\":\"https:\/\/www.oknobuild.com\/index.php\/produkt\/zlevneny-jokey-dekoralu-ls-bila-zrcadlova-skrinka-hlinikova-124612020-0110-18508\/#primaryimage\"},\"image\":{\"@id\":\"https:\/\/www.oknobuild.com\/index.php\/produkt\/zlevneny-jokey-dekoralu-ls-bila-zrcadlova-skrinka-hlinikova-124612020-0110-18508\/#primaryimage\"},\"thumbnailUrl\":\"https:\/\/www.oknobuild.com\/wp-content\/uploads\/2026\/SK0018096-CZ20260425-093351-0-1777080838-994626-5_0-124612010-dekoralu-ls-weiss-1.webp\",\"datePublished\":\"2026-04-27T04:41:19+00:00\",\"breadcrumb\":{\"@id\":\"https:\/\/www.oknobuild.com\/index.php\/produkt\/zlevneny-jokey-dekoralu-ls-bila-zrcadlova-skrinka-hlinikova-124612020-0110-18508\/#breadcrumb\"},\"inLanguage\":\"cs\",\"potentialAction\":[{\"@type\":\"ReadAction\",\"target\":[\"https:\/\/www.oknobuild.com\/index.php\/produkt\/zlevneny-jokey-dekoralu-ls-bila-zrcadlova-skrinka-hlinikova-124612020-0110-18508\/\"]}]},{\"@type\":\"ImageObject\",\"inLanguage\":\"cs\",\"@id\":\"https:\/\/www.oknobuild.com\/index.php\/produkt\/zlevneny-jokey-dekoralu-ls-bila-zrcadlova-skrinka-hlinikova-124612020-0110-18508\/#primaryimage\",\"url\":\"https:\/\/www.oknobuild.com\/wp-content\/uploads\/2026\/SK0018096-CZ20260425-093351-0-1777080838-994626-5_0-124612010-dekoralu-ls-weiss-1.webp\",\"contentUrl\":\"https:\/\/www.oknobuild.com\/wp-content\/uploads\/2026\/SK0018096-CZ20260425-093351-0-1777080838-994626-5_0-124612010-dekoralu-ls-weiss-1.webp\",\"width\":1000,\"height\":750},{\"@type\":\"BreadcrumbList\",\"@id\":\"https:\/\/www.oknobuild.com\/index.php\/produkt\/zlevneny-jokey-dekoralu-ls-bila-zrcadlova-skrinka-hlinikova-124612020-0110-18508\/#breadcrumb\",\"itemListElement\":[{\"@type\":\"ListItem\",\"position\":1,\"name\":\"Home\",\"item\":\"https:\/\/www.oknobuild.com\/\"},{\"@type\":\"ListItem\",\"position\":2,\"name\":\"Products\",\"item\":\"https:\/\/www.oknobuild.com\/index.php\/products\/\"},{\"@type\":\"ListItem\",\"position\":3,\"name\":\"Zlevn\u011bn\u00fd JOKEY DekorALU LS b\u00edl\u00e1 zrcadlov\u00e1 sk\u0159\u00ed\u0148ka hlin\u00edkov\u00e1 124612020-0110\"}]},{\"@type\":\"WebSite\",\"@id\":\"https:\/\/www.oknobuild.com\/#website\",\"url\":\"https:\/\/www.oknobuild.com\/\",\"name\":\"\",\"description\":\"\",\"potentialAction\":[{\"@type\":\"SearchAction\",\"target\":{\"@type\":\"EntryPoint\",\"urlTemplate\":\"https:\/\/www.oknobuild.com\/?s={search_term_string}\"},\"query-input\":{\"@type\":\"PropertyValueSpecification\",\"valueRequired\":true,\"valueName\":\"search_term_string\"}}],\"inLanguage\":\"cs\"}]}<\/script>\n<!-- \/ Yoast SEO plugin. -->","yoast_head_json":{"title":"Zlevn\u011bn\u00fd JOKEY DekorALU LS b\u00edl\u00e1 zrcadlov\u00e1 sk\u0159\u00ed\u0148ka hlin\u00edkov\u00e1 124612020-0110 -","robots":{"index":"index","follow":"follow","max-snippet":"max-snippet:-1","max-image-preview":"max-image-preview:large","max-video-preview":"max-video-preview:-1"},"canonical":"https:\/\/www.oknobuild.com\/index.php\/produkt\/zlevneny-jokey-dekoralu-ls-bila-zrcadlova-skrinka-hlinikova-124612020-0110-18508\/","og_locale":"cs_CZ","og_type":"article","og_title":"Zlevn\u011bn\u00fd JOKEY DekorALU LS b\u00edl\u00e1 zrcadlov\u00e1 sk\u0159\u00ed\u0148ka hlin\u00edkov\u00e1 124612020-0110 -","og_description":"Detailn\u00ed popis produktu JOKEY DekorALU LS b\u00edl\u00e1 zrcadlov\u00e1 sk\u0159\u00ed\u0148ka hlin\u00edkov\u00e1 124612020-0110 NELZE poslat p\u0159es Z\u00e1silkovnu! Rozm\u011bry: \u0160\u00ed\u0159ka: 65,4 cm V\u00fd\u0161ka: 72 cm Hloubka: 15,3 cm Barva: B\u00edl\u00e1, zrcadlo, dub trufel Materi\u00e1l: Hlin\u00edk Osv\u011btlen\u00ed: 1 x LED sv\u011bteln\u00e1 li\u0161ta Sv\u011bteln\u00fd tok: 880 lumen\u016f Barva sv\u011btla: 4000 Kelvin\u016f (neutr\u00e1ln\u00ed b\u00edl\u00e1) Mo\u017enost v\u00fdm\u011bny sv\u011bteln\u00e9ho zdroje: Ano Sv\u011bteln\u00fd zdroj [&hellip;]","og_url":"https:\/\/www.oknobuild.com\/index.php\/produkt\/zlevneny-jokey-dekoralu-ls-bila-zrcadlova-skrinka-hlinikova-124612020-0110-18508\/","og_image":[{"width":1000,"height":750,"url":"https:\/\/www.oknobuild.com\/wp-content\/uploads\/2026\/SK0018096-CZ20260425-093351-0-1777080838-994626-5_0-124612010-dekoralu-ls-weiss-1.webp","type":"image\/webp"}],"twitter_card":"summary_large_image","twitter_misc":{"Odhadovan\u00e1 doba \u010dten\u00ed":"1 minuta"},"schema":{"@context":"https:\/\/schema.org","@graph":[{"@type":"WebPage","@id":"https:\/\/www.oknobuild.com\/index.php\/produkt\/zlevneny-jokey-dekoralu-ls-bila-zrcadlova-skrinka-hlinikova-124612020-0110-18508\/","url":"https:\/\/www.oknobuild.com\/index.php\/produkt\/zlevneny-jokey-dekoralu-ls-bila-zrcadlova-skrinka-hlinikova-124612020-0110-18508\/","name":"Zlevn\u011bn\u00fd JOKEY DekorALU LS b\u00edl\u00e1 zrcadlov\u00e1 sk\u0159\u00ed\u0148ka hlin\u00edkov\u00e1 124612020-0110 -","isPartOf":{"@id":"https:\/\/www.oknobuild.com\/#website"},"primaryImageOfPage":{"@id":"https:\/\/www.oknobuild.com\/index.php\/produkt\/zlevneny-jokey-dekoralu-ls-bila-zrcadlova-skrinka-hlinikova-124612020-0110-18508\/#primaryimage"},"image":{"@id":"https:\/\/www.oknobuild.com\/index.php\/produkt\/zlevneny-jokey-dekoralu-ls-bila-zrcadlova-skrinka-hlinikova-124612020-0110-18508\/#primaryimage"},"thumbnailUrl":"https:\/\/www.oknobuild.com\/wp-content\/uploads\/2026\/SK0018096-CZ20260425-093351-0-1777080838-994626-5_0-124612010-dekoralu-ls-weiss-1.webp","datePublished":"2026-04-27T04:41:19+00:00","breadcrumb":{"@id":"https:\/\/www.oknobuild.com\/index.php\/produkt\/zlevneny-jokey-dekoralu-ls-bila-zrcadlova-skrinka-hlinikova-124612020-0110-18508\/#breadcrumb"},"inLanguage":"cs","potentialAction":[{"@type":"ReadAction","target":["https:\/\/www.oknobuild.com\/index.php\/produkt\/zlevneny-jokey-dekoralu-ls-bila-zrcadlova-skrinka-hlinikova-124612020-0110-18508\/"]}]},{"@type":"ImageObject","inLanguage":"cs","@id":"https:\/\/www.oknobuild.com\/index.php\/produkt\/zlevneny-jokey-dekoralu-ls-bila-zrcadlova-skrinka-hlinikova-124612020-0110-18508\/#primaryimage","url":"https:\/\/www.oknobuild.com\/wp-content\/uploads\/2026\/SK0018096-CZ20260425-093351-0-1777080838-994626-5_0-124612010-dekoralu-ls-weiss-1.webp","contentUrl":"https:\/\/www.oknobuild.com\/wp-content\/uploads\/2026\/SK0018096-CZ20260425-093351-0-1777080838-994626-5_0-124612010-dekoralu-ls-weiss-1.webp","width":1000,"height":750},{"@type":"BreadcrumbList","@id":"https:\/\/www.oknobuild.com\/index.php\/produkt\/zlevneny-jokey-dekoralu-ls-bila-zrcadlova-skrinka-hlinikova-124612020-0110-18508\/#breadcrumb","itemListElement":[{"@type":"ListItem","position":1,"name":"Home","item":"https:\/\/www.oknobuild.com\/"},{"@type":"ListItem","position":2,"name":"Products","item":"https:\/\/www.oknobuild.com\/index.php\/products\/"},{"@type":"ListItem","position":3,"name":"Zlevn\u011bn\u00fd JOKEY DekorALU LS b\u00edl\u00e1 zrcadlov\u00e1 sk\u0159\u00ed\u0148ka hlin\u00edkov\u00e1 124612020-0110"}]},{"@type":"WebSite","@id":"https:\/\/www.oknobuild.com\/#website","url":"https:\/\/www.oknobuild.com\/","name":"","description":"","potentialAction":[{"@type":"SearchAction","target":{"@type":"EntryPoint","urlTemplate":"https:\/\/www.oknobuild.com\/?s={search_term_string}"},"query-input":{"@type":"PropertyValueSpecification","valueRequired":true,"valueName":"search_term_string"}}],"inLanguage":"cs"}]}},"_links":{"self":[{"href":"https:\/\/www.oknobuild.com\/index.php\/wp-json\/wp\/v2\/product\/18508","targetHints":{"allow":["GET"]}}],"collection":[{"href":"https:\/\/www.oknobuild.com\/index.php\/wp-json\/wp\/v2\/product"}],"about":[{"href":"https:\/\/www.oknobuild.com\/index.php\/wp-json\/wp\/v2\/types\/product"}],"replies":[{"embeddable":true,"href":"https:\/\/www.oknobuild.com\/index.php\/wp-json\/wp\/v2\/comments?post=18508"}],"wp:featuredmedia":[{"embeddable":true,"href":"https:\/\/www.oknobuild.com\/index.php\/wp-json\/wp\/v2\/media\/18608"}],"wp:attachment":[{"href":"https:\/\/www.oknobuild.com\/index.php\/wp-json\/wp\/v2\/media?parent=18508"}],"wp:term":[{"taxonomy":"product_brand","embeddable":true,"href":"https:\/\/www.oknobuild.com\/index.php\/wp-json\/wp\/v2\/product_brand?post=18508"},{"taxonomy":"product_cat","embeddable":true,"href":"https:\/\/www.oknobuild.com\/index.php\/wp-json\/wp\/v2\/product_cat?post=18508"},{"taxonomy":"product_tag","embeddable":true,"href":"https:\/\/www.oknobuild.com\/index.php\/wp-json\/wp\/v2\/product_tag?post=18508"}],"curies":[{"name":"wp","href":"https:\/\/api.w.org\/{rel}","templated":true}]}}