{"id":18711,"date":"2026-04-27T04:41:20","date_gmt":"2026-04-27T04:41:20","guid":{"rendered":""},"modified":"2026-04-27T04:41:20","modified_gmt":"2026-04-27T04:41:20","slug":"zlevneny-jokey-salva-bila-zrcadlova-skrinka-plastova-186712320-0110-18711","status":"publish","type":"product","link":"https:\/\/www.oknobuild.com\/index.php\/produkt\/zlevneny-jokey-salva-bila-zrcadlova-skrinka-plastova-186712320-0110-18711\/","title":{"rendered":"Zlevn\u011bn\u00fd JOKEY Salva b\u00edl\u00e1 zrcadlov\u00e1 sk\u0159\u00ed\u0148ka plastov\u00e1 186712320-0110"},"content":{"rendered":"<div class=\"basic-description\">\n<h3>Detailn\u00ed popis produktu<\/h3>\n<p>JOKEY Salva b\u00edl\u00e1 zrcadlov\u00e1 sk\u0159\u00ed\u0148ka plastov\u00e1 186712320-0110<\/p>\n<p>NELZE poslat p\u0159es Z\u00e1silkovnu!<\/p>\n<p>Rozm\u011bry:<\/p>\n<ul>\n<li>\u0160\u00ed\u0159ka: 59 cm<\/li>\n<li>V\u00fd\u0161ka: 50 cm<\/li>\n<li>Hloubka: 15,5 cm<\/li>\n<\/ul>\n<p>Osv\u011btlen\u00ed:<\/p>\n<ul>\n<li>\u017d\u00e1rovka 40W (\u017e\u00e1rovka nen\u00ed sou\u010d\u00e1st\u00ed balen\u00ed)<\/li>\n<\/ul>\n<p>Z\u00e1suvka:<\/p>\n<ul>\n<li>Uzemn\u011bn\u00e1 220V<\/li>\n<\/ul>\n<p>Materi\u00e1l:<\/p>\n<ul>\n<li>Sk\u0159\u00ed\u0148ka je vyrobena z plastu<\/li>\n<\/ul>\n<p>Barva:<\/p>\n<ul>\n<li>B\u00edl\u00e1<\/li>\n<\/ul>\n<p>Zrcadlov\u00e1 sk\u0159\u00ed\u0148ka SALVA sest\u00e1v\u00e1 ze 2 zrcadlov\u00fdch dv\u00ed\u0159ek s 3D zrcadlov\u00fdm efektem, prost\u0159edn\u00ed pevn\u00e9 zrcadlo s odkl\u00e1dac\u00ed plochou a bezpe\u010dnostn\u00ed z\u00e1suvkou a osv\u011btlen\u00edm pro 40W \u017e\u00e1rovku.<\/p>\n<\/p><\/div>\n","protected":false},"excerpt":{"rendered":"<p>Detailn\u00ed popis produktu JOKEY Salva b\u00edl\u00e1 zrcadlov\u00e1 sk\u0159\u00ed\u0148ka plastov\u00e1 186712320-0110 NELZE poslat p\u0159es Z\u00e1silkovnu! Rozm\u011bry: \u0160\u00ed\u0159ka: 59 cm V\u00fd\u0161ka: 50 cm Hloubka: 15,5 cm Osv\u011btlen\u00ed: \u017d\u00e1rovka 40W (\u017e\u00e1rovka nen\u00ed sou\u010d\u00e1st\u00ed balen\u00ed) Z\u00e1suvka: Uzemn\u011bn\u00e1 220V Materi\u00e1l: Sk\u0159\u00ed\u0148ka je vyrobena z plastu Barva: B\u00edl\u00e1 Zrcadlov\u00e1 sk\u0159\u00ed\u0148ka SALVA sest\u00e1v\u00e1 ze 2 zrcadlov\u00fdch dv\u00ed\u0159ek s 3D zrcadlov\u00fdm efektem, prost\u0159edn\u00ed [&hellip;]<\/p>\n","protected":false},"featured_media":18811,"comment_status":"open","ping_status":"open","template":"","meta":[],"product_brand":[],"product_cat":[72],"product_tag":[],"class_list":{"0":"post-18711","1":"product","2":"type-product","3":"status-publish","4":"has-post-thumbnail","6":"product_cat-koupelny-a-sanitarni-technika","8":"first","9":"instock","10":"sale","11":"shipping-taxable","12":"purchasable","13":"product-type-simple"},"yoast_head":"<!-- This site is optimized with the Yoast SEO plugin v26.8 - https:\/\/yoast.com\/product\/yoast-seo-wordpress\/ -->\n<title>Zlevn\u011bn\u00fd JOKEY Salva b\u00edl\u00e1 zrcadlov\u00e1 sk\u0159\u00ed\u0148ka plastov\u00e1 186712320-0110 -<\/title>\n<meta name=\"robots\" content=\"index, follow, max-snippet:-1, max-image-preview:large, max-video-preview:-1\" \/>\n<link rel=\"canonical\" href=\"https:\/\/www.oknobuild.com\/index.php\/produkt\/zlevneny-jokey-salva-bila-zrcadlova-skrinka-plastova-186712320-0110-18711\/\" \/>\n<meta property=\"og:locale\" content=\"cs_CZ\" \/>\n<meta property=\"og:type\" content=\"article\" \/>\n<meta property=\"og:title\" content=\"Zlevn\u011bn\u00fd JOKEY Salva b\u00edl\u00e1 zrcadlov\u00e1 sk\u0159\u00ed\u0148ka plastov\u00e1 186712320-0110 -\" \/>\n<meta property=\"og:description\" content=\"Detailn\u00ed popis produktu JOKEY Salva b\u00edl\u00e1 zrcadlov\u00e1 sk\u0159\u00ed\u0148ka plastov\u00e1 186712320-0110 NELZE poslat p\u0159es Z\u00e1silkovnu! Rozm\u011bry: \u0160\u00ed\u0159ka: 59 cm V\u00fd\u0161ka: 50 cm Hloubka: 15,5 cm Osv\u011btlen\u00ed: \u017d\u00e1rovka 40W (\u017e\u00e1rovka nen\u00ed sou\u010d\u00e1st\u00ed balen\u00ed) Z\u00e1suvka: Uzemn\u011bn\u00e1 220V Materi\u00e1l: Sk\u0159\u00ed\u0148ka je vyrobena z plastu Barva: B\u00edl\u00e1 Zrcadlov\u00e1 sk\u0159\u00ed\u0148ka SALVA sest\u00e1v\u00e1 ze 2 zrcadlov\u00fdch dv\u00ed\u0159ek s 3D zrcadlov\u00fdm efektem, prost\u0159edn\u00ed [&hellip;]\" \/>\n<meta property=\"og:url\" content=\"https:\/\/www.oknobuild.com\/index.php\/produkt\/zlevneny-jokey-salva-bila-zrcadlova-skrinka-plastova-186712320-0110-18711\/\" \/>\n<meta property=\"og:image\" content=\"https:\/\/www.oknobuild.com\/wp-content\/uploads\/2026\/SK0018199-CZ20260425-093351-0-1777080838-993633_jokey-salva-bila-zrcadlova-skrinka-plastova-18671232.webp\" \/>\n\t<meta property=\"og:image:width\" content=\"1000\" \/>\n\t<meta property=\"og:image:height\" content=\"750\" \/>\n\t<meta property=\"og:image:type\" content=\"image\/webp\" \/>\n<meta name=\"twitter:card\" content=\"summary_large_image\" \/>\n<script type=\"application\/ld+json\" class=\"yoast-schema-graph\">{\"@context\":\"https:\/\/schema.org\",\"@graph\":[{\"@type\":\"WebPage\",\"@id\":\"https:\/\/www.oknobuild.com\/index.php\/produkt\/zlevneny-jokey-salva-bila-zrcadlova-skrinka-plastova-186712320-0110-18711\/\",\"url\":\"https:\/\/www.oknobuild.com\/index.php\/produkt\/zlevneny-jokey-salva-bila-zrcadlova-skrinka-plastova-186712320-0110-18711\/\",\"name\":\"Zlevn\u011bn\u00fd JOKEY Salva b\u00edl\u00e1 zrcadlov\u00e1 sk\u0159\u00ed\u0148ka plastov\u00e1 186712320-0110 -\",\"isPartOf\":{\"@id\":\"https:\/\/www.oknobuild.com\/#website\"},\"primaryImageOfPage\":{\"@id\":\"https:\/\/www.oknobuild.com\/index.php\/produkt\/zlevneny-jokey-salva-bila-zrcadlova-skrinka-plastova-186712320-0110-18711\/#primaryimage\"},\"image\":{\"@id\":\"https:\/\/www.oknobuild.com\/index.php\/produkt\/zlevneny-jokey-salva-bila-zrcadlova-skrinka-plastova-186712320-0110-18711\/#primaryimage\"},\"thumbnailUrl\":\"https:\/\/www.oknobuild.com\/wp-content\/uploads\/2026\/SK0018199-CZ20260425-093351-0-1777080838-993633_jokey-salva-bila-zrcadlova-skrinka-plastova-18671232.webp\",\"datePublished\":\"2026-04-27T04:41:20+00:00\",\"breadcrumb\":{\"@id\":\"https:\/\/www.oknobuild.com\/index.php\/produkt\/zlevneny-jokey-salva-bila-zrcadlova-skrinka-plastova-186712320-0110-18711\/#breadcrumb\"},\"inLanguage\":\"cs\",\"potentialAction\":[{\"@type\":\"ReadAction\",\"target\":[\"https:\/\/www.oknobuild.com\/index.php\/produkt\/zlevneny-jokey-salva-bila-zrcadlova-skrinka-plastova-186712320-0110-18711\/\"]}]},{\"@type\":\"ImageObject\",\"inLanguage\":\"cs\",\"@id\":\"https:\/\/www.oknobuild.com\/index.php\/produkt\/zlevneny-jokey-salva-bila-zrcadlova-skrinka-plastova-186712320-0110-18711\/#primaryimage\",\"url\":\"https:\/\/www.oknobuild.com\/wp-content\/uploads\/2026\/SK0018199-CZ20260425-093351-0-1777080838-993633_jokey-salva-bila-zrcadlova-skrinka-plastova-18671232.webp\",\"contentUrl\":\"https:\/\/www.oknobuild.com\/wp-content\/uploads\/2026\/SK0018199-CZ20260425-093351-0-1777080838-993633_jokey-salva-bila-zrcadlova-skrinka-plastova-18671232.webp\",\"width\":1000,\"height\":750},{\"@type\":\"BreadcrumbList\",\"@id\":\"https:\/\/www.oknobuild.com\/index.php\/produkt\/zlevneny-jokey-salva-bila-zrcadlova-skrinka-plastova-186712320-0110-18711\/#breadcrumb\",\"itemListElement\":[{\"@type\":\"ListItem\",\"position\":1,\"name\":\"Home\",\"item\":\"https:\/\/www.oknobuild.com\/\"},{\"@type\":\"ListItem\",\"position\":2,\"name\":\"Products\",\"item\":\"https:\/\/www.oknobuild.com\/index.php\/products\/\"},{\"@type\":\"ListItem\",\"position\":3,\"name\":\"Zlevn\u011bn\u00fd JOKEY Salva b\u00edl\u00e1 zrcadlov\u00e1 sk\u0159\u00ed\u0148ka plastov\u00e1 186712320-0110\"}]},{\"@type\":\"WebSite\",\"@id\":\"https:\/\/www.oknobuild.com\/#website\",\"url\":\"https:\/\/www.oknobuild.com\/\",\"name\":\"\",\"description\":\"\",\"potentialAction\":[{\"@type\":\"SearchAction\",\"target\":{\"@type\":\"EntryPoint\",\"urlTemplate\":\"https:\/\/www.oknobuild.com\/?s={search_term_string}\"},\"query-input\":{\"@type\":\"PropertyValueSpecification\",\"valueRequired\":true,\"valueName\":\"search_term_string\"}}],\"inLanguage\":\"cs\"}]}<\/script>\n<!-- \/ Yoast SEO plugin. -->","yoast_head_json":{"title":"Zlevn\u011bn\u00fd JOKEY Salva b\u00edl\u00e1 zrcadlov\u00e1 sk\u0159\u00ed\u0148ka plastov\u00e1 186712320-0110 -","robots":{"index":"index","follow":"follow","max-snippet":"max-snippet:-1","max-image-preview":"max-image-preview:large","max-video-preview":"max-video-preview:-1"},"canonical":"https:\/\/www.oknobuild.com\/index.php\/produkt\/zlevneny-jokey-salva-bila-zrcadlova-skrinka-plastova-186712320-0110-18711\/","og_locale":"cs_CZ","og_type":"article","og_title":"Zlevn\u011bn\u00fd JOKEY Salva b\u00edl\u00e1 zrcadlov\u00e1 sk\u0159\u00ed\u0148ka plastov\u00e1 186712320-0110 -","og_description":"Detailn\u00ed popis produktu JOKEY Salva b\u00edl\u00e1 zrcadlov\u00e1 sk\u0159\u00ed\u0148ka plastov\u00e1 186712320-0110 NELZE poslat p\u0159es Z\u00e1silkovnu! Rozm\u011bry: \u0160\u00ed\u0159ka: 59 cm V\u00fd\u0161ka: 50 cm Hloubka: 15,5 cm Osv\u011btlen\u00ed: \u017d\u00e1rovka 40W (\u017e\u00e1rovka nen\u00ed sou\u010d\u00e1st\u00ed balen\u00ed) Z\u00e1suvka: Uzemn\u011bn\u00e1 220V Materi\u00e1l: Sk\u0159\u00ed\u0148ka je vyrobena z plastu Barva: B\u00edl\u00e1 Zrcadlov\u00e1 sk\u0159\u00ed\u0148ka SALVA sest\u00e1v\u00e1 ze 2 zrcadlov\u00fdch dv\u00ed\u0159ek s 3D zrcadlov\u00fdm efektem, prost\u0159edn\u00ed [&hellip;]","og_url":"https:\/\/www.oknobuild.com\/index.php\/produkt\/zlevneny-jokey-salva-bila-zrcadlova-skrinka-plastova-186712320-0110-18711\/","og_image":[{"width":1000,"height":750,"url":"https:\/\/www.oknobuild.com\/wp-content\/uploads\/2026\/SK0018199-CZ20260425-093351-0-1777080838-993633_jokey-salva-bila-zrcadlova-skrinka-plastova-18671232.webp","type":"image\/webp"}],"twitter_card":"summary_large_image","schema":{"@context":"https:\/\/schema.org","@graph":[{"@type":"WebPage","@id":"https:\/\/www.oknobuild.com\/index.php\/produkt\/zlevneny-jokey-salva-bila-zrcadlova-skrinka-plastova-186712320-0110-18711\/","url":"https:\/\/www.oknobuild.com\/index.php\/produkt\/zlevneny-jokey-salva-bila-zrcadlova-skrinka-plastova-186712320-0110-18711\/","name":"Zlevn\u011bn\u00fd JOKEY Salva b\u00edl\u00e1 zrcadlov\u00e1 sk\u0159\u00ed\u0148ka plastov\u00e1 186712320-0110 -","isPartOf":{"@id":"https:\/\/www.oknobuild.com\/#website"},"primaryImageOfPage":{"@id":"https:\/\/www.oknobuild.com\/index.php\/produkt\/zlevneny-jokey-salva-bila-zrcadlova-skrinka-plastova-186712320-0110-18711\/#primaryimage"},"image":{"@id":"https:\/\/www.oknobuild.com\/index.php\/produkt\/zlevneny-jokey-salva-bila-zrcadlova-skrinka-plastova-186712320-0110-18711\/#primaryimage"},"thumbnailUrl":"https:\/\/www.oknobuild.com\/wp-content\/uploads\/2026\/SK0018199-CZ20260425-093351-0-1777080838-993633_jokey-salva-bila-zrcadlova-skrinka-plastova-18671232.webp","datePublished":"2026-04-27T04:41:20+00:00","breadcrumb":{"@id":"https:\/\/www.oknobuild.com\/index.php\/produkt\/zlevneny-jokey-salva-bila-zrcadlova-skrinka-plastova-186712320-0110-18711\/#breadcrumb"},"inLanguage":"cs","potentialAction":[{"@type":"ReadAction","target":["https:\/\/www.oknobuild.com\/index.php\/produkt\/zlevneny-jokey-salva-bila-zrcadlova-skrinka-plastova-186712320-0110-18711\/"]}]},{"@type":"ImageObject","inLanguage":"cs","@id":"https:\/\/www.oknobuild.com\/index.php\/produkt\/zlevneny-jokey-salva-bila-zrcadlova-skrinka-plastova-186712320-0110-18711\/#primaryimage","url":"https:\/\/www.oknobuild.com\/wp-content\/uploads\/2026\/SK0018199-CZ20260425-093351-0-1777080838-993633_jokey-salva-bila-zrcadlova-skrinka-plastova-18671232.webp","contentUrl":"https:\/\/www.oknobuild.com\/wp-content\/uploads\/2026\/SK0018199-CZ20260425-093351-0-1777080838-993633_jokey-salva-bila-zrcadlova-skrinka-plastova-18671232.webp","width":1000,"height":750},{"@type":"BreadcrumbList","@id":"https:\/\/www.oknobuild.com\/index.php\/produkt\/zlevneny-jokey-salva-bila-zrcadlova-skrinka-plastova-186712320-0110-18711\/#breadcrumb","itemListElement":[{"@type":"ListItem","position":1,"name":"Home","item":"https:\/\/www.oknobuild.com\/"},{"@type":"ListItem","position":2,"name":"Products","item":"https:\/\/www.oknobuild.com\/index.php\/products\/"},{"@type":"ListItem","position":3,"name":"Zlevn\u011bn\u00fd JOKEY Salva b\u00edl\u00e1 zrcadlov\u00e1 sk\u0159\u00ed\u0148ka plastov\u00e1 186712320-0110"}]},{"@type":"WebSite","@id":"https:\/\/www.oknobuild.com\/#website","url":"https:\/\/www.oknobuild.com\/","name":"","description":"","potentialAction":[{"@type":"SearchAction","target":{"@type":"EntryPoint","urlTemplate":"https:\/\/www.oknobuild.com\/?s={search_term_string}"},"query-input":{"@type":"PropertyValueSpecification","valueRequired":true,"valueName":"search_term_string"}}],"inLanguage":"cs"}]}},"_links":{"self":[{"href":"https:\/\/www.oknobuild.com\/index.php\/wp-json\/wp\/v2\/product\/18711","targetHints":{"allow":["GET"]}}],"collection":[{"href":"https:\/\/www.oknobuild.com\/index.php\/wp-json\/wp\/v2\/product"}],"about":[{"href":"https:\/\/www.oknobuild.com\/index.php\/wp-json\/wp\/v2\/types\/product"}],"replies":[{"embeddable":true,"href":"https:\/\/www.oknobuild.com\/index.php\/wp-json\/wp\/v2\/comments?post=18711"}],"wp:featuredmedia":[{"embeddable":true,"href":"https:\/\/www.oknobuild.com\/index.php\/wp-json\/wp\/v2\/media\/18811"}],"wp:attachment":[{"href":"https:\/\/www.oknobuild.com\/index.php\/wp-json\/wp\/v2\/media?parent=18711"}],"wp:term":[{"taxonomy":"product_brand","embeddable":true,"href":"https:\/\/www.oknobuild.com\/index.php\/wp-json\/wp\/v2\/product_brand?post=18711"},{"taxonomy":"product_cat","embeddable":true,"href":"https:\/\/www.oknobuild.com\/index.php\/wp-json\/wp\/v2\/product_cat?post=18711"},{"taxonomy":"product_tag","embeddable":true,"href":"https:\/\/www.oknobuild.com\/index.php\/wp-json\/wp\/v2\/product_tag?post=18711"}],"curies":[{"name":"wp","href":"https:\/\/api.w.org\/{rel}","templated":true}]}}