{"id":18746,"date":"2026-04-27T04:41:20","date_gmt":"2026-04-27T04:41:20","guid":{"rendered":""},"modified":"2026-04-27T04:41:20","modified_gmt":"2026-04-27T04:41:20","slug":"zlevneny-jika-ovladaci-deska-pl3-dualflush-bila-2tlacitko-25x16-h8936620000001-18746","status":"publish","type":"product","link":"https:\/\/www.oknobuild.com\/index.php\/produkt\/zlevneny-jika-ovladaci-deska-pl3-dualflush-bila-2tlacitko-25x16-h8936620000001-18746\/","title":{"rendered":"Zlevn\u011bn\u00fd Jika ovl\u00e1d\u00e1c\u00ed deska PL3 DualFlush b\u00edl\u00e1 2tla\u010d\u00edtko 25&#215;16  H8936620000001"},"content":{"rendered":"<div class=\"basic-description\">\n<h3>Detailn\u00ed popis produktu<\/h3>\n<p>                                    Jika ovl\u00e1d\u00e1c\u00ed deska PL3 DualFlush b\u00edl\u00e1, 2tla\u010d\u00edtko  H8936620000001                            <\/p><\/div>\n","protected":false},"excerpt":{"rendered":"<p>Detailn\u00ed popis produktu Jika ovl\u00e1d\u00e1c\u00ed deska PL3 DualFlush b\u00edl\u00e1, 2tla\u010d\u00edtko H8936620000001<\/p>\n","protected":false},"featured_media":18846,"comment_status":"open","ping_status":"open","template":"","meta":[],"product_brand":[],"product_cat":[72],"product_tag":[],"class_list":{"0":"post-18746","1":"product","2":"type-product","3":"status-publish","4":"has-post-thumbnail","6":"product_cat-koupelny-a-sanitarni-technika","8":"first","9":"instock","10":"sale","11":"shipping-taxable","12":"purchasable","13":"product-type-simple"},"yoast_head":"<!-- This site is optimized with the Yoast SEO plugin v26.8 - https:\/\/yoast.com\/product\/yoast-seo-wordpress\/ -->\n<title>Zlevn\u011bn\u00fd Jika ovl\u00e1d\u00e1c\u00ed deska PL3 DualFlush b\u00edl\u00e1 2tla\u010d\u00edtko 25x16 H8936620000001 -<\/title>\n<meta name=\"robots\" content=\"index, follow, max-snippet:-1, max-image-preview:large, max-video-preview:-1\" \/>\n<link rel=\"canonical\" href=\"https:\/\/www.oknobuild.com\/index.php\/produkt\/zlevneny-jika-ovladaci-deska-pl3-dualflush-bila-2tlacitko-25x16-h8936620000001-18746\/\" \/>\n<meta property=\"og:locale\" content=\"cs_CZ\" \/>\n<meta property=\"og:type\" content=\"article\" \/>\n<meta property=\"og:title\" content=\"Zlevn\u011bn\u00fd Jika ovl\u00e1d\u00e1c\u00ed deska PL3 DualFlush b\u00edl\u00e1 2tla\u010d\u00edtko 25x16 H8936620000001 -\" \/>\n<meta property=\"og:description\" content=\"Detailn\u00ed popis produktu Jika ovl\u00e1d\u00e1c\u00ed deska PL3 DualFlush b\u00edl\u00e1, 2tla\u010d\u00edtko H8936620000001\" \/>\n<meta property=\"og:url\" content=\"https:\/\/www.oknobuild.com\/index.php\/produkt\/zlevneny-jika-ovladaci-deska-pl3-dualflush-bila-2tlacitko-25x16-h8936620000001-18746\/\" \/>\n<meta property=\"og:image\" content=\"https:\/\/www.oknobuild.com\/wp-content\/uploads\/2026\/SK0018234-CZ20260425-093351-0-1777080838-993438_8-9366-3a-jpg.webp\" \/>\n\t<meta property=\"og:image:width\" content=\"1000\" \/>\n\t<meta property=\"og:image:height\" content=\"750\" \/>\n\t<meta property=\"og:image:type\" content=\"image\/webp\" \/>\n<meta name=\"twitter:card\" content=\"summary_large_image\" \/>\n<script type=\"application\/ld+json\" class=\"yoast-schema-graph\">{\"@context\":\"https:\/\/schema.org\",\"@graph\":[{\"@type\":\"WebPage\",\"@id\":\"https:\/\/www.oknobuild.com\/index.php\/produkt\/zlevneny-jika-ovladaci-deska-pl3-dualflush-bila-2tlacitko-25x16-h8936620000001-18746\/\",\"url\":\"https:\/\/www.oknobuild.com\/index.php\/produkt\/zlevneny-jika-ovladaci-deska-pl3-dualflush-bila-2tlacitko-25x16-h8936620000001-18746\/\",\"name\":\"Zlevn\u011bn\u00fd Jika ovl\u00e1d\u00e1c\u00ed deska PL3 DualFlush b\u00edl\u00e1 2tla\u010d\u00edtko 25x16 H8936620000001 -\",\"isPartOf\":{\"@id\":\"https:\/\/www.oknobuild.com\/#website\"},\"primaryImageOfPage\":{\"@id\":\"https:\/\/www.oknobuild.com\/index.php\/produkt\/zlevneny-jika-ovladaci-deska-pl3-dualflush-bila-2tlacitko-25x16-h8936620000001-18746\/#primaryimage\"},\"image\":{\"@id\":\"https:\/\/www.oknobuild.com\/index.php\/produkt\/zlevneny-jika-ovladaci-deska-pl3-dualflush-bila-2tlacitko-25x16-h8936620000001-18746\/#primaryimage\"},\"thumbnailUrl\":\"https:\/\/www.oknobuild.com\/wp-content\/uploads\/2026\/SK0018234-CZ20260425-093351-0-1777080838-993438_8-9366-3a-jpg.webp\",\"datePublished\":\"2026-04-27T04:41:20+00:00\",\"breadcrumb\":{\"@id\":\"https:\/\/www.oknobuild.com\/index.php\/produkt\/zlevneny-jika-ovladaci-deska-pl3-dualflush-bila-2tlacitko-25x16-h8936620000001-18746\/#breadcrumb\"},\"inLanguage\":\"cs\",\"potentialAction\":[{\"@type\":\"ReadAction\",\"target\":[\"https:\/\/www.oknobuild.com\/index.php\/produkt\/zlevneny-jika-ovladaci-deska-pl3-dualflush-bila-2tlacitko-25x16-h8936620000001-18746\/\"]}]},{\"@type\":\"ImageObject\",\"inLanguage\":\"cs\",\"@id\":\"https:\/\/www.oknobuild.com\/index.php\/produkt\/zlevneny-jika-ovladaci-deska-pl3-dualflush-bila-2tlacitko-25x16-h8936620000001-18746\/#primaryimage\",\"url\":\"https:\/\/www.oknobuild.com\/wp-content\/uploads\/2026\/SK0018234-CZ20260425-093351-0-1777080838-993438_8-9366-3a-jpg.webp\",\"contentUrl\":\"https:\/\/www.oknobuild.com\/wp-content\/uploads\/2026\/SK0018234-CZ20260425-093351-0-1777080838-993438_8-9366-3a-jpg.webp\",\"width\":1000,\"height\":750},{\"@type\":\"BreadcrumbList\",\"@id\":\"https:\/\/www.oknobuild.com\/index.php\/produkt\/zlevneny-jika-ovladaci-deska-pl3-dualflush-bila-2tlacitko-25x16-h8936620000001-18746\/#breadcrumb\",\"itemListElement\":[{\"@type\":\"ListItem\",\"position\":1,\"name\":\"Home\",\"item\":\"https:\/\/www.oknobuild.com\/\"},{\"@type\":\"ListItem\",\"position\":2,\"name\":\"Products\",\"item\":\"https:\/\/www.oknobuild.com\/index.php\/products\/\"},{\"@type\":\"ListItem\",\"position\":3,\"name\":\"Zlevn\u011bn\u00fd Jika ovl\u00e1d\u00e1c\u00ed deska PL3 DualFlush b\u00edl\u00e1 2tla\u010d\u00edtko 25&#215;16 H8936620000001\"}]},{\"@type\":\"WebSite\",\"@id\":\"https:\/\/www.oknobuild.com\/#website\",\"url\":\"https:\/\/www.oknobuild.com\/\",\"name\":\"\",\"description\":\"\",\"potentialAction\":[{\"@type\":\"SearchAction\",\"target\":{\"@type\":\"EntryPoint\",\"urlTemplate\":\"https:\/\/www.oknobuild.com\/?s={search_term_string}\"},\"query-input\":{\"@type\":\"PropertyValueSpecification\",\"valueRequired\":true,\"valueName\":\"search_term_string\"}}],\"inLanguage\":\"cs\"}]}<\/script>\n<!-- \/ Yoast SEO plugin. -->","yoast_head_json":{"title":"Zlevn\u011bn\u00fd Jika ovl\u00e1d\u00e1c\u00ed deska PL3 DualFlush b\u00edl\u00e1 2tla\u010d\u00edtko 25x16 H8936620000001 -","robots":{"index":"index","follow":"follow","max-snippet":"max-snippet:-1","max-image-preview":"max-image-preview:large","max-video-preview":"max-video-preview:-1"},"canonical":"https:\/\/www.oknobuild.com\/index.php\/produkt\/zlevneny-jika-ovladaci-deska-pl3-dualflush-bila-2tlacitko-25x16-h8936620000001-18746\/","og_locale":"cs_CZ","og_type":"article","og_title":"Zlevn\u011bn\u00fd Jika ovl\u00e1d\u00e1c\u00ed deska PL3 DualFlush b\u00edl\u00e1 2tla\u010d\u00edtko 25x16 H8936620000001 -","og_description":"Detailn\u00ed popis produktu Jika ovl\u00e1d\u00e1c\u00ed deska PL3 DualFlush b\u00edl\u00e1, 2tla\u010d\u00edtko H8936620000001","og_url":"https:\/\/www.oknobuild.com\/index.php\/produkt\/zlevneny-jika-ovladaci-deska-pl3-dualflush-bila-2tlacitko-25x16-h8936620000001-18746\/","og_image":[{"width":1000,"height":750,"url":"https:\/\/www.oknobuild.com\/wp-content\/uploads\/2026\/SK0018234-CZ20260425-093351-0-1777080838-993438_8-9366-3a-jpg.webp","type":"image\/webp"}],"twitter_card":"summary_large_image","schema":{"@context":"https:\/\/schema.org","@graph":[{"@type":"WebPage","@id":"https:\/\/www.oknobuild.com\/index.php\/produkt\/zlevneny-jika-ovladaci-deska-pl3-dualflush-bila-2tlacitko-25x16-h8936620000001-18746\/","url":"https:\/\/www.oknobuild.com\/index.php\/produkt\/zlevneny-jika-ovladaci-deska-pl3-dualflush-bila-2tlacitko-25x16-h8936620000001-18746\/","name":"Zlevn\u011bn\u00fd Jika ovl\u00e1d\u00e1c\u00ed deska PL3 DualFlush b\u00edl\u00e1 2tla\u010d\u00edtko 25x16 H8936620000001 -","isPartOf":{"@id":"https:\/\/www.oknobuild.com\/#website"},"primaryImageOfPage":{"@id":"https:\/\/www.oknobuild.com\/index.php\/produkt\/zlevneny-jika-ovladaci-deska-pl3-dualflush-bila-2tlacitko-25x16-h8936620000001-18746\/#primaryimage"},"image":{"@id":"https:\/\/www.oknobuild.com\/index.php\/produkt\/zlevneny-jika-ovladaci-deska-pl3-dualflush-bila-2tlacitko-25x16-h8936620000001-18746\/#primaryimage"},"thumbnailUrl":"https:\/\/www.oknobuild.com\/wp-content\/uploads\/2026\/SK0018234-CZ20260425-093351-0-1777080838-993438_8-9366-3a-jpg.webp","datePublished":"2026-04-27T04:41:20+00:00","breadcrumb":{"@id":"https:\/\/www.oknobuild.com\/index.php\/produkt\/zlevneny-jika-ovladaci-deska-pl3-dualflush-bila-2tlacitko-25x16-h8936620000001-18746\/#breadcrumb"},"inLanguage":"cs","potentialAction":[{"@type":"ReadAction","target":["https:\/\/www.oknobuild.com\/index.php\/produkt\/zlevneny-jika-ovladaci-deska-pl3-dualflush-bila-2tlacitko-25x16-h8936620000001-18746\/"]}]},{"@type":"ImageObject","inLanguage":"cs","@id":"https:\/\/www.oknobuild.com\/index.php\/produkt\/zlevneny-jika-ovladaci-deska-pl3-dualflush-bila-2tlacitko-25x16-h8936620000001-18746\/#primaryimage","url":"https:\/\/www.oknobuild.com\/wp-content\/uploads\/2026\/SK0018234-CZ20260425-093351-0-1777080838-993438_8-9366-3a-jpg.webp","contentUrl":"https:\/\/www.oknobuild.com\/wp-content\/uploads\/2026\/SK0018234-CZ20260425-093351-0-1777080838-993438_8-9366-3a-jpg.webp","width":1000,"height":750},{"@type":"BreadcrumbList","@id":"https:\/\/www.oknobuild.com\/index.php\/produkt\/zlevneny-jika-ovladaci-deska-pl3-dualflush-bila-2tlacitko-25x16-h8936620000001-18746\/#breadcrumb","itemListElement":[{"@type":"ListItem","position":1,"name":"Home","item":"https:\/\/www.oknobuild.com\/"},{"@type":"ListItem","position":2,"name":"Products","item":"https:\/\/www.oknobuild.com\/index.php\/products\/"},{"@type":"ListItem","position":3,"name":"Zlevn\u011bn\u00fd Jika ovl\u00e1d\u00e1c\u00ed deska PL3 DualFlush b\u00edl\u00e1 2tla\u010d\u00edtko 25&#215;16 H8936620000001"}]},{"@type":"WebSite","@id":"https:\/\/www.oknobuild.com\/#website","url":"https:\/\/www.oknobuild.com\/","name":"","description":"","potentialAction":[{"@type":"SearchAction","target":{"@type":"EntryPoint","urlTemplate":"https:\/\/www.oknobuild.com\/?s={search_term_string}"},"query-input":{"@type":"PropertyValueSpecification","valueRequired":true,"valueName":"search_term_string"}}],"inLanguage":"cs"}]}},"_links":{"self":[{"href":"https:\/\/www.oknobuild.com\/index.php\/wp-json\/wp\/v2\/product\/18746","targetHints":{"allow":["GET"]}}],"collection":[{"href":"https:\/\/www.oknobuild.com\/index.php\/wp-json\/wp\/v2\/product"}],"about":[{"href":"https:\/\/www.oknobuild.com\/index.php\/wp-json\/wp\/v2\/types\/product"}],"replies":[{"embeddable":true,"href":"https:\/\/www.oknobuild.com\/index.php\/wp-json\/wp\/v2\/comments?post=18746"}],"wp:featuredmedia":[{"embeddable":true,"href":"https:\/\/www.oknobuild.com\/index.php\/wp-json\/wp\/v2\/media\/18846"}],"wp:attachment":[{"href":"https:\/\/www.oknobuild.com\/index.php\/wp-json\/wp\/v2\/media?parent=18746"}],"wp:term":[{"taxonomy":"product_brand","embeddable":true,"href":"https:\/\/www.oknobuild.com\/index.php\/wp-json\/wp\/v2\/product_brand?post=18746"},{"taxonomy":"product_cat","embeddable":true,"href":"https:\/\/www.oknobuild.com\/index.php\/wp-json\/wp\/v2\/product_cat?post=18746"},{"taxonomy":"product_tag","embeddable":true,"href":"https:\/\/www.oknobuild.com\/index.php\/wp-json\/wp\/v2\/product_tag?post=18746"}],"curies":[{"name":"wp","href":"https:\/\/api.w.org\/{rel}","templated":true}]}}