{"id":18765,"date":"2026-04-27T04:41:20","date_gmt":"2026-04-27T04:41:20","guid":{"rendered":""},"modified":"2026-04-27T04:41:20","modified_gmt":"2026-04-27T04:41:20","slug":"akcni-cena-jika-universum-madlo-leve-do-sprchy-nerez-75x45-3-8971-2-003-000-1-18765","status":"publish","type":"product","link":"https:\/\/www.oknobuild.com\/index.php\/produkt\/akcni-cena-jika-universum-madlo-leve-do-sprchy-nerez-75x45-3-8971-2-003-000-1-18765\/","title":{"rendered":"Ak\u010dn\u00ed Cena JIKA UNIVERSUM madlo Lev\u00e9 do sprchy nerez 75&#215;45 3.8971.2.003.000.1"},"content":{"rendered":"<div class=\"basic-description\">\n<h3>Detailn\u00ed popis produktu<\/h3>\n<p>                                    JIKA UNIVERSUM madlo Lev\u00e9 do sprchy nerez 75&#215;45 H3897120030001<\/p>\n<p>Rozm\u011bry:<\/p>\n<p>D\u00e9lka:  750 mm.<\/p>\n<p>\u0160\u00ed\u0159ka:  450 mm.<\/p>\n<p>V\u00fd\u0161ka:  0 mm.<\/p>\n<p>Pevn\u00e9 madlo do sprchy (lev\u00e1 varianta) o d\u00e9lce 750 mm pat\u0159\u00ed do p\u0159\u00edslu\u0161enstv\u00ed pro koupelnu bez bari\u00e9r Universum a je vyroben\u00e9 z u\u0161lechtil\u00e9 le\u0161t\u011bn\u00e9 nerezov\u00e9 oceli. Na p\u0159\u00edslu\u0161enstv\u00ed Universum poskytujeme 30letou z\u00e1ruku. Madlo spl\u0148uje vyhl\u00e1\u0161ku \u010d. 398\/2009 Sb., o obecn\u00fdch technick\u00fdch po\u017eadavc\u00edch zabezpe\u010duj\u00edc\u00edch u\u017e\u00edv\u00e1n\u00ed staveb osobami s omezenou schopnost\u00ed pohybu a orientace, kter\u00e1 je platn\u00e1 od listopadu 2009.                            <\/p><\/div>\n","protected":false},"excerpt":{"rendered":"<p>Detailn\u00ed popis produktu JIKA UNIVERSUM madlo Lev\u00e9 do sprchy nerez 75&#215;45 H3897120030001 Rozm\u011bry: D\u00e9lka: 750 mm. \u0160\u00ed\u0159ka: 450 mm. V\u00fd\u0161ka: 0 mm. Pevn\u00e9 madlo do sprchy (lev\u00e1 varianta) o d\u00e9lce 750 mm pat\u0159\u00ed do p\u0159\u00edslu\u0161enstv\u00ed pro koupelnu bez bari\u00e9r Universum a je vyroben\u00e9 z u\u0161lechtil\u00e9 le\u0161t\u011bn\u00e9 nerezov\u00e9 oceli. Na p\u0159\u00edslu\u0161enstv\u00ed Universum poskytujeme 30letou z\u00e1ruku. Madlo [&hellip;]<\/p>\n","protected":false},"featured_media":18865,"comment_status":"open","ping_status":"open","template":"","meta":[],"product_brand":[],"product_cat":[72],"product_tag":[],"class_list":{"0":"post-18765","1":"product","2":"type-product","3":"status-publish","4":"has-post-thumbnail","6":"product_cat-koupelny-a-sanitarni-technika","8":"first","9":"instock","10":"sale","11":"shipping-taxable","12":"purchasable","13":"product-type-simple"},"yoast_head":"<!-- This site is optimized with the Yoast SEO plugin v26.8 - https:\/\/yoast.com\/product\/yoast-seo-wordpress\/ -->\n<title>Ak\u010dn\u00ed Cena JIKA UNIVERSUM madlo Lev\u00e9 do sprchy nerez 75x45 3.8971.2.003.000.1 -<\/title>\n<meta name=\"robots\" content=\"index, follow, max-snippet:-1, max-image-preview:large, max-video-preview:-1\" \/>\n<link rel=\"canonical\" href=\"https:\/\/www.oknobuild.com\/index.php\/produkt\/akcni-cena-jika-universum-madlo-leve-do-sprchy-nerez-75x45-3-8971-2-003-000-1-18765\/\" \/>\n<meta property=\"og:locale\" content=\"cs_CZ\" \/>\n<meta property=\"og:type\" content=\"article\" \/>\n<meta property=\"og:title\" content=\"Ak\u010dn\u00ed Cena JIKA UNIVERSUM madlo Lev\u00e9 do sprchy nerez 75x45 3.8971.2.003.000.1 -\" \/>\n<meta property=\"og:description\" content=\"Detailn\u00ed popis produktu JIKA UNIVERSUM madlo Lev\u00e9 do sprchy nerez 75&#215;45 H3897120030001 Rozm\u011bry: D\u00e9lka: 750 mm. \u0160\u00ed\u0159ka: 450 mm. V\u00fd\u0161ka: 0 mm. Pevn\u00e9 madlo do sprchy (lev\u00e1 varianta) o d\u00e9lce 750 mm pat\u0159\u00ed do p\u0159\u00edslu\u0161enstv\u00ed pro koupelnu bez bari\u00e9r Universum a je vyroben\u00e9 z u\u0161lechtil\u00e9 le\u0161t\u011bn\u00e9 nerezov\u00e9 oceli. Na p\u0159\u00edslu\u0161enstv\u00ed Universum poskytujeme 30letou z\u00e1ruku. Madlo [&hellip;]\" \/>\n<meta property=\"og:url\" content=\"https:\/\/www.oknobuild.com\/index.php\/produkt\/akcni-cena-jika-universum-madlo-leve-do-sprchy-nerez-75x45-3-8971-2-003-000-1-18765\/\" \/>\n<meta property=\"og:image\" content=\"https:\/\/www.oknobuild.com\/wp-content\/uploads\/2026\/SK0018253-CZ20260425-093351-0-1777080838-992226_0-jpg.webp\" \/>\n\t<meta property=\"og:image:width\" content=\"1000\" \/>\n\t<meta property=\"og:image:height\" content=\"750\" \/>\n\t<meta property=\"og:image:type\" content=\"image\/webp\" \/>\n<meta name=\"twitter:card\" content=\"summary_large_image\" \/>\n<script type=\"application\/ld+json\" class=\"yoast-schema-graph\">{\"@context\":\"https:\/\/schema.org\",\"@graph\":[{\"@type\":\"WebPage\",\"@id\":\"https:\/\/www.oknobuild.com\/index.php\/produkt\/akcni-cena-jika-universum-madlo-leve-do-sprchy-nerez-75x45-3-8971-2-003-000-1-18765\/\",\"url\":\"https:\/\/www.oknobuild.com\/index.php\/produkt\/akcni-cena-jika-universum-madlo-leve-do-sprchy-nerez-75x45-3-8971-2-003-000-1-18765\/\",\"name\":\"Ak\u010dn\u00ed Cena JIKA UNIVERSUM madlo Lev\u00e9 do sprchy nerez 75x45 3.8971.2.003.000.1 -\",\"isPartOf\":{\"@id\":\"https:\/\/www.oknobuild.com\/#website\"},\"primaryImageOfPage\":{\"@id\":\"https:\/\/www.oknobuild.com\/index.php\/produkt\/akcni-cena-jika-universum-madlo-leve-do-sprchy-nerez-75x45-3-8971-2-003-000-1-18765\/#primaryimage\"},\"image\":{\"@id\":\"https:\/\/www.oknobuild.com\/index.php\/produkt\/akcni-cena-jika-universum-madlo-leve-do-sprchy-nerez-75x45-3-8971-2-003-000-1-18765\/#primaryimage\"},\"thumbnailUrl\":\"https:\/\/www.oknobuild.com\/wp-content\/uploads\/2026\/SK0018253-CZ20260425-093351-0-1777080838-992226_0-jpg.webp\",\"datePublished\":\"2026-04-27T04:41:20+00:00\",\"breadcrumb\":{\"@id\":\"https:\/\/www.oknobuild.com\/index.php\/produkt\/akcni-cena-jika-universum-madlo-leve-do-sprchy-nerez-75x45-3-8971-2-003-000-1-18765\/#breadcrumb\"},\"inLanguage\":\"cs\",\"potentialAction\":[{\"@type\":\"ReadAction\",\"target\":[\"https:\/\/www.oknobuild.com\/index.php\/produkt\/akcni-cena-jika-universum-madlo-leve-do-sprchy-nerez-75x45-3-8971-2-003-000-1-18765\/\"]}]},{\"@type\":\"ImageObject\",\"inLanguage\":\"cs\",\"@id\":\"https:\/\/www.oknobuild.com\/index.php\/produkt\/akcni-cena-jika-universum-madlo-leve-do-sprchy-nerez-75x45-3-8971-2-003-000-1-18765\/#primaryimage\",\"url\":\"https:\/\/www.oknobuild.com\/wp-content\/uploads\/2026\/SK0018253-CZ20260425-093351-0-1777080838-992226_0-jpg.webp\",\"contentUrl\":\"https:\/\/www.oknobuild.com\/wp-content\/uploads\/2026\/SK0018253-CZ20260425-093351-0-1777080838-992226_0-jpg.webp\",\"width\":1000,\"height\":750},{\"@type\":\"BreadcrumbList\",\"@id\":\"https:\/\/www.oknobuild.com\/index.php\/produkt\/akcni-cena-jika-universum-madlo-leve-do-sprchy-nerez-75x45-3-8971-2-003-000-1-18765\/#breadcrumb\",\"itemListElement\":[{\"@type\":\"ListItem\",\"position\":1,\"name\":\"Home\",\"item\":\"https:\/\/www.oknobuild.com\/\"},{\"@type\":\"ListItem\",\"position\":2,\"name\":\"Products\",\"item\":\"https:\/\/www.oknobuild.com\/index.php\/products\/\"},{\"@type\":\"ListItem\",\"position\":3,\"name\":\"Ak\u010dn\u00ed Cena JIKA UNIVERSUM madlo Lev\u00e9 do sprchy nerez 75&#215;45 3.8971.2.003.000.1\"}]},{\"@type\":\"WebSite\",\"@id\":\"https:\/\/www.oknobuild.com\/#website\",\"url\":\"https:\/\/www.oknobuild.com\/\",\"name\":\"\",\"description\":\"\",\"potentialAction\":[{\"@type\":\"SearchAction\",\"target\":{\"@type\":\"EntryPoint\",\"urlTemplate\":\"https:\/\/www.oknobuild.com\/?s={search_term_string}\"},\"query-input\":{\"@type\":\"PropertyValueSpecification\",\"valueRequired\":true,\"valueName\":\"search_term_string\"}}],\"inLanguage\":\"cs\"}]}<\/script>\n<!-- \/ Yoast SEO plugin. -->","yoast_head_json":{"title":"Ak\u010dn\u00ed Cena JIKA UNIVERSUM madlo Lev\u00e9 do sprchy nerez 75x45 3.8971.2.003.000.1 -","robots":{"index":"index","follow":"follow","max-snippet":"max-snippet:-1","max-image-preview":"max-image-preview:large","max-video-preview":"max-video-preview:-1"},"canonical":"https:\/\/www.oknobuild.com\/index.php\/produkt\/akcni-cena-jika-universum-madlo-leve-do-sprchy-nerez-75x45-3-8971-2-003-000-1-18765\/","og_locale":"cs_CZ","og_type":"article","og_title":"Ak\u010dn\u00ed Cena JIKA UNIVERSUM madlo Lev\u00e9 do sprchy nerez 75x45 3.8971.2.003.000.1 -","og_description":"Detailn\u00ed popis produktu JIKA UNIVERSUM madlo Lev\u00e9 do sprchy nerez 75&#215;45 H3897120030001 Rozm\u011bry: D\u00e9lka: 750 mm. \u0160\u00ed\u0159ka: 450 mm. V\u00fd\u0161ka: 0 mm. Pevn\u00e9 madlo do sprchy (lev\u00e1 varianta) o d\u00e9lce 750 mm pat\u0159\u00ed do p\u0159\u00edslu\u0161enstv\u00ed pro koupelnu bez bari\u00e9r Universum a je vyroben\u00e9 z u\u0161lechtil\u00e9 le\u0161t\u011bn\u00e9 nerezov\u00e9 oceli. Na p\u0159\u00edslu\u0161enstv\u00ed Universum poskytujeme 30letou z\u00e1ruku. Madlo [&hellip;]","og_url":"https:\/\/www.oknobuild.com\/index.php\/produkt\/akcni-cena-jika-universum-madlo-leve-do-sprchy-nerez-75x45-3-8971-2-003-000-1-18765\/","og_image":[{"width":1000,"height":750,"url":"https:\/\/www.oknobuild.com\/wp-content\/uploads\/2026\/SK0018253-CZ20260425-093351-0-1777080838-992226_0-jpg.webp","type":"image\/webp"}],"twitter_card":"summary_large_image","schema":{"@context":"https:\/\/schema.org","@graph":[{"@type":"WebPage","@id":"https:\/\/www.oknobuild.com\/index.php\/produkt\/akcni-cena-jika-universum-madlo-leve-do-sprchy-nerez-75x45-3-8971-2-003-000-1-18765\/","url":"https:\/\/www.oknobuild.com\/index.php\/produkt\/akcni-cena-jika-universum-madlo-leve-do-sprchy-nerez-75x45-3-8971-2-003-000-1-18765\/","name":"Ak\u010dn\u00ed Cena JIKA UNIVERSUM madlo Lev\u00e9 do sprchy nerez 75x45 3.8971.2.003.000.1 -","isPartOf":{"@id":"https:\/\/www.oknobuild.com\/#website"},"primaryImageOfPage":{"@id":"https:\/\/www.oknobuild.com\/index.php\/produkt\/akcni-cena-jika-universum-madlo-leve-do-sprchy-nerez-75x45-3-8971-2-003-000-1-18765\/#primaryimage"},"image":{"@id":"https:\/\/www.oknobuild.com\/index.php\/produkt\/akcni-cena-jika-universum-madlo-leve-do-sprchy-nerez-75x45-3-8971-2-003-000-1-18765\/#primaryimage"},"thumbnailUrl":"https:\/\/www.oknobuild.com\/wp-content\/uploads\/2026\/SK0018253-CZ20260425-093351-0-1777080838-992226_0-jpg.webp","datePublished":"2026-04-27T04:41:20+00:00","breadcrumb":{"@id":"https:\/\/www.oknobuild.com\/index.php\/produkt\/akcni-cena-jika-universum-madlo-leve-do-sprchy-nerez-75x45-3-8971-2-003-000-1-18765\/#breadcrumb"},"inLanguage":"cs","potentialAction":[{"@type":"ReadAction","target":["https:\/\/www.oknobuild.com\/index.php\/produkt\/akcni-cena-jika-universum-madlo-leve-do-sprchy-nerez-75x45-3-8971-2-003-000-1-18765\/"]}]},{"@type":"ImageObject","inLanguage":"cs","@id":"https:\/\/www.oknobuild.com\/index.php\/produkt\/akcni-cena-jika-universum-madlo-leve-do-sprchy-nerez-75x45-3-8971-2-003-000-1-18765\/#primaryimage","url":"https:\/\/www.oknobuild.com\/wp-content\/uploads\/2026\/SK0018253-CZ20260425-093351-0-1777080838-992226_0-jpg.webp","contentUrl":"https:\/\/www.oknobuild.com\/wp-content\/uploads\/2026\/SK0018253-CZ20260425-093351-0-1777080838-992226_0-jpg.webp","width":1000,"height":750},{"@type":"BreadcrumbList","@id":"https:\/\/www.oknobuild.com\/index.php\/produkt\/akcni-cena-jika-universum-madlo-leve-do-sprchy-nerez-75x45-3-8971-2-003-000-1-18765\/#breadcrumb","itemListElement":[{"@type":"ListItem","position":1,"name":"Home","item":"https:\/\/www.oknobuild.com\/"},{"@type":"ListItem","position":2,"name":"Products","item":"https:\/\/www.oknobuild.com\/index.php\/products\/"},{"@type":"ListItem","position":3,"name":"Ak\u010dn\u00ed Cena JIKA UNIVERSUM madlo Lev\u00e9 do sprchy nerez 75&#215;45 3.8971.2.003.000.1"}]},{"@type":"WebSite","@id":"https:\/\/www.oknobuild.com\/#website","url":"https:\/\/www.oknobuild.com\/","name":"","description":"","potentialAction":[{"@type":"SearchAction","target":{"@type":"EntryPoint","urlTemplate":"https:\/\/www.oknobuild.com\/?s={search_term_string}"},"query-input":{"@type":"PropertyValueSpecification","valueRequired":true,"valueName":"search_term_string"}}],"inLanguage":"cs"}]}},"_links":{"self":[{"href":"https:\/\/www.oknobuild.com\/index.php\/wp-json\/wp\/v2\/product\/18765","targetHints":{"allow":["GET"]}}],"collection":[{"href":"https:\/\/www.oknobuild.com\/index.php\/wp-json\/wp\/v2\/product"}],"about":[{"href":"https:\/\/www.oknobuild.com\/index.php\/wp-json\/wp\/v2\/types\/product"}],"replies":[{"embeddable":true,"href":"https:\/\/www.oknobuild.com\/index.php\/wp-json\/wp\/v2\/comments?post=18765"}],"wp:featuredmedia":[{"embeddable":true,"href":"https:\/\/www.oknobuild.com\/index.php\/wp-json\/wp\/v2\/media\/18865"}],"wp:attachment":[{"href":"https:\/\/www.oknobuild.com\/index.php\/wp-json\/wp\/v2\/media?parent=18765"}],"wp:term":[{"taxonomy":"product_brand","embeddable":true,"href":"https:\/\/www.oknobuild.com\/index.php\/wp-json\/wp\/v2\/product_brand?post=18765"},{"taxonomy":"product_cat","embeddable":true,"href":"https:\/\/www.oknobuild.com\/index.php\/wp-json\/wp\/v2\/product_cat?post=18765"},{"taxonomy":"product_tag","embeddable":true,"href":"https:\/\/www.oknobuild.com\/index.php\/wp-json\/wp\/v2\/product_tag?post=18765"}],"curies":[{"name":"wp","href":"https:\/\/api.w.org\/{rel}","templated":true}]}}