{"id":19092,"date":"2026-04-27T04:41:21","date_gmt":"2026-04-27T04:41:21","guid":{"rendered":""},"modified":"2026-04-27T04:41:21","modified_gmt":"2026-04-27T04:41:21","slug":"zlevneny-hansgrohe-raindance-select-s-120-ecosmart-unica-s-puro-sprchovy-set-90cm-chrom-bila-26633400-19092","status":"publish","type":"product","link":"https:\/\/www.oknobuild.com\/index.php\/produkt\/zlevneny-hansgrohe-raindance-select-s-120-ecosmart-unica-s-puro-sprchovy-set-90cm-chrom-bila-26633400-19092\/","title":{"rendered":"Zlevn\u011bn\u00fd Hansgrohe Raindance Select S 120 EcoSmart\/Unica S Puro sprchov\u00fd set 90cm chrom\/b\u00edl\u00e1 26633400"},"content":{"rendered":"<div class=\"basic-description\">\n<h3>Detailn\u00ed popis produktu<\/h3>\n<p>                                    HANSGROHE Raindance Select S 120 EcoSmart\/Unica S Puro sprchov\u00fd set 90cm chrom\/b\u00edl\u00e1 26633400<\/p>\n<p>obsahuje: ru\u010dn\u00ed sprcha, sprchov\u00e1 ty\u010d, sprchov\u00e1 hadice, posuvn\u00fd dr\u017e\u00e1k ru\u010dn\u00ed sprchy, miska na m\u00fddlo<\/p>\n<p>druh proudu: RainAir, Whirl, Rain<\/p>\n<p>pohodln\u00e9 p\u0159ep\u00edn\u00e1n\u00ed druh\u016f proudu tla\u010d\u00edtkem Select<\/p>\n<p>oto\u010dn\u00fd spoj zabra\u0148uje zapleten\u00ed hadice<\/p>\n<p>\u00fahel sklonu m\u011bniteln\u00fd o 90\u00b0, jezdec je mo\u017eno nato\u010dit vlevo a vpravo, nahoru a dol\u016f<\/p>\n<p>maxim\u00e1ln\u00ed pr\u016ftok p\u0159i 0,3 MPa: 9 l\/min<\/p>\n<p>dr\u017e\u00e1ky na st\u011bnu v plastu                            <\/p><\/div>\n","protected":false},"excerpt":{"rendered":"<p>Detailn\u00ed popis produktu HANSGROHE Raindance Select S 120 EcoSmart\/Unica S Puro sprchov\u00fd set 90cm chrom\/b\u00edl\u00e1 26633400 obsahuje: ru\u010dn\u00ed sprcha, sprchov\u00e1 ty\u010d, sprchov\u00e1 hadice, posuvn\u00fd dr\u017e\u00e1k ru\u010dn\u00ed sprchy, miska na m\u00fddlo druh proudu: RainAir, Whirl, Rain pohodln\u00e9 p\u0159ep\u00edn\u00e1n\u00ed druh\u016f proudu tla\u010d\u00edtkem Select oto\u010dn\u00fd spoj zabra\u0148uje zapleten\u00ed hadice \u00fahel sklonu m\u011bniteln\u00fd o 90\u00b0, jezdec je mo\u017eno nato\u010dit [&hellip;]<\/p>\n","protected":false},"featured_media":19192,"comment_status":"open","ping_status":"open","template":"","meta":[],"product_brand":[],"product_cat":[72],"product_tag":[],"class_list":{"0":"post-19092","1":"product","2":"type-product","3":"status-publish","4":"has-post-thumbnail","6":"product_cat-koupelny-a-sanitarni-technika","8":"first","9":"instock","10":"sale","11":"shipping-taxable","12":"purchasable","13":"product-type-simple"},"yoast_head":"<!-- This site is optimized with the Yoast SEO plugin v26.8 - https:\/\/yoast.com\/product\/yoast-seo-wordpress\/ -->\n<title>Zlevn\u011bn\u00fd Hansgrohe Raindance Select S 120 EcoSmart\/Unica S Puro sprchov\u00fd set 90cm chrom\/b\u00edl\u00e1 26633400 -<\/title>\n<meta name=\"robots\" content=\"index, follow, max-snippet:-1, max-image-preview:large, max-video-preview:-1\" \/>\n<link rel=\"canonical\" href=\"https:\/\/www.oknobuild.com\/index.php\/produkt\/zlevneny-hansgrohe-raindance-select-s-120-ecosmart-unica-s-puro-sprchovy-set-90cm-chrom-bila-26633400-19092\/\" \/>\n<meta property=\"og:locale\" content=\"cs_CZ\" \/>\n<meta property=\"og:type\" content=\"article\" \/>\n<meta property=\"og:title\" content=\"Zlevn\u011bn\u00fd Hansgrohe Raindance Select S 120 EcoSmart\/Unica S Puro sprchov\u00fd set 90cm chrom\/b\u00edl\u00e1 26633400 -\" \/>\n<meta property=\"og:description\" content=\"Detailn\u00ed popis produktu HANSGROHE Raindance Select S 120 EcoSmart\/Unica S Puro sprchov\u00fd set 90cm chrom\/b\u00edl\u00e1 26633400 obsahuje: ru\u010dn\u00ed sprcha, sprchov\u00e1 ty\u010d, sprchov\u00e1 hadice, posuvn\u00fd dr\u017e\u00e1k ru\u010dn\u00ed sprchy, miska na m\u00fddlo druh proudu: RainAir, Whirl, Rain pohodln\u00e9 p\u0159ep\u00edn\u00e1n\u00ed druh\u016f proudu tla\u010d\u00edtkem Select oto\u010dn\u00fd spoj zabra\u0148uje zapleten\u00ed hadice \u00fahel sklonu m\u011bniteln\u00fd o 90\u00b0, jezdec je mo\u017eno nato\u010dit [&hellip;]\" \/>\n<meta property=\"og:url\" content=\"https:\/\/www.oknobuild.com\/index.php\/produkt\/zlevneny-hansgrohe-raindance-select-s-120-ecosmart-unica-s-puro-sprchovy-set-90cm-chrom-bila-26633400-19092\/\" \/>\n<meta property=\"og:image\" content=\"https:\/\/www.oknobuild.com\/wp-content\/uploads\/2026\/SK0018380-CZ20260425-093351-0-1777080838-977262_0_sprcha-png.webp\" \/>\n\t<meta property=\"og:image:width\" content=\"1000\" \/>\n\t<meta property=\"og:image:height\" content=\"750\" \/>\n\t<meta property=\"og:image:type\" content=\"image\/webp\" \/>\n<meta name=\"twitter:card\" content=\"summary_large_image\" \/>\n<script type=\"application\/ld+json\" class=\"yoast-schema-graph\">{\"@context\":\"https:\/\/schema.org\",\"@graph\":[{\"@type\":\"WebPage\",\"@id\":\"https:\/\/www.oknobuild.com\/index.php\/produkt\/zlevneny-hansgrohe-raindance-select-s-120-ecosmart-unica-s-puro-sprchovy-set-90cm-chrom-bila-26633400-19092\/\",\"url\":\"https:\/\/www.oknobuild.com\/index.php\/produkt\/zlevneny-hansgrohe-raindance-select-s-120-ecosmart-unica-s-puro-sprchovy-set-90cm-chrom-bila-26633400-19092\/\",\"name\":\"Zlevn\u011bn\u00fd Hansgrohe Raindance Select S 120 EcoSmart\/Unica S Puro sprchov\u00fd set 90cm chrom\/b\u00edl\u00e1 26633400 -\",\"isPartOf\":{\"@id\":\"https:\/\/www.oknobuild.com\/#website\"},\"primaryImageOfPage\":{\"@id\":\"https:\/\/www.oknobuild.com\/index.php\/produkt\/zlevneny-hansgrohe-raindance-select-s-120-ecosmart-unica-s-puro-sprchovy-set-90cm-chrom-bila-26633400-19092\/#primaryimage\"},\"image\":{\"@id\":\"https:\/\/www.oknobuild.com\/index.php\/produkt\/zlevneny-hansgrohe-raindance-select-s-120-ecosmart-unica-s-puro-sprchovy-set-90cm-chrom-bila-26633400-19092\/#primaryimage\"},\"thumbnailUrl\":\"https:\/\/www.oknobuild.com\/wp-content\/uploads\/2026\/SK0018380-CZ20260425-093351-0-1777080838-977262_0_sprcha-png.webp\",\"datePublished\":\"2026-04-27T04:41:21+00:00\",\"breadcrumb\":{\"@id\":\"https:\/\/www.oknobuild.com\/index.php\/produkt\/zlevneny-hansgrohe-raindance-select-s-120-ecosmart-unica-s-puro-sprchovy-set-90cm-chrom-bila-26633400-19092\/#breadcrumb\"},\"inLanguage\":\"cs\",\"potentialAction\":[{\"@type\":\"ReadAction\",\"target\":[\"https:\/\/www.oknobuild.com\/index.php\/produkt\/zlevneny-hansgrohe-raindance-select-s-120-ecosmart-unica-s-puro-sprchovy-set-90cm-chrom-bila-26633400-19092\/\"]}]},{\"@type\":\"ImageObject\",\"inLanguage\":\"cs\",\"@id\":\"https:\/\/www.oknobuild.com\/index.php\/produkt\/zlevneny-hansgrohe-raindance-select-s-120-ecosmart-unica-s-puro-sprchovy-set-90cm-chrom-bila-26633400-19092\/#primaryimage\",\"url\":\"https:\/\/www.oknobuild.com\/wp-content\/uploads\/2026\/SK0018380-CZ20260425-093351-0-1777080838-977262_0_sprcha-png.webp\",\"contentUrl\":\"https:\/\/www.oknobuild.com\/wp-content\/uploads\/2026\/SK0018380-CZ20260425-093351-0-1777080838-977262_0_sprcha-png.webp\",\"width\":1000,\"height\":750},{\"@type\":\"BreadcrumbList\",\"@id\":\"https:\/\/www.oknobuild.com\/index.php\/produkt\/zlevneny-hansgrohe-raindance-select-s-120-ecosmart-unica-s-puro-sprchovy-set-90cm-chrom-bila-26633400-19092\/#breadcrumb\",\"itemListElement\":[{\"@type\":\"ListItem\",\"position\":1,\"name\":\"Home\",\"item\":\"https:\/\/www.oknobuild.com\/\"},{\"@type\":\"ListItem\",\"position\":2,\"name\":\"Products\",\"item\":\"https:\/\/www.oknobuild.com\/index.php\/products\/\"},{\"@type\":\"ListItem\",\"position\":3,\"name\":\"Zlevn\u011bn\u00fd Hansgrohe Raindance Select S 120 EcoSmart\/Unica S Puro sprchov\u00fd set 90cm chrom\/b\u00edl\u00e1 26633400\"}]},{\"@type\":\"WebSite\",\"@id\":\"https:\/\/www.oknobuild.com\/#website\",\"url\":\"https:\/\/www.oknobuild.com\/\",\"name\":\"\",\"description\":\"\",\"potentialAction\":[{\"@type\":\"SearchAction\",\"target\":{\"@type\":\"EntryPoint\",\"urlTemplate\":\"https:\/\/www.oknobuild.com\/?s={search_term_string}\"},\"query-input\":{\"@type\":\"PropertyValueSpecification\",\"valueRequired\":true,\"valueName\":\"search_term_string\"}}],\"inLanguage\":\"cs\"}]}<\/script>\n<!-- \/ Yoast SEO plugin. -->","yoast_head_json":{"title":"Zlevn\u011bn\u00fd Hansgrohe Raindance Select S 120 EcoSmart\/Unica S Puro sprchov\u00fd set 90cm chrom\/b\u00edl\u00e1 26633400 -","robots":{"index":"index","follow":"follow","max-snippet":"max-snippet:-1","max-image-preview":"max-image-preview:large","max-video-preview":"max-video-preview:-1"},"canonical":"https:\/\/www.oknobuild.com\/index.php\/produkt\/zlevneny-hansgrohe-raindance-select-s-120-ecosmart-unica-s-puro-sprchovy-set-90cm-chrom-bila-26633400-19092\/","og_locale":"cs_CZ","og_type":"article","og_title":"Zlevn\u011bn\u00fd Hansgrohe Raindance Select S 120 EcoSmart\/Unica S Puro sprchov\u00fd set 90cm chrom\/b\u00edl\u00e1 26633400 -","og_description":"Detailn\u00ed popis produktu HANSGROHE Raindance Select S 120 EcoSmart\/Unica S Puro sprchov\u00fd set 90cm chrom\/b\u00edl\u00e1 26633400 obsahuje: ru\u010dn\u00ed sprcha, sprchov\u00e1 ty\u010d, sprchov\u00e1 hadice, posuvn\u00fd dr\u017e\u00e1k ru\u010dn\u00ed sprchy, miska na m\u00fddlo druh proudu: RainAir, Whirl, Rain pohodln\u00e9 p\u0159ep\u00edn\u00e1n\u00ed druh\u016f proudu tla\u010d\u00edtkem Select oto\u010dn\u00fd spoj zabra\u0148uje zapleten\u00ed hadice \u00fahel sklonu m\u011bniteln\u00fd o 90\u00b0, jezdec je mo\u017eno nato\u010dit [&hellip;]","og_url":"https:\/\/www.oknobuild.com\/index.php\/produkt\/zlevneny-hansgrohe-raindance-select-s-120-ecosmart-unica-s-puro-sprchovy-set-90cm-chrom-bila-26633400-19092\/","og_image":[{"width":1000,"height":750,"url":"https:\/\/www.oknobuild.com\/wp-content\/uploads\/2026\/SK0018380-CZ20260425-093351-0-1777080838-977262_0_sprcha-png.webp","type":"image\/webp"}],"twitter_card":"summary_large_image","schema":{"@context":"https:\/\/schema.org","@graph":[{"@type":"WebPage","@id":"https:\/\/www.oknobuild.com\/index.php\/produkt\/zlevneny-hansgrohe-raindance-select-s-120-ecosmart-unica-s-puro-sprchovy-set-90cm-chrom-bila-26633400-19092\/","url":"https:\/\/www.oknobuild.com\/index.php\/produkt\/zlevneny-hansgrohe-raindance-select-s-120-ecosmart-unica-s-puro-sprchovy-set-90cm-chrom-bila-26633400-19092\/","name":"Zlevn\u011bn\u00fd Hansgrohe Raindance Select S 120 EcoSmart\/Unica S Puro sprchov\u00fd set 90cm chrom\/b\u00edl\u00e1 26633400 -","isPartOf":{"@id":"https:\/\/www.oknobuild.com\/#website"},"primaryImageOfPage":{"@id":"https:\/\/www.oknobuild.com\/index.php\/produkt\/zlevneny-hansgrohe-raindance-select-s-120-ecosmart-unica-s-puro-sprchovy-set-90cm-chrom-bila-26633400-19092\/#primaryimage"},"image":{"@id":"https:\/\/www.oknobuild.com\/index.php\/produkt\/zlevneny-hansgrohe-raindance-select-s-120-ecosmart-unica-s-puro-sprchovy-set-90cm-chrom-bila-26633400-19092\/#primaryimage"},"thumbnailUrl":"https:\/\/www.oknobuild.com\/wp-content\/uploads\/2026\/SK0018380-CZ20260425-093351-0-1777080838-977262_0_sprcha-png.webp","datePublished":"2026-04-27T04:41:21+00:00","breadcrumb":{"@id":"https:\/\/www.oknobuild.com\/index.php\/produkt\/zlevneny-hansgrohe-raindance-select-s-120-ecosmart-unica-s-puro-sprchovy-set-90cm-chrom-bila-26633400-19092\/#breadcrumb"},"inLanguage":"cs","potentialAction":[{"@type":"ReadAction","target":["https:\/\/www.oknobuild.com\/index.php\/produkt\/zlevneny-hansgrohe-raindance-select-s-120-ecosmart-unica-s-puro-sprchovy-set-90cm-chrom-bila-26633400-19092\/"]}]},{"@type":"ImageObject","inLanguage":"cs","@id":"https:\/\/www.oknobuild.com\/index.php\/produkt\/zlevneny-hansgrohe-raindance-select-s-120-ecosmart-unica-s-puro-sprchovy-set-90cm-chrom-bila-26633400-19092\/#primaryimage","url":"https:\/\/www.oknobuild.com\/wp-content\/uploads\/2026\/SK0018380-CZ20260425-093351-0-1777080838-977262_0_sprcha-png.webp","contentUrl":"https:\/\/www.oknobuild.com\/wp-content\/uploads\/2026\/SK0018380-CZ20260425-093351-0-1777080838-977262_0_sprcha-png.webp","width":1000,"height":750},{"@type":"BreadcrumbList","@id":"https:\/\/www.oknobuild.com\/index.php\/produkt\/zlevneny-hansgrohe-raindance-select-s-120-ecosmart-unica-s-puro-sprchovy-set-90cm-chrom-bila-26633400-19092\/#breadcrumb","itemListElement":[{"@type":"ListItem","position":1,"name":"Home","item":"https:\/\/www.oknobuild.com\/"},{"@type":"ListItem","position":2,"name":"Products","item":"https:\/\/www.oknobuild.com\/index.php\/products\/"},{"@type":"ListItem","position":3,"name":"Zlevn\u011bn\u00fd Hansgrohe Raindance Select S 120 EcoSmart\/Unica S Puro sprchov\u00fd set 90cm chrom\/b\u00edl\u00e1 26633400"}]},{"@type":"WebSite","@id":"https:\/\/www.oknobuild.com\/#website","url":"https:\/\/www.oknobuild.com\/","name":"","description":"","potentialAction":[{"@type":"SearchAction","target":{"@type":"EntryPoint","urlTemplate":"https:\/\/www.oknobuild.com\/?s={search_term_string}"},"query-input":{"@type":"PropertyValueSpecification","valueRequired":true,"valueName":"search_term_string"}}],"inLanguage":"cs"}]}},"_links":{"self":[{"href":"https:\/\/www.oknobuild.com\/index.php\/wp-json\/wp\/v2\/product\/19092","targetHints":{"allow":["GET"]}}],"collection":[{"href":"https:\/\/www.oknobuild.com\/index.php\/wp-json\/wp\/v2\/product"}],"about":[{"href":"https:\/\/www.oknobuild.com\/index.php\/wp-json\/wp\/v2\/types\/product"}],"replies":[{"embeddable":true,"href":"https:\/\/www.oknobuild.com\/index.php\/wp-json\/wp\/v2\/comments?post=19092"}],"wp:featuredmedia":[{"embeddable":true,"href":"https:\/\/www.oknobuild.com\/index.php\/wp-json\/wp\/v2\/media\/19192"}],"wp:attachment":[{"href":"https:\/\/www.oknobuild.com\/index.php\/wp-json\/wp\/v2\/media?parent=19092"}],"wp:term":[{"taxonomy":"product_brand","embeddable":true,"href":"https:\/\/www.oknobuild.com\/index.php\/wp-json\/wp\/v2\/product_brand?post=19092"},{"taxonomy":"product_cat","embeddable":true,"href":"https:\/\/www.oknobuild.com\/index.php\/wp-json\/wp\/v2\/product_cat?post=19092"},{"taxonomy":"product_tag","embeddable":true,"href":"https:\/\/www.oknobuild.com\/index.php\/wp-json\/wp\/v2\/product_tag?post=19092"}],"curies":[{"name":"wp","href":"https:\/\/api.w.org\/{rel}","templated":true}]}}