{"id":19117,"date":"2026-04-27T04:41:21","date_gmt":"2026-04-27T04:41:21","guid":{"rendered":""},"modified":"2026-04-27T04:41:21","modified_gmt":"2026-04-27T04:41:21","slug":"zlevneny-jika-generic-drateny-drzak-20cm-chrom-jika-3-853d-3-004-100-1-h3853d30041001-19117","status":"publish","type":"product","link":"https:\/\/www.oknobuild.com\/index.php\/produkt\/zlevneny-jika-generic-drateny-drzak-20cm-chrom-jika-3-853d-3-004-100-1-h3853d30041001-19117\/","title":{"rendered":"Zlevn\u011bn\u00fd JIKA GENERIC dr\u00e1t\u011bn\u00fd dr\u017e\u00e1k 20cm, chrom, JIKA 3.853D.3.004.100.1  H3853D30041001"},"content":{"rendered":"<div class=\"basic-description\">\n<h3>Detailn\u00ed popis produktu<\/h3>\n<p>                                    JIKA GENERIC dr\u00e1t\u011bn\u00fd dr\u017e\u00e1k 20cm, chrom, JIKA 3.853D.3.004.100.1  H3853D30041001<\/p>\n<p>Dr\u00e1t\u011bn\u00fd dr\u017e\u00e1k.<\/p>\n<p>Barva: chrom<\/p>\n<p>Typ instalace: z\u00e1v\u011bsn\u00e9<\/p>\n<p>Rozm\u011bry:<\/p>\n<p>D\u00e9lka:  200 mm<\/p>\n<p>\u0160\u00ed\u0159ka:  105 mm<\/p>\n<p>V\u00fd\u0161ka:  30 mm<\/p>\n<p>Za dokonal\u00fdm vzhledem koupelny stoj\u00ed spr\u00e1vn\u00e1 volba dopl\u0148k\u016f. <\/p>\n<p>Dopl\u0148ky Generic dokresl\u00ed elegantn\u00ed vzhled koupelny a spln\u00ed i n\u00e1ro\u010dn\u00e9 po\u017eadavky na \u00fadr\u017ebu. <\/p>\n<p>Nav\u00edc je m\u016f\u017eete kombinovat s jakoukoli koupelnou JIKA. <\/p>\n<p>Chromovan\u00e9 dr\u017e\u00e1ky a d\u00e1vkova\u010de tekut\u00e9ho m\u00fddla nebo odpadkov\u00e9 ko\u0161e se vyzna\u010duj\u00ed jednoduch\u00fdm designem s d\u016frazem na funk\u010dnost a dlouhou \u017eivotnost. <\/p>\n<p>JIKA garantuje va\u0161i spokojenost 10letou z\u00e1rukou.                            <\/p><\/div>\n","protected":false},"excerpt":{"rendered":"<p>Detailn\u00ed popis produktu JIKA GENERIC dr\u00e1t\u011bn\u00fd dr\u017e\u00e1k 20cm, chrom, JIKA 3.853D.3.004.100.1 H3853D30041001 Dr\u00e1t\u011bn\u00fd dr\u017e\u00e1k. Barva: chrom Typ instalace: z\u00e1v\u011bsn\u00e9 Rozm\u011bry: D\u00e9lka: 200 mm \u0160\u00ed\u0159ka: 105 mm V\u00fd\u0161ka: 30 mm Za dokonal\u00fdm vzhledem koupelny stoj\u00ed spr\u00e1vn\u00e1 volba dopl\u0148k\u016f. Dopl\u0148ky Generic dokresl\u00ed elegantn\u00ed vzhled koupelny a spln\u00ed i n\u00e1ro\u010dn\u00e9 po\u017eadavky na \u00fadr\u017ebu. Nav\u00edc je m\u016f\u017eete kombinovat s [&hellip;]<\/p>\n","protected":false},"featured_media":19217,"comment_status":"open","ping_status":"open","template":"","meta":[],"product_brand":[],"product_cat":[72],"product_tag":[],"class_list":{"0":"post-19117","1":"product","2":"type-product","3":"status-publish","4":"has-post-thumbnail","6":"product_cat-koupelny-a-sanitarni-technika","8":"first","9":"instock","10":"sale","11":"shipping-taxable","12":"purchasable","13":"product-type-simple"},"yoast_head":"<!-- This site is optimized with the Yoast SEO plugin v26.8 - https:\/\/yoast.com\/product\/yoast-seo-wordpress\/ -->\n<title>Zlevn\u011bn\u00fd JIKA GENERIC dr\u00e1t\u011bn\u00fd dr\u017e\u00e1k 20cm, chrom, JIKA 3.853D.3.004.100.1 H3853D30041001 -<\/title>\n<meta name=\"robots\" content=\"index, follow, max-snippet:-1, max-image-preview:large, max-video-preview:-1\" \/>\n<link rel=\"canonical\" href=\"https:\/\/www.oknobuild.com\/index.php\/produkt\/zlevneny-jika-generic-drateny-drzak-20cm-chrom-jika-3-853d-3-004-100-1-h3853d30041001-19117\/\" \/>\n<meta property=\"og:locale\" content=\"cs_CZ\" \/>\n<meta property=\"og:type\" content=\"article\" \/>\n<meta property=\"og:title\" content=\"Zlevn\u011bn\u00fd JIKA GENERIC dr\u00e1t\u011bn\u00fd dr\u017e\u00e1k 20cm, chrom, JIKA 3.853D.3.004.100.1 H3853D30041001 -\" \/>\n<meta property=\"og:description\" content=\"Detailn\u00ed popis produktu JIKA GENERIC dr\u00e1t\u011bn\u00fd dr\u017e\u00e1k 20cm, chrom, JIKA 3.853D.3.004.100.1 H3853D30041001 Dr\u00e1t\u011bn\u00fd dr\u017e\u00e1k. Barva: chrom Typ instalace: z\u00e1v\u011bsn\u00e9 Rozm\u011bry: D\u00e9lka: 200 mm \u0160\u00ed\u0159ka: 105 mm V\u00fd\u0161ka: 30 mm Za dokonal\u00fdm vzhledem koupelny stoj\u00ed spr\u00e1vn\u00e1 volba dopl\u0148k\u016f. Dopl\u0148ky Generic dokresl\u00ed elegantn\u00ed vzhled koupelny a spln\u00ed i n\u00e1ro\u010dn\u00e9 po\u017eadavky na \u00fadr\u017ebu. Nav\u00edc je m\u016f\u017eete kombinovat s [&hellip;]\" \/>\n<meta property=\"og:url\" content=\"https:\/\/www.oknobuild.com\/index.php\/produkt\/zlevneny-jika-generic-drateny-drzak-20cm-chrom-jika-3-853d-3-004-100-1-h3853d30041001-19117\/\" \/>\n<meta property=\"og:image\" content=\"https:\/\/www.oknobuild.com\/wp-content\/uploads\/2026\/SK0018405-CZ20260425-093351-0-1777080838-970740_0-jpeg.webp\" \/>\n\t<meta property=\"og:image:width\" content=\"1000\" \/>\n\t<meta property=\"og:image:height\" content=\"750\" \/>\n\t<meta property=\"og:image:type\" content=\"image\/webp\" \/>\n<meta name=\"twitter:card\" content=\"summary_large_image\" \/>\n<meta name=\"twitter:label1\" content=\"Odhadovan\u00e1 doba \u010dten\u00ed\" \/>\n\t<meta name=\"twitter:data1\" content=\"1 minuta\" \/>\n<script type=\"application\/ld+json\" class=\"yoast-schema-graph\">{\"@context\":\"https:\/\/schema.org\",\"@graph\":[{\"@type\":\"WebPage\",\"@id\":\"https:\/\/www.oknobuild.com\/index.php\/produkt\/zlevneny-jika-generic-drateny-drzak-20cm-chrom-jika-3-853d-3-004-100-1-h3853d30041001-19117\/\",\"url\":\"https:\/\/www.oknobuild.com\/index.php\/produkt\/zlevneny-jika-generic-drateny-drzak-20cm-chrom-jika-3-853d-3-004-100-1-h3853d30041001-19117\/\",\"name\":\"Zlevn\u011bn\u00fd JIKA GENERIC dr\u00e1t\u011bn\u00fd dr\u017e\u00e1k 20cm, chrom, JIKA 3.853D.3.004.100.1 H3853D30041001 -\",\"isPartOf\":{\"@id\":\"https:\/\/www.oknobuild.com\/#website\"},\"primaryImageOfPage\":{\"@id\":\"https:\/\/www.oknobuild.com\/index.php\/produkt\/zlevneny-jika-generic-drateny-drzak-20cm-chrom-jika-3-853d-3-004-100-1-h3853d30041001-19117\/#primaryimage\"},\"image\":{\"@id\":\"https:\/\/www.oknobuild.com\/index.php\/produkt\/zlevneny-jika-generic-drateny-drzak-20cm-chrom-jika-3-853d-3-004-100-1-h3853d30041001-19117\/#primaryimage\"},\"thumbnailUrl\":\"https:\/\/www.oknobuild.com\/wp-content\/uploads\/2026\/SK0018405-CZ20260425-093351-0-1777080838-970740_0-jpeg.webp\",\"datePublished\":\"2026-04-27T04:41:21+00:00\",\"breadcrumb\":{\"@id\":\"https:\/\/www.oknobuild.com\/index.php\/produkt\/zlevneny-jika-generic-drateny-drzak-20cm-chrom-jika-3-853d-3-004-100-1-h3853d30041001-19117\/#breadcrumb\"},\"inLanguage\":\"cs\",\"potentialAction\":[{\"@type\":\"ReadAction\",\"target\":[\"https:\/\/www.oknobuild.com\/index.php\/produkt\/zlevneny-jika-generic-drateny-drzak-20cm-chrom-jika-3-853d-3-004-100-1-h3853d30041001-19117\/\"]}]},{\"@type\":\"ImageObject\",\"inLanguage\":\"cs\",\"@id\":\"https:\/\/www.oknobuild.com\/index.php\/produkt\/zlevneny-jika-generic-drateny-drzak-20cm-chrom-jika-3-853d-3-004-100-1-h3853d30041001-19117\/#primaryimage\",\"url\":\"https:\/\/www.oknobuild.com\/wp-content\/uploads\/2026\/SK0018405-CZ20260425-093351-0-1777080838-970740_0-jpeg.webp\",\"contentUrl\":\"https:\/\/www.oknobuild.com\/wp-content\/uploads\/2026\/SK0018405-CZ20260425-093351-0-1777080838-970740_0-jpeg.webp\",\"width\":1000,\"height\":750},{\"@type\":\"BreadcrumbList\",\"@id\":\"https:\/\/www.oknobuild.com\/index.php\/produkt\/zlevneny-jika-generic-drateny-drzak-20cm-chrom-jika-3-853d-3-004-100-1-h3853d30041001-19117\/#breadcrumb\",\"itemListElement\":[{\"@type\":\"ListItem\",\"position\":1,\"name\":\"Home\",\"item\":\"https:\/\/www.oknobuild.com\/\"},{\"@type\":\"ListItem\",\"position\":2,\"name\":\"Products\",\"item\":\"https:\/\/www.oknobuild.com\/index.php\/products\/\"},{\"@type\":\"ListItem\",\"position\":3,\"name\":\"Zlevn\u011bn\u00fd JIKA GENERIC dr\u00e1t\u011bn\u00fd dr\u017e\u00e1k 20cm, chrom, JIKA 3.853D.3.004.100.1 H3853D30041001\"}]},{\"@type\":\"WebSite\",\"@id\":\"https:\/\/www.oknobuild.com\/#website\",\"url\":\"https:\/\/www.oknobuild.com\/\",\"name\":\"\",\"description\":\"\",\"potentialAction\":[{\"@type\":\"SearchAction\",\"target\":{\"@type\":\"EntryPoint\",\"urlTemplate\":\"https:\/\/www.oknobuild.com\/?s={search_term_string}\"},\"query-input\":{\"@type\":\"PropertyValueSpecification\",\"valueRequired\":true,\"valueName\":\"search_term_string\"}}],\"inLanguage\":\"cs\"}]}<\/script>\n<!-- \/ Yoast SEO plugin. -->","yoast_head_json":{"title":"Zlevn\u011bn\u00fd JIKA GENERIC dr\u00e1t\u011bn\u00fd dr\u017e\u00e1k 20cm, chrom, JIKA 3.853D.3.004.100.1 H3853D30041001 -","robots":{"index":"index","follow":"follow","max-snippet":"max-snippet:-1","max-image-preview":"max-image-preview:large","max-video-preview":"max-video-preview:-1"},"canonical":"https:\/\/www.oknobuild.com\/index.php\/produkt\/zlevneny-jika-generic-drateny-drzak-20cm-chrom-jika-3-853d-3-004-100-1-h3853d30041001-19117\/","og_locale":"cs_CZ","og_type":"article","og_title":"Zlevn\u011bn\u00fd JIKA GENERIC dr\u00e1t\u011bn\u00fd dr\u017e\u00e1k 20cm, chrom, JIKA 3.853D.3.004.100.1 H3853D30041001 -","og_description":"Detailn\u00ed popis produktu JIKA GENERIC dr\u00e1t\u011bn\u00fd dr\u017e\u00e1k 20cm, chrom, JIKA 3.853D.3.004.100.1 H3853D30041001 Dr\u00e1t\u011bn\u00fd dr\u017e\u00e1k. Barva: chrom Typ instalace: z\u00e1v\u011bsn\u00e9 Rozm\u011bry: D\u00e9lka: 200 mm \u0160\u00ed\u0159ka: 105 mm V\u00fd\u0161ka: 30 mm Za dokonal\u00fdm vzhledem koupelny stoj\u00ed spr\u00e1vn\u00e1 volba dopl\u0148k\u016f. Dopl\u0148ky Generic dokresl\u00ed elegantn\u00ed vzhled koupelny a spln\u00ed i n\u00e1ro\u010dn\u00e9 po\u017eadavky na \u00fadr\u017ebu. Nav\u00edc je m\u016f\u017eete kombinovat s [&hellip;]","og_url":"https:\/\/www.oknobuild.com\/index.php\/produkt\/zlevneny-jika-generic-drateny-drzak-20cm-chrom-jika-3-853d-3-004-100-1-h3853d30041001-19117\/","og_image":[{"width":1000,"height":750,"url":"https:\/\/www.oknobuild.com\/wp-content\/uploads\/2026\/SK0018405-CZ20260425-093351-0-1777080838-970740_0-jpeg.webp","type":"image\/webp"}],"twitter_card":"summary_large_image","twitter_misc":{"Odhadovan\u00e1 doba \u010dten\u00ed":"1 minuta"},"schema":{"@context":"https:\/\/schema.org","@graph":[{"@type":"WebPage","@id":"https:\/\/www.oknobuild.com\/index.php\/produkt\/zlevneny-jika-generic-drateny-drzak-20cm-chrom-jika-3-853d-3-004-100-1-h3853d30041001-19117\/","url":"https:\/\/www.oknobuild.com\/index.php\/produkt\/zlevneny-jika-generic-drateny-drzak-20cm-chrom-jika-3-853d-3-004-100-1-h3853d30041001-19117\/","name":"Zlevn\u011bn\u00fd JIKA GENERIC dr\u00e1t\u011bn\u00fd dr\u017e\u00e1k 20cm, chrom, JIKA 3.853D.3.004.100.1 H3853D30041001 -","isPartOf":{"@id":"https:\/\/www.oknobuild.com\/#website"},"primaryImageOfPage":{"@id":"https:\/\/www.oknobuild.com\/index.php\/produkt\/zlevneny-jika-generic-drateny-drzak-20cm-chrom-jika-3-853d-3-004-100-1-h3853d30041001-19117\/#primaryimage"},"image":{"@id":"https:\/\/www.oknobuild.com\/index.php\/produkt\/zlevneny-jika-generic-drateny-drzak-20cm-chrom-jika-3-853d-3-004-100-1-h3853d30041001-19117\/#primaryimage"},"thumbnailUrl":"https:\/\/www.oknobuild.com\/wp-content\/uploads\/2026\/SK0018405-CZ20260425-093351-0-1777080838-970740_0-jpeg.webp","datePublished":"2026-04-27T04:41:21+00:00","breadcrumb":{"@id":"https:\/\/www.oknobuild.com\/index.php\/produkt\/zlevneny-jika-generic-drateny-drzak-20cm-chrom-jika-3-853d-3-004-100-1-h3853d30041001-19117\/#breadcrumb"},"inLanguage":"cs","potentialAction":[{"@type":"ReadAction","target":["https:\/\/www.oknobuild.com\/index.php\/produkt\/zlevneny-jika-generic-drateny-drzak-20cm-chrom-jika-3-853d-3-004-100-1-h3853d30041001-19117\/"]}]},{"@type":"ImageObject","inLanguage":"cs","@id":"https:\/\/www.oknobuild.com\/index.php\/produkt\/zlevneny-jika-generic-drateny-drzak-20cm-chrom-jika-3-853d-3-004-100-1-h3853d30041001-19117\/#primaryimage","url":"https:\/\/www.oknobuild.com\/wp-content\/uploads\/2026\/SK0018405-CZ20260425-093351-0-1777080838-970740_0-jpeg.webp","contentUrl":"https:\/\/www.oknobuild.com\/wp-content\/uploads\/2026\/SK0018405-CZ20260425-093351-0-1777080838-970740_0-jpeg.webp","width":1000,"height":750},{"@type":"BreadcrumbList","@id":"https:\/\/www.oknobuild.com\/index.php\/produkt\/zlevneny-jika-generic-drateny-drzak-20cm-chrom-jika-3-853d-3-004-100-1-h3853d30041001-19117\/#breadcrumb","itemListElement":[{"@type":"ListItem","position":1,"name":"Home","item":"https:\/\/www.oknobuild.com\/"},{"@type":"ListItem","position":2,"name":"Products","item":"https:\/\/www.oknobuild.com\/index.php\/products\/"},{"@type":"ListItem","position":3,"name":"Zlevn\u011bn\u00fd JIKA GENERIC dr\u00e1t\u011bn\u00fd dr\u017e\u00e1k 20cm, chrom, JIKA 3.853D.3.004.100.1 H3853D30041001"}]},{"@type":"WebSite","@id":"https:\/\/www.oknobuild.com\/#website","url":"https:\/\/www.oknobuild.com\/","name":"","description":"","potentialAction":[{"@type":"SearchAction","target":{"@type":"EntryPoint","urlTemplate":"https:\/\/www.oknobuild.com\/?s={search_term_string}"},"query-input":{"@type":"PropertyValueSpecification","valueRequired":true,"valueName":"search_term_string"}}],"inLanguage":"cs"}]}},"_links":{"self":[{"href":"https:\/\/www.oknobuild.com\/index.php\/wp-json\/wp\/v2\/product\/19117","targetHints":{"allow":["GET"]}}],"collection":[{"href":"https:\/\/www.oknobuild.com\/index.php\/wp-json\/wp\/v2\/product"}],"about":[{"href":"https:\/\/www.oknobuild.com\/index.php\/wp-json\/wp\/v2\/types\/product"}],"replies":[{"embeddable":true,"href":"https:\/\/www.oknobuild.com\/index.php\/wp-json\/wp\/v2\/comments?post=19117"}],"wp:featuredmedia":[{"embeddable":true,"href":"https:\/\/www.oknobuild.com\/index.php\/wp-json\/wp\/v2\/media\/19217"}],"wp:attachment":[{"href":"https:\/\/www.oknobuild.com\/index.php\/wp-json\/wp\/v2\/media?parent=19117"}],"wp:term":[{"taxonomy":"product_brand","embeddable":true,"href":"https:\/\/www.oknobuild.com\/index.php\/wp-json\/wp\/v2\/product_brand?post=19117"},{"taxonomy":"product_cat","embeddable":true,"href":"https:\/\/www.oknobuild.com\/index.php\/wp-json\/wp\/v2\/product_cat?post=19117"},{"taxonomy":"product_tag","embeddable":true,"href":"https:\/\/www.oknobuild.com\/index.php\/wp-json\/wp\/v2\/product_tag?post=19117"}],"curies":[{"name":"wp","href":"https:\/\/api.w.org\/{rel}","templated":true}]}}