{"id":19149,"date":"2026-04-27T04:41:21","date_gmt":"2026-04-27T04:41:21","guid":{"rendered":""},"modified":"2026-04-27T04:41:21","modified_gmt":"2026-04-27T04:41:21","slug":"akcni-cena-deep-bile-umyvatko-45-x-37-cm-s-otvorem-pro-baterii-h8156140001041-19149","status":"publish","type":"product","link":"https:\/\/www.oknobuild.com\/index.php\/produkt\/akcni-cena-deep-bile-umyvatko-45-x-37-cm-s-otvorem-pro-baterii-h8156140001041-19149\/","title":{"rendered":"Ak\u010dn\u00ed Cena Deep b\u00edl\u00e9 um\u00fdv\u00e1tko 45 x 37 cm s otvorem pro baterii H8156140001041"},"content":{"rendered":"<div class=\"basic-description\">\n<h3>Detailn\u00ed popis produktu<\/h3>\n<p>                                    JIKA Deep b\u00edl\u00e9 um\u00fdv\u00e1tko 45&#215;37 s otvorem pro baterii H8156140001041<\/p>\n<p>Um\u00fdv\u00e1tko 45 cm, s otvorem pro baterii uprost\u0159ed.<\/p>\n<p>Barva: b\u00edl\u00e1<\/p>\n<p>Typ instalace: z\u00e1v\u011bsn\u00e9<\/p>\n<p>Rozm\u011bry:<\/p>\n<p>D\u00e9lka:  450 mm<\/p>\n<p>\u0160\u00ed\u0159ka:  370 mm<\/p>\n<p>V\u00fd\u0161ka:  190 mm<\/p>\n<p>Deep by JIKA um\u00fdv\u00e1tko t\u00e9to s\u00e9rie m\u00e1 kr\u00e1sn\u00fd a \u010dist\u00fd tvar, je dostate\u010dn\u011b hlubok\u00e9, je chyt\u0159e a p\u0159itom jednodu\u0161e \u0159e\u0161en\u00e9. <\/p>\n<p>Doporu\u010dujeme kombinovat s chromovan\u00fdm sifonem. <\/p>\n<p>Na keramick\u00e9 um\u00fdv\u00e1tko Deep by JIKA poskytujeme z\u00e1ruku 10 let.                            <\/p><\/div>\n","protected":false},"excerpt":{"rendered":"<p>Detailn\u00ed popis produktu JIKA Deep b\u00edl\u00e9 um\u00fdv\u00e1tko 45&#215;37 s otvorem pro baterii H8156140001041 Um\u00fdv\u00e1tko 45 cm, s otvorem pro baterii uprost\u0159ed. Barva: b\u00edl\u00e1 Typ instalace: z\u00e1v\u011bsn\u00e9 Rozm\u011bry: D\u00e9lka: 450 mm \u0160\u00ed\u0159ka: 370 mm V\u00fd\u0161ka: 190 mm Deep by JIKA um\u00fdv\u00e1tko t\u00e9to s\u00e9rie m\u00e1 kr\u00e1sn\u00fd a \u010dist\u00fd tvar, je dostate\u010dn\u011b hlubok\u00e9, je chyt\u0159e a p\u0159itom jednodu\u0161e [&hellip;]<\/p>\n","protected":false},"featured_media":19249,"comment_status":"open","ping_status":"open","template":"","meta":[],"product_brand":[],"product_cat":[72],"product_tag":[],"class_list":{"0":"post-19149","1":"product","2":"type-product","3":"status-publish","4":"has-post-thumbnail","6":"product_cat-koupelny-a-sanitarni-technika","8":"first","9":"instock","10":"sale","11":"shipping-taxable","12":"purchasable","13":"product-type-simple"},"yoast_head":"<!-- This site is optimized with the Yoast SEO plugin v26.8 - https:\/\/yoast.com\/product\/yoast-seo-wordpress\/ -->\n<title>Ak\u010dn\u00ed Cena Deep b\u00edl\u00e9 um\u00fdv\u00e1tko 45 x 37 cm s otvorem pro baterii H8156140001041 -<\/title>\n<meta name=\"robots\" content=\"index, follow, max-snippet:-1, max-image-preview:large, max-video-preview:-1\" \/>\n<link rel=\"canonical\" href=\"https:\/\/www.oknobuild.com\/index.php\/produkt\/akcni-cena-deep-bile-umyvatko-45-x-37-cm-s-otvorem-pro-baterii-h8156140001041-19149\/\" \/>\n<meta property=\"og:locale\" content=\"cs_CZ\" \/>\n<meta property=\"og:type\" content=\"article\" \/>\n<meta property=\"og:title\" content=\"Ak\u010dn\u00ed Cena Deep b\u00edl\u00e9 um\u00fdv\u00e1tko 45 x 37 cm s otvorem pro baterii H8156140001041 -\" \/>\n<meta property=\"og:description\" content=\"Detailn\u00ed popis produktu JIKA Deep b\u00edl\u00e9 um\u00fdv\u00e1tko 45&#215;37 s otvorem pro baterii H8156140001041 Um\u00fdv\u00e1tko 45 cm, s otvorem pro baterii uprost\u0159ed. Barva: b\u00edl\u00e1 Typ instalace: z\u00e1v\u011bsn\u00e9 Rozm\u011bry: D\u00e9lka: 450 mm \u0160\u00ed\u0159ka: 370 mm V\u00fd\u0161ka: 190 mm Deep by JIKA um\u00fdv\u00e1tko t\u00e9to s\u00e9rie m\u00e1 kr\u00e1sn\u00fd a \u010dist\u00fd tvar, je dostate\u010dn\u011b hlubok\u00e9, je chyt\u0159e a p\u0159itom jednodu\u0161e [&hellip;]\" \/>\n<meta property=\"og:url\" content=\"https:\/\/www.oknobuild.com\/index.php\/produkt\/akcni-cena-deep-bile-umyvatko-45-x-37-cm-s-otvorem-pro-baterii-h8156140001041-19149\/\" \/>\n<meta property=\"og:image\" content=\"https:\/\/www.oknobuild.com\/wp-content\/uploads\/2026\/SK0018437-CZ20260425-093351-0-1777080838-954561_1-png.webp\" \/>\n\t<meta property=\"og:image:width\" content=\"1000\" \/>\n\t<meta property=\"og:image:height\" content=\"750\" \/>\n\t<meta property=\"og:image:type\" content=\"image\/webp\" \/>\n<meta name=\"twitter:card\" content=\"summary_large_image\" \/>\n<script type=\"application\/ld+json\" class=\"yoast-schema-graph\">{\"@context\":\"https:\/\/schema.org\",\"@graph\":[{\"@type\":\"WebPage\",\"@id\":\"https:\/\/www.oknobuild.com\/index.php\/produkt\/akcni-cena-deep-bile-umyvatko-45-x-37-cm-s-otvorem-pro-baterii-h8156140001041-19149\/\",\"url\":\"https:\/\/www.oknobuild.com\/index.php\/produkt\/akcni-cena-deep-bile-umyvatko-45-x-37-cm-s-otvorem-pro-baterii-h8156140001041-19149\/\",\"name\":\"Ak\u010dn\u00ed Cena Deep b\u00edl\u00e9 um\u00fdv\u00e1tko 45 x 37 cm s otvorem pro baterii H8156140001041 -\",\"isPartOf\":{\"@id\":\"https:\/\/www.oknobuild.com\/#website\"},\"primaryImageOfPage\":{\"@id\":\"https:\/\/www.oknobuild.com\/index.php\/produkt\/akcni-cena-deep-bile-umyvatko-45-x-37-cm-s-otvorem-pro-baterii-h8156140001041-19149\/#primaryimage\"},\"image\":{\"@id\":\"https:\/\/www.oknobuild.com\/index.php\/produkt\/akcni-cena-deep-bile-umyvatko-45-x-37-cm-s-otvorem-pro-baterii-h8156140001041-19149\/#primaryimage\"},\"thumbnailUrl\":\"https:\/\/www.oknobuild.com\/wp-content\/uploads\/2026\/SK0018437-CZ20260425-093351-0-1777080838-954561_1-png.webp\",\"datePublished\":\"2026-04-27T04:41:21+00:00\",\"breadcrumb\":{\"@id\":\"https:\/\/www.oknobuild.com\/index.php\/produkt\/akcni-cena-deep-bile-umyvatko-45-x-37-cm-s-otvorem-pro-baterii-h8156140001041-19149\/#breadcrumb\"},\"inLanguage\":\"cs\",\"potentialAction\":[{\"@type\":\"ReadAction\",\"target\":[\"https:\/\/www.oknobuild.com\/index.php\/produkt\/akcni-cena-deep-bile-umyvatko-45-x-37-cm-s-otvorem-pro-baterii-h8156140001041-19149\/\"]}]},{\"@type\":\"ImageObject\",\"inLanguage\":\"cs\",\"@id\":\"https:\/\/www.oknobuild.com\/index.php\/produkt\/akcni-cena-deep-bile-umyvatko-45-x-37-cm-s-otvorem-pro-baterii-h8156140001041-19149\/#primaryimage\",\"url\":\"https:\/\/www.oknobuild.com\/wp-content\/uploads\/2026\/SK0018437-CZ20260425-093351-0-1777080838-954561_1-png.webp\",\"contentUrl\":\"https:\/\/www.oknobuild.com\/wp-content\/uploads\/2026\/SK0018437-CZ20260425-093351-0-1777080838-954561_1-png.webp\",\"width\":1000,\"height\":750},{\"@type\":\"BreadcrumbList\",\"@id\":\"https:\/\/www.oknobuild.com\/index.php\/produkt\/akcni-cena-deep-bile-umyvatko-45-x-37-cm-s-otvorem-pro-baterii-h8156140001041-19149\/#breadcrumb\",\"itemListElement\":[{\"@type\":\"ListItem\",\"position\":1,\"name\":\"Home\",\"item\":\"https:\/\/www.oknobuild.com\/\"},{\"@type\":\"ListItem\",\"position\":2,\"name\":\"Products\",\"item\":\"https:\/\/www.oknobuild.com\/index.php\/products\/\"},{\"@type\":\"ListItem\",\"position\":3,\"name\":\"Ak\u010dn\u00ed Cena Deep b\u00edl\u00e9 um\u00fdv\u00e1tko 45 x 37 cm s otvorem pro baterii H8156140001041\"}]},{\"@type\":\"WebSite\",\"@id\":\"https:\/\/www.oknobuild.com\/#website\",\"url\":\"https:\/\/www.oknobuild.com\/\",\"name\":\"\",\"description\":\"\",\"potentialAction\":[{\"@type\":\"SearchAction\",\"target\":{\"@type\":\"EntryPoint\",\"urlTemplate\":\"https:\/\/www.oknobuild.com\/?s={search_term_string}\"},\"query-input\":{\"@type\":\"PropertyValueSpecification\",\"valueRequired\":true,\"valueName\":\"search_term_string\"}}],\"inLanguage\":\"cs\"}]}<\/script>\n<!-- \/ Yoast SEO plugin. -->","yoast_head_json":{"title":"Ak\u010dn\u00ed Cena Deep b\u00edl\u00e9 um\u00fdv\u00e1tko 45 x 37 cm s otvorem pro baterii H8156140001041 -","robots":{"index":"index","follow":"follow","max-snippet":"max-snippet:-1","max-image-preview":"max-image-preview:large","max-video-preview":"max-video-preview:-1"},"canonical":"https:\/\/www.oknobuild.com\/index.php\/produkt\/akcni-cena-deep-bile-umyvatko-45-x-37-cm-s-otvorem-pro-baterii-h8156140001041-19149\/","og_locale":"cs_CZ","og_type":"article","og_title":"Ak\u010dn\u00ed Cena Deep b\u00edl\u00e9 um\u00fdv\u00e1tko 45 x 37 cm s otvorem pro baterii H8156140001041 -","og_description":"Detailn\u00ed popis produktu JIKA Deep b\u00edl\u00e9 um\u00fdv\u00e1tko 45&#215;37 s otvorem pro baterii H8156140001041 Um\u00fdv\u00e1tko 45 cm, s otvorem pro baterii uprost\u0159ed. Barva: b\u00edl\u00e1 Typ instalace: z\u00e1v\u011bsn\u00e9 Rozm\u011bry: D\u00e9lka: 450 mm \u0160\u00ed\u0159ka: 370 mm V\u00fd\u0161ka: 190 mm Deep by JIKA um\u00fdv\u00e1tko t\u00e9to s\u00e9rie m\u00e1 kr\u00e1sn\u00fd a \u010dist\u00fd tvar, je dostate\u010dn\u011b hlubok\u00e9, je chyt\u0159e a p\u0159itom jednodu\u0161e [&hellip;]","og_url":"https:\/\/www.oknobuild.com\/index.php\/produkt\/akcni-cena-deep-bile-umyvatko-45-x-37-cm-s-otvorem-pro-baterii-h8156140001041-19149\/","og_image":[{"width":1000,"height":750,"url":"https:\/\/www.oknobuild.com\/wp-content\/uploads\/2026\/SK0018437-CZ20260425-093351-0-1777080838-954561_1-png.webp","type":"image\/webp"}],"twitter_card":"summary_large_image","schema":{"@context":"https:\/\/schema.org","@graph":[{"@type":"WebPage","@id":"https:\/\/www.oknobuild.com\/index.php\/produkt\/akcni-cena-deep-bile-umyvatko-45-x-37-cm-s-otvorem-pro-baterii-h8156140001041-19149\/","url":"https:\/\/www.oknobuild.com\/index.php\/produkt\/akcni-cena-deep-bile-umyvatko-45-x-37-cm-s-otvorem-pro-baterii-h8156140001041-19149\/","name":"Ak\u010dn\u00ed Cena Deep b\u00edl\u00e9 um\u00fdv\u00e1tko 45 x 37 cm s otvorem pro baterii H8156140001041 -","isPartOf":{"@id":"https:\/\/www.oknobuild.com\/#website"},"primaryImageOfPage":{"@id":"https:\/\/www.oknobuild.com\/index.php\/produkt\/akcni-cena-deep-bile-umyvatko-45-x-37-cm-s-otvorem-pro-baterii-h8156140001041-19149\/#primaryimage"},"image":{"@id":"https:\/\/www.oknobuild.com\/index.php\/produkt\/akcni-cena-deep-bile-umyvatko-45-x-37-cm-s-otvorem-pro-baterii-h8156140001041-19149\/#primaryimage"},"thumbnailUrl":"https:\/\/www.oknobuild.com\/wp-content\/uploads\/2026\/SK0018437-CZ20260425-093351-0-1777080838-954561_1-png.webp","datePublished":"2026-04-27T04:41:21+00:00","breadcrumb":{"@id":"https:\/\/www.oknobuild.com\/index.php\/produkt\/akcni-cena-deep-bile-umyvatko-45-x-37-cm-s-otvorem-pro-baterii-h8156140001041-19149\/#breadcrumb"},"inLanguage":"cs","potentialAction":[{"@type":"ReadAction","target":["https:\/\/www.oknobuild.com\/index.php\/produkt\/akcni-cena-deep-bile-umyvatko-45-x-37-cm-s-otvorem-pro-baterii-h8156140001041-19149\/"]}]},{"@type":"ImageObject","inLanguage":"cs","@id":"https:\/\/www.oknobuild.com\/index.php\/produkt\/akcni-cena-deep-bile-umyvatko-45-x-37-cm-s-otvorem-pro-baterii-h8156140001041-19149\/#primaryimage","url":"https:\/\/www.oknobuild.com\/wp-content\/uploads\/2026\/SK0018437-CZ20260425-093351-0-1777080838-954561_1-png.webp","contentUrl":"https:\/\/www.oknobuild.com\/wp-content\/uploads\/2026\/SK0018437-CZ20260425-093351-0-1777080838-954561_1-png.webp","width":1000,"height":750},{"@type":"BreadcrumbList","@id":"https:\/\/www.oknobuild.com\/index.php\/produkt\/akcni-cena-deep-bile-umyvatko-45-x-37-cm-s-otvorem-pro-baterii-h8156140001041-19149\/#breadcrumb","itemListElement":[{"@type":"ListItem","position":1,"name":"Home","item":"https:\/\/www.oknobuild.com\/"},{"@type":"ListItem","position":2,"name":"Products","item":"https:\/\/www.oknobuild.com\/index.php\/products\/"},{"@type":"ListItem","position":3,"name":"Ak\u010dn\u00ed Cena Deep b\u00edl\u00e9 um\u00fdv\u00e1tko 45 x 37 cm s otvorem pro baterii H8156140001041"}]},{"@type":"WebSite","@id":"https:\/\/www.oknobuild.com\/#website","url":"https:\/\/www.oknobuild.com\/","name":"","description":"","potentialAction":[{"@type":"SearchAction","target":{"@type":"EntryPoint","urlTemplate":"https:\/\/www.oknobuild.com\/?s={search_term_string}"},"query-input":{"@type":"PropertyValueSpecification","valueRequired":true,"valueName":"search_term_string"}}],"inLanguage":"cs"}]}},"_links":{"self":[{"href":"https:\/\/www.oknobuild.com\/index.php\/wp-json\/wp\/v2\/product\/19149","targetHints":{"allow":["GET"]}}],"collection":[{"href":"https:\/\/www.oknobuild.com\/index.php\/wp-json\/wp\/v2\/product"}],"about":[{"href":"https:\/\/www.oknobuild.com\/index.php\/wp-json\/wp\/v2\/types\/product"}],"replies":[{"embeddable":true,"href":"https:\/\/www.oknobuild.com\/index.php\/wp-json\/wp\/v2\/comments?post=19149"}],"wp:featuredmedia":[{"embeddable":true,"href":"https:\/\/www.oknobuild.com\/index.php\/wp-json\/wp\/v2\/media\/19249"}],"wp:attachment":[{"href":"https:\/\/www.oknobuild.com\/index.php\/wp-json\/wp\/v2\/media?parent=19149"}],"wp:term":[{"taxonomy":"product_brand","embeddable":true,"href":"https:\/\/www.oknobuild.com\/index.php\/wp-json\/wp\/v2\/product_brand?post=19149"},{"taxonomy":"product_cat","embeddable":true,"href":"https:\/\/www.oknobuild.com\/index.php\/wp-json\/wp\/v2\/product_cat?post=19149"},{"taxonomy":"product_tag","embeddable":true,"href":"https:\/\/www.oknobuild.com\/index.php\/wp-json\/wp\/v2\/product_tag?post=19149"}],"curies":[{"name":"wp","href":"https:\/\/api.w.org\/{rel}","templated":true}]}}