{"id":19172,"date":"2026-04-27T04:41:21","date_gmt":"2026-04-27T04:41:21","guid":{"rendered":""},"modified":"2026-04-27T04:41:21","modified_gmt":"2026-04-27T04:41:21","slug":"zlevneny-jika-cubito-n-bila-skrinka-stredni-32x81x32-prave-dvere-2-police-sklenene-h43j4211205001-19172","status":"publish","type":"product","link":"https:\/\/www.oknobuild.com\/index.php\/produkt\/zlevneny-jika-cubito-n-bila-skrinka-stredni-32x81x32-prave-dvere-2-police-sklenene-h43j4211205001-19172\/","title":{"rendered":"Zlevn\u011bn\u00fd JIKA Cubito-N B\u00cdL\u00c1 sk\u0159\u00ed\u0148ka st\u0159edn\u00ed 32x81x32, Prav\u00e9 dve\u0159e, 2 police sklen\u011bn\u00e9  H43J4211205001"},"content":{"rendered":"<div class=\"basic-description\">\n<h3>Detailn\u00ed popis produktu<\/h3>\n<p>                                    JIKA Cubito-N B\u00cdL\u00c1 sk\u0159\u00ed\u0148ka st\u0159edn\u00ed 32x81x32, Prav\u00e9 dve\u0159e, 2 police sklen\u011bn\u00e9  H43J4211205001<\/p>\n<p>St\u0159edn\u00ed sk\u0159\u00ed\u0148ka, prav\u00e9 dve\u0159e, 2 sklen\u011bn\u00e9 police.<\/p>\n<p>Barva: b\u00edl\u00e1<\/p>\n<p>Rozm\u011bry:<\/p>\n<p>D\u00e9lka:  320 mm<\/p>\n<p>\u0160\u00ed\u0159ka:  322 mm<\/p>\n<p>V\u00fd\u0161ka:  810 mm                            <\/p><\/div>\n","protected":false},"excerpt":{"rendered":"<p>Detailn\u00ed popis produktu JIKA Cubito-N B\u00cdL\u00c1 sk\u0159\u00ed\u0148ka st\u0159edn\u00ed 32x81x32, Prav\u00e9 dve\u0159e, 2 police sklen\u011bn\u00e9 H43J4211205001 St\u0159edn\u00ed sk\u0159\u00ed\u0148ka, prav\u00e9 dve\u0159e, 2 sklen\u011bn\u00e9 police. Barva: b\u00edl\u00e1 Rozm\u011bry: D\u00e9lka: 320 mm \u0160\u00ed\u0159ka: 322 mm V\u00fd\u0161ka: 810 mm<\/p>\n","protected":false},"featured_media":19272,"comment_status":"open","ping_status":"open","template":"","meta":[],"product_brand":[],"product_cat":[72],"product_tag":[],"class_list":{"0":"post-19172","1":"product","2":"type-product","3":"status-publish","4":"has-post-thumbnail","6":"product_cat-koupelny-a-sanitarni-technika","8":"first","9":"instock","10":"sale","11":"shipping-taxable","12":"purchasable","13":"product-type-simple"},"yoast_head":"<!-- This site is optimized with the Yoast SEO plugin v26.8 - https:\/\/yoast.com\/product\/yoast-seo-wordpress\/ -->\n<title>Zlevn\u011bn\u00fd JIKA Cubito-N B\u00cdL\u00c1 sk\u0159\u00ed\u0148ka st\u0159edn\u00ed 32x81x32, Prav\u00e9 dve\u0159e, 2 police sklen\u011bn\u00e9 H43J4211205001 -<\/title>\n<meta name=\"robots\" content=\"index, follow, max-snippet:-1, max-image-preview:large, max-video-preview:-1\" \/>\n<link rel=\"canonical\" href=\"https:\/\/www.oknobuild.com\/index.php\/produkt\/zlevneny-jika-cubito-n-bila-skrinka-stredni-32x81x32-prave-dvere-2-police-sklenene-h43j4211205001-19172\/\" \/>\n<meta property=\"og:locale\" content=\"cs_CZ\" \/>\n<meta property=\"og:type\" content=\"article\" \/>\n<meta property=\"og:title\" content=\"Zlevn\u011bn\u00fd JIKA Cubito-N B\u00cdL\u00c1 sk\u0159\u00ed\u0148ka st\u0159edn\u00ed 32x81x32, Prav\u00e9 dve\u0159e, 2 police sklen\u011bn\u00e9 H43J4211205001 -\" \/>\n<meta property=\"og:description\" content=\"Detailn\u00ed popis produktu JIKA Cubito-N B\u00cdL\u00c1 sk\u0159\u00ed\u0148ka st\u0159edn\u00ed 32x81x32, Prav\u00e9 dve\u0159e, 2 police sklen\u011bn\u00e9 H43J4211205001 St\u0159edn\u00ed sk\u0159\u00ed\u0148ka, prav\u00e9 dve\u0159e, 2 sklen\u011bn\u00e9 police. Barva: b\u00edl\u00e1 Rozm\u011bry: D\u00e9lka: 320 mm \u0160\u00ed\u0159ka: 322 mm V\u00fd\u0161ka: 810 mm\" \/>\n<meta property=\"og:url\" content=\"https:\/\/www.oknobuild.com\/index.php\/produkt\/zlevneny-jika-cubito-n-bila-skrinka-stredni-32x81x32-prave-dvere-2-police-sklenene-h43j4211205001-19172\/\" \/>\n<meta property=\"og:image\" content=\"https:\/\/www.oknobuild.com\/wp-content\/uploads\/2026\/SK0018463-CZ20260425-093351-0-1777080838-953040_1-png.webp\" \/>\n\t<meta property=\"og:image:width\" content=\"1000\" \/>\n\t<meta property=\"og:image:height\" content=\"750\" \/>\n\t<meta property=\"og:image:type\" content=\"image\/webp\" \/>\n<meta name=\"twitter:card\" content=\"summary_large_image\" \/>\n<script type=\"application\/ld+json\" class=\"yoast-schema-graph\">{\"@context\":\"https:\/\/schema.org\",\"@graph\":[{\"@type\":\"WebPage\",\"@id\":\"https:\/\/www.oknobuild.com\/index.php\/produkt\/zlevneny-jika-cubito-n-bila-skrinka-stredni-32x81x32-prave-dvere-2-police-sklenene-h43j4211205001-19172\/\",\"url\":\"https:\/\/www.oknobuild.com\/index.php\/produkt\/zlevneny-jika-cubito-n-bila-skrinka-stredni-32x81x32-prave-dvere-2-police-sklenene-h43j4211205001-19172\/\",\"name\":\"Zlevn\u011bn\u00fd JIKA Cubito-N B\u00cdL\u00c1 sk\u0159\u00ed\u0148ka st\u0159edn\u00ed 32x81x32, Prav\u00e9 dve\u0159e, 2 police sklen\u011bn\u00e9 H43J4211205001 -\",\"isPartOf\":{\"@id\":\"https:\/\/www.oknobuild.com\/#website\"},\"primaryImageOfPage\":{\"@id\":\"https:\/\/www.oknobuild.com\/index.php\/produkt\/zlevneny-jika-cubito-n-bila-skrinka-stredni-32x81x32-prave-dvere-2-police-sklenene-h43j4211205001-19172\/#primaryimage\"},\"image\":{\"@id\":\"https:\/\/www.oknobuild.com\/index.php\/produkt\/zlevneny-jika-cubito-n-bila-skrinka-stredni-32x81x32-prave-dvere-2-police-sklenene-h43j4211205001-19172\/#primaryimage\"},\"thumbnailUrl\":\"https:\/\/www.oknobuild.com\/wp-content\/uploads\/2026\/SK0018463-CZ20260425-093351-0-1777080838-953040_1-png.webp\",\"datePublished\":\"2026-04-27T04:41:21+00:00\",\"breadcrumb\":{\"@id\":\"https:\/\/www.oknobuild.com\/index.php\/produkt\/zlevneny-jika-cubito-n-bila-skrinka-stredni-32x81x32-prave-dvere-2-police-sklenene-h43j4211205001-19172\/#breadcrumb\"},\"inLanguage\":\"cs\",\"potentialAction\":[{\"@type\":\"ReadAction\",\"target\":[\"https:\/\/www.oknobuild.com\/index.php\/produkt\/zlevneny-jika-cubito-n-bila-skrinka-stredni-32x81x32-prave-dvere-2-police-sklenene-h43j4211205001-19172\/\"]}]},{\"@type\":\"ImageObject\",\"inLanguage\":\"cs\",\"@id\":\"https:\/\/www.oknobuild.com\/index.php\/produkt\/zlevneny-jika-cubito-n-bila-skrinka-stredni-32x81x32-prave-dvere-2-police-sklenene-h43j4211205001-19172\/#primaryimage\",\"url\":\"https:\/\/www.oknobuild.com\/wp-content\/uploads\/2026\/SK0018463-CZ20260425-093351-0-1777080838-953040_1-png.webp\",\"contentUrl\":\"https:\/\/www.oknobuild.com\/wp-content\/uploads\/2026\/SK0018463-CZ20260425-093351-0-1777080838-953040_1-png.webp\",\"width\":1000,\"height\":750},{\"@type\":\"BreadcrumbList\",\"@id\":\"https:\/\/www.oknobuild.com\/index.php\/produkt\/zlevneny-jika-cubito-n-bila-skrinka-stredni-32x81x32-prave-dvere-2-police-sklenene-h43j4211205001-19172\/#breadcrumb\",\"itemListElement\":[{\"@type\":\"ListItem\",\"position\":1,\"name\":\"Home\",\"item\":\"https:\/\/www.oknobuild.com\/\"},{\"@type\":\"ListItem\",\"position\":2,\"name\":\"Products\",\"item\":\"https:\/\/www.oknobuild.com\/index.php\/products\/\"},{\"@type\":\"ListItem\",\"position\":3,\"name\":\"Zlevn\u011bn\u00fd JIKA Cubito-N B\u00cdL\u00c1 sk\u0159\u00ed\u0148ka st\u0159edn\u00ed 32x81x32, Prav\u00e9 dve\u0159e, 2 police sklen\u011bn\u00e9 H43J4211205001\"}]},{\"@type\":\"WebSite\",\"@id\":\"https:\/\/www.oknobuild.com\/#website\",\"url\":\"https:\/\/www.oknobuild.com\/\",\"name\":\"\",\"description\":\"\",\"potentialAction\":[{\"@type\":\"SearchAction\",\"target\":{\"@type\":\"EntryPoint\",\"urlTemplate\":\"https:\/\/www.oknobuild.com\/?s={search_term_string}\"},\"query-input\":{\"@type\":\"PropertyValueSpecification\",\"valueRequired\":true,\"valueName\":\"search_term_string\"}}],\"inLanguage\":\"cs\"}]}<\/script>\n<!-- \/ Yoast SEO plugin. -->","yoast_head_json":{"title":"Zlevn\u011bn\u00fd JIKA Cubito-N B\u00cdL\u00c1 sk\u0159\u00ed\u0148ka st\u0159edn\u00ed 32x81x32, Prav\u00e9 dve\u0159e, 2 police sklen\u011bn\u00e9 H43J4211205001 -","robots":{"index":"index","follow":"follow","max-snippet":"max-snippet:-1","max-image-preview":"max-image-preview:large","max-video-preview":"max-video-preview:-1"},"canonical":"https:\/\/www.oknobuild.com\/index.php\/produkt\/zlevneny-jika-cubito-n-bila-skrinka-stredni-32x81x32-prave-dvere-2-police-sklenene-h43j4211205001-19172\/","og_locale":"cs_CZ","og_type":"article","og_title":"Zlevn\u011bn\u00fd JIKA Cubito-N B\u00cdL\u00c1 sk\u0159\u00ed\u0148ka st\u0159edn\u00ed 32x81x32, Prav\u00e9 dve\u0159e, 2 police sklen\u011bn\u00e9 H43J4211205001 -","og_description":"Detailn\u00ed popis produktu JIKA Cubito-N B\u00cdL\u00c1 sk\u0159\u00ed\u0148ka st\u0159edn\u00ed 32x81x32, Prav\u00e9 dve\u0159e, 2 police sklen\u011bn\u00e9 H43J4211205001 St\u0159edn\u00ed sk\u0159\u00ed\u0148ka, prav\u00e9 dve\u0159e, 2 sklen\u011bn\u00e9 police. Barva: b\u00edl\u00e1 Rozm\u011bry: D\u00e9lka: 320 mm \u0160\u00ed\u0159ka: 322 mm V\u00fd\u0161ka: 810 mm","og_url":"https:\/\/www.oknobuild.com\/index.php\/produkt\/zlevneny-jika-cubito-n-bila-skrinka-stredni-32x81x32-prave-dvere-2-police-sklenene-h43j4211205001-19172\/","og_image":[{"width":1000,"height":750,"url":"https:\/\/www.oknobuild.com\/wp-content\/uploads\/2026\/SK0018463-CZ20260425-093351-0-1777080838-953040_1-png.webp","type":"image\/webp"}],"twitter_card":"summary_large_image","schema":{"@context":"https:\/\/schema.org","@graph":[{"@type":"WebPage","@id":"https:\/\/www.oknobuild.com\/index.php\/produkt\/zlevneny-jika-cubito-n-bila-skrinka-stredni-32x81x32-prave-dvere-2-police-sklenene-h43j4211205001-19172\/","url":"https:\/\/www.oknobuild.com\/index.php\/produkt\/zlevneny-jika-cubito-n-bila-skrinka-stredni-32x81x32-prave-dvere-2-police-sklenene-h43j4211205001-19172\/","name":"Zlevn\u011bn\u00fd JIKA Cubito-N B\u00cdL\u00c1 sk\u0159\u00ed\u0148ka st\u0159edn\u00ed 32x81x32, Prav\u00e9 dve\u0159e, 2 police sklen\u011bn\u00e9 H43J4211205001 -","isPartOf":{"@id":"https:\/\/www.oknobuild.com\/#website"},"primaryImageOfPage":{"@id":"https:\/\/www.oknobuild.com\/index.php\/produkt\/zlevneny-jika-cubito-n-bila-skrinka-stredni-32x81x32-prave-dvere-2-police-sklenene-h43j4211205001-19172\/#primaryimage"},"image":{"@id":"https:\/\/www.oknobuild.com\/index.php\/produkt\/zlevneny-jika-cubito-n-bila-skrinka-stredni-32x81x32-prave-dvere-2-police-sklenene-h43j4211205001-19172\/#primaryimage"},"thumbnailUrl":"https:\/\/www.oknobuild.com\/wp-content\/uploads\/2026\/SK0018463-CZ20260425-093351-0-1777080838-953040_1-png.webp","datePublished":"2026-04-27T04:41:21+00:00","breadcrumb":{"@id":"https:\/\/www.oknobuild.com\/index.php\/produkt\/zlevneny-jika-cubito-n-bila-skrinka-stredni-32x81x32-prave-dvere-2-police-sklenene-h43j4211205001-19172\/#breadcrumb"},"inLanguage":"cs","potentialAction":[{"@type":"ReadAction","target":["https:\/\/www.oknobuild.com\/index.php\/produkt\/zlevneny-jika-cubito-n-bila-skrinka-stredni-32x81x32-prave-dvere-2-police-sklenene-h43j4211205001-19172\/"]}]},{"@type":"ImageObject","inLanguage":"cs","@id":"https:\/\/www.oknobuild.com\/index.php\/produkt\/zlevneny-jika-cubito-n-bila-skrinka-stredni-32x81x32-prave-dvere-2-police-sklenene-h43j4211205001-19172\/#primaryimage","url":"https:\/\/www.oknobuild.com\/wp-content\/uploads\/2026\/SK0018463-CZ20260425-093351-0-1777080838-953040_1-png.webp","contentUrl":"https:\/\/www.oknobuild.com\/wp-content\/uploads\/2026\/SK0018463-CZ20260425-093351-0-1777080838-953040_1-png.webp","width":1000,"height":750},{"@type":"BreadcrumbList","@id":"https:\/\/www.oknobuild.com\/index.php\/produkt\/zlevneny-jika-cubito-n-bila-skrinka-stredni-32x81x32-prave-dvere-2-police-sklenene-h43j4211205001-19172\/#breadcrumb","itemListElement":[{"@type":"ListItem","position":1,"name":"Home","item":"https:\/\/www.oknobuild.com\/"},{"@type":"ListItem","position":2,"name":"Products","item":"https:\/\/www.oknobuild.com\/index.php\/products\/"},{"@type":"ListItem","position":3,"name":"Zlevn\u011bn\u00fd JIKA Cubito-N B\u00cdL\u00c1 sk\u0159\u00ed\u0148ka st\u0159edn\u00ed 32x81x32, Prav\u00e9 dve\u0159e, 2 police sklen\u011bn\u00e9 H43J4211205001"}]},{"@type":"WebSite","@id":"https:\/\/www.oknobuild.com\/#website","url":"https:\/\/www.oknobuild.com\/","name":"","description":"","potentialAction":[{"@type":"SearchAction","target":{"@type":"EntryPoint","urlTemplate":"https:\/\/www.oknobuild.com\/?s={search_term_string}"},"query-input":{"@type":"PropertyValueSpecification","valueRequired":true,"valueName":"search_term_string"}}],"inLanguage":"cs"}]}},"_links":{"self":[{"href":"https:\/\/www.oknobuild.com\/index.php\/wp-json\/wp\/v2\/product\/19172","targetHints":{"allow":["GET"]}}],"collection":[{"href":"https:\/\/www.oknobuild.com\/index.php\/wp-json\/wp\/v2\/product"}],"about":[{"href":"https:\/\/www.oknobuild.com\/index.php\/wp-json\/wp\/v2\/types\/product"}],"replies":[{"embeddable":true,"href":"https:\/\/www.oknobuild.com\/index.php\/wp-json\/wp\/v2\/comments?post=19172"}],"wp:featuredmedia":[{"embeddable":true,"href":"https:\/\/www.oknobuild.com\/index.php\/wp-json\/wp\/v2\/media\/19272"}],"wp:attachment":[{"href":"https:\/\/www.oknobuild.com\/index.php\/wp-json\/wp\/v2\/media?parent=19172"}],"wp:term":[{"taxonomy":"product_brand","embeddable":true,"href":"https:\/\/www.oknobuild.com\/index.php\/wp-json\/wp\/v2\/product_brand?post=19172"},{"taxonomy":"product_cat","embeddable":true,"href":"https:\/\/www.oknobuild.com\/index.php\/wp-json\/wp\/v2\/product_cat?post=19172"},{"taxonomy":"product_tag","embeddable":true,"href":"https:\/\/www.oknobuild.com\/index.php\/wp-json\/wp\/v2\/product_tag?post=19172"}],"curies":[{"name":"wp","href":"https:\/\/api.w.org\/{rel}","templated":true}]}}