{"id":19304,"date":"2026-04-27T04:41:21","date_gmt":"2026-04-27T04:41:21","guid":{"rendered":""},"modified":"2026-04-27T04:41:21","modified_gmt":"2026-04-27T04:41:21","slug":"akcni-cena-jika-cube-skrin-bila-s-umyvadlem-55x43-dvoudverova-4-5361-1-176-300-1-h4536111763001-19304","status":"publish","type":"product","link":"https:\/\/www.oknobuild.com\/index.php\/produkt\/akcni-cena-jika-cube-skrin-bila-s-umyvadlem-55x43-dvoudverova-4-5361-1-176-300-1-h4536111763001-19304\/","title":{"rendered":"Ak\u010dn\u00ed Cena JIKA CUBE sk\u0159\u00ed\u0148 B\u00cdL\u00c1 s umyvadlem 55&#215;43 dvoudv\u00e9\u0159ov\u00e1  4.5361.1.176.300.1  H4536111763001"},"content":{"rendered":"<div class=\"basic-description\">\n<h3>Detailn\u00ed popis produktu<\/h3>\n<p>                                    JIKA CUBE sk\u0159\u00ed\u0148 B\u00cdL\u00c1 s umyvadlem 55&#215;43 dvoudv\u00e9\u0159ov\u00e1  4.5361.1.176.300.1  H4536111763001<\/p>\n<p>\u010dern\u00e9 plast \u00fachytky, chromov\u00e9 lze dokoupit.<\/p>\n<p>Sk\u0159\u00ed\u0148ka dvoudv\u00e9\u0159ov\u00e1, v\u010detn\u011b umyvadla 550&#215;430 mm.<\/p>\n<p>Barva: b\u00edl\u00e1<\/p>\n<p>Rozm\u011bry:<\/p>\n<p>D\u00e9lka:  550 mm<\/p>\n<p>\u0160\u00ed\u0159ka:  441 mm<\/p>\n<p>V\u00fd\u0161ka:  622 mm<\/p>\n<p>Sk\u0159\u00ed\u0148ku se 2 dve\u0159mi \u010dist\u011b geometrick\u00fdch tvar\u016f zakoup\u00edte v\u017edy ve v\u00fdhodn\u00e9m setu 1+1 PACK spole\u010dn\u011b s umyvadlem Cube o velikosti 55 cm s odkl\u00e1dac\u00ed plochou. 1+1 PACK je \u00fasporn\u00fd nejen p\u0159i doprav\u011b, ale zejm\u00e9na pro Va\u0161i pen\u011b\u017eenku. <\/p>\n<p>N\u00e1bytek Cube nab\u00edz\u00edme v proveden\u00ed b\u00edl\u00fd lak a v elegantn\u00edm dekoru d\u0159eva tmav\u00fd dub. <\/p>\n<p>Na koupelnov\u00fd n\u00e1bytek Cube poskytujeme z\u00e1ruku 2 roky.                            <\/p><\/div>\n","protected":false},"excerpt":{"rendered":"<p>Detailn\u00ed popis produktu JIKA CUBE sk\u0159\u00ed\u0148 B\u00cdL\u00c1 s umyvadlem 55&#215;43 dvoudv\u00e9\u0159ov\u00e1 4.5361.1.176.300.1 H4536111763001 \u010dern\u00e9 plast \u00fachytky, chromov\u00e9 lze dokoupit. Sk\u0159\u00ed\u0148ka dvoudv\u00e9\u0159ov\u00e1, v\u010detn\u011b umyvadla 550&#215;430 mm. Barva: b\u00edl\u00e1 Rozm\u011bry: D\u00e9lka: 550 mm \u0160\u00ed\u0159ka: 441 mm V\u00fd\u0161ka: 622 mm Sk\u0159\u00ed\u0148ku se 2 dve\u0159mi \u010dist\u011b geometrick\u00fdch tvar\u016f zakoup\u00edte v\u017edy ve v\u00fdhodn\u00e9m setu 1+1 PACK spole\u010dn\u011b s umyvadlem Cube [&hellip;]<\/p>\n","protected":false},"featured_media":19404,"comment_status":"open","ping_status":"open","template":"","meta":[],"product_brand":[],"product_cat":[72],"product_tag":[],"class_list":{"0":"post-19304","1":"product","2":"type-product","3":"status-publish","4":"has-post-thumbnail","6":"product_cat-koupelny-a-sanitarni-technika","8":"first","9":"instock","10":"sale","11":"shipping-taxable","12":"purchasable","13":"product-type-simple"},"yoast_head":"<!-- This site is optimized with the Yoast SEO plugin v26.8 - https:\/\/yoast.com\/product\/yoast-seo-wordpress\/ -->\n<title>Ak\u010dn\u00ed Cena JIKA CUBE sk\u0159\u00ed\u0148 B\u00cdL\u00c1 s umyvadlem 55x43 dvoudv\u00e9\u0159ov\u00e1 4.5361.1.176.300.1 H4536111763001 -<\/title>\n<meta name=\"robots\" content=\"index, follow, max-snippet:-1, max-image-preview:large, max-video-preview:-1\" \/>\n<link rel=\"canonical\" href=\"https:\/\/www.oknobuild.com\/index.php\/produkt\/akcni-cena-jika-cube-skrin-bila-s-umyvadlem-55x43-dvoudverova-4-5361-1-176-300-1-h4536111763001-19304\/\" \/>\n<meta property=\"og:locale\" content=\"cs_CZ\" \/>\n<meta property=\"og:type\" content=\"article\" \/>\n<meta property=\"og:title\" content=\"Ak\u010dn\u00ed Cena JIKA CUBE sk\u0159\u00ed\u0148 B\u00cdL\u00c1 s umyvadlem 55x43 dvoudv\u00e9\u0159ov\u00e1 4.5361.1.176.300.1 H4536111763001 -\" \/>\n<meta property=\"og:description\" content=\"Detailn\u00ed popis produktu JIKA CUBE sk\u0159\u00ed\u0148 B\u00cdL\u00c1 s umyvadlem 55&#215;43 dvoudv\u00e9\u0159ov\u00e1 4.5361.1.176.300.1 H4536111763001 \u010dern\u00e9 plast \u00fachytky, chromov\u00e9 lze dokoupit. Sk\u0159\u00ed\u0148ka dvoudv\u00e9\u0159ov\u00e1, v\u010detn\u011b umyvadla 550&#215;430 mm. Barva: b\u00edl\u00e1 Rozm\u011bry: D\u00e9lka: 550 mm \u0160\u00ed\u0159ka: 441 mm V\u00fd\u0161ka: 622 mm Sk\u0159\u00ed\u0148ku se 2 dve\u0159mi \u010dist\u011b geometrick\u00fdch tvar\u016f zakoup\u00edte v\u017edy ve v\u00fdhodn\u00e9m setu 1+1 PACK spole\u010dn\u011b s umyvadlem Cube [&hellip;]\" \/>\n<meta property=\"og:url\" content=\"https:\/\/www.oknobuild.com\/index.php\/produkt\/akcni-cena-jika-cube-skrin-bila-s-umyvadlem-55x43-dvoudverova-4-5361-1-176-300-1-h4536111763001-19304\/\" \/>\n<meta property=\"og:image\" content=\"https:\/\/www.oknobuild.com\/wp-content\/uploads\/2026\/SK0018495-CZ20260425-093351-0-1777080838-952404_letak_benefity-jpg.webp\" \/>\n\t<meta property=\"og:image:width\" content=\"1000\" \/>\n\t<meta property=\"og:image:height\" content=\"750\" \/>\n\t<meta property=\"og:image:type\" content=\"image\/webp\" \/>\n<meta name=\"twitter:card\" content=\"summary_large_image\" \/>\n<meta name=\"twitter:label1\" content=\"Odhadovan\u00e1 doba \u010dten\u00ed\" \/>\n\t<meta name=\"twitter:data1\" content=\"1 minuta\" \/>\n<script type=\"application\/ld+json\" class=\"yoast-schema-graph\">{\"@context\":\"https:\/\/schema.org\",\"@graph\":[{\"@type\":\"WebPage\",\"@id\":\"https:\/\/www.oknobuild.com\/index.php\/produkt\/akcni-cena-jika-cube-skrin-bila-s-umyvadlem-55x43-dvoudverova-4-5361-1-176-300-1-h4536111763001-19304\/\",\"url\":\"https:\/\/www.oknobuild.com\/index.php\/produkt\/akcni-cena-jika-cube-skrin-bila-s-umyvadlem-55x43-dvoudverova-4-5361-1-176-300-1-h4536111763001-19304\/\",\"name\":\"Ak\u010dn\u00ed Cena JIKA CUBE sk\u0159\u00ed\u0148 B\u00cdL\u00c1 s umyvadlem 55x43 dvoudv\u00e9\u0159ov\u00e1 4.5361.1.176.300.1 H4536111763001 -\",\"isPartOf\":{\"@id\":\"https:\/\/www.oknobuild.com\/#website\"},\"primaryImageOfPage\":{\"@id\":\"https:\/\/www.oknobuild.com\/index.php\/produkt\/akcni-cena-jika-cube-skrin-bila-s-umyvadlem-55x43-dvoudverova-4-5361-1-176-300-1-h4536111763001-19304\/#primaryimage\"},\"image\":{\"@id\":\"https:\/\/www.oknobuild.com\/index.php\/produkt\/akcni-cena-jika-cube-skrin-bila-s-umyvadlem-55x43-dvoudverova-4-5361-1-176-300-1-h4536111763001-19304\/#primaryimage\"},\"thumbnailUrl\":\"https:\/\/www.oknobuild.com\/wp-content\/uploads\/2026\/SK0018495-CZ20260425-093351-0-1777080838-952404_letak_benefity-jpg.webp\",\"datePublished\":\"2026-04-27T04:41:21+00:00\",\"breadcrumb\":{\"@id\":\"https:\/\/www.oknobuild.com\/index.php\/produkt\/akcni-cena-jika-cube-skrin-bila-s-umyvadlem-55x43-dvoudverova-4-5361-1-176-300-1-h4536111763001-19304\/#breadcrumb\"},\"inLanguage\":\"cs\",\"potentialAction\":[{\"@type\":\"ReadAction\",\"target\":[\"https:\/\/www.oknobuild.com\/index.php\/produkt\/akcni-cena-jika-cube-skrin-bila-s-umyvadlem-55x43-dvoudverova-4-5361-1-176-300-1-h4536111763001-19304\/\"]}]},{\"@type\":\"ImageObject\",\"inLanguage\":\"cs\",\"@id\":\"https:\/\/www.oknobuild.com\/index.php\/produkt\/akcni-cena-jika-cube-skrin-bila-s-umyvadlem-55x43-dvoudverova-4-5361-1-176-300-1-h4536111763001-19304\/#primaryimage\",\"url\":\"https:\/\/www.oknobuild.com\/wp-content\/uploads\/2026\/SK0018495-CZ20260425-093351-0-1777080838-952404_letak_benefity-jpg.webp\",\"contentUrl\":\"https:\/\/www.oknobuild.com\/wp-content\/uploads\/2026\/SK0018495-CZ20260425-093351-0-1777080838-952404_letak_benefity-jpg.webp\",\"width\":1000,\"height\":750},{\"@type\":\"BreadcrumbList\",\"@id\":\"https:\/\/www.oknobuild.com\/index.php\/produkt\/akcni-cena-jika-cube-skrin-bila-s-umyvadlem-55x43-dvoudverova-4-5361-1-176-300-1-h4536111763001-19304\/#breadcrumb\",\"itemListElement\":[{\"@type\":\"ListItem\",\"position\":1,\"name\":\"Home\",\"item\":\"https:\/\/www.oknobuild.com\/\"},{\"@type\":\"ListItem\",\"position\":2,\"name\":\"Products\",\"item\":\"https:\/\/www.oknobuild.com\/index.php\/products\/\"},{\"@type\":\"ListItem\",\"position\":3,\"name\":\"Ak\u010dn\u00ed Cena JIKA CUBE sk\u0159\u00ed\u0148 B\u00cdL\u00c1 s umyvadlem 55&#215;43 dvoudv\u00e9\u0159ov\u00e1 4.5361.1.176.300.1 H4536111763001\"}]},{\"@type\":\"WebSite\",\"@id\":\"https:\/\/www.oknobuild.com\/#website\",\"url\":\"https:\/\/www.oknobuild.com\/\",\"name\":\"\",\"description\":\"\",\"potentialAction\":[{\"@type\":\"SearchAction\",\"target\":{\"@type\":\"EntryPoint\",\"urlTemplate\":\"https:\/\/www.oknobuild.com\/?s={search_term_string}\"},\"query-input\":{\"@type\":\"PropertyValueSpecification\",\"valueRequired\":true,\"valueName\":\"search_term_string\"}}],\"inLanguage\":\"cs\"}]}<\/script>\n<!-- \/ Yoast SEO plugin. -->","yoast_head_json":{"title":"Ak\u010dn\u00ed Cena JIKA CUBE sk\u0159\u00ed\u0148 B\u00cdL\u00c1 s umyvadlem 55x43 dvoudv\u00e9\u0159ov\u00e1 4.5361.1.176.300.1 H4536111763001 -","robots":{"index":"index","follow":"follow","max-snippet":"max-snippet:-1","max-image-preview":"max-image-preview:large","max-video-preview":"max-video-preview:-1"},"canonical":"https:\/\/www.oknobuild.com\/index.php\/produkt\/akcni-cena-jika-cube-skrin-bila-s-umyvadlem-55x43-dvoudverova-4-5361-1-176-300-1-h4536111763001-19304\/","og_locale":"cs_CZ","og_type":"article","og_title":"Ak\u010dn\u00ed Cena JIKA CUBE sk\u0159\u00ed\u0148 B\u00cdL\u00c1 s umyvadlem 55x43 dvoudv\u00e9\u0159ov\u00e1 4.5361.1.176.300.1 H4536111763001 -","og_description":"Detailn\u00ed popis produktu JIKA CUBE sk\u0159\u00ed\u0148 B\u00cdL\u00c1 s umyvadlem 55&#215;43 dvoudv\u00e9\u0159ov\u00e1 4.5361.1.176.300.1 H4536111763001 \u010dern\u00e9 plast \u00fachytky, chromov\u00e9 lze dokoupit. Sk\u0159\u00ed\u0148ka dvoudv\u00e9\u0159ov\u00e1, v\u010detn\u011b umyvadla 550&#215;430 mm. Barva: b\u00edl\u00e1 Rozm\u011bry: D\u00e9lka: 550 mm \u0160\u00ed\u0159ka: 441 mm V\u00fd\u0161ka: 622 mm Sk\u0159\u00ed\u0148ku se 2 dve\u0159mi \u010dist\u011b geometrick\u00fdch tvar\u016f zakoup\u00edte v\u017edy ve v\u00fdhodn\u00e9m setu 1+1 PACK spole\u010dn\u011b s umyvadlem Cube [&hellip;]","og_url":"https:\/\/www.oknobuild.com\/index.php\/produkt\/akcni-cena-jika-cube-skrin-bila-s-umyvadlem-55x43-dvoudverova-4-5361-1-176-300-1-h4536111763001-19304\/","og_image":[{"width":1000,"height":750,"url":"https:\/\/www.oknobuild.com\/wp-content\/uploads\/2026\/SK0018495-CZ20260425-093351-0-1777080838-952404_letak_benefity-jpg.webp","type":"image\/webp"}],"twitter_card":"summary_large_image","twitter_misc":{"Odhadovan\u00e1 doba \u010dten\u00ed":"1 minuta"},"schema":{"@context":"https:\/\/schema.org","@graph":[{"@type":"WebPage","@id":"https:\/\/www.oknobuild.com\/index.php\/produkt\/akcni-cena-jika-cube-skrin-bila-s-umyvadlem-55x43-dvoudverova-4-5361-1-176-300-1-h4536111763001-19304\/","url":"https:\/\/www.oknobuild.com\/index.php\/produkt\/akcni-cena-jika-cube-skrin-bila-s-umyvadlem-55x43-dvoudverova-4-5361-1-176-300-1-h4536111763001-19304\/","name":"Ak\u010dn\u00ed Cena JIKA CUBE sk\u0159\u00ed\u0148 B\u00cdL\u00c1 s umyvadlem 55x43 dvoudv\u00e9\u0159ov\u00e1 4.5361.1.176.300.1 H4536111763001 -","isPartOf":{"@id":"https:\/\/www.oknobuild.com\/#website"},"primaryImageOfPage":{"@id":"https:\/\/www.oknobuild.com\/index.php\/produkt\/akcni-cena-jika-cube-skrin-bila-s-umyvadlem-55x43-dvoudverova-4-5361-1-176-300-1-h4536111763001-19304\/#primaryimage"},"image":{"@id":"https:\/\/www.oknobuild.com\/index.php\/produkt\/akcni-cena-jika-cube-skrin-bila-s-umyvadlem-55x43-dvoudverova-4-5361-1-176-300-1-h4536111763001-19304\/#primaryimage"},"thumbnailUrl":"https:\/\/www.oknobuild.com\/wp-content\/uploads\/2026\/SK0018495-CZ20260425-093351-0-1777080838-952404_letak_benefity-jpg.webp","datePublished":"2026-04-27T04:41:21+00:00","breadcrumb":{"@id":"https:\/\/www.oknobuild.com\/index.php\/produkt\/akcni-cena-jika-cube-skrin-bila-s-umyvadlem-55x43-dvoudverova-4-5361-1-176-300-1-h4536111763001-19304\/#breadcrumb"},"inLanguage":"cs","potentialAction":[{"@type":"ReadAction","target":["https:\/\/www.oknobuild.com\/index.php\/produkt\/akcni-cena-jika-cube-skrin-bila-s-umyvadlem-55x43-dvoudverova-4-5361-1-176-300-1-h4536111763001-19304\/"]}]},{"@type":"ImageObject","inLanguage":"cs","@id":"https:\/\/www.oknobuild.com\/index.php\/produkt\/akcni-cena-jika-cube-skrin-bila-s-umyvadlem-55x43-dvoudverova-4-5361-1-176-300-1-h4536111763001-19304\/#primaryimage","url":"https:\/\/www.oknobuild.com\/wp-content\/uploads\/2026\/SK0018495-CZ20260425-093351-0-1777080838-952404_letak_benefity-jpg.webp","contentUrl":"https:\/\/www.oknobuild.com\/wp-content\/uploads\/2026\/SK0018495-CZ20260425-093351-0-1777080838-952404_letak_benefity-jpg.webp","width":1000,"height":750},{"@type":"BreadcrumbList","@id":"https:\/\/www.oknobuild.com\/index.php\/produkt\/akcni-cena-jika-cube-skrin-bila-s-umyvadlem-55x43-dvoudverova-4-5361-1-176-300-1-h4536111763001-19304\/#breadcrumb","itemListElement":[{"@type":"ListItem","position":1,"name":"Home","item":"https:\/\/www.oknobuild.com\/"},{"@type":"ListItem","position":2,"name":"Products","item":"https:\/\/www.oknobuild.com\/index.php\/products\/"},{"@type":"ListItem","position":3,"name":"Ak\u010dn\u00ed Cena JIKA CUBE sk\u0159\u00ed\u0148 B\u00cdL\u00c1 s umyvadlem 55&#215;43 dvoudv\u00e9\u0159ov\u00e1 4.5361.1.176.300.1 H4536111763001"}]},{"@type":"WebSite","@id":"https:\/\/www.oknobuild.com\/#website","url":"https:\/\/www.oknobuild.com\/","name":"","description":"","potentialAction":[{"@type":"SearchAction","target":{"@type":"EntryPoint","urlTemplate":"https:\/\/www.oknobuild.com\/?s={search_term_string}"},"query-input":{"@type":"PropertyValueSpecification","valueRequired":true,"valueName":"search_term_string"}}],"inLanguage":"cs"}]}},"_links":{"self":[{"href":"https:\/\/www.oknobuild.com\/index.php\/wp-json\/wp\/v2\/product\/19304","targetHints":{"allow":["GET"]}}],"collection":[{"href":"https:\/\/www.oknobuild.com\/index.php\/wp-json\/wp\/v2\/product"}],"about":[{"href":"https:\/\/www.oknobuild.com\/index.php\/wp-json\/wp\/v2\/types\/product"}],"replies":[{"embeddable":true,"href":"https:\/\/www.oknobuild.com\/index.php\/wp-json\/wp\/v2\/comments?post=19304"}],"wp:featuredmedia":[{"embeddable":true,"href":"https:\/\/www.oknobuild.com\/index.php\/wp-json\/wp\/v2\/media\/19404"}],"wp:attachment":[{"href":"https:\/\/www.oknobuild.com\/index.php\/wp-json\/wp\/v2\/media?parent=19304"}],"wp:term":[{"taxonomy":"product_brand","embeddable":true,"href":"https:\/\/www.oknobuild.com\/index.php\/wp-json\/wp\/v2\/product_brand?post=19304"},{"taxonomy":"product_cat","embeddable":true,"href":"https:\/\/www.oknobuild.com\/index.php\/wp-json\/wp\/v2\/product_cat?post=19304"},{"taxonomy":"product_tag","embeddable":true,"href":"https:\/\/www.oknobuild.com\/index.php\/wp-json\/wp\/v2\/product_tag?post=19304"}],"curies":[{"name":"wp","href":"https:\/\/api.w.org\/{rel}","templated":true}]}}