{"id":19497,"date":"2026-04-27T04:41:22","date_gmt":"2026-04-27T04:41:22","guid":{"rendered":""},"modified":"2026-04-27T04:41:22","modified_gmt":"2026-04-27T04:41:22","slug":"akce-jika-baby-plastova-nadrzka-pro-detskou-wcmisu-bocni-3-8-quot-pripoj-vody-8-9371-1-000-000-1-h8937110000001-19497","status":"publish","type":"product","link":"https:\/\/www.oknobuild.com\/index.php\/produkt\/akce-jika-baby-plastova-nadrzka-pro-detskou-wcmisu-bocni-3-8-quot-pripoj-vody-8-9371-1-000-000-1-h8937110000001-19497\/","title":{"rendered":"Akce JIKA BABY plastov\u00e1 n\u00e1dr\u017eka pro d\u011btskou WCm\u00edsu, bo\u010dn\u00ed 3\/8&quot; p\u0159\u00edpoj vody 8.9371.1.000.000.1   H8937110000001"},"content":{"rendered":"<div class=\"basic-description\">\n<h3>Detailn\u00ed popis produktu<\/h3>\n<p>                                    Plastov\u00e1 n\u00e1dr\u017eka pro samostatn\u011b stoj\u00edc\u00ed klozety, bo\u010dn\u00ed p\u0159\u00edvod vody 3\/8&#8243;, s d\u011btsk\u00fdm motivem lu\u010dn\u00edho kon\u00edka.<\/p>\n<p>Plastov\u00e1 n\u00e1dr\u017eka Modul s dekorem lu\u010dn\u00edho kon\u00edka je skv\u011bl\u00fdm \u0159e\u0161en\u00edm pro d\u011btsk\u00fd samostatn\u011b stoj\u00edc\u00ed klozet Baby. <\/p>\n<p>Nab\u00edz\u00edme ji v\u017edy s armaturou Dual Flush 3\/6 l v\u010detn\u011b plastov\u00e9ho kolena k napojen\u00ed na wc. <\/p>\n<p>N\u00e1dr\u017e je vyrobena ze silnost\u011bnn\u00e9ho plastu o tlou\u0161\u0165ce 4-5 mm, odoln\u00e9ho v\u016f\u010di UV z\u00e1\u0159en\u00ed a d\u00edky tomu si zachov\u00e1v\u00e1 stejnou b\u00edlou barvu jako keramick\u00e9 klozety. N\u00e1dr\u017e m\u016f\u017eete d\u00edky nastavitelnosti (200-575) um\u00edstit v r\u016fzn\u00e9 v\u00fd\u0161ce. <\/p>\n<p>Rozm\u011bry:<\/p>\n<p>D\u00e9lka:  380 mm<\/p>\n<p>\u0160\u00ed\u0159ka:  370 mm<\/p>\n<p>V\u00fd\u0161ka:  118 mm                            <\/p><\/div>\n","protected":false},"excerpt":{"rendered":"<p>Detailn\u00ed popis produktu Plastov\u00e1 n\u00e1dr\u017eka pro samostatn\u011b stoj\u00edc\u00ed klozety, bo\u010dn\u00ed p\u0159\u00edvod vody 3\/8&#8243;, s d\u011btsk\u00fdm motivem lu\u010dn\u00edho kon\u00edka. Plastov\u00e1 n\u00e1dr\u017eka Modul s dekorem lu\u010dn\u00edho kon\u00edka je skv\u011bl\u00fdm \u0159e\u0161en\u00edm pro d\u011btsk\u00fd samostatn\u011b stoj\u00edc\u00ed klozet Baby. Nab\u00edz\u00edme ji v\u017edy s armaturou Dual Flush 3\/6 l v\u010detn\u011b plastov\u00e9ho kolena k napojen\u00ed na wc. N\u00e1dr\u017e je vyrobena ze silnost\u011bnn\u00e9ho [&hellip;]<\/p>\n","protected":false},"featured_media":19597,"comment_status":"open","ping_status":"open","template":"","meta":[],"product_brand":[],"product_cat":[72],"product_tag":[],"class_list":{"0":"post-19497","1":"product","2":"type-product","3":"status-publish","4":"has-post-thumbnail","6":"product_cat-koupelny-a-sanitarni-technika","8":"first","9":"instock","10":"sale","11":"shipping-taxable","12":"purchasable","13":"product-type-simple"},"yoast_head":"<!-- This site is optimized with the Yoast SEO plugin v26.8 - https:\/\/yoast.com\/product\/yoast-seo-wordpress\/ -->\n<title>Akce JIKA BABY plastov\u00e1 n\u00e1dr\u017eka pro d\u011btskou WCm\u00edsu, bo\u010dn\u00ed 3\/8&quot; p\u0159\u00edpoj vody 8.9371.1.000.000.1  H8937110000001 -<\/title>\n<meta name=\"robots\" content=\"index, follow, max-snippet:-1, max-image-preview:large, max-video-preview:-1\" \/>\n<link rel=\"canonical\" href=\"https:\/\/www.oknobuild.com\/index.php\/produkt\/akce-jika-baby-plastova-nadrzka-pro-detskou-wcmisu-bocni-3-8-quot-pripoj-vody-8-9371-1-000-000-1-h8937110000001-19497\/\" \/>\n<meta property=\"og:locale\" content=\"cs_CZ\" \/>\n<meta property=\"og:type\" content=\"article\" \/>\n<meta property=\"og:title\" content=\"Akce JIKA BABY plastov\u00e1 n\u00e1dr\u017eka pro d\u011btskou WCm\u00edsu, bo\u010dn\u00ed 3\/8&quot; p\u0159\u00edpoj vody 8.9371.1.000.000.1  H8937110000001 -\" \/>\n<meta property=\"og:description\" content=\"Detailn\u00ed popis produktu Plastov\u00e1 n\u00e1dr\u017eka pro samostatn\u011b stoj\u00edc\u00ed klozety, bo\u010dn\u00ed p\u0159\u00edvod vody 3\/8&#8243;, s d\u011btsk\u00fdm motivem lu\u010dn\u00edho kon\u00edka. Plastov\u00e1 n\u00e1dr\u017eka Modul s dekorem lu\u010dn\u00edho kon\u00edka je skv\u011bl\u00fdm \u0159e\u0161en\u00edm pro d\u011btsk\u00fd samostatn\u011b stoj\u00edc\u00ed klozet Baby. Nab\u00edz\u00edme ji v\u017edy s armaturou Dual Flush 3\/6 l v\u010detn\u011b plastov\u00e9ho kolena k napojen\u00ed na wc. N\u00e1dr\u017e je vyrobena ze silnost\u011bnn\u00e9ho [&hellip;]\" \/>\n<meta property=\"og:url\" content=\"https:\/\/www.oknobuild.com\/index.php\/produkt\/akce-jika-baby-plastova-nadrzka-pro-detskou-wcmisu-bocni-3-8-quot-pripoj-vody-8-9371-1-000-000-1-h8937110000001-19497\/\" \/>\n<meta property=\"og:image\" content=\"https:\/\/www.oknobuild.com\/wp-content\/uploads\/2026\/SK0018596-CZ20260425-093351-0-1777080838-943692_0-jpeg.webp\" \/>\n\t<meta property=\"og:image:width\" content=\"1000\" \/>\n\t<meta property=\"og:image:height\" content=\"750\" \/>\n\t<meta property=\"og:image:type\" content=\"image\/webp\" \/>\n<meta name=\"twitter:card\" content=\"summary_large_image\" \/>\n<meta name=\"twitter:label1\" content=\"Odhadovan\u00e1 doba \u010dten\u00ed\" \/>\n\t<meta name=\"twitter:data1\" content=\"1 minuta\" \/>\n<script type=\"application\/ld+json\" class=\"yoast-schema-graph\">{\"@context\":\"https:\/\/schema.org\",\"@graph\":[{\"@type\":\"WebPage\",\"@id\":\"https:\/\/www.oknobuild.com\/index.php\/produkt\/akce-jika-baby-plastova-nadrzka-pro-detskou-wcmisu-bocni-3-8-quot-pripoj-vody-8-9371-1-000-000-1-h8937110000001-19497\/\",\"url\":\"https:\/\/www.oknobuild.com\/index.php\/produkt\/akce-jika-baby-plastova-nadrzka-pro-detskou-wcmisu-bocni-3-8-quot-pripoj-vody-8-9371-1-000-000-1-h8937110000001-19497\/\",\"name\":\"Akce JIKA BABY plastov\u00e1 n\u00e1dr\u017eka pro d\u011btskou WCm\u00edsu, bo\u010dn\u00ed 3\/8&quot; p\u0159\u00edpoj vody 8.9371.1.000.000.1 H8937110000001 -\",\"isPartOf\":{\"@id\":\"https:\/\/www.oknobuild.com\/#website\"},\"primaryImageOfPage\":{\"@id\":\"https:\/\/www.oknobuild.com\/index.php\/produkt\/akce-jika-baby-plastova-nadrzka-pro-detskou-wcmisu-bocni-3-8-quot-pripoj-vody-8-9371-1-000-000-1-h8937110000001-19497\/#primaryimage\"},\"image\":{\"@id\":\"https:\/\/www.oknobuild.com\/index.php\/produkt\/akce-jika-baby-plastova-nadrzka-pro-detskou-wcmisu-bocni-3-8-quot-pripoj-vody-8-9371-1-000-000-1-h8937110000001-19497\/#primaryimage\"},\"thumbnailUrl\":\"https:\/\/www.oknobuild.com\/wp-content\/uploads\/2026\/SK0018596-CZ20260425-093351-0-1777080838-943692_0-jpeg.webp\",\"datePublished\":\"2026-04-27T04:41:22+00:00\",\"breadcrumb\":{\"@id\":\"https:\/\/www.oknobuild.com\/index.php\/produkt\/akce-jika-baby-plastova-nadrzka-pro-detskou-wcmisu-bocni-3-8-quot-pripoj-vody-8-9371-1-000-000-1-h8937110000001-19497\/#breadcrumb\"},\"inLanguage\":\"cs\",\"potentialAction\":[{\"@type\":\"ReadAction\",\"target\":[\"https:\/\/www.oknobuild.com\/index.php\/produkt\/akce-jika-baby-plastova-nadrzka-pro-detskou-wcmisu-bocni-3-8-quot-pripoj-vody-8-9371-1-000-000-1-h8937110000001-19497\/\"]}]},{\"@type\":\"ImageObject\",\"inLanguage\":\"cs\",\"@id\":\"https:\/\/www.oknobuild.com\/index.php\/produkt\/akce-jika-baby-plastova-nadrzka-pro-detskou-wcmisu-bocni-3-8-quot-pripoj-vody-8-9371-1-000-000-1-h8937110000001-19497\/#primaryimage\",\"url\":\"https:\/\/www.oknobuild.com\/wp-content\/uploads\/2026\/SK0018596-CZ20260425-093351-0-1777080838-943692_0-jpeg.webp\",\"contentUrl\":\"https:\/\/www.oknobuild.com\/wp-content\/uploads\/2026\/SK0018596-CZ20260425-093351-0-1777080838-943692_0-jpeg.webp\",\"width\":1000,\"height\":750},{\"@type\":\"BreadcrumbList\",\"@id\":\"https:\/\/www.oknobuild.com\/index.php\/produkt\/akce-jika-baby-plastova-nadrzka-pro-detskou-wcmisu-bocni-3-8-quot-pripoj-vody-8-9371-1-000-000-1-h8937110000001-19497\/#breadcrumb\",\"itemListElement\":[{\"@type\":\"ListItem\",\"position\":1,\"name\":\"Home\",\"item\":\"https:\/\/www.oknobuild.com\/\"},{\"@type\":\"ListItem\",\"position\":2,\"name\":\"Products\",\"item\":\"https:\/\/www.oknobuild.com\/index.php\/products\/\"},{\"@type\":\"ListItem\",\"position\":3,\"name\":\"Akce JIKA BABY plastov\u00e1 n\u00e1dr\u017eka pro d\u011btskou WCm\u00edsu, bo\u010dn\u00ed 3\/8&quot; p\u0159\u00edpoj vody 8.9371.1.000.000.1 H8937110000001\"}]},{\"@type\":\"WebSite\",\"@id\":\"https:\/\/www.oknobuild.com\/#website\",\"url\":\"https:\/\/www.oknobuild.com\/\",\"name\":\"\",\"description\":\"\",\"potentialAction\":[{\"@type\":\"SearchAction\",\"target\":{\"@type\":\"EntryPoint\",\"urlTemplate\":\"https:\/\/www.oknobuild.com\/?s={search_term_string}\"},\"query-input\":{\"@type\":\"PropertyValueSpecification\",\"valueRequired\":true,\"valueName\":\"search_term_string\"}}],\"inLanguage\":\"cs\"}]}<\/script>\n<!-- \/ Yoast SEO plugin. -->","yoast_head_json":{"title":"Akce JIKA BABY plastov\u00e1 n\u00e1dr\u017eka pro d\u011btskou WCm\u00edsu, bo\u010dn\u00ed 3\/8&quot; p\u0159\u00edpoj vody 8.9371.1.000.000.1  H8937110000001 -","robots":{"index":"index","follow":"follow","max-snippet":"max-snippet:-1","max-image-preview":"max-image-preview:large","max-video-preview":"max-video-preview:-1"},"canonical":"https:\/\/www.oknobuild.com\/index.php\/produkt\/akce-jika-baby-plastova-nadrzka-pro-detskou-wcmisu-bocni-3-8-quot-pripoj-vody-8-9371-1-000-000-1-h8937110000001-19497\/","og_locale":"cs_CZ","og_type":"article","og_title":"Akce JIKA BABY plastov\u00e1 n\u00e1dr\u017eka pro d\u011btskou WCm\u00edsu, bo\u010dn\u00ed 3\/8&quot; p\u0159\u00edpoj vody 8.9371.1.000.000.1  H8937110000001 -","og_description":"Detailn\u00ed popis produktu Plastov\u00e1 n\u00e1dr\u017eka pro samostatn\u011b stoj\u00edc\u00ed klozety, bo\u010dn\u00ed p\u0159\u00edvod vody 3\/8&#8243;, s d\u011btsk\u00fdm motivem lu\u010dn\u00edho kon\u00edka. Plastov\u00e1 n\u00e1dr\u017eka Modul s dekorem lu\u010dn\u00edho kon\u00edka je skv\u011bl\u00fdm \u0159e\u0161en\u00edm pro d\u011btsk\u00fd samostatn\u011b stoj\u00edc\u00ed klozet Baby. Nab\u00edz\u00edme ji v\u017edy s armaturou Dual Flush 3\/6 l v\u010detn\u011b plastov\u00e9ho kolena k napojen\u00ed na wc. N\u00e1dr\u017e je vyrobena ze silnost\u011bnn\u00e9ho [&hellip;]","og_url":"https:\/\/www.oknobuild.com\/index.php\/produkt\/akce-jika-baby-plastova-nadrzka-pro-detskou-wcmisu-bocni-3-8-quot-pripoj-vody-8-9371-1-000-000-1-h8937110000001-19497\/","og_image":[{"width":1000,"height":750,"url":"https:\/\/www.oknobuild.com\/wp-content\/uploads\/2026\/SK0018596-CZ20260425-093351-0-1777080838-943692_0-jpeg.webp","type":"image\/webp"}],"twitter_card":"summary_large_image","twitter_misc":{"Odhadovan\u00e1 doba \u010dten\u00ed":"1 minuta"},"schema":{"@context":"https:\/\/schema.org","@graph":[{"@type":"WebPage","@id":"https:\/\/www.oknobuild.com\/index.php\/produkt\/akce-jika-baby-plastova-nadrzka-pro-detskou-wcmisu-bocni-3-8-quot-pripoj-vody-8-9371-1-000-000-1-h8937110000001-19497\/","url":"https:\/\/www.oknobuild.com\/index.php\/produkt\/akce-jika-baby-plastova-nadrzka-pro-detskou-wcmisu-bocni-3-8-quot-pripoj-vody-8-9371-1-000-000-1-h8937110000001-19497\/","name":"Akce JIKA BABY plastov\u00e1 n\u00e1dr\u017eka pro d\u011btskou WCm\u00edsu, bo\u010dn\u00ed 3\/8&quot; p\u0159\u00edpoj vody 8.9371.1.000.000.1 H8937110000001 -","isPartOf":{"@id":"https:\/\/www.oknobuild.com\/#website"},"primaryImageOfPage":{"@id":"https:\/\/www.oknobuild.com\/index.php\/produkt\/akce-jika-baby-plastova-nadrzka-pro-detskou-wcmisu-bocni-3-8-quot-pripoj-vody-8-9371-1-000-000-1-h8937110000001-19497\/#primaryimage"},"image":{"@id":"https:\/\/www.oknobuild.com\/index.php\/produkt\/akce-jika-baby-plastova-nadrzka-pro-detskou-wcmisu-bocni-3-8-quot-pripoj-vody-8-9371-1-000-000-1-h8937110000001-19497\/#primaryimage"},"thumbnailUrl":"https:\/\/www.oknobuild.com\/wp-content\/uploads\/2026\/SK0018596-CZ20260425-093351-0-1777080838-943692_0-jpeg.webp","datePublished":"2026-04-27T04:41:22+00:00","breadcrumb":{"@id":"https:\/\/www.oknobuild.com\/index.php\/produkt\/akce-jika-baby-plastova-nadrzka-pro-detskou-wcmisu-bocni-3-8-quot-pripoj-vody-8-9371-1-000-000-1-h8937110000001-19497\/#breadcrumb"},"inLanguage":"cs","potentialAction":[{"@type":"ReadAction","target":["https:\/\/www.oknobuild.com\/index.php\/produkt\/akce-jika-baby-plastova-nadrzka-pro-detskou-wcmisu-bocni-3-8-quot-pripoj-vody-8-9371-1-000-000-1-h8937110000001-19497\/"]}]},{"@type":"ImageObject","inLanguage":"cs","@id":"https:\/\/www.oknobuild.com\/index.php\/produkt\/akce-jika-baby-plastova-nadrzka-pro-detskou-wcmisu-bocni-3-8-quot-pripoj-vody-8-9371-1-000-000-1-h8937110000001-19497\/#primaryimage","url":"https:\/\/www.oknobuild.com\/wp-content\/uploads\/2026\/SK0018596-CZ20260425-093351-0-1777080838-943692_0-jpeg.webp","contentUrl":"https:\/\/www.oknobuild.com\/wp-content\/uploads\/2026\/SK0018596-CZ20260425-093351-0-1777080838-943692_0-jpeg.webp","width":1000,"height":750},{"@type":"BreadcrumbList","@id":"https:\/\/www.oknobuild.com\/index.php\/produkt\/akce-jika-baby-plastova-nadrzka-pro-detskou-wcmisu-bocni-3-8-quot-pripoj-vody-8-9371-1-000-000-1-h8937110000001-19497\/#breadcrumb","itemListElement":[{"@type":"ListItem","position":1,"name":"Home","item":"https:\/\/www.oknobuild.com\/"},{"@type":"ListItem","position":2,"name":"Products","item":"https:\/\/www.oknobuild.com\/index.php\/products\/"},{"@type":"ListItem","position":3,"name":"Akce JIKA BABY plastov\u00e1 n\u00e1dr\u017eka pro d\u011btskou WCm\u00edsu, bo\u010dn\u00ed 3\/8&quot; p\u0159\u00edpoj vody 8.9371.1.000.000.1 H8937110000001"}]},{"@type":"WebSite","@id":"https:\/\/www.oknobuild.com\/#website","url":"https:\/\/www.oknobuild.com\/","name":"","description":"","potentialAction":[{"@type":"SearchAction","target":{"@type":"EntryPoint","urlTemplate":"https:\/\/www.oknobuild.com\/?s={search_term_string}"},"query-input":{"@type":"PropertyValueSpecification","valueRequired":true,"valueName":"search_term_string"}}],"inLanguage":"cs"}]}},"_links":{"self":[{"href":"https:\/\/www.oknobuild.com\/index.php\/wp-json\/wp\/v2\/product\/19497","targetHints":{"allow":["GET"]}}],"collection":[{"href":"https:\/\/www.oknobuild.com\/index.php\/wp-json\/wp\/v2\/product"}],"about":[{"href":"https:\/\/www.oknobuild.com\/index.php\/wp-json\/wp\/v2\/types\/product"}],"replies":[{"embeddable":true,"href":"https:\/\/www.oknobuild.com\/index.php\/wp-json\/wp\/v2\/comments?post=19497"}],"wp:featuredmedia":[{"embeddable":true,"href":"https:\/\/www.oknobuild.com\/index.php\/wp-json\/wp\/v2\/media\/19597"}],"wp:attachment":[{"href":"https:\/\/www.oknobuild.com\/index.php\/wp-json\/wp\/v2\/media?parent=19497"}],"wp:term":[{"taxonomy":"product_brand","embeddable":true,"href":"https:\/\/www.oknobuild.com\/index.php\/wp-json\/wp\/v2\/product_brand?post=19497"},{"taxonomy":"product_cat","embeddable":true,"href":"https:\/\/www.oknobuild.com\/index.php\/wp-json\/wp\/v2\/product_cat?post=19497"},{"taxonomy":"product_tag","embeddable":true,"href":"https:\/\/www.oknobuild.com\/index.php\/wp-json\/wp\/v2\/product_tag?post=19497"}],"curies":[{"name":"wp","href":"https:\/\/api.w.org\/{rel}","templated":true}]}}