{"id":19903,"date":"2026-04-27T04:41:23","date_gmt":"2026-04-27T04:41:23","guid":{"rendered":""},"modified":"2026-04-27T04:41:23","modified_gmt":"2026-04-27T04:41:23","slug":"bgs-hlavice-pro-povolovani-olej-filtru-sada-29-dilu-autenticky-19903","status":"publish","type":"product","link":"https:\/\/www.oknobuild.com\/index.php\/produkt\/bgs-hlavice-pro-povolovani-olej-filtru-sada-29-dilu-autenticky-19903\/","title":{"rendered":"BGS Hlavice pro povolov\u00e1n\u00ed olej. filtr\u016f, sada 29 d\u00edl\u016f Autentick\u00fd"},"content":{"rendered":"<div id=\"e1205029\" class=\"pages\">\n<div>\n<div id=\"PDDescription\" class=\"UserContentView userContent v1a v1 bs-view dcon dc164 PDDescription\" ><dc-con><dc-con><bs-empty><\/bs-empty><\/dc-con><dc-con>        <\/p>\n<div class=\"customDescription\">                    <\/div>\n<p><\/dc-con><dc-con><\/p>\n<ul>\n<li>\u010dern\u00e9 uz\u00e1v\u011bry<\/li>\n<\/ul>\n<p><b>rozsah dod\u00e1vky:<\/b><\/p>\n<ul>\n<li>3noh\u00fd kl\u00ed\u010d na olejov\u00fd filtr O 65 mm &#8211; O 120 mm<\/li>\n<li>adapt\u00e9r 10 mm (3\/8&#8243;) x 12,5 mm (1\/2&#8243;)<\/li>\n<li>kl\u00ed\u010d na v\u00ed\u010dko olejov\u00e9ho filtru 65 mm x 14 bod\u016f: pro Daihatsu, Toyota, Nissan, Fiat<\/li>\n<li>Kl\u00ed\u010d na v\u00ed\u010dko olejov\u00e9ho filtru 65 \/ 67 mm x 14 bod\u016f: pro Daihatsu, Toyota<\/li>\n<li>Kl\u00ed\u010d na v\u00ed\u010dko olejov\u00e9ho filtru 66 mm x 6 bod\u016f: pro Fiat Punto 1.2, Renault< \/li>\n<li>Kl\u00ed\u010d na v\u00ed\u010dko olejov\u00e9ho filtru 68 mm x 14 bod\u016f: pro Mazda, Ford Escort , Subaru<\/li>\n<li>Kl\u00ed\u010d na v\u00ed\u010dko olejov\u00e9ho filtru 73 mm x 14 bod\u016f: pro Toyota, Lexus<\/li>\n<li >Kl\u00ed\u010d na v\u00ed\u010dko olejov\u00e9ho filtru 74 mm x 15 bod\u016f: pro Audi, GM, Rover, Chrysler<\/li>\n<li>Kl\u00ed\u010d na v\u00ed\u010dko olejov\u00e9ho filtru 74 \/ 76 mm x 15 bod\u016f: pro Ford, Opel, VW, Audi, Mercedes-Benz <\/li>\n<li>Kl\u00ed\u010d na v\u00ed\u010dko olejov\u00e9ho filtru 75 \/ 77 mm x 15 bod\u016f: pro VW, Audi, Ford, Isuzu, Mercedes-Benz, Opel<\/li>\n<li>Kl\u00ed\u010d na v\u00ed\u010dko olejov\u00e9ho filtru 76 mm x 8 bod\u016f: pro Fiat Marea, Lancia Delta<\/li>\n<li>kl\u00ed\u010d na v\u00ed\u010dko olejov\u00e9ho filtru 76 mm x 12 bod\u016f: pro Fiat, Renault, Mercedes-Benz<\/li>\n<li>kl\u00ed\u010d na v\u00ed\u010dko olejov\u00e9ho filtru 76 mm x 14 bod\u016f: pro VW , Mercedes-Benz, Por sche, BMW, Audi, Opel<\/li>\n<li>kl\u00ed\u010d na v\u00ed\u010dko olejov\u00e9ho filtru 76 mm x 30 bod\u016f: pro Ford, Motorcraft FL400A<\/li>\n<li>kl\u00ed\u010d na v\u00ed\u010dko olejov\u00e9ho filtru 78 mm x 15 bod\u016f: pro Nissan, Ford , Toyota<\/li>\n<li>Kl\u00ed\u010d na v\u00ed\u010dko olejov\u00e9ho filtru 80 mm x 15 bod\u016f: pro Nissan, Honda, Opel, Mazda<\/li>\n<li>Kl\u00ed\u010d na v\u00ed\u010dko olejov\u00e9ho filtru 80 \/ 82 mm x 15 bod\u016f: pro Subaru, Toyota , Honda, Mazda, Nissan<\/li>\n<li>kl\u00ed\u010d na v\u00ed\u010dko olejov\u00e9ho filtru 86 mm x 16 bod\u016f: pro Volvo S40 \/ S60 \/ S70 \/ S80<\/li>\n<li>kl\u00ed\u010d na v\u00ed\u010dko olejov\u00e9ho filtru 86 mm x 18 bod\u016f: pro VW, Audi, Renault, Peugeot, Citroen<\/li>\n<li>kl\u00ed\u010d na v\u00ed\u010dko olejov\u00e9ho filtru 90 mm x 15 bod\u016f: pro Subaru, Toyota, Honda, Mazda, Nissan<\/li>\n<li>Kl\u00ed\u010d na v\u00ed\u010dko olejov\u00e9ho filtru 92 mm x 10 -pt: pro Fiat, Lancia<\/li>\n<li>kl\u00ed\u010d na v\u00ed\u010dko olejov\u00e9ho filtru 93 mm x 15 bod\u016f: pro Mazda, Volvo, Mitsubishi, Nissan, Honda<\/li>\n<li>kl\u00ed\u010d na v\u00ed\u010dko olejov\u00e9ho filtru 93 mm x 36 bod\u016f : pro Ford, Motorcraft FLIFLA 1B, FL3001, FL320<\/li>\n<li>kl\u00ed\u010d na v\u00ed\u010dko olejov\u00e9ho filtru 93 mm x 45 bod\u016f: pro VW, Audi<\/li>\n<li>kl\u00ed\u010d na v\u00ed\u010dko olejov\u00e9ho filtru 95 mm x 15 bod\u016f: pro Toyota, Alfa, GM, Ford, Chrysler<\/li>\n<li>kl\u00ed\u010d na v\u00ed\u010dko olejov\u00e9ho filtru 96 mm x 18 bod\u016f: pro VW , Renault<\/li>\n<li>Kl\u00ed\u010d na v\u00ed\u010dko olejov\u00e9ho filtru 100 mm x 15 bod\u016f: pro Isuzu,\u00a0Mitsubishi<\/li>\n<li>Kl\u00ed\u010d na v\u00ed\u010dko olejov\u00e9ho filtru 106 mm x 15 bod\u016f: pro Fiat Ducato 2.5D<\/li>\n<p>< li>Kl\u00ed\u010d na v\u00ed\u010dko olejov\u00e9ho filtru 108 mm x 15 bod\u016f: pro Volvo Diesel C70 \/ S70 \/ N70 \/ 850 Tdi<\/li>\n<li>Kl\u00ed\u010d na v\u00ed\u010dko olejov\u00e9ho filtru 108 mm x 18 bod\u016f: pro Renault Espace \/ Laguna \/ Master \/ Safrane \/ Provoz 2,4+2,5+2,8D+Tdi<\/li>\n<\/ul>\n<p><\/dc-con><\/dc-con><\/div>\n<div id=\"PDDescription2\" class=\"UserContentView userContent v1a v1 bs-view dcon dc165 PDDescription2\" >V\u00dd\u0160KA BALEN\u00cd<\/div>\n<\/p><\/div>\n<div id=\"PDTable3\" class=\"ProductDetailTableView v3a v3 bs-view dcon dc185 PDTable3\" >\n<table>\n<thead><\/thead>\n<tbody>\n<tr class=\"attribute attr_bsshop_maker\">\n<td class=\"caption\">V\u00fdrobce<\/td>\n<td class=\"value\">BGS Technic<\/td>\n<\/tr>\n<\/tbody>\n<\/table>\n<\/div>\n<div id=\"PdProductGpsr\" class=\"ProductGpsrView v1a v1 bs-view dcon dc217 PdProductGpsr\" >\n<div class=\"subject\"><dc-root class=\"dcon dc219\"><span class=\"title\">Zodpov\u011bdn&#253; subjekt:<\/span><dc-con><dc-con><span class=\"company\">BGS technik KG<\/span><span class=\"name\">BGS Technic<\/span><\/dc-con><dc-con><span class=\"street\">Bandwirkerstr. 3<\/span><span class=\"city\">Wermelskirchen<\/span><span class=\"zip\">429 29<\/span><span class=\"country\">N\u011bmecko<\/span><\/dc-con><span class=\"email\">mail@bgs-technic.de<\/span><span class=\"phone\">+49 2196-720480<\/span><bs-empty><\/bs-empty><a href=\"https:\/\/www.bgstechnic.com\/\" class=\"link\" target=\"_blank\">https:\/\/www.bgstechnic.com\/<\/a><\/dc-con><bs-empty><\/bs-empty><\/dc-root><\/div>\n<p><bs-empty><\/bs-empty><\/div>\n<\/div>\n<div id=\"e1205030\" class=\"tabs\">\n","protected":false},"excerpt":{"rendered":"<p>\u010dern\u00e9 uz\u00e1v\u011bry rozsah dod\u00e1vky: 3noh\u00fd kl\u00ed\u010d na olejov\u00fd filtr O 65 mm &#8211; O 120 mm adapt\u00e9r 10 mm (3\/8&#8243;) x 12,5 mm (1\/2&#8243;) kl\u00ed\u010d na v\u00ed\u010dko olejov\u00e9ho filtru 65 mm x 14 bod\u016f: pro Daihatsu, Toyota, Nissan, Fiat Kl\u00ed\u010d na v\u00ed\u010dko olejov\u00e9ho filtru 65 \/ 67 mm x 14 bod\u016f: pro Daihatsu, Toyota Kl\u00ed\u010d [&hellip;]<\/p>\n","protected":false},"featured_media":20003,"comment_status":"open","ping_status":"open","template":"","meta":[],"product_brand":[],"product_cat":[73],"product_tag":[],"class_list":{"0":"post-19903","1":"product","2":"type-product","3":"status-publish","4":"has-post-thumbnail","6":"product_cat-rucn-237-n-225-rad-237-a-d-237-lna","8":"first","9":"instock","10":"sale","11":"shipping-taxable","12":"purchasable","13":"product-type-simple"},"yoast_head":"<!-- This site is optimized with the Yoast SEO plugin v26.8 - https:\/\/yoast.com\/product\/yoast-seo-wordpress\/ -->\n<title>BGS Hlavice pro povolov\u00e1n\u00ed olej. filtr\u016f, sada 29 d\u00edl\u016f Autentick\u00fd -<\/title>\n<meta name=\"robots\" content=\"index, follow, max-snippet:-1, max-image-preview:large, max-video-preview:-1\" \/>\n<link rel=\"canonical\" href=\"https:\/\/www.oknobuild.com\/index.php\/produkt\/bgs-hlavice-pro-povolovani-olej-filtru-sada-29-dilu-autenticky-19903\/\" \/>\n<meta property=\"og:locale\" content=\"cs_CZ\" \/>\n<meta property=\"og:type\" content=\"article\" \/>\n<meta property=\"og:title\" content=\"BGS Hlavice pro povolov\u00e1n\u00ed olej. filtr\u016f, sada 29 d\u00edl\u016f Autentick\u00fd -\" \/>\n<meta property=\"og:description\" content=\"\u010dern\u00e9 uz\u00e1v\u011bry rozsah dod\u00e1vky: 3noh\u00fd kl\u00ed\u010d na olejov\u00fd filtr O 65 mm &#8211; O 120 mm adapt\u00e9r 10 mm (3\/8&#8243;) x 12,5 mm (1\/2&#8243;) kl\u00ed\u010d na v\u00ed\u010dko olejov\u00e9ho filtru 65 mm x 14 bod\u016f: pro Daihatsu, Toyota, Nissan, Fiat Kl\u00ed\u010d na v\u00ed\u010dko olejov\u00e9ho filtru 65 \/ 67 mm x 14 bod\u016f: pro Daihatsu, Toyota Kl\u00ed\u010d [&hellip;]\" \/>\n<meta property=\"og:url\" content=\"https:\/\/www.oknobuild.com\/index.php\/produkt\/bgs-hlavice-pro-povolovani-olej-filtru-sada-29-dilu-autenticky-19903\/\" \/>\n<meta property=\"og:image\" content=\"https:\/\/www.oknobuild.com\/wp-content\/uploads\/2026\/SK0014260-CZ20260425-093449-0-1777080895-bgs-hlavice-pro-povolovani-olej-filtru-sada-29-dilu.webp\" \/>\n\t<meta property=\"og:image:width\" content=\"1000\" \/>\n\t<meta property=\"og:image:height\" content=\"525\" \/>\n\t<meta property=\"og:image:type\" content=\"image\/webp\" \/>\n<meta name=\"twitter:card\" content=\"summary_large_image\" \/>\n<meta name=\"twitter:label1\" content=\"Odhadovan\u00e1 doba \u010dten\u00ed\" \/>\n\t<meta name=\"twitter:data1\" content=\"2 minuty\" \/>\n<script type=\"application\/ld+json\" class=\"yoast-schema-graph\">{\"@context\":\"https:\/\/schema.org\",\"@graph\":[{\"@type\":\"WebPage\",\"@id\":\"https:\/\/www.oknobuild.com\/index.php\/produkt\/bgs-hlavice-pro-povolovani-olej-filtru-sada-29-dilu-autenticky-19903\/\",\"url\":\"https:\/\/www.oknobuild.com\/index.php\/produkt\/bgs-hlavice-pro-povolovani-olej-filtru-sada-29-dilu-autenticky-19903\/\",\"name\":\"BGS Hlavice pro povolov\u00e1n\u00ed olej. filtr\u016f, sada 29 d\u00edl\u016f Autentick\u00fd -\",\"isPartOf\":{\"@id\":\"https:\/\/www.oknobuild.com\/#website\"},\"primaryImageOfPage\":{\"@id\":\"https:\/\/www.oknobuild.com\/index.php\/produkt\/bgs-hlavice-pro-povolovani-olej-filtru-sada-29-dilu-autenticky-19903\/#primaryimage\"},\"image\":{\"@id\":\"https:\/\/www.oknobuild.com\/index.php\/produkt\/bgs-hlavice-pro-povolovani-olej-filtru-sada-29-dilu-autenticky-19903\/#primaryimage\"},\"thumbnailUrl\":\"https:\/\/www.oknobuild.com\/wp-content\/uploads\/2026\/SK0014260-CZ20260425-093449-0-1777080895-bgs-hlavice-pro-povolovani-olej-filtru-sada-29-dilu.webp\",\"datePublished\":\"2026-04-27T04:41:23+00:00\",\"breadcrumb\":{\"@id\":\"https:\/\/www.oknobuild.com\/index.php\/produkt\/bgs-hlavice-pro-povolovani-olej-filtru-sada-29-dilu-autenticky-19903\/#breadcrumb\"},\"inLanguage\":\"cs\",\"potentialAction\":[{\"@type\":\"ReadAction\",\"target\":[\"https:\/\/www.oknobuild.com\/index.php\/produkt\/bgs-hlavice-pro-povolovani-olej-filtru-sada-29-dilu-autenticky-19903\/\"]}]},{\"@type\":\"ImageObject\",\"inLanguage\":\"cs\",\"@id\":\"https:\/\/www.oknobuild.com\/index.php\/produkt\/bgs-hlavice-pro-povolovani-olej-filtru-sada-29-dilu-autenticky-19903\/#primaryimage\",\"url\":\"https:\/\/www.oknobuild.com\/wp-content\/uploads\/2026\/SK0014260-CZ20260425-093449-0-1777080895-bgs-hlavice-pro-povolovani-olej-filtru-sada-29-dilu.webp\",\"contentUrl\":\"https:\/\/www.oknobuild.com\/wp-content\/uploads\/2026\/SK0014260-CZ20260425-093449-0-1777080895-bgs-hlavice-pro-povolovani-olej-filtru-sada-29-dilu.webp\",\"width\":1000,\"height\":525},{\"@type\":\"BreadcrumbList\",\"@id\":\"https:\/\/www.oknobuild.com\/index.php\/produkt\/bgs-hlavice-pro-povolovani-olej-filtru-sada-29-dilu-autenticky-19903\/#breadcrumb\",\"itemListElement\":[{\"@type\":\"ListItem\",\"position\":1,\"name\":\"Home\",\"item\":\"https:\/\/www.oknobuild.com\/\"},{\"@type\":\"ListItem\",\"position\":2,\"name\":\"Products\",\"item\":\"https:\/\/www.oknobuild.com\/index.php\/products\/\"},{\"@type\":\"ListItem\",\"position\":3,\"name\":\"BGS Hlavice pro povolov\u00e1n\u00ed olej. filtr\u016f, sada 29 d\u00edl\u016f Autentick\u00fd\"}]},{\"@type\":\"WebSite\",\"@id\":\"https:\/\/www.oknobuild.com\/#website\",\"url\":\"https:\/\/www.oknobuild.com\/\",\"name\":\"\",\"description\":\"\",\"potentialAction\":[{\"@type\":\"SearchAction\",\"target\":{\"@type\":\"EntryPoint\",\"urlTemplate\":\"https:\/\/www.oknobuild.com\/?s={search_term_string}\"},\"query-input\":{\"@type\":\"PropertyValueSpecification\",\"valueRequired\":true,\"valueName\":\"search_term_string\"}}],\"inLanguage\":\"cs\"}]}<\/script>\n<!-- \/ Yoast SEO plugin. -->","yoast_head_json":{"title":"BGS Hlavice pro povolov\u00e1n\u00ed olej. filtr\u016f, sada 29 d\u00edl\u016f Autentick\u00fd -","robots":{"index":"index","follow":"follow","max-snippet":"max-snippet:-1","max-image-preview":"max-image-preview:large","max-video-preview":"max-video-preview:-1"},"canonical":"https:\/\/www.oknobuild.com\/index.php\/produkt\/bgs-hlavice-pro-povolovani-olej-filtru-sada-29-dilu-autenticky-19903\/","og_locale":"cs_CZ","og_type":"article","og_title":"BGS Hlavice pro povolov\u00e1n\u00ed olej. filtr\u016f, sada 29 d\u00edl\u016f Autentick\u00fd -","og_description":"\u010dern\u00e9 uz\u00e1v\u011bry rozsah dod\u00e1vky: 3noh\u00fd kl\u00ed\u010d na olejov\u00fd filtr O 65 mm &#8211; O 120 mm adapt\u00e9r 10 mm (3\/8&#8243;) x 12,5 mm (1\/2&#8243;) kl\u00ed\u010d na v\u00ed\u010dko olejov\u00e9ho filtru 65 mm x 14 bod\u016f: pro Daihatsu, Toyota, Nissan, Fiat Kl\u00ed\u010d na v\u00ed\u010dko olejov\u00e9ho filtru 65 \/ 67 mm x 14 bod\u016f: pro Daihatsu, Toyota Kl\u00ed\u010d [&hellip;]","og_url":"https:\/\/www.oknobuild.com\/index.php\/produkt\/bgs-hlavice-pro-povolovani-olej-filtru-sada-29-dilu-autenticky-19903\/","og_image":[{"width":1000,"height":525,"url":"https:\/\/www.oknobuild.com\/wp-content\/uploads\/2026\/SK0014260-CZ20260425-093449-0-1777080895-bgs-hlavice-pro-povolovani-olej-filtru-sada-29-dilu.webp","type":"image\/webp"}],"twitter_card":"summary_large_image","twitter_misc":{"Odhadovan\u00e1 doba \u010dten\u00ed":"2 minuty"},"schema":{"@context":"https:\/\/schema.org","@graph":[{"@type":"WebPage","@id":"https:\/\/www.oknobuild.com\/index.php\/produkt\/bgs-hlavice-pro-povolovani-olej-filtru-sada-29-dilu-autenticky-19903\/","url":"https:\/\/www.oknobuild.com\/index.php\/produkt\/bgs-hlavice-pro-povolovani-olej-filtru-sada-29-dilu-autenticky-19903\/","name":"BGS Hlavice pro povolov\u00e1n\u00ed olej. filtr\u016f, sada 29 d\u00edl\u016f Autentick\u00fd -","isPartOf":{"@id":"https:\/\/www.oknobuild.com\/#website"},"primaryImageOfPage":{"@id":"https:\/\/www.oknobuild.com\/index.php\/produkt\/bgs-hlavice-pro-povolovani-olej-filtru-sada-29-dilu-autenticky-19903\/#primaryimage"},"image":{"@id":"https:\/\/www.oknobuild.com\/index.php\/produkt\/bgs-hlavice-pro-povolovani-olej-filtru-sada-29-dilu-autenticky-19903\/#primaryimage"},"thumbnailUrl":"https:\/\/www.oknobuild.com\/wp-content\/uploads\/2026\/SK0014260-CZ20260425-093449-0-1777080895-bgs-hlavice-pro-povolovani-olej-filtru-sada-29-dilu.webp","datePublished":"2026-04-27T04:41:23+00:00","breadcrumb":{"@id":"https:\/\/www.oknobuild.com\/index.php\/produkt\/bgs-hlavice-pro-povolovani-olej-filtru-sada-29-dilu-autenticky-19903\/#breadcrumb"},"inLanguage":"cs","potentialAction":[{"@type":"ReadAction","target":["https:\/\/www.oknobuild.com\/index.php\/produkt\/bgs-hlavice-pro-povolovani-olej-filtru-sada-29-dilu-autenticky-19903\/"]}]},{"@type":"ImageObject","inLanguage":"cs","@id":"https:\/\/www.oknobuild.com\/index.php\/produkt\/bgs-hlavice-pro-povolovani-olej-filtru-sada-29-dilu-autenticky-19903\/#primaryimage","url":"https:\/\/www.oknobuild.com\/wp-content\/uploads\/2026\/SK0014260-CZ20260425-093449-0-1777080895-bgs-hlavice-pro-povolovani-olej-filtru-sada-29-dilu.webp","contentUrl":"https:\/\/www.oknobuild.com\/wp-content\/uploads\/2026\/SK0014260-CZ20260425-093449-0-1777080895-bgs-hlavice-pro-povolovani-olej-filtru-sada-29-dilu.webp","width":1000,"height":525},{"@type":"BreadcrumbList","@id":"https:\/\/www.oknobuild.com\/index.php\/produkt\/bgs-hlavice-pro-povolovani-olej-filtru-sada-29-dilu-autenticky-19903\/#breadcrumb","itemListElement":[{"@type":"ListItem","position":1,"name":"Home","item":"https:\/\/www.oknobuild.com\/"},{"@type":"ListItem","position":2,"name":"Products","item":"https:\/\/www.oknobuild.com\/index.php\/products\/"},{"@type":"ListItem","position":3,"name":"BGS Hlavice pro povolov\u00e1n\u00ed olej. filtr\u016f, sada 29 d\u00edl\u016f Autentick\u00fd"}]},{"@type":"WebSite","@id":"https:\/\/www.oknobuild.com\/#website","url":"https:\/\/www.oknobuild.com\/","name":"","description":"","potentialAction":[{"@type":"SearchAction","target":{"@type":"EntryPoint","urlTemplate":"https:\/\/www.oknobuild.com\/?s={search_term_string}"},"query-input":{"@type":"PropertyValueSpecification","valueRequired":true,"valueName":"search_term_string"}}],"inLanguage":"cs"}]}},"_links":{"self":[{"href":"https:\/\/www.oknobuild.com\/index.php\/wp-json\/wp\/v2\/product\/19903","targetHints":{"allow":["GET"]}}],"collection":[{"href":"https:\/\/www.oknobuild.com\/index.php\/wp-json\/wp\/v2\/product"}],"about":[{"href":"https:\/\/www.oknobuild.com\/index.php\/wp-json\/wp\/v2\/types\/product"}],"replies":[{"embeddable":true,"href":"https:\/\/www.oknobuild.com\/index.php\/wp-json\/wp\/v2\/comments?post=19903"}],"wp:featuredmedia":[{"embeddable":true,"href":"https:\/\/www.oknobuild.com\/index.php\/wp-json\/wp\/v2\/media\/20003"}],"wp:attachment":[{"href":"https:\/\/www.oknobuild.com\/index.php\/wp-json\/wp\/v2\/media?parent=19903"}],"wp:term":[{"taxonomy":"product_brand","embeddable":true,"href":"https:\/\/www.oknobuild.com\/index.php\/wp-json\/wp\/v2\/product_brand?post=19903"},{"taxonomy":"product_cat","embeddable":true,"href":"https:\/\/www.oknobuild.com\/index.php\/wp-json\/wp\/v2\/product_cat?post=19903"},{"taxonomy":"product_tag","embeddable":true,"href":"https:\/\/www.oknobuild.com\/index.php\/wp-json\/wp\/v2\/product_tag?post=19903"}],"curies":[{"name":"wp","href":"https:\/\/api.w.org\/{rel}","templated":true}]}}