{"id":22106,"date":"2026-04-27T04:41:29","date_gmt":"2026-04-27T04:41:29","guid":{"rendered":""},"modified":"2026-04-27T04:41:29","modified_gmt":"2026-04-27T04:41:29","slug":"akcni-cena-bgs-sada-na-montaz-a-demontaz-tlumicu-39-dilu-22106","status":"publish","type":"product","link":"https:\/\/www.oknobuild.com\/index.php\/produkt\/akcni-cena-bgs-sada-na-montaz-a-demontaz-tlumicu-39-dilu-22106\/","title":{"rendered":"Ak\u010dn\u00ed Cena BGS Sada na mont\u00e1\u017e a demont\u00e1\u017e tlumi\u010d\u016f, 39 d\u00edl\u016f"},"content":{"rendered":"<div id=\"e1678599\" class=\"pages\">\n<div>\n<div id=\"PDDescription\" class=\"UserContentView userContent v1a v1 bs-view dcon dc164 PDDescription\" ><dc-con><dc-con><bs-empty><\/bs-empty><\/dc-con><dc-con>        <\/p>\n<div class=\"customDescription\">                    <\/div>\n<p><\/dc-con><dc-con><\/p>\n<ul>\n<li>pro protidr\u017een\u00ed p\u00edstnice p\u0159i povolov\u00e1n\u00ed<\/li>\n<\/ul>\n<p><b>rozsah dod\u00e1vky:<\/b><\/p>\n<ul>\n<li>n\u00e1stavce \u0161estihrann\u00e9, dlouh\u00e9, pro povolen\u00ed 14 &#8211; 16 &#8211; 17 &#8211; 18 &#8211; 19 &#8211; 21 &#8211; 22 &#8211; 24 &#8211; 27 mm<\/li>\n<li>2kol\u00edkov\u00e9 vlo\u017eky pojistn\u00fdch matic pro povolen\u00ed: 10,5&#215;3,5 mm, pro Volkswagen<\/li>\n<li> 2kol\u00edkov\u00e9 vlo\u017eky pojistn\u00fdch matic pro povolen\u00ed: 12,5&#215;3,5 mm, pro Volkswagen<\/li>\n<li>2pinov\u00e9 vlo\u017eky pojistn\u00fdch matic pro povolen\u00ed: 14,0&#215;2,5 mm, pro Mercedes-Benz<\/li>\n<li>2- \u010depov\u00e9 vlo\u017eky pro povolov\u00e1n\u00ed: 14,5&#215;3 mm, pro VAG<\/li>\n<li>2kol\u00edkov\u00e9 vlo\u017eky pro povolov\u00e1n\u00ed: 14,5&#215;5 mm, pro Austin<\/li>\n<li>z\u00e1suvka s dr\u00e1\u017ekov\u00fdm profilem pro protiuchycen\u00ed: 4 &#8211; 5,2 &#8211; 6 &#8211; 6,3 &#8211; 7 &#8211; 8 &#8211; 9 &#8211; 10 &#8211; 12 mm<\/li>\n<li>Bity s D-profilem pro protiuchycen\u00ed: 5 &#8211; 10 mm<\/li>\n<li>n\u00e1stavce \u0161estihrann\u00e9 pro protiuchycen\u00ed: 8 &#8211; 9 &#8211; 10 &#8211; 11 mm<\/li>\n<li>\u0161estihrann\u00e9 bity pro protiuchycen\u00ed: 5 &#8211; 6 &#8211; 7 &#8211; 8 mm<\/li>\n<li>dr\u00e1\u017ekov\u00e9 bity pro protiuchycen\u00ed: 3 &#8211; 3,5 &#8211; 4 mm<\/li>\n<li>dr\u00e1\u017ekov\u00fd bit M12<\/li>\n<li>Bity T-star (pro Torx) pro protiuchycen\u00ed: T50 &#8211; T60<\/li>\n<\/ul>\n<h2>Technick\u00e9 informace<\/h2>\n<p>Hrub\u00e1 hmotnost: 6380 g<\/p>\n<h2>Vyu\u017eit\u00ed v praxi<\/h2>\n<ul>\n<li>demont\u00e1\u017e lo\u017eisek, n\u00e1boj\u016f nebo pouzder<\/li>\n<li>mont\u00e1\u017e a lisov\u00e1n\u00ed d\u00edl\u016f bez po\u0161kozen\u00ed<\/li>\n<li>servis podvozku a n\u00e1prav<\/li>\n<\/ul>\n<h2>V\u00fdhody<\/h2>\n<ul>\n<li>kontrolovan\u00e1 aplikace s\u00edly<\/li>\n<li>minimalizace rizika po\u0161kozen\u00ed okoln\u00edch d\u00edl\u016f<\/li>\n<li>profi n\u00e1\u0159ad\u00ed pro ka\u017edodenn\u00ed servisn\u00ed z\u00e1sahy<\/li>\n<\/ul>\n<h2>Tip z praxe<\/h2>\n<p>P\u0159i demont\u00e1\u017ei v\u017edy pracuj rovnom\u011brn\u011b a kontroluj spr\u00e1vn\u00e9 usazen\u00ed p\u0159\u00edpravku. Pou\u017eit\u00ed spr\u00e1vn\u00e9ho typu n\u00e1stroje v\u00fdrazn\u011b zkr\u00e1t\u00ed \u010das opravy a zabr\u00e1n\u00ed necht\u011bn\u00e9mu po\u0161kozen\u00ed komponent. Pokud si nejsi jist\u00e1 vhodnost\u00ed pro konkr\u00e9tn\u00ed aplikaci, napi\u0161 n\u00e1m.<\/p>\n<p><\/dc-con><\/dc-con><\/div>\n<div id=\"PDDescription2\" class=\"UserContentView userContent v1a v1 bs-view dcon dc165 PDDescription2\" >V\u00dd\u0160KA BALEN\u00cd<\/div>\n<\/p><\/div>\n<div id=\"PDTable3\" class=\"ProductDetailTableView v3a v3 bs-view dcon dc185 PDTable3\" >\n<table>\n<thead><\/thead>\n<tbody>\n<tr class=\"attribute attr_bsshop_maker\">\n<td class=\"caption\">V\u00fdrobce<\/td>\n<td class=\"value\">BGS Technic<\/td>\n<\/tr>\n<\/tbody>\n<\/table>\n<\/div>\n<div id=\"PdProductGpsr\" class=\"ProductGpsrView v1a v1 bs-view dcon dc217 PdProductGpsr\" >\n<div class=\"subject\"><dc-root class=\"dcon dc219\"><span class=\"title\">Zodpov\u011bdn&#253; subjekt:<\/span><dc-con><dc-con><span class=\"company\">BGS technik KG<\/span><span class=\"name\">BGS Technic<\/span><\/dc-con><dc-con><span class=\"street\">Bandwirkerstr. 3<\/span><span class=\"city\">Wermelskirchen<\/span><span class=\"zip\">429 29<\/span><span class=\"country\">N\u011bmecko<\/span><\/dc-con><span class=\"email\">mail@bgs-technic.de<\/span><span class=\"phone\">+49 2196-720480<\/span><bs-empty><\/bs-empty><a href=\"https:\/\/www.bgstechnic.com\/\" class=\"link\" target=\"_blank\">https:\/\/www.bgstechnic.com\/<\/a><\/dc-con><bs-empty><\/bs-empty><\/dc-root><\/div>\n<p><bs-empty><\/bs-empty><\/div>\n<\/div>\n<div id=\"e1678600\" class=\"tabs\">\n","protected":false},"excerpt":{"rendered":"<p>pro protidr\u017een\u00ed p\u00edstnice p\u0159i povolov\u00e1n\u00ed rozsah dod\u00e1vky: n\u00e1stavce \u0161estihrann\u00e9, dlouh\u00e9, pro povolen\u00ed 14 &#8211; 16 &#8211; 17 &#8211; 18 &#8211; 19 &#8211; 21 &#8211; 22 &#8211; 24 &#8211; 27 mm 2kol\u00edkov\u00e9 vlo\u017eky pojistn\u00fdch matic pro povolen\u00ed: 10,5&#215;3,5 mm, pro Volkswagen 2kol\u00edkov\u00e9 vlo\u017eky pojistn\u00fdch matic pro povolen\u00ed: 12,5&#215;3,5 mm, pro Volkswagen 2pinov\u00e9 vlo\u017eky pojistn\u00fdch matic pro [&hellip;]<\/p>\n","protected":false},"featured_media":22206,"comment_status":"open","ping_status":"open","template":"","meta":[],"product_brand":[],"product_cat":[73],"product_tag":[],"class_list":{"0":"post-22106","1":"product","2":"type-product","3":"status-publish","4":"has-post-thumbnail","6":"product_cat-rucn-237-n-225-rad-237-a-d-237-lna","8":"first","9":"instock","10":"sale","11":"shipping-taxable","12":"purchasable","13":"product-type-simple"},"yoast_head":"<!-- This site is optimized with the Yoast SEO plugin v26.8 - https:\/\/yoast.com\/product\/yoast-seo-wordpress\/ -->\n<title>Ak\u010dn\u00ed Cena BGS Sada na mont\u00e1\u017e a demont\u00e1\u017e tlumi\u010d\u016f, 39 d\u00edl\u016f -<\/title>\n<meta name=\"robots\" content=\"index, follow, max-snippet:-1, max-image-preview:large, max-video-preview:-1\" \/>\n<link rel=\"canonical\" href=\"https:\/\/www.oknobuild.com\/index.php\/produkt\/akcni-cena-bgs-sada-na-montaz-a-demontaz-tlumicu-39-dilu-22106\/\" \/>\n<meta property=\"og:locale\" content=\"cs_CZ\" \/>\n<meta property=\"og:type\" content=\"article\" \/>\n<meta property=\"og:title\" content=\"Ak\u010dn\u00ed Cena BGS Sada na mont\u00e1\u017e a demont\u00e1\u017e tlumi\u010d\u016f, 39 d\u00edl\u016f -\" \/>\n<meta property=\"og:description\" content=\"pro protidr\u017een\u00ed p\u00edstnice p\u0159i povolov\u00e1n\u00ed rozsah dod\u00e1vky: n\u00e1stavce \u0161estihrann\u00e9, dlouh\u00e9, pro povolen\u00ed 14 &#8211; 16 &#8211; 17 &#8211; 18 &#8211; 19 &#8211; 21 &#8211; 22 &#8211; 24 &#8211; 27 mm 2kol\u00edkov\u00e9 vlo\u017eky pojistn\u00fdch matic pro povolen\u00ed: 10,5&#215;3,5 mm, pro Volkswagen 2kol\u00edkov\u00e9 vlo\u017eky pojistn\u00fdch matic pro povolen\u00ed: 12,5&#215;3,5 mm, pro Volkswagen 2pinov\u00e9 vlo\u017eky pojistn\u00fdch matic pro [&hellip;]\" \/>\n<meta property=\"og:url\" content=\"https:\/\/www.oknobuild.com\/index.php\/produkt\/akcni-cena-bgs-sada-na-montaz-a-demontaz-tlumicu-39-dilu-22106\/\" \/>\n<meta property=\"og:image\" content=\"https:\/\/www.oknobuild.com\/wp-content\/uploads\/2026\/SK0015368-CZ20260425-093449-0-1777080896-bgs-sada-na-montaz-a-demontaz-tlumicu-39-dilu.webp\" \/>\n\t<meta property=\"og:image:width\" content=\"1000\" \/>\n\t<meta property=\"og:image:height\" content=\"525\" \/>\n\t<meta property=\"og:image:type\" content=\"image\/webp\" \/>\n<meta name=\"twitter:card\" content=\"summary_large_image\" \/>\n<meta name=\"twitter:label1\" content=\"Odhadovan\u00e1 doba \u010dten\u00ed\" \/>\n\t<meta name=\"twitter:data1\" content=\"1 minuta\" \/>\n<script type=\"application\/ld+json\" class=\"yoast-schema-graph\">{\"@context\":\"https:\/\/schema.org\",\"@graph\":[{\"@type\":\"WebPage\",\"@id\":\"https:\/\/www.oknobuild.com\/index.php\/produkt\/akcni-cena-bgs-sada-na-montaz-a-demontaz-tlumicu-39-dilu-22106\/\",\"url\":\"https:\/\/www.oknobuild.com\/index.php\/produkt\/akcni-cena-bgs-sada-na-montaz-a-demontaz-tlumicu-39-dilu-22106\/\",\"name\":\"Ak\u010dn\u00ed Cena BGS Sada na mont\u00e1\u017e a demont\u00e1\u017e tlumi\u010d\u016f, 39 d\u00edl\u016f -\",\"isPartOf\":{\"@id\":\"https:\/\/www.oknobuild.com\/#website\"},\"primaryImageOfPage\":{\"@id\":\"https:\/\/www.oknobuild.com\/index.php\/produkt\/akcni-cena-bgs-sada-na-montaz-a-demontaz-tlumicu-39-dilu-22106\/#primaryimage\"},\"image\":{\"@id\":\"https:\/\/www.oknobuild.com\/index.php\/produkt\/akcni-cena-bgs-sada-na-montaz-a-demontaz-tlumicu-39-dilu-22106\/#primaryimage\"},\"thumbnailUrl\":\"https:\/\/www.oknobuild.com\/wp-content\/uploads\/2026\/SK0015368-CZ20260425-093449-0-1777080896-bgs-sada-na-montaz-a-demontaz-tlumicu-39-dilu.webp\",\"datePublished\":\"2026-04-27T04:41:29+00:00\",\"breadcrumb\":{\"@id\":\"https:\/\/www.oknobuild.com\/index.php\/produkt\/akcni-cena-bgs-sada-na-montaz-a-demontaz-tlumicu-39-dilu-22106\/#breadcrumb\"},\"inLanguage\":\"cs\",\"potentialAction\":[{\"@type\":\"ReadAction\",\"target\":[\"https:\/\/www.oknobuild.com\/index.php\/produkt\/akcni-cena-bgs-sada-na-montaz-a-demontaz-tlumicu-39-dilu-22106\/\"]}]},{\"@type\":\"ImageObject\",\"inLanguage\":\"cs\",\"@id\":\"https:\/\/www.oknobuild.com\/index.php\/produkt\/akcni-cena-bgs-sada-na-montaz-a-demontaz-tlumicu-39-dilu-22106\/#primaryimage\",\"url\":\"https:\/\/www.oknobuild.com\/wp-content\/uploads\/2026\/SK0015368-CZ20260425-093449-0-1777080896-bgs-sada-na-montaz-a-demontaz-tlumicu-39-dilu.webp\",\"contentUrl\":\"https:\/\/www.oknobuild.com\/wp-content\/uploads\/2026\/SK0015368-CZ20260425-093449-0-1777080896-bgs-sada-na-montaz-a-demontaz-tlumicu-39-dilu.webp\",\"width\":1000,\"height\":525},{\"@type\":\"BreadcrumbList\",\"@id\":\"https:\/\/www.oknobuild.com\/index.php\/produkt\/akcni-cena-bgs-sada-na-montaz-a-demontaz-tlumicu-39-dilu-22106\/#breadcrumb\",\"itemListElement\":[{\"@type\":\"ListItem\",\"position\":1,\"name\":\"Home\",\"item\":\"https:\/\/www.oknobuild.com\/\"},{\"@type\":\"ListItem\",\"position\":2,\"name\":\"Products\",\"item\":\"https:\/\/www.oknobuild.com\/index.php\/products\/\"},{\"@type\":\"ListItem\",\"position\":3,\"name\":\"Ak\u010dn\u00ed Cena BGS Sada na mont\u00e1\u017e a demont\u00e1\u017e tlumi\u010d\u016f, 39 d\u00edl\u016f\"}]},{\"@type\":\"WebSite\",\"@id\":\"https:\/\/www.oknobuild.com\/#website\",\"url\":\"https:\/\/www.oknobuild.com\/\",\"name\":\"\",\"description\":\"\",\"potentialAction\":[{\"@type\":\"SearchAction\",\"target\":{\"@type\":\"EntryPoint\",\"urlTemplate\":\"https:\/\/www.oknobuild.com\/?s={search_term_string}\"},\"query-input\":{\"@type\":\"PropertyValueSpecification\",\"valueRequired\":true,\"valueName\":\"search_term_string\"}}],\"inLanguage\":\"cs\"}]}<\/script>\n<!-- \/ Yoast SEO plugin. -->","yoast_head_json":{"title":"Ak\u010dn\u00ed Cena BGS Sada na mont\u00e1\u017e a demont\u00e1\u017e tlumi\u010d\u016f, 39 d\u00edl\u016f -","robots":{"index":"index","follow":"follow","max-snippet":"max-snippet:-1","max-image-preview":"max-image-preview:large","max-video-preview":"max-video-preview:-1"},"canonical":"https:\/\/www.oknobuild.com\/index.php\/produkt\/akcni-cena-bgs-sada-na-montaz-a-demontaz-tlumicu-39-dilu-22106\/","og_locale":"cs_CZ","og_type":"article","og_title":"Ak\u010dn\u00ed Cena BGS Sada na mont\u00e1\u017e a demont\u00e1\u017e tlumi\u010d\u016f, 39 d\u00edl\u016f -","og_description":"pro protidr\u017een\u00ed p\u00edstnice p\u0159i povolov\u00e1n\u00ed rozsah dod\u00e1vky: n\u00e1stavce \u0161estihrann\u00e9, dlouh\u00e9, pro povolen\u00ed 14 &#8211; 16 &#8211; 17 &#8211; 18 &#8211; 19 &#8211; 21 &#8211; 22 &#8211; 24 &#8211; 27 mm 2kol\u00edkov\u00e9 vlo\u017eky pojistn\u00fdch matic pro povolen\u00ed: 10,5&#215;3,5 mm, pro Volkswagen 2kol\u00edkov\u00e9 vlo\u017eky pojistn\u00fdch matic pro povolen\u00ed: 12,5&#215;3,5 mm, pro Volkswagen 2pinov\u00e9 vlo\u017eky pojistn\u00fdch matic pro [&hellip;]","og_url":"https:\/\/www.oknobuild.com\/index.php\/produkt\/akcni-cena-bgs-sada-na-montaz-a-demontaz-tlumicu-39-dilu-22106\/","og_image":[{"width":1000,"height":525,"url":"https:\/\/www.oknobuild.com\/wp-content\/uploads\/2026\/SK0015368-CZ20260425-093449-0-1777080896-bgs-sada-na-montaz-a-demontaz-tlumicu-39-dilu.webp","type":"image\/webp"}],"twitter_card":"summary_large_image","twitter_misc":{"Odhadovan\u00e1 doba \u010dten\u00ed":"1 minuta"},"schema":{"@context":"https:\/\/schema.org","@graph":[{"@type":"WebPage","@id":"https:\/\/www.oknobuild.com\/index.php\/produkt\/akcni-cena-bgs-sada-na-montaz-a-demontaz-tlumicu-39-dilu-22106\/","url":"https:\/\/www.oknobuild.com\/index.php\/produkt\/akcni-cena-bgs-sada-na-montaz-a-demontaz-tlumicu-39-dilu-22106\/","name":"Ak\u010dn\u00ed Cena BGS Sada na mont\u00e1\u017e a demont\u00e1\u017e tlumi\u010d\u016f, 39 d\u00edl\u016f -","isPartOf":{"@id":"https:\/\/www.oknobuild.com\/#website"},"primaryImageOfPage":{"@id":"https:\/\/www.oknobuild.com\/index.php\/produkt\/akcni-cena-bgs-sada-na-montaz-a-demontaz-tlumicu-39-dilu-22106\/#primaryimage"},"image":{"@id":"https:\/\/www.oknobuild.com\/index.php\/produkt\/akcni-cena-bgs-sada-na-montaz-a-demontaz-tlumicu-39-dilu-22106\/#primaryimage"},"thumbnailUrl":"https:\/\/www.oknobuild.com\/wp-content\/uploads\/2026\/SK0015368-CZ20260425-093449-0-1777080896-bgs-sada-na-montaz-a-demontaz-tlumicu-39-dilu.webp","datePublished":"2026-04-27T04:41:29+00:00","breadcrumb":{"@id":"https:\/\/www.oknobuild.com\/index.php\/produkt\/akcni-cena-bgs-sada-na-montaz-a-demontaz-tlumicu-39-dilu-22106\/#breadcrumb"},"inLanguage":"cs","potentialAction":[{"@type":"ReadAction","target":["https:\/\/www.oknobuild.com\/index.php\/produkt\/akcni-cena-bgs-sada-na-montaz-a-demontaz-tlumicu-39-dilu-22106\/"]}]},{"@type":"ImageObject","inLanguage":"cs","@id":"https:\/\/www.oknobuild.com\/index.php\/produkt\/akcni-cena-bgs-sada-na-montaz-a-demontaz-tlumicu-39-dilu-22106\/#primaryimage","url":"https:\/\/www.oknobuild.com\/wp-content\/uploads\/2026\/SK0015368-CZ20260425-093449-0-1777080896-bgs-sada-na-montaz-a-demontaz-tlumicu-39-dilu.webp","contentUrl":"https:\/\/www.oknobuild.com\/wp-content\/uploads\/2026\/SK0015368-CZ20260425-093449-0-1777080896-bgs-sada-na-montaz-a-demontaz-tlumicu-39-dilu.webp","width":1000,"height":525},{"@type":"BreadcrumbList","@id":"https:\/\/www.oknobuild.com\/index.php\/produkt\/akcni-cena-bgs-sada-na-montaz-a-demontaz-tlumicu-39-dilu-22106\/#breadcrumb","itemListElement":[{"@type":"ListItem","position":1,"name":"Home","item":"https:\/\/www.oknobuild.com\/"},{"@type":"ListItem","position":2,"name":"Products","item":"https:\/\/www.oknobuild.com\/index.php\/products\/"},{"@type":"ListItem","position":3,"name":"Ak\u010dn\u00ed Cena BGS Sada na mont\u00e1\u017e a demont\u00e1\u017e tlumi\u010d\u016f, 39 d\u00edl\u016f"}]},{"@type":"WebSite","@id":"https:\/\/www.oknobuild.com\/#website","url":"https:\/\/www.oknobuild.com\/","name":"","description":"","potentialAction":[{"@type":"SearchAction","target":{"@type":"EntryPoint","urlTemplate":"https:\/\/www.oknobuild.com\/?s={search_term_string}"},"query-input":{"@type":"PropertyValueSpecification","valueRequired":true,"valueName":"search_term_string"}}],"inLanguage":"cs"}]}},"_links":{"self":[{"href":"https:\/\/www.oknobuild.com\/index.php\/wp-json\/wp\/v2\/product\/22106","targetHints":{"allow":["GET"]}}],"collection":[{"href":"https:\/\/www.oknobuild.com\/index.php\/wp-json\/wp\/v2\/product"}],"about":[{"href":"https:\/\/www.oknobuild.com\/index.php\/wp-json\/wp\/v2\/types\/product"}],"replies":[{"embeddable":true,"href":"https:\/\/www.oknobuild.com\/index.php\/wp-json\/wp\/v2\/comments?post=22106"}],"wp:featuredmedia":[{"embeddable":true,"href":"https:\/\/www.oknobuild.com\/index.php\/wp-json\/wp\/v2\/media\/22206"}],"wp:attachment":[{"href":"https:\/\/www.oknobuild.com\/index.php\/wp-json\/wp\/v2\/media?parent=22106"}],"wp:term":[{"taxonomy":"product_brand","embeddable":true,"href":"https:\/\/www.oknobuild.com\/index.php\/wp-json\/wp\/v2\/product_brand?post=22106"},{"taxonomy":"product_cat","embeddable":true,"href":"https:\/\/www.oknobuild.com\/index.php\/wp-json\/wp\/v2\/product_cat?post=22106"},{"taxonomy":"product_tag","embeddable":true,"href":"https:\/\/www.oknobuild.com\/index.php\/wp-json\/wp\/v2\/product_tag?post=22106"}],"curies":[{"name":"wp","href":"https:\/\/api.w.org\/{rel}","templated":true}]}}