{"id":22545,"date":"2026-04-27T04:41:30","date_gmt":"2026-04-27T04:41:30","guid":{"rendered":""},"modified":"2026-04-27T04:41:30","modified_gmt":"2026-04-27T04:41:30","slug":"primo-od-vyrobce-sapho-pura-keramicke-umyvadlo-na-desku-vysoke-prumer-42cm-bila-extraglaze-885211-22545","status":"publish","type":"product","link":"https:\/\/www.oknobuild.com\/index.php\/produkt\/primo-od-vyrobce-sapho-pura-keramicke-umyvadlo-na-desku-vysoke-prumer-42cm-bila-extraglaze-885211-22545\/","title":{"rendered":"P\u0159\u00edmo Od V\u00fdrobce Sapho PURA keramick\u00e9 umyvadlo na desku vysok\u00e9, pr\u016fm\u011br 42cm, b\u00edl\u00e1 ExtraGlaze 885211"},"content":{"rendered":"<div class=\"basic-description\">\n<h3>Detailn\u00ed popis produktu<\/h3>\n<p><\/p>\n<p style=\"text-align: justify;\">S\u00e9rie PURA se vyzna\u010duje racion\u00e1ln\u00edm designem a stylovou eleganc\u00ed. Konzervativn\u00ed tvary, kter\u00e9 obratn\u011b vyva\u017euj\u00ed rovn\u00e9 linie a m\u011bkk\u00e9 zaoblen\u00ed, jsou v\u00fdsledkem dlouh\u00e9ho procesu navrhov\u00e1n\u00ed a v\u00fdvoje. Nen\u00e1padn\u00e1 \u010distota lini\u00ed dod\u00e1v\u00e1 v\u00fdrobk\u016fm t\u00e9to \u0159ady eleganci a n\u00e1dech luxusu a kultivovanosti, kter\u00fd se hod\u00ed k jednoduch\u00e9mu, ale vkusn\u00e9mu stylu GSI.<\/p>\n<h2 class=\"props-title\">Vlastnosti<\/h2>\n<table>\n<tr>\n<th>Zna\u010dka<\/th>\n<td>GSI<\/td>\n<\/tr>\n<tr>\n<th>S\u00e9rie<\/th>\n<td>PURA<\/td>\n<\/tr>\n<tr>\n<th>3D model<\/th>\n<td>ANO<\/td>\n<\/tr>\n<tr>\n<th>Rozm\u011br<\/th>\n<td>42&#215;22 cm<\/td>\n<\/tr>\n<tr>\n<th>Pr\u016fm\u011br<\/th>\n<td>420&nbsp;mm<\/td>\n<\/tr>\n<tr>\n<th>\u0160\u00ed\u0159ka<\/th>\n<td>420&nbsp;mm<\/td>\n<\/tr>\n<tr>\n<th>V\u00fd\u0161ka<\/th>\n<td>220&nbsp;mm<\/td>\n<\/tr>\n<tr>\n<th>Hloubka<\/th>\n<td>420&nbsp;mm<\/td>\n<\/tr>\n<tr>\n<th>Barva<\/th>\n<td>B\u00edl\u00e1<\/td>\n<\/tr>\n<tr>\n<th>Materi\u00e1l<\/th>\n<td>Keramika<\/td>\n<\/tr>\n<tr>\n<th>Instalace<\/th>\n<td>K postaven\u00ed<\/td>\n<\/tr>\n<tr>\n<th>Typ umyvadla<\/th>\n<td>Umyvadlo na desku<\/td>\n<\/tr>\n<tr>\n<th>Otvor pro baterii<\/th>\n<td>Bez otvoru<\/td>\n<\/tr>\n<tr>\n<th>P\u0159epad<\/th>\n<td>NE<\/td>\n<\/tr>\n<tr>\n<th>Tvar<\/th>\n<td>Kruh<\/td>\n<\/tr>\n<tr>\n<th>Ostatn\u00ed<\/th>\n<td>ExtraGlaze<\/td>\n<\/tr>\n<tr>\n<th>Hmotnost \/ ks<\/th>\n<td>10.7000&nbsp;kg<\/td>\n<\/tr>\n<tr>\n<th>Balen\u00ed<\/th>\n<td>1&nbsp;ks<\/td>\n<\/tr>\n<tr>\n<th>EAN<\/th>\n<td>8032937822792<\/td>\n<\/tr>\n<tr>\n<th>Taric<\/th>\n<td>69109000<\/td>\n<\/tr>\n<tr>\n<th>Z\u00e1ruka<\/th>\n<td>2 roky<\/td>\n<\/tr>\n<\/table>\n<div class=\"product-explanation-item\">\n<h3><strong>Keramick\u00e1 glazura ExtraGlaze&reg; Antibacterial<\/strong><\/h3>\n<p style=\"text-align: justify;\">Antibakteri\u00e1ln\u00ed glazura Extraglaze&reg; Antibacterial, je obohacen\u00e1 o ionty st\u0159\u00edbra a titanu. Aplikuje se na produkty ji\u017e b\u011bhem v\u00fdrobn\u00edho procesu p\u0159ed vyp\u00e1len\u00edm, \u010d\u00edm\u017e je zaru\u010den jej\u00ed trval\u00fd \u00fa\u010dinek. Extraglaze&reg; Antibacterial dod\u00e1v\u00e1 keramice dokonale hladk\u00fd povrch, vysok\u00fd lesk, antibakteri\u00e1ln\u00ed \u00fa\u010dinek a ochranu proti v\u00e1penn\u00fdm usazenin\u00e1m. Povrch Extraglaze&reg; Antibacterial je standardn\u011b aplikov\u00e1n na v\u0161echny v\u00fdrobky spole\u010dnosti GSI.<\/p>\n<\/div><\/div>\n","protected":false},"excerpt":{"rendered":"<p>Detailn\u00ed popis produktu S\u00e9rie PURA se vyzna\u010duje racion\u00e1ln\u00edm designem a stylovou eleganc\u00ed. Konzervativn\u00ed tvary, kter\u00e9 obratn\u011b vyva\u017euj\u00ed rovn\u00e9 linie a m\u011bkk\u00e9 zaoblen\u00ed, jsou v\u00fdsledkem dlouh\u00e9ho procesu navrhov\u00e1n\u00ed a v\u00fdvoje. Nen\u00e1padn\u00e1 \u010distota lini\u00ed dod\u00e1v\u00e1 v\u00fdrobk\u016fm t\u00e9to \u0159ady eleganci a n\u00e1dech luxusu a kultivovanosti, kter\u00fd se hod\u00ed k jednoduch\u00e9mu, ale vkusn\u00e9mu stylu GSI. Vlastnosti Zna\u010dka GSI S\u00e9rie [&hellip;]<\/p>\n","protected":false},"featured_media":22645,"comment_status":"open","ping_status":"open","template":"","meta":[],"product_brand":[],"product_cat":[75],"product_tag":[],"class_list":{"0":"post-22545","1":"product","2":"type-product","3":"status-publish","4":"has-post-thumbnail","6":"product_cat-koupelnove-vybaveni","8":"first","9":"instock","10":"sale","11":"shipping-taxable","12":"purchasable","13":"product-type-simple"},"yoast_head":"<!-- This site is optimized with the Yoast SEO plugin v26.8 - https:\/\/yoast.com\/product\/yoast-seo-wordpress\/ -->\n<title>P\u0159\u00edmo Od V\u00fdrobce Sapho PURA keramick\u00e9 umyvadlo na desku vysok\u00e9, pr\u016fm\u011br 42cm, b\u00edl\u00e1 ExtraGlaze 885211 -<\/title>\n<meta name=\"robots\" content=\"index, follow, max-snippet:-1, max-image-preview:large, max-video-preview:-1\" \/>\n<link rel=\"canonical\" href=\"https:\/\/www.oknobuild.com\/index.php\/produkt\/primo-od-vyrobce-sapho-pura-keramicke-umyvadlo-na-desku-vysoke-prumer-42cm-bila-extraglaze-885211-22545\/\" \/>\n<meta property=\"og:locale\" content=\"cs_CZ\" \/>\n<meta property=\"og:type\" content=\"article\" \/>\n<meta property=\"og:title\" content=\"P\u0159\u00edmo Od V\u00fdrobce Sapho PURA keramick\u00e9 umyvadlo na desku vysok\u00e9, pr\u016fm\u011br 42cm, b\u00edl\u00e1 ExtraGlaze 885211 -\" \/>\n<meta property=\"og:description\" content=\"Detailn\u00ed popis produktu S\u00e9rie PURA se vyzna\u010duje racion\u00e1ln\u00edm designem a stylovou eleganc\u00ed. Konzervativn\u00ed tvary, kter\u00e9 obratn\u011b vyva\u017euj\u00ed rovn\u00e9 linie a m\u011bkk\u00e9 zaoblen\u00ed, jsou v\u00fdsledkem dlouh\u00e9ho procesu navrhov\u00e1n\u00ed a v\u00fdvoje. Nen\u00e1padn\u00e1 \u010distota lini\u00ed dod\u00e1v\u00e1 v\u00fdrobk\u016fm t\u00e9to \u0159ady eleganci a n\u00e1dech luxusu a kultivovanosti, kter\u00fd se hod\u00ed k jednoduch\u00e9mu, ale vkusn\u00e9mu stylu GSI. Vlastnosti Zna\u010dka GSI S\u00e9rie [&hellip;]\" \/>\n<meta property=\"og:url\" content=\"https:\/\/www.oknobuild.com\/index.php\/produkt\/primo-od-vyrobce-sapho-pura-keramicke-umyvadlo-na-desku-vysoke-prumer-42cm-bila-extraglaze-885211-22545\/\" \/>\n<meta property=\"og:image\" content=\"https:\/\/www.oknobuild.com\/wp-content\/uploads\/2026\/SK0014913-CZ20260425-093631-0-1777080994-289803_sapho-pura-keramicke-umyvadlo-na-desku-vysoke--prume.webp\" \/>\n\t<meta property=\"og:image:width\" content=\"1000\" \/>\n\t<meta property=\"og:image:height\" content=\"750\" \/>\n\t<meta property=\"og:image:type\" content=\"image\/webp\" \/>\n<meta name=\"twitter:card\" content=\"summary_large_image\" \/>\n<meta name=\"twitter:label1\" content=\"Odhadovan\u00e1 doba \u010dten\u00ed\" \/>\n\t<meta name=\"twitter:data1\" content=\"1 minuta\" \/>\n<script type=\"application\/ld+json\" class=\"yoast-schema-graph\">{\"@context\":\"https:\/\/schema.org\",\"@graph\":[{\"@type\":\"WebPage\",\"@id\":\"https:\/\/www.oknobuild.com\/index.php\/produkt\/primo-od-vyrobce-sapho-pura-keramicke-umyvadlo-na-desku-vysoke-prumer-42cm-bila-extraglaze-885211-22545\/\",\"url\":\"https:\/\/www.oknobuild.com\/index.php\/produkt\/primo-od-vyrobce-sapho-pura-keramicke-umyvadlo-na-desku-vysoke-prumer-42cm-bila-extraglaze-885211-22545\/\",\"name\":\"P\u0159\u00edmo Od V\u00fdrobce Sapho PURA keramick\u00e9 umyvadlo na desku vysok\u00e9, pr\u016fm\u011br 42cm, b\u00edl\u00e1 ExtraGlaze 885211 -\",\"isPartOf\":{\"@id\":\"https:\/\/www.oknobuild.com\/#website\"},\"primaryImageOfPage\":{\"@id\":\"https:\/\/www.oknobuild.com\/index.php\/produkt\/primo-od-vyrobce-sapho-pura-keramicke-umyvadlo-na-desku-vysoke-prumer-42cm-bila-extraglaze-885211-22545\/#primaryimage\"},\"image\":{\"@id\":\"https:\/\/www.oknobuild.com\/index.php\/produkt\/primo-od-vyrobce-sapho-pura-keramicke-umyvadlo-na-desku-vysoke-prumer-42cm-bila-extraglaze-885211-22545\/#primaryimage\"},\"thumbnailUrl\":\"https:\/\/www.oknobuild.com\/wp-content\/uploads\/2026\/SK0014913-CZ20260425-093631-0-1777080994-289803_sapho-pura-keramicke-umyvadlo-na-desku-vysoke--prume.webp\",\"datePublished\":\"2026-04-27T04:41:30+00:00\",\"breadcrumb\":{\"@id\":\"https:\/\/www.oknobuild.com\/index.php\/produkt\/primo-od-vyrobce-sapho-pura-keramicke-umyvadlo-na-desku-vysoke-prumer-42cm-bila-extraglaze-885211-22545\/#breadcrumb\"},\"inLanguage\":\"cs\",\"potentialAction\":[{\"@type\":\"ReadAction\",\"target\":[\"https:\/\/www.oknobuild.com\/index.php\/produkt\/primo-od-vyrobce-sapho-pura-keramicke-umyvadlo-na-desku-vysoke-prumer-42cm-bila-extraglaze-885211-22545\/\"]}]},{\"@type\":\"ImageObject\",\"inLanguage\":\"cs\",\"@id\":\"https:\/\/www.oknobuild.com\/index.php\/produkt\/primo-od-vyrobce-sapho-pura-keramicke-umyvadlo-na-desku-vysoke-prumer-42cm-bila-extraglaze-885211-22545\/#primaryimage\",\"url\":\"https:\/\/www.oknobuild.com\/wp-content\/uploads\/2026\/SK0014913-CZ20260425-093631-0-1777080994-289803_sapho-pura-keramicke-umyvadlo-na-desku-vysoke--prume.webp\",\"contentUrl\":\"https:\/\/www.oknobuild.com\/wp-content\/uploads\/2026\/SK0014913-CZ20260425-093631-0-1777080994-289803_sapho-pura-keramicke-umyvadlo-na-desku-vysoke--prume.webp\",\"width\":1000,\"height\":750},{\"@type\":\"BreadcrumbList\",\"@id\":\"https:\/\/www.oknobuild.com\/index.php\/produkt\/primo-od-vyrobce-sapho-pura-keramicke-umyvadlo-na-desku-vysoke-prumer-42cm-bila-extraglaze-885211-22545\/#breadcrumb\",\"itemListElement\":[{\"@type\":\"ListItem\",\"position\":1,\"name\":\"Home\",\"item\":\"https:\/\/www.oknobuild.com\/\"},{\"@type\":\"ListItem\",\"position\":2,\"name\":\"Products\",\"item\":\"https:\/\/www.oknobuild.com\/index.php\/products\/\"},{\"@type\":\"ListItem\",\"position\":3,\"name\":\"P\u0159\u00edmo Od V\u00fdrobce Sapho PURA keramick\u00e9 umyvadlo na desku vysok\u00e9, pr\u016fm\u011br 42cm, b\u00edl\u00e1 ExtraGlaze 885211\"}]},{\"@type\":\"WebSite\",\"@id\":\"https:\/\/www.oknobuild.com\/#website\",\"url\":\"https:\/\/www.oknobuild.com\/\",\"name\":\"\",\"description\":\"\",\"potentialAction\":[{\"@type\":\"SearchAction\",\"target\":{\"@type\":\"EntryPoint\",\"urlTemplate\":\"https:\/\/www.oknobuild.com\/?s={search_term_string}\"},\"query-input\":{\"@type\":\"PropertyValueSpecification\",\"valueRequired\":true,\"valueName\":\"search_term_string\"}}],\"inLanguage\":\"cs\"}]}<\/script>\n<!-- \/ Yoast SEO plugin. -->","yoast_head_json":{"title":"P\u0159\u00edmo Od V\u00fdrobce Sapho PURA keramick\u00e9 umyvadlo na desku vysok\u00e9, pr\u016fm\u011br 42cm, b\u00edl\u00e1 ExtraGlaze 885211 -","robots":{"index":"index","follow":"follow","max-snippet":"max-snippet:-1","max-image-preview":"max-image-preview:large","max-video-preview":"max-video-preview:-1"},"canonical":"https:\/\/www.oknobuild.com\/index.php\/produkt\/primo-od-vyrobce-sapho-pura-keramicke-umyvadlo-na-desku-vysoke-prumer-42cm-bila-extraglaze-885211-22545\/","og_locale":"cs_CZ","og_type":"article","og_title":"P\u0159\u00edmo Od V\u00fdrobce Sapho PURA keramick\u00e9 umyvadlo na desku vysok\u00e9, pr\u016fm\u011br 42cm, b\u00edl\u00e1 ExtraGlaze 885211 -","og_description":"Detailn\u00ed popis produktu S\u00e9rie PURA se vyzna\u010duje racion\u00e1ln\u00edm designem a stylovou eleganc\u00ed. Konzervativn\u00ed tvary, kter\u00e9 obratn\u011b vyva\u017euj\u00ed rovn\u00e9 linie a m\u011bkk\u00e9 zaoblen\u00ed, jsou v\u00fdsledkem dlouh\u00e9ho procesu navrhov\u00e1n\u00ed a v\u00fdvoje. Nen\u00e1padn\u00e1 \u010distota lini\u00ed dod\u00e1v\u00e1 v\u00fdrobk\u016fm t\u00e9to \u0159ady eleganci a n\u00e1dech luxusu a kultivovanosti, kter\u00fd se hod\u00ed k jednoduch\u00e9mu, ale vkusn\u00e9mu stylu GSI. Vlastnosti Zna\u010dka GSI S\u00e9rie [&hellip;]","og_url":"https:\/\/www.oknobuild.com\/index.php\/produkt\/primo-od-vyrobce-sapho-pura-keramicke-umyvadlo-na-desku-vysoke-prumer-42cm-bila-extraglaze-885211-22545\/","og_image":[{"width":1000,"height":750,"url":"https:\/\/www.oknobuild.com\/wp-content\/uploads\/2026\/SK0014913-CZ20260425-093631-0-1777080994-289803_sapho-pura-keramicke-umyvadlo-na-desku-vysoke--prume.webp","type":"image\/webp"}],"twitter_card":"summary_large_image","twitter_misc":{"Odhadovan\u00e1 doba \u010dten\u00ed":"1 minuta"},"schema":{"@context":"https:\/\/schema.org","@graph":[{"@type":"WebPage","@id":"https:\/\/www.oknobuild.com\/index.php\/produkt\/primo-od-vyrobce-sapho-pura-keramicke-umyvadlo-na-desku-vysoke-prumer-42cm-bila-extraglaze-885211-22545\/","url":"https:\/\/www.oknobuild.com\/index.php\/produkt\/primo-od-vyrobce-sapho-pura-keramicke-umyvadlo-na-desku-vysoke-prumer-42cm-bila-extraglaze-885211-22545\/","name":"P\u0159\u00edmo Od V\u00fdrobce Sapho PURA keramick\u00e9 umyvadlo na desku vysok\u00e9, pr\u016fm\u011br 42cm, b\u00edl\u00e1 ExtraGlaze 885211 -","isPartOf":{"@id":"https:\/\/www.oknobuild.com\/#website"},"primaryImageOfPage":{"@id":"https:\/\/www.oknobuild.com\/index.php\/produkt\/primo-od-vyrobce-sapho-pura-keramicke-umyvadlo-na-desku-vysoke-prumer-42cm-bila-extraglaze-885211-22545\/#primaryimage"},"image":{"@id":"https:\/\/www.oknobuild.com\/index.php\/produkt\/primo-od-vyrobce-sapho-pura-keramicke-umyvadlo-na-desku-vysoke-prumer-42cm-bila-extraglaze-885211-22545\/#primaryimage"},"thumbnailUrl":"https:\/\/www.oknobuild.com\/wp-content\/uploads\/2026\/SK0014913-CZ20260425-093631-0-1777080994-289803_sapho-pura-keramicke-umyvadlo-na-desku-vysoke--prume.webp","datePublished":"2026-04-27T04:41:30+00:00","breadcrumb":{"@id":"https:\/\/www.oknobuild.com\/index.php\/produkt\/primo-od-vyrobce-sapho-pura-keramicke-umyvadlo-na-desku-vysoke-prumer-42cm-bila-extraglaze-885211-22545\/#breadcrumb"},"inLanguage":"cs","potentialAction":[{"@type":"ReadAction","target":["https:\/\/www.oknobuild.com\/index.php\/produkt\/primo-od-vyrobce-sapho-pura-keramicke-umyvadlo-na-desku-vysoke-prumer-42cm-bila-extraglaze-885211-22545\/"]}]},{"@type":"ImageObject","inLanguage":"cs","@id":"https:\/\/www.oknobuild.com\/index.php\/produkt\/primo-od-vyrobce-sapho-pura-keramicke-umyvadlo-na-desku-vysoke-prumer-42cm-bila-extraglaze-885211-22545\/#primaryimage","url":"https:\/\/www.oknobuild.com\/wp-content\/uploads\/2026\/SK0014913-CZ20260425-093631-0-1777080994-289803_sapho-pura-keramicke-umyvadlo-na-desku-vysoke--prume.webp","contentUrl":"https:\/\/www.oknobuild.com\/wp-content\/uploads\/2026\/SK0014913-CZ20260425-093631-0-1777080994-289803_sapho-pura-keramicke-umyvadlo-na-desku-vysoke--prume.webp","width":1000,"height":750},{"@type":"BreadcrumbList","@id":"https:\/\/www.oknobuild.com\/index.php\/produkt\/primo-od-vyrobce-sapho-pura-keramicke-umyvadlo-na-desku-vysoke-prumer-42cm-bila-extraglaze-885211-22545\/#breadcrumb","itemListElement":[{"@type":"ListItem","position":1,"name":"Home","item":"https:\/\/www.oknobuild.com\/"},{"@type":"ListItem","position":2,"name":"Products","item":"https:\/\/www.oknobuild.com\/index.php\/products\/"},{"@type":"ListItem","position":3,"name":"P\u0159\u00edmo Od V\u00fdrobce Sapho PURA keramick\u00e9 umyvadlo na desku vysok\u00e9, pr\u016fm\u011br 42cm, b\u00edl\u00e1 ExtraGlaze 885211"}]},{"@type":"WebSite","@id":"https:\/\/www.oknobuild.com\/#website","url":"https:\/\/www.oknobuild.com\/","name":"","description":"","potentialAction":[{"@type":"SearchAction","target":{"@type":"EntryPoint","urlTemplate":"https:\/\/www.oknobuild.com\/?s={search_term_string}"},"query-input":{"@type":"PropertyValueSpecification","valueRequired":true,"valueName":"search_term_string"}}],"inLanguage":"cs"}]}},"_links":{"self":[{"href":"https:\/\/www.oknobuild.com\/index.php\/wp-json\/wp\/v2\/product\/22545","targetHints":{"allow":["GET"]}}],"collection":[{"href":"https:\/\/www.oknobuild.com\/index.php\/wp-json\/wp\/v2\/product"}],"about":[{"href":"https:\/\/www.oknobuild.com\/index.php\/wp-json\/wp\/v2\/types\/product"}],"replies":[{"embeddable":true,"href":"https:\/\/www.oknobuild.com\/index.php\/wp-json\/wp\/v2\/comments?post=22545"}],"wp:featuredmedia":[{"embeddable":true,"href":"https:\/\/www.oknobuild.com\/index.php\/wp-json\/wp\/v2\/media\/22645"}],"wp:attachment":[{"href":"https:\/\/www.oknobuild.com\/index.php\/wp-json\/wp\/v2\/media?parent=22545"}],"wp:term":[{"taxonomy":"product_brand","embeddable":true,"href":"https:\/\/www.oknobuild.com\/index.php\/wp-json\/wp\/v2\/product_brand?post=22545"},{"taxonomy":"product_cat","embeddable":true,"href":"https:\/\/www.oknobuild.com\/index.php\/wp-json\/wp\/v2\/product_cat?post=22545"},{"taxonomy":"product_tag","embeddable":true,"href":"https:\/\/www.oknobuild.com\/index.php\/wp-json\/wp\/v2\/product_tag?post=22545"}],"curies":[{"name":"wp","href":"https:\/\/api.w.org\/{rel}","templated":true}]}}