{"id":22574,"date":"2026-04-27T04:41:30","date_gmt":"2026-04-27T04:41:30","guid":{"rendered":""},"modified":"2026-04-27T04:41:30","modified_gmt":"2026-04-27T04:41:30","slug":"sapho-kube-x-wc-misa-stojici-swirlflush-36x55cm-spodni-zadni-odpad-bila-extraglaze-941011-nejprodavanejsi-22574","status":"publish","type":"product","link":"https:\/\/www.oknobuild.com\/index.php\/produkt\/sapho-kube-x-wc-misa-stojici-swirlflush-36x55cm-spodni-zadni-odpad-bila-extraglaze-941011-nejprodavanejsi-22574\/","title":{"rendered":"Sapho KUBE X WC m\u00edsa stoj\u00edc\u00ed, Swirlflush, 36x55cm, spodn\u00ed\/zadn\u00ed odpad, b\u00edl\u00e1 ExtraGlaze 941011 Nejprod\u00e1van\u011bj\u0161\u00ed"},"content":{"rendered":"<div class=\"basic-description\">\n<h3>Detailn\u00ed popis produktu<\/h3>\n<p><\/p>\n<p style=\"text-align: justify;\">S\u00e9rie KUBE X vych\u00e1z\u00ed ze sou\u010dasn\u00e9ho trendu pravo\u00fahl\u00fdch tvar\u016f s \u00fasporn\u00fdmi liniemi a \u0161t\u00edhl\u00fdmi hranami. Kolekce nab\u00edz\u00ed \u010dtvercov\u00e1 umyvadla od v\u011bt\u0161\u00edch a\u017e po nejmen\u0161\u00ed velikosti s mo\u017enost\u00ed instalace zav\u011b\u0161en\u00edm na st\u011bnu a k polo\u017een\u00ed na desku nebo sk\u0159\u00ed\u0148ku.<br \/>Sou\u010d\u00e1st\u00ed s\u00e9rie umyvadel jsou nav\u00edc dv\u011b kulat\u00e1 umyvadla na desku a dv\u011b obd\u00e9ln\u00edkov\u00e1 vestavn\u00e1 umyvadla, v\u0161echna s velmi \u0161t\u00edhl\u00fdmi hranami.<br \/>Sanit\u00e1rn\u00ed keramika je vybavena technick\u00fdmi inovacemi GSI: antibakteri\u00e1ln\u00ed glazurou Extraglaze&reg;, toalety splachovac\u00edm syst\u00e9mem Save Water a syst\u00e9mem SwirlFlush&reg; nebo GeniusFlush&reg;, WC sed\u00e1tka mechanismem Quick Release a syst\u00e9mem Soft Close. Vybran\u00e9 produkty jsou dostupn\u00e9 tak\u00e9 v b\u00edl\u00e9 matn\u00e9 a \u010dern\u00e9 matn\u00e9.<\/p>\n<h2 class=\"props-title\">Vlastnosti<\/h2>\n<table>\n<tr>\n<th>Zna\u010dka<\/th>\n<td>GSI<\/td>\n<\/tr>\n<tr>\n<th>S\u00e9rie<\/th>\n<td>KUBE X<\/td>\n<\/tr>\n<tr>\n<th>3D model<\/th>\n<td>ANO<\/td>\n<\/tr>\n<tr>\n<th>Rozm\u011br<\/th>\n<td>36&#215;55 cm<\/td>\n<\/tr>\n<tr>\n<th>\u0160\u00ed\u0159ka<\/th>\n<td>360&nbsp;mm<\/td>\n<\/tr>\n<tr>\n<th>V\u00fd\u0161ka<\/th>\n<td>420&nbsp;mm<\/td>\n<\/tr>\n<tr>\n<th>Hloubka<\/th>\n<td>550&nbsp;mm<\/td>\n<\/tr>\n<tr>\n<th>Barva<\/th>\n<td>B\u00edl\u00e1<\/td>\n<\/tr>\n<tr>\n<th>Materi\u00e1l<\/th>\n<td>Keramika<\/td>\n<\/tr>\n<tr>\n<th>Technologie splachov\u00e1n\u00ed<\/th>\n<td>SwirlFlush<\/td>\n<\/tr>\n<tr>\n<th>Objem splachovac\u00ed vody<\/th>\n<td>3 l \/ 4,5 l<\/td>\n<\/tr>\n<tr>\n<th>Tvar<\/th>\n<td>Klasik<\/td>\n<\/tr>\n<tr>\n<th>Ostatn\u00ed<\/th>\n<td>ExtraGlaze, Odpad spodn\u00ed, Odpad zadn\u00ed, Skryt\u00e9 uchycen\u00ed<\/td>\n<\/tr>\n<tr>\n<th>Balen\u00ed obsahuje<\/th>\n<td>Kotv\u00edc\u00ed sada<\/td>\n<\/tr>\n<tr>\n<th>Balen\u00ed neobsahuje<\/th>\n<td>WC sed\u00e1tko<\/td>\n<\/tr>\n<tr>\n<th>Hmotnost \/ ks<\/th>\n<td>25.8500&nbsp;kg<\/td>\n<\/tr>\n<tr>\n<th>Balen\u00ed<\/th>\n<td>1&nbsp;ks<\/td>\n<\/tr>\n<tr>\n<th>EAN<\/th>\n<td>8056590011898<\/td>\n<\/tr>\n<tr>\n<th>Taric<\/th>\n<td>69109000<\/td>\n<\/tr>\n<tr>\n<th>Z\u00e1ruka<\/th>\n<td>2 roky<\/td>\n<\/tr>\n<\/table>\n<div class=\"product-explanation-item\">\n<h3>Technologie splachov\u00e1n\u00ed <strong>SwirlFlush&reg;<\/strong><\/h3>\n<p style=\"text-align: justify;\">SwirlFlush&reg;  &#8211; toalety bez tradi\u010dn\u00edho oplachov\u00e9ho kruhu. Patentovan\u00fd extr\u00e9mn\u011b tich\u00fd splachovac\u00ed syst\u00e9m od spole\u010dnosti GSI nam\u00ed\u0159\u00ed vodu jednotn\u00fdm sm\u011brem na okraje keramiky. Inovaci ve splachov\u00e1n\u00ed p\u0159edstavuje vodn\u00ed v\u00edr, kter\u00fd zajist\u00ed optim\u00e1ln\u00ed a tich\u00e9 spl\u00e1chnut\u00ed m\u00edsy.<br \/>Absence tradi\u010dn\u00edho splachovac\u00edho kruhu pod okrajem m\u00edsy v kombinaci s glazurou Extraglaze&reg;, kter\u00e1 dod\u00e1v\u00e1 keramice dokonale hladk\u00fd povrch a p\u016fsobiv\u00fd lesk, zaji\u0161\u0165uje maxim\u00e1ln\u00ed hygienu a sn\u00ed\u017een\u00ed n\u00e1mahy p\u0159i \u010di\u0161t\u011bn\u00ed WC. Samoz\u0159ejmost\u00ed je du\u00e1ln\u00ed syst\u00e9m splachov\u00e1n\u00ed s mno\u017estv\u00edm vody 3 nebo 4,5 l.<\/p>\n<p style=\"text-align: justify;\">Extr\u00e9mn\u011b tich\u00fd: Splachovac\u00ed syst\u00e9m SwirlFlush&reg; s hlu\u010dnost\u00ed pouh\u00fdch 64 dB je extr\u00e9mn\u011b tich\u00fd b\u011bhem splachov\u00e1n\u00ed.<\/p>\n<\/div>\n<div class=\"product-explanation-item\">\n<h3>Water saving &#8211; \u00fasporn\u00e9 splachov\u00e1n\u00ed<\/h3>\n<p style=\"text-align: justify;\">Tvar m\u00edsy umo\u017e\u0148uje efektivn\u00ed a \u00fa\u010dinn\u00e9 spl\u00e1chnut\u00ed s men\u0161\u00edm objemem vody a t\u00edm \u0161et\u0159\u00ed \u017eivotn\u00ed prost\u0159ed\u00ed a n\u00e1klady za vodu.<br \/>\u00dasporn\u00e9 splachov\u00e1n\u00ed je mo\u017en\u00e9 pou\u017e\u00edt s n\u00e1dr\u017ekou s du\u00e1ln\u00edm splachov\u00e1n\u00edm, jej\u00ed\u017e vypou\u0161t\u011bc\u00ed ventil umo\u017e\u0148uje nastaven\u00ed objemu vody od 2 litr\u016f u mal\u00e9ho splachov\u00e1n\u00ed a od 4 litr\u016f u velk\u00e9ho splachov\u00e1n\u00ed.<\/p>\n<\/div>\n<div class=\"product-explanation-item\">\n<h3><strong>Keramick\u00e1 glazura ExtraGlaze&reg; Antibacterial<\/strong><\/h3>\n<p style=\"text-align: justify;\">Antibakteri\u00e1ln\u00ed glazura Extraglaze&reg; Antibacterial, je obohacen\u00e1 o ionty st\u0159\u00edbra a titanu. Aplikuje se na produkty ji\u017e b\u011bhem v\u00fdrobn\u00edho procesu p\u0159ed vyp\u00e1len\u00edm, \u010d\u00edm\u017e je zaru\u010den jej\u00ed trval\u00fd \u00fa\u010dinek. Extraglaze&reg; Antibacterial dod\u00e1v\u00e1 keramice dokonale hladk\u00fd povrch, vysok\u00fd lesk, antibakteri\u00e1ln\u00ed \u00fa\u010dinek a ochranu proti v\u00e1penn\u00fdm usazenin\u00e1m. Povrch Extraglaze&reg; Antibacterial je standardn\u011b aplikov\u00e1n na v\u0161echny v\u00fdrobky spole\u010dnosti GSI.<\/p>\n<\/div>\n<p>   Upozorn\u011bn\u00ed pro z\u00e1kazn\u00edky ke koupi produkt\u016f na objedn\u00e1n\u00ed: Toto zbo\u017e\u00ed nen\u00ed standardn\u00edm s\u00e9riov\u00fdm v\u00fdrobkem. Bude vyrobeno na p\u0159\u00e1n\u00ed z\u00e1kazn\u00edka a proto jej nelze dodavateli v z\u00e1konn\u00e9 lh\u016ft\u011b vr\u00e1tit. (viz \u00a71837 odst.d, ob\u010dansk\u00e9ho z\u00e1kon\u00edku). V tomto p\u0159\u00edpad\u011b m\u016f\u017eeme po\u017eadovat nevratnou z\u00e1lohu a\u017e do v\u00fd\u0161e 100 % z ceny v\u00fdrobku.                            <\/p><\/div>\n","protected":false},"excerpt":{"rendered":"<p>Detailn\u00ed popis produktu S\u00e9rie KUBE X vych\u00e1z\u00ed ze sou\u010dasn\u00e9ho trendu pravo\u00fahl\u00fdch tvar\u016f s \u00fasporn\u00fdmi liniemi a \u0161t\u00edhl\u00fdmi hranami. Kolekce nab\u00edz\u00ed \u010dtvercov\u00e1 umyvadla od v\u011bt\u0161\u00edch a\u017e po nejmen\u0161\u00ed velikosti s mo\u017enost\u00ed instalace zav\u011b\u0161en\u00edm na st\u011bnu a k polo\u017een\u00ed na desku nebo sk\u0159\u00ed\u0148ku.Sou\u010d\u00e1st\u00ed s\u00e9rie umyvadel jsou nav\u00edc dv\u011b kulat\u00e1 umyvadla na desku a dv\u011b obd\u00e9ln\u00edkov\u00e1 vestavn\u00e1 umyvadla, [&hellip;]<\/p>\n","protected":false},"featured_media":22674,"comment_status":"open","ping_status":"open","template":"","meta":[],"product_brand":[],"product_cat":[76],"product_tag":[],"class_list":{"0":"post-22574","1":"product","2":"type-product","3":"status-publish","4":"has-post-thumbnail","6":"product_cat-wc","8":"first","9":"instock","10":"sale","11":"shipping-taxable","12":"purchasable","13":"product-type-simple"},"yoast_head":"<!-- This site is optimized with the Yoast SEO plugin v26.8 - https:\/\/yoast.com\/product\/yoast-seo-wordpress\/ -->\n<title>Sapho KUBE X WC m\u00edsa stoj\u00edc\u00ed, Swirlflush, 36x55cm, spodn\u00ed\/zadn\u00ed odpad, b\u00edl\u00e1 ExtraGlaze 941011 Nejprod\u00e1van\u011bj\u0161\u00ed -<\/title>\n<meta name=\"robots\" content=\"index, follow, max-snippet:-1, max-image-preview:large, max-video-preview:-1\" \/>\n<link rel=\"canonical\" href=\"https:\/\/www.oknobuild.com\/index.php\/produkt\/sapho-kube-x-wc-misa-stojici-swirlflush-36x55cm-spodni-zadni-odpad-bila-extraglaze-941011-nejprodavanejsi-22574\/\" \/>\n<meta property=\"og:locale\" content=\"cs_CZ\" \/>\n<meta property=\"og:type\" content=\"article\" \/>\n<meta property=\"og:title\" content=\"Sapho KUBE X WC m\u00edsa stoj\u00edc\u00ed, Swirlflush, 36x55cm, spodn\u00ed\/zadn\u00ed odpad, b\u00edl\u00e1 ExtraGlaze 941011 Nejprod\u00e1van\u011bj\u0161\u00ed -\" \/>\n<meta property=\"og:description\" content=\"Detailn\u00ed popis produktu S\u00e9rie KUBE X vych\u00e1z\u00ed ze sou\u010dasn\u00e9ho trendu pravo\u00fahl\u00fdch tvar\u016f s \u00fasporn\u00fdmi liniemi a \u0161t\u00edhl\u00fdmi hranami. Kolekce nab\u00edz\u00ed \u010dtvercov\u00e1 umyvadla od v\u011bt\u0161\u00edch a\u017e po nejmen\u0161\u00ed velikosti s mo\u017enost\u00ed instalace zav\u011b\u0161en\u00edm na st\u011bnu a k polo\u017een\u00ed na desku nebo sk\u0159\u00ed\u0148ku.Sou\u010d\u00e1st\u00ed s\u00e9rie umyvadel jsou nav\u00edc dv\u011b kulat\u00e1 umyvadla na desku a dv\u011b obd\u00e9ln\u00edkov\u00e1 vestavn\u00e1 umyvadla, [&hellip;]\" \/>\n<meta property=\"og:url\" content=\"https:\/\/www.oknobuild.com\/index.php\/produkt\/sapho-kube-x-wc-misa-stojici-swirlflush-36x55cm-spodni-zadni-odpad-bila-extraglaze-941011-nejprodavanejsi-22574\/\" \/>\n<meta property=\"og:image\" content=\"https:\/\/www.oknobuild.com\/wp-content\/uploads\/2026\/SK0014942-CZ20260425-093631-0-1777080994-289905_sapho-kube-x-wc-misa-stojici--swirlflush--36x55cm--s.webp\" \/>\n\t<meta property=\"og:image:width\" content=\"1000\" \/>\n\t<meta property=\"og:image:height\" content=\"750\" \/>\n\t<meta property=\"og:image:type\" content=\"image\/webp\" \/>\n<meta name=\"twitter:card\" content=\"summary_large_image\" \/>\n<meta name=\"twitter:label1\" content=\"Odhadovan\u00e1 doba \u010dten\u00ed\" \/>\n\t<meta name=\"twitter:data1\" content=\"3 minuty\" \/>\n<script type=\"application\/ld+json\" class=\"yoast-schema-graph\">{\"@context\":\"https:\/\/schema.org\",\"@graph\":[{\"@type\":\"WebPage\",\"@id\":\"https:\/\/www.oknobuild.com\/index.php\/produkt\/sapho-kube-x-wc-misa-stojici-swirlflush-36x55cm-spodni-zadni-odpad-bila-extraglaze-941011-nejprodavanejsi-22574\/\",\"url\":\"https:\/\/www.oknobuild.com\/index.php\/produkt\/sapho-kube-x-wc-misa-stojici-swirlflush-36x55cm-spodni-zadni-odpad-bila-extraglaze-941011-nejprodavanejsi-22574\/\",\"name\":\"Sapho KUBE X WC m\u00edsa stoj\u00edc\u00ed, Swirlflush, 36x55cm, spodn\u00ed\/zadn\u00ed odpad, b\u00edl\u00e1 ExtraGlaze 941011 Nejprod\u00e1van\u011bj\u0161\u00ed -\",\"isPartOf\":{\"@id\":\"https:\/\/www.oknobuild.com\/#website\"},\"primaryImageOfPage\":{\"@id\":\"https:\/\/www.oknobuild.com\/index.php\/produkt\/sapho-kube-x-wc-misa-stojici-swirlflush-36x55cm-spodni-zadni-odpad-bila-extraglaze-941011-nejprodavanejsi-22574\/#primaryimage\"},\"image\":{\"@id\":\"https:\/\/www.oknobuild.com\/index.php\/produkt\/sapho-kube-x-wc-misa-stojici-swirlflush-36x55cm-spodni-zadni-odpad-bila-extraglaze-941011-nejprodavanejsi-22574\/#primaryimage\"},\"thumbnailUrl\":\"https:\/\/www.oknobuild.com\/wp-content\/uploads\/2026\/SK0014942-CZ20260425-093631-0-1777080994-289905_sapho-kube-x-wc-misa-stojici--swirlflush--36x55cm--s.webp\",\"datePublished\":\"2026-04-27T04:41:30+00:00\",\"breadcrumb\":{\"@id\":\"https:\/\/www.oknobuild.com\/index.php\/produkt\/sapho-kube-x-wc-misa-stojici-swirlflush-36x55cm-spodni-zadni-odpad-bila-extraglaze-941011-nejprodavanejsi-22574\/#breadcrumb\"},\"inLanguage\":\"cs\",\"potentialAction\":[{\"@type\":\"ReadAction\",\"target\":[\"https:\/\/www.oknobuild.com\/index.php\/produkt\/sapho-kube-x-wc-misa-stojici-swirlflush-36x55cm-spodni-zadni-odpad-bila-extraglaze-941011-nejprodavanejsi-22574\/\"]}]},{\"@type\":\"ImageObject\",\"inLanguage\":\"cs\",\"@id\":\"https:\/\/www.oknobuild.com\/index.php\/produkt\/sapho-kube-x-wc-misa-stojici-swirlflush-36x55cm-spodni-zadni-odpad-bila-extraglaze-941011-nejprodavanejsi-22574\/#primaryimage\",\"url\":\"https:\/\/www.oknobuild.com\/wp-content\/uploads\/2026\/SK0014942-CZ20260425-093631-0-1777080994-289905_sapho-kube-x-wc-misa-stojici--swirlflush--36x55cm--s.webp\",\"contentUrl\":\"https:\/\/www.oknobuild.com\/wp-content\/uploads\/2026\/SK0014942-CZ20260425-093631-0-1777080994-289905_sapho-kube-x-wc-misa-stojici--swirlflush--36x55cm--s.webp\",\"width\":1000,\"height\":750},{\"@type\":\"BreadcrumbList\",\"@id\":\"https:\/\/www.oknobuild.com\/index.php\/produkt\/sapho-kube-x-wc-misa-stojici-swirlflush-36x55cm-spodni-zadni-odpad-bila-extraglaze-941011-nejprodavanejsi-22574\/#breadcrumb\",\"itemListElement\":[{\"@type\":\"ListItem\",\"position\":1,\"name\":\"Home\",\"item\":\"https:\/\/www.oknobuild.com\/\"},{\"@type\":\"ListItem\",\"position\":2,\"name\":\"Products\",\"item\":\"https:\/\/www.oknobuild.com\/index.php\/products\/\"},{\"@type\":\"ListItem\",\"position\":3,\"name\":\"Sapho KUBE X WC m\u00edsa stoj\u00edc\u00ed, Swirlflush, 36x55cm, spodn\u00ed\/zadn\u00ed odpad, b\u00edl\u00e1 ExtraGlaze 941011 Nejprod\u00e1van\u011bj\u0161\u00ed\"}]},{\"@type\":\"WebSite\",\"@id\":\"https:\/\/www.oknobuild.com\/#website\",\"url\":\"https:\/\/www.oknobuild.com\/\",\"name\":\"\",\"description\":\"\",\"potentialAction\":[{\"@type\":\"SearchAction\",\"target\":{\"@type\":\"EntryPoint\",\"urlTemplate\":\"https:\/\/www.oknobuild.com\/?s={search_term_string}\"},\"query-input\":{\"@type\":\"PropertyValueSpecification\",\"valueRequired\":true,\"valueName\":\"search_term_string\"}}],\"inLanguage\":\"cs\"}]}<\/script>\n<!-- \/ Yoast SEO plugin. -->","yoast_head_json":{"title":"Sapho KUBE X WC m\u00edsa stoj\u00edc\u00ed, Swirlflush, 36x55cm, spodn\u00ed\/zadn\u00ed odpad, b\u00edl\u00e1 ExtraGlaze 941011 Nejprod\u00e1van\u011bj\u0161\u00ed -","robots":{"index":"index","follow":"follow","max-snippet":"max-snippet:-1","max-image-preview":"max-image-preview:large","max-video-preview":"max-video-preview:-1"},"canonical":"https:\/\/www.oknobuild.com\/index.php\/produkt\/sapho-kube-x-wc-misa-stojici-swirlflush-36x55cm-spodni-zadni-odpad-bila-extraglaze-941011-nejprodavanejsi-22574\/","og_locale":"cs_CZ","og_type":"article","og_title":"Sapho KUBE X WC m\u00edsa stoj\u00edc\u00ed, Swirlflush, 36x55cm, spodn\u00ed\/zadn\u00ed odpad, b\u00edl\u00e1 ExtraGlaze 941011 Nejprod\u00e1van\u011bj\u0161\u00ed -","og_description":"Detailn\u00ed popis produktu S\u00e9rie KUBE X vych\u00e1z\u00ed ze sou\u010dasn\u00e9ho trendu pravo\u00fahl\u00fdch tvar\u016f s \u00fasporn\u00fdmi liniemi a \u0161t\u00edhl\u00fdmi hranami. Kolekce nab\u00edz\u00ed \u010dtvercov\u00e1 umyvadla od v\u011bt\u0161\u00edch a\u017e po nejmen\u0161\u00ed velikosti s mo\u017enost\u00ed instalace zav\u011b\u0161en\u00edm na st\u011bnu a k polo\u017een\u00ed na desku nebo sk\u0159\u00ed\u0148ku.Sou\u010d\u00e1st\u00ed s\u00e9rie umyvadel jsou nav\u00edc dv\u011b kulat\u00e1 umyvadla na desku a dv\u011b obd\u00e9ln\u00edkov\u00e1 vestavn\u00e1 umyvadla, [&hellip;]","og_url":"https:\/\/www.oknobuild.com\/index.php\/produkt\/sapho-kube-x-wc-misa-stojici-swirlflush-36x55cm-spodni-zadni-odpad-bila-extraglaze-941011-nejprodavanejsi-22574\/","og_image":[{"width":1000,"height":750,"url":"https:\/\/www.oknobuild.com\/wp-content\/uploads\/2026\/SK0014942-CZ20260425-093631-0-1777080994-289905_sapho-kube-x-wc-misa-stojici--swirlflush--36x55cm--s.webp","type":"image\/webp"}],"twitter_card":"summary_large_image","twitter_misc":{"Odhadovan\u00e1 doba \u010dten\u00ed":"3 minuty"},"schema":{"@context":"https:\/\/schema.org","@graph":[{"@type":"WebPage","@id":"https:\/\/www.oknobuild.com\/index.php\/produkt\/sapho-kube-x-wc-misa-stojici-swirlflush-36x55cm-spodni-zadni-odpad-bila-extraglaze-941011-nejprodavanejsi-22574\/","url":"https:\/\/www.oknobuild.com\/index.php\/produkt\/sapho-kube-x-wc-misa-stojici-swirlflush-36x55cm-spodni-zadni-odpad-bila-extraglaze-941011-nejprodavanejsi-22574\/","name":"Sapho KUBE X WC m\u00edsa stoj\u00edc\u00ed, Swirlflush, 36x55cm, spodn\u00ed\/zadn\u00ed odpad, b\u00edl\u00e1 ExtraGlaze 941011 Nejprod\u00e1van\u011bj\u0161\u00ed -","isPartOf":{"@id":"https:\/\/www.oknobuild.com\/#website"},"primaryImageOfPage":{"@id":"https:\/\/www.oknobuild.com\/index.php\/produkt\/sapho-kube-x-wc-misa-stojici-swirlflush-36x55cm-spodni-zadni-odpad-bila-extraglaze-941011-nejprodavanejsi-22574\/#primaryimage"},"image":{"@id":"https:\/\/www.oknobuild.com\/index.php\/produkt\/sapho-kube-x-wc-misa-stojici-swirlflush-36x55cm-spodni-zadni-odpad-bila-extraglaze-941011-nejprodavanejsi-22574\/#primaryimage"},"thumbnailUrl":"https:\/\/www.oknobuild.com\/wp-content\/uploads\/2026\/SK0014942-CZ20260425-093631-0-1777080994-289905_sapho-kube-x-wc-misa-stojici--swirlflush--36x55cm--s.webp","datePublished":"2026-04-27T04:41:30+00:00","breadcrumb":{"@id":"https:\/\/www.oknobuild.com\/index.php\/produkt\/sapho-kube-x-wc-misa-stojici-swirlflush-36x55cm-spodni-zadni-odpad-bila-extraglaze-941011-nejprodavanejsi-22574\/#breadcrumb"},"inLanguage":"cs","potentialAction":[{"@type":"ReadAction","target":["https:\/\/www.oknobuild.com\/index.php\/produkt\/sapho-kube-x-wc-misa-stojici-swirlflush-36x55cm-spodni-zadni-odpad-bila-extraglaze-941011-nejprodavanejsi-22574\/"]}]},{"@type":"ImageObject","inLanguage":"cs","@id":"https:\/\/www.oknobuild.com\/index.php\/produkt\/sapho-kube-x-wc-misa-stojici-swirlflush-36x55cm-spodni-zadni-odpad-bila-extraglaze-941011-nejprodavanejsi-22574\/#primaryimage","url":"https:\/\/www.oknobuild.com\/wp-content\/uploads\/2026\/SK0014942-CZ20260425-093631-0-1777080994-289905_sapho-kube-x-wc-misa-stojici--swirlflush--36x55cm--s.webp","contentUrl":"https:\/\/www.oknobuild.com\/wp-content\/uploads\/2026\/SK0014942-CZ20260425-093631-0-1777080994-289905_sapho-kube-x-wc-misa-stojici--swirlflush--36x55cm--s.webp","width":1000,"height":750},{"@type":"BreadcrumbList","@id":"https:\/\/www.oknobuild.com\/index.php\/produkt\/sapho-kube-x-wc-misa-stojici-swirlflush-36x55cm-spodni-zadni-odpad-bila-extraglaze-941011-nejprodavanejsi-22574\/#breadcrumb","itemListElement":[{"@type":"ListItem","position":1,"name":"Home","item":"https:\/\/www.oknobuild.com\/"},{"@type":"ListItem","position":2,"name":"Products","item":"https:\/\/www.oknobuild.com\/index.php\/products\/"},{"@type":"ListItem","position":3,"name":"Sapho KUBE X WC m\u00edsa stoj\u00edc\u00ed, Swirlflush, 36x55cm, spodn\u00ed\/zadn\u00ed odpad, b\u00edl\u00e1 ExtraGlaze 941011 Nejprod\u00e1van\u011bj\u0161\u00ed"}]},{"@type":"WebSite","@id":"https:\/\/www.oknobuild.com\/#website","url":"https:\/\/www.oknobuild.com\/","name":"","description":"","potentialAction":[{"@type":"SearchAction","target":{"@type":"EntryPoint","urlTemplate":"https:\/\/www.oknobuild.com\/?s={search_term_string}"},"query-input":{"@type":"PropertyValueSpecification","valueRequired":true,"valueName":"search_term_string"}}],"inLanguage":"cs"}]}},"_links":{"self":[{"href":"https:\/\/www.oknobuild.com\/index.php\/wp-json\/wp\/v2\/product\/22574","targetHints":{"allow":["GET"]}}],"collection":[{"href":"https:\/\/www.oknobuild.com\/index.php\/wp-json\/wp\/v2\/product"}],"about":[{"href":"https:\/\/www.oknobuild.com\/index.php\/wp-json\/wp\/v2\/types\/product"}],"replies":[{"embeddable":true,"href":"https:\/\/www.oknobuild.com\/index.php\/wp-json\/wp\/v2\/comments?post=22574"}],"wp:featuredmedia":[{"embeddable":true,"href":"https:\/\/www.oknobuild.com\/index.php\/wp-json\/wp\/v2\/media\/22674"}],"wp:attachment":[{"href":"https:\/\/www.oknobuild.com\/index.php\/wp-json\/wp\/v2\/media?parent=22574"}],"wp:term":[{"taxonomy":"product_brand","embeddable":true,"href":"https:\/\/www.oknobuild.com\/index.php\/wp-json\/wp\/v2\/product_brand?post=22574"},{"taxonomy":"product_cat","embeddable":true,"href":"https:\/\/www.oknobuild.com\/index.php\/wp-json\/wp\/v2\/product_cat?post=22574"},{"taxonomy":"product_tag","embeddable":true,"href":"https:\/\/www.oknobuild.com\/index.php\/wp-json\/wp\/v2\/product_tag?post=22574"}],"curies":[{"name":"wp","href":"https:\/\/api.w.org\/{rel}","templated":true}]}}