{"id":23107,"date":"2026-04-27T04:41:32","date_gmt":"2026-04-27T04:41:32","guid":{"rendered":""},"modified":"2026-04-27T04:41:32","modified_gmt":"2026-04-27T04:41:32","slug":"aqualine-deneb-skrinka-vysoka-31x150x35cm-l-p-bila-mat-dn180-novinka-23107","status":"publish","type":"product","link":"https:\/\/www.oknobuild.com\/index.php\/produkt\/aqualine-deneb-skrinka-vysoka-31x150x35cm-l-p-bila-mat-dn180-novinka-23107\/","title":{"rendered":"Aqualine DENEB sk\u0159\u00ed\u0148ka vysok\u00e1 31x150x35cm L\/P, b\u00edl\u00e1 mat DN180 Novinka"},"content":{"rendered":"<div class=\"basic-description\">\n<h3>Detailn\u00ed popis produktu<\/h3>\n<li>Standardn\u011b dod\u00e1v\u00e1no s \u00fachytkou AKIRA 10198<\/li>\n<p><\/p>\n<p style=\"text-align: justify;\">Kolekce DENEB p\u0159edstavuje umyvadlov\u00e9 z\u00e1suvkov\u00e9 sk\u0159\u00ed\u0148ky a dopl\u0148kovou vysokou sk\u0159\u00ed\u0148ku v elegantn\u00edm proveden\u00ed se zaoblen\u00fdmi hranami v matn\u011b b\u00edl\u00e9. Chromov\u00e9 zaoblen\u00e9 \u00fachytky vkusn\u011b podtrhuj\u00ed a osv\u011b\u017euj\u00ed celkov\u00fd dojem. Ke sk\u0159\u00ed\u0148k\u00e1m jsou ur\u010dena keramick\u00e1 umyvadla ZEN a umyvadla z lit\u00e9ho mramoru SEN, kter\u00e1 jsou navr\u017eena ve stejn\u00e9m stylu. <br \/>Nepostradateln\u00fdm dopl\u0148kem jsou i DENEB galerky ve stejn\u00e9m proveden\u00ed se zaoblen\u00fdmi hranami v matn\u011b b\u00edl\u00e9.<\/p>\n<p style=\"text-align: justify;\">Umyvadlov\u00e9 sk\u0159\u00ed\u0148ky jsou vybaveny zpomalovac\u00edmi v\u00fdsuvy s&nbsp;dotahem od firmy Hettich.<\/p>\n<p style=\"text-align: justify;\">N\u00e1bytek je dod\u00e1v\u00e1n ve smontovan\u00e9m stavu, p\u0159ipraven k&nbsp;okam\u017eit\u00e9 instalaci. N\u00e1bytek instalujte na rovnou st\u011bnu.&nbsp;Nevystavujte n\u00e1bytek trval\u00e9 vlhkosti a&nbsp;styku s&nbsp;vodou. Koupelnu v\u017edy \u0159\u00e1dn\u011b odv\u011btrejte. P\u0159i zkroucen\u00ed korpusu sk\u0159\u00ed\u0148ky m\u016f\u017ee doj\u00edt k&nbsp;poru\u0161e funkce dov\u00edrac\u00edch mechanism\u016f. Proti p\u0159\u00edpadn\u00e9mu zat\u00e9k\u00e1n\u00ed vody do umyvadlov\u00e9 sk\u0159\u00ed\u0148ky pou\u017eijte silikonov\u00fd tmel.<\/p>\n<h2 class=\"props-title\">Vlastnosti<\/h2>\n<table>\n<tr>\n<th>Zna\u010dka<\/th>\n<td>AQUALINE<\/td>\n<\/tr>\n<tr>\n<th>S\u00e9rie<\/th>\n<td>DENEB<\/td>\n<\/tr>\n<tr>\n<th>3D model<\/th>\n<td>ANO<\/td>\n<\/tr>\n<tr>\n<th>Rozm\u011br<\/th>\n<td>35x150x31 cm<\/td>\n<\/tr>\n<tr>\n<th>\u0160\u00ed\u0159ka<\/th>\n<td>350&nbsp;mm<\/td>\n<\/tr>\n<tr>\n<th>V\u00fd\u0161ka<\/th>\n<td>1500&nbsp;mm<\/td>\n<\/tr>\n<tr>\n<th>Hloubka<\/th>\n<td>350&nbsp;mm<\/td>\n<\/tr>\n<tr>\n<th>Barva<\/th>\n<td>B\u00edl\u00e1 mat<\/td>\n<\/tr>\n<tr>\n<th>Materi\u00e1l<\/th>\n<td>MDF\/lamino<\/td>\n<\/tr>\n<tr>\n<th>Instalace<\/th>\n<td>Z\u00e1v\u011bsn\u00e9 na st\u011bnu<\/td>\n<\/tr>\n<tr>\n<th>Typ sk\u0159\u00ed\u0148ky<\/th>\n<td>Dv\u00ed\u0159ka<\/td>\n<\/tr>\n<tr>\n<th>Sm\u011br otev\u00edr\u00e1n\u00ed<\/th>\n<td>Univerz\u00e1ln\u00ed<\/td>\n<\/tr>\n<tr>\n<th>V\u00fdbava<\/th>\n<td>Zpomalovac\u00ed panty<\/td>\n<\/tr>\n<tr>\n<th>Balen\u00ed obsahuje<\/th>\n<td>\u00dachytka<\/td>\n<\/tr>\n<tr>\n<th>Hmotnost \/ ks<\/th>\n<td>31.0000&nbsp;kg<\/td>\n<\/tr>\n<tr>\n<th>Balen\u00ed<\/th>\n<td>1&nbsp;ks<\/td>\n<\/tr>\n<tr>\n<th>EAN<\/th>\n<td>8590913970542<\/td>\n<\/tr>\n<tr>\n<th>Taric<\/th>\n<td>94036090<\/td>\n<\/tr>\n<tr>\n<th>Z\u00e1ruka<\/th>\n<td>2 roky<\/td>\n<\/tr>\n<\/table>\n<div class=\"product-explanation-item\">\n<h3>Sm\u011br otev\u00edr\u00e1n\u00ed &#8211; univerz\u00e1ln\u00ed<\/h3>\n<p style=\"text-align: justify;\">Instalace je mo\u017en\u00e1 s lev\u00fdm nebo prav\u00fdm otev\u00edr\u00e1n\u00edm dve\u0159\u00ed.<\/p>\n<\/div>\n<div class=\"product-explanation-item\">\n<h3>Zpomalovac\u00ed panty<\/h3>\n<p>N\u00e1bytek je vybaven mechanismem zpomalovac\u00edch pant\u016f u dv\u00ed\u0159ek. Dv\u00ed\u0159ka sta\u010d\u00ed jen lehce postr\u010dit a ona se ji\u017e sama dov\u0159ou.<\/p>\n<\/div><\/div>\n","protected":false},"excerpt":{"rendered":"<p>Detailn\u00ed popis produktu Standardn\u011b dod\u00e1v\u00e1no s \u00fachytkou AKIRA 10198 Kolekce DENEB p\u0159edstavuje umyvadlov\u00e9 z\u00e1suvkov\u00e9 sk\u0159\u00ed\u0148ky a dopl\u0148kovou vysokou sk\u0159\u00ed\u0148ku v elegantn\u00edm proveden\u00ed se zaoblen\u00fdmi hranami v matn\u011b b\u00edl\u00e9. Chromov\u00e9 zaoblen\u00e9 \u00fachytky vkusn\u011b podtrhuj\u00ed a osv\u011b\u017euj\u00ed celkov\u00fd dojem. Ke sk\u0159\u00ed\u0148k\u00e1m jsou ur\u010dena keramick\u00e1 umyvadla ZEN a umyvadla z lit\u00e9ho mramoru SEN, kter\u00e1 jsou navr\u017eena ve stejn\u00e9m [&hellip;]<\/p>\n","protected":false},"featured_media":23207,"comment_status":"open","ping_status":"open","template":"","meta":[],"product_brand":[],"product_cat":[78],"product_tag":[],"class_list":{"0":"post-23107","1":"product","2":"type-product","3":"status-publish","4":"has-post-thumbnail","6":"product_cat-koupelnovy-nabytek","8":"first","9":"instock","10":"sale","11":"shipping-taxable","12":"purchasable","13":"product-type-simple"},"yoast_head":"<!-- This site is optimized with the Yoast SEO plugin v26.8 - https:\/\/yoast.com\/product\/yoast-seo-wordpress\/ -->\n<title>Aqualine DENEB sk\u0159\u00ed\u0148ka vysok\u00e1 31x150x35cm L\/P, b\u00edl\u00e1 mat DN180 Novinka -<\/title>\n<meta name=\"robots\" content=\"index, follow, max-snippet:-1, max-image-preview:large, max-video-preview:-1\" \/>\n<link rel=\"canonical\" href=\"https:\/\/www.oknobuild.com\/index.php\/produkt\/aqualine-deneb-skrinka-vysoka-31x150x35cm-l-p-bila-mat-dn180-novinka-23107\/\" \/>\n<meta property=\"og:locale\" content=\"cs_CZ\" \/>\n<meta property=\"og:type\" content=\"article\" \/>\n<meta property=\"og:title\" content=\"Aqualine DENEB sk\u0159\u00ed\u0148ka vysok\u00e1 31x150x35cm L\/P, b\u00edl\u00e1 mat DN180 Novinka -\" \/>\n<meta property=\"og:description\" content=\"Detailn\u00ed popis produktu Standardn\u011b dod\u00e1v\u00e1no s \u00fachytkou AKIRA 10198 Kolekce DENEB p\u0159edstavuje umyvadlov\u00e9 z\u00e1suvkov\u00e9 sk\u0159\u00ed\u0148ky a dopl\u0148kovou vysokou sk\u0159\u00ed\u0148ku v elegantn\u00edm proveden\u00ed se zaoblen\u00fdmi hranami v matn\u011b b\u00edl\u00e9. Chromov\u00e9 zaoblen\u00e9 \u00fachytky vkusn\u011b podtrhuj\u00ed a osv\u011b\u017euj\u00ed celkov\u00fd dojem. Ke sk\u0159\u00ed\u0148k\u00e1m jsou ur\u010dena keramick\u00e1 umyvadla ZEN a umyvadla z lit\u00e9ho mramoru SEN, kter\u00e1 jsou navr\u017eena ve stejn\u00e9m [&hellip;]\" \/>\n<meta property=\"og:url\" content=\"https:\/\/www.oknobuild.com\/index.php\/produkt\/aqualine-deneb-skrinka-vysoka-31x150x35cm-l-p-bila-mat-dn180-novinka-23107\/\" \/>\n<meta property=\"og:image\" content=\"https:\/\/www.oknobuild.com\/wp-content\/uploads\/2026\/SK0015214-CZ20260425-093631-0-1777080994-292494_dn180-227929619433509.webp\" \/>\n\t<meta property=\"og:image:width\" content=\"1000\" \/>\n\t<meta property=\"og:image:height\" content=\"750\" \/>\n\t<meta property=\"og:image:type\" content=\"image\/webp\" \/>\n<meta name=\"twitter:card\" content=\"summary_large_image\" \/>\n<meta name=\"twitter:label1\" content=\"Odhadovan\u00e1 doba \u010dten\u00ed\" \/>\n\t<meta name=\"twitter:data1\" content=\"1 minuta\" \/>\n<script type=\"application\/ld+json\" class=\"yoast-schema-graph\">{\"@context\":\"https:\/\/schema.org\",\"@graph\":[{\"@type\":\"WebPage\",\"@id\":\"https:\/\/www.oknobuild.com\/index.php\/produkt\/aqualine-deneb-skrinka-vysoka-31x150x35cm-l-p-bila-mat-dn180-novinka-23107\/\",\"url\":\"https:\/\/www.oknobuild.com\/index.php\/produkt\/aqualine-deneb-skrinka-vysoka-31x150x35cm-l-p-bila-mat-dn180-novinka-23107\/\",\"name\":\"Aqualine DENEB sk\u0159\u00ed\u0148ka vysok\u00e1 31x150x35cm L\/P, b\u00edl\u00e1 mat DN180 Novinka -\",\"isPartOf\":{\"@id\":\"https:\/\/www.oknobuild.com\/#website\"},\"primaryImageOfPage\":{\"@id\":\"https:\/\/www.oknobuild.com\/index.php\/produkt\/aqualine-deneb-skrinka-vysoka-31x150x35cm-l-p-bila-mat-dn180-novinka-23107\/#primaryimage\"},\"image\":{\"@id\":\"https:\/\/www.oknobuild.com\/index.php\/produkt\/aqualine-deneb-skrinka-vysoka-31x150x35cm-l-p-bila-mat-dn180-novinka-23107\/#primaryimage\"},\"thumbnailUrl\":\"https:\/\/www.oknobuild.com\/wp-content\/uploads\/2026\/SK0015214-CZ20260425-093631-0-1777080994-292494_dn180-227929619433509.webp\",\"datePublished\":\"2026-04-27T04:41:32+00:00\",\"breadcrumb\":{\"@id\":\"https:\/\/www.oknobuild.com\/index.php\/produkt\/aqualine-deneb-skrinka-vysoka-31x150x35cm-l-p-bila-mat-dn180-novinka-23107\/#breadcrumb\"},\"inLanguage\":\"cs\",\"potentialAction\":[{\"@type\":\"ReadAction\",\"target\":[\"https:\/\/www.oknobuild.com\/index.php\/produkt\/aqualine-deneb-skrinka-vysoka-31x150x35cm-l-p-bila-mat-dn180-novinka-23107\/\"]}]},{\"@type\":\"ImageObject\",\"inLanguage\":\"cs\",\"@id\":\"https:\/\/www.oknobuild.com\/index.php\/produkt\/aqualine-deneb-skrinka-vysoka-31x150x35cm-l-p-bila-mat-dn180-novinka-23107\/#primaryimage\",\"url\":\"https:\/\/www.oknobuild.com\/wp-content\/uploads\/2026\/SK0015214-CZ20260425-093631-0-1777080994-292494_dn180-227929619433509.webp\",\"contentUrl\":\"https:\/\/www.oknobuild.com\/wp-content\/uploads\/2026\/SK0015214-CZ20260425-093631-0-1777080994-292494_dn180-227929619433509.webp\",\"width\":1000,\"height\":750},{\"@type\":\"BreadcrumbList\",\"@id\":\"https:\/\/www.oknobuild.com\/index.php\/produkt\/aqualine-deneb-skrinka-vysoka-31x150x35cm-l-p-bila-mat-dn180-novinka-23107\/#breadcrumb\",\"itemListElement\":[{\"@type\":\"ListItem\",\"position\":1,\"name\":\"Home\",\"item\":\"https:\/\/www.oknobuild.com\/\"},{\"@type\":\"ListItem\",\"position\":2,\"name\":\"Products\",\"item\":\"https:\/\/www.oknobuild.com\/index.php\/products\/\"},{\"@type\":\"ListItem\",\"position\":3,\"name\":\"Aqualine DENEB sk\u0159\u00ed\u0148ka vysok\u00e1 31x150x35cm L\/P, b\u00edl\u00e1 mat DN180 Novinka\"}]},{\"@type\":\"WebSite\",\"@id\":\"https:\/\/www.oknobuild.com\/#website\",\"url\":\"https:\/\/www.oknobuild.com\/\",\"name\":\"\",\"description\":\"\",\"potentialAction\":[{\"@type\":\"SearchAction\",\"target\":{\"@type\":\"EntryPoint\",\"urlTemplate\":\"https:\/\/www.oknobuild.com\/?s={search_term_string}\"},\"query-input\":{\"@type\":\"PropertyValueSpecification\",\"valueRequired\":true,\"valueName\":\"search_term_string\"}}],\"inLanguage\":\"cs\"}]}<\/script>\n<!-- \/ Yoast SEO plugin. -->","yoast_head_json":{"title":"Aqualine DENEB sk\u0159\u00ed\u0148ka vysok\u00e1 31x150x35cm L\/P, b\u00edl\u00e1 mat DN180 Novinka -","robots":{"index":"index","follow":"follow","max-snippet":"max-snippet:-1","max-image-preview":"max-image-preview:large","max-video-preview":"max-video-preview:-1"},"canonical":"https:\/\/www.oknobuild.com\/index.php\/produkt\/aqualine-deneb-skrinka-vysoka-31x150x35cm-l-p-bila-mat-dn180-novinka-23107\/","og_locale":"cs_CZ","og_type":"article","og_title":"Aqualine DENEB sk\u0159\u00ed\u0148ka vysok\u00e1 31x150x35cm L\/P, b\u00edl\u00e1 mat DN180 Novinka -","og_description":"Detailn\u00ed popis produktu Standardn\u011b dod\u00e1v\u00e1no s \u00fachytkou AKIRA 10198 Kolekce DENEB p\u0159edstavuje umyvadlov\u00e9 z\u00e1suvkov\u00e9 sk\u0159\u00ed\u0148ky a dopl\u0148kovou vysokou sk\u0159\u00ed\u0148ku v elegantn\u00edm proveden\u00ed se zaoblen\u00fdmi hranami v matn\u011b b\u00edl\u00e9. Chromov\u00e9 zaoblen\u00e9 \u00fachytky vkusn\u011b podtrhuj\u00ed a osv\u011b\u017euj\u00ed celkov\u00fd dojem. Ke sk\u0159\u00ed\u0148k\u00e1m jsou ur\u010dena keramick\u00e1 umyvadla ZEN a umyvadla z lit\u00e9ho mramoru SEN, kter\u00e1 jsou navr\u017eena ve stejn\u00e9m [&hellip;]","og_url":"https:\/\/www.oknobuild.com\/index.php\/produkt\/aqualine-deneb-skrinka-vysoka-31x150x35cm-l-p-bila-mat-dn180-novinka-23107\/","og_image":[{"width":1000,"height":750,"url":"https:\/\/www.oknobuild.com\/wp-content\/uploads\/2026\/SK0015214-CZ20260425-093631-0-1777080994-292494_dn180-227929619433509.webp","type":"image\/webp"}],"twitter_card":"summary_large_image","twitter_misc":{"Odhadovan\u00e1 doba \u010dten\u00ed":"1 minuta"},"schema":{"@context":"https:\/\/schema.org","@graph":[{"@type":"WebPage","@id":"https:\/\/www.oknobuild.com\/index.php\/produkt\/aqualine-deneb-skrinka-vysoka-31x150x35cm-l-p-bila-mat-dn180-novinka-23107\/","url":"https:\/\/www.oknobuild.com\/index.php\/produkt\/aqualine-deneb-skrinka-vysoka-31x150x35cm-l-p-bila-mat-dn180-novinka-23107\/","name":"Aqualine DENEB sk\u0159\u00ed\u0148ka vysok\u00e1 31x150x35cm L\/P, b\u00edl\u00e1 mat DN180 Novinka -","isPartOf":{"@id":"https:\/\/www.oknobuild.com\/#website"},"primaryImageOfPage":{"@id":"https:\/\/www.oknobuild.com\/index.php\/produkt\/aqualine-deneb-skrinka-vysoka-31x150x35cm-l-p-bila-mat-dn180-novinka-23107\/#primaryimage"},"image":{"@id":"https:\/\/www.oknobuild.com\/index.php\/produkt\/aqualine-deneb-skrinka-vysoka-31x150x35cm-l-p-bila-mat-dn180-novinka-23107\/#primaryimage"},"thumbnailUrl":"https:\/\/www.oknobuild.com\/wp-content\/uploads\/2026\/SK0015214-CZ20260425-093631-0-1777080994-292494_dn180-227929619433509.webp","datePublished":"2026-04-27T04:41:32+00:00","breadcrumb":{"@id":"https:\/\/www.oknobuild.com\/index.php\/produkt\/aqualine-deneb-skrinka-vysoka-31x150x35cm-l-p-bila-mat-dn180-novinka-23107\/#breadcrumb"},"inLanguage":"cs","potentialAction":[{"@type":"ReadAction","target":["https:\/\/www.oknobuild.com\/index.php\/produkt\/aqualine-deneb-skrinka-vysoka-31x150x35cm-l-p-bila-mat-dn180-novinka-23107\/"]}]},{"@type":"ImageObject","inLanguage":"cs","@id":"https:\/\/www.oknobuild.com\/index.php\/produkt\/aqualine-deneb-skrinka-vysoka-31x150x35cm-l-p-bila-mat-dn180-novinka-23107\/#primaryimage","url":"https:\/\/www.oknobuild.com\/wp-content\/uploads\/2026\/SK0015214-CZ20260425-093631-0-1777080994-292494_dn180-227929619433509.webp","contentUrl":"https:\/\/www.oknobuild.com\/wp-content\/uploads\/2026\/SK0015214-CZ20260425-093631-0-1777080994-292494_dn180-227929619433509.webp","width":1000,"height":750},{"@type":"BreadcrumbList","@id":"https:\/\/www.oknobuild.com\/index.php\/produkt\/aqualine-deneb-skrinka-vysoka-31x150x35cm-l-p-bila-mat-dn180-novinka-23107\/#breadcrumb","itemListElement":[{"@type":"ListItem","position":1,"name":"Home","item":"https:\/\/www.oknobuild.com\/"},{"@type":"ListItem","position":2,"name":"Products","item":"https:\/\/www.oknobuild.com\/index.php\/products\/"},{"@type":"ListItem","position":3,"name":"Aqualine DENEB sk\u0159\u00ed\u0148ka vysok\u00e1 31x150x35cm L\/P, b\u00edl\u00e1 mat DN180 Novinka"}]},{"@type":"WebSite","@id":"https:\/\/www.oknobuild.com\/#website","url":"https:\/\/www.oknobuild.com\/","name":"","description":"","potentialAction":[{"@type":"SearchAction","target":{"@type":"EntryPoint","urlTemplate":"https:\/\/www.oknobuild.com\/?s={search_term_string}"},"query-input":{"@type":"PropertyValueSpecification","valueRequired":true,"valueName":"search_term_string"}}],"inLanguage":"cs"}]}},"_links":{"self":[{"href":"https:\/\/www.oknobuild.com\/index.php\/wp-json\/wp\/v2\/product\/23107","targetHints":{"allow":["GET"]}}],"collection":[{"href":"https:\/\/www.oknobuild.com\/index.php\/wp-json\/wp\/v2\/product"}],"about":[{"href":"https:\/\/www.oknobuild.com\/index.php\/wp-json\/wp\/v2\/types\/product"}],"replies":[{"embeddable":true,"href":"https:\/\/www.oknobuild.com\/index.php\/wp-json\/wp\/v2\/comments?post=23107"}],"wp:featuredmedia":[{"embeddable":true,"href":"https:\/\/www.oknobuild.com\/index.php\/wp-json\/wp\/v2\/media\/23207"}],"wp:attachment":[{"href":"https:\/\/www.oknobuild.com\/index.php\/wp-json\/wp\/v2\/media?parent=23107"}],"wp:term":[{"taxonomy":"product_brand","embeddable":true,"href":"https:\/\/www.oknobuild.com\/index.php\/wp-json\/wp\/v2\/product_brand?post=23107"},{"taxonomy":"product_cat","embeddable":true,"href":"https:\/\/www.oknobuild.com\/index.php\/wp-json\/wp\/v2\/product_cat?post=23107"},{"taxonomy":"product_tag","embeddable":true,"href":"https:\/\/www.oknobuild.com\/index.php\/wp-json\/wp\/v2\/product_tag?post=23107"}],"curies":[{"name":"wp","href":"https:\/\/api.w.org\/{rel}","templated":true}]}}