{"id":23121,"date":"2026-04-27T04:41:32","date_gmt":"2026-04-27T04:41:32","guid":{"rendered":""},"modified":"2026-04-27T04:41:32","modified_gmt":"2026-04-27T04:41:32","slug":"aqualine-altair-deska-pod-umyvadlo-62-5x-45-2-cm-dub-emporio-ai865-nejprodavanejsi-23121","status":"publish","type":"product","link":"https:\/\/www.oknobuild.com\/index.php\/produkt\/aqualine-altair-deska-pod-umyvadlo-62-5x-45-2-cm-dub-emporio-ai865-nejprodavanejsi-23121\/","title":{"rendered":"Aqualine ALTAIR deska pod umyvadlo 62,5x,45,2 cm, dub emporio AI865 Nejprod\u00e1van\u011bj\u0161\u00ed"},"content":{"rendered":"<div class=\"basic-description\">\n<h3>Detailn\u00ed popis produktu<\/h3>\n<p>Ur\u010dena k instalaci na umyvadlovou sk\u0159\u00ed\u0148ku ALTAIR. Pohledov\u00e9 strany jsou olepeny HPL lamin\u00e1tem v dekoru dub Emporio, kter\u00fd je odoln\u00fd vod\u011b a od\u011bru.<\/p>\n<p><\/p>\n<p style=\"text-align: justify;\">Kolekce ALTAIR p\u0159edstavuje modern\u00ed koupelnov\u00fd n\u00e1bytek s bez\u00fachytkov\u00fdm otev\u00edr\u00e1n\u00edm a zkosen\u00fdmi horn\u00edmi hranami z\u00e1suvek a dve\u0159\u00ed pro pohodln\u00e9 otev\u00edr\u00e1n\u00ed. Sk\u0159\u00ed\u0148ky nab\u00edz\u00edme v b\u00edl\u00e9m leskl\u00e9m proveden\u00ed, \u010dern\u00e9m matn\u00e9m a dokonal\u00e9 imitaci dubu \u2013 lamino dub Emporio. V nab\u00eddce jsou nej\u017e\u00e1dan\u011bj\u0161\u00ed rozm\u011bry umyvadlov\u00fdch sk\u0159\u00edn\u011bk, kter\u00e9 dopl\u0148uj\u00ed dva modely vysok\u00fdch dopl\u0148kov\u00fdch sk\u0159\u00edn\u011bk &#8211; na v\u00fdb\u011br s policemi nebo s pr\u00e1deln\u00edm ko\u0161em.<\/p>\n<p style=\"text-align: justify;\">Umyvadlov\u00e9 sk\u0159\u00ed\u0148ky jsou vybaveny zpomalovac\u00edmi v\u00fdsuvy s dotahem od firmy Hettich.<\/p>\n<p style=\"text-align: justify;\"><span>N\u00e1bytek je dod\u00e1v\u00e1n ve smontovan\u00e9m stavu, p\u0159ipraven k&nbsp;okam\u017eit\u00e9 instalaci. N\u00e1bytek instalujte na rovnou st\u011bnu.&nbsp;<\/span>Nevystavujte n\u00e1bytek trval\u00e9 vlhkosti a styku s vodou. Koupelnu v\u017edy \u0159\u00e1dn\u011b odv\u011btrejte. P\u0159i zkroucen\u00ed korpusu sk\u0159\u00ed\u0148ky m\u016f\u017ee doj\u00edt k poru\u0161e funkce dov\u00edrac\u00edch mechanism\u016f. Proti p\u0159\u00edpadn\u00e9mu zat\u00e9k\u00e1n\u00ed vody do umyvadlov\u00e9 sk\u0159\u00ed\u0148ky pou\u017eijte silikonov\u00fd tmel.<\/p>\n<h2 class=\"props-title\">Vlastnosti<\/h2>\n<table>\n<tr>\n<th>Zna\u010dka<\/th>\n<td>AQUALINE<\/td>\n<\/tr>\n<tr>\n<th>S\u00e9rie<\/th>\n<td>ALTAIR<\/td>\n<\/tr>\n<tr>\n<th>3D model<\/th>\n<td>ANO<\/td>\n<\/tr>\n<tr>\n<th>Rozm\u011br<\/th>\n<td>62,5&#215;1,8&#215;45,2 cm<\/td>\n<\/tr>\n<tr>\n<th>\u0160\u00ed\u0159ka<\/th>\n<td>625&nbsp;mm<\/td>\n<\/tr>\n<tr>\n<th>V\u00fd\u0161ka<\/th>\n<td>18&nbsp;mm<\/td>\n<\/tr>\n<tr>\n<th>Hloubka<\/th>\n<td>452&nbsp;mm<\/td>\n<\/tr>\n<tr>\n<th>Barva<\/th>\n<td>Hn\u011bd\u00e1<\/td>\n<\/tr>\n<tr>\n<th>Dekor<\/th>\n<td>Dub emporio<\/td>\n<\/tr>\n<tr>\n<th>Materi\u00e1l<\/th>\n<td>DTD\/HPL lamin\u00e1t<\/td>\n<\/tr>\n<tr>\n<th>Typ sk\u0159\u00ed\u0148ky<\/th>\n<td>Deska<\/td>\n<\/tr>\n<tr>\n<th>Typ umyvadla<\/th>\n<td>Umyvadlo na desku<\/td>\n<\/tr>\n<tr>\n<th>Hmotnost \/ ks<\/th>\n<td>9.0000&nbsp;kg<\/td>\n<\/tr>\n<tr>\n<th>EAN<\/th>\n<td>8590913960017<\/td>\n<\/tr>\n<tr>\n<th>Taric<\/th>\n<td>94036090<\/td>\n<\/tr>\n<tr>\n<th>Z\u00e1ruka<\/th>\n<td>2 roky<\/td>\n<\/tr>\n<\/table>\n<p>   Upozorn\u011bn\u00ed pro z\u00e1kazn\u00edky ke koupi produkt\u016f na objedn\u00e1n\u00ed: Toto zbo\u017e\u00ed nen\u00ed standardn\u00edm s\u00e9riov\u00fdm v\u00fdrobkem. Bude vyrobeno na p\u0159\u00e1n\u00ed z\u00e1kazn\u00edka a proto jej nelze dodavateli v z\u00e1konn\u00e9 lh\u016ft\u011b vr\u00e1tit. (viz \u00a71837 odst.d, ob\u010dansk\u00e9ho z\u00e1kon\u00edku). V tomto p\u0159\u00edpad\u011b m\u016f\u017eeme po\u017eadovat nevratnou z\u00e1lohu a\u017e do v\u00fd\u0161e 100 % z ceny v\u00fdrobku.                            <\/p><\/div>\n","protected":false},"excerpt":{"rendered":"<p>Detailn\u00ed popis produktu Ur\u010dena k instalaci na umyvadlovou sk\u0159\u00ed\u0148ku ALTAIR. Pohledov\u00e9 strany jsou olepeny HPL lamin\u00e1tem v dekoru dub Emporio, kter\u00fd je odoln\u00fd vod\u011b a od\u011bru. Kolekce ALTAIR p\u0159edstavuje modern\u00ed koupelnov\u00fd n\u00e1bytek s bez\u00fachytkov\u00fdm otev\u00edr\u00e1n\u00edm a zkosen\u00fdmi horn\u00edmi hranami z\u00e1suvek a dve\u0159\u00ed pro pohodln\u00e9 otev\u00edr\u00e1n\u00ed. Sk\u0159\u00ed\u0148ky nab\u00edz\u00edme v b\u00edl\u00e9m leskl\u00e9m proveden\u00ed, \u010dern\u00e9m matn\u00e9m a dokonal\u00e9 [&hellip;]<\/p>\n","protected":false},"featured_media":23221,"comment_status":"open","ping_status":"open","template":"","meta":[],"product_brand":[],"product_cat":[78],"product_tag":[],"class_list":{"0":"post-23121","1":"product","2":"type-product","3":"status-publish","4":"has-post-thumbnail","6":"product_cat-koupelnovy-nabytek","8":"first","9":"instock","10":"sale","11":"shipping-taxable","12":"purchasable","13":"product-type-simple"},"yoast_head":"<!-- This site is optimized with the Yoast SEO plugin v26.8 - https:\/\/yoast.com\/product\/yoast-seo-wordpress\/ -->\n<title>Aqualine ALTAIR deska pod umyvadlo 62,5x,45,2 cm, dub emporio AI865 Nejprod\u00e1van\u011bj\u0161\u00ed -<\/title>\n<meta name=\"robots\" content=\"index, follow, max-snippet:-1, max-image-preview:large, max-video-preview:-1\" \/>\n<link rel=\"canonical\" href=\"https:\/\/www.oknobuild.com\/index.php\/produkt\/aqualine-altair-deska-pod-umyvadlo-62-5x-45-2-cm-dub-emporio-ai865-nejprodavanejsi-23121\/\" \/>\n<meta property=\"og:locale\" content=\"cs_CZ\" \/>\n<meta property=\"og:type\" content=\"article\" \/>\n<meta property=\"og:title\" content=\"Aqualine ALTAIR deska pod umyvadlo 62,5x,45,2 cm, dub emporio AI865 Nejprod\u00e1van\u011bj\u0161\u00ed -\" \/>\n<meta property=\"og:description\" content=\"Detailn\u00ed popis produktu Ur\u010dena k instalaci na umyvadlovou sk\u0159\u00ed\u0148ku ALTAIR. Pohledov\u00e9 strany jsou olepeny HPL lamin\u00e1tem v dekoru dub Emporio, kter\u00fd je odoln\u00fd vod\u011b a od\u011bru. Kolekce ALTAIR p\u0159edstavuje modern\u00ed koupelnov\u00fd n\u00e1bytek s bez\u00fachytkov\u00fdm otev\u00edr\u00e1n\u00edm a zkosen\u00fdmi horn\u00edmi hranami z\u00e1suvek a dve\u0159\u00ed pro pohodln\u00e9 otev\u00edr\u00e1n\u00ed. Sk\u0159\u00ed\u0148ky nab\u00edz\u00edme v b\u00edl\u00e9m leskl\u00e9m proveden\u00ed, \u010dern\u00e9m matn\u00e9m a dokonal\u00e9 [&hellip;]\" \/>\n<meta property=\"og:url\" content=\"https:\/\/www.oknobuild.com\/index.php\/produkt\/aqualine-altair-deska-pod-umyvadlo-62-5x-45-2-cm-dub-emporio-ai865-nejprodavanejsi-23121\/\" \/>\n<meta property=\"og:image\" content=\"https:\/\/www.oknobuild.com\/wp-content\/uploads\/2026\/SK0015260-CZ20260425-093631-0-1777080994-292661_ai865-222603859984727.webp\" \/>\n\t<meta property=\"og:image:width\" content=\"1000\" \/>\n\t<meta property=\"og:image:height\" content=\"750\" \/>\n\t<meta property=\"og:image:type\" content=\"image\/webp\" \/>\n<meta name=\"twitter:card\" content=\"summary_large_image\" \/>\n<meta name=\"twitter:label1\" content=\"Odhadovan\u00e1 doba \u010dten\u00ed\" \/>\n\t<meta name=\"twitter:data1\" content=\"2 minuty\" \/>\n<script type=\"application\/ld+json\" class=\"yoast-schema-graph\">{\"@context\":\"https:\/\/schema.org\",\"@graph\":[{\"@type\":\"WebPage\",\"@id\":\"https:\/\/www.oknobuild.com\/index.php\/produkt\/aqualine-altair-deska-pod-umyvadlo-62-5x-45-2-cm-dub-emporio-ai865-nejprodavanejsi-23121\/\",\"url\":\"https:\/\/www.oknobuild.com\/index.php\/produkt\/aqualine-altair-deska-pod-umyvadlo-62-5x-45-2-cm-dub-emporio-ai865-nejprodavanejsi-23121\/\",\"name\":\"Aqualine ALTAIR deska pod umyvadlo 62,5x,45,2 cm, dub emporio AI865 Nejprod\u00e1van\u011bj\u0161\u00ed -\",\"isPartOf\":{\"@id\":\"https:\/\/www.oknobuild.com\/#website\"},\"primaryImageOfPage\":{\"@id\":\"https:\/\/www.oknobuild.com\/index.php\/produkt\/aqualine-altair-deska-pod-umyvadlo-62-5x-45-2-cm-dub-emporio-ai865-nejprodavanejsi-23121\/#primaryimage\"},\"image\":{\"@id\":\"https:\/\/www.oknobuild.com\/index.php\/produkt\/aqualine-altair-deska-pod-umyvadlo-62-5x-45-2-cm-dub-emporio-ai865-nejprodavanejsi-23121\/#primaryimage\"},\"thumbnailUrl\":\"https:\/\/www.oknobuild.com\/wp-content\/uploads\/2026\/SK0015260-CZ20260425-093631-0-1777080994-292661_ai865-222603859984727.webp\",\"datePublished\":\"2026-04-27T04:41:32+00:00\",\"breadcrumb\":{\"@id\":\"https:\/\/www.oknobuild.com\/index.php\/produkt\/aqualine-altair-deska-pod-umyvadlo-62-5x-45-2-cm-dub-emporio-ai865-nejprodavanejsi-23121\/#breadcrumb\"},\"inLanguage\":\"cs\",\"potentialAction\":[{\"@type\":\"ReadAction\",\"target\":[\"https:\/\/www.oknobuild.com\/index.php\/produkt\/aqualine-altair-deska-pod-umyvadlo-62-5x-45-2-cm-dub-emporio-ai865-nejprodavanejsi-23121\/\"]}]},{\"@type\":\"ImageObject\",\"inLanguage\":\"cs\",\"@id\":\"https:\/\/www.oknobuild.com\/index.php\/produkt\/aqualine-altair-deska-pod-umyvadlo-62-5x-45-2-cm-dub-emporio-ai865-nejprodavanejsi-23121\/#primaryimage\",\"url\":\"https:\/\/www.oknobuild.com\/wp-content\/uploads\/2026\/SK0015260-CZ20260425-093631-0-1777080994-292661_ai865-222603859984727.webp\",\"contentUrl\":\"https:\/\/www.oknobuild.com\/wp-content\/uploads\/2026\/SK0015260-CZ20260425-093631-0-1777080994-292661_ai865-222603859984727.webp\",\"width\":1000,\"height\":750},{\"@type\":\"BreadcrumbList\",\"@id\":\"https:\/\/www.oknobuild.com\/index.php\/produkt\/aqualine-altair-deska-pod-umyvadlo-62-5x-45-2-cm-dub-emporio-ai865-nejprodavanejsi-23121\/#breadcrumb\",\"itemListElement\":[{\"@type\":\"ListItem\",\"position\":1,\"name\":\"Home\",\"item\":\"https:\/\/www.oknobuild.com\/\"},{\"@type\":\"ListItem\",\"position\":2,\"name\":\"Products\",\"item\":\"https:\/\/www.oknobuild.com\/index.php\/products\/\"},{\"@type\":\"ListItem\",\"position\":3,\"name\":\"Aqualine ALTAIR deska pod umyvadlo 62,5x,45,2 cm, dub emporio AI865 Nejprod\u00e1van\u011bj\u0161\u00ed\"}]},{\"@type\":\"WebSite\",\"@id\":\"https:\/\/www.oknobuild.com\/#website\",\"url\":\"https:\/\/www.oknobuild.com\/\",\"name\":\"\",\"description\":\"\",\"potentialAction\":[{\"@type\":\"SearchAction\",\"target\":{\"@type\":\"EntryPoint\",\"urlTemplate\":\"https:\/\/www.oknobuild.com\/?s={search_term_string}\"},\"query-input\":{\"@type\":\"PropertyValueSpecification\",\"valueRequired\":true,\"valueName\":\"search_term_string\"}}],\"inLanguage\":\"cs\"}]}<\/script>\n<!-- \/ Yoast SEO plugin. -->","yoast_head_json":{"title":"Aqualine ALTAIR deska pod umyvadlo 62,5x,45,2 cm, dub emporio AI865 Nejprod\u00e1van\u011bj\u0161\u00ed -","robots":{"index":"index","follow":"follow","max-snippet":"max-snippet:-1","max-image-preview":"max-image-preview:large","max-video-preview":"max-video-preview:-1"},"canonical":"https:\/\/www.oknobuild.com\/index.php\/produkt\/aqualine-altair-deska-pod-umyvadlo-62-5x-45-2-cm-dub-emporio-ai865-nejprodavanejsi-23121\/","og_locale":"cs_CZ","og_type":"article","og_title":"Aqualine ALTAIR deska pod umyvadlo 62,5x,45,2 cm, dub emporio AI865 Nejprod\u00e1van\u011bj\u0161\u00ed -","og_description":"Detailn\u00ed popis produktu Ur\u010dena k instalaci na umyvadlovou sk\u0159\u00ed\u0148ku ALTAIR. Pohledov\u00e9 strany jsou olepeny HPL lamin\u00e1tem v dekoru dub Emporio, kter\u00fd je odoln\u00fd vod\u011b a od\u011bru. Kolekce ALTAIR p\u0159edstavuje modern\u00ed koupelnov\u00fd n\u00e1bytek s bez\u00fachytkov\u00fdm otev\u00edr\u00e1n\u00edm a zkosen\u00fdmi horn\u00edmi hranami z\u00e1suvek a dve\u0159\u00ed pro pohodln\u00e9 otev\u00edr\u00e1n\u00ed. Sk\u0159\u00ed\u0148ky nab\u00edz\u00edme v b\u00edl\u00e9m leskl\u00e9m proveden\u00ed, \u010dern\u00e9m matn\u00e9m a dokonal\u00e9 [&hellip;]","og_url":"https:\/\/www.oknobuild.com\/index.php\/produkt\/aqualine-altair-deska-pod-umyvadlo-62-5x-45-2-cm-dub-emporio-ai865-nejprodavanejsi-23121\/","og_image":[{"width":1000,"height":750,"url":"https:\/\/www.oknobuild.com\/wp-content\/uploads\/2026\/SK0015260-CZ20260425-093631-0-1777080994-292661_ai865-222603859984727.webp","type":"image\/webp"}],"twitter_card":"summary_large_image","twitter_misc":{"Odhadovan\u00e1 doba \u010dten\u00ed":"2 minuty"},"schema":{"@context":"https:\/\/schema.org","@graph":[{"@type":"WebPage","@id":"https:\/\/www.oknobuild.com\/index.php\/produkt\/aqualine-altair-deska-pod-umyvadlo-62-5x-45-2-cm-dub-emporio-ai865-nejprodavanejsi-23121\/","url":"https:\/\/www.oknobuild.com\/index.php\/produkt\/aqualine-altair-deska-pod-umyvadlo-62-5x-45-2-cm-dub-emporio-ai865-nejprodavanejsi-23121\/","name":"Aqualine ALTAIR deska pod umyvadlo 62,5x,45,2 cm, dub emporio AI865 Nejprod\u00e1van\u011bj\u0161\u00ed -","isPartOf":{"@id":"https:\/\/www.oknobuild.com\/#website"},"primaryImageOfPage":{"@id":"https:\/\/www.oknobuild.com\/index.php\/produkt\/aqualine-altair-deska-pod-umyvadlo-62-5x-45-2-cm-dub-emporio-ai865-nejprodavanejsi-23121\/#primaryimage"},"image":{"@id":"https:\/\/www.oknobuild.com\/index.php\/produkt\/aqualine-altair-deska-pod-umyvadlo-62-5x-45-2-cm-dub-emporio-ai865-nejprodavanejsi-23121\/#primaryimage"},"thumbnailUrl":"https:\/\/www.oknobuild.com\/wp-content\/uploads\/2026\/SK0015260-CZ20260425-093631-0-1777080994-292661_ai865-222603859984727.webp","datePublished":"2026-04-27T04:41:32+00:00","breadcrumb":{"@id":"https:\/\/www.oknobuild.com\/index.php\/produkt\/aqualine-altair-deska-pod-umyvadlo-62-5x-45-2-cm-dub-emporio-ai865-nejprodavanejsi-23121\/#breadcrumb"},"inLanguage":"cs","potentialAction":[{"@type":"ReadAction","target":["https:\/\/www.oknobuild.com\/index.php\/produkt\/aqualine-altair-deska-pod-umyvadlo-62-5x-45-2-cm-dub-emporio-ai865-nejprodavanejsi-23121\/"]}]},{"@type":"ImageObject","inLanguage":"cs","@id":"https:\/\/www.oknobuild.com\/index.php\/produkt\/aqualine-altair-deska-pod-umyvadlo-62-5x-45-2-cm-dub-emporio-ai865-nejprodavanejsi-23121\/#primaryimage","url":"https:\/\/www.oknobuild.com\/wp-content\/uploads\/2026\/SK0015260-CZ20260425-093631-0-1777080994-292661_ai865-222603859984727.webp","contentUrl":"https:\/\/www.oknobuild.com\/wp-content\/uploads\/2026\/SK0015260-CZ20260425-093631-0-1777080994-292661_ai865-222603859984727.webp","width":1000,"height":750},{"@type":"BreadcrumbList","@id":"https:\/\/www.oknobuild.com\/index.php\/produkt\/aqualine-altair-deska-pod-umyvadlo-62-5x-45-2-cm-dub-emporio-ai865-nejprodavanejsi-23121\/#breadcrumb","itemListElement":[{"@type":"ListItem","position":1,"name":"Home","item":"https:\/\/www.oknobuild.com\/"},{"@type":"ListItem","position":2,"name":"Products","item":"https:\/\/www.oknobuild.com\/index.php\/products\/"},{"@type":"ListItem","position":3,"name":"Aqualine ALTAIR deska pod umyvadlo 62,5x,45,2 cm, dub emporio AI865 Nejprod\u00e1van\u011bj\u0161\u00ed"}]},{"@type":"WebSite","@id":"https:\/\/www.oknobuild.com\/#website","url":"https:\/\/www.oknobuild.com\/","name":"","description":"","potentialAction":[{"@type":"SearchAction","target":{"@type":"EntryPoint","urlTemplate":"https:\/\/www.oknobuild.com\/?s={search_term_string}"},"query-input":{"@type":"PropertyValueSpecification","valueRequired":true,"valueName":"search_term_string"}}],"inLanguage":"cs"}]}},"_links":{"self":[{"href":"https:\/\/www.oknobuild.com\/index.php\/wp-json\/wp\/v2\/product\/23121","targetHints":{"allow":["GET"]}}],"collection":[{"href":"https:\/\/www.oknobuild.com\/index.php\/wp-json\/wp\/v2\/product"}],"about":[{"href":"https:\/\/www.oknobuild.com\/index.php\/wp-json\/wp\/v2\/types\/product"}],"replies":[{"embeddable":true,"href":"https:\/\/www.oknobuild.com\/index.php\/wp-json\/wp\/v2\/comments?post=23121"}],"wp:featuredmedia":[{"embeddable":true,"href":"https:\/\/www.oknobuild.com\/index.php\/wp-json\/wp\/v2\/media\/23221"}],"wp:attachment":[{"href":"https:\/\/www.oknobuild.com\/index.php\/wp-json\/wp\/v2\/media?parent=23121"}],"wp:term":[{"taxonomy":"product_brand","embeddable":true,"href":"https:\/\/www.oknobuild.com\/index.php\/wp-json\/wp\/v2\/product_brand?post=23121"},{"taxonomy":"product_cat","embeddable":true,"href":"https:\/\/www.oknobuild.com\/index.php\/wp-json\/wp\/v2\/product_cat?post=23121"},{"taxonomy":"product_tag","embeddable":true,"href":"https:\/\/www.oknobuild.com\/index.php\/wp-json\/wp\/v2\/product_tag?post=23121"}],"curies":[{"name":"wp","href":"https:\/\/api.w.org\/{rel}","templated":true}]}}