{"id":23122,"date":"2026-04-27T04:41:32","date_gmt":"2026-04-27T04:41:32","guid":{"rendered":""},"modified":"2026-04-27T04:41:32","modified_gmt":"2026-04-27T04:41:32","slug":"cenove-vyhodny-sapho-filena-umyvadlova-skrinka-57x51-5x43cm-bila-mat-fid1260w-23122","status":"publish","type":"product","link":"https:\/\/www.oknobuild.com\/index.php\/produkt\/cenove-vyhodny-sapho-filena-umyvadlova-skrinka-57x51-5x43cm-bila-mat-fid1260w-23122\/","title":{"rendered":"Cenov\u011b V\u00fdhodn\u00fd Sapho FILENA umyvadlov\u00e1 sk\u0159\u00ed\u0148ka 57&#215;51,5x43cm, b\u00edl\u00e1 mat FID1260W"},"content":{"rendered":"<div class=\"basic-description\">\n<h3>Detailn\u00ed popis produktu<\/h3>\n<ul>\n<li>Horn\u00ed z\u00e1suvky bez v\u00fd\u0159ezu pro sifon.   <\/li>\n<li>Lze pou\u017e\u00edt pouze doporu\u010den\u00fd sifon URBINO.   <\/li>\n<li>Mo\u017enost instalace s n\u00e1bytkov\u00fdm umyvadlem nebo s Rockstone deskou a   umyvadlem na desku.<\/li>\n<\/ul>\n<p><\/p>\n<p style=\"text-align: justify;\">Dokonale decentn\u00ed s\u00e9rie koupelnov\u00e9ho n\u00e1bytku FILENA nab\u00edz\u00ed sk\u0159\u00ed\u0148ky z dubov\u00e9 d\u00fdhy v p\u0159\u00edrodn\u00edm proveden\u00ed dekoru d\u0159eva o\u0161et\u0159en\u00e9m transparentn\u00edm lakem, v b\u00edl\u00e9m matn\u00e9m lakov\u00e1n\u00ed a v \u010dern\u011b matn\u00e9m lakovan\u00e9m dr\u00e1\u017ekovan\u00e9m designu.&nbsp;Ostr\u00e9 zkosen\u00e9 hrany pod \u00fahlem 45\u00b0 \u010del z\u00e1suvek a dv\u00ed\u0159ek vytv\u00e1\u0159\u00ed tenkou linii, kter\u00e1 je pro s\u00e9rii charakteristick\u00e1.&nbsp;\u010cist\u00fd design nen\u00ed ru\u0161en \u00fachytkou, pohodln\u00e9 otev\u00edr\u00e1n\u00ed umo\u017e\u0148uje zkosen\u00e1 hrana a otvor mezi z\u00e1suvkami.<br \/>Z\u00e1suvky jsou vybaveny zna\u010dkov\u00fdmi pojezdy BLUM<sup>&reg;<\/sup> s do\u017eivotn\u00ed z\u00e1rukou, dv\u00ed\u0159ka jsou vybavena panty s tlumen\u00fdm dov\u0159en\u00edm.<\/p>\n<p style=\"text-align: justify;\">Pro umyvadlov\u00e9 sk\u0159\u00ed\u0148ky lze vyb\u00edrat mezi t\u0159emi druhy umyvadel: keramick\u00fdm umyvadlem KARE, umyvadlem z lit\u00e9ho mramoru GODIVA a betonov\u00fdm umyvadlem QUADRADO. Mimoto lze umyvadlov\u00e9 sk\u0159\u00ed\u0148ky doplnit deskou z um\u011bl\u00e9ho kamene (rockstone) a doplnit umyvadlem na desku.<\/p>\n<h2 class=\"props-title\">Vlastnosti<\/h2>\n<table>\n<tr>\n<th>Zna\u010dka<\/th>\n<td>SAPHO<\/td>\n<\/tr>\n<tr>\n<th>S\u00e9rie<\/th>\n<td>FILENA<\/td>\n<\/tr>\n<tr>\n<th>3D model<\/th>\n<td>ANO<\/td>\n<\/tr>\n<tr>\n<th>Rozm\u011br<\/th>\n<td>57&#215;51,5&#215;43 cm<\/td>\n<\/tr>\n<tr>\n<th>\u0160\u00ed\u0159ka<\/th>\n<td>570&nbsp;mm<\/td>\n<\/tr>\n<tr>\n<th>V\u00fd\u0161ka<\/th>\n<td>515&nbsp;mm<\/td>\n<\/tr>\n<tr>\n<th>Hloubka<\/th>\n<td>430&nbsp;mm<\/td>\n<\/tr>\n<tr>\n<th>Barva<\/th>\n<td>B\u00edl\u00e1 mat<\/td>\n<\/tr>\n<tr>\n<th>Materi\u00e1l<\/th>\n<td>MDF\/d\u00fdha<\/td>\n<\/tr>\n<tr>\n<th>Instalace<\/th>\n<td>Z\u00e1v\u011bsn\u00e9 na st\u011bnu<\/td>\n<\/tr>\n<tr>\n<th>Typ sk\u0159\u00ed\u0148ky<\/th>\n<td>Z\u00e1suvky<\/td>\n<\/tr>\n<tr>\n<th>Typ umyvadla<\/th>\n<td>Klasick\u00e9 umyvadlo<\/td>\n<\/tr>\n<tr>\n<th>V\u00fdbava<\/th>\n<td>Tich\u00e9 a plynul\u00e9 zav\u00edr\u00e1n\u00ed<\/td>\n<\/tr>\n<tr>\n<th>Balen\u00ed neobsahuje<\/th>\n<td>Umyvadlo<\/td>\n<\/tr>\n<tr>\n<th>Hmotnost \/ ks<\/th>\n<td>21.0000&nbsp;kg<\/td>\n<\/tr>\n<tr>\n<th>Balen\u00ed<\/th>\n<td>1&nbsp;ks<\/td>\n<\/tr>\n<tr>\n<th>EAN<\/th>\n<td>8590913955815<\/td>\n<\/tr>\n<tr>\n<th>Taric<\/th>\n<td>94036090<\/td>\n<\/tr>\n<tr>\n<th>Z\u00e1ruka<\/th>\n<td>2 roky<\/td>\n<\/tr>\n<\/table>\n<div class=\"product-explanation-item\">\n<h3>Tich\u00e9 a plynul\u00e9 zav\u00edr\u00e1n\u00ed<\/h3>\n<p style=\"text-align: justify;\">N\u00e1bytek je vybaven pojezdy z\u00e1suvek s pomal\u00fdm dojezdem a syst\u00e9mem automatick\u00e9ho dov\u0159en\u00ed z\u00e1suvek. Ji\u017e \u017e\u00e1dn\u00e9 hlu\u010dn\u00e9 dov\u00edr\u00e1n\u00ed.<\/p>\n<\/div>\n<p>   Upozorn\u011bn\u00ed pro z\u00e1kazn\u00edky ke koupi produkt\u016f na objedn\u00e1n\u00ed: Toto zbo\u017e\u00ed nen\u00ed standardn\u00edm s\u00e9riov\u00fdm v\u00fdrobkem. Bude vyrobeno na p\u0159\u00e1n\u00ed z\u00e1kazn\u00edka a proto jej nelze dodavateli v z\u00e1konn\u00e9 lh\u016ft\u011b vr\u00e1tit. (viz \u00a71837 odst.d, ob\u010dansk\u00e9ho z\u00e1kon\u00edku). V tomto p\u0159\u00edpad\u011b m\u016f\u017eeme po\u017eadovat nevratnou z\u00e1lohu a\u017e do v\u00fd\u0161e 100 % z ceny v\u00fdrobku.                            <\/p><\/div>\n","protected":false},"excerpt":{"rendered":"<p>Detailn\u00ed popis produktu Horn\u00ed z\u00e1suvky bez v\u00fd\u0159ezu pro sifon. Lze pou\u017e\u00edt pouze doporu\u010den\u00fd sifon URBINO. Mo\u017enost instalace s n\u00e1bytkov\u00fdm umyvadlem nebo s Rockstone deskou a umyvadlem na desku. Dokonale decentn\u00ed s\u00e9rie koupelnov\u00e9ho n\u00e1bytku FILENA nab\u00edz\u00ed sk\u0159\u00ed\u0148ky z dubov\u00e9 d\u00fdhy v p\u0159\u00edrodn\u00edm proveden\u00ed dekoru d\u0159eva o\u0161et\u0159en\u00e9m transparentn\u00edm lakem, v b\u00edl\u00e9m matn\u00e9m lakov\u00e1n\u00ed a v \u010dern\u011b matn\u00e9m [&hellip;]<\/p>\n","protected":false},"featured_media":23222,"comment_status":"open","ping_status":"open","template":"","meta":[],"product_brand":[],"product_cat":[78],"product_tag":[],"class_list":{"0":"post-23122","1":"product","2":"type-product","3":"status-publish","4":"has-post-thumbnail","6":"product_cat-koupelnovy-nabytek","8":"first","9":"instock","10":"sale","11":"shipping-taxable","12":"purchasable","13":"product-type-simple"},"yoast_head":"<!-- This site is optimized with the Yoast SEO plugin v26.8 - https:\/\/yoast.com\/product\/yoast-seo-wordpress\/ -->\n<title>Cenov\u011b V\u00fdhodn\u00fd Sapho FILENA umyvadlov\u00e1 sk\u0159\u00ed\u0148ka 57x51,5x43cm, b\u00edl\u00e1 mat FID1260W -<\/title>\n<meta name=\"robots\" content=\"index, follow, max-snippet:-1, max-image-preview:large, max-video-preview:-1\" \/>\n<link rel=\"canonical\" href=\"https:\/\/www.oknobuild.com\/index.php\/produkt\/cenove-vyhodny-sapho-filena-umyvadlova-skrinka-57x51-5x43cm-bila-mat-fid1260w-23122\/\" \/>\n<meta property=\"og:locale\" content=\"cs_CZ\" \/>\n<meta property=\"og:type\" content=\"article\" \/>\n<meta property=\"og:title\" content=\"Cenov\u011b V\u00fdhodn\u00fd Sapho FILENA umyvadlov\u00e1 sk\u0159\u00ed\u0148ka 57x51,5x43cm, b\u00edl\u00e1 mat FID1260W -\" \/>\n<meta property=\"og:description\" content=\"Detailn\u00ed popis produktu Horn\u00ed z\u00e1suvky bez v\u00fd\u0159ezu pro sifon. Lze pou\u017e\u00edt pouze doporu\u010den\u00fd sifon URBINO. Mo\u017enost instalace s n\u00e1bytkov\u00fdm umyvadlem nebo s Rockstone deskou a umyvadlem na desku. Dokonale decentn\u00ed s\u00e9rie koupelnov\u00e9ho n\u00e1bytku FILENA nab\u00edz\u00ed sk\u0159\u00ed\u0148ky z dubov\u00e9 d\u00fdhy v p\u0159\u00edrodn\u00edm proveden\u00ed dekoru d\u0159eva o\u0161et\u0159en\u00e9m transparentn\u00edm lakem, v b\u00edl\u00e9m matn\u00e9m lakov\u00e1n\u00ed a v \u010dern\u011b matn\u00e9m [&hellip;]\" \/>\n<meta property=\"og:url\" content=\"https:\/\/www.oknobuild.com\/index.php\/produkt\/cenove-vyhodny-sapho-filena-umyvadlova-skrinka-57x51-5x43cm-bila-mat-fid1260w-23122\/\" \/>\n<meta property=\"og:image\" content=\"https:\/\/www.oknobuild.com\/wp-content\/uploads\/2026\/SK0015261-CZ20260425-093631-0-1777080994-292665_fid1260w-218055489618427.webp\" \/>\n\t<meta property=\"og:image:width\" content=\"1000\" \/>\n\t<meta property=\"og:image:height\" content=\"750\" \/>\n\t<meta property=\"og:image:type\" content=\"image\/webp\" \/>\n<meta name=\"twitter:card\" content=\"summary_large_image\" \/>\n<meta name=\"twitter:label1\" content=\"Odhadovan\u00e1 doba \u010dten\u00ed\" \/>\n\t<meta name=\"twitter:data1\" content=\"2 minuty\" \/>\n<script type=\"application\/ld+json\" class=\"yoast-schema-graph\">{\"@context\":\"https:\/\/schema.org\",\"@graph\":[{\"@type\":\"WebPage\",\"@id\":\"https:\/\/www.oknobuild.com\/index.php\/produkt\/cenove-vyhodny-sapho-filena-umyvadlova-skrinka-57x51-5x43cm-bila-mat-fid1260w-23122\/\",\"url\":\"https:\/\/www.oknobuild.com\/index.php\/produkt\/cenove-vyhodny-sapho-filena-umyvadlova-skrinka-57x51-5x43cm-bila-mat-fid1260w-23122\/\",\"name\":\"Cenov\u011b V\u00fdhodn\u00fd Sapho FILENA umyvadlov\u00e1 sk\u0159\u00ed\u0148ka 57x51,5x43cm, b\u00edl\u00e1 mat FID1260W -\",\"isPartOf\":{\"@id\":\"https:\/\/www.oknobuild.com\/#website\"},\"primaryImageOfPage\":{\"@id\":\"https:\/\/www.oknobuild.com\/index.php\/produkt\/cenove-vyhodny-sapho-filena-umyvadlova-skrinka-57x51-5x43cm-bila-mat-fid1260w-23122\/#primaryimage\"},\"image\":{\"@id\":\"https:\/\/www.oknobuild.com\/index.php\/produkt\/cenove-vyhodny-sapho-filena-umyvadlova-skrinka-57x51-5x43cm-bila-mat-fid1260w-23122\/#primaryimage\"},\"thumbnailUrl\":\"https:\/\/www.oknobuild.com\/wp-content\/uploads\/2026\/SK0015261-CZ20260425-093631-0-1777080994-292665_fid1260w-218055489618427.webp\",\"datePublished\":\"2026-04-27T04:41:32+00:00\",\"breadcrumb\":{\"@id\":\"https:\/\/www.oknobuild.com\/index.php\/produkt\/cenove-vyhodny-sapho-filena-umyvadlova-skrinka-57x51-5x43cm-bila-mat-fid1260w-23122\/#breadcrumb\"},\"inLanguage\":\"cs\",\"potentialAction\":[{\"@type\":\"ReadAction\",\"target\":[\"https:\/\/www.oknobuild.com\/index.php\/produkt\/cenove-vyhodny-sapho-filena-umyvadlova-skrinka-57x51-5x43cm-bila-mat-fid1260w-23122\/\"]}]},{\"@type\":\"ImageObject\",\"inLanguage\":\"cs\",\"@id\":\"https:\/\/www.oknobuild.com\/index.php\/produkt\/cenove-vyhodny-sapho-filena-umyvadlova-skrinka-57x51-5x43cm-bila-mat-fid1260w-23122\/#primaryimage\",\"url\":\"https:\/\/www.oknobuild.com\/wp-content\/uploads\/2026\/SK0015261-CZ20260425-093631-0-1777080994-292665_fid1260w-218055489618427.webp\",\"contentUrl\":\"https:\/\/www.oknobuild.com\/wp-content\/uploads\/2026\/SK0015261-CZ20260425-093631-0-1777080994-292665_fid1260w-218055489618427.webp\",\"width\":1000,\"height\":750},{\"@type\":\"BreadcrumbList\",\"@id\":\"https:\/\/www.oknobuild.com\/index.php\/produkt\/cenove-vyhodny-sapho-filena-umyvadlova-skrinka-57x51-5x43cm-bila-mat-fid1260w-23122\/#breadcrumb\",\"itemListElement\":[{\"@type\":\"ListItem\",\"position\":1,\"name\":\"Home\",\"item\":\"https:\/\/www.oknobuild.com\/\"},{\"@type\":\"ListItem\",\"position\":2,\"name\":\"Products\",\"item\":\"https:\/\/www.oknobuild.com\/index.php\/products\/\"},{\"@type\":\"ListItem\",\"position\":3,\"name\":\"Cenov\u011b V\u00fdhodn\u00fd Sapho FILENA umyvadlov\u00e1 sk\u0159\u00ed\u0148ka 57&#215;51,5x43cm, b\u00edl\u00e1 mat FID1260W\"}]},{\"@type\":\"WebSite\",\"@id\":\"https:\/\/www.oknobuild.com\/#website\",\"url\":\"https:\/\/www.oknobuild.com\/\",\"name\":\"\",\"description\":\"\",\"potentialAction\":[{\"@type\":\"SearchAction\",\"target\":{\"@type\":\"EntryPoint\",\"urlTemplate\":\"https:\/\/www.oknobuild.com\/?s={search_term_string}\"},\"query-input\":{\"@type\":\"PropertyValueSpecification\",\"valueRequired\":true,\"valueName\":\"search_term_string\"}}],\"inLanguage\":\"cs\"}]}<\/script>\n<!-- \/ Yoast SEO plugin. -->","yoast_head_json":{"title":"Cenov\u011b V\u00fdhodn\u00fd Sapho FILENA umyvadlov\u00e1 sk\u0159\u00ed\u0148ka 57x51,5x43cm, b\u00edl\u00e1 mat FID1260W -","robots":{"index":"index","follow":"follow","max-snippet":"max-snippet:-1","max-image-preview":"max-image-preview:large","max-video-preview":"max-video-preview:-1"},"canonical":"https:\/\/www.oknobuild.com\/index.php\/produkt\/cenove-vyhodny-sapho-filena-umyvadlova-skrinka-57x51-5x43cm-bila-mat-fid1260w-23122\/","og_locale":"cs_CZ","og_type":"article","og_title":"Cenov\u011b V\u00fdhodn\u00fd Sapho FILENA umyvadlov\u00e1 sk\u0159\u00ed\u0148ka 57x51,5x43cm, b\u00edl\u00e1 mat FID1260W -","og_description":"Detailn\u00ed popis produktu Horn\u00ed z\u00e1suvky bez v\u00fd\u0159ezu pro sifon. Lze pou\u017e\u00edt pouze doporu\u010den\u00fd sifon URBINO. Mo\u017enost instalace s n\u00e1bytkov\u00fdm umyvadlem nebo s Rockstone deskou a umyvadlem na desku. Dokonale decentn\u00ed s\u00e9rie koupelnov\u00e9ho n\u00e1bytku FILENA nab\u00edz\u00ed sk\u0159\u00ed\u0148ky z dubov\u00e9 d\u00fdhy v p\u0159\u00edrodn\u00edm proveden\u00ed dekoru d\u0159eva o\u0161et\u0159en\u00e9m transparentn\u00edm lakem, v b\u00edl\u00e9m matn\u00e9m lakov\u00e1n\u00ed a v \u010dern\u011b matn\u00e9m [&hellip;]","og_url":"https:\/\/www.oknobuild.com\/index.php\/produkt\/cenove-vyhodny-sapho-filena-umyvadlova-skrinka-57x51-5x43cm-bila-mat-fid1260w-23122\/","og_image":[{"width":1000,"height":750,"url":"https:\/\/www.oknobuild.com\/wp-content\/uploads\/2026\/SK0015261-CZ20260425-093631-0-1777080994-292665_fid1260w-218055489618427.webp","type":"image\/webp"}],"twitter_card":"summary_large_image","twitter_misc":{"Odhadovan\u00e1 doba \u010dten\u00ed":"2 minuty"},"schema":{"@context":"https:\/\/schema.org","@graph":[{"@type":"WebPage","@id":"https:\/\/www.oknobuild.com\/index.php\/produkt\/cenove-vyhodny-sapho-filena-umyvadlova-skrinka-57x51-5x43cm-bila-mat-fid1260w-23122\/","url":"https:\/\/www.oknobuild.com\/index.php\/produkt\/cenove-vyhodny-sapho-filena-umyvadlova-skrinka-57x51-5x43cm-bila-mat-fid1260w-23122\/","name":"Cenov\u011b V\u00fdhodn\u00fd Sapho FILENA umyvadlov\u00e1 sk\u0159\u00ed\u0148ka 57x51,5x43cm, b\u00edl\u00e1 mat FID1260W -","isPartOf":{"@id":"https:\/\/www.oknobuild.com\/#website"},"primaryImageOfPage":{"@id":"https:\/\/www.oknobuild.com\/index.php\/produkt\/cenove-vyhodny-sapho-filena-umyvadlova-skrinka-57x51-5x43cm-bila-mat-fid1260w-23122\/#primaryimage"},"image":{"@id":"https:\/\/www.oknobuild.com\/index.php\/produkt\/cenove-vyhodny-sapho-filena-umyvadlova-skrinka-57x51-5x43cm-bila-mat-fid1260w-23122\/#primaryimage"},"thumbnailUrl":"https:\/\/www.oknobuild.com\/wp-content\/uploads\/2026\/SK0015261-CZ20260425-093631-0-1777080994-292665_fid1260w-218055489618427.webp","datePublished":"2026-04-27T04:41:32+00:00","breadcrumb":{"@id":"https:\/\/www.oknobuild.com\/index.php\/produkt\/cenove-vyhodny-sapho-filena-umyvadlova-skrinka-57x51-5x43cm-bila-mat-fid1260w-23122\/#breadcrumb"},"inLanguage":"cs","potentialAction":[{"@type":"ReadAction","target":["https:\/\/www.oknobuild.com\/index.php\/produkt\/cenove-vyhodny-sapho-filena-umyvadlova-skrinka-57x51-5x43cm-bila-mat-fid1260w-23122\/"]}]},{"@type":"ImageObject","inLanguage":"cs","@id":"https:\/\/www.oknobuild.com\/index.php\/produkt\/cenove-vyhodny-sapho-filena-umyvadlova-skrinka-57x51-5x43cm-bila-mat-fid1260w-23122\/#primaryimage","url":"https:\/\/www.oknobuild.com\/wp-content\/uploads\/2026\/SK0015261-CZ20260425-093631-0-1777080994-292665_fid1260w-218055489618427.webp","contentUrl":"https:\/\/www.oknobuild.com\/wp-content\/uploads\/2026\/SK0015261-CZ20260425-093631-0-1777080994-292665_fid1260w-218055489618427.webp","width":1000,"height":750},{"@type":"BreadcrumbList","@id":"https:\/\/www.oknobuild.com\/index.php\/produkt\/cenove-vyhodny-sapho-filena-umyvadlova-skrinka-57x51-5x43cm-bila-mat-fid1260w-23122\/#breadcrumb","itemListElement":[{"@type":"ListItem","position":1,"name":"Home","item":"https:\/\/www.oknobuild.com\/"},{"@type":"ListItem","position":2,"name":"Products","item":"https:\/\/www.oknobuild.com\/index.php\/products\/"},{"@type":"ListItem","position":3,"name":"Cenov\u011b V\u00fdhodn\u00fd Sapho FILENA umyvadlov\u00e1 sk\u0159\u00ed\u0148ka 57&#215;51,5x43cm, b\u00edl\u00e1 mat FID1260W"}]},{"@type":"WebSite","@id":"https:\/\/www.oknobuild.com\/#website","url":"https:\/\/www.oknobuild.com\/","name":"","description":"","potentialAction":[{"@type":"SearchAction","target":{"@type":"EntryPoint","urlTemplate":"https:\/\/www.oknobuild.com\/?s={search_term_string}"},"query-input":{"@type":"PropertyValueSpecification","valueRequired":true,"valueName":"search_term_string"}}],"inLanguage":"cs"}]}},"_links":{"self":[{"href":"https:\/\/www.oknobuild.com\/index.php\/wp-json\/wp\/v2\/product\/23122","targetHints":{"allow":["GET"]}}],"collection":[{"href":"https:\/\/www.oknobuild.com\/index.php\/wp-json\/wp\/v2\/product"}],"about":[{"href":"https:\/\/www.oknobuild.com\/index.php\/wp-json\/wp\/v2\/types\/product"}],"replies":[{"embeddable":true,"href":"https:\/\/www.oknobuild.com\/index.php\/wp-json\/wp\/v2\/comments?post=23122"}],"wp:featuredmedia":[{"embeddable":true,"href":"https:\/\/www.oknobuild.com\/index.php\/wp-json\/wp\/v2\/media\/23222"}],"wp:attachment":[{"href":"https:\/\/www.oknobuild.com\/index.php\/wp-json\/wp\/v2\/media?parent=23122"}],"wp:term":[{"taxonomy":"product_brand","embeddable":true,"href":"https:\/\/www.oknobuild.com\/index.php\/wp-json\/wp\/v2\/product_brand?post=23122"},{"taxonomy":"product_cat","embeddable":true,"href":"https:\/\/www.oknobuild.com\/index.php\/wp-json\/wp\/v2\/product_cat?post=23122"},{"taxonomy":"product_tag","embeddable":true,"href":"https:\/\/www.oknobuild.com\/index.php\/wp-json\/wp\/v2\/product_tag?post=23122"}],"curies":[{"name":"wp","href":"https:\/\/api.w.org\/{rel}","templated":true}]}}