{"id":23524,"date":"2026-04-27T04:41:33","date_gmt":"2026-04-27T04:41:33","guid":{"rendered":""},"modified":"2026-04-27T04:41:33","modified_gmt":"2026-04-27T04:41:33","slug":"zlevneny-gelco-loro-sprchove-dvere-dvoukridle-1100mm-cire-sklo-gn4311-23524","status":"publish","type":"product","link":"https:\/\/www.oknobuild.com\/index.php\/produkt\/zlevneny-gelco-loro-sprchove-dvere-dvoukridle-1100mm-cire-sklo-gn4311-23524\/","title":{"rendered":"Zlevn\u011bn\u00fd Gelco LORO sprchov\u00e9 dve\u0159e dvouk\u0159\u00eddl\u00e9 1100mm, \u010dir\u00e9 sklo GN4311"},"content":{"rendered":"<div class=\"basic-description\">\n<h3>Detailn\u00ed popis produktu<\/h3>\n<p><\/div>\n<\/div>\n<h2 class=\"props-title\">Vlastnosti<\/h2>\n<table>\n<tr>\n<th>Zna\u010dka<\/th>\n<td>GELCO<\/td>\n<\/tr>\n<tr>\n<th>S\u00e9rie<\/th>\n<td>LORO<\/td>\n<\/tr>\n<tr>\n<th>3D model<\/th>\n<td>ANO<\/td>\n<\/tr>\n<tr>\n<th>\u0160\u00ed\u0159ka<\/th>\n<td>1100&nbsp;mm<\/td>\n<\/tr>\n<tr>\n<th>V\u00fd\u0161ka<\/th>\n<td>2000&nbsp;mm<\/td>\n<\/tr>\n<tr>\n<th>Barva profilu<\/th>\n<td>Chrom &#8211; Le\u0161t\u011bn\u00fd hlin\u00edk<\/td>\n<\/tr>\n<tr>\n<th>Tvar<\/th>\n<td>Dve\u0159e do niky<\/td>\n<\/tr>\n<tr>\n<th>Typ otev\u00edr\u00e1n\u00ed<\/th>\n<td>Otev\u00edrac\u00ed dvouk\u0159\u00eddl\u00e9<\/td>\n<\/tr>\n<tr>\n<th>\u0160\u00ed\u0159ka vstupu<\/th>\n<td>950&nbsp;mm<\/td>\n<\/tr>\n<tr>\n<th>Typ v\u00fdpln\u011b<\/th>\n<td>\u010cir\u00e9 sklo<\/td>\n<\/tr>\n<tr>\n<th>\u00daprava skla<\/th>\n<td>Coated glass<\/td>\n<\/tr>\n<tr>\n<th>Tlou\u0161\u0165ka skla<\/th>\n<td>6&nbsp;mm<\/td>\n<\/tr>\n<tr>\n<th>Instala\u010dn\u00ed \u0161\u00ed\u0159ka od<\/th>\n<td>1080&nbsp;mm<\/td>\n<\/tr>\n<tr>\n<th>Instala\u010dn\u00ed \u0161\u00ed\u0159ka do<\/th>\n<td>1120&nbsp;mm<\/td>\n<\/tr>\n<tr>\n<th>Vlastnosti<\/th>\n<td>Otev\u00edr\u00e1n\u00ed vn\u011b i dovnit\u0159, Bezr\u00e1mov\u00e9 proveden\u00ed<\/td>\n<\/tr>\n<tr>\n<th>Hmotnost \/ ks<\/th>\n<td>26.0000&nbsp;kg<\/td>\n<\/tr>\n<tr>\n<th>Balen\u00ed<\/th>\n<td>1&nbsp;ks<\/td>\n<\/tr>\n<tr>\n<th>EAN<\/th>\n<td>8590913971051<\/td>\n<\/tr>\n<tr>\n<th>Taric<\/th>\n<td>70200080<\/td>\n<\/tr>\n<tr>\n<th>Z\u00e1ruka<\/th>\n<td>3 roky<\/td>\n<\/tr>\n<\/table>\n<div class=\"product-explanation-item\">\n<h3><span><strong>Coated glass<\/strong><\/span><\/h3>\n<p style=\"text-align: justify;\">Coated glass p\u0159edstavuje jednu z nejkvalitn\u011bj\u0161\u00edch \u00faprav skla sprchov\u00fdch kout\u016f. Jedn\u00e1 se o chemickou slou\u010deninu sm\u011bsi polymer\u016f, kter\u00e1 ve spojen\u00ed s katalyz\u00e1tory reaguje s k\u0159emi\u010ditanov\u00fdmi skupinami obsa\u017een\u00fdmi ve skle. Na sklen\u011bn\u00fdch ploch\u00e1ch tak vytv\u00e1\u0159\u00ed souvislou vrstvu filmu, kter\u00e1 vypln\u00ed mikrop\u00f3ry ve skle a odpuzuje vodu. Vlivem vod\u011bodpudiv\u00e9ho filmu se kapky vody shlukuj\u00ed a st\u00e9kaj\u00ed z povrchu skla. I kdy\u017e dojde k nepatrn\u00e9mu udr\u017een\u00ed men\u0161\u00edch kapek na skle, nedojde k chemick\u00e9 vazb\u011b, sklo nebude naru\u0161eno a neze\u0161edne.<\/p>\n<\/div>\n<div class=\"product-explanation-item\">\n<h3>Bezr\u00e1mov\u00e9 sprchov\u00e9 z\u00e1st\u011bny<\/h3>\n<p style=\"text-align: justify;\">Ochranu proti p\u0159ete\u010den\u00ed vody u bezr\u00e1mov\u00fdch z\u00e1st\u011bn zaji\u0161\u0165uje n\u00edzk\u00e1 p\u0159etokov\u00e1 li\u0161ta, kter\u00e1 dotv\u00e1\u0159\u00ed \u010dist\u00fd vzhled z\u00e1st\u011bny. Bezr\u00e1mov\u00e9 z\u00e1st\u011bny tak p\u016fsob\u00ed sv\u011b\u017e\u00edm elegantn\u00edm dojmem.<\/p>\n<\/p>\n<\/div><\/div>\n","protected":false},"excerpt":{"rendered":"<p>Detailn\u00ed popis produktu Vlastnosti Zna\u010dka GELCO S\u00e9rie LORO 3D model ANO \u0160\u00ed\u0159ka 1100&nbsp;mm V\u00fd\u0161ka 2000&nbsp;mm Barva profilu Chrom &#8211; Le\u0161t\u011bn\u00fd hlin\u00edk Tvar Dve\u0159e do niky Typ otev\u00edr\u00e1n\u00ed Otev\u00edrac\u00ed dvouk\u0159\u00eddl\u00e9 \u0160\u00ed\u0159ka vstupu 950&nbsp;mm Typ v\u00fdpln\u011b \u010cir\u00e9 sklo \u00daprava skla Coated glass Tlou\u0161\u0165ka skla 6&nbsp;mm Instala\u010dn\u00ed \u0161\u00ed\u0159ka od 1080&nbsp;mm Instala\u010dn\u00ed \u0161\u00ed\u0159ka do 1120&nbsp;mm Vlastnosti Otev\u00edr\u00e1n\u00ed vn\u011b i [&hellip;]<\/p>\n","protected":false},"featured_media":23624,"comment_status":"open","ping_status":"open","template":"","meta":[],"product_brand":[],"product_cat":[56],"product_tag":[],"class_list":{"0":"post-23524","1":"product","2":"type-product","3":"status-publish","4":"has-post-thumbnail","6":"product_cat-sprchove-kouty","8":"first","9":"instock","10":"sale","11":"shipping-taxable","12":"purchasable","13":"product-type-simple"},"yoast_head":"<!-- This site is optimized with the Yoast SEO plugin v26.8 - https:\/\/yoast.com\/product\/yoast-seo-wordpress\/ -->\n<title>Zlevn\u011bn\u00fd Gelco LORO sprchov\u00e9 dve\u0159e dvouk\u0159\u00eddl\u00e9 1100mm, \u010dir\u00e9 sklo GN4311 -<\/title>\n<meta name=\"robots\" content=\"index, follow, max-snippet:-1, max-image-preview:large, max-video-preview:-1\" \/>\n<link rel=\"canonical\" href=\"https:\/\/www.oknobuild.com\/index.php\/produkt\/zlevneny-gelco-loro-sprchove-dvere-dvoukridle-1100mm-cire-sklo-gn4311-23524\/\" \/>\n<meta property=\"og:locale\" content=\"cs_CZ\" \/>\n<meta property=\"og:type\" content=\"article\" \/>\n<meta property=\"og:title\" content=\"Zlevn\u011bn\u00fd Gelco LORO sprchov\u00e9 dve\u0159e dvouk\u0159\u00eddl\u00e9 1100mm, \u010dir\u00e9 sklo GN4311 -\" \/>\n<meta property=\"og:description\" content=\"Detailn\u00ed popis produktu Vlastnosti Zna\u010dka GELCO S\u00e9rie LORO 3D model ANO \u0160\u00ed\u0159ka 1100&nbsp;mm V\u00fd\u0161ka 2000&nbsp;mm Barva profilu Chrom &#8211; Le\u0161t\u011bn\u00fd hlin\u00edk Tvar Dve\u0159e do niky Typ otev\u00edr\u00e1n\u00ed Otev\u00edrac\u00ed dvouk\u0159\u00eddl\u00e9 \u0160\u00ed\u0159ka vstupu 950&nbsp;mm Typ v\u00fdpln\u011b \u010cir\u00e9 sklo \u00daprava skla Coated glass Tlou\u0161\u0165ka skla 6&nbsp;mm Instala\u010dn\u00ed \u0161\u00ed\u0159ka od 1080&nbsp;mm Instala\u010dn\u00ed \u0161\u00ed\u0159ka do 1120&nbsp;mm Vlastnosti Otev\u00edr\u00e1n\u00ed vn\u011b i [&hellip;]\" \/>\n<meta property=\"og:url\" content=\"https:\/\/www.oknobuild.com\/index.php\/produkt\/zlevneny-gelco-loro-sprchove-dvere-dvoukridle-1100mm-cire-sklo-gn4311-23524\/\" \/>\n<meta property=\"og:image\" content=\"https:\/\/www.oknobuild.com\/wp-content\/uploads\/2026\/SK0015482-CZ20260425-093631-0-1777080994-296191_gn4311-230034153407549.webp\" \/>\n\t<meta property=\"og:image:width\" content=\"1000\" \/>\n\t<meta property=\"og:image:height\" content=\"750\" \/>\n\t<meta property=\"og:image:type\" content=\"image\/webp\" \/>\n<meta name=\"twitter:card\" content=\"summary_large_image\" \/>\n<meta name=\"twitter:label1\" content=\"Odhadovan\u00e1 doba \u010dten\u00ed\" \/>\n\t<meta name=\"twitter:data1\" content=\"1 minuta\" \/>\n<script type=\"application\/ld+json\" class=\"yoast-schema-graph\">{\"@context\":\"https:\/\/schema.org\",\"@graph\":[{\"@type\":\"WebPage\",\"@id\":\"https:\/\/www.oknobuild.com\/index.php\/produkt\/zlevneny-gelco-loro-sprchove-dvere-dvoukridle-1100mm-cire-sklo-gn4311-23524\/\",\"url\":\"https:\/\/www.oknobuild.com\/index.php\/produkt\/zlevneny-gelco-loro-sprchove-dvere-dvoukridle-1100mm-cire-sklo-gn4311-23524\/\",\"name\":\"Zlevn\u011bn\u00fd Gelco LORO sprchov\u00e9 dve\u0159e dvouk\u0159\u00eddl\u00e9 1100mm, \u010dir\u00e9 sklo GN4311 -\",\"isPartOf\":{\"@id\":\"https:\/\/www.oknobuild.com\/#website\"},\"primaryImageOfPage\":{\"@id\":\"https:\/\/www.oknobuild.com\/index.php\/produkt\/zlevneny-gelco-loro-sprchove-dvere-dvoukridle-1100mm-cire-sklo-gn4311-23524\/#primaryimage\"},\"image\":{\"@id\":\"https:\/\/www.oknobuild.com\/index.php\/produkt\/zlevneny-gelco-loro-sprchove-dvere-dvoukridle-1100mm-cire-sklo-gn4311-23524\/#primaryimage\"},\"thumbnailUrl\":\"https:\/\/www.oknobuild.com\/wp-content\/uploads\/2026\/SK0015482-CZ20260425-093631-0-1777080994-296191_gn4311-230034153407549.webp\",\"datePublished\":\"2026-04-27T04:41:33+00:00\",\"breadcrumb\":{\"@id\":\"https:\/\/www.oknobuild.com\/index.php\/produkt\/zlevneny-gelco-loro-sprchove-dvere-dvoukridle-1100mm-cire-sklo-gn4311-23524\/#breadcrumb\"},\"inLanguage\":\"cs\",\"potentialAction\":[{\"@type\":\"ReadAction\",\"target\":[\"https:\/\/www.oknobuild.com\/index.php\/produkt\/zlevneny-gelco-loro-sprchove-dvere-dvoukridle-1100mm-cire-sklo-gn4311-23524\/\"]}]},{\"@type\":\"ImageObject\",\"inLanguage\":\"cs\",\"@id\":\"https:\/\/www.oknobuild.com\/index.php\/produkt\/zlevneny-gelco-loro-sprchove-dvere-dvoukridle-1100mm-cire-sklo-gn4311-23524\/#primaryimage\",\"url\":\"https:\/\/www.oknobuild.com\/wp-content\/uploads\/2026\/SK0015482-CZ20260425-093631-0-1777080994-296191_gn4311-230034153407549.webp\",\"contentUrl\":\"https:\/\/www.oknobuild.com\/wp-content\/uploads\/2026\/SK0015482-CZ20260425-093631-0-1777080994-296191_gn4311-230034153407549.webp\",\"width\":1000,\"height\":750},{\"@type\":\"BreadcrumbList\",\"@id\":\"https:\/\/www.oknobuild.com\/index.php\/produkt\/zlevneny-gelco-loro-sprchove-dvere-dvoukridle-1100mm-cire-sklo-gn4311-23524\/#breadcrumb\",\"itemListElement\":[{\"@type\":\"ListItem\",\"position\":1,\"name\":\"Home\",\"item\":\"https:\/\/www.oknobuild.com\/\"},{\"@type\":\"ListItem\",\"position\":2,\"name\":\"Products\",\"item\":\"https:\/\/www.oknobuild.com\/index.php\/products\/\"},{\"@type\":\"ListItem\",\"position\":3,\"name\":\"Zlevn\u011bn\u00fd Gelco LORO sprchov\u00e9 dve\u0159e dvouk\u0159\u00eddl\u00e9 1100mm, \u010dir\u00e9 sklo GN4311\"}]},{\"@type\":\"WebSite\",\"@id\":\"https:\/\/www.oknobuild.com\/#website\",\"url\":\"https:\/\/www.oknobuild.com\/\",\"name\":\"\",\"description\":\"\",\"potentialAction\":[{\"@type\":\"SearchAction\",\"target\":{\"@type\":\"EntryPoint\",\"urlTemplate\":\"https:\/\/www.oknobuild.com\/?s={search_term_string}\"},\"query-input\":{\"@type\":\"PropertyValueSpecification\",\"valueRequired\":true,\"valueName\":\"search_term_string\"}}],\"inLanguage\":\"cs\"}]}<\/script>\n<!-- \/ Yoast SEO plugin. -->","yoast_head_json":{"title":"Zlevn\u011bn\u00fd Gelco LORO sprchov\u00e9 dve\u0159e dvouk\u0159\u00eddl\u00e9 1100mm, \u010dir\u00e9 sklo GN4311 -","robots":{"index":"index","follow":"follow","max-snippet":"max-snippet:-1","max-image-preview":"max-image-preview:large","max-video-preview":"max-video-preview:-1"},"canonical":"https:\/\/www.oknobuild.com\/index.php\/produkt\/zlevneny-gelco-loro-sprchove-dvere-dvoukridle-1100mm-cire-sklo-gn4311-23524\/","og_locale":"cs_CZ","og_type":"article","og_title":"Zlevn\u011bn\u00fd Gelco LORO sprchov\u00e9 dve\u0159e dvouk\u0159\u00eddl\u00e9 1100mm, \u010dir\u00e9 sklo GN4311 -","og_description":"Detailn\u00ed popis produktu Vlastnosti Zna\u010dka GELCO S\u00e9rie LORO 3D model ANO \u0160\u00ed\u0159ka 1100&nbsp;mm V\u00fd\u0161ka 2000&nbsp;mm Barva profilu Chrom &#8211; Le\u0161t\u011bn\u00fd hlin\u00edk Tvar Dve\u0159e do niky Typ otev\u00edr\u00e1n\u00ed Otev\u00edrac\u00ed dvouk\u0159\u00eddl\u00e9 \u0160\u00ed\u0159ka vstupu 950&nbsp;mm Typ v\u00fdpln\u011b \u010cir\u00e9 sklo \u00daprava skla Coated glass Tlou\u0161\u0165ka skla 6&nbsp;mm Instala\u010dn\u00ed \u0161\u00ed\u0159ka od 1080&nbsp;mm Instala\u010dn\u00ed \u0161\u00ed\u0159ka do 1120&nbsp;mm Vlastnosti Otev\u00edr\u00e1n\u00ed vn\u011b i [&hellip;]","og_url":"https:\/\/www.oknobuild.com\/index.php\/produkt\/zlevneny-gelco-loro-sprchove-dvere-dvoukridle-1100mm-cire-sklo-gn4311-23524\/","og_image":[{"width":1000,"height":750,"url":"https:\/\/www.oknobuild.com\/wp-content\/uploads\/2026\/SK0015482-CZ20260425-093631-0-1777080994-296191_gn4311-230034153407549.webp","type":"image\/webp"}],"twitter_card":"summary_large_image","twitter_misc":{"Odhadovan\u00e1 doba \u010dten\u00ed":"1 minuta"},"schema":{"@context":"https:\/\/schema.org","@graph":[{"@type":"WebPage","@id":"https:\/\/www.oknobuild.com\/index.php\/produkt\/zlevneny-gelco-loro-sprchove-dvere-dvoukridle-1100mm-cire-sklo-gn4311-23524\/","url":"https:\/\/www.oknobuild.com\/index.php\/produkt\/zlevneny-gelco-loro-sprchove-dvere-dvoukridle-1100mm-cire-sklo-gn4311-23524\/","name":"Zlevn\u011bn\u00fd Gelco LORO sprchov\u00e9 dve\u0159e dvouk\u0159\u00eddl\u00e9 1100mm, \u010dir\u00e9 sklo GN4311 -","isPartOf":{"@id":"https:\/\/www.oknobuild.com\/#website"},"primaryImageOfPage":{"@id":"https:\/\/www.oknobuild.com\/index.php\/produkt\/zlevneny-gelco-loro-sprchove-dvere-dvoukridle-1100mm-cire-sklo-gn4311-23524\/#primaryimage"},"image":{"@id":"https:\/\/www.oknobuild.com\/index.php\/produkt\/zlevneny-gelco-loro-sprchove-dvere-dvoukridle-1100mm-cire-sklo-gn4311-23524\/#primaryimage"},"thumbnailUrl":"https:\/\/www.oknobuild.com\/wp-content\/uploads\/2026\/SK0015482-CZ20260425-093631-0-1777080994-296191_gn4311-230034153407549.webp","datePublished":"2026-04-27T04:41:33+00:00","breadcrumb":{"@id":"https:\/\/www.oknobuild.com\/index.php\/produkt\/zlevneny-gelco-loro-sprchove-dvere-dvoukridle-1100mm-cire-sklo-gn4311-23524\/#breadcrumb"},"inLanguage":"cs","potentialAction":[{"@type":"ReadAction","target":["https:\/\/www.oknobuild.com\/index.php\/produkt\/zlevneny-gelco-loro-sprchove-dvere-dvoukridle-1100mm-cire-sklo-gn4311-23524\/"]}]},{"@type":"ImageObject","inLanguage":"cs","@id":"https:\/\/www.oknobuild.com\/index.php\/produkt\/zlevneny-gelco-loro-sprchove-dvere-dvoukridle-1100mm-cire-sklo-gn4311-23524\/#primaryimage","url":"https:\/\/www.oknobuild.com\/wp-content\/uploads\/2026\/SK0015482-CZ20260425-093631-0-1777080994-296191_gn4311-230034153407549.webp","contentUrl":"https:\/\/www.oknobuild.com\/wp-content\/uploads\/2026\/SK0015482-CZ20260425-093631-0-1777080994-296191_gn4311-230034153407549.webp","width":1000,"height":750},{"@type":"BreadcrumbList","@id":"https:\/\/www.oknobuild.com\/index.php\/produkt\/zlevneny-gelco-loro-sprchove-dvere-dvoukridle-1100mm-cire-sklo-gn4311-23524\/#breadcrumb","itemListElement":[{"@type":"ListItem","position":1,"name":"Home","item":"https:\/\/www.oknobuild.com\/"},{"@type":"ListItem","position":2,"name":"Products","item":"https:\/\/www.oknobuild.com\/index.php\/products\/"},{"@type":"ListItem","position":3,"name":"Zlevn\u011bn\u00fd Gelco LORO sprchov\u00e9 dve\u0159e dvouk\u0159\u00eddl\u00e9 1100mm, \u010dir\u00e9 sklo GN4311"}]},{"@type":"WebSite","@id":"https:\/\/www.oknobuild.com\/#website","url":"https:\/\/www.oknobuild.com\/","name":"","description":"","potentialAction":[{"@type":"SearchAction","target":{"@type":"EntryPoint","urlTemplate":"https:\/\/www.oknobuild.com\/?s={search_term_string}"},"query-input":{"@type":"PropertyValueSpecification","valueRequired":true,"valueName":"search_term_string"}}],"inLanguage":"cs"}]}},"_links":{"self":[{"href":"https:\/\/www.oknobuild.com\/index.php\/wp-json\/wp\/v2\/product\/23524","targetHints":{"allow":["GET"]}}],"collection":[{"href":"https:\/\/www.oknobuild.com\/index.php\/wp-json\/wp\/v2\/product"}],"about":[{"href":"https:\/\/www.oknobuild.com\/index.php\/wp-json\/wp\/v2\/types\/product"}],"replies":[{"embeddable":true,"href":"https:\/\/www.oknobuild.com\/index.php\/wp-json\/wp\/v2\/comments?post=23524"}],"wp:featuredmedia":[{"embeddable":true,"href":"https:\/\/www.oknobuild.com\/index.php\/wp-json\/wp\/v2\/media\/23624"}],"wp:attachment":[{"href":"https:\/\/www.oknobuild.com\/index.php\/wp-json\/wp\/v2\/media?parent=23524"}],"wp:term":[{"taxonomy":"product_brand","embeddable":true,"href":"https:\/\/www.oknobuild.com\/index.php\/wp-json\/wp\/v2\/product_brand?post=23524"},{"taxonomy":"product_cat","embeddable":true,"href":"https:\/\/www.oknobuild.com\/index.php\/wp-json\/wp\/v2\/product_cat?post=23524"},{"taxonomy":"product_tag","embeddable":true,"href":"https:\/\/www.oknobuild.com\/index.php\/wp-json\/wp\/v2\/product_tag?post=23524"}],"curies":[{"name":"wp","href":"https:\/\/api.w.org\/{rel}","templated":true}]}}