{"id":23935,"date":"2026-04-27T04:41:34","date_gmt":"2026-04-27T04:41:34","guid":{"rendered":""},"modified":"2026-04-27T04:41:34","modified_gmt":"2026-04-27T04:41:34","slug":"znackovy-sapho-kube-x-keramicke-umyvadlo-45x35cm-brousena-spodni-hrana-cerna-mat-94859126-23935","status":"publish","type":"product","link":"https:\/\/www.oknobuild.com\/index.php\/produkt\/znackovy-sapho-kube-x-keramicke-umyvadlo-45x35cm-brousena-spodni-hrana-cerna-mat-94859126-23935\/","title":{"rendered":"Zna\u010dkov\u00fd Sapho KUBE X keramick\u00e9 umyvadlo 45x35cm, brou\u0161en\u00e1 spodn\u00ed hrana, \u010dern\u00e1 mat 94859126"},"content":{"rendered":"<div class=\"basic-description\">\n<h3>Detailn\u00ed popis produktu<\/h3>\n<p><\/p>\n<p>Sanit\u00e1rn\u00ed keramika KUBE X COLOR:<\/p>\n<ul>\n<li>masivn\u00ed hranat\u00e1 umyvadla s praktick\u00fdmi&nbsp;odkl\u00e1dac\u00edmi plochami<\/li>\n<li>v\u011bt\u0161inu umyvadel lze doplnit o dr\u017e\u00e1ky ru\u010dn\u00edk\u016f, kter\u00e9 lze instalovat i dodate\u010dn\u011b, po mont\u00e1\u017ei umyvadla<\/li>\n<li>umyvadla lze dodat i v retifikovan\u00e9 verzi (se zabrou\u0161enou spodn\u00ed plochou) pro pou\u017eit\u00ed na desku, s p\u0159\u00edplatkem dle platn\u00e9ho cen\u00edku&nbsp;\n<\/li>\n<\/ul>\n<p>S\u00e9rie KUBE X COLOR zahrnuje keramick\u00e1 umyvadla na desku v 8 barevn\u00fdch variac\u00edch, vybran\u00e1 umyvadla na zav\u011b\u0161en\u00ed, WC m\u00edsy a bidety v proveden\u00ed b\u00edl\u00e1 mat a \u010dern\u00e1 mat.<\/p>\n<p>N\u00e1hled barevn\u00fdch variac\u00ed n\u00ed\u017ee. Re\u00e1ln\u00e9 proveden\u00ed barev se m\u016f\u017ee li\u0161it v n\u00e1vaznosti na nastaven\u00ed Va\u0161eho monitoru.<\/p>\n<p>Charakteristika s\u00e9rie:<\/p>\n<ul>\n<li><span>Hranat\u00e1 umyvadla s&nbsp;decentn\u011b zaoblen\u00fdmi rohy a \u0161t\u00edhlou hranou<\/span><\/li>\n<li><span>Ov\u00e1ln\u00e1 a kulat\u00e1 umyvadla se \u0161t\u00edhlou hranou<\/span><\/li>\n<li><span>Umyvadla lze doplnit v\u00fdpust\u00ed s keramickou z\u00e1tkou ve stejn\u00e9 barv\u011b<\/span><\/li>\n<li><span>WC m\u00edsy se splachovac\u00edm syst\u00e9mem SwirlFlush&reg;<\/span><span>&nbsp;nebo GeniusFlush&reg; a SAVE WATER, kter\u00fd umo\u017e\u0148uje splachovat&nbsp;pouze 4,5 litry vody<\/span><\/li>\n<li>Sed\u00e1tka k z\u00e1v\u011bsn\u00fdm WC opat\u0159ena syst\u00e9mem&nbsp;SOFT CLOSE (pomal\u00e9 skl\u00e1p\u011bn\u00ed) a QUICK RELEASE (odn\u00edmateln\u00e9 sed\u00e1tko)<\/li>\n<\/ul>\n<h2 class=\"props-title\">Vlastnosti<\/h2>\n<table>\n<tr>\n<th>Zna\u010dka<\/th>\n<td>GSI<\/td>\n<\/tr>\n<tr>\n<th>S\u00e9rie<\/th>\n<td>KUBE X COLOR<\/td>\n<\/tr>\n<tr>\n<th>3D model<\/th>\n<td>ANO<\/td>\n<\/tr>\n<tr>\n<th>Rozm\u011br<\/th>\n<td>45x15x35 cm<\/td>\n<\/tr>\n<tr>\n<th>\u0160\u00ed\u0159ka<\/th>\n<td>450&nbsp;mm<\/td>\n<\/tr>\n<tr>\n<th>V\u00fd\u0161ka<\/th>\n<td>150&nbsp;mm<\/td>\n<\/tr>\n<tr>\n<th>Hloubka<\/th>\n<td>350&nbsp;mm<\/td>\n<\/tr>\n<tr>\n<th>Barva<\/th>\n<td>\u010cern\u00e1<\/td>\n<\/tr>\n<tr>\n<th>Materi\u00e1l<\/th>\n<td>Keramika<\/td>\n<\/tr>\n<tr>\n<th>Instalace<\/th>\n<td>N\u00e1st\u011bnn\u00e1-\u0161rouby, K postaven\u00ed<\/td>\n<\/tr>\n<tr>\n<th>Typ umyvadla<\/th>\n<td>Klasick\u00e9 umyvadlo<\/td>\n<\/tr>\n<tr>\n<th>Otvor pro baterii<\/th>\n<td>1 otvor<\/td>\n<\/tr>\n<tr>\n<th>P\u0159epad<\/th>\n<td>ANO<\/td>\n<\/tr>\n<tr>\n<th>Tvar<\/th>\n<td>Obd\u00e9ln\u00edk<\/td>\n<\/tr>\n<tr>\n<th>Ostatn\u00ed<\/th>\n<td>Brou\u0161en\u00e1 spodn\u00ed hrana<\/td>\n<\/tr>\n<tr>\n<th>Hmotnost \/ ks<\/th>\n<td>11.8000&nbsp;kg<\/td>\n<\/tr>\n<tr>\n<th>Balen\u00ed<\/th>\n<td>1&nbsp;ks<\/td>\n<\/tr>\n<tr>\n<th>EAN<\/th>\n<td>8056590019580<\/td>\n<\/tr>\n<tr>\n<th>Taric<\/th>\n<td>69109000<\/td>\n<\/tr>\n<tr>\n<th>Z\u00e1ruka<\/th>\n<td>2 roky<\/td>\n<\/tr>\n<\/table>\n<p>   Upozorn\u011bn\u00ed pro z\u00e1kazn\u00edky ke koupi produkt\u016f na objedn\u00e1n\u00ed: Toto zbo\u017e\u00ed nen\u00ed standardn\u00edm s\u00e9riov\u00fdm v\u00fdrobkem. Bude vyrobeno na p\u0159\u00e1n\u00ed z\u00e1kazn\u00edka a proto jej nelze dodavateli v z\u00e1konn\u00e9 lh\u016ft\u011b vr\u00e1tit. (viz \u00a71837 odst.d, ob\u010dansk\u00e9ho z\u00e1kon\u00edku). V tomto p\u0159\u00edpad\u011b m\u016f\u017eeme po\u017eadovat nevratnou z\u00e1lohu a\u017e do v\u00fd\u0161e 100 % z ceny v\u00fdrobku.                            <\/p><\/div>\n","protected":false},"excerpt":{"rendered":"<p>Detailn\u00ed popis produktu Sanit\u00e1rn\u00ed keramika KUBE X COLOR: masivn\u00ed hranat\u00e1 umyvadla s praktick\u00fdmi&nbsp;odkl\u00e1dac\u00edmi plochami v\u011bt\u0161inu umyvadel lze doplnit o dr\u017e\u00e1ky ru\u010dn\u00edk\u016f, kter\u00e9 lze instalovat i dodate\u010dn\u011b, po mont\u00e1\u017ei umyvadla umyvadla lze dodat i v retifikovan\u00e9 verzi (se zabrou\u0161enou spodn\u00ed plochou) pro pou\u017eit\u00ed na desku, s p\u0159\u00edplatkem dle platn\u00e9ho cen\u00edku&nbsp; S\u00e9rie KUBE X COLOR zahrnuje keramick\u00e1 [&hellip;]<\/p>\n","protected":false},"featured_media":24035,"comment_status":"open","ping_status":"open","template":"","meta":[],"product_brand":[],"product_cat":[75],"product_tag":[],"class_list":{"0":"post-23935","1":"product","2":"type-product","3":"status-publish","4":"has-post-thumbnail","6":"product_cat-koupelnove-vybaveni","8":"first","9":"instock","10":"sale","11":"shipping-taxable","12":"purchasable","13":"product-type-simple"},"yoast_head":"<!-- This site is optimized with the Yoast SEO plugin v26.8 - https:\/\/yoast.com\/product\/yoast-seo-wordpress\/ -->\n<title>Zna\u010dkov\u00fd Sapho KUBE X keramick\u00e9 umyvadlo 45x35cm, brou\u0161en\u00e1 spodn\u00ed hrana, \u010dern\u00e1 mat 94859126 -<\/title>\n<meta name=\"robots\" content=\"index, follow, max-snippet:-1, max-image-preview:large, max-video-preview:-1\" \/>\n<link rel=\"canonical\" href=\"https:\/\/www.oknobuild.com\/index.php\/produkt\/znackovy-sapho-kube-x-keramicke-umyvadlo-45x35cm-brousena-spodni-hrana-cerna-mat-94859126-23935\/\" \/>\n<meta property=\"og:locale\" content=\"cs_CZ\" \/>\n<meta property=\"og:type\" content=\"article\" \/>\n<meta property=\"og:title\" content=\"Zna\u010dkov\u00fd Sapho KUBE X keramick\u00e9 umyvadlo 45x35cm, brou\u0161en\u00e1 spodn\u00ed hrana, \u010dern\u00e1 mat 94859126 -\" \/>\n<meta property=\"og:description\" content=\"Detailn\u00ed popis produktu Sanit\u00e1rn\u00ed keramika KUBE X COLOR: masivn\u00ed hranat\u00e1 umyvadla s praktick\u00fdmi&nbsp;odkl\u00e1dac\u00edmi plochami v\u011bt\u0161inu umyvadel lze doplnit o dr\u017e\u00e1ky ru\u010dn\u00edk\u016f, kter\u00e9 lze instalovat i dodate\u010dn\u011b, po mont\u00e1\u017ei umyvadla umyvadla lze dodat i v retifikovan\u00e9 verzi (se zabrou\u0161enou spodn\u00ed plochou) pro pou\u017eit\u00ed na desku, s p\u0159\u00edplatkem dle platn\u00e9ho cen\u00edku&nbsp; S\u00e9rie KUBE X COLOR zahrnuje keramick\u00e1 [&hellip;]\" \/>\n<meta property=\"og:url\" content=\"https:\/\/www.oknobuild.com\/index.php\/produkt\/znackovy-sapho-kube-x-keramicke-umyvadlo-45x35cm-brousena-spodni-hrana-cerna-mat-94859126-23935\/\" \/>\n<meta property=\"og:image\" content=\"https:\/\/www.oknobuild.com\/wp-content\/uploads\/2026\/SK0015705-CZ20260425-093631-0-1777080994-296998_sapho-kube-x-keramicke-umyvadlo-45x35cm--brousena-sp.webp\" \/>\n\t<meta property=\"og:image:width\" content=\"1000\" \/>\n\t<meta property=\"og:image:height\" content=\"750\" \/>\n\t<meta property=\"og:image:type\" content=\"image\/webp\" \/>\n<meta name=\"twitter:card\" content=\"summary_large_image\" \/>\n<meta name=\"twitter:label1\" content=\"Odhadovan\u00e1 doba \u010dten\u00ed\" \/>\n\t<meta name=\"twitter:data1\" content=\"2 minuty\" \/>\n<script type=\"application\/ld+json\" class=\"yoast-schema-graph\">{\"@context\":\"https:\/\/schema.org\",\"@graph\":[{\"@type\":\"WebPage\",\"@id\":\"https:\/\/www.oknobuild.com\/index.php\/produkt\/znackovy-sapho-kube-x-keramicke-umyvadlo-45x35cm-brousena-spodni-hrana-cerna-mat-94859126-23935\/\",\"url\":\"https:\/\/www.oknobuild.com\/index.php\/produkt\/znackovy-sapho-kube-x-keramicke-umyvadlo-45x35cm-brousena-spodni-hrana-cerna-mat-94859126-23935\/\",\"name\":\"Zna\u010dkov\u00fd Sapho KUBE X keramick\u00e9 umyvadlo 45x35cm, brou\u0161en\u00e1 spodn\u00ed hrana, \u010dern\u00e1 mat 94859126 -\",\"isPartOf\":{\"@id\":\"https:\/\/www.oknobuild.com\/#website\"},\"primaryImageOfPage\":{\"@id\":\"https:\/\/www.oknobuild.com\/index.php\/produkt\/znackovy-sapho-kube-x-keramicke-umyvadlo-45x35cm-brousena-spodni-hrana-cerna-mat-94859126-23935\/#primaryimage\"},\"image\":{\"@id\":\"https:\/\/www.oknobuild.com\/index.php\/produkt\/znackovy-sapho-kube-x-keramicke-umyvadlo-45x35cm-brousena-spodni-hrana-cerna-mat-94859126-23935\/#primaryimage\"},\"thumbnailUrl\":\"https:\/\/www.oknobuild.com\/wp-content\/uploads\/2026\/SK0015705-CZ20260425-093631-0-1777080994-296998_sapho-kube-x-keramicke-umyvadlo-45x35cm--brousena-sp.webp\",\"datePublished\":\"2026-04-27T04:41:34+00:00\",\"breadcrumb\":{\"@id\":\"https:\/\/www.oknobuild.com\/index.php\/produkt\/znackovy-sapho-kube-x-keramicke-umyvadlo-45x35cm-brousena-spodni-hrana-cerna-mat-94859126-23935\/#breadcrumb\"},\"inLanguage\":\"cs\",\"potentialAction\":[{\"@type\":\"ReadAction\",\"target\":[\"https:\/\/www.oknobuild.com\/index.php\/produkt\/znackovy-sapho-kube-x-keramicke-umyvadlo-45x35cm-brousena-spodni-hrana-cerna-mat-94859126-23935\/\"]}]},{\"@type\":\"ImageObject\",\"inLanguage\":\"cs\",\"@id\":\"https:\/\/www.oknobuild.com\/index.php\/produkt\/znackovy-sapho-kube-x-keramicke-umyvadlo-45x35cm-brousena-spodni-hrana-cerna-mat-94859126-23935\/#primaryimage\",\"url\":\"https:\/\/www.oknobuild.com\/wp-content\/uploads\/2026\/SK0015705-CZ20260425-093631-0-1777080994-296998_sapho-kube-x-keramicke-umyvadlo-45x35cm--brousena-sp.webp\",\"contentUrl\":\"https:\/\/www.oknobuild.com\/wp-content\/uploads\/2026\/SK0015705-CZ20260425-093631-0-1777080994-296998_sapho-kube-x-keramicke-umyvadlo-45x35cm--brousena-sp.webp\",\"width\":1000,\"height\":750},{\"@type\":\"BreadcrumbList\",\"@id\":\"https:\/\/www.oknobuild.com\/index.php\/produkt\/znackovy-sapho-kube-x-keramicke-umyvadlo-45x35cm-brousena-spodni-hrana-cerna-mat-94859126-23935\/#breadcrumb\",\"itemListElement\":[{\"@type\":\"ListItem\",\"position\":1,\"name\":\"Home\",\"item\":\"https:\/\/www.oknobuild.com\/\"},{\"@type\":\"ListItem\",\"position\":2,\"name\":\"Products\",\"item\":\"https:\/\/www.oknobuild.com\/index.php\/products\/\"},{\"@type\":\"ListItem\",\"position\":3,\"name\":\"Zna\u010dkov\u00fd Sapho KUBE X keramick\u00e9 umyvadlo 45x35cm, brou\u0161en\u00e1 spodn\u00ed hrana, \u010dern\u00e1 mat 94859126\"}]},{\"@type\":\"WebSite\",\"@id\":\"https:\/\/www.oknobuild.com\/#website\",\"url\":\"https:\/\/www.oknobuild.com\/\",\"name\":\"\",\"description\":\"\",\"potentialAction\":[{\"@type\":\"SearchAction\",\"target\":{\"@type\":\"EntryPoint\",\"urlTemplate\":\"https:\/\/www.oknobuild.com\/?s={search_term_string}\"},\"query-input\":{\"@type\":\"PropertyValueSpecification\",\"valueRequired\":true,\"valueName\":\"search_term_string\"}}],\"inLanguage\":\"cs\"}]}<\/script>\n<!-- \/ Yoast SEO plugin. -->","yoast_head_json":{"title":"Zna\u010dkov\u00fd Sapho KUBE X keramick\u00e9 umyvadlo 45x35cm, brou\u0161en\u00e1 spodn\u00ed hrana, \u010dern\u00e1 mat 94859126 -","robots":{"index":"index","follow":"follow","max-snippet":"max-snippet:-1","max-image-preview":"max-image-preview:large","max-video-preview":"max-video-preview:-1"},"canonical":"https:\/\/www.oknobuild.com\/index.php\/produkt\/znackovy-sapho-kube-x-keramicke-umyvadlo-45x35cm-brousena-spodni-hrana-cerna-mat-94859126-23935\/","og_locale":"cs_CZ","og_type":"article","og_title":"Zna\u010dkov\u00fd Sapho KUBE X keramick\u00e9 umyvadlo 45x35cm, brou\u0161en\u00e1 spodn\u00ed hrana, \u010dern\u00e1 mat 94859126 -","og_description":"Detailn\u00ed popis produktu Sanit\u00e1rn\u00ed keramika KUBE X COLOR: masivn\u00ed hranat\u00e1 umyvadla s praktick\u00fdmi&nbsp;odkl\u00e1dac\u00edmi plochami v\u011bt\u0161inu umyvadel lze doplnit o dr\u017e\u00e1ky ru\u010dn\u00edk\u016f, kter\u00e9 lze instalovat i dodate\u010dn\u011b, po mont\u00e1\u017ei umyvadla umyvadla lze dodat i v retifikovan\u00e9 verzi (se zabrou\u0161enou spodn\u00ed plochou) pro pou\u017eit\u00ed na desku, s p\u0159\u00edplatkem dle platn\u00e9ho cen\u00edku&nbsp; S\u00e9rie KUBE X COLOR zahrnuje keramick\u00e1 [&hellip;]","og_url":"https:\/\/www.oknobuild.com\/index.php\/produkt\/znackovy-sapho-kube-x-keramicke-umyvadlo-45x35cm-brousena-spodni-hrana-cerna-mat-94859126-23935\/","og_image":[{"width":1000,"height":750,"url":"https:\/\/www.oknobuild.com\/wp-content\/uploads\/2026\/SK0015705-CZ20260425-093631-0-1777080994-296998_sapho-kube-x-keramicke-umyvadlo-45x35cm--brousena-sp.webp","type":"image\/webp"}],"twitter_card":"summary_large_image","twitter_misc":{"Odhadovan\u00e1 doba \u010dten\u00ed":"2 minuty"},"schema":{"@context":"https:\/\/schema.org","@graph":[{"@type":"WebPage","@id":"https:\/\/www.oknobuild.com\/index.php\/produkt\/znackovy-sapho-kube-x-keramicke-umyvadlo-45x35cm-brousena-spodni-hrana-cerna-mat-94859126-23935\/","url":"https:\/\/www.oknobuild.com\/index.php\/produkt\/znackovy-sapho-kube-x-keramicke-umyvadlo-45x35cm-brousena-spodni-hrana-cerna-mat-94859126-23935\/","name":"Zna\u010dkov\u00fd Sapho KUBE X keramick\u00e9 umyvadlo 45x35cm, brou\u0161en\u00e1 spodn\u00ed hrana, \u010dern\u00e1 mat 94859126 -","isPartOf":{"@id":"https:\/\/www.oknobuild.com\/#website"},"primaryImageOfPage":{"@id":"https:\/\/www.oknobuild.com\/index.php\/produkt\/znackovy-sapho-kube-x-keramicke-umyvadlo-45x35cm-brousena-spodni-hrana-cerna-mat-94859126-23935\/#primaryimage"},"image":{"@id":"https:\/\/www.oknobuild.com\/index.php\/produkt\/znackovy-sapho-kube-x-keramicke-umyvadlo-45x35cm-brousena-spodni-hrana-cerna-mat-94859126-23935\/#primaryimage"},"thumbnailUrl":"https:\/\/www.oknobuild.com\/wp-content\/uploads\/2026\/SK0015705-CZ20260425-093631-0-1777080994-296998_sapho-kube-x-keramicke-umyvadlo-45x35cm--brousena-sp.webp","datePublished":"2026-04-27T04:41:34+00:00","breadcrumb":{"@id":"https:\/\/www.oknobuild.com\/index.php\/produkt\/znackovy-sapho-kube-x-keramicke-umyvadlo-45x35cm-brousena-spodni-hrana-cerna-mat-94859126-23935\/#breadcrumb"},"inLanguage":"cs","potentialAction":[{"@type":"ReadAction","target":["https:\/\/www.oknobuild.com\/index.php\/produkt\/znackovy-sapho-kube-x-keramicke-umyvadlo-45x35cm-brousena-spodni-hrana-cerna-mat-94859126-23935\/"]}]},{"@type":"ImageObject","inLanguage":"cs","@id":"https:\/\/www.oknobuild.com\/index.php\/produkt\/znackovy-sapho-kube-x-keramicke-umyvadlo-45x35cm-brousena-spodni-hrana-cerna-mat-94859126-23935\/#primaryimage","url":"https:\/\/www.oknobuild.com\/wp-content\/uploads\/2026\/SK0015705-CZ20260425-093631-0-1777080994-296998_sapho-kube-x-keramicke-umyvadlo-45x35cm--brousena-sp.webp","contentUrl":"https:\/\/www.oknobuild.com\/wp-content\/uploads\/2026\/SK0015705-CZ20260425-093631-0-1777080994-296998_sapho-kube-x-keramicke-umyvadlo-45x35cm--brousena-sp.webp","width":1000,"height":750},{"@type":"BreadcrumbList","@id":"https:\/\/www.oknobuild.com\/index.php\/produkt\/znackovy-sapho-kube-x-keramicke-umyvadlo-45x35cm-brousena-spodni-hrana-cerna-mat-94859126-23935\/#breadcrumb","itemListElement":[{"@type":"ListItem","position":1,"name":"Home","item":"https:\/\/www.oknobuild.com\/"},{"@type":"ListItem","position":2,"name":"Products","item":"https:\/\/www.oknobuild.com\/index.php\/products\/"},{"@type":"ListItem","position":3,"name":"Zna\u010dkov\u00fd Sapho KUBE X keramick\u00e9 umyvadlo 45x35cm, brou\u0161en\u00e1 spodn\u00ed hrana, \u010dern\u00e1 mat 94859126"}]},{"@type":"WebSite","@id":"https:\/\/www.oknobuild.com\/#website","url":"https:\/\/www.oknobuild.com\/","name":"","description":"","potentialAction":[{"@type":"SearchAction","target":{"@type":"EntryPoint","urlTemplate":"https:\/\/www.oknobuild.com\/?s={search_term_string}"},"query-input":{"@type":"PropertyValueSpecification","valueRequired":true,"valueName":"search_term_string"}}],"inLanguage":"cs"}]}},"_links":{"self":[{"href":"https:\/\/www.oknobuild.com\/index.php\/wp-json\/wp\/v2\/product\/23935","targetHints":{"allow":["GET"]}}],"collection":[{"href":"https:\/\/www.oknobuild.com\/index.php\/wp-json\/wp\/v2\/product"}],"about":[{"href":"https:\/\/www.oknobuild.com\/index.php\/wp-json\/wp\/v2\/types\/product"}],"replies":[{"embeddable":true,"href":"https:\/\/www.oknobuild.com\/index.php\/wp-json\/wp\/v2\/comments?post=23935"}],"wp:featuredmedia":[{"embeddable":true,"href":"https:\/\/www.oknobuild.com\/index.php\/wp-json\/wp\/v2\/media\/24035"}],"wp:attachment":[{"href":"https:\/\/www.oknobuild.com\/index.php\/wp-json\/wp\/v2\/media?parent=23935"}],"wp:term":[{"taxonomy":"product_brand","embeddable":true,"href":"https:\/\/www.oknobuild.com\/index.php\/wp-json\/wp\/v2\/product_brand?post=23935"},{"taxonomy":"product_cat","embeddable":true,"href":"https:\/\/www.oknobuild.com\/index.php\/wp-json\/wp\/v2\/product_cat?post=23935"},{"taxonomy":"product_tag","embeddable":true,"href":"https:\/\/www.oknobuild.com\/index.php\/wp-json\/wp\/v2\/product_tag?post=23935"}],"curies":[{"name":"wp","href":"https:\/\/api.w.org\/{rel}","templated":true}]}}