{"id":24121,"date":"2026-04-27T04:41:34","date_gmt":"2026-04-27T04:41:34","guid":{"rendered":""},"modified":"2026-04-27T04:41:34","modified_gmt":"2026-04-27T04:41:34","slug":"znackovy-sapho-pura-keramicke-umyvadlo-slim-102x46cm-cerna-mat-8886126-24121","status":"publish","type":"product","link":"https:\/\/www.oknobuild.com\/index.php\/produkt\/znackovy-sapho-pura-keramicke-umyvadlo-slim-102x46cm-cerna-mat-8886126-24121\/","title":{"rendered":"Zna\u010dkov\u00fd Sapho PURA keramick\u00e9 umyvadlo Slim 102x46cm, \u010dern\u00e1 mat 8886126"},"content":{"rendered":"<div class=\"basic-description\">\n<h3>Detailn\u00ed popis produktu<\/h3>\n<p><\/p>\n<p>Sanit\u00e1rn\u00ed keramika PURA COLOR<\/p>\n<p style=\"text-align: justify;\">S\u00e9rie PURA COLOR se vyzna\u010duje racion\u00e1ln\u00edm designem a stylovou eleganc\u00ed. Konzervativn\u00ed tvary, kter\u00e9 obratn\u011b vyva\u017euj\u00ed rovn\u00e9 linie a m\u011bkk\u00e9 zaoblen\u00ed, jsou v\u00fdsledkem dlouh\u00e9ho procesu navrhov\u00e1n\u00ed a v\u00fdvoje. Nen\u00e1padn\u00e1 \u010distota lini\u00ed dod\u00e1v\u00e1 v\u00fdrobk\u016fm t\u00e9to \u0159ady eleganci a n\u00e1dech luxusu a kultivovanosti, kter\u00fd se hod\u00ed k jednoduch\u00e9mu, ale vkusn\u00e9mu stylu GSI.<\/p>\n<p>S\u00e9rie PURA COLOR zahrnuje keramick\u00e1 umyvadla na desku, z\u00e1v\u011bsn\u00e9 WC m\u00edsy a bidety v 8 barevn\u00fdch variac\u00edch.&nbsp;<\/p>\n<p>N\u00e1hled barevn\u00fdch variac\u00ed n\u00ed\u017ee. Re\u00e1ln\u00e9 proveden\u00ed barev se m\u016f\u017ee li\u0161it v n\u00e1vaznosti na nastaven\u00ed Va\u0161eho monitoru.<\/p>\n<p>Charakteristika s\u00e9rie:<\/p>\n<ul>\n<li><span>Hranat\u00e1 umyvadla s&nbsp;decentn\u011b zaoblen\u00fdmi rohy a \u0161t\u00edhlou hranou<\/span><\/li>\n<li><span>Ov\u00e1ln\u00e1 a kulat\u00e1 umyvadla se \u0161t\u00edhlou hranou<\/span><\/li>\n<li><span>Umyvadla lze doplnit v\u00fdpust\u00ed s keramickou z\u00e1tkou ve stejn\u00e9 barv\u011b<\/span><\/li>\n<li><span>WC m\u00edsy se splachovac\u00edm syst\u00e9mem SwirlFlush&reg;<\/span><span>&nbsp;a SAVE WATER, kter\u00fd umo\u017e\u0148uje splachovat&nbsp;pouze 4,5 litry vody<\/span><\/li>\n<li>Sed\u00e1tka k z\u00e1v\u011bsn\u00fdm WC opat\u0159ena syst\u00e9mem&nbsp;SOFT CLOSE (pomal\u00e9 skl\u00e1p\u011bn\u00ed) a QUICK RELEASE (odn\u00edmateln\u00e9 sed\u00e1tko)<\/li>\n<\/ul>\n<h2 class=\"props-title\">Vlastnosti<\/h2>\n<table>\n<tr>\n<th>Zna\u010dka<\/th>\n<td>GSI<\/td>\n<\/tr>\n<tr>\n<th>S\u00e9rie<\/th>\n<td>PURA COLOR<\/td>\n<\/tr>\n<tr>\n<th>3D model<\/th>\n<td>ANO<\/td>\n<\/tr>\n<tr>\n<th>Rozm\u011br<\/th>\n<td>102,6&#215;17,5&#215;46 cm<\/td>\n<\/tr>\n<tr>\n<th>\u0160\u00ed\u0159ka<\/th>\n<td>1026&nbsp;mm<\/td>\n<\/tr>\n<tr>\n<th>V\u00fd\u0161ka<\/th>\n<td>175&nbsp;mm<\/td>\n<\/tr>\n<tr>\n<th>Hloubka<\/th>\n<td>460&nbsp;mm<\/td>\n<\/tr>\n<tr>\n<th>Barva<\/th>\n<td>\u010cern\u00e1<\/td>\n<\/tr>\n<tr>\n<th>Materi\u00e1l<\/th>\n<td>Keramika<\/td>\n<\/tr>\n<tr>\n<th>Instalace<\/th>\n<td>N\u00e1st\u011bnn\u00e1-\u0161rouby<\/td>\n<\/tr>\n<tr>\n<th>Typ umyvadla<\/th>\n<td>Klasick\u00e9 umyvadlo<\/td>\n<\/tr>\n<tr>\n<th>Otvor pro baterii<\/th>\n<td>1 otvor<\/td>\n<\/tr>\n<tr>\n<th>P\u0159epad<\/th>\n<td>ANO<\/td>\n<\/tr>\n<tr>\n<th>Tvar<\/th>\n<td>Obd\u00e9ln\u00edk<\/td>\n<\/tr>\n<tr>\n<th>Hmotnost \/ ks<\/th>\n<td>22.8000&nbsp;kg<\/td>\n<\/tr>\n<tr>\n<th>Balen\u00ed<\/th>\n<td>1&nbsp;ks<\/td>\n<\/tr>\n<tr>\n<th>EAN<\/th>\n<td>8052015162749<\/td>\n<\/tr>\n<tr>\n<th>Taric<\/th>\n<td>69109000<\/td>\n<\/tr>\n<tr>\n<th>Z\u00e1ruka<\/th>\n<td>2 roky<\/td>\n<\/tr>\n<\/table>\n<p>   Upozorn\u011bn\u00ed pro z\u00e1kazn\u00edky ke koupi produkt\u016f na objedn\u00e1n\u00ed: Toto zbo\u017e\u00ed nen\u00ed standardn\u00edm s\u00e9riov\u00fdm v\u00fdrobkem. Bude vyrobeno na p\u0159\u00e1n\u00ed z\u00e1kazn\u00edka a proto jej nelze dodavateli v z\u00e1konn\u00e9 lh\u016ft\u011b vr\u00e1tit. (viz \u00a71837 odst.d, ob\u010dansk\u00e9ho z\u00e1kon\u00edku). V tomto p\u0159\u00edpad\u011b m\u016f\u017eeme po\u017eadovat nevratnou z\u00e1lohu a\u017e do v\u00fd\u0161e 100 % z ceny v\u00fdrobku.                            <\/p><\/div>\n","protected":false},"excerpt":{"rendered":"<p>Detailn\u00ed popis produktu Sanit\u00e1rn\u00ed keramika PURA COLOR S\u00e9rie PURA COLOR se vyzna\u010duje racion\u00e1ln\u00edm designem a stylovou eleganc\u00ed. Konzervativn\u00ed tvary, kter\u00e9 obratn\u011b vyva\u017euj\u00ed rovn\u00e9 linie a m\u011bkk\u00e9 zaoblen\u00ed, jsou v\u00fdsledkem dlouh\u00e9ho procesu navrhov\u00e1n\u00ed a v\u00fdvoje. Nen\u00e1padn\u00e1 \u010distota lini\u00ed dod\u00e1v\u00e1 v\u00fdrobk\u016fm t\u00e9to \u0159ady eleganci a n\u00e1dech luxusu a kultivovanosti, kter\u00fd se hod\u00ed k jednoduch\u00e9mu, ale vkusn\u00e9mu stylu [&hellip;]<\/p>\n","protected":false},"featured_media":24221,"comment_status":"open","ping_status":"open","template":"","meta":[],"product_brand":[],"product_cat":[75],"product_tag":[],"class_list":{"0":"post-24121","1":"product","2":"type-product","3":"status-publish","4":"has-post-thumbnail","6":"product_cat-koupelnove-vybaveni","8":"first","9":"instock","10":"sale","11":"shipping-taxable","12":"purchasable","13":"product-type-simple"},"yoast_head":"<!-- This site is optimized with the Yoast SEO plugin v26.8 - https:\/\/yoast.com\/product\/yoast-seo-wordpress\/ -->\n<title>Zna\u010dkov\u00fd Sapho PURA keramick\u00e9 umyvadlo Slim 102x46cm, \u010dern\u00e1 mat 8886126 -<\/title>\n<meta name=\"robots\" content=\"index, follow, max-snippet:-1, max-image-preview:large, max-video-preview:-1\" \/>\n<link rel=\"canonical\" href=\"https:\/\/www.oknobuild.com\/index.php\/produkt\/znackovy-sapho-pura-keramicke-umyvadlo-slim-102x46cm-cerna-mat-8886126-24121\/\" \/>\n<meta property=\"og:locale\" content=\"cs_CZ\" \/>\n<meta property=\"og:type\" content=\"article\" \/>\n<meta property=\"og:title\" content=\"Zna\u010dkov\u00fd Sapho PURA keramick\u00e9 umyvadlo Slim 102x46cm, \u010dern\u00e1 mat 8886126 -\" \/>\n<meta property=\"og:description\" content=\"Detailn\u00ed popis produktu Sanit\u00e1rn\u00ed keramika PURA COLOR S\u00e9rie PURA COLOR se vyzna\u010duje racion\u00e1ln\u00edm designem a stylovou eleganc\u00ed. Konzervativn\u00ed tvary, kter\u00e9 obratn\u011b vyva\u017euj\u00ed rovn\u00e9 linie a m\u011bkk\u00e9 zaoblen\u00ed, jsou v\u00fdsledkem dlouh\u00e9ho procesu navrhov\u00e1n\u00ed a v\u00fdvoje. Nen\u00e1padn\u00e1 \u010distota lini\u00ed dod\u00e1v\u00e1 v\u00fdrobk\u016fm t\u00e9to \u0159ady eleganci a n\u00e1dech luxusu a kultivovanosti, kter\u00fd se hod\u00ed k jednoduch\u00e9mu, ale vkusn\u00e9mu stylu [&hellip;]\" \/>\n<meta property=\"og:url\" content=\"https:\/\/www.oknobuild.com\/index.php\/produkt\/znackovy-sapho-pura-keramicke-umyvadlo-slim-102x46cm-cerna-mat-8886126-24121\/\" \/>\n<meta property=\"og:image\" content=\"https:\/\/www.oknobuild.com\/wp-content\/uploads\/2026\/SK0015791-CZ20260425-093631-0-1777080994-297268-4_sapho-pura-keramicke-umyvadlo-slim-102x46cm--cerna.webp\" \/>\n\t<meta property=\"og:image:width\" content=\"1000\" \/>\n\t<meta property=\"og:image:height\" content=\"750\" \/>\n\t<meta property=\"og:image:type\" content=\"image\/webp\" \/>\n<meta name=\"twitter:card\" content=\"summary_large_image\" \/>\n<meta name=\"twitter:label1\" content=\"Odhadovan\u00e1 doba \u010dten\u00ed\" \/>\n\t<meta name=\"twitter:data1\" content=\"2 minuty\" \/>\n<script type=\"application\/ld+json\" class=\"yoast-schema-graph\">{\"@context\":\"https:\/\/schema.org\",\"@graph\":[{\"@type\":\"WebPage\",\"@id\":\"https:\/\/www.oknobuild.com\/index.php\/produkt\/znackovy-sapho-pura-keramicke-umyvadlo-slim-102x46cm-cerna-mat-8886126-24121\/\",\"url\":\"https:\/\/www.oknobuild.com\/index.php\/produkt\/znackovy-sapho-pura-keramicke-umyvadlo-slim-102x46cm-cerna-mat-8886126-24121\/\",\"name\":\"Zna\u010dkov\u00fd Sapho PURA keramick\u00e9 umyvadlo Slim 102x46cm, \u010dern\u00e1 mat 8886126 -\",\"isPartOf\":{\"@id\":\"https:\/\/www.oknobuild.com\/#website\"},\"primaryImageOfPage\":{\"@id\":\"https:\/\/www.oknobuild.com\/index.php\/produkt\/znackovy-sapho-pura-keramicke-umyvadlo-slim-102x46cm-cerna-mat-8886126-24121\/#primaryimage\"},\"image\":{\"@id\":\"https:\/\/www.oknobuild.com\/index.php\/produkt\/znackovy-sapho-pura-keramicke-umyvadlo-slim-102x46cm-cerna-mat-8886126-24121\/#primaryimage\"},\"thumbnailUrl\":\"https:\/\/www.oknobuild.com\/wp-content\/uploads\/2026\/SK0015791-CZ20260425-093631-0-1777080994-297268-4_sapho-pura-keramicke-umyvadlo-slim-102x46cm--cerna.webp\",\"datePublished\":\"2026-04-27T04:41:34+00:00\",\"breadcrumb\":{\"@id\":\"https:\/\/www.oknobuild.com\/index.php\/produkt\/znackovy-sapho-pura-keramicke-umyvadlo-slim-102x46cm-cerna-mat-8886126-24121\/#breadcrumb\"},\"inLanguage\":\"cs\",\"potentialAction\":[{\"@type\":\"ReadAction\",\"target\":[\"https:\/\/www.oknobuild.com\/index.php\/produkt\/znackovy-sapho-pura-keramicke-umyvadlo-slim-102x46cm-cerna-mat-8886126-24121\/\"]}]},{\"@type\":\"ImageObject\",\"inLanguage\":\"cs\",\"@id\":\"https:\/\/www.oknobuild.com\/index.php\/produkt\/znackovy-sapho-pura-keramicke-umyvadlo-slim-102x46cm-cerna-mat-8886126-24121\/#primaryimage\",\"url\":\"https:\/\/www.oknobuild.com\/wp-content\/uploads\/2026\/SK0015791-CZ20260425-093631-0-1777080994-297268-4_sapho-pura-keramicke-umyvadlo-slim-102x46cm--cerna.webp\",\"contentUrl\":\"https:\/\/www.oknobuild.com\/wp-content\/uploads\/2026\/SK0015791-CZ20260425-093631-0-1777080994-297268-4_sapho-pura-keramicke-umyvadlo-slim-102x46cm--cerna.webp\",\"width\":1000,\"height\":750},{\"@type\":\"BreadcrumbList\",\"@id\":\"https:\/\/www.oknobuild.com\/index.php\/produkt\/znackovy-sapho-pura-keramicke-umyvadlo-slim-102x46cm-cerna-mat-8886126-24121\/#breadcrumb\",\"itemListElement\":[{\"@type\":\"ListItem\",\"position\":1,\"name\":\"Home\",\"item\":\"https:\/\/www.oknobuild.com\/\"},{\"@type\":\"ListItem\",\"position\":2,\"name\":\"Products\",\"item\":\"https:\/\/www.oknobuild.com\/index.php\/products\/\"},{\"@type\":\"ListItem\",\"position\":3,\"name\":\"Zna\u010dkov\u00fd Sapho PURA keramick\u00e9 umyvadlo Slim 102x46cm, \u010dern\u00e1 mat 8886126\"}]},{\"@type\":\"WebSite\",\"@id\":\"https:\/\/www.oknobuild.com\/#website\",\"url\":\"https:\/\/www.oknobuild.com\/\",\"name\":\"\",\"description\":\"\",\"potentialAction\":[{\"@type\":\"SearchAction\",\"target\":{\"@type\":\"EntryPoint\",\"urlTemplate\":\"https:\/\/www.oknobuild.com\/?s={search_term_string}\"},\"query-input\":{\"@type\":\"PropertyValueSpecification\",\"valueRequired\":true,\"valueName\":\"search_term_string\"}}],\"inLanguage\":\"cs\"}]}<\/script>\n<!-- \/ Yoast SEO plugin. -->","yoast_head_json":{"title":"Zna\u010dkov\u00fd Sapho PURA keramick\u00e9 umyvadlo Slim 102x46cm, \u010dern\u00e1 mat 8886126 -","robots":{"index":"index","follow":"follow","max-snippet":"max-snippet:-1","max-image-preview":"max-image-preview:large","max-video-preview":"max-video-preview:-1"},"canonical":"https:\/\/www.oknobuild.com\/index.php\/produkt\/znackovy-sapho-pura-keramicke-umyvadlo-slim-102x46cm-cerna-mat-8886126-24121\/","og_locale":"cs_CZ","og_type":"article","og_title":"Zna\u010dkov\u00fd Sapho PURA keramick\u00e9 umyvadlo Slim 102x46cm, \u010dern\u00e1 mat 8886126 -","og_description":"Detailn\u00ed popis produktu Sanit\u00e1rn\u00ed keramika PURA COLOR S\u00e9rie PURA COLOR se vyzna\u010duje racion\u00e1ln\u00edm designem a stylovou eleganc\u00ed. Konzervativn\u00ed tvary, kter\u00e9 obratn\u011b vyva\u017euj\u00ed rovn\u00e9 linie a m\u011bkk\u00e9 zaoblen\u00ed, jsou v\u00fdsledkem dlouh\u00e9ho procesu navrhov\u00e1n\u00ed a v\u00fdvoje. Nen\u00e1padn\u00e1 \u010distota lini\u00ed dod\u00e1v\u00e1 v\u00fdrobk\u016fm t\u00e9to \u0159ady eleganci a n\u00e1dech luxusu a kultivovanosti, kter\u00fd se hod\u00ed k jednoduch\u00e9mu, ale vkusn\u00e9mu stylu [&hellip;]","og_url":"https:\/\/www.oknobuild.com\/index.php\/produkt\/znackovy-sapho-pura-keramicke-umyvadlo-slim-102x46cm-cerna-mat-8886126-24121\/","og_image":[{"width":1000,"height":750,"url":"https:\/\/www.oknobuild.com\/wp-content\/uploads\/2026\/SK0015791-CZ20260425-093631-0-1777080994-297268-4_sapho-pura-keramicke-umyvadlo-slim-102x46cm--cerna.webp","type":"image\/webp"}],"twitter_card":"summary_large_image","twitter_misc":{"Odhadovan\u00e1 doba \u010dten\u00ed":"2 minuty"},"schema":{"@context":"https:\/\/schema.org","@graph":[{"@type":"WebPage","@id":"https:\/\/www.oknobuild.com\/index.php\/produkt\/znackovy-sapho-pura-keramicke-umyvadlo-slim-102x46cm-cerna-mat-8886126-24121\/","url":"https:\/\/www.oknobuild.com\/index.php\/produkt\/znackovy-sapho-pura-keramicke-umyvadlo-slim-102x46cm-cerna-mat-8886126-24121\/","name":"Zna\u010dkov\u00fd Sapho PURA keramick\u00e9 umyvadlo Slim 102x46cm, \u010dern\u00e1 mat 8886126 -","isPartOf":{"@id":"https:\/\/www.oknobuild.com\/#website"},"primaryImageOfPage":{"@id":"https:\/\/www.oknobuild.com\/index.php\/produkt\/znackovy-sapho-pura-keramicke-umyvadlo-slim-102x46cm-cerna-mat-8886126-24121\/#primaryimage"},"image":{"@id":"https:\/\/www.oknobuild.com\/index.php\/produkt\/znackovy-sapho-pura-keramicke-umyvadlo-slim-102x46cm-cerna-mat-8886126-24121\/#primaryimage"},"thumbnailUrl":"https:\/\/www.oknobuild.com\/wp-content\/uploads\/2026\/SK0015791-CZ20260425-093631-0-1777080994-297268-4_sapho-pura-keramicke-umyvadlo-slim-102x46cm--cerna.webp","datePublished":"2026-04-27T04:41:34+00:00","breadcrumb":{"@id":"https:\/\/www.oknobuild.com\/index.php\/produkt\/znackovy-sapho-pura-keramicke-umyvadlo-slim-102x46cm-cerna-mat-8886126-24121\/#breadcrumb"},"inLanguage":"cs","potentialAction":[{"@type":"ReadAction","target":["https:\/\/www.oknobuild.com\/index.php\/produkt\/znackovy-sapho-pura-keramicke-umyvadlo-slim-102x46cm-cerna-mat-8886126-24121\/"]}]},{"@type":"ImageObject","inLanguage":"cs","@id":"https:\/\/www.oknobuild.com\/index.php\/produkt\/znackovy-sapho-pura-keramicke-umyvadlo-slim-102x46cm-cerna-mat-8886126-24121\/#primaryimage","url":"https:\/\/www.oknobuild.com\/wp-content\/uploads\/2026\/SK0015791-CZ20260425-093631-0-1777080994-297268-4_sapho-pura-keramicke-umyvadlo-slim-102x46cm--cerna.webp","contentUrl":"https:\/\/www.oknobuild.com\/wp-content\/uploads\/2026\/SK0015791-CZ20260425-093631-0-1777080994-297268-4_sapho-pura-keramicke-umyvadlo-slim-102x46cm--cerna.webp","width":1000,"height":750},{"@type":"BreadcrumbList","@id":"https:\/\/www.oknobuild.com\/index.php\/produkt\/znackovy-sapho-pura-keramicke-umyvadlo-slim-102x46cm-cerna-mat-8886126-24121\/#breadcrumb","itemListElement":[{"@type":"ListItem","position":1,"name":"Home","item":"https:\/\/www.oknobuild.com\/"},{"@type":"ListItem","position":2,"name":"Products","item":"https:\/\/www.oknobuild.com\/index.php\/products\/"},{"@type":"ListItem","position":3,"name":"Zna\u010dkov\u00fd Sapho PURA keramick\u00e9 umyvadlo Slim 102x46cm, \u010dern\u00e1 mat 8886126"}]},{"@type":"WebSite","@id":"https:\/\/www.oknobuild.com\/#website","url":"https:\/\/www.oknobuild.com\/","name":"","description":"","potentialAction":[{"@type":"SearchAction","target":{"@type":"EntryPoint","urlTemplate":"https:\/\/www.oknobuild.com\/?s={search_term_string}"},"query-input":{"@type":"PropertyValueSpecification","valueRequired":true,"valueName":"search_term_string"}}],"inLanguage":"cs"}]}},"_links":{"self":[{"href":"https:\/\/www.oknobuild.com\/index.php\/wp-json\/wp\/v2\/product\/24121","targetHints":{"allow":["GET"]}}],"collection":[{"href":"https:\/\/www.oknobuild.com\/index.php\/wp-json\/wp\/v2\/product"}],"about":[{"href":"https:\/\/www.oknobuild.com\/index.php\/wp-json\/wp\/v2\/types\/product"}],"replies":[{"embeddable":true,"href":"https:\/\/www.oknobuild.com\/index.php\/wp-json\/wp\/v2\/comments?post=24121"}],"wp:featuredmedia":[{"embeddable":true,"href":"https:\/\/www.oknobuild.com\/index.php\/wp-json\/wp\/v2\/media\/24221"}],"wp:attachment":[{"href":"https:\/\/www.oknobuild.com\/index.php\/wp-json\/wp\/v2\/media?parent=24121"}],"wp:term":[{"taxonomy":"product_brand","embeddable":true,"href":"https:\/\/www.oknobuild.com\/index.php\/wp-json\/wp\/v2\/product_brand?post=24121"},{"taxonomy":"product_cat","embeddable":true,"href":"https:\/\/www.oknobuild.com\/index.php\/wp-json\/wp\/v2\/product_cat?post=24121"},{"taxonomy":"product_tag","embeddable":true,"href":"https:\/\/www.oknobuild.com\/index.php\/wp-json\/wp\/v2\/product_tag?post=24121"}],"curies":[{"name":"wp","href":"https:\/\/api.w.org\/{rel}","templated":true}]}}