{"id":24169,"date":"2026-04-27T04:41:34","date_gmt":"2026-04-27T04:41:34","guid":{"rendered":""},"modified":"2026-04-27T04:41:34","modified_gmt":"2026-04-27T04:41:34","slug":"santech-vypust-mcalpine-s-napoustenim-65-cm-click-clack-chrom-akce-24169","status":"publish","type":"product","link":"https:\/\/www.oknobuild.com\/index.php\/produkt\/santech-vypust-mcalpine-s-napoustenim-65-cm-click-clack-chrom-akce-24169\/","title":{"rendered":"Santech v\u00fdpus\u0165 McALPINE s napou\u0161t\u011bn\u00edm 65 cm, click-clack chrom Akce"},"content":{"rendered":"<div class=\"basic-description\">\n<h3>Detailn\u00ed popis produktu<\/h3>\n<p><span>Mechanick\u00e1 v\u00fdpus\u0165 s napou\u0161t\u011bn\u00edm CLICK\/CLACK je vhodn\u00e1 pro vany standardn\u00edch rozm\u011br\u016f i vany s \u00fazk\u00fdm horn\u00edm okrajem s po\u017eadavkem na obezd\u011bn\u00ed nep\u0159esahuj\u00edc\u00ed obvod vany.<\/span><\/p>\n<ul>\n<li>Proveden\u00ed: chrom\n<\/li>\n<li>D\u00e9lka: 650 mm &#8211; d\u00e9lku lze zkr\u00e1tit\n<\/li>\n<li>K\u00f3d: VYPMC65\n<\/li>\n<li>Instala\u010dn\u00ed \u0161\u00ed\u0159ka p\u0159epadu na boku vany v\u010d.\u0161rouben\u00ed pro p\u0159\u00edvod vody 30 mm\n<\/li>\n<li>T\u011blo sifonu s&nbsp;p\u0159epadem a bo\u010dn\u00edm G1\/2\u201c&nbsp; \u0161rouben\u00ed pro p\u0159\u00edvod vody&nbsp;\n<\/li>\n<li>Uzav\u00edr\u00e1n\u00ed odpadu syst\u00e9mem CLICK\/CLACK\n<\/li>\n<li>Pochromovan\u00e1 kovov\u00e1 ovl\u00e1dac\u00ed hlavice\n<\/li>\n<li>Pochromovan\u00e1 kovov\u00e1 z\u00e1tka\n<\/li>\n<li>Nerezov\u00e1 m\u0159\u00ed\u017eka v\u00fdpusti\n<\/li>\n<li>Z\u00e1pachov\u00e1 uz\u00e1v\u011bra pr. 50 mm\n<\/li>\n<li>Mont\u00e1\u017en\u00ed set<\/li>\n<\/ul>\n<p><strong>Upozorn\u011bn\u00ed pro z\u00e1kazn\u00edky ke koupi produkt\u016f na objedn\u00e1n\u00ed:<\/strong><span>&nbsp;Toto zbo\u017e\u00ed nen\u00ed standardn\u00edm s\u00e9riov\u00fdm v\u00fdrobkem. Bude vyrobeno na p\u0159\u00e1n\u00ed z\u00e1kazn\u00edka a proto jej&nbsp;<\/span><strong>nelze dodavateli v z\u00e1konn\u00e9 lh\u016ft\u011b vr\u00e1tit<\/strong><span>. (viz \u00a71837 odst.d, ob\u010dansk\u00e9ho z\u00e1kon\u00edku). V tomto p\u0159\u00edpad\u011b m\u016f\u017eeme po\u017eadovat nevratnou z\u00e1lohu a\u017e do v\u00fd\u0161e 100 % z ceny v\u00fdrobku.<\/span><\/p>\n<\/p><\/div>\n","protected":false},"excerpt":{"rendered":"<p>Detailn\u00ed popis produktu Mechanick\u00e1 v\u00fdpus\u0165 s napou\u0161t\u011bn\u00edm CLICK\/CLACK je vhodn\u00e1 pro vany standardn\u00edch rozm\u011br\u016f i vany s \u00fazk\u00fdm horn\u00edm okrajem s po\u017eadavkem na obezd\u011bn\u00ed nep\u0159esahuj\u00edc\u00ed obvod vany. Proveden\u00ed: chrom D\u00e9lka: 650 mm &#8211; d\u00e9lku lze zkr\u00e1tit K\u00f3d: VYPMC65 Instala\u010dn\u00ed \u0161\u00ed\u0159ka p\u0159epadu na boku vany v\u010d.\u0161rouben\u00ed pro p\u0159\u00edvod vody 30 mm T\u011blo sifonu s&nbsp;p\u0159epadem a bo\u010dn\u00edm [&hellip;]<\/p>\n","protected":false},"featured_media":24269,"comment_status":"open","ping_status":"open","template":"","meta":[],"product_brand":[],"product_cat":[77],"product_tag":[],"class_list":{"0":"post-24169","1":"product","2":"type-product","3":"status-publish","4":"has-post-thumbnail","6":"product_cat-vany","8":"first","9":"instock","10":"sale","11":"shipping-taxable","12":"purchasable","13":"product-type-simple"},"yoast_head":"<!-- This site is optimized with the Yoast SEO plugin v26.8 - https:\/\/yoast.com\/product\/yoast-seo-wordpress\/ -->\n<title>Santech v\u00fdpus\u0165 McALPINE s napou\u0161t\u011bn\u00edm 65 cm, click-clack chrom Akce -<\/title>\n<meta name=\"robots\" content=\"index, follow, max-snippet:-1, max-image-preview:large, max-video-preview:-1\" \/>\n<link rel=\"canonical\" href=\"https:\/\/www.oknobuild.com\/index.php\/produkt\/santech-vypust-mcalpine-s-napoustenim-65-cm-click-clack-chrom-akce-24169\/\" \/>\n<meta property=\"og:locale\" content=\"cs_CZ\" \/>\n<meta property=\"og:type\" content=\"article\" \/>\n<meta property=\"og:title\" content=\"Santech v\u00fdpus\u0165 McALPINE s napou\u0161t\u011bn\u00edm 65 cm, click-clack chrom Akce -\" \/>\n<meta property=\"og:description\" content=\"Detailn\u00ed popis produktu Mechanick\u00e1 v\u00fdpus\u0165 s napou\u0161t\u011bn\u00edm CLICK\/CLACK je vhodn\u00e1 pro vany standardn\u00edch rozm\u011br\u016f i vany s \u00fazk\u00fdm horn\u00edm okrajem s po\u017eadavkem na obezd\u011bn\u00ed nep\u0159esahuj\u00edc\u00ed obvod vany. Proveden\u00ed: chrom D\u00e9lka: 650 mm &#8211; d\u00e9lku lze zkr\u00e1tit K\u00f3d: VYPMC65 Instala\u010dn\u00ed \u0161\u00ed\u0159ka p\u0159epadu na boku vany v\u010d.\u0161rouben\u00ed pro p\u0159\u00edvod vody 30 mm T\u011blo sifonu s&nbsp;p\u0159epadem a bo\u010dn\u00edm [&hellip;]\" \/>\n<meta property=\"og:url\" content=\"https:\/\/www.oknobuild.com\/index.php\/produkt\/santech-vypust-mcalpine-s-napoustenim-65-cm-click-clack-chrom-akce-24169\/\" \/>\n<meta property=\"og:image\" content=\"https:\/\/www.oknobuild.com\/wp-content\/uploads\/2026\/SK0015839-CZ20260425-093631-0-1777080994-297475_mcalpine-click-clack-1684998873.webp\" \/>\n\t<meta property=\"og:image:width\" content=\"1000\" \/>\n\t<meta property=\"og:image:height\" content=\"750\" \/>\n\t<meta property=\"og:image:type\" content=\"image\/webp\" \/>\n<meta name=\"twitter:card\" content=\"summary_large_image\" \/>\n<meta name=\"twitter:label1\" content=\"Odhadovan\u00e1 doba \u010dten\u00ed\" \/>\n\t<meta name=\"twitter:data1\" content=\"1 minuta\" \/>\n<script type=\"application\/ld+json\" class=\"yoast-schema-graph\">{\"@context\":\"https:\/\/schema.org\",\"@graph\":[{\"@type\":\"WebPage\",\"@id\":\"https:\/\/www.oknobuild.com\/index.php\/produkt\/santech-vypust-mcalpine-s-napoustenim-65-cm-click-clack-chrom-akce-24169\/\",\"url\":\"https:\/\/www.oknobuild.com\/index.php\/produkt\/santech-vypust-mcalpine-s-napoustenim-65-cm-click-clack-chrom-akce-24169\/\",\"name\":\"Santech v\u00fdpus\u0165 McALPINE s napou\u0161t\u011bn\u00edm 65 cm, click-clack chrom Akce -\",\"isPartOf\":{\"@id\":\"https:\/\/www.oknobuild.com\/#website\"},\"primaryImageOfPage\":{\"@id\":\"https:\/\/www.oknobuild.com\/index.php\/produkt\/santech-vypust-mcalpine-s-napoustenim-65-cm-click-clack-chrom-akce-24169\/#primaryimage\"},\"image\":{\"@id\":\"https:\/\/www.oknobuild.com\/index.php\/produkt\/santech-vypust-mcalpine-s-napoustenim-65-cm-click-clack-chrom-akce-24169\/#primaryimage\"},\"thumbnailUrl\":\"https:\/\/www.oknobuild.com\/wp-content\/uploads\/2026\/SK0015839-CZ20260425-093631-0-1777080994-297475_mcalpine-click-clack-1684998873.webp\",\"datePublished\":\"2026-04-27T04:41:34+00:00\",\"breadcrumb\":{\"@id\":\"https:\/\/www.oknobuild.com\/index.php\/produkt\/santech-vypust-mcalpine-s-napoustenim-65-cm-click-clack-chrom-akce-24169\/#breadcrumb\"},\"inLanguage\":\"cs\",\"potentialAction\":[{\"@type\":\"ReadAction\",\"target\":[\"https:\/\/www.oknobuild.com\/index.php\/produkt\/santech-vypust-mcalpine-s-napoustenim-65-cm-click-clack-chrom-akce-24169\/\"]}]},{\"@type\":\"ImageObject\",\"inLanguage\":\"cs\",\"@id\":\"https:\/\/www.oknobuild.com\/index.php\/produkt\/santech-vypust-mcalpine-s-napoustenim-65-cm-click-clack-chrom-akce-24169\/#primaryimage\",\"url\":\"https:\/\/www.oknobuild.com\/wp-content\/uploads\/2026\/SK0015839-CZ20260425-093631-0-1777080994-297475_mcalpine-click-clack-1684998873.webp\",\"contentUrl\":\"https:\/\/www.oknobuild.com\/wp-content\/uploads\/2026\/SK0015839-CZ20260425-093631-0-1777080994-297475_mcalpine-click-clack-1684998873.webp\",\"width\":1000,\"height\":750},{\"@type\":\"BreadcrumbList\",\"@id\":\"https:\/\/www.oknobuild.com\/index.php\/produkt\/santech-vypust-mcalpine-s-napoustenim-65-cm-click-clack-chrom-akce-24169\/#breadcrumb\",\"itemListElement\":[{\"@type\":\"ListItem\",\"position\":1,\"name\":\"Home\",\"item\":\"https:\/\/www.oknobuild.com\/\"},{\"@type\":\"ListItem\",\"position\":2,\"name\":\"Products\",\"item\":\"https:\/\/www.oknobuild.com\/index.php\/products\/\"},{\"@type\":\"ListItem\",\"position\":3,\"name\":\"Santech v\u00fdpus\u0165 McALPINE s napou\u0161t\u011bn\u00edm 65 cm, click-clack chrom Akce\"}]},{\"@type\":\"WebSite\",\"@id\":\"https:\/\/www.oknobuild.com\/#website\",\"url\":\"https:\/\/www.oknobuild.com\/\",\"name\":\"\",\"description\":\"\",\"potentialAction\":[{\"@type\":\"SearchAction\",\"target\":{\"@type\":\"EntryPoint\",\"urlTemplate\":\"https:\/\/www.oknobuild.com\/?s={search_term_string}\"},\"query-input\":{\"@type\":\"PropertyValueSpecification\",\"valueRequired\":true,\"valueName\":\"search_term_string\"}}],\"inLanguage\":\"cs\"}]}<\/script>\n<!-- \/ Yoast SEO plugin. -->","yoast_head_json":{"title":"Santech v\u00fdpus\u0165 McALPINE s napou\u0161t\u011bn\u00edm 65 cm, click-clack chrom Akce -","robots":{"index":"index","follow":"follow","max-snippet":"max-snippet:-1","max-image-preview":"max-image-preview:large","max-video-preview":"max-video-preview:-1"},"canonical":"https:\/\/www.oknobuild.com\/index.php\/produkt\/santech-vypust-mcalpine-s-napoustenim-65-cm-click-clack-chrom-akce-24169\/","og_locale":"cs_CZ","og_type":"article","og_title":"Santech v\u00fdpus\u0165 McALPINE s napou\u0161t\u011bn\u00edm 65 cm, click-clack chrom Akce -","og_description":"Detailn\u00ed popis produktu Mechanick\u00e1 v\u00fdpus\u0165 s napou\u0161t\u011bn\u00edm CLICK\/CLACK je vhodn\u00e1 pro vany standardn\u00edch rozm\u011br\u016f i vany s \u00fazk\u00fdm horn\u00edm okrajem s po\u017eadavkem na obezd\u011bn\u00ed nep\u0159esahuj\u00edc\u00ed obvod vany. Proveden\u00ed: chrom D\u00e9lka: 650 mm &#8211; d\u00e9lku lze zkr\u00e1tit K\u00f3d: VYPMC65 Instala\u010dn\u00ed \u0161\u00ed\u0159ka p\u0159epadu na boku vany v\u010d.\u0161rouben\u00ed pro p\u0159\u00edvod vody 30 mm T\u011blo sifonu s&nbsp;p\u0159epadem a bo\u010dn\u00edm [&hellip;]","og_url":"https:\/\/www.oknobuild.com\/index.php\/produkt\/santech-vypust-mcalpine-s-napoustenim-65-cm-click-clack-chrom-akce-24169\/","og_image":[{"width":1000,"height":750,"url":"https:\/\/www.oknobuild.com\/wp-content\/uploads\/2026\/SK0015839-CZ20260425-093631-0-1777080994-297475_mcalpine-click-clack-1684998873.webp","type":"image\/webp"}],"twitter_card":"summary_large_image","twitter_misc":{"Odhadovan\u00e1 doba \u010dten\u00ed":"1 minuta"},"schema":{"@context":"https:\/\/schema.org","@graph":[{"@type":"WebPage","@id":"https:\/\/www.oknobuild.com\/index.php\/produkt\/santech-vypust-mcalpine-s-napoustenim-65-cm-click-clack-chrom-akce-24169\/","url":"https:\/\/www.oknobuild.com\/index.php\/produkt\/santech-vypust-mcalpine-s-napoustenim-65-cm-click-clack-chrom-akce-24169\/","name":"Santech v\u00fdpus\u0165 McALPINE s napou\u0161t\u011bn\u00edm 65 cm, click-clack chrom Akce -","isPartOf":{"@id":"https:\/\/www.oknobuild.com\/#website"},"primaryImageOfPage":{"@id":"https:\/\/www.oknobuild.com\/index.php\/produkt\/santech-vypust-mcalpine-s-napoustenim-65-cm-click-clack-chrom-akce-24169\/#primaryimage"},"image":{"@id":"https:\/\/www.oknobuild.com\/index.php\/produkt\/santech-vypust-mcalpine-s-napoustenim-65-cm-click-clack-chrom-akce-24169\/#primaryimage"},"thumbnailUrl":"https:\/\/www.oknobuild.com\/wp-content\/uploads\/2026\/SK0015839-CZ20260425-093631-0-1777080994-297475_mcalpine-click-clack-1684998873.webp","datePublished":"2026-04-27T04:41:34+00:00","breadcrumb":{"@id":"https:\/\/www.oknobuild.com\/index.php\/produkt\/santech-vypust-mcalpine-s-napoustenim-65-cm-click-clack-chrom-akce-24169\/#breadcrumb"},"inLanguage":"cs","potentialAction":[{"@type":"ReadAction","target":["https:\/\/www.oknobuild.com\/index.php\/produkt\/santech-vypust-mcalpine-s-napoustenim-65-cm-click-clack-chrom-akce-24169\/"]}]},{"@type":"ImageObject","inLanguage":"cs","@id":"https:\/\/www.oknobuild.com\/index.php\/produkt\/santech-vypust-mcalpine-s-napoustenim-65-cm-click-clack-chrom-akce-24169\/#primaryimage","url":"https:\/\/www.oknobuild.com\/wp-content\/uploads\/2026\/SK0015839-CZ20260425-093631-0-1777080994-297475_mcalpine-click-clack-1684998873.webp","contentUrl":"https:\/\/www.oknobuild.com\/wp-content\/uploads\/2026\/SK0015839-CZ20260425-093631-0-1777080994-297475_mcalpine-click-clack-1684998873.webp","width":1000,"height":750},{"@type":"BreadcrumbList","@id":"https:\/\/www.oknobuild.com\/index.php\/produkt\/santech-vypust-mcalpine-s-napoustenim-65-cm-click-clack-chrom-akce-24169\/#breadcrumb","itemListElement":[{"@type":"ListItem","position":1,"name":"Home","item":"https:\/\/www.oknobuild.com\/"},{"@type":"ListItem","position":2,"name":"Products","item":"https:\/\/www.oknobuild.com\/index.php\/products\/"},{"@type":"ListItem","position":3,"name":"Santech v\u00fdpus\u0165 McALPINE s napou\u0161t\u011bn\u00edm 65 cm, click-clack chrom Akce"}]},{"@type":"WebSite","@id":"https:\/\/www.oknobuild.com\/#website","url":"https:\/\/www.oknobuild.com\/","name":"","description":"","potentialAction":[{"@type":"SearchAction","target":{"@type":"EntryPoint","urlTemplate":"https:\/\/www.oknobuild.com\/?s={search_term_string}"},"query-input":{"@type":"PropertyValueSpecification","valueRequired":true,"valueName":"search_term_string"}}],"inLanguage":"cs"}]}},"_links":{"self":[{"href":"https:\/\/www.oknobuild.com\/index.php\/wp-json\/wp\/v2\/product\/24169","targetHints":{"allow":["GET"]}}],"collection":[{"href":"https:\/\/www.oknobuild.com\/index.php\/wp-json\/wp\/v2\/product"}],"about":[{"href":"https:\/\/www.oknobuild.com\/index.php\/wp-json\/wp\/v2\/types\/product"}],"replies":[{"embeddable":true,"href":"https:\/\/www.oknobuild.com\/index.php\/wp-json\/wp\/v2\/comments?post=24169"}],"wp:featuredmedia":[{"embeddable":true,"href":"https:\/\/www.oknobuild.com\/index.php\/wp-json\/wp\/v2\/media\/24269"}],"wp:attachment":[{"href":"https:\/\/www.oknobuild.com\/index.php\/wp-json\/wp\/v2\/media?parent=24169"}],"wp:term":[{"taxonomy":"product_brand","embeddable":true,"href":"https:\/\/www.oknobuild.com\/index.php\/wp-json\/wp\/v2\/product_brand?post=24169"},{"taxonomy":"product_cat","embeddable":true,"href":"https:\/\/www.oknobuild.com\/index.php\/wp-json\/wp\/v2\/product_cat?post=24169"},{"taxonomy":"product_tag","embeddable":true,"href":"https:\/\/www.oknobuild.com\/index.php\/wp-json\/wp\/v2\/product_tag?post=24169"}],"curies":[{"name":"wp","href":"https:\/\/api.w.org\/{rel}","templated":true}]}}