{"id":24350,"date":"2026-04-27T04:41:35","date_gmt":"2026-04-27T04:41:35","guid":{"rendered":""},"modified":"2026-04-27T04:41:35","modified_gmt":"2026-04-27T04:41:35","slug":"akcni-nabidka-polysan-andra-l-asymetricka-vana-180x90x45cm-ivory-72872-40-24350","status":"publish","type":"product","link":"https:\/\/www.oknobuild.com\/index.php\/produkt\/akcni-nabidka-polysan-andra-l-asymetricka-vana-180x90x45cm-ivory-72872-40-24350\/","title":{"rendered":"Ak\u010dn\u00ed Nab\u00eddka Polysan ANDRA L asymetrick\u00e1 vana 180x90x45cm, ivory 72872.40"},"content":{"rendered":"<div class=\"basic-description\">\n<h3>Detailn\u00ed popis produktu<\/h3>\n<div>\n<p>ANDRA je p\u0159ekr\u00e1sn\u00e1 vana ostr\u00fdch lini\u00ed. Nab\u00edz\u00ed ide\u00e1ln\u00ed \u0159e\u0161en\u00ed pro st\u00edsn\u011bn\u00e9 prostory p\u0159i zachov\u00e1n\u00ed pohodln\u00e9 koupele. Roz\u0161\u00ed\u0159en\u00fd okraj vany pod\u00e9l st\u011bny vyb\u00edz\u00ed k instalaci integrovan\u00e9 vanov\u00e9 baterie. Vzhledem k tvaru lze vanu jednodu\u0161e oblo\u017eit klasick\u00fdm vyzd\u011bn\u00edm.<\/p>\n<ul>\n<li>Podm\u00ednkou z\u00e1ruky na produkt je pou\u017eit\u00ed doporu\u010den\u00e9ho typu podstavce.   <\/li>\n<li>S ohledem na strukturu barevn\u00e9ho proveden\u00ed akryl\u00e1tu je v p\u0159\u00edpad\u011b po\u0161kozen\u00ed   tento materi\u00e1l neopraviteln\u00fd.<\/li>\n<\/ul>\n<\/div>\n<p><\/p>\n<h2 class=\"props-title\">Vlastnosti<\/h2>\n<table>\n<tr>\n<th>Zna\u010dka<\/th>\n<td>POLYSAN<\/td>\n<\/tr>\n<tr>\n<th>3D model<\/th>\n<td>ANO<\/td>\n<\/tr>\n<tr>\n<th>Rozm\u011br<\/th>\n<td>180x90x45 cm<\/td>\n<\/tr>\n<tr>\n<th>D\u00e9lka<\/th>\n<td>1800&nbsp;mm<\/td>\n<\/tr>\n<tr>\n<th>\u0160\u00ed\u0159ka<\/th>\n<td>900&nbsp;mm<\/td>\n<\/tr>\n<tr>\n<th>V\u00fd\u0161ka<\/th>\n<td>450&nbsp;mm<\/td>\n<\/tr>\n<tr>\n<th>Objem<\/th>\n<td>277.00&nbsp;l<\/td>\n<\/tr>\n<tr>\n<th>Barva<\/th>\n<td>B\u00e9\u017eov\u00e1<\/td>\n<\/tr>\n<tr>\n<th>Materi\u00e1l<\/th>\n<td>Akryl\u00e1t<\/td>\n<\/tr>\n<tr>\n<th>Tvar<\/th>\n<td>Asymetrick\u00e9<\/td>\n<\/tr>\n<tr>\n<th>Instalace<\/th>\n<td>Vestavn\u00e1 (k obezd\u011bn\u00ed)<\/td>\n<\/tr>\n<tr>\n<th>Pr\u016fm\u011br odpadu<\/th>\n<td>52&nbsp;mm<\/td>\n<\/tr>\n<tr>\n<th>Vlastnosti<\/th>\n<td>V\u00fd\u0161ka okraje 40 mm (Standard)<\/td>\n<\/tr>\n<tr>\n<th>Hmotnost \/ ks<\/th>\n<td>33.6900&nbsp;kg<\/td>\n<\/tr>\n<tr>\n<th>Balen\u00ed<\/th>\n<td>1&nbsp;ks<\/td>\n<\/tr>\n<tr>\n<th>EAN<\/th>\n<td>8590729083191<\/td>\n<\/tr>\n<tr>\n<th>Taric<\/th>\n<td>39221000<\/td>\n<\/tr>\n<tr>\n<th>Z\u00e1ruka<\/th>\n<td>10 let<\/td>\n<\/tr>\n<\/table>\n<div class=\"product-explanation-item\">\n<h3>Akryl\u00e1t<\/h3>\n<p style=\"text-align: justify;\">Akryl\u00e1tov\u00e9 vany a vani\u010dky jsou vyr\u00e1b\u011bny ze zna\u010dkov\u00e9ho akryl\u00e1tu. Na rozd\u00edl od koextrudovan\u00fdch akryl\u00e1tov\u00fdch desek, kter\u00e9 maj\u00ed m\u011bk\u010d\u00ed povrch a men\u0161\u00ed chemickou odolnost, se vyr\u00e1b\u00ed lit\u00edm. To mj. znamen\u00e1, \u017ee je probarven\u00fd v cel\u00e9 tlou\u0161\u0165ce, pln\u011b st\u00e1lobarevn\u00fd, nepor\u00e9zn\u00ed a s vysokou povrchovou pevnost\u00ed. M\u00e1 hladk\u00fd povrch s minim\u00e1ln\u00ed mo\u017enost\u00ed uklouznut\u00ed a dob\u0159e tlum\u00ed hluk dopadaj\u00edc\u00ed vody.<\/p>\n<\/div>\n<ul>\n<li>Dokumenty &#8211; N\u00e1vod<\/li>\n<li>Dokumenty &#8211; 3D modely<\/li>\n<li>Dokumenty &#8211; 3D modely<\/li>\n<li>Dokumenty &#8211; 3D modely<\/li>\n<li>Dokumenty &#8211; N\u00e1vod<\/li>\n<li>Technick\u00fd list<\/li>\n<\/ul>\n<p>   Upozorn\u011bn\u00ed pro z\u00e1kazn\u00edky ke koupi produkt\u016f na objedn\u00e1n\u00ed: Toto zbo\u017e\u00ed nen\u00ed standardn\u00edm s\u00e9riov\u00fdm v\u00fdrobkem. Bude vyrobeno na p\u0159\u00e1n\u00ed z\u00e1kazn\u00edka a proto jej nelze dodavateli v z\u00e1konn\u00e9 lh\u016ft\u011b vr\u00e1tit. (viz \u00a71837 odst.d, ob\u010dansk\u00e9ho z\u00e1kon\u00edku). V tomto p\u0159\u00edpad\u011b m\u016f\u017eeme po\u017eadovat nevratnou z\u00e1lohu a\u017e do v\u00fd\u0161e 100 % z ceny v\u00fdrobku.                            <\/p><\/div>\n","protected":false},"excerpt":{"rendered":"<p>Detailn\u00ed popis produktu ANDRA je p\u0159ekr\u00e1sn\u00e1 vana ostr\u00fdch lini\u00ed. Nab\u00edz\u00ed ide\u00e1ln\u00ed \u0159e\u0161en\u00ed pro st\u00edsn\u011bn\u00e9 prostory p\u0159i zachov\u00e1n\u00ed pohodln\u00e9 koupele. Roz\u0161\u00ed\u0159en\u00fd okraj vany pod\u00e9l st\u011bny vyb\u00edz\u00ed k instalaci integrovan\u00e9 vanov\u00e9 baterie. Vzhledem k tvaru lze vanu jednodu\u0161e oblo\u017eit klasick\u00fdm vyzd\u011bn\u00edm. Podm\u00ednkou z\u00e1ruky na produkt je pou\u017eit\u00ed doporu\u010den\u00e9ho typu podstavce. S ohledem na strukturu barevn\u00e9ho proveden\u00ed akryl\u00e1tu [&hellip;]<\/p>\n","protected":false},"featured_media":24450,"comment_status":"open","ping_status":"open","template":"","meta":[],"product_brand":[],"product_cat":[77],"product_tag":[],"class_list":{"0":"post-24350","1":"product","2":"type-product","3":"status-publish","4":"has-post-thumbnail","6":"product_cat-vany","8":"first","9":"instock","10":"sale","11":"shipping-taxable","12":"purchasable","13":"product-type-simple"},"yoast_head":"<!-- This site is optimized with the Yoast SEO plugin v26.8 - https:\/\/yoast.com\/product\/yoast-seo-wordpress\/ -->\n<title>Ak\u010dn\u00ed Nab\u00eddka Polysan ANDRA L asymetrick\u00e1 vana 180x90x45cm, ivory 72872.40 -<\/title>\n<meta name=\"robots\" content=\"index, follow, max-snippet:-1, max-image-preview:large, max-video-preview:-1\" \/>\n<link rel=\"canonical\" href=\"https:\/\/www.oknobuild.com\/index.php\/produkt\/akcni-nabidka-polysan-andra-l-asymetricka-vana-180x90x45cm-ivory-72872-40-24350\/\" \/>\n<meta property=\"og:locale\" content=\"cs_CZ\" \/>\n<meta property=\"og:type\" content=\"article\" \/>\n<meta property=\"og:title\" content=\"Ak\u010dn\u00ed Nab\u00eddka Polysan ANDRA L asymetrick\u00e1 vana 180x90x45cm, ivory 72872.40 -\" \/>\n<meta property=\"og:description\" content=\"Detailn\u00ed popis produktu ANDRA je p\u0159ekr\u00e1sn\u00e1 vana ostr\u00fdch lini\u00ed. Nab\u00edz\u00ed ide\u00e1ln\u00ed \u0159e\u0161en\u00ed pro st\u00edsn\u011bn\u00e9 prostory p\u0159i zachov\u00e1n\u00ed pohodln\u00e9 koupele. Roz\u0161\u00ed\u0159en\u00fd okraj vany pod\u00e9l st\u011bny vyb\u00edz\u00ed k instalaci integrovan\u00e9 vanov\u00e9 baterie. Vzhledem k tvaru lze vanu jednodu\u0161e oblo\u017eit klasick\u00fdm vyzd\u011bn\u00edm. Podm\u00ednkou z\u00e1ruky na produkt je pou\u017eit\u00ed doporu\u010den\u00e9ho typu podstavce. S ohledem na strukturu barevn\u00e9ho proveden\u00ed akryl\u00e1tu [&hellip;]\" \/>\n<meta property=\"og:url\" content=\"https:\/\/www.oknobuild.com\/index.php\/produkt\/akcni-nabidka-polysan-andra-l-asymetricka-vana-180x90x45cm-ivory-72872-40-24350\/\" \/>\n<meta property=\"og:image\" content=\"https:\/\/www.oknobuild.com\/wp-content\/uploads\/2026\/SK0015933-CZ20260425-093631-0-1777080994-297796-1_polysan-andra-l-asymetricka-vana-180x90x45cm--ivor.webp\" \/>\n\t<meta property=\"og:image:width\" content=\"1000\" \/>\n\t<meta property=\"og:image:height\" content=\"750\" \/>\n\t<meta property=\"og:image:type\" content=\"image\/webp\" \/>\n<meta name=\"twitter:card\" content=\"summary_large_image\" \/>\n<meta name=\"twitter:label1\" content=\"Odhadovan\u00e1 doba \u010dten\u00ed\" \/>\n\t<meta name=\"twitter:data1\" content=\"2 minuty\" \/>\n<script type=\"application\/ld+json\" class=\"yoast-schema-graph\">{\"@context\":\"https:\/\/schema.org\",\"@graph\":[{\"@type\":\"WebPage\",\"@id\":\"https:\/\/www.oknobuild.com\/index.php\/produkt\/akcni-nabidka-polysan-andra-l-asymetricka-vana-180x90x45cm-ivory-72872-40-24350\/\",\"url\":\"https:\/\/www.oknobuild.com\/index.php\/produkt\/akcni-nabidka-polysan-andra-l-asymetricka-vana-180x90x45cm-ivory-72872-40-24350\/\",\"name\":\"Ak\u010dn\u00ed Nab\u00eddka Polysan ANDRA L asymetrick\u00e1 vana 180x90x45cm, ivory 72872.40 -\",\"isPartOf\":{\"@id\":\"https:\/\/www.oknobuild.com\/#website\"},\"primaryImageOfPage\":{\"@id\":\"https:\/\/www.oknobuild.com\/index.php\/produkt\/akcni-nabidka-polysan-andra-l-asymetricka-vana-180x90x45cm-ivory-72872-40-24350\/#primaryimage\"},\"image\":{\"@id\":\"https:\/\/www.oknobuild.com\/index.php\/produkt\/akcni-nabidka-polysan-andra-l-asymetricka-vana-180x90x45cm-ivory-72872-40-24350\/#primaryimage\"},\"thumbnailUrl\":\"https:\/\/www.oknobuild.com\/wp-content\/uploads\/2026\/SK0015933-CZ20260425-093631-0-1777080994-297796-1_polysan-andra-l-asymetricka-vana-180x90x45cm--ivor.webp\",\"datePublished\":\"2026-04-27T04:41:35+00:00\",\"breadcrumb\":{\"@id\":\"https:\/\/www.oknobuild.com\/index.php\/produkt\/akcni-nabidka-polysan-andra-l-asymetricka-vana-180x90x45cm-ivory-72872-40-24350\/#breadcrumb\"},\"inLanguage\":\"cs\",\"potentialAction\":[{\"@type\":\"ReadAction\",\"target\":[\"https:\/\/www.oknobuild.com\/index.php\/produkt\/akcni-nabidka-polysan-andra-l-asymetricka-vana-180x90x45cm-ivory-72872-40-24350\/\"]}]},{\"@type\":\"ImageObject\",\"inLanguage\":\"cs\",\"@id\":\"https:\/\/www.oknobuild.com\/index.php\/produkt\/akcni-nabidka-polysan-andra-l-asymetricka-vana-180x90x45cm-ivory-72872-40-24350\/#primaryimage\",\"url\":\"https:\/\/www.oknobuild.com\/wp-content\/uploads\/2026\/SK0015933-CZ20260425-093631-0-1777080994-297796-1_polysan-andra-l-asymetricka-vana-180x90x45cm--ivor.webp\",\"contentUrl\":\"https:\/\/www.oknobuild.com\/wp-content\/uploads\/2026\/SK0015933-CZ20260425-093631-0-1777080994-297796-1_polysan-andra-l-asymetricka-vana-180x90x45cm--ivor.webp\",\"width\":1000,\"height\":750},{\"@type\":\"BreadcrumbList\",\"@id\":\"https:\/\/www.oknobuild.com\/index.php\/produkt\/akcni-nabidka-polysan-andra-l-asymetricka-vana-180x90x45cm-ivory-72872-40-24350\/#breadcrumb\",\"itemListElement\":[{\"@type\":\"ListItem\",\"position\":1,\"name\":\"Home\",\"item\":\"https:\/\/www.oknobuild.com\/\"},{\"@type\":\"ListItem\",\"position\":2,\"name\":\"Products\",\"item\":\"https:\/\/www.oknobuild.com\/index.php\/products\/\"},{\"@type\":\"ListItem\",\"position\":3,\"name\":\"Ak\u010dn\u00ed Nab\u00eddka Polysan ANDRA L asymetrick\u00e1 vana 180x90x45cm, ivory 72872.40\"}]},{\"@type\":\"WebSite\",\"@id\":\"https:\/\/www.oknobuild.com\/#website\",\"url\":\"https:\/\/www.oknobuild.com\/\",\"name\":\"\",\"description\":\"\",\"potentialAction\":[{\"@type\":\"SearchAction\",\"target\":{\"@type\":\"EntryPoint\",\"urlTemplate\":\"https:\/\/www.oknobuild.com\/?s={search_term_string}\"},\"query-input\":{\"@type\":\"PropertyValueSpecification\",\"valueRequired\":true,\"valueName\":\"search_term_string\"}}],\"inLanguage\":\"cs\"}]}<\/script>\n<!-- \/ Yoast SEO plugin. -->","yoast_head_json":{"title":"Ak\u010dn\u00ed Nab\u00eddka Polysan ANDRA L asymetrick\u00e1 vana 180x90x45cm, ivory 72872.40 -","robots":{"index":"index","follow":"follow","max-snippet":"max-snippet:-1","max-image-preview":"max-image-preview:large","max-video-preview":"max-video-preview:-1"},"canonical":"https:\/\/www.oknobuild.com\/index.php\/produkt\/akcni-nabidka-polysan-andra-l-asymetricka-vana-180x90x45cm-ivory-72872-40-24350\/","og_locale":"cs_CZ","og_type":"article","og_title":"Ak\u010dn\u00ed Nab\u00eddka Polysan ANDRA L asymetrick\u00e1 vana 180x90x45cm, ivory 72872.40 -","og_description":"Detailn\u00ed popis produktu ANDRA je p\u0159ekr\u00e1sn\u00e1 vana ostr\u00fdch lini\u00ed. Nab\u00edz\u00ed ide\u00e1ln\u00ed \u0159e\u0161en\u00ed pro st\u00edsn\u011bn\u00e9 prostory p\u0159i zachov\u00e1n\u00ed pohodln\u00e9 koupele. Roz\u0161\u00ed\u0159en\u00fd okraj vany pod\u00e9l st\u011bny vyb\u00edz\u00ed k instalaci integrovan\u00e9 vanov\u00e9 baterie. Vzhledem k tvaru lze vanu jednodu\u0161e oblo\u017eit klasick\u00fdm vyzd\u011bn\u00edm. Podm\u00ednkou z\u00e1ruky na produkt je pou\u017eit\u00ed doporu\u010den\u00e9ho typu podstavce. S ohledem na strukturu barevn\u00e9ho proveden\u00ed akryl\u00e1tu [&hellip;]","og_url":"https:\/\/www.oknobuild.com\/index.php\/produkt\/akcni-nabidka-polysan-andra-l-asymetricka-vana-180x90x45cm-ivory-72872-40-24350\/","og_image":[{"width":1000,"height":750,"url":"https:\/\/www.oknobuild.com\/wp-content\/uploads\/2026\/SK0015933-CZ20260425-093631-0-1777080994-297796-1_polysan-andra-l-asymetricka-vana-180x90x45cm--ivor.webp","type":"image\/webp"}],"twitter_card":"summary_large_image","twitter_misc":{"Odhadovan\u00e1 doba \u010dten\u00ed":"2 minuty"},"schema":{"@context":"https:\/\/schema.org","@graph":[{"@type":"WebPage","@id":"https:\/\/www.oknobuild.com\/index.php\/produkt\/akcni-nabidka-polysan-andra-l-asymetricka-vana-180x90x45cm-ivory-72872-40-24350\/","url":"https:\/\/www.oknobuild.com\/index.php\/produkt\/akcni-nabidka-polysan-andra-l-asymetricka-vana-180x90x45cm-ivory-72872-40-24350\/","name":"Ak\u010dn\u00ed Nab\u00eddka Polysan ANDRA L asymetrick\u00e1 vana 180x90x45cm, ivory 72872.40 -","isPartOf":{"@id":"https:\/\/www.oknobuild.com\/#website"},"primaryImageOfPage":{"@id":"https:\/\/www.oknobuild.com\/index.php\/produkt\/akcni-nabidka-polysan-andra-l-asymetricka-vana-180x90x45cm-ivory-72872-40-24350\/#primaryimage"},"image":{"@id":"https:\/\/www.oknobuild.com\/index.php\/produkt\/akcni-nabidka-polysan-andra-l-asymetricka-vana-180x90x45cm-ivory-72872-40-24350\/#primaryimage"},"thumbnailUrl":"https:\/\/www.oknobuild.com\/wp-content\/uploads\/2026\/SK0015933-CZ20260425-093631-0-1777080994-297796-1_polysan-andra-l-asymetricka-vana-180x90x45cm--ivor.webp","datePublished":"2026-04-27T04:41:35+00:00","breadcrumb":{"@id":"https:\/\/www.oknobuild.com\/index.php\/produkt\/akcni-nabidka-polysan-andra-l-asymetricka-vana-180x90x45cm-ivory-72872-40-24350\/#breadcrumb"},"inLanguage":"cs","potentialAction":[{"@type":"ReadAction","target":["https:\/\/www.oknobuild.com\/index.php\/produkt\/akcni-nabidka-polysan-andra-l-asymetricka-vana-180x90x45cm-ivory-72872-40-24350\/"]}]},{"@type":"ImageObject","inLanguage":"cs","@id":"https:\/\/www.oknobuild.com\/index.php\/produkt\/akcni-nabidka-polysan-andra-l-asymetricka-vana-180x90x45cm-ivory-72872-40-24350\/#primaryimage","url":"https:\/\/www.oknobuild.com\/wp-content\/uploads\/2026\/SK0015933-CZ20260425-093631-0-1777080994-297796-1_polysan-andra-l-asymetricka-vana-180x90x45cm--ivor.webp","contentUrl":"https:\/\/www.oknobuild.com\/wp-content\/uploads\/2026\/SK0015933-CZ20260425-093631-0-1777080994-297796-1_polysan-andra-l-asymetricka-vana-180x90x45cm--ivor.webp","width":1000,"height":750},{"@type":"BreadcrumbList","@id":"https:\/\/www.oknobuild.com\/index.php\/produkt\/akcni-nabidka-polysan-andra-l-asymetricka-vana-180x90x45cm-ivory-72872-40-24350\/#breadcrumb","itemListElement":[{"@type":"ListItem","position":1,"name":"Home","item":"https:\/\/www.oknobuild.com\/"},{"@type":"ListItem","position":2,"name":"Products","item":"https:\/\/www.oknobuild.com\/index.php\/products\/"},{"@type":"ListItem","position":3,"name":"Ak\u010dn\u00ed Nab\u00eddka Polysan ANDRA L asymetrick\u00e1 vana 180x90x45cm, ivory 72872.40"}]},{"@type":"WebSite","@id":"https:\/\/www.oknobuild.com\/#website","url":"https:\/\/www.oknobuild.com\/","name":"","description":"","potentialAction":[{"@type":"SearchAction","target":{"@type":"EntryPoint","urlTemplate":"https:\/\/www.oknobuild.com\/?s={search_term_string}"},"query-input":{"@type":"PropertyValueSpecification","valueRequired":true,"valueName":"search_term_string"}}],"inLanguage":"cs"}]}},"_links":{"self":[{"href":"https:\/\/www.oknobuild.com\/index.php\/wp-json\/wp\/v2\/product\/24350","targetHints":{"allow":["GET"]}}],"collection":[{"href":"https:\/\/www.oknobuild.com\/index.php\/wp-json\/wp\/v2\/product"}],"about":[{"href":"https:\/\/www.oknobuild.com\/index.php\/wp-json\/wp\/v2\/types\/product"}],"replies":[{"embeddable":true,"href":"https:\/\/www.oknobuild.com\/index.php\/wp-json\/wp\/v2\/comments?post=24350"}],"wp:featuredmedia":[{"embeddable":true,"href":"https:\/\/www.oknobuild.com\/index.php\/wp-json\/wp\/v2\/media\/24450"}],"wp:attachment":[{"href":"https:\/\/www.oknobuild.com\/index.php\/wp-json\/wp\/v2\/media?parent=24350"}],"wp:term":[{"taxonomy":"product_brand","embeddable":true,"href":"https:\/\/www.oknobuild.com\/index.php\/wp-json\/wp\/v2\/product_brand?post=24350"},{"taxonomy":"product_cat","embeddable":true,"href":"https:\/\/www.oknobuild.com\/index.php\/wp-json\/wp\/v2\/product_cat?post=24350"},{"taxonomy":"product_tag","embeddable":true,"href":"https:\/\/www.oknobuild.com\/index.php\/wp-json\/wp\/v2\/product_tag?post=24350"}],"curies":[{"name":"wp","href":"https:\/\/api.w.org\/{rel}","templated":true}]}}