{"id":24558,"date":"2026-04-27T04:41:35","date_gmt":"2026-04-27T04:41:35","guid":{"rendered":""},"modified":"2026-04-27T04:41:35","modified_gmt":"2026-04-27T04:41:35","slug":"sapho-redondo-elektricky-susak-rucniku-kulaty-630x1160-mm-130-w-cerna-er230bv-nizka-cena-24558","status":"publish","type":"product","link":"https:\/\/www.oknobuild.com\/index.php\/produkt\/sapho-redondo-elektricky-susak-rucniku-kulaty-630x1160-mm-130-w-cerna-er230bv-nizka-cena-24558\/","title":{"rendered":"Sapho REDONDO elektrick\u00fd su\u0161\u00e1k ru\u010dn\u00edk\u016f, kulat\u00fd, 630&#215;1160 mm, 130 W, \u010dern\u00e1 ER230BV N\u00edzk\u00e1 Cena"},"content":{"rendered":"<div class=\"basic-description\">\n<h3>Detailn\u00ed popis produktu<\/h3>\n<p><\/p>\n<p style=\"text-align: justify;\">Univerz\u00e1ln\u00ed su\u0161\u00e1k z nerezov\u00e9 oceli REDONDO s kulat\u00fdmi profily poskytne koupeln\u011b ojedin\u011bl\u00fd vzhled. Uvnit\u0159 topn\u00e9ho t\u011blesa je um\u00edst\u011bn odporov\u00fd dr\u00e1t bez pou\u017eit\u00ed kapaln\u00e9 pln\u00edc\u00ed sm\u011bsi. T\u011bleso lze zapojit p\u0159\u00edmo do elektrick\u00e9 z\u00e1suvky d\u00edky kroucen\u00e9mu kabelu zakon\u010den\u00e9mu vidlic\u00ed nebo s pou\u017eit\u00edm doporu\u010den\u00e9ho adapt\u00e9ru m\u016f\u017eete kabel skr\u00fdt a napojit ho p\u0159\u00edmo do svorkovnice schovan\u00e9 ve st\u011bn\u011b pro \u010dist\u00fd vzhled koupelny. Su\u0161\u00e1k je&nbsp;ur\u010den k&nbsp;nah\u0159\u00edv\u00e1n\u00ed a su\u0161en\u00ed ru\u010dn\u00edk\u016f, kter\u00e9 ocen\u00edte p\u0159edev\u0161\u00edm v&nbsp;zimn\u00edm obdob\u00ed.&nbsp;<\/p>\n<ul>\n<li>Po nah\u0159\u00e1t\u00ed se teplota pohybuje mezi 45 a\u017e 55 \u00b0C dle teploty okol\u00ed<\/li>\n<li>D\u00e9lka kroucen\u00e9ho kabelu po rozta\u017een\u00ed: 150 cm<\/li>\n<li>Nap\u00e1jec\u00ed kabel nelze pozi\u010dn\u011b m\u011bnit<\/li>\n<\/ul>\n<h2 class=\"props-title\">Vlastnosti<\/h2>\n<table>\n<tr>\n<th>Zna\u010dka<\/th>\n<td>SAPHO<\/td>\n<\/tr>\n<tr>\n<th>S\u00e9rie<\/th>\n<td>REDONDO<\/td>\n<\/tr>\n<tr>\n<th>3D model<\/th>\n<td>ANO<\/td>\n<\/tr>\n<tr>\n<th>Rozm\u011br<\/th>\n<td>630&#215;1160 mm<\/td>\n<\/tr>\n<tr>\n<th>\u0160\u00ed\u0159ka<\/th>\n<td>630&nbsp;mm<\/td>\n<\/tr>\n<tr>\n<th>V\u00fd\u0161ka<\/th>\n<td>1160&nbsp;mm<\/td>\n<\/tr>\n<tr>\n<th>Barva<\/th>\n<td>\u010cern\u00e1 mat<\/td>\n<\/tr>\n<tr>\n<th>Materi\u00e1l<\/th>\n<td>Nerez<\/td>\n<\/tr>\n<tr>\n<th>Tvar<\/th>\n<td>Tvar H<\/td>\n<\/tr>\n<tr>\n<th>Mo\u017enost vyt\u00e1p\u011bn\u00ed<\/th>\n<td>Elektrick\u00e9 vyt\u00e1p\u011bn\u00ed integrovan\u00e9 v t\u011blese<\/td>\n<\/tr>\n<tr>\n<th>P\u0159\u00edkon<\/th>\n<td>130.00&nbsp;W<\/td>\n<\/tr>\n<tr>\n<th>Hmotnost \/ ks<\/th>\n<td>5.7250&nbsp;kg<\/td>\n<\/tr>\n<tr>\n<th>Balen\u00ed<\/th>\n<td>1&nbsp;ks<\/td>\n<\/tr>\n<tr>\n<th>EAN<\/th>\n<td>8590913924125<\/td>\n<\/tr>\n<tr>\n<th>Taric<\/th>\n<td>85167970<\/td>\n<\/tr>\n<tr>\n<th>Z\u00e1ruka<\/th>\n<td>2 roky<\/td>\n<\/tr>\n<\/table><\/div>\n","protected":false},"excerpt":{"rendered":"<p>Detailn\u00ed popis produktu Univerz\u00e1ln\u00ed su\u0161\u00e1k z nerezov\u00e9 oceli REDONDO s kulat\u00fdmi profily poskytne koupeln\u011b ojedin\u011bl\u00fd vzhled. Uvnit\u0159 topn\u00e9ho t\u011blesa je um\u00edst\u011bn odporov\u00fd dr\u00e1t bez pou\u017eit\u00ed kapaln\u00e9 pln\u00edc\u00ed sm\u011bsi. T\u011bleso lze zapojit p\u0159\u00edmo do elektrick\u00e9 z\u00e1suvky d\u00edky kroucen\u00e9mu kabelu zakon\u010den\u00e9mu vidlic\u00ed nebo s pou\u017eit\u00edm doporu\u010den\u00e9ho adapt\u00e9ru m\u016f\u017eete kabel skr\u00fdt a napojit ho p\u0159\u00edmo do svorkovnice schovan\u00e9 [&hellip;]<\/p>\n","protected":false},"featured_media":24658,"comment_status":"open","ping_status":"open","template":"","meta":[],"product_brand":[],"product_cat":[79],"product_tag":[],"class_list":{"0":"post-24558","1":"product","2":"type-product","3":"status-publish","4":"has-post-thumbnail","6":"product_cat-vytapeni","8":"first","9":"instock","10":"sale","11":"shipping-taxable","12":"purchasable","13":"product-type-simple"},"yoast_head":"<!-- This site is optimized with the Yoast SEO plugin v26.8 - https:\/\/yoast.com\/product\/yoast-seo-wordpress\/ -->\n<title>Sapho REDONDO elektrick\u00fd su\u0161\u00e1k ru\u010dn\u00edk\u016f, kulat\u00fd, 630x1160 mm, 130 W, \u010dern\u00e1 ER230BV N\u00edzk\u00e1 Cena -<\/title>\n<meta name=\"robots\" content=\"index, follow, max-snippet:-1, max-image-preview:large, max-video-preview:-1\" \/>\n<link rel=\"canonical\" href=\"https:\/\/www.oknobuild.com\/index.php\/produkt\/sapho-redondo-elektricky-susak-rucniku-kulaty-630x1160-mm-130-w-cerna-er230bv-nizka-cena-24558\/\" \/>\n<meta property=\"og:locale\" content=\"cs_CZ\" \/>\n<meta property=\"og:type\" content=\"article\" \/>\n<meta property=\"og:title\" content=\"Sapho REDONDO elektrick\u00fd su\u0161\u00e1k ru\u010dn\u00edk\u016f, kulat\u00fd, 630x1160 mm, 130 W, \u010dern\u00e1 ER230BV N\u00edzk\u00e1 Cena -\" \/>\n<meta property=\"og:description\" content=\"Detailn\u00ed popis produktu Univerz\u00e1ln\u00ed su\u0161\u00e1k z nerezov\u00e9 oceli REDONDO s kulat\u00fdmi profily poskytne koupeln\u011b ojedin\u011bl\u00fd vzhled. Uvnit\u0159 topn\u00e9ho t\u011blesa je um\u00edst\u011bn odporov\u00fd dr\u00e1t bez pou\u017eit\u00ed kapaln\u00e9 pln\u00edc\u00ed sm\u011bsi. T\u011bleso lze zapojit p\u0159\u00edmo do elektrick\u00e9 z\u00e1suvky d\u00edky kroucen\u00e9mu kabelu zakon\u010den\u00e9mu vidlic\u00ed nebo s pou\u017eit\u00edm doporu\u010den\u00e9ho adapt\u00e9ru m\u016f\u017eete kabel skr\u00fdt a napojit ho p\u0159\u00edmo do svorkovnice schovan\u00e9 [&hellip;]\" \/>\n<meta property=\"og:url\" content=\"https:\/\/www.oknobuild.com\/index.php\/produkt\/sapho-redondo-elektricky-susak-rucniku-kulaty-630x1160-mm-130-w-cerna-er230bv-nizka-cena-24558\/\" \/>\n<meta property=\"og:image\" content=\"https:\/\/www.oknobuild.com\/wp-content\/uploads\/2026\/SK0016046-CZ20260425-093631-0-1777080994-311994_er230bv-234105782404672.webp\" \/>\n\t<meta property=\"og:image:width\" content=\"1000\" \/>\n\t<meta property=\"og:image:height\" content=\"750\" \/>\n\t<meta property=\"og:image:type\" content=\"image\/webp\" \/>\n<meta name=\"twitter:card\" content=\"summary_large_image\" \/>\n<meta name=\"twitter:label1\" content=\"Odhadovan\u00e1 doba \u010dten\u00ed\" \/>\n\t<meta name=\"twitter:data1\" content=\"1 minuta\" \/>\n<script type=\"application\/ld+json\" class=\"yoast-schema-graph\">{\"@context\":\"https:\/\/schema.org\",\"@graph\":[{\"@type\":\"WebPage\",\"@id\":\"https:\/\/www.oknobuild.com\/index.php\/produkt\/sapho-redondo-elektricky-susak-rucniku-kulaty-630x1160-mm-130-w-cerna-er230bv-nizka-cena-24558\/\",\"url\":\"https:\/\/www.oknobuild.com\/index.php\/produkt\/sapho-redondo-elektricky-susak-rucniku-kulaty-630x1160-mm-130-w-cerna-er230bv-nizka-cena-24558\/\",\"name\":\"Sapho REDONDO elektrick\u00fd su\u0161\u00e1k ru\u010dn\u00edk\u016f, kulat\u00fd, 630x1160 mm, 130 W, \u010dern\u00e1 ER230BV N\u00edzk\u00e1 Cena -\",\"isPartOf\":{\"@id\":\"https:\/\/www.oknobuild.com\/#website\"},\"primaryImageOfPage\":{\"@id\":\"https:\/\/www.oknobuild.com\/index.php\/produkt\/sapho-redondo-elektricky-susak-rucniku-kulaty-630x1160-mm-130-w-cerna-er230bv-nizka-cena-24558\/#primaryimage\"},\"image\":{\"@id\":\"https:\/\/www.oknobuild.com\/index.php\/produkt\/sapho-redondo-elektricky-susak-rucniku-kulaty-630x1160-mm-130-w-cerna-er230bv-nizka-cena-24558\/#primaryimage\"},\"thumbnailUrl\":\"https:\/\/www.oknobuild.com\/wp-content\/uploads\/2026\/SK0016046-CZ20260425-093631-0-1777080994-311994_er230bv-234105782404672.webp\",\"datePublished\":\"2026-04-27T04:41:35+00:00\",\"breadcrumb\":{\"@id\":\"https:\/\/www.oknobuild.com\/index.php\/produkt\/sapho-redondo-elektricky-susak-rucniku-kulaty-630x1160-mm-130-w-cerna-er230bv-nizka-cena-24558\/#breadcrumb\"},\"inLanguage\":\"cs\",\"potentialAction\":[{\"@type\":\"ReadAction\",\"target\":[\"https:\/\/www.oknobuild.com\/index.php\/produkt\/sapho-redondo-elektricky-susak-rucniku-kulaty-630x1160-mm-130-w-cerna-er230bv-nizka-cena-24558\/\"]}]},{\"@type\":\"ImageObject\",\"inLanguage\":\"cs\",\"@id\":\"https:\/\/www.oknobuild.com\/index.php\/produkt\/sapho-redondo-elektricky-susak-rucniku-kulaty-630x1160-mm-130-w-cerna-er230bv-nizka-cena-24558\/#primaryimage\",\"url\":\"https:\/\/www.oknobuild.com\/wp-content\/uploads\/2026\/SK0016046-CZ20260425-093631-0-1777080994-311994_er230bv-234105782404672.webp\",\"contentUrl\":\"https:\/\/www.oknobuild.com\/wp-content\/uploads\/2026\/SK0016046-CZ20260425-093631-0-1777080994-311994_er230bv-234105782404672.webp\",\"width\":1000,\"height\":750},{\"@type\":\"BreadcrumbList\",\"@id\":\"https:\/\/www.oknobuild.com\/index.php\/produkt\/sapho-redondo-elektricky-susak-rucniku-kulaty-630x1160-mm-130-w-cerna-er230bv-nizka-cena-24558\/#breadcrumb\",\"itemListElement\":[{\"@type\":\"ListItem\",\"position\":1,\"name\":\"Home\",\"item\":\"https:\/\/www.oknobuild.com\/\"},{\"@type\":\"ListItem\",\"position\":2,\"name\":\"Products\",\"item\":\"https:\/\/www.oknobuild.com\/index.php\/products\/\"},{\"@type\":\"ListItem\",\"position\":3,\"name\":\"Sapho REDONDO elektrick\u00fd su\u0161\u00e1k ru\u010dn\u00edk\u016f, kulat\u00fd, 630&#215;1160 mm, 130 W, \u010dern\u00e1 ER230BV N\u00edzk\u00e1 Cena\"}]},{\"@type\":\"WebSite\",\"@id\":\"https:\/\/www.oknobuild.com\/#website\",\"url\":\"https:\/\/www.oknobuild.com\/\",\"name\":\"\",\"description\":\"\",\"potentialAction\":[{\"@type\":\"SearchAction\",\"target\":{\"@type\":\"EntryPoint\",\"urlTemplate\":\"https:\/\/www.oknobuild.com\/?s={search_term_string}\"},\"query-input\":{\"@type\":\"PropertyValueSpecification\",\"valueRequired\":true,\"valueName\":\"search_term_string\"}}],\"inLanguage\":\"cs\"}]}<\/script>\n<!-- \/ Yoast SEO plugin. -->","yoast_head_json":{"title":"Sapho REDONDO elektrick\u00fd su\u0161\u00e1k ru\u010dn\u00edk\u016f, kulat\u00fd, 630x1160 mm, 130 W, \u010dern\u00e1 ER230BV N\u00edzk\u00e1 Cena -","robots":{"index":"index","follow":"follow","max-snippet":"max-snippet:-1","max-image-preview":"max-image-preview:large","max-video-preview":"max-video-preview:-1"},"canonical":"https:\/\/www.oknobuild.com\/index.php\/produkt\/sapho-redondo-elektricky-susak-rucniku-kulaty-630x1160-mm-130-w-cerna-er230bv-nizka-cena-24558\/","og_locale":"cs_CZ","og_type":"article","og_title":"Sapho REDONDO elektrick\u00fd su\u0161\u00e1k ru\u010dn\u00edk\u016f, kulat\u00fd, 630x1160 mm, 130 W, \u010dern\u00e1 ER230BV N\u00edzk\u00e1 Cena -","og_description":"Detailn\u00ed popis produktu Univerz\u00e1ln\u00ed su\u0161\u00e1k z nerezov\u00e9 oceli REDONDO s kulat\u00fdmi profily poskytne koupeln\u011b ojedin\u011bl\u00fd vzhled. Uvnit\u0159 topn\u00e9ho t\u011blesa je um\u00edst\u011bn odporov\u00fd dr\u00e1t bez pou\u017eit\u00ed kapaln\u00e9 pln\u00edc\u00ed sm\u011bsi. T\u011bleso lze zapojit p\u0159\u00edmo do elektrick\u00e9 z\u00e1suvky d\u00edky kroucen\u00e9mu kabelu zakon\u010den\u00e9mu vidlic\u00ed nebo s pou\u017eit\u00edm doporu\u010den\u00e9ho adapt\u00e9ru m\u016f\u017eete kabel skr\u00fdt a napojit ho p\u0159\u00edmo do svorkovnice schovan\u00e9 [&hellip;]","og_url":"https:\/\/www.oknobuild.com\/index.php\/produkt\/sapho-redondo-elektricky-susak-rucniku-kulaty-630x1160-mm-130-w-cerna-er230bv-nizka-cena-24558\/","og_image":[{"width":1000,"height":750,"url":"https:\/\/www.oknobuild.com\/wp-content\/uploads\/2026\/SK0016046-CZ20260425-093631-0-1777080994-311994_er230bv-234105782404672.webp","type":"image\/webp"}],"twitter_card":"summary_large_image","twitter_misc":{"Odhadovan\u00e1 doba \u010dten\u00ed":"1 minuta"},"schema":{"@context":"https:\/\/schema.org","@graph":[{"@type":"WebPage","@id":"https:\/\/www.oknobuild.com\/index.php\/produkt\/sapho-redondo-elektricky-susak-rucniku-kulaty-630x1160-mm-130-w-cerna-er230bv-nizka-cena-24558\/","url":"https:\/\/www.oknobuild.com\/index.php\/produkt\/sapho-redondo-elektricky-susak-rucniku-kulaty-630x1160-mm-130-w-cerna-er230bv-nizka-cena-24558\/","name":"Sapho REDONDO elektrick\u00fd su\u0161\u00e1k ru\u010dn\u00edk\u016f, kulat\u00fd, 630x1160 mm, 130 W, \u010dern\u00e1 ER230BV N\u00edzk\u00e1 Cena -","isPartOf":{"@id":"https:\/\/www.oknobuild.com\/#website"},"primaryImageOfPage":{"@id":"https:\/\/www.oknobuild.com\/index.php\/produkt\/sapho-redondo-elektricky-susak-rucniku-kulaty-630x1160-mm-130-w-cerna-er230bv-nizka-cena-24558\/#primaryimage"},"image":{"@id":"https:\/\/www.oknobuild.com\/index.php\/produkt\/sapho-redondo-elektricky-susak-rucniku-kulaty-630x1160-mm-130-w-cerna-er230bv-nizka-cena-24558\/#primaryimage"},"thumbnailUrl":"https:\/\/www.oknobuild.com\/wp-content\/uploads\/2026\/SK0016046-CZ20260425-093631-0-1777080994-311994_er230bv-234105782404672.webp","datePublished":"2026-04-27T04:41:35+00:00","breadcrumb":{"@id":"https:\/\/www.oknobuild.com\/index.php\/produkt\/sapho-redondo-elektricky-susak-rucniku-kulaty-630x1160-mm-130-w-cerna-er230bv-nizka-cena-24558\/#breadcrumb"},"inLanguage":"cs","potentialAction":[{"@type":"ReadAction","target":["https:\/\/www.oknobuild.com\/index.php\/produkt\/sapho-redondo-elektricky-susak-rucniku-kulaty-630x1160-mm-130-w-cerna-er230bv-nizka-cena-24558\/"]}]},{"@type":"ImageObject","inLanguage":"cs","@id":"https:\/\/www.oknobuild.com\/index.php\/produkt\/sapho-redondo-elektricky-susak-rucniku-kulaty-630x1160-mm-130-w-cerna-er230bv-nizka-cena-24558\/#primaryimage","url":"https:\/\/www.oknobuild.com\/wp-content\/uploads\/2026\/SK0016046-CZ20260425-093631-0-1777080994-311994_er230bv-234105782404672.webp","contentUrl":"https:\/\/www.oknobuild.com\/wp-content\/uploads\/2026\/SK0016046-CZ20260425-093631-0-1777080994-311994_er230bv-234105782404672.webp","width":1000,"height":750},{"@type":"BreadcrumbList","@id":"https:\/\/www.oknobuild.com\/index.php\/produkt\/sapho-redondo-elektricky-susak-rucniku-kulaty-630x1160-mm-130-w-cerna-er230bv-nizka-cena-24558\/#breadcrumb","itemListElement":[{"@type":"ListItem","position":1,"name":"Home","item":"https:\/\/www.oknobuild.com\/"},{"@type":"ListItem","position":2,"name":"Products","item":"https:\/\/www.oknobuild.com\/index.php\/products\/"},{"@type":"ListItem","position":3,"name":"Sapho REDONDO elektrick\u00fd su\u0161\u00e1k ru\u010dn\u00edk\u016f, kulat\u00fd, 630&#215;1160 mm, 130 W, \u010dern\u00e1 ER230BV N\u00edzk\u00e1 Cena"}]},{"@type":"WebSite","@id":"https:\/\/www.oknobuild.com\/#website","url":"https:\/\/www.oknobuild.com\/","name":"","description":"","potentialAction":[{"@type":"SearchAction","target":{"@type":"EntryPoint","urlTemplate":"https:\/\/www.oknobuild.com\/?s={search_term_string}"},"query-input":{"@type":"PropertyValueSpecification","valueRequired":true,"valueName":"search_term_string"}}],"inLanguage":"cs"}]}},"_links":{"self":[{"href":"https:\/\/www.oknobuild.com\/index.php\/wp-json\/wp\/v2\/product\/24558","targetHints":{"allow":["GET"]}}],"collection":[{"href":"https:\/\/www.oknobuild.com\/index.php\/wp-json\/wp\/v2\/product"}],"about":[{"href":"https:\/\/www.oknobuild.com\/index.php\/wp-json\/wp\/v2\/types\/product"}],"replies":[{"embeddable":true,"href":"https:\/\/www.oknobuild.com\/index.php\/wp-json\/wp\/v2\/comments?post=24558"}],"wp:featuredmedia":[{"embeddable":true,"href":"https:\/\/www.oknobuild.com\/index.php\/wp-json\/wp\/v2\/media\/24658"}],"wp:attachment":[{"href":"https:\/\/www.oknobuild.com\/index.php\/wp-json\/wp\/v2\/media?parent=24558"}],"wp:term":[{"taxonomy":"product_brand","embeddable":true,"href":"https:\/\/www.oknobuild.com\/index.php\/wp-json\/wp\/v2\/product_brand?post=24558"},{"taxonomy":"product_cat","embeddable":true,"href":"https:\/\/www.oknobuild.com\/index.php\/wp-json\/wp\/v2\/product_cat?post=24558"},{"taxonomy":"product_tag","embeddable":true,"href":"https:\/\/www.oknobuild.com\/index.php\/wp-json\/wp\/v2\/product_tag?post=24558"}],"curies":[{"name":"wp","href":"https:\/\/api.w.org\/{rel}","templated":true}]}}