{"id":24567,"date":"2026-04-27T04:41:35","date_gmt":"2026-04-27T04:41:35","guid":{"rendered":""},"modified":"2026-04-27T04:41:35","modified_gmt":"2026-04-27T04:41:35","slug":"zlevneny-sapho-sklenena-police-700mm-cerna-mlecne-sklo-my009b-05-24567","status":"publish","type":"product","link":"https:\/\/www.oknobuild.com\/index.php\/produkt\/zlevneny-sapho-sklenena-police-700mm-cerna-mlecne-sklo-my009b-05-24567\/","title":{"rendered":"Zlevn\u011bn\u00fd Sapho Sklen\u011bn\u00e1 police 700mm, \u010dern\u00e1\/ml\u00e9\u010dn\u00e9 sklo MY009B-05"},"content":{"rendered":"<div class=\"basic-description\">\n<h3>Detailn\u00ed popis produktu<\/h3>\n<p><\/p>\n<p style=\"text-align: justify;\">Snad inspirov\u00e1n pohledem na kr\u00e1su Pyrenej\u00ed navrhl design\u00e9r s\u00e9rii dopl\u0148k\u016f PIRENEI. Masivn\u00ed z\u00e1kladna, kombinace p\u0159\u00edm\u00fdch lini\u00ed a zaoblen\u00fdch hran je spojen\u00edm elegance a majest\u00e1tnosti. Na v\u00fdb\u011br jsou dopl\u0148ky v proveden\u00ed v chromov\u00e9, matn\u00e9 \u010dern\u00e9, matn\u00e9 b\u00edl\u00e9, gun metal, zlat\u00e9 a matn\u00e9 zlat\u00e9 variant\u011b.<\/p>\n<h2 class=\"props-title\">Vlastnosti<\/h2>\n<table>\n<tr>\n<th>Zna\u010dka<\/th>\n<td>SAPHO<\/td>\n<\/tr>\n<tr>\n<th>S\u00e9rie<\/th>\n<td>PIRENEI<\/td>\n<\/tr>\n<tr>\n<th>Rozm\u011br<\/th>\n<td>700x21x100 mm<\/td>\n<\/tr>\n<tr>\n<th>D\u00e9lka<\/th>\n<td>700&nbsp;mm<\/td>\n<\/tr>\n<tr>\n<th>\u0160\u00ed\u0159ka<\/th>\n<td>700&nbsp;mm<\/td>\n<\/tr>\n<tr>\n<th>V\u00fd\u0161ka<\/th>\n<td>21&nbsp;mm<\/td>\n<\/tr>\n<tr>\n<th>Hloubka<\/th>\n<td>100&nbsp;mm<\/td>\n<\/tr>\n<tr>\n<th>Barva<\/th>\n<td>\u010cern\u00e1<\/td>\n<\/tr>\n<tr>\n<th>Materi\u00e1l<\/th>\n<td>Sklo, Slitina<\/td>\n<\/tr>\n<tr>\n<th>Tvar<\/th>\n<td>Hranat\u00e9<\/td>\n<\/tr>\n<tr>\n<th>Druh<\/th>\n<td>Poli\u010dka<\/td>\n<\/tr>\n<tr>\n<th>Instalace<\/th>\n<td>Vrt\u00e1n\u00ed<\/td>\n<\/tr>\n<tr>\n<th>Hmotnost \/ ks<\/th>\n<td>1.7860&nbsp;kg<\/td>\n<\/tr>\n<tr>\n<th>Balen\u00ed<\/th>\n<td>2&nbsp;ks<\/td>\n<\/tr>\n<tr>\n<th>EAN<\/th>\n<td>8590913974762<\/td>\n<\/tr>\n<\/table><\/div>\n","protected":false},"excerpt":{"rendered":"<p>Detailn\u00ed popis produktu Snad inspirov\u00e1n pohledem na kr\u00e1su Pyrenej\u00ed navrhl design\u00e9r s\u00e9rii dopl\u0148k\u016f PIRENEI. Masivn\u00ed z\u00e1kladna, kombinace p\u0159\u00edm\u00fdch lini\u00ed a zaoblen\u00fdch hran je spojen\u00edm elegance a majest\u00e1tnosti. Na v\u00fdb\u011br jsou dopl\u0148ky v proveden\u00ed v chromov\u00e9, matn\u00e9 \u010dern\u00e9, matn\u00e9 b\u00edl\u00e9, gun metal, zlat\u00e9 a matn\u00e9 zlat\u00e9 variant\u011b. Vlastnosti Zna\u010dka SAPHO S\u00e9rie PIRENEI Rozm\u011br 700x21x100 mm D\u00e9lka [&hellip;]<\/p>\n","protected":false},"featured_media":24667,"comment_status":"open","ping_status":"open","template":"","meta":[],"product_brand":[],"product_cat":[75],"product_tag":[],"class_list":{"0":"post-24567","1":"product","2":"type-product","3":"status-publish","4":"has-post-thumbnail","6":"product_cat-koupelnove-vybaveni","8":"first","9":"instock","10":"sale","11":"shipping-taxable","12":"purchasable","13":"product-type-simple"},"yoast_head":"<!-- This site is optimized with the Yoast SEO plugin v26.8 - https:\/\/yoast.com\/product\/yoast-seo-wordpress\/ -->\n<title>Zlevn\u011bn\u00fd Sapho Sklen\u011bn\u00e1 police 700mm, \u010dern\u00e1\/ml\u00e9\u010dn\u00e9 sklo MY009B-05 -<\/title>\n<meta name=\"robots\" content=\"index, follow, max-snippet:-1, max-image-preview:large, max-video-preview:-1\" \/>\n<link rel=\"canonical\" href=\"https:\/\/www.oknobuild.com\/index.php\/produkt\/zlevneny-sapho-sklenena-police-700mm-cerna-mlecne-sklo-my009b-05-24567\/\" \/>\n<meta property=\"og:locale\" content=\"cs_CZ\" \/>\n<meta property=\"og:type\" content=\"article\" \/>\n<meta property=\"og:title\" content=\"Zlevn\u011bn\u00fd Sapho Sklen\u011bn\u00e1 police 700mm, \u010dern\u00e1\/ml\u00e9\u010dn\u00e9 sklo MY009B-05 -\" \/>\n<meta property=\"og:description\" content=\"Detailn\u00ed popis produktu Snad inspirov\u00e1n pohledem na kr\u00e1su Pyrenej\u00ed navrhl design\u00e9r s\u00e9rii dopl\u0148k\u016f PIRENEI. Masivn\u00ed z\u00e1kladna, kombinace p\u0159\u00edm\u00fdch lini\u00ed a zaoblen\u00fdch hran je spojen\u00edm elegance a majest\u00e1tnosti. Na v\u00fdb\u011br jsou dopl\u0148ky v proveden\u00ed v chromov\u00e9, matn\u00e9 \u010dern\u00e9, matn\u00e9 b\u00edl\u00e9, gun metal, zlat\u00e9 a matn\u00e9 zlat\u00e9 variant\u011b. Vlastnosti Zna\u010dka SAPHO S\u00e9rie PIRENEI Rozm\u011br 700x21x100 mm D\u00e9lka [&hellip;]\" \/>\n<meta property=\"og:url\" content=\"https:\/\/www.oknobuild.com\/index.php\/produkt\/zlevneny-sapho-sklenena-police-700mm-cerna-mlecne-sklo-my009b-05-24567\/\" \/>\n<meta property=\"og:image\" content=\"https:\/\/www.oknobuild.com\/wp-content\/uploads\/2026\/SK0016055-CZ20260425-093631-0-1777080994-312033_my009b-05-234243221364517.webp\" \/>\n\t<meta property=\"og:image:width\" content=\"1000\" \/>\n\t<meta property=\"og:image:height\" content=\"750\" \/>\n\t<meta property=\"og:image:type\" content=\"image\/webp\" \/>\n<meta name=\"twitter:card\" content=\"summary_large_image\" \/>\n<script type=\"application\/ld+json\" class=\"yoast-schema-graph\">{\"@context\":\"https:\/\/schema.org\",\"@graph\":[{\"@type\":\"WebPage\",\"@id\":\"https:\/\/www.oknobuild.com\/index.php\/produkt\/zlevneny-sapho-sklenena-police-700mm-cerna-mlecne-sklo-my009b-05-24567\/\",\"url\":\"https:\/\/www.oknobuild.com\/index.php\/produkt\/zlevneny-sapho-sklenena-police-700mm-cerna-mlecne-sklo-my009b-05-24567\/\",\"name\":\"Zlevn\u011bn\u00fd Sapho Sklen\u011bn\u00e1 police 700mm, \u010dern\u00e1\/ml\u00e9\u010dn\u00e9 sklo MY009B-05 -\",\"isPartOf\":{\"@id\":\"https:\/\/www.oknobuild.com\/#website\"},\"primaryImageOfPage\":{\"@id\":\"https:\/\/www.oknobuild.com\/index.php\/produkt\/zlevneny-sapho-sklenena-police-700mm-cerna-mlecne-sklo-my009b-05-24567\/#primaryimage\"},\"image\":{\"@id\":\"https:\/\/www.oknobuild.com\/index.php\/produkt\/zlevneny-sapho-sklenena-police-700mm-cerna-mlecne-sklo-my009b-05-24567\/#primaryimage\"},\"thumbnailUrl\":\"https:\/\/www.oknobuild.com\/wp-content\/uploads\/2026\/SK0016055-CZ20260425-093631-0-1777080994-312033_my009b-05-234243221364517.webp\",\"datePublished\":\"2026-04-27T04:41:35+00:00\",\"breadcrumb\":{\"@id\":\"https:\/\/www.oknobuild.com\/index.php\/produkt\/zlevneny-sapho-sklenena-police-700mm-cerna-mlecne-sklo-my009b-05-24567\/#breadcrumb\"},\"inLanguage\":\"cs\",\"potentialAction\":[{\"@type\":\"ReadAction\",\"target\":[\"https:\/\/www.oknobuild.com\/index.php\/produkt\/zlevneny-sapho-sklenena-police-700mm-cerna-mlecne-sklo-my009b-05-24567\/\"]}]},{\"@type\":\"ImageObject\",\"inLanguage\":\"cs\",\"@id\":\"https:\/\/www.oknobuild.com\/index.php\/produkt\/zlevneny-sapho-sklenena-police-700mm-cerna-mlecne-sklo-my009b-05-24567\/#primaryimage\",\"url\":\"https:\/\/www.oknobuild.com\/wp-content\/uploads\/2026\/SK0016055-CZ20260425-093631-0-1777080994-312033_my009b-05-234243221364517.webp\",\"contentUrl\":\"https:\/\/www.oknobuild.com\/wp-content\/uploads\/2026\/SK0016055-CZ20260425-093631-0-1777080994-312033_my009b-05-234243221364517.webp\",\"width\":1000,\"height\":750},{\"@type\":\"BreadcrumbList\",\"@id\":\"https:\/\/www.oknobuild.com\/index.php\/produkt\/zlevneny-sapho-sklenena-police-700mm-cerna-mlecne-sklo-my009b-05-24567\/#breadcrumb\",\"itemListElement\":[{\"@type\":\"ListItem\",\"position\":1,\"name\":\"Home\",\"item\":\"https:\/\/www.oknobuild.com\/\"},{\"@type\":\"ListItem\",\"position\":2,\"name\":\"Products\",\"item\":\"https:\/\/www.oknobuild.com\/index.php\/products\/\"},{\"@type\":\"ListItem\",\"position\":3,\"name\":\"Zlevn\u011bn\u00fd Sapho Sklen\u011bn\u00e1 police 700mm, \u010dern\u00e1\/ml\u00e9\u010dn\u00e9 sklo MY009B-05\"}]},{\"@type\":\"WebSite\",\"@id\":\"https:\/\/www.oknobuild.com\/#website\",\"url\":\"https:\/\/www.oknobuild.com\/\",\"name\":\"\",\"description\":\"\",\"potentialAction\":[{\"@type\":\"SearchAction\",\"target\":{\"@type\":\"EntryPoint\",\"urlTemplate\":\"https:\/\/www.oknobuild.com\/?s={search_term_string}\"},\"query-input\":{\"@type\":\"PropertyValueSpecification\",\"valueRequired\":true,\"valueName\":\"search_term_string\"}}],\"inLanguage\":\"cs\"}]}<\/script>\n<!-- \/ Yoast SEO plugin. -->","yoast_head_json":{"title":"Zlevn\u011bn\u00fd Sapho Sklen\u011bn\u00e1 police 700mm, \u010dern\u00e1\/ml\u00e9\u010dn\u00e9 sklo MY009B-05 -","robots":{"index":"index","follow":"follow","max-snippet":"max-snippet:-1","max-image-preview":"max-image-preview:large","max-video-preview":"max-video-preview:-1"},"canonical":"https:\/\/www.oknobuild.com\/index.php\/produkt\/zlevneny-sapho-sklenena-police-700mm-cerna-mlecne-sklo-my009b-05-24567\/","og_locale":"cs_CZ","og_type":"article","og_title":"Zlevn\u011bn\u00fd Sapho Sklen\u011bn\u00e1 police 700mm, \u010dern\u00e1\/ml\u00e9\u010dn\u00e9 sklo MY009B-05 -","og_description":"Detailn\u00ed popis produktu Snad inspirov\u00e1n pohledem na kr\u00e1su Pyrenej\u00ed navrhl design\u00e9r s\u00e9rii dopl\u0148k\u016f PIRENEI. Masivn\u00ed z\u00e1kladna, kombinace p\u0159\u00edm\u00fdch lini\u00ed a zaoblen\u00fdch hran je spojen\u00edm elegance a majest\u00e1tnosti. Na v\u00fdb\u011br jsou dopl\u0148ky v proveden\u00ed v chromov\u00e9, matn\u00e9 \u010dern\u00e9, matn\u00e9 b\u00edl\u00e9, gun metal, zlat\u00e9 a matn\u00e9 zlat\u00e9 variant\u011b. Vlastnosti Zna\u010dka SAPHO S\u00e9rie PIRENEI Rozm\u011br 700x21x100 mm D\u00e9lka [&hellip;]","og_url":"https:\/\/www.oknobuild.com\/index.php\/produkt\/zlevneny-sapho-sklenena-police-700mm-cerna-mlecne-sklo-my009b-05-24567\/","og_image":[{"width":1000,"height":750,"url":"https:\/\/www.oknobuild.com\/wp-content\/uploads\/2026\/SK0016055-CZ20260425-093631-0-1777080994-312033_my009b-05-234243221364517.webp","type":"image\/webp"}],"twitter_card":"summary_large_image","schema":{"@context":"https:\/\/schema.org","@graph":[{"@type":"WebPage","@id":"https:\/\/www.oknobuild.com\/index.php\/produkt\/zlevneny-sapho-sklenena-police-700mm-cerna-mlecne-sklo-my009b-05-24567\/","url":"https:\/\/www.oknobuild.com\/index.php\/produkt\/zlevneny-sapho-sklenena-police-700mm-cerna-mlecne-sklo-my009b-05-24567\/","name":"Zlevn\u011bn\u00fd Sapho Sklen\u011bn\u00e1 police 700mm, \u010dern\u00e1\/ml\u00e9\u010dn\u00e9 sklo MY009B-05 -","isPartOf":{"@id":"https:\/\/www.oknobuild.com\/#website"},"primaryImageOfPage":{"@id":"https:\/\/www.oknobuild.com\/index.php\/produkt\/zlevneny-sapho-sklenena-police-700mm-cerna-mlecne-sklo-my009b-05-24567\/#primaryimage"},"image":{"@id":"https:\/\/www.oknobuild.com\/index.php\/produkt\/zlevneny-sapho-sklenena-police-700mm-cerna-mlecne-sklo-my009b-05-24567\/#primaryimage"},"thumbnailUrl":"https:\/\/www.oknobuild.com\/wp-content\/uploads\/2026\/SK0016055-CZ20260425-093631-0-1777080994-312033_my009b-05-234243221364517.webp","datePublished":"2026-04-27T04:41:35+00:00","breadcrumb":{"@id":"https:\/\/www.oknobuild.com\/index.php\/produkt\/zlevneny-sapho-sklenena-police-700mm-cerna-mlecne-sklo-my009b-05-24567\/#breadcrumb"},"inLanguage":"cs","potentialAction":[{"@type":"ReadAction","target":["https:\/\/www.oknobuild.com\/index.php\/produkt\/zlevneny-sapho-sklenena-police-700mm-cerna-mlecne-sklo-my009b-05-24567\/"]}]},{"@type":"ImageObject","inLanguage":"cs","@id":"https:\/\/www.oknobuild.com\/index.php\/produkt\/zlevneny-sapho-sklenena-police-700mm-cerna-mlecne-sklo-my009b-05-24567\/#primaryimage","url":"https:\/\/www.oknobuild.com\/wp-content\/uploads\/2026\/SK0016055-CZ20260425-093631-0-1777080994-312033_my009b-05-234243221364517.webp","contentUrl":"https:\/\/www.oknobuild.com\/wp-content\/uploads\/2026\/SK0016055-CZ20260425-093631-0-1777080994-312033_my009b-05-234243221364517.webp","width":1000,"height":750},{"@type":"BreadcrumbList","@id":"https:\/\/www.oknobuild.com\/index.php\/produkt\/zlevneny-sapho-sklenena-police-700mm-cerna-mlecne-sklo-my009b-05-24567\/#breadcrumb","itemListElement":[{"@type":"ListItem","position":1,"name":"Home","item":"https:\/\/www.oknobuild.com\/"},{"@type":"ListItem","position":2,"name":"Products","item":"https:\/\/www.oknobuild.com\/index.php\/products\/"},{"@type":"ListItem","position":3,"name":"Zlevn\u011bn\u00fd Sapho Sklen\u011bn\u00e1 police 700mm, \u010dern\u00e1\/ml\u00e9\u010dn\u00e9 sklo MY009B-05"}]},{"@type":"WebSite","@id":"https:\/\/www.oknobuild.com\/#website","url":"https:\/\/www.oknobuild.com\/","name":"","description":"","potentialAction":[{"@type":"SearchAction","target":{"@type":"EntryPoint","urlTemplate":"https:\/\/www.oknobuild.com\/?s={search_term_string}"},"query-input":{"@type":"PropertyValueSpecification","valueRequired":true,"valueName":"search_term_string"}}],"inLanguage":"cs"}]}},"_links":{"self":[{"href":"https:\/\/www.oknobuild.com\/index.php\/wp-json\/wp\/v2\/product\/24567","targetHints":{"allow":["GET"]}}],"collection":[{"href":"https:\/\/www.oknobuild.com\/index.php\/wp-json\/wp\/v2\/product"}],"about":[{"href":"https:\/\/www.oknobuild.com\/index.php\/wp-json\/wp\/v2\/types\/product"}],"replies":[{"embeddable":true,"href":"https:\/\/www.oknobuild.com\/index.php\/wp-json\/wp\/v2\/comments?post=24567"}],"wp:featuredmedia":[{"embeddable":true,"href":"https:\/\/www.oknobuild.com\/index.php\/wp-json\/wp\/v2\/media\/24667"}],"wp:attachment":[{"href":"https:\/\/www.oknobuild.com\/index.php\/wp-json\/wp\/v2\/media?parent=24567"}],"wp:term":[{"taxonomy":"product_brand","embeddable":true,"href":"https:\/\/www.oknobuild.com\/index.php\/wp-json\/wp\/v2\/product_brand?post=24567"},{"taxonomy":"product_cat","embeddable":true,"href":"https:\/\/www.oknobuild.com\/index.php\/wp-json\/wp\/v2\/product_cat?post=24567"},{"taxonomy":"product_tag","embeddable":true,"href":"https:\/\/www.oknobuild.com\/index.php\/wp-json\/wp\/v2\/product_tag?post=24567"}],"curies":[{"name":"wp","href":"https:\/\/api.w.org\/{rel}","templated":true}]}}