{"id":24725,"date":"2026-04-27T04:41:36","date_gmt":"2026-04-27T04:41:36","guid":{"rendered":""},"modified":"2026-04-27T04:41:36","modified_gmt":"2026-04-27T04:41:36","slug":"zlevneny-polysan-treneca-vanicka-z-liteho-mramoru-s-moznosti-upravy-rozmeru-140x80cm-cerna-mat-84304-21-24725","status":"publish","type":"product","link":"https:\/\/www.oknobuild.com\/index.php\/produkt\/zlevneny-polysan-treneca-vanicka-z-liteho-mramoru-s-moznosti-upravy-rozmeru-140x80cm-cerna-mat-84304-21-24725\/","title":{"rendered":"Zlevn\u011bn\u00fd Polysan TRENECA vani\u010dka z lit\u00e9ho mramoru s mo\u017enost\u00ed \u00fapravy rozm\u011bru, 140x80cm, \u010dern\u00e1 mat 84304.21"},"content":{"rendered":"<div class=\"basic-description\">\n<h3>Detailn\u00ed popis produktu<\/h3>\n<p><\/p>\n<p style=\"text-align: justify;\">Se sprchovou vani\u010dkou z lit\u00e9ho mramoru TRENECA prom\u011bn\u00edte sprchov\u00fd kout v m\u00edsto pln\u00e9 elegance. Na v\u00fdb\u011br je ze \u010dty\u0159 matn\u00fdch barev: b\u00edl\u00e9, \u010dern\u00e9, b\u00e9\u017eov\u00e9 a \u0161ed\u00e9. Vani\u010dky zaujmou texturou s kamenn\u00fdm vzhledem a funk\u010dnost\u00ed &#8211; jejich povrch je vybaven nejvy\u0161\u0161\u00ed t\u0159\u00eddou protiskluzu a s v\u00fd\u0161kou pouh\u00fdch 30 mm umo\u017e\u0148uj\u00ed bezbari\u00e9rovou instalaci.<\/p>\n<ul>\n<li>\u010ctvercov\u00e9 vani\u010dky nab\u00edz\u00edme v rozm\u011brech 90&#215;90 a 100&#215;100 cm<\/li>\n<li>Obd\u00e9ln\u00edkov\u00e9 vani\u010dky nab\u00edz\u00edme v \u0161\u00ed\u0159ce od 80 do 100 cm a v d\u00e9lce od 90 do 160 cm<\/li>\n<li style=\"text-align: justify;\">Vani\u010dky lze instalovat zapu\u0161t\u011bn\u00edm do podlahy, usazen\u00edm na podlahu nebo s no\u017ei\u010dkami a n\u00e1sledn\u00fdm podezd\u011bn\u00edm; vhodn\u00fd typ no\u017ei\u010dek je uveden u ka\u017ed\u00e9 vani\u010dky<\/li>\n<li style=\"text-align: justify;\">Sprchovou vani\u010dku je mo\u017en\u00e9 \u0159ezem upravit na po\u017eadovan\u00fd rozm\u011br. \u0158ez vani\u010dkou mus\u00ed b\u00fdt rovn\u00fd (kr\u00e1cen\u00ed, \u00fakosy, v\u00fd\u0159ezy).<\/li>\n<li style=\"text-align: justify;\"><strong>Nutno objednat samostatn\u011b speci\u00e1ln\u00ed sifon s nerezovou krytkou &#8211; vyb\u00edrat lze z p\u011bti odst\u00edn\u016f<\/strong><\/li>\n<\/ul>\n<p style=\"text-align: justify;\">Na sprchov\u00e9 vani\u010dky POLYSAN vyroben\u00e9 z lit\u00e9ho mramoru poskytujeme z\u00e1ruku 2 roky.&nbsp;Podm\u00ednkou z\u00e1ruky je spr\u00e1vn\u00e9 usazen\u00ed podle n\u00e1vodu.<\/p>\n<h2 class=\"props-title\">Vlastnosti<\/h2>\n<table>\n<tr>\n<th>Zna\u010dka<\/th>\n<td>POLYSAN<\/td>\n<\/tr>\n<tr>\n<th>S\u00e9rie<\/th>\n<td>TRENECA<\/td>\n<\/tr>\n<tr>\n<th>3D model<\/th>\n<td>ANO<\/td>\n<\/tr>\n<tr>\n<th>Rozm\u011br<\/th>\n<td>140x80x2,7 cm<\/td>\n<\/tr>\n<tr>\n<th>D\u00e9lka<\/th>\n<td>1400&nbsp;mm<\/td>\n<\/tr>\n<tr>\n<th>\u0160\u00ed\u0159ka<\/th>\n<td>800&nbsp;mm<\/td>\n<\/tr>\n<tr>\n<th>V\u00fd\u0161ka<\/th>\n<td>27&nbsp;mm<\/td>\n<\/tr>\n<tr>\n<th>Barva<\/th>\n<td>\u010cern\u00e1 mat<\/td>\n<\/tr>\n<tr>\n<th>Materi\u00e1l<\/th>\n<td>Lit\u00fd mramor<\/td>\n<\/tr>\n<tr>\n<th>Tvar<\/th>\n<td>Obd\u00e9ln\u00edkov\u00e9<\/td>\n<\/tr>\n<tr>\n<th>Pr\u016fm\u011br odpadu<\/th>\n<td>90&nbsp;mm<\/td>\n<\/tr>\n<tr>\n<th>Hmotnost \/ ks<\/th>\n<td>41.9000&nbsp;kg<\/td>\n<\/tr>\n<tr>\n<th>EAN<\/th>\n<td>8590729059110<\/td>\n<\/tr>\n<tr>\n<th>Taric<\/th>\n<td>39221000<\/td>\n<\/tr>\n<tr>\n<th>Z\u00e1ruka<\/th>\n<td>2 roky<\/td>\n<\/tr>\n<\/table>\n<div class=\"product-explanation-item\">\n<h3><strong>Lit\u00fd mramor &#8211; materi\u00e1l s tepeln\u011b-izola\u010dn\u00edmi vlastnostmi, kter\u00e9 ocen\u00edte p\u0159i ka\u017ed\u00e9m doteku<\/strong><\/h3>\n<p style=\"text-align: justify;\">Pou\u017e\u00edv\u00e1 se pro v\u00fdrobu sprchov\u00fdch vani\u010dek, van, umyvadel i dal\u0161\u00edch produkt\u016f. Vyr\u00e1b\u00ed se ze sm\u011bsi mlet\u00e9ho v\u00e1pence, skl\u00e1\u0159sk\u00e9ho p\u00edsku, polyesterov\u00e9 prysky\u0159ice a barviv. V\u00fdrobky z lit\u00e9ho mramoru se vyzna\u010duj\u00ed vysokou pevnost\u00ed, nulov\u00fdm pr\u016fhybem, stabilitou a elegantn\u00edm designem.<\/p>\n<\/div><\/div>\n","protected":false},"excerpt":{"rendered":"<p>Detailn\u00ed popis produktu Se sprchovou vani\u010dkou z lit\u00e9ho mramoru TRENECA prom\u011bn\u00edte sprchov\u00fd kout v m\u00edsto pln\u00e9 elegance. Na v\u00fdb\u011br je ze \u010dty\u0159 matn\u00fdch barev: b\u00edl\u00e9, \u010dern\u00e9, b\u00e9\u017eov\u00e9 a \u0161ed\u00e9. Vani\u010dky zaujmou texturou s kamenn\u00fdm vzhledem a funk\u010dnost\u00ed &#8211; jejich povrch je vybaven nejvy\u0161\u0161\u00ed t\u0159\u00eddou protiskluzu a s v\u00fd\u0161kou pouh\u00fdch 30 mm umo\u017e\u0148uj\u00ed bezbari\u00e9rovou instalaci. \u010ctvercov\u00e9 [&hellip;]<\/p>\n","protected":false},"featured_media":24825,"comment_status":"open","ping_status":"open","template":"","meta":[],"product_brand":[],"product_cat":[56],"product_tag":[],"class_list":{"0":"post-24725","1":"product","2":"type-product","3":"status-publish","4":"has-post-thumbnail","6":"product_cat-sprchove-kouty","8":"first","9":"instock","10":"sale","11":"shipping-taxable","12":"purchasable","13":"product-type-simple"},"yoast_head":"<!-- This site is optimized with the Yoast SEO plugin v26.8 - https:\/\/yoast.com\/product\/yoast-seo-wordpress\/ -->\n<title>Zlevn\u011bn\u00fd Polysan TRENECA vani\u010dka z lit\u00e9ho mramoru s mo\u017enost\u00ed \u00fapravy rozm\u011bru, 140x80cm, \u010dern\u00e1 mat 84304.21 -<\/title>\n<meta name=\"robots\" content=\"index, follow, max-snippet:-1, max-image-preview:large, max-video-preview:-1\" \/>\n<link rel=\"canonical\" href=\"https:\/\/www.oknobuild.com\/index.php\/produkt\/zlevneny-polysan-treneca-vanicka-z-liteho-mramoru-s-moznosti-upravy-rozmeru-140x80cm-cerna-mat-84304-21-24725\/\" \/>\n<meta property=\"og:locale\" content=\"cs_CZ\" \/>\n<meta property=\"og:type\" content=\"article\" \/>\n<meta property=\"og:title\" content=\"Zlevn\u011bn\u00fd Polysan TRENECA vani\u010dka z lit\u00e9ho mramoru s mo\u017enost\u00ed \u00fapravy rozm\u011bru, 140x80cm, \u010dern\u00e1 mat 84304.21 -\" \/>\n<meta property=\"og:description\" content=\"Detailn\u00ed popis produktu Se sprchovou vani\u010dkou z lit\u00e9ho mramoru TRENECA prom\u011bn\u00edte sprchov\u00fd kout v m\u00edsto pln\u00e9 elegance. Na v\u00fdb\u011br je ze \u010dty\u0159 matn\u00fdch barev: b\u00edl\u00e9, \u010dern\u00e9, b\u00e9\u017eov\u00e9 a \u0161ed\u00e9. Vani\u010dky zaujmou texturou s kamenn\u00fdm vzhledem a funk\u010dnost\u00ed &#8211; jejich povrch je vybaven nejvy\u0161\u0161\u00ed t\u0159\u00eddou protiskluzu a s v\u00fd\u0161kou pouh\u00fdch 30 mm umo\u017e\u0148uj\u00ed bezbari\u00e9rovou instalaci. \u010ctvercov\u00e9 [&hellip;]\" \/>\n<meta property=\"og:url\" content=\"https:\/\/www.oknobuild.com\/index.php\/produkt\/zlevneny-polysan-treneca-vanicka-z-liteho-mramoru-s-moznosti-upravy-rozmeru-140x80cm-cerna-mat-84304-21-24725\/\" \/>\n<meta property=\"og:image\" content=\"https:\/\/www.oknobuild.com\/wp-content\/uploads\/2026\/SK0016116-CZ20260425-093631-0-1777080994-312267_polysan-treneca-vanicka-z-liteho-mramoru-s-moznosti-.webp\" \/>\n\t<meta property=\"og:image:width\" content=\"1000\" \/>\n\t<meta property=\"og:image:height\" content=\"750\" \/>\n\t<meta property=\"og:image:type\" content=\"image\/webp\" \/>\n<meta name=\"twitter:card\" content=\"summary_large_image\" \/>\n<meta name=\"twitter:label1\" content=\"Odhadovan\u00e1 doba \u010dten\u00ed\" \/>\n\t<meta name=\"twitter:data1\" content=\"2 minuty\" \/>\n<script type=\"application\/ld+json\" class=\"yoast-schema-graph\">{\"@context\":\"https:\/\/schema.org\",\"@graph\":[{\"@type\":\"WebPage\",\"@id\":\"https:\/\/www.oknobuild.com\/index.php\/produkt\/zlevneny-polysan-treneca-vanicka-z-liteho-mramoru-s-moznosti-upravy-rozmeru-140x80cm-cerna-mat-84304-21-24725\/\",\"url\":\"https:\/\/www.oknobuild.com\/index.php\/produkt\/zlevneny-polysan-treneca-vanicka-z-liteho-mramoru-s-moznosti-upravy-rozmeru-140x80cm-cerna-mat-84304-21-24725\/\",\"name\":\"Zlevn\u011bn\u00fd Polysan TRENECA vani\u010dka z lit\u00e9ho mramoru s mo\u017enost\u00ed \u00fapravy rozm\u011bru, 140x80cm, \u010dern\u00e1 mat 84304.21 -\",\"isPartOf\":{\"@id\":\"https:\/\/www.oknobuild.com\/#website\"},\"primaryImageOfPage\":{\"@id\":\"https:\/\/www.oknobuild.com\/index.php\/produkt\/zlevneny-polysan-treneca-vanicka-z-liteho-mramoru-s-moznosti-upravy-rozmeru-140x80cm-cerna-mat-84304-21-24725\/#primaryimage\"},\"image\":{\"@id\":\"https:\/\/www.oknobuild.com\/index.php\/produkt\/zlevneny-polysan-treneca-vanicka-z-liteho-mramoru-s-moznosti-upravy-rozmeru-140x80cm-cerna-mat-84304-21-24725\/#primaryimage\"},\"thumbnailUrl\":\"https:\/\/www.oknobuild.com\/wp-content\/uploads\/2026\/SK0016116-CZ20260425-093631-0-1777080994-312267_polysan-treneca-vanicka-z-liteho-mramoru-s-moznosti-.webp\",\"datePublished\":\"2026-04-27T04:41:36+00:00\",\"breadcrumb\":{\"@id\":\"https:\/\/www.oknobuild.com\/index.php\/produkt\/zlevneny-polysan-treneca-vanicka-z-liteho-mramoru-s-moznosti-upravy-rozmeru-140x80cm-cerna-mat-84304-21-24725\/#breadcrumb\"},\"inLanguage\":\"cs\",\"potentialAction\":[{\"@type\":\"ReadAction\",\"target\":[\"https:\/\/www.oknobuild.com\/index.php\/produkt\/zlevneny-polysan-treneca-vanicka-z-liteho-mramoru-s-moznosti-upravy-rozmeru-140x80cm-cerna-mat-84304-21-24725\/\"]}]},{\"@type\":\"ImageObject\",\"inLanguage\":\"cs\",\"@id\":\"https:\/\/www.oknobuild.com\/index.php\/produkt\/zlevneny-polysan-treneca-vanicka-z-liteho-mramoru-s-moznosti-upravy-rozmeru-140x80cm-cerna-mat-84304-21-24725\/#primaryimage\",\"url\":\"https:\/\/www.oknobuild.com\/wp-content\/uploads\/2026\/SK0016116-CZ20260425-093631-0-1777080994-312267_polysan-treneca-vanicka-z-liteho-mramoru-s-moznosti-.webp\",\"contentUrl\":\"https:\/\/www.oknobuild.com\/wp-content\/uploads\/2026\/SK0016116-CZ20260425-093631-0-1777080994-312267_polysan-treneca-vanicka-z-liteho-mramoru-s-moznosti-.webp\",\"width\":1000,\"height\":750},{\"@type\":\"BreadcrumbList\",\"@id\":\"https:\/\/www.oknobuild.com\/index.php\/produkt\/zlevneny-polysan-treneca-vanicka-z-liteho-mramoru-s-moznosti-upravy-rozmeru-140x80cm-cerna-mat-84304-21-24725\/#breadcrumb\",\"itemListElement\":[{\"@type\":\"ListItem\",\"position\":1,\"name\":\"Home\",\"item\":\"https:\/\/www.oknobuild.com\/\"},{\"@type\":\"ListItem\",\"position\":2,\"name\":\"Products\",\"item\":\"https:\/\/www.oknobuild.com\/index.php\/products\/\"},{\"@type\":\"ListItem\",\"position\":3,\"name\":\"Zlevn\u011bn\u00fd Polysan TRENECA vani\u010dka z lit\u00e9ho mramoru s mo\u017enost\u00ed \u00fapravy rozm\u011bru, 140x80cm, \u010dern\u00e1 mat 84304.21\"}]},{\"@type\":\"WebSite\",\"@id\":\"https:\/\/www.oknobuild.com\/#website\",\"url\":\"https:\/\/www.oknobuild.com\/\",\"name\":\"\",\"description\":\"\",\"potentialAction\":[{\"@type\":\"SearchAction\",\"target\":{\"@type\":\"EntryPoint\",\"urlTemplate\":\"https:\/\/www.oknobuild.com\/?s={search_term_string}\"},\"query-input\":{\"@type\":\"PropertyValueSpecification\",\"valueRequired\":true,\"valueName\":\"search_term_string\"}}],\"inLanguage\":\"cs\"}]}<\/script>\n<!-- \/ Yoast SEO plugin. -->","yoast_head_json":{"title":"Zlevn\u011bn\u00fd Polysan TRENECA vani\u010dka z lit\u00e9ho mramoru s mo\u017enost\u00ed \u00fapravy rozm\u011bru, 140x80cm, \u010dern\u00e1 mat 84304.21 -","robots":{"index":"index","follow":"follow","max-snippet":"max-snippet:-1","max-image-preview":"max-image-preview:large","max-video-preview":"max-video-preview:-1"},"canonical":"https:\/\/www.oknobuild.com\/index.php\/produkt\/zlevneny-polysan-treneca-vanicka-z-liteho-mramoru-s-moznosti-upravy-rozmeru-140x80cm-cerna-mat-84304-21-24725\/","og_locale":"cs_CZ","og_type":"article","og_title":"Zlevn\u011bn\u00fd Polysan TRENECA vani\u010dka z lit\u00e9ho mramoru s mo\u017enost\u00ed \u00fapravy rozm\u011bru, 140x80cm, \u010dern\u00e1 mat 84304.21 -","og_description":"Detailn\u00ed popis produktu Se sprchovou vani\u010dkou z lit\u00e9ho mramoru TRENECA prom\u011bn\u00edte sprchov\u00fd kout v m\u00edsto pln\u00e9 elegance. Na v\u00fdb\u011br je ze \u010dty\u0159 matn\u00fdch barev: b\u00edl\u00e9, \u010dern\u00e9, b\u00e9\u017eov\u00e9 a \u0161ed\u00e9. Vani\u010dky zaujmou texturou s kamenn\u00fdm vzhledem a funk\u010dnost\u00ed &#8211; jejich povrch je vybaven nejvy\u0161\u0161\u00ed t\u0159\u00eddou protiskluzu a s v\u00fd\u0161kou pouh\u00fdch 30 mm umo\u017e\u0148uj\u00ed bezbari\u00e9rovou instalaci. \u010ctvercov\u00e9 [&hellip;]","og_url":"https:\/\/www.oknobuild.com\/index.php\/produkt\/zlevneny-polysan-treneca-vanicka-z-liteho-mramoru-s-moznosti-upravy-rozmeru-140x80cm-cerna-mat-84304-21-24725\/","og_image":[{"width":1000,"height":750,"url":"https:\/\/www.oknobuild.com\/wp-content\/uploads\/2026\/SK0016116-CZ20260425-093631-0-1777080994-312267_polysan-treneca-vanicka-z-liteho-mramoru-s-moznosti-.webp","type":"image\/webp"}],"twitter_card":"summary_large_image","twitter_misc":{"Odhadovan\u00e1 doba \u010dten\u00ed":"2 minuty"},"schema":{"@context":"https:\/\/schema.org","@graph":[{"@type":"WebPage","@id":"https:\/\/www.oknobuild.com\/index.php\/produkt\/zlevneny-polysan-treneca-vanicka-z-liteho-mramoru-s-moznosti-upravy-rozmeru-140x80cm-cerna-mat-84304-21-24725\/","url":"https:\/\/www.oknobuild.com\/index.php\/produkt\/zlevneny-polysan-treneca-vanicka-z-liteho-mramoru-s-moznosti-upravy-rozmeru-140x80cm-cerna-mat-84304-21-24725\/","name":"Zlevn\u011bn\u00fd Polysan TRENECA vani\u010dka z lit\u00e9ho mramoru s mo\u017enost\u00ed \u00fapravy rozm\u011bru, 140x80cm, \u010dern\u00e1 mat 84304.21 -","isPartOf":{"@id":"https:\/\/www.oknobuild.com\/#website"},"primaryImageOfPage":{"@id":"https:\/\/www.oknobuild.com\/index.php\/produkt\/zlevneny-polysan-treneca-vanicka-z-liteho-mramoru-s-moznosti-upravy-rozmeru-140x80cm-cerna-mat-84304-21-24725\/#primaryimage"},"image":{"@id":"https:\/\/www.oknobuild.com\/index.php\/produkt\/zlevneny-polysan-treneca-vanicka-z-liteho-mramoru-s-moznosti-upravy-rozmeru-140x80cm-cerna-mat-84304-21-24725\/#primaryimage"},"thumbnailUrl":"https:\/\/www.oknobuild.com\/wp-content\/uploads\/2026\/SK0016116-CZ20260425-093631-0-1777080994-312267_polysan-treneca-vanicka-z-liteho-mramoru-s-moznosti-.webp","datePublished":"2026-04-27T04:41:36+00:00","breadcrumb":{"@id":"https:\/\/www.oknobuild.com\/index.php\/produkt\/zlevneny-polysan-treneca-vanicka-z-liteho-mramoru-s-moznosti-upravy-rozmeru-140x80cm-cerna-mat-84304-21-24725\/#breadcrumb"},"inLanguage":"cs","potentialAction":[{"@type":"ReadAction","target":["https:\/\/www.oknobuild.com\/index.php\/produkt\/zlevneny-polysan-treneca-vanicka-z-liteho-mramoru-s-moznosti-upravy-rozmeru-140x80cm-cerna-mat-84304-21-24725\/"]}]},{"@type":"ImageObject","inLanguage":"cs","@id":"https:\/\/www.oknobuild.com\/index.php\/produkt\/zlevneny-polysan-treneca-vanicka-z-liteho-mramoru-s-moznosti-upravy-rozmeru-140x80cm-cerna-mat-84304-21-24725\/#primaryimage","url":"https:\/\/www.oknobuild.com\/wp-content\/uploads\/2026\/SK0016116-CZ20260425-093631-0-1777080994-312267_polysan-treneca-vanicka-z-liteho-mramoru-s-moznosti-.webp","contentUrl":"https:\/\/www.oknobuild.com\/wp-content\/uploads\/2026\/SK0016116-CZ20260425-093631-0-1777080994-312267_polysan-treneca-vanicka-z-liteho-mramoru-s-moznosti-.webp","width":1000,"height":750},{"@type":"BreadcrumbList","@id":"https:\/\/www.oknobuild.com\/index.php\/produkt\/zlevneny-polysan-treneca-vanicka-z-liteho-mramoru-s-moznosti-upravy-rozmeru-140x80cm-cerna-mat-84304-21-24725\/#breadcrumb","itemListElement":[{"@type":"ListItem","position":1,"name":"Home","item":"https:\/\/www.oknobuild.com\/"},{"@type":"ListItem","position":2,"name":"Products","item":"https:\/\/www.oknobuild.com\/index.php\/products\/"},{"@type":"ListItem","position":3,"name":"Zlevn\u011bn\u00fd Polysan TRENECA vani\u010dka z lit\u00e9ho mramoru s mo\u017enost\u00ed \u00fapravy rozm\u011bru, 140x80cm, \u010dern\u00e1 mat 84304.21"}]},{"@type":"WebSite","@id":"https:\/\/www.oknobuild.com\/#website","url":"https:\/\/www.oknobuild.com\/","name":"","description":"","potentialAction":[{"@type":"SearchAction","target":{"@type":"EntryPoint","urlTemplate":"https:\/\/www.oknobuild.com\/?s={search_term_string}"},"query-input":{"@type":"PropertyValueSpecification","valueRequired":true,"valueName":"search_term_string"}}],"inLanguage":"cs"}]}},"_links":{"self":[{"href":"https:\/\/www.oknobuild.com\/index.php\/wp-json\/wp\/v2\/product\/24725","targetHints":{"allow":["GET"]}}],"collection":[{"href":"https:\/\/www.oknobuild.com\/index.php\/wp-json\/wp\/v2\/product"}],"about":[{"href":"https:\/\/www.oknobuild.com\/index.php\/wp-json\/wp\/v2\/types\/product"}],"replies":[{"embeddable":true,"href":"https:\/\/www.oknobuild.com\/index.php\/wp-json\/wp\/v2\/comments?post=24725"}],"wp:featuredmedia":[{"embeddable":true,"href":"https:\/\/www.oknobuild.com\/index.php\/wp-json\/wp\/v2\/media\/24825"}],"wp:attachment":[{"href":"https:\/\/www.oknobuild.com\/index.php\/wp-json\/wp\/v2\/media?parent=24725"}],"wp:term":[{"taxonomy":"product_brand","embeddable":true,"href":"https:\/\/www.oknobuild.com\/index.php\/wp-json\/wp\/v2\/product_brand?post=24725"},{"taxonomy":"product_cat","embeddable":true,"href":"https:\/\/www.oknobuild.com\/index.php\/wp-json\/wp\/v2\/product_cat?post=24725"},{"taxonomy":"product_tag","embeddable":true,"href":"https:\/\/www.oknobuild.com\/index.php\/wp-json\/wp\/v2\/product_tag?post=24725"}],"curies":[{"name":"wp","href":"https:\/\/api.w.org\/{rel}","templated":true}]}}