{"id":24773,"date":"2026-04-27T04:41:36","date_gmt":"2026-04-27T04:41:36","guid":{"rendered":""},"modified":"2026-04-27T04:41:36","modified_gmt":"2026-04-27T04:41:36","slug":"znackovy-polysan-treneca-vanickovy-sifon-prumer-90mm-dn40-krytka-bezova-mat-84999-81-24773","status":"publish","type":"product","link":"https:\/\/www.oknobuild.com\/index.php\/produkt\/znackovy-polysan-treneca-vanickovy-sifon-prumer-90mm-dn40-krytka-bezova-mat-84999-81-24773\/","title":{"rendered":"Zna\u010dkov\u00fd Polysan TRENECA vani\u010dkov\u00fd sifon, pr\u016fm\u011br 90mm, DN40, krytka b\u00e9\u017eov\u00e1 mat 84999.81"},"content":{"rendered":"<div class=\"basic-description\">\n<h3>Detailn\u00ed popis produktu<\/h3>\n<p><\/p>\n<h2 class=\"props-title\">Vlastnosti<\/h2>\n<table>\n<tr>\n<th>Zna\u010dka<\/th>\n<td>POLYSAN<\/td>\n<\/tr>\n<tr>\n<th>Barva<\/th>\n<td>B\u00e9\u017eov\u00e1<\/td>\n<\/tr>\n<tr>\n<th>Materi\u00e1l<\/th>\n<td>Plast<\/td>\n<\/tr>\n<tr>\n<th>Sifon pro otvor vani\u010dky<\/th>\n<td>90&nbsp;mm<\/td>\n<\/tr>\n<tr>\n<th>Pr\u016fm\u011br odpadu<\/th>\n<td>40&nbsp;mm<\/td>\n<\/tr>\n<tr>\n<th>V\u00fdbava<\/th>\n<td>N\u00edzk\u00fd<\/td>\n<\/tr>\n<tr>\n<th>Hmotnost \/ ks<\/th>\n<td>0.3000&nbsp;kg<\/td>\n<\/tr>\n<tr>\n<th>Balen\u00ed<\/th>\n<td>1&nbsp;ks<\/td>\n<\/tr>\n<tr>\n<th>EAN<\/th>\n<td>8590729059530<\/td>\n<\/tr>\n<tr>\n<th>Taric<\/th>\n<td>74122000<\/td>\n<\/tr>\n<tr>\n<th>Z\u00e1ruka<\/th>\n<td>2 roky<\/td>\n<\/tr>\n<\/table><\/div>\n","protected":false},"excerpt":{"rendered":"<p>Detailn\u00ed popis produktu Vlastnosti Zna\u010dka POLYSAN Barva B\u00e9\u017eov\u00e1 Materi\u00e1l Plast Sifon pro otvor vani\u010dky 90&nbsp;mm Pr\u016fm\u011br odpadu 40&nbsp;mm V\u00fdbava N\u00edzk\u00fd Hmotnost \/ ks 0.3000&nbsp;kg Balen\u00ed 1&nbsp;ks EAN 8590729059530 Taric 74122000 Z\u00e1ruka 2 roky<\/p>\n","protected":false},"featured_media":24873,"comment_status":"open","ping_status":"open","template":"","meta":[],"product_brand":[],"product_cat":[56],"product_tag":[],"class_list":{"0":"post-24773","1":"product","2":"type-product","3":"status-publish","4":"has-post-thumbnail","6":"product_cat-sprchove-kouty","8":"first","9":"instock","10":"sale","11":"shipping-taxable","12":"purchasable","13":"product-type-simple"},"yoast_head":"<!-- This site is optimized with the Yoast SEO plugin v26.8 - https:\/\/yoast.com\/product\/yoast-seo-wordpress\/ -->\n<title>Zna\u010dkov\u00fd Polysan TRENECA vani\u010dkov\u00fd sifon, pr\u016fm\u011br 90mm, DN40, krytka b\u00e9\u017eov\u00e1 mat 84999.81 -<\/title>\n<meta name=\"robots\" content=\"index, follow, max-snippet:-1, max-image-preview:large, max-video-preview:-1\" \/>\n<link rel=\"canonical\" href=\"https:\/\/www.oknobuild.com\/index.php\/produkt\/znackovy-polysan-treneca-vanickovy-sifon-prumer-90mm-dn40-krytka-bezova-mat-84999-81-24773\/\" \/>\n<meta property=\"og:locale\" content=\"cs_CZ\" \/>\n<meta property=\"og:type\" content=\"article\" \/>\n<meta property=\"og:title\" content=\"Zna\u010dkov\u00fd Polysan TRENECA vani\u010dkov\u00fd sifon, pr\u016fm\u011br 90mm, DN40, krytka b\u00e9\u017eov\u00e1 mat 84999.81 -\" \/>\n<meta property=\"og:description\" content=\"Detailn\u00ed popis produktu Vlastnosti Zna\u010dka POLYSAN Barva B\u00e9\u017eov\u00e1 Materi\u00e1l Plast Sifon pro otvor vani\u010dky 90&nbsp;mm Pr\u016fm\u011br odpadu 40&nbsp;mm V\u00fdbava N\u00edzk\u00fd Hmotnost \/ ks 0.3000&nbsp;kg Balen\u00ed 1&nbsp;ks EAN 8590729059530 Taric 74122000 Z\u00e1ruka 2 roky\" \/>\n<meta property=\"og:url\" content=\"https:\/\/www.oknobuild.com\/index.php\/produkt\/znackovy-polysan-treneca-vanickovy-sifon-prumer-90mm-dn40-krytka-bezova-mat-84999-81-24773\/\" \/>\n<meta property=\"og:image\" content=\"https:\/\/www.oknobuild.com\/wp-content\/uploads\/2026\/SK0016164-CZ20260425-093631-0-1777080994-312420_polysan-treneca-vanickovy-sifon--prumer-90mm--dn40--.webp\" \/>\n\t<meta property=\"og:image:width\" content=\"1000\" \/>\n\t<meta property=\"og:image:height\" content=\"750\" \/>\n\t<meta property=\"og:image:type\" content=\"image\/webp\" \/>\n<meta name=\"twitter:card\" content=\"summary_large_image\" \/>\n<script type=\"application\/ld+json\" class=\"yoast-schema-graph\">{\"@context\":\"https:\/\/schema.org\",\"@graph\":[{\"@type\":\"WebPage\",\"@id\":\"https:\/\/www.oknobuild.com\/index.php\/produkt\/znackovy-polysan-treneca-vanickovy-sifon-prumer-90mm-dn40-krytka-bezova-mat-84999-81-24773\/\",\"url\":\"https:\/\/www.oknobuild.com\/index.php\/produkt\/znackovy-polysan-treneca-vanickovy-sifon-prumer-90mm-dn40-krytka-bezova-mat-84999-81-24773\/\",\"name\":\"Zna\u010dkov\u00fd Polysan TRENECA vani\u010dkov\u00fd sifon, pr\u016fm\u011br 90mm, DN40, krytka b\u00e9\u017eov\u00e1 mat 84999.81 -\",\"isPartOf\":{\"@id\":\"https:\/\/www.oknobuild.com\/#website\"},\"primaryImageOfPage\":{\"@id\":\"https:\/\/www.oknobuild.com\/index.php\/produkt\/znackovy-polysan-treneca-vanickovy-sifon-prumer-90mm-dn40-krytka-bezova-mat-84999-81-24773\/#primaryimage\"},\"image\":{\"@id\":\"https:\/\/www.oknobuild.com\/index.php\/produkt\/znackovy-polysan-treneca-vanickovy-sifon-prumer-90mm-dn40-krytka-bezova-mat-84999-81-24773\/#primaryimage\"},\"thumbnailUrl\":\"https:\/\/www.oknobuild.com\/wp-content\/uploads\/2026\/SK0016164-CZ20260425-093631-0-1777080994-312420_polysan-treneca-vanickovy-sifon--prumer-90mm--dn40--.webp\",\"datePublished\":\"2026-04-27T04:41:36+00:00\",\"breadcrumb\":{\"@id\":\"https:\/\/www.oknobuild.com\/index.php\/produkt\/znackovy-polysan-treneca-vanickovy-sifon-prumer-90mm-dn40-krytka-bezova-mat-84999-81-24773\/#breadcrumb\"},\"inLanguage\":\"cs\",\"potentialAction\":[{\"@type\":\"ReadAction\",\"target\":[\"https:\/\/www.oknobuild.com\/index.php\/produkt\/znackovy-polysan-treneca-vanickovy-sifon-prumer-90mm-dn40-krytka-bezova-mat-84999-81-24773\/\"]}]},{\"@type\":\"ImageObject\",\"inLanguage\":\"cs\",\"@id\":\"https:\/\/www.oknobuild.com\/index.php\/produkt\/znackovy-polysan-treneca-vanickovy-sifon-prumer-90mm-dn40-krytka-bezova-mat-84999-81-24773\/#primaryimage\",\"url\":\"https:\/\/www.oknobuild.com\/wp-content\/uploads\/2026\/SK0016164-CZ20260425-093631-0-1777080994-312420_polysan-treneca-vanickovy-sifon--prumer-90mm--dn40--.webp\",\"contentUrl\":\"https:\/\/www.oknobuild.com\/wp-content\/uploads\/2026\/SK0016164-CZ20260425-093631-0-1777080994-312420_polysan-treneca-vanickovy-sifon--prumer-90mm--dn40--.webp\",\"width\":1000,\"height\":750},{\"@type\":\"BreadcrumbList\",\"@id\":\"https:\/\/www.oknobuild.com\/index.php\/produkt\/znackovy-polysan-treneca-vanickovy-sifon-prumer-90mm-dn40-krytka-bezova-mat-84999-81-24773\/#breadcrumb\",\"itemListElement\":[{\"@type\":\"ListItem\",\"position\":1,\"name\":\"Home\",\"item\":\"https:\/\/www.oknobuild.com\/\"},{\"@type\":\"ListItem\",\"position\":2,\"name\":\"Products\",\"item\":\"https:\/\/www.oknobuild.com\/index.php\/products\/\"},{\"@type\":\"ListItem\",\"position\":3,\"name\":\"Zna\u010dkov\u00fd Polysan TRENECA vani\u010dkov\u00fd sifon, pr\u016fm\u011br 90mm, DN40, krytka b\u00e9\u017eov\u00e1 mat 84999.81\"}]},{\"@type\":\"WebSite\",\"@id\":\"https:\/\/www.oknobuild.com\/#website\",\"url\":\"https:\/\/www.oknobuild.com\/\",\"name\":\"\",\"description\":\"\",\"potentialAction\":[{\"@type\":\"SearchAction\",\"target\":{\"@type\":\"EntryPoint\",\"urlTemplate\":\"https:\/\/www.oknobuild.com\/?s={search_term_string}\"},\"query-input\":{\"@type\":\"PropertyValueSpecification\",\"valueRequired\":true,\"valueName\":\"search_term_string\"}}],\"inLanguage\":\"cs\"}]}<\/script>\n<!-- \/ Yoast SEO plugin. -->","yoast_head_json":{"title":"Zna\u010dkov\u00fd Polysan TRENECA vani\u010dkov\u00fd sifon, pr\u016fm\u011br 90mm, DN40, krytka b\u00e9\u017eov\u00e1 mat 84999.81 -","robots":{"index":"index","follow":"follow","max-snippet":"max-snippet:-1","max-image-preview":"max-image-preview:large","max-video-preview":"max-video-preview:-1"},"canonical":"https:\/\/www.oknobuild.com\/index.php\/produkt\/znackovy-polysan-treneca-vanickovy-sifon-prumer-90mm-dn40-krytka-bezova-mat-84999-81-24773\/","og_locale":"cs_CZ","og_type":"article","og_title":"Zna\u010dkov\u00fd Polysan TRENECA vani\u010dkov\u00fd sifon, pr\u016fm\u011br 90mm, DN40, krytka b\u00e9\u017eov\u00e1 mat 84999.81 -","og_description":"Detailn\u00ed popis produktu Vlastnosti Zna\u010dka POLYSAN Barva B\u00e9\u017eov\u00e1 Materi\u00e1l Plast Sifon pro otvor vani\u010dky 90&nbsp;mm Pr\u016fm\u011br odpadu 40&nbsp;mm V\u00fdbava N\u00edzk\u00fd Hmotnost \/ ks 0.3000&nbsp;kg Balen\u00ed 1&nbsp;ks EAN 8590729059530 Taric 74122000 Z\u00e1ruka 2 roky","og_url":"https:\/\/www.oknobuild.com\/index.php\/produkt\/znackovy-polysan-treneca-vanickovy-sifon-prumer-90mm-dn40-krytka-bezova-mat-84999-81-24773\/","og_image":[{"width":1000,"height":750,"url":"https:\/\/www.oknobuild.com\/wp-content\/uploads\/2026\/SK0016164-CZ20260425-093631-0-1777080994-312420_polysan-treneca-vanickovy-sifon--prumer-90mm--dn40--.webp","type":"image\/webp"}],"twitter_card":"summary_large_image","schema":{"@context":"https:\/\/schema.org","@graph":[{"@type":"WebPage","@id":"https:\/\/www.oknobuild.com\/index.php\/produkt\/znackovy-polysan-treneca-vanickovy-sifon-prumer-90mm-dn40-krytka-bezova-mat-84999-81-24773\/","url":"https:\/\/www.oknobuild.com\/index.php\/produkt\/znackovy-polysan-treneca-vanickovy-sifon-prumer-90mm-dn40-krytka-bezova-mat-84999-81-24773\/","name":"Zna\u010dkov\u00fd Polysan TRENECA vani\u010dkov\u00fd sifon, pr\u016fm\u011br 90mm, DN40, krytka b\u00e9\u017eov\u00e1 mat 84999.81 -","isPartOf":{"@id":"https:\/\/www.oknobuild.com\/#website"},"primaryImageOfPage":{"@id":"https:\/\/www.oknobuild.com\/index.php\/produkt\/znackovy-polysan-treneca-vanickovy-sifon-prumer-90mm-dn40-krytka-bezova-mat-84999-81-24773\/#primaryimage"},"image":{"@id":"https:\/\/www.oknobuild.com\/index.php\/produkt\/znackovy-polysan-treneca-vanickovy-sifon-prumer-90mm-dn40-krytka-bezova-mat-84999-81-24773\/#primaryimage"},"thumbnailUrl":"https:\/\/www.oknobuild.com\/wp-content\/uploads\/2026\/SK0016164-CZ20260425-093631-0-1777080994-312420_polysan-treneca-vanickovy-sifon--prumer-90mm--dn40--.webp","datePublished":"2026-04-27T04:41:36+00:00","breadcrumb":{"@id":"https:\/\/www.oknobuild.com\/index.php\/produkt\/znackovy-polysan-treneca-vanickovy-sifon-prumer-90mm-dn40-krytka-bezova-mat-84999-81-24773\/#breadcrumb"},"inLanguage":"cs","potentialAction":[{"@type":"ReadAction","target":["https:\/\/www.oknobuild.com\/index.php\/produkt\/znackovy-polysan-treneca-vanickovy-sifon-prumer-90mm-dn40-krytka-bezova-mat-84999-81-24773\/"]}]},{"@type":"ImageObject","inLanguage":"cs","@id":"https:\/\/www.oknobuild.com\/index.php\/produkt\/znackovy-polysan-treneca-vanickovy-sifon-prumer-90mm-dn40-krytka-bezova-mat-84999-81-24773\/#primaryimage","url":"https:\/\/www.oknobuild.com\/wp-content\/uploads\/2026\/SK0016164-CZ20260425-093631-0-1777080994-312420_polysan-treneca-vanickovy-sifon--prumer-90mm--dn40--.webp","contentUrl":"https:\/\/www.oknobuild.com\/wp-content\/uploads\/2026\/SK0016164-CZ20260425-093631-0-1777080994-312420_polysan-treneca-vanickovy-sifon--prumer-90mm--dn40--.webp","width":1000,"height":750},{"@type":"BreadcrumbList","@id":"https:\/\/www.oknobuild.com\/index.php\/produkt\/znackovy-polysan-treneca-vanickovy-sifon-prumer-90mm-dn40-krytka-bezova-mat-84999-81-24773\/#breadcrumb","itemListElement":[{"@type":"ListItem","position":1,"name":"Home","item":"https:\/\/www.oknobuild.com\/"},{"@type":"ListItem","position":2,"name":"Products","item":"https:\/\/www.oknobuild.com\/index.php\/products\/"},{"@type":"ListItem","position":3,"name":"Zna\u010dkov\u00fd Polysan TRENECA vani\u010dkov\u00fd sifon, pr\u016fm\u011br 90mm, DN40, krytka b\u00e9\u017eov\u00e1 mat 84999.81"}]},{"@type":"WebSite","@id":"https:\/\/www.oknobuild.com\/#website","url":"https:\/\/www.oknobuild.com\/","name":"","description":"","potentialAction":[{"@type":"SearchAction","target":{"@type":"EntryPoint","urlTemplate":"https:\/\/www.oknobuild.com\/?s={search_term_string}"},"query-input":{"@type":"PropertyValueSpecification","valueRequired":true,"valueName":"search_term_string"}}],"inLanguage":"cs"}]}},"_links":{"self":[{"href":"https:\/\/www.oknobuild.com\/index.php\/wp-json\/wp\/v2\/product\/24773","targetHints":{"allow":["GET"]}}],"collection":[{"href":"https:\/\/www.oknobuild.com\/index.php\/wp-json\/wp\/v2\/product"}],"about":[{"href":"https:\/\/www.oknobuild.com\/index.php\/wp-json\/wp\/v2\/types\/product"}],"replies":[{"embeddable":true,"href":"https:\/\/www.oknobuild.com\/index.php\/wp-json\/wp\/v2\/comments?post=24773"}],"wp:featuredmedia":[{"embeddable":true,"href":"https:\/\/www.oknobuild.com\/index.php\/wp-json\/wp\/v2\/media\/24873"}],"wp:attachment":[{"href":"https:\/\/www.oknobuild.com\/index.php\/wp-json\/wp\/v2\/media?parent=24773"}],"wp:term":[{"taxonomy":"product_brand","embeddable":true,"href":"https:\/\/www.oknobuild.com\/index.php\/wp-json\/wp\/v2\/product_brand?post=24773"},{"taxonomy":"product_cat","embeddable":true,"href":"https:\/\/www.oknobuild.com\/index.php\/wp-json\/wp\/v2\/product_cat?post=24773"},{"taxonomy":"product_tag","embeddable":true,"href":"https:\/\/www.oknobuild.com\/index.php\/wp-json\/wp\/v2\/product_tag?post=24773"}],"curies":[{"name":"wp","href":"https:\/\/api.w.org\/{rel}","templated":true}]}}