{"id":24922,"date":"2026-04-27T04:41:36","date_gmt":"2026-04-27T04:41:36","guid":{"rendered":""},"modified":"2026-04-27T04:41:36","modified_gmt":"2026-04-27T04:41:36","slug":"akce-sapho-medic-wc-kombi-zvyseny-sedak-rimless-37x80-cm-spodni-zadni-odpad-bila-mc102-111-24922","status":"publish","type":"product","link":"https:\/\/www.oknobuild.com\/index.php\/produkt\/akce-sapho-medic-wc-kombi-zvyseny-sedak-rimless-37x80-cm-spodni-zadni-odpad-bila-mc102-111-24922\/","title":{"rendered":"Akce Sapho MEDIC WC kombi, zv\u00fd\u0161en\u00fd sed\u00e1k, Rimless, 37&#215;80 cm, spodn\u00ed\/zadn\u00ed odpad, b\u00edl\u00e1 MC102-111"},"content":{"rendered":"<div class=\"basic-description\">\n<h3>Detailn\u00ed popis produktu<\/h3>\n<p><\/p>\n<h2 class=\"props-title\">Vlastnosti<\/h2>\n<table>\n<tr>\n<th>Zna\u010dka<\/th>\n<td>SAPHO<\/td>\n<\/tr>\n<tr>\n<th>Barva<\/th>\n<td>B\u00edl\u00e1<\/td>\n<\/tr>\n<tr>\n<th>Materi\u00e1l<\/th>\n<td>Keramika<\/td>\n<\/tr>\n<tr>\n<th>Technologie splachov\u00e1n\u00ed<\/th>\n<td>Rimless<\/td>\n<\/tr>\n<tr>\n<th>Ostatn\u00ed<\/th>\n<td>Odpad spodn\u00ed, Odpad zadn\u00ed<\/td>\n<\/tr>\n<tr>\n<th>Balen\u00ed obsahuje<\/th>\n<td>Kotv\u00edc\u00ed sada<\/td>\n<\/tr>\n<tr>\n<th>Hmotnost \/ ks<\/th>\n<td>28.5300&nbsp;kg<\/td>\n<\/tr>\n<tr>\n<th>Balen\u00ed<\/th>\n<td>1&nbsp;ks<\/td>\n<\/tr>\n<tr>\n<th>EAN<\/th>\n<td>8590913966064<\/td>\n<\/tr>\n<tr>\n<th>Taric<\/th>\n<td>69109000<\/td>\n<\/tr>\n<tr>\n<th>Z\u00e1ruka<\/th>\n<td>2 roky<\/td>\n<\/tr>\n<\/table>\n<div class=\"product-explanation-item\">\n<h3>Technologie splachov\u00e1n\u00ed Rimless<\/h3>\n<p style=\"text-align: justify;\">Rimless (NoRim) \u2013 toalety bez tradi\u010dn\u00edho oplachov\u00e9ho kruhu. Hladk\u00fd povrch bez dutin a z\u00e1hyb\u016f. Oplachov\u00e1 voda vyt\u00e9k\u00e1 rozd\u011blova\u010dem vody pouze ze zadn\u00ed \u010d\u00e1sti WC m\u00edsy a d\u00edky speci\u00e1ln\u00edmu tvaru keramiky dokonale opl\u00e1chne vnit\u0159n\u00ed prostor. V\u00fdhodou je snadn\u00e1 \u00fadr\u017eba a \u010di\u0161t\u011bn\u00ed WC m\u00edsy. <\/p>\n<\/div><\/div>\n","protected":false},"excerpt":{"rendered":"<p>Detailn\u00ed popis produktu Vlastnosti Zna\u010dka SAPHO Barva B\u00edl\u00e1 Materi\u00e1l Keramika Technologie splachov\u00e1n\u00ed Rimless Ostatn\u00ed Odpad spodn\u00ed, Odpad zadn\u00ed Balen\u00ed obsahuje Kotv\u00edc\u00ed sada Hmotnost \/ ks 28.5300&nbsp;kg Balen\u00ed 1&nbsp;ks EAN 8590913966064 Taric 69109000 Z\u00e1ruka 2 roky Technologie splachov\u00e1n\u00ed Rimless Rimless (NoRim) \u2013 toalety bez tradi\u010dn\u00edho oplachov\u00e9ho kruhu. Hladk\u00fd povrch bez dutin a z\u00e1hyb\u016f. Oplachov\u00e1 voda vyt\u00e9k\u00e1 [&hellip;]<\/p>\n","protected":false},"featured_media":25022,"comment_status":"open","ping_status":"open","template":"","meta":[],"product_brand":[],"product_cat":[76],"product_tag":[],"class_list":{"0":"post-24922","1":"product","2":"type-product","3":"status-publish","4":"has-post-thumbnail","6":"product_cat-wc","8":"first","9":"instock","10":"sale","11":"shipping-taxable","12":"purchasable","13":"product-type-simple"},"yoast_head":"<!-- This site is optimized with the Yoast SEO plugin v26.8 - https:\/\/yoast.com\/product\/yoast-seo-wordpress\/ -->\n<title>Akce Sapho MEDIC WC kombi, zv\u00fd\u0161en\u00fd sed\u00e1k, Rimless, 37x80 cm, spodn\u00ed\/zadn\u00ed odpad, b\u00edl\u00e1 MC102-111 -<\/title>\n<meta name=\"robots\" content=\"index, follow, max-snippet:-1, max-image-preview:large, max-video-preview:-1\" \/>\n<link rel=\"canonical\" href=\"https:\/\/www.oknobuild.com\/index.php\/produkt\/akce-sapho-medic-wc-kombi-zvyseny-sedak-rimless-37x80-cm-spodni-zadni-odpad-bila-mc102-111-24922\/\" \/>\n<meta property=\"og:locale\" content=\"cs_CZ\" \/>\n<meta property=\"og:type\" content=\"article\" \/>\n<meta property=\"og:title\" content=\"Akce Sapho MEDIC WC kombi, zv\u00fd\u0161en\u00fd sed\u00e1k, Rimless, 37x80 cm, spodn\u00ed\/zadn\u00ed odpad, b\u00edl\u00e1 MC102-111 -\" \/>\n<meta property=\"og:description\" content=\"Detailn\u00ed popis produktu Vlastnosti Zna\u010dka SAPHO Barva B\u00edl\u00e1 Materi\u00e1l Keramika Technologie splachov\u00e1n\u00ed Rimless Ostatn\u00ed Odpad spodn\u00ed, Odpad zadn\u00ed Balen\u00ed obsahuje Kotv\u00edc\u00ed sada Hmotnost \/ ks 28.5300&nbsp;kg Balen\u00ed 1&nbsp;ks EAN 8590913966064 Taric 69109000 Z\u00e1ruka 2 roky Technologie splachov\u00e1n\u00ed Rimless Rimless (NoRim) \u2013 toalety bez tradi\u010dn\u00edho oplachov\u00e9ho kruhu. Hladk\u00fd povrch bez dutin a z\u00e1hyb\u016f. Oplachov\u00e1 voda vyt\u00e9k\u00e1 [&hellip;]\" \/>\n<meta property=\"og:url\" content=\"https:\/\/www.oknobuild.com\/index.php\/produkt\/akce-sapho-medic-wc-kombi-zvyseny-sedak-rimless-37x80-cm-spodni-zadni-odpad-bila-mc102-111-24922\/\" \/>\n<meta property=\"og:image\" content=\"https:\/\/www.oknobuild.com\/wp-content\/uploads\/2026\/SK0016221-CZ20260425-093631-0-1777080994-312708_mc102-111-234831631876648.webp\" \/>\n\t<meta property=\"og:image:width\" content=\"1000\" \/>\n\t<meta property=\"og:image:height\" content=\"750\" \/>\n\t<meta property=\"og:image:type\" content=\"image\/webp\" \/>\n<meta name=\"twitter:card\" content=\"summary_large_image\" \/>\n<script type=\"application\/ld+json\" class=\"yoast-schema-graph\">{\"@context\":\"https:\/\/schema.org\",\"@graph\":[{\"@type\":\"WebPage\",\"@id\":\"https:\/\/www.oknobuild.com\/index.php\/produkt\/akce-sapho-medic-wc-kombi-zvyseny-sedak-rimless-37x80-cm-spodni-zadni-odpad-bila-mc102-111-24922\/\",\"url\":\"https:\/\/www.oknobuild.com\/index.php\/produkt\/akce-sapho-medic-wc-kombi-zvyseny-sedak-rimless-37x80-cm-spodni-zadni-odpad-bila-mc102-111-24922\/\",\"name\":\"Akce Sapho MEDIC WC kombi, zv\u00fd\u0161en\u00fd sed\u00e1k, Rimless, 37x80 cm, spodn\u00ed\/zadn\u00ed odpad, b\u00edl\u00e1 MC102-111 -\",\"isPartOf\":{\"@id\":\"https:\/\/www.oknobuild.com\/#website\"},\"primaryImageOfPage\":{\"@id\":\"https:\/\/www.oknobuild.com\/index.php\/produkt\/akce-sapho-medic-wc-kombi-zvyseny-sedak-rimless-37x80-cm-spodni-zadni-odpad-bila-mc102-111-24922\/#primaryimage\"},\"image\":{\"@id\":\"https:\/\/www.oknobuild.com\/index.php\/produkt\/akce-sapho-medic-wc-kombi-zvyseny-sedak-rimless-37x80-cm-spodni-zadni-odpad-bila-mc102-111-24922\/#primaryimage\"},\"thumbnailUrl\":\"https:\/\/www.oknobuild.com\/wp-content\/uploads\/2026\/SK0016221-CZ20260425-093631-0-1777080994-312708_mc102-111-234831631876648.webp\",\"datePublished\":\"2026-04-27T04:41:36+00:00\",\"breadcrumb\":{\"@id\":\"https:\/\/www.oknobuild.com\/index.php\/produkt\/akce-sapho-medic-wc-kombi-zvyseny-sedak-rimless-37x80-cm-spodni-zadni-odpad-bila-mc102-111-24922\/#breadcrumb\"},\"inLanguage\":\"cs\",\"potentialAction\":[{\"@type\":\"ReadAction\",\"target\":[\"https:\/\/www.oknobuild.com\/index.php\/produkt\/akce-sapho-medic-wc-kombi-zvyseny-sedak-rimless-37x80-cm-spodni-zadni-odpad-bila-mc102-111-24922\/\"]}]},{\"@type\":\"ImageObject\",\"inLanguage\":\"cs\",\"@id\":\"https:\/\/www.oknobuild.com\/index.php\/produkt\/akce-sapho-medic-wc-kombi-zvyseny-sedak-rimless-37x80-cm-spodni-zadni-odpad-bila-mc102-111-24922\/#primaryimage\",\"url\":\"https:\/\/www.oknobuild.com\/wp-content\/uploads\/2026\/SK0016221-CZ20260425-093631-0-1777080994-312708_mc102-111-234831631876648.webp\",\"contentUrl\":\"https:\/\/www.oknobuild.com\/wp-content\/uploads\/2026\/SK0016221-CZ20260425-093631-0-1777080994-312708_mc102-111-234831631876648.webp\",\"width\":1000,\"height\":750},{\"@type\":\"BreadcrumbList\",\"@id\":\"https:\/\/www.oknobuild.com\/index.php\/produkt\/akce-sapho-medic-wc-kombi-zvyseny-sedak-rimless-37x80-cm-spodni-zadni-odpad-bila-mc102-111-24922\/#breadcrumb\",\"itemListElement\":[{\"@type\":\"ListItem\",\"position\":1,\"name\":\"Home\",\"item\":\"https:\/\/www.oknobuild.com\/\"},{\"@type\":\"ListItem\",\"position\":2,\"name\":\"Products\",\"item\":\"https:\/\/www.oknobuild.com\/index.php\/products\/\"},{\"@type\":\"ListItem\",\"position\":3,\"name\":\"Akce Sapho MEDIC WC kombi, zv\u00fd\u0161en\u00fd sed\u00e1k, Rimless, 37&#215;80 cm, spodn\u00ed\/zadn\u00ed odpad, b\u00edl\u00e1 MC102-111\"}]},{\"@type\":\"WebSite\",\"@id\":\"https:\/\/www.oknobuild.com\/#website\",\"url\":\"https:\/\/www.oknobuild.com\/\",\"name\":\"\",\"description\":\"\",\"potentialAction\":[{\"@type\":\"SearchAction\",\"target\":{\"@type\":\"EntryPoint\",\"urlTemplate\":\"https:\/\/www.oknobuild.com\/?s={search_term_string}\"},\"query-input\":{\"@type\":\"PropertyValueSpecification\",\"valueRequired\":true,\"valueName\":\"search_term_string\"}}],\"inLanguage\":\"cs\"}]}<\/script>\n<!-- \/ Yoast SEO plugin. -->","yoast_head_json":{"title":"Akce Sapho MEDIC WC kombi, zv\u00fd\u0161en\u00fd sed\u00e1k, Rimless, 37x80 cm, spodn\u00ed\/zadn\u00ed odpad, b\u00edl\u00e1 MC102-111 -","robots":{"index":"index","follow":"follow","max-snippet":"max-snippet:-1","max-image-preview":"max-image-preview:large","max-video-preview":"max-video-preview:-1"},"canonical":"https:\/\/www.oknobuild.com\/index.php\/produkt\/akce-sapho-medic-wc-kombi-zvyseny-sedak-rimless-37x80-cm-spodni-zadni-odpad-bila-mc102-111-24922\/","og_locale":"cs_CZ","og_type":"article","og_title":"Akce Sapho MEDIC WC kombi, zv\u00fd\u0161en\u00fd sed\u00e1k, Rimless, 37x80 cm, spodn\u00ed\/zadn\u00ed odpad, b\u00edl\u00e1 MC102-111 -","og_description":"Detailn\u00ed popis produktu Vlastnosti Zna\u010dka SAPHO Barva B\u00edl\u00e1 Materi\u00e1l Keramika Technologie splachov\u00e1n\u00ed Rimless Ostatn\u00ed Odpad spodn\u00ed, Odpad zadn\u00ed Balen\u00ed obsahuje Kotv\u00edc\u00ed sada Hmotnost \/ ks 28.5300&nbsp;kg Balen\u00ed 1&nbsp;ks EAN 8590913966064 Taric 69109000 Z\u00e1ruka 2 roky Technologie splachov\u00e1n\u00ed Rimless Rimless (NoRim) \u2013 toalety bez tradi\u010dn\u00edho oplachov\u00e9ho kruhu. Hladk\u00fd povrch bez dutin a z\u00e1hyb\u016f. Oplachov\u00e1 voda vyt\u00e9k\u00e1 [&hellip;]","og_url":"https:\/\/www.oknobuild.com\/index.php\/produkt\/akce-sapho-medic-wc-kombi-zvyseny-sedak-rimless-37x80-cm-spodni-zadni-odpad-bila-mc102-111-24922\/","og_image":[{"width":1000,"height":750,"url":"https:\/\/www.oknobuild.com\/wp-content\/uploads\/2026\/SK0016221-CZ20260425-093631-0-1777080994-312708_mc102-111-234831631876648.webp","type":"image\/webp"}],"twitter_card":"summary_large_image","schema":{"@context":"https:\/\/schema.org","@graph":[{"@type":"WebPage","@id":"https:\/\/www.oknobuild.com\/index.php\/produkt\/akce-sapho-medic-wc-kombi-zvyseny-sedak-rimless-37x80-cm-spodni-zadni-odpad-bila-mc102-111-24922\/","url":"https:\/\/www.oknobuild.com\/index.php\/produkt\/akce-sapho-medic-wc-kombi-zvyseny-sedak-rimless-37x80-cm-spodni-zadni-odpad-bila-mc102-111-24922\/","name":"Akce Sapho MEDIC WC kombi, zv\u00fd\u0161en\u00fd sed\u00e1k, Rimless, 37x80 cm, spodn\u00ed\/zadn\u00ed odpad, b\u00edl\u00e1 MC102-111 -","isPartOf":{"@id":"https:\/\/www.oknobuild.com\/#website"},"primaryImageOfPage":{"@id":"https:\/\/www.oknobuild.com\/index.php\/produkt\/akce-sapho-medic-wc-kombi-zvyseny-sedak-rimless-37x80-cm-spodni-zadni-odpad-bila-mc102-111-24922\/#primaryimage"},"image":{"@id":"https:\/\/www.oknobuild.com\/index.php\/produkt\/akce-sapho-medic-wc-kombi-zvyseny-sedak-rimless-37x80-cm-spodni-zadni-odpad-bila-mc102-111-24922\/#primaryimage"},"thumbnailUrl":"https:\/\/www.oknobuild.com\/wp-content\/uploads\/2026\/SK0016221-CZ20260425-093631-0-1777080994-312708_mc102-111-234831631876648.webp","datePublished":"2026-04-27T04:41:36+00:00","breadcrumb":{"@id":"https:\/\/www.oknobuild.com\/index.php\/produkt\/akce-sapho-medic-wc-kombi-zvyseny-sedak-rimless-37x80-cm-spodni-zadni-odpad-bila-mc102-111-24922\/#breadcrumb"},"inLanguage":"cs","potentialAction":[{"@type":"ReadAction","target":["https:\/\/www.oknobuild.com\/index.php\/produkt\/akce-sapho-medic-wc-kombi-zvyseny-sedak-rimless-37x80-cm-spodni-zadni-odpad-bila-mc102-111-24922\/"]}]},{"@type":"ImageObject","inLanguage":"cs","@id":"https:\/\/www.oknobuild.com\/index.php\/produkt\/akce-sapho-medic-wc-kombi-zvyseny-sedak-rimless-37x80-cm-spodni-zadni-odpad-bila-mc102-111-24922\/#primaryimage","url":"https:\/\/www.oknobuild.com\/wp-content\/uploads\/2026\/SK0016221-CZ20260425-093631-0-1777080994-312708_mc102-111-234831631876648.webp","contentUrl":"https:\/\/www.oknobuild.com\/wp-content\/uploads\/2026\/SK0016221-CZ20260425-093631-0-1777080994-312708_mc102-111-234831631876648.webp","width":1000,"height":750},{"@type":"BreadcrumbList","@id":"https:\/\/www.oknobuild.com\/index.php\/produkt\/akce-sapho-medic-wc-kombi-zvyseny-sedak-rimless-37x80-cm-spodni-zadni-odpad-bila-mc102-111-24922\/#breadcrumb","itemListElement":[{"@type":"ListItem","position":1,"name":"Home","item":"https:\/\/www.oknobuild.com\/"},{"@type":"ListItem","position":2,"name":"Products","item":"https:\/\/www.oknobuild.com\/index.php\/products\/"},{"@type":"ListItem","position":3,"name":"Akce Sapho MEDIC WC kombi, zv\u00fd\u0161en\u00fd sed\u00e1k, Rimless, 37&#215;80 cm, spodn\u00ed\/zadn\u00ed odpad, b\u00edl\u00e1 MC102-111"}]},{"@type":"WebSite","@id":"https:\/\/www.oknobuild.com\/#website","url":"https:\/\/www.oknobuild.com\/","name":"","description":"","potentialAction":[{"@type":"SearchAction","target":{"@type":"EntryPoint","urlTemplate":"https:\/\/www.oknobuild.com\/?s={search_term_string}"},"query-input":{"@type":"PropertyValueSpecification","valueRequired":true,"valueName":"search_term_string"}}],"inLanguage":"cs"}]}},"_links":{"self":[{"href":"https:\/\/www.oknobuild.com\/index.php\/wp-json\/wp\/v2\/product\/24922","targetHints":{"allow":["GET"]}}],"collection":[{"href":"https:\/\/www.oknobuild.com\/index.php\/wp-json\/wp\/v2\/product"}],"about":[{"href":"https:\/\/www.oknobuild.com\/index.php\/wp-json\/wp\/v2\/types\/product"}],"replies":[{"embeddable":true,"href":"https:\/\/www.oknobuild.com\/index.php\/wp-json\/wp\/v2\/comments?post=24922"}],"wp:featuredmedia":[{"embeddable":true,"href":"https:\/\/www.oknobuild.com\/index.php\/wp-json\/wp\/v2\/media\/25022"}],"wp:attachment":[{"href":"https:\/\/www.oknobuild.com\/index.php\/wp-json\/wp\/v2\/media?parent=24922"}],"wp:term":[{"taxonomy":"product_brand","embeddable":true,"href":"https:\/\/www.oknobuild.com\/index.php\/wp-json\/wp\/v2\/product_brand?post=24922"},{"taxonomy":"product_cat","embeddable":true,"href":"https:\/\/www.oknobuild.com\/index.php\/wp-json\/wp\/v2\/product_cat?post=24922"},{"taxonomy":"product_tag","embeddable":true,"href":"https:\/\/www.oknobuild.com\/index.php\/wp-json\/wp\/v2\/product_tag?post=24922"}],"curies":[{"name":"wp","href":"https:\/\/api.w.org\/{rel}","templated":true}]}}