{"id":25149,"date":"2026-04-27T04:41:37","date_gmt":"2026-04-27T04:41:37","guid":{"rendered":""},"modified":"2026-04-27T04:41:37","modified_gmt":"2026-04-27T04:41:37","slug":"aktualni-sapho-cubemix-sprchovy-sloup-s-pakovou-baterii-cerna-mat-cm139b-25149","status":"publish","type":"product","link":"https:\/\/www.oknobuild.com\/index.php\/produkt\/aktualni-sapho-cubemix-sprchovy-sloup-s-pakovou-baterii-cerna-mat-cm139b-25149\/","title":{"rendered":"Aktu\u00e1ln\u00ed Sapho CUBEMIX sprchov\u00fd sloup s p\u00e1kovou bateri\u00ed, \u010dern\u00e1 mat CM139B"},"content":{"rendered":"<div class=\"basic-description\">\n<h3>Detailn\u00ed popis produktu<\/h3>\n<p><\/p>\n<p style=\"text-align: justify;\">S\u00e9rie CUBEMIX p\u0159edstavuje \u0161irokou \u0161k\u00e1lu vodovodn\u00edch bateri\u00ed v\u010detn\u011b sprchov\u00e9ho syst\u00e9mu s ru\u010dn\u00ed a hlavovou sprchou. <br \/>Dokonal\u00fd balanc mezi hranat\u00fdm designem a funk\u010dnost\u00ed.<\/p>\n<h2 class=\"props-title\">Vlastnosti<\/h2>\n<table>\n<tr>\n<th>Zna\u010dka<\/th>\n<td>SAPHO<\/td>\n<\/tr>\n<tr>\n<th>S\u00e9rie<\/th>\n<td>CUBEMIX<\/td>\n<\/tr>\n<tr>\n<th>3D model<\/th>\n<td>ANO<\/td>\n<\/tr>\n<tr>\n<th>\u0160\u00ed\u0159ka<\/th>\n<td>309&nbsp;mm<\/td>\n<\/tr>\n<tr>\n<th>V\u00fd\u0161ka<\/th>\n<td>1160&nbsp;mm<\/td>\n<\/tr>\n<tr>\n<th>Barva<\/th>\n<td>\u010cern\u00e1 mat<\/td>\n<\/tr>\n<tr>\n<th>Materi\u00e1l<\/th>\n<td>Mosaz<\/td>\n<\/tr>\n<tr>\n<th>Tvar<\/th>\n<td>Hranat\u00e9<\/td>\n<\/tr>\n<tr>\n<th>Instalace<\/th>\n<td>N\u00e1st\u011bnn\u00e1 150 mm<\/td>\n<\/tr>\n<tr>\n<th>Druh ovl\u00e1d\u00e1n\u00ed<\/th>\n<td>P\u00e1ka<\/td>\n<\/tr>\n<tr>\n<th>D\u00e9lka hadice<\/th>\n<td>1500&nbsp;mm<\/td>\n<\/tr>\n<tr>\n<th>Sprchov\u00e9 sloupy<\/th>\n<td>S bateri\u00ed<\/td>\n<\/tr>\n<tr>\n<th>Funkce sprchy<\/th>\n<td>D\u00e9\u0161\u0165<\/td>\n<\/tr>\n<tr>\n<th>Rozm\u011br pr\u016f\u0159ezu ty\u010de<\/th>\n<td>Pr\u016fm\u011br 23 mm<\/td>\n<\/tr>\n<tr>\n<th>Ostatn\u00ed<\/th>\n<td>Nastaviteln\u00e1 v\u00fd\u0161ka sloupu, AntiCalc<\/td>\n<\/tr>\n<tr>\n<th>Hmotnost \/ ks<\/th>\n<td>5.6775&nbsp;kg<\/td>\n<\/tr>\n<tr>\n<th>Balen\u00ed<\/th>\n<td>1&nbsp;ks<\/td>\n<\/tr>\n<tr>\n<th>EAN<\/th>\n<td>8590913961076<\/td>\n<\/tr>\n<tr>\n<th>Taric<\/th>\n<td>84818011<\/td>\n<\/tr>\n<tr>\n<th>Z\u00e1ruka<\/th>\n<td>6 let<\/td>\n<\/tr>\n<\/table>\n<div class=\"product-explanation-item\">\n<h3>AntiCalc<\/h3>\n<p style=\"text-align: justify;\">Odolnost v\u016f\u010di usazov\u00e1n\u00ed vodn\u00edho kamene a snadn\u00e9 \u010di\u0161t\u011bn\u00ed.<\/p>\n<\/div>\n<p>   Upozorn\u011bn\u00ed pro z\u00e1kazn\u00edky ke koupi produkt\u016f na objedn\u00e1n\u00ed: Toto zbo\u017e\u00ed nen\u00ed standardn\u00edm s\u00e9riov\u00fdm v\u00fdrobkem. Bude vyrobeno na p\u0159\u00e1n\u00ed z\u00e1kazn\u00edka a proto jej nelze dodavateli v z\u00e1konn\u00e9 lh\u016ft\u011b vr\u00e1tit. (viz \u00a71837 odst.d, ob\u010dansk\u00e9ho z\u00e1kon\u00edku). V tomto p\u0159\u00edpad\u011b m\u016f\u017eeme po\u017eadovat nevratnou z\u00e1lohu a\u017e do v\u00fd\u0161e 100 % z ceny v\u00fdrobku.                            <\/p><\/div>\n","protected":false},"excerpt":{"rendered":"<p>Detailn\u00ed popis produktu S\u00e9rie CUBEMIX p\u0159edstavuje \u0161irokou \u0161k\u00e1lu vodovodn\u00edch bateri\u00ed v\u010detn\u011b sprchov\u00e9ho syst\u00e9mu s ru\u010dn\u00ed a hlavovou sprchou. Dokonal\u00fd balanc mezi hranat\u00fdm designem a funk\u010dnost\u00ed. Vlastnosti Zna\u010dka SAPHO S\u00e9rie CUBEMIX 3D model ANO \u0160\u00ed\u0159ka 309&nbsp;mm V\u00fd\u0161ka 1160&nbsp;mm Barva \u010cern\u00e1 mat Materi\u00e1l Mosaz Tvar Hranat\u00e9 Instalace N\u00e1st\u011bnn\u00e1 150 mm Druh ovl\u00e1d\u00e1n\u00ed P\u00e1ka D\u00e9lka hadice 1500&nbsp;mm Sprchov\u00e9 [&hellip;]<\/p>\n","protected":false},"featured_media":25249,"comment_status":"open","ping_status":"open","template":"","meta":[],"product_brand":[],"product_cat":[80],"product_tag":[],"class_list":{"0":"post-25149","1":"product","2":"type-product","3":"status-publish","4":"has-post-thumbnail","6":"product_cat-sprchovy-program","8":"first","9":"instock","10":"sale","11":"shipping-taxable","12":"purchasable","13":"product-type-simple"},"yoast_head":"<!-- This site is optimized with the Yoast SEO plugin v26.8 - https:\/\/yoast.com\/product\/yoast-seo-wordpress\/ -->\n<title>Aktu\u00e1ln\u00ed Sapho CUBEMIX sprchov\u00fd sloup s p\u00e1kovou bateri\u00ed, \u010dern\u00e1 mat CM139B -<\/title>\n<meta name=\"robots\" content=\"index, follow, max-snippet:-1, max-image-preview:large, max-video-preview:-1\" \/>\n<link rel=\"canonical\" href=\"https:\/\/www.oknobuild.com\/index.php\/produkt\/aktualni-sapho-cubemix-sprchovy-sloup-s-pakovou-baterii-cerna-mat-cm139b-25149\/\" \/>\n<meta property=\"og:locale\" content=\"cs_CZ\" \/>\n<meta property=\"og:type\" content=\"article\" \/>\n<meta property=\"og:title\" content=\"Aktu\u00e1ln\u00ed Sapho CUBEMIX sprchov\u00fd sloup s p\u00e1kovou bateri\u00ed, \u010dern\u00e1 mat CM139B -\" \/>\n<meta property=\"og:description\" content=\"Detailn\u00ed popis produktu S\u00e9rie CUBEMIX p\u0159edstavuje \u0161irokou \u0161k\u00e1lu vodovodn\u00edch bateri\u00ed v\u010detn\u011b sprchov\u00e9ho syst\u00e9mu s ru\u010dn\u00ed a hlavovou sprchou. Dokonal\u00fd balanc mezi hranat\u00fdm designem a funk\u010dnost\u00ed. Vlastnosti Zna\u010dka SAPHO S\u00e9rie CUBEMIX 3D model ANO \u0160\u00ed\u0159ka 309&nbsp;mm V\u00fd\u0161ka 1160&nbsp;mm Barva \u010cern\u00e1 mat Materi\u00e1l Mosaz Tvar Hranat\u00e9 Instalace N\u00e1st\u011bnn\u00e1 150 mm Druh ovl\u00e1d\u00e1n\u00ed P\u00e1ka D\u00e9lka hadice 1500&nbsp;mm Sprchov\u00e9 [&hellip;]\" \/>\n<meta property=\"og:url\" content=\"https:\/\/www.oknobuild.com\/index.php\/produkt\/aktualni-sapho-cubemix-sprchovy-sloup-s-pakovou-baterii-cerna-mat-cm139b-25149\/\" \/>\n<meta property=\"og:image\" content=\"https:\/\/www.oknobuild.com\/wp-content\/uploads\/2026\/SK0016351-CZ20260425-093631-0-1777080994-313323-1_cm139b-240754391809242.webp\" \/>\n\t<meta property=\"og:image:width\" content=\"1000\" \/>\n\t<meta property=\"og:image:height\" content=\"750\" \/>\n\t<meta property=\"og:image:type\" content=\"image\/webp\" \/>\n<meta name=\"twitter:card\" content=\"summary_large_image\" \/>\n<meta name=\"twitter:label1\" content=\"Odhadovan\u00e1 doba \u010dten\u00ed\" \/>\n\t<meta name=\"twitter:data1\" content=\"1 minuta\" \/>\n<script type=\"application\/ld+json\" class=\"yoast-schema-graph\">{\"@context\":\"https:\/\/schema.org\",\"@graph\":[{\"@type\":\"WebPage\",\"@id\":\"https:\/\/www.oknobuild.com\/index.php\/produkt\/aktualni-sapho-cubemix-sprchovy-sloup-s-pakovou-baterii-cerna-mat-cm139b-25149\/\",\"url\":\"https:\/\/www.oknobuild.com\/index.php\/produkt\/aktualni-sapho-cubemix-sprchovy-sloup-s-pakovou-baterii-cerna-mat-cm139b-25149\/\",\"name\":\"Aktu\u00e1ln\u00ed Sapho CUBEMIX sprchov\u00fd sloup s p\u00e1kovou bateri\u00ed, \u010dern\u00e1 mat CM139B -\",\"isPartOf\":{\"@id\":\"https:\/\/www.oknobuild.com\/#website\"},\"primaryImageOfPage\":{\"@id\":\"https:\/\/www.oknobuild.com\/index.php\/produkt\/aktualni-sapho-cubemix-sprchovy-sloup-s-pakovou-baterii-cerna-mat-cm139b-25149\/#primaryimage\"},\"image\":{\"@id\":\"https:\/\/www.oknobuild.com\/index.php\/produkt\/aktualni-sapho-cubemix-sprchovy-sloup-s-pakovou-baterii-cerna-mat-cm139b-25149\/#primaryimage\"},\"thumbnailUrl\":\"https:\/\/www.oknobuild.com\/wp-content\/uploads\/2026\/SK0016351-CZ20260425-093631-0-1777080994-313323-1_cm139b-240754391809242.webp\",\"datePublished\":\"2026-04-27T04:41:37+00:00\",\"breadcrumb\":{\"@id\":\"https:\/\/www.oknobuild.com\/index.php\/produkt\/aktualni-sapho-cubemix-sprchovy-sloup-s-pakovou-baterii-cerna-mat-cm139b-25149\/#breadcrumb\"},\"inLanguage\":\"cs\",\"potentialAction\":[{\"@type\":\"ReadAction\",\"target\":[\"https:\/\/www.oknobuild.com\/index.php\/produkt\/aktualni-sapho-cubemix-sprchovy-sloup-s-pakovou-baterii-cerna-mat-cm139b-25149\/\"]}]},{\"@type\":\"ImageObject\",\"inLanguage\":\"cs\",\"@id\":\"https:\/\/www.oknobuild.com\/index.php\/produkt\/aktualni-sapho-cubemix-sprchovy-sloup-s-pakovou-baterii-cerna-mat-cm139b-25149\/#primaryimage\",\"url\":\"https:\/\/www.oknobuild.com\/wp-content\/uploads\/2026\/SK0016351-CZ20260425-093631-0-1777080994-313323-1_cm139b-240754391809242.webp\",\"contentUrl\":\"https:\/\/www.oknobuild.com\/wp-content\/uploads\/2026\/SK0016351-CZ20260425-093631-0-1777080994-313323-1_cm139b-240754391809242.webp\",\"width\":1000,\"height\":750},{\"@type\":\"BreadcrumbList\",\"@id\":\"https:\/\/www.oknobuild.com\/index.php\/produkt\/aktualni-sapho-cubemix-sprchovy-sloup-s-pakovou-baterii-cerna-mat-cm139b-25149\/#breadcrumb\",\"itemListElement\":[{\"@type\":\"ListItem\",\"position\":1,\"name\":\"Home\",\"item\":\"https:\/\/www.oknobuild.com\/\"},{\"@type\":\"ListItem\",\"position\":2,\"name\":\"Products\",\"item\":\"https:\/\/www.oknobuild.com\/index.php\/products\/\"},{\"@type\":\"ListItem\",\"position\":3,\"name\":\"Aktu\u00e1ln\u00ed Sapho CUBEMIX sprchov\u00fd sloup s p\u00e1kovou bateri\u00ed, \u010dern\u00e1 mat CM139B\"}]},{\"@type\":\"WebSite\",\"@id\":\"https:\/\/www.oknobuild.com\/#website\",\"url\":\"https:\/\/www.oknobuild.com\/\",\"name\":\"\",\"description\":\"\",\"potentialAction\":[{\"@type\":\"SearchAction\",\"target\":{\"@type\":\"EntryPoint\",\"urlTemplate\":\"https:\/\/www.oknobuild.com\/?s={search_term_string}\"},\"query-input\":{\"@type\":\"PropertyValueSpecification\",\"valueRequired\":true,\"valueName\":\"search_term_string\"}}],\"inLanguage\":\"cs\"}]}<\/script>\n<!-- \/ Yoast SEO plugin. -->","yoast_head_json":{"title":"Aktu\u00e1ln\u00ed Sapho CUBEMIX sprchov\u00fd sloup s p\u00e1kovou bateri\u00ed, \u010dern\u00e1 mat CM139B -","robots":{"index":"index","follow":"follow","max-snippet":"max-snippet:-1","max-image-preview":"max-image-preview:large","max-video-preview":"max-video-preview:-1"},"canonical":"https:\/\/www.oknobuild.com\/index.php\/produkt\/aktualni-sapho-cubemix-sprchovy-sloup-s-pakovou-baterii-cerna-mat-cm139b-25149\/","og_locale":"cs_CZ","og_type":"article","og_title":"Aktu\u00e1ln\u00ed Sapho CUBEMIX sprchov\u00fd sloup s p\u00e1kovou bateri\u00ed, \u010dern\u00e1 mat CM139B -","og_description":"Detailn\u00ed popis produktu S\u00e9rie CUBEMIX p\u0159edstavuje \u0161irokou \u0161k\u00e1lu vodovodn\u00edch bateri\u00ed v\u010detn\u011b sprchov\u00e9ho syst\u00e9mu s ru\u010dn\u00ed a hlavovou sprchou. Dokonal\u00fd balanc mezi hranat\u00fdm designem a funk\u010dnost\u00ed. Vlastnosti Zna\u010dka SAPHO S\u00e9rie CUBEMIX 3D model ANO \u0160\u00ed\u0159ka 309&nbsp;mm V\u00fd\u0161ka 1160&nbsp;mm Barva \u010cern\u00e1 mat Materi\u00e1l Mosaz Tvar Hranat\u00e9 Instalace N\u00e1st\u011bnn\u00e1 150 mm Druh ovl\u00e1d\u00e1n\u00ed P\u00e1ka D\u00e9lka hadice 1500&nbsp;mm Sprchov\u00e9 [&hellip;]","og_url":"https:\/\/www.oknobuild.com\/index.php\/produkt\/aktualni-sapho-cubemix-sprchovy-sloup-s-pakovou-baterii-cerna-mat-cm139b-25149\/","og_image":[{"width":1000,"height":750,"url":"https:\/\/www.oknobuild.com\/wp-content\/uploads\/2026\/SK0016351-CZ20260425-093631-0-1777080994-313323-1_cm139b-240754391809242.webp","type":"image\/webp"}],"twitter_card":"summary_large_image","twitter_misc":{"Odhadovan\u00e1 doba \u010dten\u00ed":"1 minuta"},"schema":{"@context":"https:\/\/schema.org","@graph":[{"@type":"WebPage","@id":"https:\/\/www.oknobuild.com\/index.php\/produkt\/aktualni-sapho-cubemix-sprchovy-sloup-s-pakovou-baterii-cerna-mat-cm139b-25149\/","url":"https:\/\/www.oknobuild.com\/index.php\/produkt\/aktualni-sapho-cubemix-sprchovy-sloup-s-pakovou-baterii-cerna-mat-cm139b-25149\/","name":"Aktu\u00e1ln\u00ed Sapho CUBEMIX sprchov\u00fd sloup s p\u00e1kovou bateri\u00ed, \u010dern\u00e1 mat CM139B -","isPartOf":{"@id":"https:\/\/www.oknobuild.com\/#website"},"primaryImageOfPage":{"@id":"https:\/\/www.oknobuild.com\/index.php\/produkt\/aktualni-sapho-cubemix-sprchovy-sloup-s-pakovou-baterii-cerna-mat-cm139b-25149\/#primaryimage"},"image":{"@id":"https:\/\/www.oknobuild.com\/index.php\/produkt\/aktualni-sapho-cubemix-sprchovy-sloup-s-pakovou-baterii-cerna-mat-cm139b-25149\/#primaryimage"},"thumbnailUrl":"https:\/\/www.oknobuild.com\/wp-content\/uploads\/2026\/SK0016351-CZ20260425-093631-0-1777080994-313323-1_cm139b-240754391809242.webp","datePublished":"2026-04-27T04:41:37+00:00","breadcrumb":{"@id":"https:\/\/www.oknobuild.com\/index.php\/produkt\/aktualni-sapho-cubemix-sprchovy-sloup-s-pakovou-baterii-cerna-mat-cm139b-25149\/#breadcrumb"},"inLanguage":"cs","potentialAction":[{"@type":"ReadAction","target":["https:\/\/www.oknobuild.com\/index.php\/produkt\/aktualni-sapho-cubemix-sprchovy-sloup-s-pakovou-baterii-cerna-mat-cm139b-25149\/"]}]},{"@type":"ImageObject","inLanguage":"cs","@id":"https:\/\/www.oknobuild.com\/index.php\/produkt\/aktualni-sapho-cubemix-sprchovy-sloup-s-pakovou-baterii-cerna-mat-cm139b-25149\/#primaryimage","url":"https:\/\/www.oknobuild.com\/wp-content\/uploads\/2026\/SK0016351-CZ20260425-093631-0-1777080994-313323-1_cm139b-240754391809242.webp","contentUrl":"https:\/\/www.oknobuild.com\/wp-content\/uploads\/2026\/SK0016351-CZ20260425-093631-0-1777080994-313323-1_cm139b-240754391809242.webp","width":1000,"height":750},{"@type":"BreadcrumbList","@id":"https:\/\/www.oknobuild.com\/index.php\/produkt\/aktualni-sapho-cubemix-sprchovy-sloup-s-pakovou-baterii-cerna-mat-cm139b-25149\/#breadcrumb","itemListElement":[{"@type":"ListItem","position":1,"name":"Home","item":"https:\/\/www.oknobuild.com\/"},{"@type":"ListItem","position":2,"name":"Products","item":"https:\/\/www.oknobuild.com\/index.php\/products\/"},{"@type":"ListItem","position":3,"name":"Aktu\u00e1ln\u00ed Sapho CUBEMIX sprchov\u00fd sloup s p\u00e1kovou bateri\u00ed, \u010dern\u00e1 mat CM139B"}]},{"@type":"WebSite","@id":"https:\/\/www.oknobuild.com\/#website","url":"https:\/\/www.oknobuild.com\/","name":"","description":"","potentialAction":[{"@type":"SearchAction","target":{"@type":"EntryPoint","urlTemplate":"https:\/\/www.oknobuild.com\/?s={search_term_string}"},"query-input":{"@type":"PropertyValueSpecification","valueRequired":true,"valueName":"search_term_string"}}],"inLanguage":"cs"}]}},"_links":{"self":[{"href":"https:\/\/www.oknobuild.com\/index.php\/wp-json\/wp\/v2\/product\/25149","targetHints":{"allow":["GET"]}}],"collection":[{"href":"https:\/\/www.oknobuild.com\/index.php\/wp-json\/wp\/v2\/product"}],"about":[{"href":"https:\/\/www.oknobuild.com\/index.php\/wp-json\/wp\/v2\/types\/product"}],"replies":[{"embeddable":true,"href":"https:\/\/www.oknobuild.com\/index.php\/wp-json\/wp\/v2\/comments?post=25149"}],"wp:featuredmedia":[{"embeddable":true,"href":"https:\/\/www.oknobuild.com\/index.php\/wp-json\/wp\/v2\/media\/25249"}],"wp:attachment":[{"href":"https:\/\/www.oknobuild.com\/index.php\/wp-json\/wp\/v2\/media?parent=25149"}],"wp:term":[{"taxonomy":"product_brand","embeddable":true,"href":"https:\/\/www.oknobuild.com\/index.php\/wp-json\/wp\/v2\/product_brand?post=25149"},{"taxonomy":"product_cat","embeddable":true,"href":"https:\/\/www.oknobuild.com\/index.php\/wp-json\/wp\/v2\/product_cat?post=25149"},{"taxonomy":"product_tag","embeddable":true,"href":"https:\/\/www.oknobuild.com\/index.php\/wp-json\/wp\/v2\/product_tag?post=25149"}],"curies":[{"name":"wp","href":"https:\/\/api.w.org\/{rel}","templated":true}]}}