{"id":25150,"date":"2026-04-27T04:41:37","date_gmt":"2026-04-27T04:41:37","guid":{"rendered":""},"modified":"2026-04-27T04:41:37","modified_gmt":"2026-04-27T04:41:37","slug":"sapho-cubemix-sprchovy-sloup-s-pakovou-baterii-zlato-mat-cm139gb-sezonni-sleva-25150","status":"publish","type":"product","link":"https:\/\/www.oknobuild.com\/index.php\/produkt\/sapho-cubemix-sprchovy-sloup-s-pakovou-baterii-zlato-mat-cm139gb-sezonni-sleva-25150\/","title":{"rendered":"Sapho CUBEMIX sprchov\u00fd sloup s p\u00e1kovou bateri\u00ed, zlato mat CM139GB Sez\u00f3nn\u00ed Sleva"},"content":{"rendered":"<div class=\"basic-description\">\n<h3>Detailn\u00ed popis produktu<\/h3>\n<p><\/p>\n<p style=\"text-align: justify;\">S\u00e9rie CUBEMIX p\u0159edstavuje \u0161irokou \u0161k\u00e1lu vodovodn\u00edch bateri\u00ed v\u010detn\u011b sprchov\u00e9ho syst\u00e9mu s ru\u010dn\u00ed a hlavovou sprchou. <br \/>Dokonal\u00fd balanc mezi hranat\u00fdm designem a funk\u010dnost\u00ed.<\/p>\n<h2 class=\"props-title\">Vlastnosti<\/h2>\n<table>\n<tr>\n<th>Zna\u010dka<\/th>\n<td>SAPHO<\/td>\n<\/tr>\n<tr>\n<th>S\u00e9rie<\/th>\n<td>CUBEMIX<\/td>\n<\/tr>\n<tr>\n<th>3D model<\/th>\n<td>ANO<\/td>\n<\/tr>\n<tr>\n<th>\u0160\u00ed\u0159ka<\/th>\n<td>309&nbsp;mm<\/td>\n<\/tr>\n<tr>\n<th>V\u00fd\u0161ka<\/th>\n<td>1160&nbsp;mm<\/td>\n<\/tr>\n<tr>\n<th>Barva<\/th>\n<td>Zlato mat<\/td>\n<\/tr>\n<tr>\n<th>Materi\u00e1l<\/th>\n<td>Mosaz<\/td>\n<\/tr>\n<tr>\n<th>Tvar<\/th>\n<td>Hranat\u00e9<\/td>\n<\/tr>\n<tr>\n<th>Instalace<\/th>\n<td>N\u00e1st\u011bnn\u00e1 150 mm<\/td>\n<\/tr>\n<tr>\n<th>Druh ovl\u00e1d\u00e1n\u00ed<\/th>\n<td>P\u00e1ka<\/td>\n<\/tr>\n<tr>\n<th>D\u00e9lka hadice<\/th>\n<td>1500&nbsp;mm<\/td>\n<\/tr>\n<tr>\n<th>Sprchov\u00e9 sloupy<\/th>\n<td>S bateri\u00ed<\/td>\n<\/tr>\n<tr>\n<th>Funkce sprchy<\/th>\n<td>D\u00e9\u0161\u0165<\/td>\n<\/tr>\n<tr>\n<th>Rozm\u011br pr\u016f\u0159ezu ty\u010de<\/th>\n<td>Pr\u016fm\u011br 23 mm<\/td>\n<\/tr>\n<tr>\n<th>Ostatn\u00ed<\/th>\n<td>Nastaviteln\u00e1 v\u00fd\u0161ka sloupu, AntiCalc, PVD povrchov\u00e1 \u00faprava<\/td>\n<\/tr>\n<tr>\n<th>Hmotnost \/ ks<\/th>\n<td>5.6775&nbsp;kg<\/td>\n<\/tr>\n<tr>\n<th>Balen\u00ed<\/th>\n<td>1&nbsp;ks<\/td>\n<\/tr>\n<tr>\n<th>EAN<\/th>\n<td>8590913961083<\/td>\n<\/tr>\n<tr>\n<th>Taric<\/th>\n<td>84818011<\/td>\n<\/tr>\n<tr>\n<th>Z\u00e1ruka<\/th>\n<td>6 let<\/td>\n<\/tr>\n<\/table>\n<div class=\"product-explanation-item\">\n<h3>AntiCalc<\/h3>\n<p style=\"text-align: justify;\">Odolnost v\u016f\u010di usazov\u00e1n\u00ed vodn\u00edho kamene a snadn\u00e9 \u010di\u0161t\u011bn\u00ed.<\/p>\n<\/div>\n<div class=\"product-explanation-item\">\n<h3>PVD povrchov\u00e1 \u00faprava<\/h3>\n<p style=\"text-align: justify;\">Technologie nan\u00e1\u0161en\u00ed tenk\u00fdch vrstev napa\u0159ov\u00e1n\u00edm ve vakuov\u00e9 komo\u0159e. Nan\u00e1\u0161en\u00fd materi\u00e1l se spojuje s podkladem na molekul\u00e1rn\u00ed b\u00e1zi. D\u00edky tomu se povrch stane tvrd\u00fdm, odoln\u00fdm korozi, kyselin\u00e1m, ot\u011bru a vysok\u00fdm teplot\u00e1m. Tato technologie je nav\u00edc \u0161etrn\u00e1 k \u017eivotn\u00edmu prost\u0159ed\u00ed.<\/p>\n<\/div><\/div>\n","protected":false},"excerpt":{"rendered":"<p>Detailn\u00ed popis produktu S\u00e9rie CUBEMIX p\u0159edstavuje \u0161irokou \u0161k\u00e1lu vodovodn\u00edch bateri\u00ed v\u010detn\u011b sprchov\u00e9ho syst\u00e9mu s ru\u010dn\u00ed a hlavovou sprchou. Dokonal\u00fd balanc mezi hranat\u00fdm designem a funk\u010dnost\u00ed. Vlastnosti Zna\u010dka SAPHO S\u00e9rie CUBEMIX 3D model ANO \u0160\u00ed\u0159ka 309&nbsp;mm V\u00fd\u0161ka 1160&nbsp;mm Barva Zlato mat Materi\u00e1l Mosaz Tvar Hranat\u00e9 Instalace N\u00e1st\u011bnn\u00e1 150 mm Druh ovl\u00e1d\u00e1n\u00ed P\u00e1ka D\u00e9lka hadice 1500&nbsp;mm Sprchov\u00e9 [&hellip;]<\/p>\n","protected":false},"featured_media":25250,"comment_status":"open","ping_status":"open","template":"","meta":[],"product_brand":[],"product_cat":[80],"product_tag":[],"class_list":{"0":"post-25150","1":"product","2":"type-product","3":"status-publish","4":"has-post-thumbnail","6":"product_cat-sprchovy-program","8":"first","9":"instock","10":"sale","11":"shipping-taxable","12":"purchasable","13":"product-type-simple"},"yoast_head":"<!-- This site is optimized with the Yoast SEO plugin v26.8 - https:\/\/yoast.com\/product\/yoast-seo-wordpress\/ -->\n<title>Sapho CUBEMIX sprchov\u00fd sloup s p\u00e1kovou bateri\u00ed, zlato mat CM139GB Sez\u00f3nn\u00ed Sleva -<\/title>\n<meta name=\"robots\" content=\"index, follow, max-snippet:-1, max-image-preview:large, max-video-preview:-1\" \/>\n<link rel=\"canonical\" href=\"https:\/\/www.oknobuild.com\/index.php\/produkt\/sapho-cubemix-sprchovy-sloup-s-pakovou-baterii-zlato-mat-cm139gb-sezonni-sleva-25150\/\" \/>\n<meta property=\"og:locale\" content=\"cs_CZ\" \/>\n<meta property=\"og:type\" content=\"article\" \/>\n<meta property=\"og:title\" content=\"Sapho CUBEMIX sprchov\u00fd sloup s p\u00e1kovou bateri\u00ed, zlato mat CM139GB Sez\u00f3nn\u00ed Sleva -\" \/>\n<meta property=\"og:description\" content=\"Detailn\u00ed popis produktu S\u00e9rie CUBEMIX p\u0159edstavuje \u0161irokou \u0161k\u00e1lu vodovodn\u00edch bateri\u00ed v\u010detn\u011b sprchov\u00e9ho syst\u00e9mu s ru\u010dn\u00ed a hlavovou sprchou. Dokonal\u00fd balanc mezi hranat\u00fdm designem a funk\u010dnost\u00ed. Vlastnosti Zna\u010dka SAPHO S\u00e9rie CUBEMIX 3D model ANO \u0160\u00ed\u0159ka 309&nbsp;mm V\u00fd\u0161ka 1160&nbsp;mm Barva Zlato mat Materi\u00e1l Mosaz Tvar Hranat\u00e9 Instalace N\u00e1st\u011bnn\u00e1 150 mm Druh ovl\u00e1d\u00e1n\u00ed P\u00e1ka D\u00e9lka hadice 1500&nbsp;mm Sprchov\u00e9 [&hellip;]\" \/>\n<meta property=\"og:url\" content=\"https:\/\/www.oknobuild.com\/index.php\/produkt\/sapho-cubemix-sprchovy-sloup-s-pakovou-baterii-zlato-mat-cm139gb-sezonni-sleva-25150\/\" \/>\n<meta property=\"og:image\" content=\"https:\/\/www.oknobuild.com\/wp-content\/uploads\/2026\/SK0016352-CZ20260425-093631-0-1777080994-313326-1_cm139gb-240754391809243.webp\" \/>\n\t<meta property=\"og:image:width\" content=\"1000\" \/>\n\t<meta property=\"og:image:height\" content=\"750\" \/>\n\t<meta property=\"og:image:type\" content=\"image\/webp\" \/>\n<meta name=\"twitter:card\" content=\"summary_large_image\" \/>\n<meta name=\"twitter:label1\" content=\"Odhadovan\u00e1 doba \u010dten\u00ed\" \/>\n\t<meta name=\"twitter:data1\" content=\"1 minuta\" \/>\n<script type=\"application\/ld+json\" class=\"yoast-schema-graph\">{\"@context\":\"https:\/\/schema.org\",\"@graph\":[{\"@type\":\"WebPage\",\"@id\":\"https:\/\/www.oknobuild.com\/index.php\/produkt\/sapho-cubemix-sprchovy-sloup-s-pakovou-baterii-zlato-mat-cm139gb-sezonni-sleva-25150\/\",\"url\":\"https:\/\/www.oknobuild.com\/index.php\/produkt\/sapho-cubemix-sprchovy-sloup-s-pakovou-baterii-zlato-mat-cm139gb-sezonni-sleva-25150\/\",\"name\":\"Sapho CUBEMIX sprchov\u00fd sloup s p\u00e1kovou bateri\u00ed, zlato mat CM139GB Sez\u00f3nn\u00ed Sleva -\",\"isPartOf\":{\"@id\":\"https:\/\/www.oknobuild.com\/#website\"},\"primaryImageOfPage\":{\"@id\":\"https:\/\/www.oknobuild.com\/index.php\/produkt\/sapho-cubemix-sprchovy-sloup-s-pakovou-baterii-zlato-mat-cm139gb-sezonni-sleva-25150\/#primaryimage\"},\"image\":{\"@id\":\"https:\/\/www.oknobuild.com\/index.php\/produkt\/sapho-cubemix-sprchovy-sloup-s-pakovou-baterii-zlato-mat-cm139gb-sezonni-sleva-25150\/#primaryimage\"},\"thumbnailUrl\":\"https:\/\/www.oknobuild.com\/wp-content\/uploads\/2026\/SK0016352-CZ20260425-093631-0-1777080994-313326-1_cm139gb-240754391809243.webp\",\"datePublished\":\"2026-04-27T04:41:37+00:00\",\"breadcrumb\":{\"@id\":\"https:\/\/www.oknobuild.com\/index.php\/produkt\/sapho-cubemix-sprchovy-sloup-s-pakovou-baterii-zlato-mat-cm139gb-sezonni-sleva-25150\/#breadcrumb\"},\"inLanguage\":\"cs\",\"potentialAction\":[{\"@type\":\"ReadAction\",\"target\":[\"https:\/\/www.oknobuild.com\/index.php\/produkt\/sapho-cubemix-sprchovy-sloup-s-pakovou-baterii-zlato-mat-cm139gb-sezonni-sleva-25150\/\"]}]},{\"@type\":\"ImageObject\",\"inLanguage\":\"cs\",\"@id\":\"https:\/\/www.oknobuild.com\/index.php\/produkt\/sapho-cubemix-sprchovy-sloup-s-pakovou-baterii-zlato-mat-cm139gb-sezonni-sleva-25150\/#primaryimage\",\"url\":\"https:\/\/www.oknobuild.com\/wp-content\/uploads\/2026\/SK0016352-CZ20260425-093631-0-1777080994-313326-1_cm139gb-240754391809243.webp\",\"contentUrl\":\"https:\/\/www.oknobuild.com\/wp-content\/uploads\/2026\/SK0016352-CZ20260425-093631-0-1777080994-313326-1_cm139gb-240754391809243.webp\",\"width\":1000,\"height\":750},{\"@type\":\"BreadcrumbList\",\"@id\":\"https:\/\/www.oknobuild.com\/index.php\/produkt\/sapho-cubemix-sprchovy-sloup-s-pakovou-baterii-zlato-mat-cm139gb-sezonni-sleva-25150\/#breadcrumb\",\"itemListElement\":[{\"@type\":\"ListItem\",\"position\":1,\"name\":\"Home\",\"item\":\"https:\/\/www.oknobuild.com\/\"},{\"@type\":\"ListItem\",\"position\":2,\"name\":\"Products\",\"item\":\"https:\/\/www.oknobuild.com\/index.php\/products\/\"},{\"@type\":\"ListItem\",\"position\":3,\"name\":\"Sapho CUBEMIX sprchov\u00fd sloup s p\u00e1kovou bateri\u00ed, zlato mat CM139GB Sez\u00f3nn\u00ed Sleva\"}]},{\"@type\":\"WebSite\",\"@id\":\"https:\/\/www.oknobuild.com\/#website\",\"url\":\"https:\/\/www.oknobuild.com\/\",\"name\":\"\",\"description\":\"\",\"potentialAction\":[{\"@type\":\"SearchAction\",\"target\":{\"@type\":\"EntryPoint\",\"urlTemplate\":\"https:\/\/www.oknobuild.com\/?s={search_term_string}\"},\"query-input\":{\"@type\":\"PropertyValueSpecification\",\"valueRequired\":true,\"valueName\":\"search_term_string\"}}],\"inLanguage\":\"cs\"}]}<\/script>\n<!-- \/ Yoast SEO plugin. -->","yoast_head_json":{"title":"Sapho CUBEMIX sprchov\u00fd sloup s p\u00e1kovou bateri\u00ed, zlato mat CM139GB Sez\u00f3nn\u00ed Sleva -","robots":{"index":"index","follow":"follow","max-snippet":"max-snippet:-1","max-image-preview":"max-image-preview:large","max-video-preview":"max-video-preview:-1"},"canonical":"https:\/\/www.oknobuild.com\/index.php\/produkt\/sapho-cubemix-sprchovy-sloup-s-pakovou-baterii-zlato-mat-cm139gb-sezonni-sleva-25150\/","og_locale":"cs_CZ","og_type":"article","og_title":"Sapho CUBEMIX sprchov\u00fd sloup s p\u00e1kovou bateri\u00ed, zlato mat CM139GB Sez\u00f3nn\u00ed Sleva -","og_description":"Detailn\u00ed popis produktu S\u00e9rie CUBEMIX p\u0159edstavuje \u0161irokou \u0161k\u00e1lu vodovodn\u00edch bateri\u00ed v\u010detn\u011b sprchov\u00e9ho syst\u00e9mu s ru\u010dn\u00ed a hlavovou sprchou. Dokonal\u00fd balanc mezi hranat\u00fdm designem a funk\u010dnost\u00ed. Vlastnosti Zna\u010dka SAPHO S\u00e9rie CUBEMIX 3D model ANO \u0160\u00ed\u0159ka 309&nbsp;mm V\u00fd\u0161ka 1160&nbsp;mm Barva Zlato mat Materi\u00e1l Mosaz Tvar Hranat\u00e9 Instalace N\u00e1st\u011bnn\u00e1 150 mm Druh ovl\u00e1d\u00e1n\u00ed P\u00e1ka D\u00e9lka hadice 1500&nbsp;mm Sprchov\u00e9 [&hellip;]","og_url":"https:\/\/www.oknobuild.com\/index.php\/produkt\/sapho-cubemix-sprchovy-sloup-s-pakovou-baterii-zlato-mat-cm139gb-sezonni-sleva-25150\/","og_image":[{"width":1000,"height":750,"url":"https:\/\/www.oknobuild.com\/wp-content\/uploads\/2026\/SK0016352-CZ20260425-093631-0-1777080994-313326-1_cm139gb-240754391809243.webp","type":"image\/webp"}],"twitter_card":"summary_large_image","twitter_misc":{"Odhadovan\u00e1 doba \u010dten\u00ed":"1 minuta"},"schema":{"@context":"https:\/\/schema.org","@graph":[{"@type":"WebPage","@id":"https:\/\/www.oknobuild.com\/index.php\/produkt\/sapho-cubemix-sprchovy-sloup-s-pakovou-baterii-zlato-mat-cm139gb-sezonni-sleva-25150\/","url":"https:\/\/www.oknobuild.com\/index.php\/produkt\/sapho-cubemix-sprchovy-sloup-s-pakovou-baterii-zlato-mat-cm139gb-sezonni-sleva-25150\/","name":"Sapho CUBEMIX sprchov\u00fd sloup s p\u00e1kovou bateri\u00ed, zlato mat CM139GB Sez\u00f3nn\u00ed Sleva -","isPartOf":{"@id":"https:\/\/www.oknobuild.com\/#website"},"primaryImageOfPage":{"@id":"https:\/\/www.oknobuild.com\/index.php\/produkt\/sapho-cubemix-sprchovy-sloup-s-pakovou-baterii-zlato-mat-cm139gb-sezonni-sleva-25150\/#primaryimage"},"image":{"@id":"https:\/\/www.oknobuild.com\/index.php\/produkt\/sapho-cubemix-sprchovy-sloup-s-pakovou-baterii-zlato-mat-cm139gb-sezonni-sleva-25150\/#primaryimage"},"thumbnailUrl":"https:\/\/www.oknobuild.com\/wp-content\/uploads\/2026\/SK0016352-CZ20260425-093631-0-1777080994-313326-1_cm139gb-240754391809243.webp","datePublished":"2026-04-27T04:41:37+00:00","breadcrumb":{"@id":"https:\/\/www.oknobuild.com\/index.php\/produkt\/sapho-cubemix-sprchovy-sloup-s-pakovou-baterii-zlato-mat-cm139gb-sezonni-sleva-25150\/#breadcrumb"},"inLanguage":"cs","potentialAction":[{"@type":"ReadAction","target":["https:\/\/www.oknobuild.com\/index.php\/produkt\/sapho-cubemix-sprchovy-sloup-s-pakovou-baterii-zlato-mat-cm139gb-sezonni-sleva-25150\/"]}]},{"@type":"ImageObject","inLanguage":"cs","@id":"https:\/\/www.oknobuild.com\/index.php\/produkt\/sapho-cubemix-sprchovy-sloup-s-pakovou-baterii-zlato-mat-cm139gb-sezonni-sleva-25150\/#primaryimage","url":"https:\/\/www.oknobuild.com\/wp-content\/uploads\/2026\/SK0016352-CZ20260425-093631-0-1777080994-313326-1_cm139gb-240754391809243.webp","contentUrl":"https:\/\/www.oknobuild.com\/wp-content\/uploads\/2026\/SK0016352-CZ20260425-093631-0-1777080994-313326-1_cm139gb-240754391809243.webp","width":1000,"height":750},{"@type":"BreadcrumbList","@id":"https:\/\/www.oknobuild.com\/index.php\/produkt\/sapho-cubemix-sprchovy-sloup-s-pakovou-baterii-zlato-mat-cm139gb-sezonni-sleva-25150\/#breadcrumb","itemListElement":[{"@type":"ListItem","position":1,"name":"Home","item":"https:\/\/www.oknobuild.com\/"},{"@type":"ListItem","position":2,"name":"Products","item":"https:\/\/www.oknobuild.com\/index.php\/products\/"},{"@type":"ListItem","position":3,"name":"Sapho CUBEMIX sprchov\u00fd sloup s p\u00e1kovou bateri\u00ed, zlato mat CM139GB Sez\u00f3nn\u00ed Sleva"}]},{"@type":"WebSite","@id":"https:\/\/www.oknobuild.com\/#website","url":"https:\/\/www.oknobuild.com\/","name":"","description":"","potentialAction":[{"@type":"SearchAction","target":{"@type":"EntryPoint","urlTemplate":"https:\/\/www.oknobuild.com\/?s={search_term_string}"},"query-input":{"@type":"PropertyValueSpecification","valueRequired":true,"valueName":"search_term_string"}}],"inLanguage":"cs"}]}},"_links":{"self":[{"href":"https:\/\/www.oknobuild.com\/index.php\/wp-json\/wp\/v2\/product\/25150","targetHints":{"allow":["GET"]}}],"collection":[{"href":"https:\/\/www.oknobuild.com\/index.php\/wp-json\/wp\/v2\/product"}],"about":[{"href":"https:\/\/www.oknobuild.com\/index.php\/wp-json\/wp\/v2\/types\/product"}],"replies":[{"embeddable":true,"href":"https:\/\/www.oknobuild.com\/index.php\/wp-json\/wp\/v2\/comments?post=25150"}],"wp:featuredmedia":[{"embeddable":true,"href":"https:\/\/www.oknobuild.com\/index.php\/wp-json\/wp\/v2\/media\/25250"}],"wp:attachment":[{"href":"https:\/\/www.oknobuild.com\/index.php\/wp-json\/wp\/v2\/media?parent=25150"}],"wp:term":[{"taxonomy":"product_brand","embeddable":true,"href":"https:\/\/www.oknobuild.com\/index.php\/wp-json\/wp\/v2\/product_brand?post=25150"},{"taxonomy":"product_cat","embeddable":true,"href":"https:\/\/www.oknobuild.com\/index.php\/wp-json\/wp\/v2\/product_cat?post=25150"},{"taxonomy":"product_tag","embeddable":true,"href":"https:\/\/www.oknobuild.com\/index.php\/wp-json\/wp\/v2\/product_tag?post=25150"}],"curies":[{"name":"wp","href":"https:\/\/api.w.org\/{rel}","templated":true}]}}