{"id":29097,"date":"2026-04-27T04:41:48","date_gmt":"2026-04-27T04:41:48","guid":{"rendered":""},"modified":"2026-04-27T04:41:48","modified_gmt":"2026-04-27T04:41:48","slug":"svitidlo-neso-hole-do-magneticke-listy-5w-2700k-20deg-bile-faro-architectural-ihned-k-objednani-29097","status":"publish","type":"product","link":"https:\/\/www.oknobuild.com\/index.php\/produkt\/svitidlo-neso-hole-do-magneticke-listy-5w-2700k-20deg-bile-faro-architectural-ihned-k-objednani-29097\/","title":{"rendered":"Sv\u00edtidlo NESO HOLE do magnetick\u00e9 li\u0161ty 5W 2700K 20\u00b0 b\u00edl\u00e9 &#8211; FARO Architectural Ihned K Objedn\u00e1n\u00ed"},"content":{"rendered":"<p><\/p>\n<div class=\"top-params\">\n<h3 class=\"product-h3 collapse-header \" data-toggle=\"collapse\" data-target=\"#collapseOne\" aria-expanded=\"true\" aria-controls=\"collapseOne\">Parametry<\/h3>\n<div id=\"collapseOne\" class=\"collapse show\" aria-labelledby=\"headingOne\" data-parent=\"#product-info-accordion1\">\n<table class=\"table-striped\">\n<tr>\n<td>                Barva            <\/td>\n<td>                b\u00edl\u00e1            <\/td>\n<\/tr>\n<tr>\n<td>                Po\u010det sv\u011bteln\u00fdch zdroj\u016f            <\/td>\n<td>                1            <\/td>\n<\/tr>\n<tr>\n<td>                V\u00fd\u0161ka v mm            <\/td>\n<td>                100            <\/td>\n<\/tr>\n<tr>\n<td>                \u0160\u00ed\u0159ka v mm            <\/td>\n<td>                35            <\/td>\n<\/tr>\n<tr>\n<td>                Nap\u00e1jec\u00ed nap\u011bt\u00ed            <\/td>\n<td>                24V            <\/td>\n<\/tr>\n<tr>\n<td>                V\u010detn\u011b sv\u011bteln\u00e9ho zdroje            <\/td>\n<td>                ano            <\/td>\n<\/tr>\n<tr>\n<td>                Kolekce            <\/td>\n<td>                NESO            <\/td>\n<\/tr>\n<tr>\n<td>                Materi\u00e1l            <\/td>\n<td>                hlin\u00edk            <\/td>\n<\/tr>\n<tr>\n<td>                Patice            <\/td>\n<td>                LED            <\/td>\n<\/tr>\n<tr>\n<td>                Max. p\u0159\u00edkon sv\u011bteln\u00e9ho zdroje            <\/td>\n<td>                5W            <\/td>\n<\/tr>\n<tr>\n<td>                Ochrana IP            <\/td>\n<td>                IP20            <\/td>\n<\/tr>\n<tr>\n<td>                Energetick\u00e1 \u00fa\u010dinnost            <\/td>\n<td>                F            <\/td>\n<\/tr>\n<tr>\n<td>                Teplota barvy sv\u011btla            <\/td>\n<td>                2700K            <\/td>\n<\/tr>\n<tr>\n<td>                V\u010detn\u011b trafa            <\/td>\n<td>                ne            <\/td>\n<\/tr>\n<tr>\n<td>                Z\u00e1ru\u010dn\u00ed doba            <\/td>\n<td>                5 let            <\/td>\n<\/tr>\n<tr>\n<td>                \u017divotnost            <\/td>\n<td>                50000h            <\/td>\n<\/tr>\n<tr>\n<td>                Pr\u016fm\u011br v mm            <\/td>\n<td>                35            <\/td>\n<\/tr>\n<tr>\n<td>                V\u00fdrobce            <\/td>\n<td>                FARO            <\/td>\n<\/tr>\n<tr>\n<td>                Sv\u011bteln\u00fd tok            <\/td>\n<td>                359lm            <\/td>\n<\/tr>\n<tr>\n<td>                D\u00e9lka v mm            <\/td>\n<td>                163            <\/td>\n<\/tr>\n<tr>\n<td>                \u00dahel vyklopen\u00ed            <\/td>\n<td>                90\u00b0            <\/td>\n<\/tr>\n<tr>\n<td>                \u00dahel z\u00e1\u0159en\u00ed            <\/td>\n<td>                20\u00b0            <\/td>\n<\/tr>\n<tr>\n<td>                Vystaveno na studiu            <\/td>\n<td>                ano            <\/td>\n<\/tr>\n<tr>\n<td>                V\u00fdroba na zak\u00e1zku            <\/td>\n<td>                ano            <\/td>\n<\/tr>\n<tr>\n<td>                Index pod\u00e1n\u00ed barev            <\/td>\n<td>                90            <\/td>\n<\/tr>\n<\/table>\n<\/div><\/div>\n<\/div>\n<div class=\"accordion\" id=\"product-info-accordion2\">\n","protected":false},"excerpt":{"rendered":"<p>Parametry Barva b\u00edl\u00e1 Po\u010det sv\u011bteln\u00fdch zdroj\u016f 1 V\u00fd\u0161ka v mm 100 \u0160\u00ed\u0159ka v mm 35 Nap\u00e1jec\u00ed nap\u011bt\u00ed 24V V\u010detn\u011b sv\u011bteln\u00e9ho zdroje ano Kolekce NESO Materi\u00e1l hlin\u00edk Patice LED Max. p\u0159\u00edkon sv\u011bteln\u00e9ho zdroje 5W Ochrana IP IP20 Energetick\u00e1 \u00fa\u010dinnost F Teplota barvy sv\u011btla 2700K V\u010detn\u011b trafa ne Z\u00e1ru\u010dn\u00ed doba 5 let \u017divotnost 50000h Pr\u016fm\u011br v mm [&hellip;]<\/p>\n","protected":false},"featured_media":29197,"comment_status":"open","ping_status":"open","template":"","meta":[],"product_brand":[],"product_cat":[35],"product_tag":[],"class_list":{"0":"post-29097","1":"product","2":"type-product","3":"status-publish","4":"has-post-thumbnail","6":"product_cat-systemy","8":"first","9":"instock","10":"sale","11":"shipping-taxable","12":"purchasable","13":"product-type-simple"},"yoast_head":"<!-- This site is optimized with the Yoast SEO plugin v26.8 - https:\/\/yoast.com\/product\/yoast-seo-wordpress\/ -->\n<title>Sv\u00edtidlo NESO HOLE do magnetick\u00e9 li\u0161ty 5W 2700K 20\u00b0 b\u00edl\u00e9 - FARO Architectural Ihned K Objedn\u00e1n\u00ed -<\/title>\n<meta name=\"robots\" content=\"index, follow, max-snippet:-1, max-image-preview:large, max-video-preview:-1\" \/>\n<link rel=\"canonical\" href=\"https:\/\/www.oknobuild.com\/index.php\/produkt\/svitidlo-neso-hole-do-magneticke-listy-5w-2700k-20deg-bile-faro-architectural-ihned-k-objednani-29097\/\" \/>\n<meta property=\"og:locale\" content=\"cs_CZ\" \/>\n<meta property=\"og:type\" content=\"article\" \/>\n<meta property=\"og:title\" content=\"Sv\u00edtidlo NESO HOLE do magnetick\u00e9 li\u0161ty 5W 2700K 20\u00b0 b\u00edl\u00e9 - FARO Architectural Ihned K Objedn\u00e1n\u00ed -\" \/>\n<meta property=\"og:description\" content=\"Parametry Barva b\u00edl\u00e1 Po\u010det sv\u011bteln\u00fdch zdroj\u016f 1 V\u00fd\u0161ka v mm 100 \u0160\u00ed\u0159ka v mm 35 Nap\u00e1jec\u00ed nap\u011bt\u00ed 24V V\u010detn\u011b sv\u011bteln\u00e9ho zdroje ano Kolekce NESO Materi\u00e1l hlin\u00edk Patice LED Max. p\u0159\u00edkon sv\u011bteln\u00e9ho zdroje 5W Ochrana IP IP20 Energetick\u00e1 \u00fa\u010dinnost F Teplota barvy sv\u011btla 2700K V\u010detn\u011b trafa ne Z\u00e1ru\u010dn\u00ed doba 5 let \u017divotnost 50000h Pr\u016fm\u011br v mm [&hellip;]\" \/>\n<meta property=\"og:url\" content=\"https:\/\/www.oknobuild.com\/index.php\/produkt\/svitidlo-neso-hole-do-magneticke-listy-5w-2700k-20deg-bile-faro-architectural-ihned-k-objednani-29097\/\" \/>\n<meta property=\"og:image\" content=\"https:\/\/www.oknobuild.com\/wp-content\/uploads\/2026\/SK0013339-CZ20260425-091535-0-1777079743-FARO-ARCH-5010792711.webp\" \/>\n\t<meta property=\"og:image:width\" content=\"800\" \/>\n\t<meta property=\"og:image:height\" content=\"800\" \/>\n\t<meta property=\"og:image:type\" content=\"image\/webp\" \/>\n<meta name=\"twitter:card\" content=\"summary_large_image\" \/>\n<meta name=\"twitter:label1\" content=\"Odhadovan\u00e1 doba \u010dten\u00ed\" \/>\n\t<meta name=\"twitter:data1\" content=\"1 minuta\" \/>\n<script type=\"application\/ld+json\" class=\"yoast-schema-graph\">{\"@context\":\"https:\/\/schema.org\",\"@graph\":[{\"@type\":\"WebPage\",\"@id\":\"https:\/\/www.oknobuild.com\/index.php\/produkt\/svitidlo-neso-hole-do-magneticke-listy-5w-2700k-20deg-bile-faro-architectural-ihned-k-objednani-29097\/\",\"url\":\"https:\/\/www.oknobuild.com\/index.php\/produkt\/svitidlo-neso-hole-do-magneticke-listy-5w-2700k-20deg-bile-faro-architectural-ihned-k-objednani-29097\/\",\"name\":\"Sv\u00edtidlo NESO HOLE do magnetick\u00e9 li\u0161ty 5W 2700K 20\u00b0 b\u00edl\u00e9 - FARO Architectural Ihned K Objedn\u00e1n\u00ed -\",\"isPartOf\":{\"@id\":\"https:\/\/www.oknobuild.com\/#website\"},\"primaryImageOfPage\":{\"@id\":\"https:\/\/www.oknobuild.com\/index.php\/produkt\/svitidlo-neso-hole-do-magneticke-listy-5w-2700k-20deg-bile-faro-architectural-ihned-k-objednani-29097\/#primaryimage\"},\"image\":{\"@id\":\"https:\/\/www.oknobuild.com\/index.php\/produkt\/svitidlo-neso-hole-do-magneticke-listy-5w-2700k-20deg-bile-faro-architectural-ihned-k-objednani-29097\/#primaryimage\"},\"thumbnailUrl\":\"https:\/\/www.oknobuild.com\/wp-content\/uploads\/2026\/SK0013339-CZ20260425-091535-0-1777079743-FARO-ARCH-5010792711.webp\",\"datePublished\":\"2026-04-27T04:41:48+00:00\",\"breadcrumb\":{\"@id\":\"https:\/\/www.oknobuild.com\/index.php\/produkt\/svitidlo-neso-hole-do-magneticke-listy-5w-2700k-20deg-bile-faro-architectural-ihned-k-objednani-29097\/#breadcrumb\"},\"inLanguage\":\"cs\",\"potentialAction\":[{\"@type\":\"ReadAction\",\"target\":[\"https:\/\/www.oknobuild.com\/index.php\/produkt\/svitidlo-neso-hole-do-magneticke-listy-5w-2700k-20deg-bile-faro-architectural-ihned-k-objednani-29097\/\"]}]},{\"@type\":\"ImageObject\",\"inLanguage\":\"cs\",\"@id\":\"https:\/\/www.oknobuild.com\/index.php\/produkt\/svitidlo-neso-hole-do-magneticke-listy-5w-2700k-20deg-bile-faro-architectural-ihned-k-objednani-29097\/#primaryimage\",\"url\":\"https:\/\/www.oknobuild.com\/wp-content\/uploads\/2026\/SK0013339-CZ20260425-091535-0-1777079743-FARO-ARCH-5010792711.webp\",\"contentUrl\":\"https:\/\/www.oknobuild.com\/wp-content\/uploads\/2026\/SK0013339-CZ20260425-091535-0-1777079743-FARO-ARCH-5010792711.webp\",\"width\":800,\"height\":800},{\"@type\":\"BreadcrumbList\",\"@id\":\"https:\/\/www.oknobuild.com\/index.php\/produkt\/svitidlo-neso-hole-do-magneticke-listy-5w-2700k-20deg-bile-faro-architectural-ihned-k-objednani-29097\/#breadcrumb\",\"itemListElement\":[{\"@type\":\"ListItem\",\"position\":1,\"name\":\"Home\",\"item\":\"https:\/\/www.oknobuild.com\/\"},{\"@type\":\"ListItem\",\"position\":2,\"name\":\"Products\",\"item\":\"https:\/\/www.oknobuild.com\/index.php\/products\/\"},{\"@type\":\"ListItem\",\"position\":3,\"name\":\"Sv\u00edtidlo NESO HOLE do magnetick\u00e9 li\u0161ty 5W 2700K 20\u00b0 b\u00edl\u00e9 &#8211; FARO Architectural Ihned K Objedn\u00e1n\u00ed\"}]},{\"@type\":\"WebSite\",\"@id\":\"https:\/\/www.oknobuild.com\/#website\",\"url\":\"https:\/\/www.oknobuild.com\/\",\"name\":\"\",\"description\":\"\",\"potentialAction\":[{\"@type\":\"SearchAction\",\"target\":{\"@type\":\"EntryPoint\",\"urlTemplate\":\"https:\/\/www.oknobuild.com\/?s={search_term_string}\"},\"query-input\":{\"@type\":\"PropertyValueSpecification\",\"valueRequired\":true,\"valueName\":\"search_term_string\"}}],\"inLanguage\":\"cs\"}]}<\/script>\n<!-- \/ Yoast SEO plugin. -->","yoast_head_json":{"title":"Sv\u00edtidlo NESO HOLE do magnetick\u00e9 li\u0161ty 5W 2700K 20\u00b0 b\u00edl\u00e9 - FARO Architectural Ihned K Objedn\u00e1n\u00ed -","robots":{"index":"index","follow":"follow","max-snippet":"max-snippet:-1","max-image-preview":"max-image-preview:large","max-video-preview":"max-video-preview:-1"},"canonical":"https:\/\/www.oknobuild.com\/index.php\/produkt\/svitidlo-neso-hole-do-magneticke-listy-5w-2700k-20deg-bile-faro-architectural-ihned-k-objednani-29097\/","og_locale":"cs_CZ","og_type":"article","og_title":"Sv\u00edtidlo NESO HOLE do magnetick\u00e9 li\u0161ty 5W 2700K 20\u00b0 b\u00edl\u00e9 - FARO Architectural Ihned K Objedn\u00e1n\u00ed -","og_description":"Parametry Barva b\u00edl\u00e1 Po\u010det sv\u011bteln\u00fdch zdroj\u016f 1 V\u00fd\u0161ka v mm 100 \u0160\u00ed\u0159ka v mm 35 Nap\u00e1jec\u00ed nap\u011bt\u00ed 24V V\u010detn\u011b sv\u011bteln\u00e9ho zdroje ano Kolekce NESO Materi\u00e1l hlin\u00edk Patice LED Max. p\u0159\u00edkon sv\u011bteln\u00e9ho zdroje 5W Ochrana IP IP20 Energetick\u00e1 \u00fa\u010dinnost F Teplota barvy sv\u011btla 2700K V\u010detn\u011b trafa ne Z\u00e1ru\u010dn\u00ed doba 5 let \u017divotnost 50000h Pr\u016fm\u011br v mm [&hellip;]","og_url":"https:\/\/www.oknobuild.com\/index.php\/produkt\/svitidlo-neso-hole-do-magneticke-listy-5w-2700k-20deg-bile-faro-architectural-ihned-k-objednani-29097\/","og_image":[{"width":800,"height":800,"url":"https:\/\/www.oknobuild.com\/wp-content\/uploads\/2026\/SK0013339-CZ20260425-091535-0-1777079743-FARO-ARCH-5010792711.webp","type":"image\/webp"}],"twitter_card":"summary_large_image","twitter_misc":{"Odhadovan\u00e1 doba \u010dten\u00ed":"1 minuta"},"schema":{"@context":"https:\/\/schema.org","@graph":[{"@type":"WebPage","@id":"https:\/\/www.oknobuild.com\/index.php\/produkt\/svitidlo-neso-hole-do-magneticke-listy-5w-2700k-20deg-bile-faro-architectural-ihned-k-objednani-29097\/","url":"https:\/\/www.oknobuild.com\/index.php\/produkt\/svitidlo-neso-hole-do-magneticke-listy-5w-2700k-20deg-bile-faro-architectural-ihned-k-objednani-29097\/","name":"Sv\u00edtidlo NESO HOLE do magnetick\u00e9 li\u0161ty 5W 2700K 20\u00b0 b\u00edl\u00e9 - FARO Architectural Ihned K Objedn\u00e1n\u00ed -","isPartOf":{"@id":"https:\/\/www.oknobuild.com\/#website"},"primaryImageOfPage":{"@id":"https:\/\/www.oknobuild.com\/index.php\/produkt\/svitidlo-neso-hole-do-magneticke-listy-5w-2700k-20deg-bile-faro-architectural-ihned-k-objednani-29097\/#primaryimage"},"image":{"@id":"https:\/\/www.oknobuild.com\/index.php\/produkt\/svitidlo-neso-hole-do-magneticke-listy-5w-2700k-20deg-bile-faro-architectural-ihned-k-objednani-29097\/#primaryimage"},"thumbnailUrl":"https:\/\/www.oknobuild.com\/wp-content\/uploads\/2026\/SK0013339-CZ20260425-091535-0-1777079743-FARO-ARCH-5010792711.webp","datePublished":"2026-04-27T04:41:48+00:00","breadcrumb":{"@id":"https:\/\/www.oknobuild.com\/index.php\/produkt\/svitidlo-neso-hole-do-magneticke-listy-5w-2700k-20deg-bile-faro-architectural-ihned-k-objednani-29097\/#breadcrumb"},"inLanguage":"cs","potentialAction":[{"@type":"ReadAction","target":["https:\/\/www.oknobuild.com\/index.php\/produkt\/svitidlo-neso-hole-do-magneticke-listy-5w-2700k-20deg-bile-faro-architectural-ihned-k-objednani-29097\/"]}]},{"@type":"ImageObject","inLanguage":"cs","@id":"https:\/\/www.oknobuild.com\/index.php\/produkt\/svitidlo-neso-hole-do-magneticke-listy-5w-2700k-20deg-bile-faro-architectural-ihned-k-objednani-29097\/#primaryimage","url":"https:\/\/www.oknobuild.com\/wp-content\/uploads\/2026\/SK0013339-CZ20260425-091535-0-1777079743-FARO-ARCH-5010792711.webp","contentUrl":"https:\/\/www.oknobuild.com\/wp-content\/uploads\/2026\/SK0013339-CZ20260425-091535-0-1777079743-FARO-ARCH-5010792711.webp","width":800,"height":800},{"@type":"BreadcrumbList","@id":"https:\/\/www.oknobuild.com\/index.php\/produkt\/svitidlo-neso-hole-do-magneticke-listy-5w-2700k-20deg-bile-faro-architectural-ihned-k-objednani-29097\/#breadcrumb","itemListElement":[{"@type":"ListItem","position":1,"name":"Home","item":"https:\/\/www.oknobuild.com\/"},{"@type":"ListItem","position":2,"name":"Products","item":"https:\/\/www.oknobuild.com\/index.php\/products\/"},{"@type":"ListItem","position":3,"name":"Sv\u00edtidlo NESO HOLE do magnetick\u00e9 li\u0161ty 5W 2700K 20\u00b0 b\u00edl\u00e9 &#8211; FARO Architectural Ihned K Objedn\u00e1n\u00ed"}]},{"@type":"WebSite","@id":"https:\/\/www.oknobuild.com\/#website","url":"https:\/\/www.oknobuild.com\/","name":"","description":"","potentialAction":[{"@type":"SearchAction","target":{"@type":"EntryPoint","urlTemplate":"https:\/\/www.oknobuild.com\/?s={search_term_string}"},"query-input":{"@type":"PropertyValueSpecification","valueRequired":true,"valueName":"search_term_string"}}],"inLanguage":"cs"}]}},"_links":{"self":[{"href":"https:\/\/www.oknobuild.com\/index.php\/wp-json\/wp\/v2\/product\/29097","targetHints":{"allow":["GET"]}}],"collection":[{"href":"https:\/\/www.oknobuild.com\/index.php\/wp-json\/wp\/v2\/product"}],"about":[{"href":"https:\/\/www.oknobuild.com\/index.php\/wp-json\/wp\/v2\/types\/product"}],"replies":[{"embeddable":true,"href":"https:\/\/www.oknobuild.com\/index.php\/wp-json\/wp\/v2\/comments?post=29097"}],"wp:featuredmedia":[{"embeddable":true,"href":"https:\/\/www.oknobuild.com\/index.php\/wp-json\/wp\/v2\/media\/29197"}],"wp:attachment":[{"href":"https:\/\/www.oknobuild.com\/index.php\/wp-json\/wp\/v2\/media?parent=29097"}],"wp:term":[{"taxonomy":"product_brand","embeddable":true,"href":"https:\/\/www.oknobuild.com\/index.php\/wp-json\/wp\/v2\/product_brand?post=29097"},{"taxonomy":"product_cat","embeddable":true,"href":"https:\/\/www.oknobuild.com\/index.php\/wp-json\/wp\/v2\/product_cat?post=29097"},{"taxonomy":"product_tag","embeddable":true,"href":"https:\/\/www.oknobuild.com\/index.php\/wp-json\/wp\/v2\/product_tag?post=29097"}],"curies":[{"name":"wp","href":"https:\/\/api.w.org\/{rel}","templated":true}]}}