{"id":29155,"date":"2026-04-27T04:41:48","date_gmt":"2026-04-27T04:41:48","guid":{"rendered":""},"modified":"2026-04-27T04:41:48","modified_gmt":"2026-04-27T04:41:48","slug":"znackovy-stropni-svitidlo-lasse-12379-6b-globo-29155","status":"publish","type":"product","link":"https:\/\/www.oknobuild.com\/index.php\/produkt\/znackovy-stropni-svitidlo-lasse-12379-6b-globo-29155\/","title":{"rendered":"Zna\u010dkov\u00fd Stropn\u00ed sv\u00edtidlo LASSE 12379-6B &#8211;  GLOBO"},"content":{"rendered":"<h3 class=\"product-h3\">Popis produktu<\/h3>\n<p><p>Stropn\u00ed sv\u00edtidlo, plast \u010dern\u00fd, plast op\u00e1l b\u00edl\u00fd, zm\u011bna barvy sv\u011btla vyp\u00edna\u010dem v zadn\u00ed \u010d\u00e1sti sv\u011btla, fixace barev, \u00d8 125, V: 18, v\u010detn\u011b 1xLED 6W 230V, 610lm zdroj, 400lm v\u00fdstup, zm\u011bna barvy sv\u011btla 3000-4000-6500K<\/p>\n<p>Pokud hled\u00e1te jednoduch\u00e9 stropn\u00ed sv\u00edtidlo, najdete ho s t\u00edmto LED sv\u00edtidlem v \u010dern\u00e9 barv\u011b z plastu. Jeho vzhled je diskr\u00e9tn\u00ed a jednoduch\u00fd. Sv\u00edtidlo m\u00e1 \u00d812,5cm a m\u00e1 integrovan\u00fd 6W LED sv\u011bteln\u00fd zdroj, kter\u00fd sv\u00edt\u00ed intenzitou 400 lumen\u016f. Krom\u011b toho je mo\u017en\u00e9 teplotu sv\u011btla dle p\u0159\u00e1n\u00ed fixovat ve t\u0159ech stupn\u00edch 3000-4000-6500K. D\u00edky n\u00edzk\u00e9 spot\u0159eb\u011b energie je toto sv\u00edtidlo energeticky \u00fasporn\u00e9, a tedy i velmi ekologick\u00e9.<\/p>\n<\/p><\/div>\n<\/p><\/div>\n<p><\/p>\n<div class=\"top-params\">\n<h3 class=\"product-h3 collapse-header \" data-toggle=\"collapse\" data-target=\"#collapseOne\" aria-expanded=\"true\" aria-controls=\"collapseOne\">Parametry<\/h3>\n<div id=\"collapseOne\" class=\"collapse show\" aria-labelledby=\"headingOne\" data-parent=\"#product-info-accordion1\">\n<table class=\"table-striped\">\n<tr>\n<td>                V\u00fd\u0161ka v mm            <\/td>\n<td>                18            <\/td>\n<\/tr>\n<tr>\n<td>                Pr\u016fm\u011br v mm            <\/td>\n<td>                126            <\/td>\n<\/tr>\n<tr>\n<td>                Ochrana IP            <\/td>\n<td>                IP20            <\/td>\n<\/tr>\n<tr>\n<td>                Sv\u011bteln\u00fd tok            <\/td>\n<td>                420lm            <\/td>\n<\/tr>\n<tr>\n<td>                Teplota barvy sv\u011btla            <\/td>\n<td>                3000-6500K            <\/td>\n<\/tr>\n<tr>\n<td>                Max. p\u0159\u00edkon sv\u011bteln\u00e9ho zdroje            <\/td>\n<td>                6W            <\/td>\n<\/tr>\n<tr>\n<td>                V\u00fdkon            <\/td>\n<td>                6W            <\/td>\n<\/tr>\n<tr>\n<td>                Nap\u00e1jec\u00ed nap\u011bt\u00ed            <\/td>\n<td>                230V            <\/td>\n<\/tr>\n<tr>\n<td>                Patice            <\/td>\n<td>                LED            <\/td>\n<\/tr>\n<tr>\n<td>                V\u010detn\u011b sv\u011bteln\u00e9ho zdroje            <\/td>\n<td>                ano            <\/td>\n<\/tr>\n<tr>\n<td>                Materi\u00e1l            <\/td>\n<td>                plast \/ plast            <\/td>\n<\/tr>\n<tr>\n<td>                Barva            <\/td>\n<td>                \u010dern\u00e1 \/ op\u00e1l            <\/td>\n<\/tr>\n<tr>\n<td>                Kolekce            <\/td>\n<td>                LASSE            <\/td>\n<\/tr>\n<tr>\n<td>                Po\u010det sv\u011bteln\u00fdch zdroj\u016f            <\/td>\n<td>                1            <\/td>\n<\/tr>\n<tr>\n<td>                V\u00fdrobce            <\/td>\n<td>                GLOBO            <\/td>\n<\/tr>\n<tr>\n<td>                U v\u00fdrobce dostupn\u00fdch            <\/td>\n<td>                v\u00edce ne\u017e 50                    ks            <\/td>\n<\/tr>\n<\/table>\n<\/div><\/div>\n<\/div>\n<div class=\"accordion\" id=\"product-info-accordion2\">\n","protected":false},"excerpt":{"rendered":"<p>Popis produktu Stropn\u00ed sv\u00edtidlo, plast \u010dern\u00fd, plast op\u00e1l b\u00edl\u00fd, zm\u011bna barvy sv\u011btla vyp\u00edna\u010dem v zadn\u00ed \u010d\u00e1sti sv\u011btla, fixace barev, \u00d8 125, V: 18, v\u010detn\u011b 1xLED 6W 230V, 610lm zdroj, 400lm v\u00fdstup, zm\u011bna barvy sv\u011btla 3000-4000-6500K Pokud hled\u00e1te jednoduch\u00e9 stropn\u00ed sv\u00edtidlo, najdete ho s t\u00edmto LED sv\u00edtidlem v \u010dern\u00e9 barv\u011b z plastu. Jeho vzhled je diskr\u00e9tn\u00ed [&hellip;]<\/p>\n","protected":false},"featured_media":29255,"comment_status":"open","ping_status":"open","template":"","meta":[],"product_brand":[],"product_cat":[32],"product_tag":[],"class_list":{"0":"post-29155","1":"product","2":"type-product","3":"status-publish","4":"has-post-thumbnail","6":"product_cat-interierova-svitidla","8":"first","9":"instock","10":"sale","11":"shipping-taxable","12":"purchasable","13":"product-type-simple"},"yoast_head":"<!-- This site is optimized with the Yoast SEO plugin v26.8 - https:\/\/yoast.com\/product\/yoast-seo-wordpress\/ -->\n<title>Zna\u010dkov\u00fd Stropn\u00ed sv\u00edtidlo LASSE 12379-6B - GLOBO -<\/title>\n<meta name=\"robots\" content=\"index, follow, max-snippet:-1, max-image-preview:large, max-video-preview:-1\" \/>\n<link rel=\"canonical\" href=\"https:\/\/www.oknobuild.com\/index.php\/produkt\/znackovy-stropni-svitidlo-lasse-12379-6b-globo-29155\/\" \/>\n<meta property=\"og:locale\" content=\"cs_CZ\" \/>\n<meta property=\"og:type\" content=\"article\" \/>\n<meta property=\"og:title\" content=\"Zna\u010dkov\u00fd Stropn\u00ed sv\u00edtidlo LASSE 12379-6B - GLOBO -\" \/>\n<meta property=\"og:description\" content=\"Popis produktu Stropn\u00ed sv\u00edtidlo, plast \u010dern\u00fd, plast op\u00e1l b\u00edl\u00fd, zm\u011bna barvy sv\u011btla vyp\u00edna\u010dem v zadn\u00ed \u010d\u00e1sti sv\u011btla, fixace barev, \u00d8 125, V: 18, v\u010detn\u011b 1xLED 6W 230V, 610lm zdroj, 400lm v\u00fdstup, zm\u011bna barvy sv\u011btla 3000-4000-6500K Pokud hled\u00e1te jednoduch\u00e9 stropn\u00ed sv\u00edtidlo, najdete ho s t\u00edmto LED sv\u00edtidlem v \u010dern\u00e9 barv\u011b z plastu. Jeho vzhled je diskr\u00e9tn\u00ed [&hellip;]\" \/>\n<meta property=\"og:url\" content=\"https:\/\/www.oknobuild.com\/index.php\/produkt\/znackovy-stropni-svitidlo-lasse-12379-6b-globo-29155\/\" \/>\n<meta property=\"og:image\" content=\"https:\/\/www.oknobuild.com\/wp-content\/uploads\/2026\/SK0013397-CZ20260425-091535-0-1777079743-GLO-12379-6B.webp\" \/>\n\t<meta property=\"og:image:width\" content=\"800\" \/>\n\t<meta property=\"og:image:height\" content=\"800\" \/>\n\t<meta property=\"og:image:type\" content=\"image\/webp\" \/>\n<meta name=\"twitter:card\" content=\"summary_large_image\" \/>\n<meta name=\"twitter:label1\" content=\"Odhadovan\u00e1 doba \u010dten\u00ed\" \/>\n\t<meta name=\"twitter:data1\" content=\"1 minuta\" \/>\n<script type=\"application\/ld+json\" class=\"yoast-schema-graph\">{\"@context\":\"https:\/\/schema.org\",\"@graph\":[{\"@type\":\"WebPage\",\"@id\":\"https:\/\/www.oknobuild.com\/index.php\/produkt\/znackovy-stropni-svitidlo-lasse-12379-6b-globo-29155\/\",\"url\":\"https:\/\/www.oknobuild.com\/index.php\/produkt\/znackovy-stropni-svitidlo-lasse-12379-6b-globo-29155\/\",\"name\":\"Zna\u010dkov\u00fd Stropn\u00ed sv\u00edtidlo LASSE 12379-6B - GLOBO -\",\"isPartOf\":{\"@id\":\"https:\/\/www.oknobuild.com\/#website\"},\"primaryImageOfPage\":{\"@id\":\"https:\/\/www.oknobuild.com\/index.php\/produkt\/znackovy-stropni-svitidlo-lasse-12379-6b-globo-29155\/#primaryimage\"},\"image\":{\"@id\":\"https:\/\/www.oknobuild.com\/index.php\/produkt\/znackovy-stropni-svitidlo-lasse-12379-6b-globo-29155\/#primaryimage\"},\"thumbnailUrl\":\"https:\/\/www.oknobuild.com\/wp-content\/uploads\/2026\/SK0013397-CZ20260425-091535-0-1777079743-GLO-12379-6B.webp\",\"datePublished\":\"2026-04-27T04:41:48+00:00\",\"breadcrumb\":{\"@id\":\"https:\/\/www.oknobuild.com\/index.php\/produkt\/znackovy-stropni-svitidlo-lasse-12379-6b-globo-29155\/#breadcrumb\"},\"inLanguage\":\"cs\",\"potentialAction\":[{\"@type\":\"ReadAction\",\"target\":[\"https:\/\/www.oknobuild.com\/index.php\/produkt\/znackovy-stropni-svitidlo-lasse-12379-6b-globo-29155\/\"]}]},{\"@type\":\"ImageObject\",\"inLanguage\":\"cs\",\"@id\":\"https:\/\/www.oknobuild.com\/index.php\/produkt\/znackovy-stropni-svitidlo-lasse-12379-6b-globo-29155\/#primaryimage\",\"url\":\"https:\/\/www.oknobuild.com\/wp-content\/uploads\/2026\/SK0013397-CZ20260425-091535-0-1777079743-GLO-12379-6B.webp\",\"contentUrl\":\"https:\/\/www.oknobuild.com\/wp-content\/uploads\/2026\/SK0013397-CZ20260425-091535-0-1777079743-GLO-12379-6B.webp\",\"width\":800,\"height\":800},{\"@type\":\"BreadcrumbList\",\"@id\":\"https:\/\/www.oknobuild.com\/index.php\/produkt\/znackovy-stropni-svitidlo-lasse-12379-6b-globo-29155\/#breadcrumb\",\"itemListElement\":[{\"@type\":\"ListItem\",\"position\":1,\"name\":\"Home\",\"item\":\"https:\/\/www.oknobuild.com\/\"},{\"@type\":\"ListItem\",\"position\":2,\"name\":\"Products\",\"item\":\"https:\/\/www.oknobuild.com\/index.php\/products\/\"},{\"@type\":\"ListItem\",\"position\":3,\"name\":\"Zna\u010dkov\u00fd Stropn\u00ed sv\u00edtidlo LASSE 12379-6B &#8211; GLOBO\"}]},{\"@type\":\"WebSite\",\"@id\":\"https:\/\/www.oknobuild.com\/#website\",\"url\":\"https:\/\/www.oknobuild.com\/\",\"name\":\"\",\"description\":\"\",\"potentialAction\":[{\"@type\":\"SearchAction\",\"target\":{\"@type\":\"EntryPoint\",\"urlTemplate\":\"https:\/\/www.oknobuild.com\/?s={search_term_string}\"},\"query-input\":{\"@type\":\"PropertyValueSpecification\",\"valueRequired\":true,\"valueName\":\"search_term_string\"}}],\"inLanguage\":\"cs\"}]}<\/script>\n<!-- \/ Yoast SEO plugin. -->","yoast_head_json":{"title":"Zna\u010dkov\u00fd Stropn\u00ed sv\u00edtidlo LASSE 12379-6B - GLOBO -","robots":{"index":"index","follow":"follow","max-snippet":"max-snippet:-1","max-image-preview":"max-image-preview:large","max-video-preview":"max-video-preview:-1"},"canonical":"https:\/\/www.oknobuild.com\/index.php\/produkt\/znackovy-stropni-svitidlo-lasse-12379-6b-globo-29155\/","og_locale":"cs_CZ","og_type":"article","og_title":"Zna\u010dkov\u00fd Stropn\u00ed sv\u00edtidlo LASSE 12379-6B - GLOBO -","og_description":"Popis produktu Stropn\u00ed sv\u00edtidlo, plast \u010dern\u00fd, plast op\u00e1l b\u00edl\u00fd, zm\u011bna barvy sv\u011btla vyp\u00edna\u010dem v zadn\u00ed \u010d\u00e1sti sv\u011btla, fixace barev, \u00d8 125, V: 18, v\u010detn\u011b 1xLED 6W 230V, 610lm zdroj, 400lm v\u00fdstup, zm\u011bna barvy sv\u011btla 3000-4000-6500K Pokud hled\u00e1te jednoduch\u00e9 stropn\u00ed sv\u00edtidlo, najdete ho s t\u00edmto LED sv\u00edtidlem v \u010dern\u00e9 barv\u011b z plastu. Jeho vzhled je diskr\u00e9tn\u00ed [&hellip;]","og_url":"https:\/\/www.oknobuild.com\/index.php\/produkt\/znackovy-stropni-svitidlo-lasse-12379-6b-globo-29155\/","og_image":[{"width":800,"height":800,"url":"https:\/\/www.oknobuild.com\/wp-content\/uploads\/2026\/SK0013397-CZ20260425-091535-0-1777079743-GLO-12379-6B.webp","type":"image\/webp"}],"twitter_card":"summary_large_image","twitter_misc":{"Odhadovan\u00e1 doba \u010dten\u00ed":"1 minuta"},"schema":{"@context":"https:\/\/schema.org","@graph":[{"@type":"WebPage","@id":"https:\/\/www.oknobuild.com\/index.php\/produkt\/znackovy-stropni-svitidlo-lasse-12379-6b-globo-29155\/","url":"https:\/\/www.oknobuild.com\/index.php\/produkt\/znackovy-stropni-svitidlo-lasse-12379-6b-globo-29155\/","name":"Zna\u010dkov\u00fd Stropn\u00ed sv\u00edtidlo LASSE 12379-6B - GLOBO -","isPartOf":{"@id":"https:\/\/www.oknobuild.com\/#website"},"primaryImageOfPage":{"@id":"https:\/\/www.oknobuild.com\/index.php\/produkt\/znackovy-stropni-svitidlo-lasse-12379-6b-globo-29155\/#primaryimage"},"image":{"@id":"https:\/\/www.oknobuild.com\/index.php\/produkt\/znackovy-stropni-svitidlo-lasse-12379-6b-globo-29155\/#primaryimage"},"thumbnailUrl":"https:\/\/www.oknobuild.com\/wp-content\/uploads\/2026\/SK0013397-CZ20260425-091535-0-1777079743-GLO-12379-6B.webp","datePublished":"2026-04-27T04:41:48+00:00","breadcrumb":{"@id":"https:\/\/www.oknobuild.com\/index.php\/produkt\/znackovy-stropni-svitidlo-lasse-12379-6b-globo-29155\/#breadcrumb"},"inLanguage":"cs","potentialAction":[{"@type":"ReadAction","target":["https:\/\/www.oknobuild.com\/index.php\/produkt\/znackovy-stropni-svitidlo-lasse-12379-6b-globo-29155\/"]}]},{"@type":"ImageObject","inLanguage":"cs","@id":"https:\/\/www.oknobuild.com\/index.php\/produkt\/znackovy-stropni-svitidlo-lasse-12379-6b-globo-29155\/#primaryimage","url":"https:\/\/www.oknobuild.com\/wp-content\/uploads\/2026\/SK0013397-CZ20260425-091535-0-1777079743-GLO-12379-6B.webp","contentUrl":"https:\/\/www.oknobuild.com\/wp-content\/uploads\/2026\/SK0013397-CZ20260425-091535-0-1777079743-GLO-12379-6B.webp","width":800,"height":800},{"@type":"BreadcrumbList","@id":"https:\/\/www.oknobuild.com\/index.php\/produkt\/znackovy-stropni-svitidlo-lasse-12379-6b-globo-29155\/#breadcrumb","itemListElement":[{"@type":"ListItem","position":1,"name":"Home","item":"https:\/\/www.oknobuild.com\/"},{"@type":"ListItem","position":2,"name":"Products","item":"https:\/\/www.oknobuild.com\/index.php\/products\/"},{"@type":"ListItem","position":3,"name":"Zna\u010dkov\u00fd Stropn\u00ed sv\u00edtidlo LASSE 12379-6B &#8211; GLOBO"}]},{"@type":"WebSite","@id":"https:\/\/www.oknobuild.com\/#website","url":"https:\/\/www.oknobuild.com\/","name":"","description":"","potentialAction":[{"@type":"SearchAction","target":{"@type":"EntryPoint","urlTemplate":"https:\/\/www.oknobuild.com\/?s={search_term_string}"},"query-input":{"@type":"PropertyValueSpecification","valueRequired":true,"valueName":"search_term_string"}}],"inLanguage":"cs"}]}},"_links":{"self":[{"href":"https:\/\/www.oknobuild.com\/index.php\/wp-json\/wp\/v2\/product\/29155","targetHints":{"allow":["GET"]}}],"collection":[{"href":"https:\/\/www.oknobuild.com\/index.php\/wp-json\/wp\/v2\/product"}],"about":[{"href":"https:\/\/www.oknobuild.com\/index.php\/wp-json\/wp\/v2\/types\/product"}],"replies":[{"embeddable":true,"href":"https:\/\/www.oknobuild.com\/index.php\/wp-json\/wp\/v2\/comments?post=29155"}],"wp:featuredmedia":[{"embeddable":true,"href":"https:\/\/www.oknobuild.com\/index.php\/wp-json\/wp\/v2\/media\/29255"}],"wp:attachment":[{"href":"https:\/\/www.oknobuild.com\/index.php\/wp-json\/wp\/v2\/media?parent=29155"}],"wp:term":[{"taxonomy":"product_brand","embeddable":true,"href":"https:\/\/www.oknobuild.com\/index.php\/wp-json\/wp\/v2\/product_brand?post=29155"},{"taxonomy":"product_cat","embeddable":true,"href":"https:\/\/www.oknobuild.com\/index.php\/wp-json\/wp\/v2\/product_cat?post=29155"},{"taxonomy":"product_tag","embeddable":true,"href":"https:\/\/www.oknobuild.com\/index.php\/wp-json\/wp\/v2\/product_tag?post=29155"}],"curies":[{"name":"wp","href":"https:\/\/api.w.org\/{rel}","templated":true}]}}