{"id":29381,"date":"2026-04-27T04:41:48","date_gmt":"2026-04-27T04:41:48","guid":{"rendered":""},"modified":"2026-04-27T04:41:48","modified_gmt":"2026-04-27T04:41:48","slug":"abbey-15448h1-zavesne-svitidlo-globo-zlevneny-29381","status":"publish","type":"product","link":"https:\/\/www.oknobuild.com\/index.php\/produkt\/abbey-15448h1-zavesne-svitidlo-globo-zlevneny-29381\/","title":{"rendered":"ABBEY 15448H1 Z\u00e1v\u011bsn\u00e9 sv\u00edtidlo &#8211; GLOBO Zlevn\u011bn\u00fd"},"content":{"rendered":"<h3 class=\"product-h3\">Popis produktu<\/h3>\n<p><p>Z\u00e1v\u011bsn\u00e9 sv\u00edtidlo, kov \u010dern\u00fd, textil \u010dern\u00fd, akrylov\u00e9 k\u0159i\u0161\u0165\u00e1ly pr\u016fhledn\u00e9, st\u00edn\u00edtko uvnit\u0159 zlat\u00e9, \u00d8400, V: 1400, bez \u017e\u00e1rovky 1xE27, max. 60W 230V<\/p>\n<p>Z\u00e1v\u011bsn\u00e9 sv\u00edtidlo slibuje perfektn\u00ed design osv\u011btlen\u00ed. St\u00ednidlo zaujme pou\u017eit\u00fdmi akrylov\u00fdmi krystaly a \u00d840cm poskytuje vyt\u0159\u00edben\u00e9 sv\u011btlo. Lampa je vybavena patic\u00ed E27 max. 60W a neobsahuje sv\u011bteln\u00fd zdroj. S LED \u017e\u00e1rovkou si m\u016f\u017eete zajistit je\u0161t\u011b v\u011bt\u0161\u00ed udr\u017eitelnost. Jako alternativu m\u016f\u017eete tak\u00e9 pou\u017e\u00edt dekorativn\u00ed sv\u011bteln\u00fd zdroj. D\u00edky extravagantn\u00edmu designu se sv\u00edtidlo rychle stane nov\u00fdm pouta\u010dem ve va\u0161em ob\u00fdvac\u00edm pokoji.<\/p>\n<\/p><\/div>\n<\/p><\/div>\n<p><\/p>\n<div class=\"top-params\">\n<h3 class=\"product-h3 collapse-header \" data-toggle=\"collapse\" data-target=\"#collapseOne\" aria-expanded=\"true\" aria-controls=\"collapseOne\">Parametry<\/h3>\n<div id=\"collapseOne\" class=\"collapse show\" aria-labelledby=\"headingOne\" data-parent=\"#product-info-accordion1\">\n<table class=\"table-striped\">\n<tr>\n<td>                V\u00fd\u0161ka v mm            <\/td>\n<td>                1400            <\/td>\n<\/tr>\n<tr>\n<td>                Pr\u016fm\u011br v mm            <\/td>\n<td>                400            <\/td>\n<\/tr>\n<tr>\n<td>                Ochrana IP            <\/td>\n<td>                IP20            <\/td>\n<\/tr>\n<tr>\n<td>                Max. p\u0159\u00edkon sv\u011bteln\u00e9ho zdroje            <\/td>\n<td>                60W            <\/td>\n<\/tr>\n<tr>\n<td>                V\u00fdkon            <\/td>\n<td>                60W            <\/td>\n<\/tr>\n<tr>\n<td>                Nap\u00e1jec\u00ed nap\u011bt\u00ed            <\/td>\n<td>                230V            <\/td>\n<\/tr>\n<tr>\n<td>                Patice            <\/td>\n<td>                E27            <\/td>\n<\/tr>\n<tr>\n<td>                V\u010detn\u011b sv\u011bteln\u00e9ho zdroje            <\/td>\n<td>                ne            <\/td>\n<\/tr>\n<tr>\n<td>                Materi\u00e1l            <\/td>\n<td>                kov \/ textil            <\/td>\n<\/tr>\n<tr>\n<td>                Kolekce            <\/td>\n<td>                ABBEY            <\/td>\n<\/tr>\n<tr>\n<td>                Po\u010det sv\u011bteln\u00fdch zdroj\u016f            <\/td>\n<td>                1            <\/td>\n<\/tr>\n<tr>\n<td>                V\u00fdrobce            <\/td>\n<td>                GLOBO            <\/td>\n<\/tr>\n<tr>\n<td>                Barva            <\/td>\n<td>                \u010dern\u00e1            <\/td>\n<\/tr>\n<tr>\n<td>                U v\u00fdrobce dostupn\u00fdch            <\/td>\n<td>                5                    ks            <\/td>\n<\/tr>\n<\/table>\n<\/div><\/div>\n<\/div>\n<div class=\"accordion\" id=\"product-info-accordion2\">\n","protected":false},"excerpt":{"rendered":"<p>Popis produktu Z\u00e1v\u011bsn\u00e9 sv\u00edtidlo, kov \u010dern\u00fd, textil \u010dern\u00fd, akrylov\u00e9 k\u0159i\u0161\u0165\u00e1ly pr\u016fhledn\u00e9, st\u00edn\u00edtko uvnit\u0159 zlat\u00e9, \u00d8400, V: 1400, bez \u017e\u00e1rovky 1xE27, max. 60W 230V Z\u00e1v\u011bsn\u00e9 sv\u00edtidlo slibuje perfektn\u00ed design osv\u011btlen\u00ed. St\u00ednidlo zaujme pou\u017eit\u00fdmi akrylov\u00fdmi krystaly a \u00d840cm poskytuje vyt\u0159\u00edben\u00e9 sv\u011btlo. Lampa je vybavena patic\u00ed E27 max. 60W a neobsahuje sv\u011bteln\u00fd zdroj. S LED \u017e\u00e1rovkou si m\u016f\u017eete [&hellip;]<\/p>\n","protected":false},"featured_media":29481,"comment_status":"open","ping_status":"open","template":"","meta":[],"product_brand":[],"product_cat":[32],"product_tag":[],"class_list":{"0":"post-29381","1":"product","2":"type-product","3":"status-publish","4":"has-post-thumbnail","6":"product_cat-interierova-svitidla","8":"first","9":"instock","10":"sale","11":"shipping-taxable","12":"purchasable","13":"product-type-simple"},"yoast_head":"<!-- This site is optimized with the Yoast SEO plugin v26.8 - https:\/\/yoast.com\/product\/yoast-seo-wordpress\/ -->\n<title>ABBEY 15448H1 Z\u00e1v\u011bsn\u00e9 sv\u00edtidlo - GLOBO Zlevn\u011bn\u00fd -<\/title>\n<meta name=\"robots\" content=\"index, follow, max-snippet:-1, max-image-preview:large, max-video-preview:-1\" \/>\n<link rel=\"canonical\" href=\"https:\/\/www.oknobuild.com\/index.php\/produkt\/abbey-15448h1-zavesne-svitidlo-globo-zlevneny-29381\/\" \/>\n<meta property=\"og:locale\" content=\"cs_CZ\" \/>\n<meta property=\"og:type\" content=\"article\" \/>\n<meta property=\"og:title\" content=\"ABBEY 15448H1 Z\u00e1v\u011bsn\u00e9 sv\u00edtidlo - GLOBO Zlevn\u011bn\u00fd -\" \/>\n<meta property=\"og:description\" content=\"Popis produktu Z\u00e1v\u011bsn\u00e9 sv\u00edtidlo, kov \u010dern\u00fd, textil \u010dern\u00fd, akrylov\u00e9 k\u0159i\u0161\u0165\u00e1ly pr\u016fhledn\u00e9, st\u00edn\u00edtko uvnit\u0159 zlat\u00e9, \u00d8400, V: 1400, bez \u017e\u00e1rovky 1xE27, max. 60W 230V Z\u00e1v\u011bsn\u00e9 sv\u00edtidlo slibuje perfektn\u00ed design osv\u011btlen\u00ed. St\u00ednidlo zaujme pou\u017eit\u00fdmi akrylov\u00fdmi krystaly a \u00d840cm poskytuje vyt\u0159\u00edben\u00e9 sv\u011btlo. Lampa je vybavena patic\u00ed E27 max. 60W a neobsahuje sv\u011bteln\u00fd zdroj. S LED \u017e\u00e1rovkou si m\u016f\u017eete [&hellip;]\" \/>\n<meta property=\"og:url\" content=\"https:\/\/www.oknobuild.com\/index.php\/produkt\/abbey-15448h1-zavesne-svitidlo-globo-zlevneny-29381\/\" \/>\n<meta property=\"og:image\" content=\"https:\/\/www.oknobuild.com\/wp-content\/uploads\/2026\/SK0013523-CZ20260425-091535-0-1777079743-GLO-15448H1.webp\" \/>\n\t<meta property=\"og:image:width\" content=\"800\" \/>\n\t<meta property=\"og:image:height\" content=\"800\" \/>\n\t<meta property=\"og:image:type\" content=\"image\/webp\" \/>\n<meta name=\"twitter:card\" content=\"summary_large_image\" \/>\n<meta name=\"twitter:label1\" content=\"Odhadovan\u00e1 doba \u010dten\u00ed\" \/>\n\t<meta name=\"twitter:data1\" content=\"1 minuta\" \/>\n<script type=\"application\/ld+json\" class=\"yoast-schema-graph\">{\"@context\":\"https:\/\/schema.org\",\"@graph\":[{\"@type\":\"WebPage\",\"@id\":\"https:\/\/www.oknobuild.com\/index.php\/produkt\/abbey-15448h1-zavesne-svitidlo-globo-zlevneny-29381\/\",\"url\":\"https:\/\/www.oknobuild.com\/index.php\/produkt\/abbey-15448h1-zavesne-svitidlo-globo-zlevneny-29381\/\",\"name\":\"ABBEY 15448H1 Z\u00e1v\u011bsn\u00e9 sv\u00edtidlo - GLOBO Zlevn\u011bn\u00fd -\",\"isPartOf\":{\"@id\":\"https:\/\/www.oknobuild.com\/#website\"},\"primaryImageOfPage\":{\"@id\":\"https:\/\/www.oknobuild.com\/index.php\/produkt\/abbey-15448h1-zavesne-svitidlo-globo-zlevneny-29381\/#primaryimage\"},\"image\":{\"@id\":\"https:\/\/www.oknobuild.com\/index.php\/produkt\/abbey-15448h1-zavesne-svitidlo-globo-zlevneny-29381\/#primaryimage\"},\"thumbnailUrl\":\"https:\/\/www.oknobuild.com\/wp-content\/uploads\/2026\/SK0013523-CZ20260425-091535-0-1777079743-GLO-15448H1.webp\",\"datePublished\":\"2026-04-27T04:41:48+00:00\",\"breadcrumb\":{\"@id\":\"https:\/\/www.oknobuild.com\/index.php\/produkt\/abbey-15448h1-zavesne-svitidlo-globo-zlevneny-29381\/#breadcrumb\"},\"inLanguage\":\"cs\",\"potentialAction\":[{\"@type\":\"ReadAction\",\"target\":[\"https:\/\/www.oknobuild.com\/index.php\/produkt\/abbey-15448h1-zavesne-svitidlo-globo-zlevneny-29381\/\"]}]},{\"@type\":\"ImageObject\",\"inLanguage\":\"cs\",\"@id\":\"https:\/\/www.oknobuild.com\/index.php\/produkt\/abbey-15448h1-zavesne-svitidlo-globo-zlevneny-29381\/#primaryimage\",\"url\":\"https:\/\/www.oknobuild.com\/wp-content\/uploads\/2026\/SK0013523-CZ20260425-091535-0-1777079743-GLO-15448H1.webp\",\"contentUrl\":\"https:\/\/www.oknobuild.com\/wp-content\/uploads\/2026\/SK0013523-CZ20260425-091535-0-1777079743-GLO-15448H1.webp\",\"width\":800,\"height\":800},{\"@type\":\"BreadcrumbList\",\"@id\":\"https:\/\/www.oknobuild.com\/index.php\/produkt\/abbey-15448h1-zavesne-svitidlo-globo-zlevneny-29381\/#breadcrumb\",\"itemListElement\":[{\"@type\":\"ListItem\",\"position\":1,\"name\":\"Home\",\"item\":\"https:\/\/www.oknobuild.com\/\"},{\"@type\":\"ListItem\",\"position\":2,\"name\":\"Products\",\"item\":\"https:\/\/www.oknobuild.com\/index.php\/products\/\"},{\"@type\":\"ListItem\",\"position\":3,\"name\":\"ABBEY 15448H1 Z\u00e1v\u011bsn\u00e9 sv\u00edtidlo &#8211; GLOBO Zlevn\u011bn\u00fd\"}]},{\"@type\":\"WebSite\",\"@id\":\"https:\/\/www.oknobuild.com\/#website\",\"url\":\"https:\/\/www.oknobuild.com\/\",\"name\":\"\",\"description\":\"\",\"potentialAction\":[{\"@type\":\"SearchAction\",\"target\":{\"@type\":\"EntryPoint\",\"urlTemplate\":\"https:\/\/www.oknobuild.com\/?s={search_term_string}\"},\"query-input\":{\"@type\":\"PropertyValueSpecification\",\"valueRequired\":true,\"valueName\":\"search_term_string\"}}],\"inLanguage\":\"cs\"}]}<\/script>\n<!-- \/ Yoast SEO plugin. -->","yoast_head_json":{"title":"ABBEY 15448H1 Z\u00e1v\u011bsn\u00e9 sv\u00edtidlo - GLOBO Zlevn\u011bn\u00fd -","robots":{"index":"index","follow":"follow","max-snippet":"max-snippet:-1","max-image-preview":"max-image-preview:large","max-video-preview":"max-video-preview:-1"},"canonical":"https:\/\/www.oknobuild.com\/index.php\/produkt\/abbey-15448h1-zavesne-svitidlo-globo-zlevneny-29381\/","og_locale":"cs_CZ","og_type":"article","og_title":"ABBEY 15448H1 Z\u00e1v\u011bsn\u00e9 sv\u00edtidlo - GLOBO Zlevn\u011bn\u00fd -","og_description":"Popis produktu Z\u00e1v\u011bsn\u00e9 sv\u00edtidlo, kov \u010dern\u00fd, textil \u010dern\u00fd, akrylov\u00e9 k\u0159i\u0161\u0165\u00e1ly pr\u016fhledn\u00e9, st\u00edn\u00edtko uvnit\u0159 zlat\u00e9, \u00d8400, V: 1400, bez \u017e\u00e1rovky 1xE27, max. 60W 230V Z\u00e1v\u011bsn\u00e9 sv\u00edtidlo slibuje perfektn\u00ed design osv\u011btlen\u00ed. St\u00ednidlo zaujme pou\u017eit\u00fdmi akrylov\u00fdmi krystaly a \u00d840cm poskytuje vyt\u0159\u00edben\u00e9 sv\u011btlo. Lampa je vybavena patic\u00ed E27 max. 60W a neobsahuje sv\u011bteln\u00fd zdroj. S LED \u017e\u00e1rovkou si m\u016f\u017eete [&hellip;]","og_url":"https:\/\/www.oknobuild.com\/index.php\/produkt\/abbey-15448h1-zavesne-svitidlo-globo-zlevneny-29381\/","og_image":[{"width":800,"height":800,"url":"https:\/\/www.oknobuild.com\/wp-content\/uploads\/2026\/SK0013523-CZ20260425-091535-0-1777079743-GLO-15448H1.webp","type":"image\/webp"}],"twitter_card":"summary_large_image","twitter_misc":{"Odhadovan\u00e1 doba \u010dten\u00ed":"1 minuta"},"schema":{"@context":"https:\/\/schema.org","@graph":[{"@type":"WebPage","@id":"https:\/\/www.oknobuild.com\/index.php\/produkt\/abbey-15448h1-zavesne-svitidlo-globo-zlevneny-29381\/","url":"https:\/\/www.oknobuild.com\/index.php\/produkt\/abbey-15448h1-zavesne-svitidlo-globo-zlevneny-29381\/","name":"ABBEY 15448H1 Z\u00e1v\u011bsn\u00e9 sv\u00edtidlo - GLOBO Zlevn\u011bn\u00fd -","isPartOf":{"@id":"https:\/\/www.oknobuild.com\/#website"},"primaryImageOfPage":{"@id":"https:\/\/www.oknobuild.com\/index.php\/produkt\/abbey-15448h1-zavesne-svitidlo-globo-zlevneny-29381\/#primaryimage"},"image":{"@id":"https:\/\/www.oknobuild.com\/index.php\/produkt\/abbey-15448h1-zavesne-svitidlo-globo-zlevneny-29381\/#primaryimage"},"thumbnailUrl":"https:\/\/www.oknobuild.com\/wp-content\/uploads\/2026\/SK0013523-CZ20260425-091535-0-1777079743-GLO-15448H1.webp","datePublished":"2026-04-27T04:41:48+00:00","breadcrumb":{"@id":"https:\/\/www.oknobuild.com\/index.php\/produkt\/abbey-15448h1-zavesne-svitidlo-globo-zlevneny-29381\/#breadcrumb"},"inLanguage":"cs","potentialAction":[{"@type":"ReadAction","target":["https:\/\/www.oknobuild.com\/index.php\/produkt\/abbey-15448h1-zavesne-svitidlo-globo-zlevneny-29381\/"]}]},{"@type":"ImageObject","inLanguage":"cs","@id":"https:\/\/www.oknobuild.com\/index.php\/produkt\/abbey-15448h1-zavesne-svitidlo-globo-zlevneny-29381\/#primaryimage","url":"https:\/\/www.oknobuild.com\/wp-content\/uploads\/2026\/SK0013523-CZ20260425-091535-0-1777079743-GLO-15448H1.webp","contentUrl":"https:\/\/www.oknobuild.com\/wp-content\/uploads\/2026\/SK0013523-CZ20260425-091535-0-1777079743-GLO-15448H1.webp","width":800,"height":800},{"@type":"BreadcrumbList","@id":"https:\/\/www.oknobuild.com\/index.php\/produkt\/abbey-15448h1-zavesne-svitidlo-globo-zlevneny-29381\/#breadcrumb","itemListElement":[{"@type":"ListItem","position":1,"name":"Home","item":"https:\/\/www.oknobuild.com\/"},{"@type":"ListItem","position":2,"name":"Products","item":"https:\/\/www.oknobuild.com\/index.php\/products\/"},{"@type":"ListItem","position":3,"name":"ABBEY 15448H1 Z\u00e1v\u011bsn\u00e9 sv\u00edtidlo &#8211; GLOBO Zlevn\u011bn\u00fd"}]},{"@type":"WebSite","@id":"https:\/\/www.oknobuild.com\/#website","url":"https:\/\/www.oknobuild.com\/","name":"","description":"","potentialAction":[{"@type":"SearchAction","target":{"@type":"EntryPoint","urlTemplate":"https:\/\/www.oknobuild.com\/?s={search_term_string}"},"query-input":{"@type":"PropertyValueSpecification","valueRequired":true,"valueName":"search_term_string"}}],"inLanguage":"cs"}]}},"_links":{"self":[{"href":"https:\/\/www.oknobuild.com\/index.php\/wp-json\/wp\/v2\/product\/29381","targetHints":{"allow":["GET"]}}],"collection":[{"href":"https:\/\/www.oknobuild.com\/index.php\/wp-json\/wp\/v2\/product"}],"about":[{"href":"https:\/\/www.oknobuild.com\/index.php\/wp-json\/wp\/v2\/types\/product"}],"replies":[{"embeddable":true,"href":"https:\/\/www.oknobuild.com\/index.php\/wp-json\/wp\/v2\/comments?post=29381"}],"wp:featuredmedia":[{"embeddable":true,"href":"https:\/\/www.oknobuild.com\/index.php\/wp-json\/wp\/v2\/media\/29481"}],"wp:attachment":[{"href":"https:\/\/www.oknobuild.com\/index.php\/wp-json\/wp\/v2\/media?parent=29381"}],"wp:term":[{"taxonomy":"product_brand","embeddable":true,"href":"https:\/\/www.oknobuild.com\/index.php\/wp-json\/wp\/v2\/product_brand?post=29381"},{"taxonomy":"product_cat","embeddable":true,"href":"https:\/\/www.oknobuild.com\/index.php\/wp-json\/wp\/v2\/product_cat?post=29381"},{"taxonomy":"product_tag","embeddable":true,"href":"https:\/\/www.oknobuild.com\/index.php\/wp-json\/wp\/v2\/product_tag?post=29381"}],"curies":[{"name":"wp","href":"https:\/\/api.w.org\/{rel}","templated":true}]}}