{"id":29507,"date":"2026-04-27T04:41:49","date_gmt":"2026-04-27T04:41:49","guid":{"rendered":""},"modified":"2026-04-27T04:41:49","modified_gmt":"2026-04-27T04:41:49","slug":"zlevneny-ukoncena-vyroba-hagar-15477d-stropni-svitidlo-globo-29507","status":"publish","type":"product","link":"https:\/\/www.oknobuild.com\/index.php\/produkt\/zlevneny-ukoncena-vyroba-hagar-15477d-stropni-svitidlo-globo-29507\/","title":{"rendered":"Zlevn\u011bn\u00fd UKON\u010cENA V\u00ddROBA HAGAR 15477D Stropn\u00ed sv\u00edtidlo &#8211; GLOBO"},"content":{"rendered":"<h3 class=\"product-h3\">Popis produktu<\/h3>\n<p><p>Stropn\u00ed sv\u00edtidlo, kov \u010dern\u00fd, d\u0159evo, Dx\u0160xV: 220x220x145, bez \u017e\u00e1rovky 1xE27, max. 60W 230V<\/p>\n<p>Stropn\u00ed sv\u00edtidlo 22x22cm se vyzna\u010duje jedine\u010dn\u00fdm designem. Sv\u011btlo m\u016f\u017ee prosv\u00edtat hranat\u00fdm \u010dern\u00fdm kovov\u00fdm r\u00e1mem ze v\u0161ech stran. Voln\u00fd v\u00fdb\u011br sv\u011bteln\u00e9ho zdroje! Lampa m\u00e1 patici E27. K tomu lze pou\u017e\u00edt sv\u011bteln\u00fd zdroj s maxim\u00e1ln\u00edm v\u00fdkonem 1x60W. Pro je\u0161t\u011b v\u011bt\u0161\u00ed udr\u017eitelnost doporu\u010dujeme pou\u017e\u00edt sv\u011bteln\u00fd zdroj LED. Lampa sv\u00fdm jedine\u010dn\u00fdm kouzlem ur\u010dit\u011b pot\u011b\u0161\u00ed ka\u017ed\u00e9ho majitele.<\/p>\n<\/p><\/div>\n<\/p><\/div>\n<p><\/p>\n<div class=\"top-params\">\n<h3 class=\"product-h3 collapse-header \" data-toggle=\"collapse\" data-target=\"#collapseOne\" aria-expanded=\"true\" aria-controls=\"collapseOne\">Parametry<\/h3>\n<div id=\"collapseOne\" class=\"collapse show\" aria-labelledby=\"headingOne\" data-parent=\"#product-info-accordion1\">\n<table class=\"table-striped\">\n<tr>\n<td>                V\u00fd\u0161ka v mm            <\/td>\n<td>                145            <\/td>\n<\/tr>\n<tr>\n<td>                \u0160\u00ed\u0159ka v mm            <\/td>\n<td>                220            <\/td>\n<\/tr>\n<tr>\n<td>                D\u00e9lka v mm            <\/td>\n<td>                220            <\/td>\n<\/tr>\n<tr>\n<td>                Ochrana IP            <\/td>\n<td>                IP20            <\/td>\n<\/tr>\n<tr>\n<td>                Max. p\u0159\u00edkon sv\u011bteln\u00e9ho zdroje            <\/td>\n<td>                60W            <\/td>\n<\/tr>\n<tr>\n<td>                V\u00fdkon            <\/td>\n<td>                60W            <\/td>\n<\/tr>\n<tr>\n<td>                Nap\u00e1jec\u00ed nap\u011bt\u00ed            <\/td>\n<td>                230V            <\/td>\n<\/tr>\n<tr>\n<td>                Patice            <\/td>\n<td>                E27            <\/td>\n<\/tr>\n<tr>\n<td>                V\u010detn\u011b sv\u011bteln\u00e9ho zdroje            <\/td>\n<td>                ne            <\/td>\n<\/tr>\n<tr>\n<td>                Materi\u00e1l            <\/td>\n<td>                kov \/ d\u0159evo            <\/td>\n<\/tr>\n<tr>\n<td>                Kolekce            <\/td>\n<td>                HAGAR            <\/td>\n<\/tr>\n<tr>\n<td>                Po\u010det sv\u011bteln\u00fdch zdroj\u016f            <\/td>\n<td>                1            <\/td>\n<\/tr>\n<tr>\n<td>                V\u00fdrobce            <\/td>\n<td>                GLOBO            <\/td>\n<\/tr>\n<tr>\n<td>                Barva            <\/td>\n<td>                \u010dern\u00e1 \/ p\u0159\u00edrodn\u00ed            <\/td>\n<\/tr>\n<tr>\n<td>                U v\u00fdrobce dostupn\u00fdch            <\/td>\n<td>                0                    ks            <\/td>\n<\/tr>\n<\/table>\n<\/div><\/div>\n<\/div>\n<div class=\"accordion\" id=\"product-info-accordion2\">\n","protected":false},"excerpt":{"rendered":"<p>Popis produktu Stropn\u00ed sv\u00edtidlo, kov \u010dern\u00fd, d\u0159evo, Dx\u0160xV: 220x220x145, bez \u017e\u00e1rovky 1xE27, max. 60W 230V Stropn\u00ed sv\u00edtidlo 22x22cm se vyzna\u010duje jedine\u010dn\u00fdm designem. Sv\u011btlo m\u016f\u017ee prosv\u00edtat hranat\u00fdm \u010dern\u00fdm kovov\u00fdm r\u00e1mem ze v\u0161ech stran. Voln\u00fd v\u00fdb\u011br sv\u011bteln\u00e9ho zdroje! Lampa m\u00e1 patici E27. K tomu lze pou\u017e\u00edt sv\u011bteln\u00fd zdroj s maxim\u00e1ln\u00edm v\u00fdkonem 1x60W. Pro je\u0161t\u011b v\u011bt\u0161\u00ed udr\u017eitelnost doporu\u010dujeme [&hellip;]<\/p>\n","protected":false},"featured_media":29607,"comment_status":"open","ping_status":"open","template":"","meta":[],"product_brand":[],"product_cat":[32],"product_tag":[],"class_list":{"0":"post-29507","1":"product","2":"type-product","3":"status-publish","4":"has-post-thumbnail","6":"product_cat-interierova-svitidla","8":"first","9":"instock","10":"sale","11":"shipping-taxable","12":"purchasable","13":"product-type-simple"},"yoast_head":"<!-- This site is optimized with the Yoast SEO plugin v26.8 - https:\/\/yoast.com\/product\/yoast-seo-wordpress\/ -->\n<title>Zlevn\u011bn\u00fd UKON\u010cENA V\u00ddROBA HAGAR 15477D Stropn\u00ed sv\u00edtidlo - GLOBO -<\/title>\n<meta name=\"robots\" content=\"index, follow, max-snippet:-1, max-image-preview:large, max-video-preview:-1\" \/>\n<link rel=\"canonical\" href=\"https:\/\/www.oknobuild.com\/index.php\/produkt\/zlevneny-ukoncena-vyroba-hagar-15477d-stropni-svitidlo-globo-29507\/\" \/>\n<meta property=\"og:locale\" content=\"cs_CZ\" \/>\n<meta property=\"og:type\" content=\"article\" \/>\n<meta property=\"og:title\" content=\"Zlevn\u011bn\u00fd UKON\u010cENA V\u00ddROBA HAGAR 15477D Stropn\u00ed sv\u00edtidlo - GLOBO -\" \/>\n<meta property=\"og:description\" content=\"Popis produktu Stropn\u00ed sv\u00edtidlo, kov \u010dern\u00fd, d\u0159evo, Dx\u0160xV: 220x220x145, bez \u017e\u00e1rovky 1xE27, max. 60W 230V Stropn\u00ed sv\u00edtidlo 22x22cm se vyzna\u010duje jedine\u010dn\u00fdm designem. Sv\u011btlo m\u016f\u017ee prosv\u00edtat hranat\u00fdm \u010dern\u00fdm kovov\u00fdm r\u00e1mem ze v\u0161ech stran. Voln\u00fd v\u00fdb\u011br sv\u011bteln\u00e9ho zdroje! Lampa m\u00e1 patici E27. K tomu lze pou\u017e\u00edt sv\u011bteln\u00fd zdroj s maxim\u00e1ln\u00edm v\u00fdkonem 1x60W. Pro je\u0161t\u011b v\u011bt\u0161\u00ed udr\u017eitelnost doporu\u010dujeme [&hellip;]\" \/>\n<meta property=\"og:url\" content=\"https:\/\/www.oknobuild.com\/index.php\/produkt\/zlevneny-ukoncena-vyroba-hagar-15477d-stropni-svitidlo-globo-29507\/\" \/>\n<meta property=\"og:image\" content=\"https:\/\/www.oknobuild.com\/wp-content\/uploads\/2026\/SK0013549-CZ20260425-091535-0-1777079743-GLO-15477D.webp\" \/>\n\t<meta property=\"og:image:width\" content=\"800\" \/>\n\t<meta property=\"og:image:height\" content=\"800\" \/>\n\t<meta property=\"og:image:type\" content=\"image\/webp\" \/>\n<meta name=\"twitter:card\" content=\"summary_large_image\" \/>\n<meta name=\"twitter:label1\" content=\"Odhadovan\u00e1 doba \u010dten\u00ed\" \/>\n\t<meta name=\"twitter:data1\" content=\"1 minuta\" \/>\n<script type=\"application\/ld+json\" class=\"yoast-schema-graph\">{\"@context\":\"https:\/\/schema.org\",\"@graph\":[{\"@type\":\"WebPage\",\"@id\":\"https:\/\/www.oknobuild.com\/index.php\/produkt\/zlevneny-ukoncena-vyroba-hagar-15477d-stropni-svitidlo-globo-29507\/\",\"url\":\"https:\/\/www.oknobuild.com\/index.php\/produkt\/zlevneny-ukoncena-vyroba-hagar-15477d-stropni-svitidlo-globo-29507\/\",\"name\":\"Zlevn\u011bn\u00fd UKON\u010cENA V\u00ddROBA HAGAR 15477D Stropn\u00ed sv\u00edtidlo - GLOBO -\",\"isPartOf\":{\"@id\":\"https:\/\/www.oknobuild.com\/#website\"},\"primaryImageOfPage\":{\"@id\":\"https:\/\/www.oknobuild.com\/index.php\/produkt\/zlevneny-ukoncena-vyroba-hagar-15477d-stropni-svitidlo-globo-29507\/#primaryimage\"},\"image\":{\"@id\":\"https:\/\/www.oknobuild.com\/index.php\/produkt\/zlevneny-ukoncena-vyroba-hagar-15477d-stropni-svitidlo-globo-29507\/#primaryimage\"},\"thumbnailUrl\":\"https:\/\/www.oknobuild.com\/wp-content\/uploads\/2026\/SK0013549-CZ20260425-091535-0-1777079743-GLO-15477D.webp\",\"datePublished\":\"2026-04-27T04:41:49+00:00\",\"breadcrumb\":{\"@id\":\"https:\/\/www.oknobuild.com\/index.php\/produkt\/zlevneny-ukoncena-vyroba-hagar-15477d-stropni-svitidlo-globo-29507\/#breadcrumb\"},\"inLanguage\":\"cs\",\"potentialAction\":[{\"@type\":\"ReadAction\",\"target\":[\"https:\/\/www.oknobuild.com\/index.php\/produkt\/zlevneny-ukoncena-vyroba-hagar-15477d-stropni-svitidlo-globo-29507\/\"]}]},{\"@type\":\"ImageObject\",\"inLanguage\":\"cs\",\"@id\":\"https:\/\/www.oknobuild.com\/index.php\/produkt\/zlevneny-ukoncena-vyroba-hagar-15477d-stropni-svitidlo-globo-29507\/#primaryimage\",\"url\":\"https:\/\/www.oknobuild.com\/wp-content\/uploads\/2026\/SK0013549-CZ20260425-091535-0-1777079743-GLO-15477D.webp\",\"contentUrl\":\"https:\/\/www.oknobuild.com\/wp-content\/uploads\/2026\/SK0013549-CZ20260425-091535-0-1777079743-GLO-15477D.webp\",\"width\":800,\"height\":800},{\"@type\":\"BreadcrumbList\",\"@id\":\"https:\/\/www.oknobuild.com\/index.php\/produkt\/zlevneny-ukoncena-vyroba-hagar-15477d-stropni-svitidlo-globo-29507\/#breadcrumb\",\"itemListElement\":[{\"@type\":\"ListItem\",\"position\":1,\"name\":\"Home\",\"item\":\"https:\/\/www.oknobuild.com\/\"},{\"@type\":\"ListItem\",\"position\":2,\"name\":\"Products\",\"item\":\"https:\/\/www.oknobuild.com\/index.php\/products\/\"},{\"@type\":\"ListItem\",\"position\":3,\"name\":\"Zlevn\u011bn\u00fd UKON\u010cENA V\u00ddROBA HAGAR 15477D Stropn\u00ed sv\u00edtidlo &#8211; GLOBO\"}]},{\"@type\":\"WebSite\",\"@id\":\"https:\/\/www.oknobuild.com\/#website\",\"url\":\"https:\/\/www.oknobuild.com\/\",\"name\":\"\",\"description\":\"\",\"potentialAction\":[{\"@type\":\"SearchAction\",\"target\":{\"@type\":\"EntryPoint\",\"urlTemplate\":\"https:\/\/www.oknobuild.com\/?s={search_term_string}\"},\"query-input\":{\"@type\":\"PropertyValueSpecification\",\"valueRequired\":true,\"valueName\":\"search_term_string\"}}],\"inLanguage\":\"cs\"}]}<\/script>\n<!-- \/ Yoast SEO plugin. -->","yoast_head_json":{"title":"Zlevn\u011bn\u00fd UKON\u010cENA V\u00ddROBA HAGAR 15477D Stropn\u00ed sv\u00edtidlo - GLOBO -","robots":{"index":"index","follow":"follow","max-snippet":"max-snippet:-1","max-image-preview":"max-image-preview:large","max-video-preview":"max-video-preview:-1"},"canonical":"https:\/\/www.oknobuild.com\/index.php\/produkt\/zlevneny-ukoncena-vyroba-hagar-15477d-stropni-svitidlo-globo-29507\/","og_locale":"cs_CZ","og_type":"article","og_title":"Zlevn\u011bn\u00fd UKON\u010cENA V\u00ddROBA HAGAR 15477D Stropn\u00ed sv\u00edtidlo - GLOBO -","og_description":"Popis produktu Stropn\u00ed sv\u00edtidlo, kov \u010dern\u00fd, d\u0159evo, Dx\u0160xV: 220x220x145, bez \u017e\u00e1rovky 1xE27, max. 60W 230V Stropn\u00ed sv\u00edtidlo 22x22cm se vyzna\u010duje jedine\u010dn\u00fdm designem. Sv\u011btlo m\u016f\u017ee prosv\u00edtat hranat\u00fdm \u010dern\u00fdm kovov\u00fdm r\u00e1mem ze v\u0161ech stran. Voln\u00fd v\u00fdb\u011br sv\u011bteln\u00e9ho zdroje! Lampa m\u00e1 patici E27. K tomu lze pou\u017e\u00edt sv\u011bteln\u00fd zdroj s maxim\u00e1ln\u00edm v\u00fdkonem 1x60W. Pro je\u0161t\u011b v\u011bt\u0161\u00ed udr\u017eitelnost doporu\u010dujeme [&hellip;]","og_url":"https:\/\/www.oknobuild.com\/index.php\/produkt\/zlevneny-ukoncena-vyroba-hagar-15477d-stropni-svitidlo-globo-29507\/","og_image":[{"width":800,"height":800,"url":"https:\/\/www.oknobuild.com\/wp-content\/uploads\/2026\/SK0013549-CZ20260425-091535-0-1777079743-GLO-15477D.webp","type":"image\/webp"}],"twitter_card":"summary_large_image","twitter_misc":{"Odhadovan\u00e1 doba \u010dten\u00ed":"1 minuta"},"schema":{"@context":"https:\/\/schema.org","@graph":[{"@type":"WebPage","@id":"https:\/\/www.oknobuild.com\/index.php\/produkt\/zlevneny-ukoncena-vyroba-hagar-15477d-stropni-svitidlo-globo-29507\/","url":"https:\/\/www.oknobuild.com\/index.php\/produkt\/zlevneny-ukoncena-vyroba-hagar-15477d-stropni-svitidlo-globo-29507\/","name":"Zlevn\u011bn\u00fd UKON\u010cENA V\u00ddROBA HAGAR 15477D Stropn\u00ed sv\u00edtidlo - GLOBO -","isPartOf":{"@id":"https:\/\/www.oknobuild.com\/#website"},"primaryImageOfPage":{"@id":"https:\/\/www.oknobuild.com\/index.php\/produkt\/zlevneny-ukoncena-vyroba-hagar-15477d-stropni-svitidlo-globo-29507\/#primaryimage"},"image":{"@id":"https:\/\/www.oknobuild.com\/index.php\/produkt\/zlevneny-ukoncena-vyroba-hagar-15477d-stropni-svitidlo-globo-29507\/#primaryimage"},"thumbnailUrl":"https:\/\/www.oknobuild.com\/wp-content\/uploads\/2026\/SK0013549-CZ20260425-091535-0-1777079743-GLO-15477D.webp","datePublished":"2026-04-27T04:41:49+00:00","breadcrumb":{"@id":"https:\/\/www.oknobuild.com\/index.php\/produkt\/zlevneny-ukoncena-vyroba-hagar-15477d-stropni-svitidlo-globo-29507\/#breadcrumb"},"inLanguage":"cs","potentialAction":[{"@type":"ReadAction","target":["https:\/\/www.oknobuild.com\/index.php\/produkt\/zlevneny-ukoncena-vyroba-hagar-15477d-stropni-svitidlo-globo-29507\/"]}]},{"@type":"ImageObject","inLanguage":"cs","@id":"https:\/\/www.oknobuild.com\/index.php\/produkt\/zlevneny-ukoncena-vyroba-hagar-15477d-stropni-svitidlo-globo-29507\/#primaryimage","url":"https:\/\/www.oknobuild.com\/wp-content\/uploads\/2026\/SK0013549-CZ20260425-091535-0-1777079743-GLO-15477D.webp","contentUrl":"https:\/\/www.oknobuild.com\/wp-content\/uploads\/2026\/SK0013549-CZ20260425-091535-0-1777079743-GLO-15477D.webp","width":800,"height":800},{"@type":"BreadcrumbList","@id":"https:\/\/www.oknobuild.com\/index.php\/produkt\/zlevneny-ukoncena-vyroba-hagar-15477d-stropni-svitidlo-globo-29507\/#breadcrumb","itemListElement":[{"@type":"ListItem","position":1,"name":"Home","item":"https:\/\/www.oknobuild.com\/"},{"@type":"ListItem","position":2,"name":"Products","item":"https:\/\/www.oknobuild.com\/index.php\/products\/"},{"@type":"ListItem","position":3,"name":"Zlevn\u011bn\u00fd UKON\u010cENA V\u00ddROBA HAGAR 15477D Stropn\u00ed sv\u00edtidlo &#8211; GLOBO"}]},{"@type":"WebSite","@id":"https:\/\/www.oknobuild.com\/#website","url":"https:\/\/www.oknobuild.com\/","name":"","description":"","potentialAction":[{"@type":"SearchAction","target":{"@type":"EntryPoint","urlTemplate":"https:\/\/www.oknobuild.com\/?s={search_term_string}"},"query-input":{"@type":"PropertyValueSpecification","valueRequired":true,"valueName":"search_term_string"}}],"inLanguage":"cs"}]}},"_links":{"self":[{"href":"https:\/\/www.oknobuild.com\/index.php\/wp-json\/wp\/v2\/product\/29507","targetHints":{"allow":["GET"]}}],"collection":[{"href":"https:\/\/www.oknobuild.com\/index.php\/wp-json\/wp\/v2\/product"}],"about":[{"href":"https:\/\/www.oknobuild.com\/index.php\/wp-json\/wp\/v2\/types\/product"}],"replies":[{"embeddable":true,"href":"https:\/\/www.oknobuild.com\/index.php\/wp-json\/wp\/v2\/comments?post=29507"}],"wp:featuredmedia":[{"embeddable":true,"href":"https:\/\/www.oknobuild.com\/index.php\/wp-json\/wp\/v2\/media\/29607"}],"wp:attachment":[{"href":"https:\/\/www.oknobuild.com\/index.php\/wp-json\/wp\/v2\/media?parent=29507"}],"wp:term":[{"taxonomy":"product_brand","embeddable":true,"href":"https:\/\/www.oknobuild.com\/index.php\/wp-json\/wp\/v2\/product_brand?post=29507"},{"taxonomy":"product_cat","embeddable":true,"href":"https:\/\/www.oknobuild.com\/index.php\/wp-json\/wp\/v2\/product_cat?post=29507"},{"taxonomy":"product_tag","embeddable":true,"href":"https:\/\/www.oknobuild.com\/index.php\/wp-json\/wp\/v2\/product_tag?post=29507"}],"curies":[{"name":"wp","href":"https:\/\/api.w.org\/{rel}","templated":true}]}}