{"id":29518,"date":"2026-04-27T04:41:49","date_gmt":"2026-04-27T04:41:49","guid":{"rendered":""},"modified":"2026-04-27T04:41:49","modified_gmt":"2026-04-27T04:41:49","slug":"zlevneny-kira-i-15532-5h-zavesne-svitidlo-globo-29518","status":"publish","type":"product","link":"https:\/\/www.oknobuild.com\/index.php\/produkt\/zlevneny-kira-i-15532-5h-zavesne-svitidlo-globo-29518\/","title":{"rendered":"Zlevn\u011bn\u00fd KIRA I 15532-5H Z\u00e1v\u011bsn\u00e9 sv\u00edtidlo &#8211; GLOBO"},"content":{"rendered":"<h3 class=\"product-h3\">Popis produktu<\/h3>\n<p><p>Z\u00e1v\u011bsn\u00e9 sv\u00edtidlo, kov \u010dern\u00fd, d\u0159evo hn\u011bd\u00e9, sklen\u011bn\u00e9 k\u0159i\u0161\u0165\u00e1ly, textiln\u00ed \u010dern\u00fd kabel, Dx\u0160xV: 90x6x120cm, bez \u017e\u00e1rovek 5xE14, max. 40W 230V<\/p>\n<p>D\u00edky sv\u00e9mu tvaru lze toto z\u00e1v\u011bsn\u00e9 sv\u00edtidlo ze s\u00e9rie Kira I \u00fa\u017easn\u011b um\u00edstit nad j\u00eddeln\u00ed st\u016fl. Sv\u00edtilna o d\u00e9lce 90cm se skl\u00e1d\u00e1 z hn\u011bd\u00e9 d\u0159ev\u011bn\u00e9 ty\u010de, kter\u00e1 vis\u00ed ze stropu na dvou kabelech s p\u011bti obj\u00edmkami z \u010dern\u00e9ho kovu. K dokonal\u00e9mu vzhledu sv\u00edtidla p\u0159isp\u00edvaj\u00ed tak\u00e9 sklen\u011bn\u00e9 k\u0159i\u0161\u0165\u00e1ly. V\u00fd\u0161ku sv\u00edtilny lze nastavit a\u017e do 120cm. S obj\u00edmkami E14 m\u00e1te mo\u017enost ur\u010dit si zdroj sv\u011btla, t\u00edm i barvu a intenzitu sv\u011btla. S jin\u00fdmi modely stejn\u00e9 \u0159ady m\u016f\u017eete doplnit vzhled va\u0161eho interi\u00e9ru.<\/p>\n<\/p><\/div>\n<\/p><\/div>\n<p><\/p>\n<div class=\"top-params\">\n<h3 class=\"product-h3 collapse-header \" data-toggle=\"collapse\" data-target=\"#collapseOne\" aria-expanded=\"true\" aria-controls=\"collapseOne\">Parametry<\/h3>\n<div id=\"collapseOne\" class=\"collapse show\" aria-labelledby=\"headingOne\" data-parent=\"#product-info-accordion1\">\n<table class=\"table-striped\">\n<tr>\n<td>                V\u00fd\u0161ka v mm            <\/td>\n<td>                1200            <\/td>\n<\/tr>\n<tr>\n<td>                \u0160\u00ed\u0159ka v mm            <\/td>\n<td>                60            <\/td>\n<\/tr>\n<tr>\n<td>                D\u00e9lka v mm            <\/td>\n<td>                900            <\/td>\n<\/tr>\n<tr>\n<td>                Ochrana IP            <\/td>\n<td>                IP20            <\/td>\n<\/tr>\n<tr>\n<td>                Max. p\u0159\u00edkon sv\u011bteln\u00e9ho zdroje            <\/td>\n<td>                40W            <\/td>\n<\/tr>\n<tr>\n<td>                V\u00fdkon            <\/td>\n<td>                200W            <\/td>\n<\/tr>\n<tr>\n<td>                Nap\u00e1jec\u00ed nap\u011bt\u00ed            <\/td>\n<td>                230V            <\/td>\n<\/tr>\n<tr>\n<td>                Patice            <\/td>\n<td>                E14            <\/td>\n<\/tr>\n<tr>\n<td>                V\u010detn\u011b sv\u011bteln\u00e9ho zdroje            <\/td>\n<td>                ne            <\/td>\n<\/tr>\n<tr>\n<td>                Materi\u00e1l            <\/td>\n<td>                kov \/ k\u0159i\u0161\u0165\u00e1l sklen\u011bn\u00fd            <\/td>\n<\/tr>\n<tr>\n<td>                Barva            <\/td>\n<td>                \u010dern\u00e1 matn\u00e1 \/ pr\u016fhledn\u00e1            <\/td>\n<\/tr>\n<tr>\n<td>                Kolekce            <\/td>\n<td>                KIRA I            <\/td>\n<\/tr>\n<tr>\n<td>                Po\u010det sv\u011bteln\u00fdch zdroj\u016f            <\/td>\n<td>                5            <\/td>\n<\/tr>\n<tr>\n<td>                V\u00fdrobce            <\/td>\n<td>                GLOBO            <\/td>\n<\/tr>\n<tr>\n<td>                U v\u00fdrobce dostupn\u00fdch            <\/td>\n<td>                30                    ks            <\/td>\n<\/tr>\n<\/table>\n<\/div><\/div>\n<\/div>\n<div class=\"accordion\" id=\"product-info-accordion2\">\n","protected":false},"excerpt":{"rendered":"<p>Popis produktu Z\u00e1v\u011bsn\u00e9 sv\u00edtidlo, kov \u010dern\u00fd, d\u0159evo hn\u011bd\u00e9, sklen\u011bn\u00e9 k\u0159i\u0161\u0165\u00e1ly, textiln\u00ed \u010dern\u00fd kabel, Dx\u0160xV: 90x6x120cm, bez \u017e\u00e1rovek 5xE14, max. 40W 230V D\u00edky sv\u00e9mu tvaru lze toto z\u00e1v\u011bsn\u00e9 sv\u00edtidlo ze s\u00e9rie Kira I \u00fa\u017easn\u011b um\u00edstit nad j\u00eddeln\u00ed st\u016fl. Sv\u00edtilna o d\u00e9lce 90cm se skl\u00e1d\u00e1 z hn\u011bd\u00e9 d\u0159ev\u011bn\u00e9 ty\u010de, kter\u00e1 vis\u00ed ze stropu na dvou kabelech s [&hellip;]<\/p>\n","protected":false},"featured_media":29618,"comment_status":"open","ping_status":"open","template":"","meta":[],"product_brand":[],"product_cat":[32],"product_tag":[],"class_list":{"0":"post-29518","1":"product","2":"type-product","3":"status-publish","4":"has-post-thumbnail","6":"product_cat-interierova-svitidla","8":"first","9":"instock","10":"sale","11":"shipping-taxable","12":"purchasable","13":"product-type-simple"},"yoast_head":"<!-- This site is optimized with the Yoast SEO plugin v26.8 - https:\/\/yoast.com\/product\/yoast-seo-wordpress\/ -->\n<title>Zlevn\u011bn\u00fd KIRA I 15532-5H Z\u00e1v\u011bsn\u00e9 sv\u00edtidlo - GLOBO -<\/title>\n<meta name=\"robots\" content=\"index, follow, max-snippet:-1, max-image-preview:large, max-video-preview:-1\" \/>\n<link rel=\"canonical\" href=\"https:\/\/www.oknobuild.com\/index.php\/produkt\/zlevneny-kira-i-15532-5h-zavesne-svitidlo-globo-29518\/\" \/>\n<meta property=\"og:locale\" content=\"cs_CZ\" \/>\n<meta property=\"og:type\" content=\"article\" \/>\n<meta property=\"og:title\" content=\"Zlevn\u011bn\u00fd KIRA I 15532-5H Z\u00e1v\u011bsn\u00e9 sv\u00edtidlo - GLOBO -\" \/>\n<meta property=\"og:description\" content=\"Popis produktu Z\u00e1v\u011bsn\u00e9 sv\u00edtidlo, kov \u010dern\u00fd, d\u0159evo hn\u011bd\u00e9, sklen\u011bn\u00e9 k\u0159i\u0161\u0165\u00e1ly, textiln\u00ed \u010dern\u00fd kabel, Dx\u0160xV: 90x6x120cm, bez \u017e\u00e1rovek 5xE14, max. 40W 230V D\u00edky sv\u00e9mu tvaru lze toto z\u00e1v\u011bsn\u00e9 sv\u00edtidlo ze s\u00e9rie Kira I \u00fa\u017easn\u011b um\u00edstit nad j\u00eddeln\u00ed st\u016fl. Sv\u00edtilna o d\u00e9lce 90cm se skl\u00e1d\u00e1 z hn\u011bd\u00e9 d\u0159ev\u011bn\u00e9 ty\u010de, kter\u00e1 vis\u00ed ze stropu na dvou kabelech s [&hellip;]\" \/>\n<meta property=\"og:url\" content=\"https:\/\/www.oknobuild.com\/index.php\/produkt\/zlevneny-kira-i-15532-5h-zavesne-svitidlo-globo-29518\/\" \/>\n<meta property=\"og:image\" content=\"https:\/\/www.oknobuild.com\/wp-content\/uploads\/2026\/SK0013560-CZ20260425-091535-0-1777079743-GLO-15532-5H.webp\" \/>\n\t<meta property=\"og:image:width\" content=\"800\" \/>\n\t<meta property=\"og:image:height\" content=\"800\" \/>\n\t<meta property=\"og:image:type\" content=\"image\/webp\" \/>\n<meta name=\"twitter:card\" content=\"summary_large_image\" \/>\n<meta name=\"twitter:label1\" content=\"Odhadovan\u00e1 doba \u010dten\u00ed\" \/>\n\t<meta name=\"twitter:data1\" content=\"1 minuta\" \/>\n<script type=\"application\/ld+json\" class=\"yoast-schema-graph\">{\"@context\":\"https:\/\/schema.org\",\"@graph\":[{\"@type\":\"WebPage\",\"@id\":\"https:\/\/www.oknobuild.com\/index.php\/produkt\/zlevneny-kira-i-15532-5h-zavesne-svitidlo-globo-29518\/\",\"url\":\"https:\/\/www.oknobuild.com\/index.php\/produkt\/zlevneny-kira-i-15532-5h-zavesne-svitidlo-globo-29518\/\",\"name\":\"Zlevn\u011bn\u00fd KIRA I 15532-5H Z\u00e1v\u011bsn\u00e9 sv\u00edtidlo - GLOBO -\",\"isPartOf\":{\"@id\":\"https:\/\/www.oknobuild.com\/#website\"},\"primaryImageOfPage\":{\"@id\":\"https:\/\/www.oknobuild.com\/index.php\/produkt\/zlevneny-kira-i-15532-5h-zavesne-svitidlo-globo-29518\/#primaryimage\"},\"image\":{\"@id\":\"https:\/\/www.oknobuild.com\/index.php\/produkt\/zlevneny-kira-i-15532-5h-zavesne-svitidlo-globo-29518\/#primaryimage\"},\"thumbnailUrl\":\"https:\/\/www.oknobuild.com\/wp-content\/uploads\/2026\/SK0013560-CZ20260425-091535-0-1777079743-GLO-15532-5H.webp\",\"datePublished\":\"2026-04-27T04:41:49+00:00\",\"breadcrumb\":{\"@id\":\"https:\/\/www.oknobuild.com\/index.php\/produkt\/zlevneny-kira-i-15532-5h-zavesne-svitidlo-globo-29518\/#breadcrumb\"},\"inLanguage\":\"cs\",\"potentialAction\":[{\"@type\":\"ReadAction\",\"target\":[\"https:\/\/www.oknobuild.com\/index.php\/produkt\/zlevneny-kira-i-15532-5h-zavesne-svitidlo-globo-29518\/\"]}]},{\"@type\":\"ImageObject\",\"inLanguage\":\"cs\",\"@id\":\"https:\/\/www.oknobuild.com\/index.php\/produkt\/zlevneny-kira-i-15532-5h-zavesne-svitidlo-globo-29518\/#primaryimage\",\"url\":\"https:\/\/www.oknobuild.com\/wp-content\/uploads\/2026\/SK0013560-CZ20260425-091535-0-1777079743-GLO-15532-5H.webp\",\"contentUrl\":\"https:\/\/www.oknobuild.com\/wp-content\/uploads\/2026\/SK0013560-CZ20260425-091535-0-1777079743-GLO-15532-5H.webp\",\"width\":800,\"height\":800},{\"@type\":\"BreadcrumbList\",\"@id\":\"https:\/\/www.oknobuild.com\/index.php\/produkt\/zlevneny-kira-i-15532-5h-zavesne-svitidlo-globo-29518\/#breadcrumb\",\"itemListElement\":[{\"@type\":\"ListItem\",\"position\":1,\"name\":\"Home\",\"item\":\"https:\/\/www.oknobuild.com\/\"},{\"@type\":\"ListItem\",\"position\":2,\"name\":\"Products\",\"item\":\"https:\/\/www.oknobuild.com\/index.php\/products\/\"},{\"@type\":\"ListItem\",\"position\":3,\"name\":\"Zlevn\u011bn\u00fd KIRA I 15532-5H Z\u00e1v\u011bsn\u00e9 sv\u00edtidlo &#8211; GLOBO\"}]},{\"@type\":\"WebSite\",\"@id\":\"https:\/\/www.oknobuild.com\/#website\",\"url\":\"https:\/\/www.oknobuild.com\/\",\"name\":\"\",\"description\":\"\",\"potentialAction\":[{\"@type\":\"SearchAction\",\"target\":{\"@type\":\"EntryPoint\",\"urlTemplate\":\"https:\/\/www.oknobuild.com\/?s={search_term_string}\"},\"query-input\":{\"@type\":\"PropertyValueSpecification\",\"valueRequired\":true,\"valueName\":\"search_term_string\"}}],\"inLanguage\":\"cs\"}]}<\/script>\n<!-- \/ Yoast SEO plugin. -->","yoast_head_json":{"title":"Zlevn\u011bn\u00fd KIRA I 15532-5H Z\u00e1v\u011bsn\u00e9 sv\u00edtidlo - GLOBO -","robots":{"index":"index","follow":"follow","max-snippet":"max-snippet:-1","max-image-preview":"max-image-preview:large","max-video-preview":"max-video-preview:-1"},"canonical":"https:\/\/www.oknobuild.com\/index.php\/produkt\/zlevneny-kira-i-15532-5h-zavesne-svitidlo-globo-29518\/","og_locale":"cs_CZ","og_type":"article","og_title":"Zlevn\u011bn\u00fd KIRA I 15532-5H Z\u00e1v\u011bsn\u00e9 sv\u00edtidlo - GLOBO -","og_description":"Popis produktu Z\u00e1v\u011bsn\u00e9 sv\u00edtidlo, kov \u010dern\u00fd, d\u0159evo hn\u011bd\u00e9, sklen\u011bn\u00e9 k\u0159i\u0161\u0165\u00e1ly, textiln\u00ed \u010dern\u00fd kabel, Dx\u0160xV: 90x6x120cm, bez \u017e\u00e1rovek 5xE14, max. 40W 230V D\u00edky sv\u00e9mu tvaru lze toto z\u00e1v\u011bsn\u00e9 sv\u00edtidlo ze s\u00e9rie Kira I \u00fa\u017easn\u011b um\u00edstit nad j\u00eddeln\u00ed st\u016fl. Sv\u00edtilna o d\u00e9lce 90cm se skl\u00e1d\u00e1 z hn\u011bd\u00e9 d\u0159ev\u011bn\u00e9 ty\u010de, kter\u00e1 vis\u00ed ze stropu na dvou kabelech s [&hellip;]","og_url":"https:\/\/www.oknobuild.com\/index.php\/produkt\/zlevneny-kira-i-15532-5h-zavesne-svitidlo-globo-29518\/","og_image":[{"width":800,"height":800,"url":"https:\/\/www.oknobuild.com\/wp-content\/uploads\/2026\/SK0013560-CZ20260425-091535-0-1777079743-GLO-15532-5H.webp","type":"image\/webp"}],"twitter_card":"summary_large_image","twitter_misc":{"Odhadovan\u00e1 doba \u010dten\u00ed":"1 minuta"},"schema":{"@context":"https:\/\/schema.org","@graph":[{"@type":"WebPage","@id":"https:\/\/www.oknobuild.com\/index.php\/produkt\/zlevneny-kira-i-15532-5h-zavesne-svitidlo-globo-29518\/","url":"https:\/\/www.oknobuild.com\/index.php\/produkt\/zlevneny-kira-i-15532-5h-zavesne-svitidlo-globo-29518\/","name":"Zlevn\u011bn\u00fd KIRA I 15532-5H Z\u00e1v\u011bsn\u00e9 sv\u00edtidlo - GLOBO -","isPartOf":{"@id":"https:\/\/www.oknobuild.com\/#website"},"primaryImageOfPage":{"@id":"https:\/\/www.oknobuild.com\/index.php\/produkt\/zlevneny-kira-i-15532-5h-zavesne-svitidlo-globo-29518\/#primaryimage"},"image":{"@id":"https:\/\/www.oknobuild.com\/index.php\/produkt\/zlevneny-kira-i-15532-5h-zavesne-svitidlo-globo-29518\/#primaryimage"},"thumbnailUrl":"https:\/\/www.oknobuild.com\/wp-content\/uploads\/2026\/SK0013560-CZ20260425-091535-0-1777079743-GLO-15532-5H.webp","datePublished":"2026-04-27T04:41:49+00:00","breadcrumb":{"@id":"https:\/\/www.oknobuild.com\/index.php\/produkt\/zlevneny-kira-i-15532-5h-zavesne-svitidlo-globo-29518\/#breadcrumb"},"inLanguage":"cs","potentialAction":[{"@type":"ReadAction","target":["https:\/\/www.oknobuild.com\/index.php\/produkt\/zlevneny-kira-i-15532-5h-zavesne-svitidlo-globo-29518\/"]}]},{"@type":"ImageObject","inLanguage":"cs","@id":"https:\/\/www.oknobuild.com\/index.php\/produkt\/zlevneny-kira-i-15532-5h-zavesne-svitidlo-globo-29518\/#primaryimage","url":"https:\/\/www.oknobuild.com\/wp-content\/uploads\/2026\/SK0013560-CZ20260425-091535-0-1777079743-GLO-15532-5H.webp","contentUrl":"https:\/\/www.oknobuild.com\/wp-content\/uploads\/2026\/SK0013560-CZ20260425-091535-0-1777079743-GLO-15532-5H.webp","width":800,"height":800},{"@type":"BreadcrumbList","@id":"https:\/\/www.oknobuild.com\/index.php\/produkt\/zlevneny-kira-i-15532-5h-zavesne-svitidlo-globo-29518\/#breadcrumb","itemListElement":[{"@type":"ListItem","position":1,"name":"Home","item":"https:\/\/www.oknobuild.com\/"},{"@type":"ListItem","position":2,"name":"Products","item":"https:\/\/www.oknobuild.com\/index.php\/products\/"},{"@type":"ListItem","position":3,"name":"Zlevn\u011bn\u00fd KIRA I 15532-5H Z\u00e1v\u011bsn\u00e9 sv\u00edtidlo &#8211; GLOBO"}]},{"@type":"WebSite","@id":"https:\/\/www.oknobuild.com\/#website","url":"https:\/\/www.oknobuild.com\/","name":"","description":"","potentialAction":[{"@type":"SearchAction","target":{"@type":"EntryPoint","urlTemplate":"https:\/\/www.oknobuild.com\/?s={search_term_string}"},"query-input":{"@type":"PropertyValueSpecification","valueRequired":true,"valueName":"search_term_string"}}],"inLanguage":"cs"}]}},"_links":{"self":[{"href":"https:\/\/www.oknobuild.com\/index.php\/wp-json\/wp\/v2\/product\/29518","targetHints":{"allow":["GET"]}}],"collection":[{"href":"https:\/\/www.oknobuild.com\/index.php\/wp-json\/wp\/v2\/product"}],"about":[{"href":"https:\/\/www.oknobuild.com\/index.php\/wp-json\/wp\/v2\/types\/product"}],"replies":[{"embeddable":true,"href":"https:\/\/www.oknobuild.com\/index.php\/wp-json\/wp\/v2\/comments?post=29518"}],"wp:featuredmedia":[{"embeddable":true,"href":"https:\/\/www.oknobuild.com\/index.php\/wp-json\/wp\/v2\/media\/29618"}],"wp:attachment":[{"href":"https:\/\/www.oknobuild.com\/index.php\/wp-json\/wp\/v2\/media?parent=29518"}],"wp:term":[{"taxonomy":"product_brand","embeddable":true,"href":"https:\/\/www.oknobuild.com\/index.php\/wp-json\/wp\/v2\/product_brand?post=29518"},{"taxonomy":"product_cat","embeddable":true,"href":"https:\/\/www.oknobuild.com\/index.php\/wp-json\/wp\/v2\/product_cat?post=29518"},{"taxonomy":"product_tag","embeddable":true,"href":"https:\/\/www.oknobuild.com\/index.php\/wp-json\/wp\/v2\/product_tag?post=29518"}],"curies":[{"name":"wp","href":"https:\/\/api.w.org\/{rel}","templated":true}]}}