{"id":29904,"date":"2026-04-27T04:41:50","date_gmt":"2026-04-27T04:41:50","guid":{"rendered":""},"modified":"2026-04-27T04:41:50","modified_gmt":"2026-04-27T04:41:50","slug":"akce-alcala-32063-2w-venkovni-svitidlo-globo-29904","status":"publish","type":"product","link":"https:\/\/www.oknobuild.com\/index.php\/produkt\/akce-alcala-32063-2w-venkovni-svitidlo-globo-29904\/","title":{"rendered":"Akce ALCALA 32063-2W Venkovn\u00ed sv\u00edtidlo &#8211; GLOBO"},"content":{"rendered":"<h3 class=\"product-h3\">Popis produktu<\/h3>\n<p><p>Venkovn\u00ed sv\u00edtidlo, hlin\u00edk b\u00edl\u00fd, sklo pr\u016fhledn\u00e9, sv\u00edt\u00ed naho\u0159e i dole, IP44, \u0160xV: 100&#215;165, AL: 130, bez \u017e\u00e1rovek 2xGX53, max. 11W 230V<\/p>\n<p>Modern\u00ed venkovn\u00ed sv\u011btlo ALCALA, vyroben\u00e9 z hlin\u00edku, kombinuje modernost a funk\u010dnost. Toto n\u00e1st\u011bnn\u00e9 sv\u00edtidlo v klasick\u00e9m b\u00edl\u00e9m stylu m\u016f\u017ee b\u00fdt vybaveno \u017e\u00e1rovkami dle va\u0161eho v\u00fdb\u011bru d\u00edky obj\u00edmce GX53 (max.11W). Z d\u016fvodu \u00faspory energie a dlouh\u00e9 \u017eivotnosti doporu\u010dujeme LED \u017e\u00e1rovky. Dal\u0161\u00ed funkc\u00ed venkovn\u00ed lampy je, \u017ee sv\u00edt\u00ed nahoru a dol\u016f. D\u00edky sv\u00e9mu stupni kryt\u00ed IP44 je toto sv\u00edtidlo p\u0159edur\u010deno pro venkovn\u00ed pou\u017eit\u00ed. Dal\u0161\u00ed sv\u00edtidla pro va\u0161i venkovn\u00ed plochu najdete ve stejn\u00e9 produktov\u00e9 \u0159ad\u011b.<\/p>\n<\/p><\/div>\n<\/p><\/div>\n<p><\/p>\n<div class=\"top-params\">\n<h3 class=\"product-h3 collapse-header \" data-toggle=\"collapse\" data-target=\"#collapseOne\" aria-expanded=\"true\" aria-controls=\"collapseOne\">Parametry<\/h3>\n<div id=\"collapseOne\" class=\"collapse show\" aria-labelledby=\"headingOne\" data-parent=\"#product-info-accordion1\">\n<table class=\"table-striped\">\n<tr>\n<td>                V\u00fd\u0161ka v mm            <\/td>\n<td>                165            <\/td>\n<\/tr>\n<tr>\n<td>                \u0160\u00ed\u0159ka v mm            <\/td>\n<td>                100            <\/td>\n<\/tr>\n<tr>\n<td>                Ochrana IP            <\/td>\n<td>                IP44            <\/td>\n<\/tr>\n<tr>\n<td>                Max. p\u0159\u00edkon sv\u011bteln\u00e9ho zdroje            <\/td>\n<td>                11W            <\/td>\n<\/tr>\n<tr>\n<td>                V\u00fdkon            <\/td>\n<td>                22W            <\/td>\n<\/tr>\n<tr>\n<td>                Nap\u00e1jec\u00ed nap\u011bt\u00ed            <\/td>\n<td>                230V            <\/td>\n<\/tr>\n<tr>\n<td>                Patice            <\/td>\n<td>                GX53            <\/td>\n<\/tr>\n<tr>\n<td>                V\u010detn\u011b sv\u011bteln\u00e9ho zdroje            <\/td>\n<td>                ne            <\/td>\n<\/tr>\n<tr>\n<td>                Materi\u00e1l            <\/td>\n<td>                hlin\u00edk \/ sklo            <\/td>\n<\/tr>\n<tr>\n<td>                Barva            <\/td>\n<td>                b\u00edl\u00e1 \/ pr\u016fhledn\u00e1            <\/td>\n<\/tr>\n<tr>\n<td>                Kolekce            <\/td>\n<td>                ALCALA            <\/td>\n<\/tr>\n<tr>\n<td>                Po\u010det sv\u011bteln\u00fdch zdroj\u016f            <\/td>\n<td>                2            <\/td>\n<\/tr>\n<tr>\n<td>                V\u00fdrobce            <\/td>\n<td>                GLOBO            <\/td>\n<\/tr>\n<tr>\n<td>                U v\u00fdrobce dostupn\u00fdch            <\/td>\n<td>                6                    ks            <\/td>\n<\/tr>\n<\/table>\n<\/div><\/div>\n<\/div>\n<div class=\"accordion\" id=\"product-info-accordion2\">\n","protected":false},"excerpt":{"rendered":"<p>Popis produktu Venkovn\u00ed sv\u00edtidlo, hlin\u00edk b\u00edl\u00fd, sklo pr\u016fhledn\u00e9, sv\u00edt\u00ed naho\u0159e i dole, IP44, \u0160xV: 100&#215;165, AL: 130, bez \u017e\u00e1rovek 2xGX53, max. 11W 230V Modern\u00ed venkovn\u00ed sv\u011btlo ALCALA, vyroben\u00e9 z hlin\u00edku, kombinuje modernost a funk\u010dnost. Toto n\u00e1st\u011bnn\u00e9 sv\u00edtidlo v klasick\u00e9m b\u00edl\u00e9m stylu m\u016f\u017ee b\u00fdt vybaveno \u017e\u00e1rovkami dle va\u0161eho v\u00fdb\u011bru d\u00edky obj\u00edmce GX53 (max.11W). Z d\u016fvodu \u00faspory [&hellip;]<\/p>\n","protected":false},"featured_media":30004,"comment_status":"open","ping_status":"open","template":"","meta":[],"product_brand":[],"product_cat":[37],"product_tag":[],"class_list":{"0":"post-29904","1":"product","2":"type-product","3":"status-publish","4":"has-post-thumbnail","6":"product_cat-venkovni-svitidla","8":"first","9":"instock","10":"sale","11":"shipping-taxable","12":"purchasable","13":"product-type-simple"},"yoast_head":"<!-- This site is optimized with the Yoast SEO plugin v26.8 - https:\/\/yoast.com\/product\/yoast-seo-wordpress\/ -->\n<title>Akce ALCALA 32063-2W Venkovn\u00ed sv\u00edtidlo - GLOBO -<\/title>\n<meta name=\"robots\" content=\"index, follow, max-snippet:-1, max-image-preview:large, max-video-preview:-1\" \/>\n<link rel=\"canonical\" href=\"https:\/\/www.oknobuild.com\/index.php\/produkt\/akce-alcala-32063-2w-venkovni-svitidlo-globo-29904\/\" \/>\n<meta property=\"og:locale\" content=\"cs_CZ\" \/>\n<meta property=\"og:type\" content=\"article\" \/>\n<meta property=\"og:title\" content=\"Akce ALCALA 32063-2W Venkovn\u00ed sv\u00edtidlo - GLOBO -\" \/>\n<meta property=\"og:description\" content=\"Popis produktu Venkovn\u00ed sv\u00edtidlo, hlin\u00edk b\u00edl\u00fd, sklo pr\u016fhledn\u00e9, sv\u00edt\u00ed naho\u0159e i dole, IP44, \u0160xV: 100&#215;165, AL: 130, bez \u017e\u00e1rovek 2xGX53, max. 11W 230V Modern\u00ed venkovn\u00ed sv\u011btlo ALCALA, vyroben\u00e9 z hlin\u00edku, kombinuje modernost a funk\u010dnost. Toto n\u00e1st\u011bnn\u00e9 sv\u00edtidlo v klasick\u00e9m b\u00edl\u00e9m stylu m\u016f\u017ee b\u00fdt vybaveno \u017e\u00e1rovkami dle va\u0161eho v\u00fdb\u011bru d\u00edky obj\u00edmce GX53 (max.11W). Z d\u016fvodu \u00faspory [&hellip;]\" \/>\n<meta property=\"og:url\" content=\"https:\/\/www.oknobuild.com\/index.php\/produkt\/akce-alcala-32063-2w-venkovni-svitidlo-globo-29904\/\" \/>\n<meta property=\"og:image\" content=\"https:\/\/www.oknobuild.com\/wp-content\/uploads\/2026\/SK0013746-CZ20260425-091535-0-1777079743-GLO-32063-2W.webp\" \/>\n\t<meta property=\"og:image:width\" content=\"800\" \/>\n\t<meta property=\"og:image:height\" content=\"800\" \/>\n\t<meta property=\"og:image:type\" content=\"image\/webp\" \/>\n<meta name=\"twitter:card\" content=\"summary_large_image\" \/>\n<meta name=\"twitter:label1\" content=\"Odhadovan\u00e1 doba \u010dten\u00ed\" \/>\n\t<meta name=\"twitter:data1\" content=\"1 minuta\" \/>\n<script type=\"application\/ld+json\" class=\"yoast-schema-graph\">{\"@context\":\"https:\/\/schema.org\",\"@graph\":[{\"@type\":\"WebPage\",\"@id\":\"https:\/\/www.oknobuild.com\/index.php\/produkt\/akce-alcala-32063-2w-venkovni-svitidlo-globo-29904\/\",\"url\":\"https:\/\/www.oknobuild.com\/index.php\/produkt\/akce-alcala-32063-2w-venkovni-svitidlo-globo-29904\/\",\"name\":\"Akce ALCALA 32063-2W Venkovn\u00ed sv\u00edtidlo - GLOBO -\",\"isPartOf\":{\"@id\":\"https:\/\/www.oknobuild.com\/#website\"},\"primaryImageOfPage\":{\"@id\":\"https:\/\/www.oknobuild.com\/index.php\/produkt\/akce-alcala-32063-2w-venkovni-svitidlo-globo-29904\/#primaryimage\"},\"image\":{\"@id\":\"https:\/\/www.oknobuild.com\/index.php\/produkt\/akce-alcala-32063-2w-venkovni-svitidlo-globo-29904\/#primaryimage\"},\"thumbnailUrl\":\"https:\/\/www.oknobuild.com\/wp-content\/uploads\/2026\/SK0013746-CZ20260425-091535-0-1777079743-GLO-32063-2W.webp\",\"datePublished\":\"2026-04-27T04:41:50+00:00\",\"breadcrumb\":{\"@id\":\"https:\/\/www.oknobuild.com\/index.php\/produkt\/akce-alcala-32063-2w-venkovni-svitidlo-globo-29904\/#breadcrumb\"},\"inLanguage\":\"cs\",\"potentialAction\":[{\"@type\":\"ReadAction\",\"target\":[\"https:\/\/www.oknobuild.com\/index.php\/produkt\/akce-alcala-32063-2w-venkovni-svitidlo-globo-29904\/\"]}]},{\"@type\":\"ImageObject\",\"inLanguage\":\"cs\",\"@id\":\"https:\/\/www.oknobuild.com\/index.php\/produkt\/akce-alcala-32063-2w-venkovni-svitidlo-globo-29904\/#primaryimage\",\"url\":\"https:\/\/www.oknobuild.com\/wp-content\/uploads\/2026\/SK0013746-CZ20260425-091535-0-1777079743-GLO-32063-2W.webp\",\"contentUrl\":\"https:\/\/www.oknobuild.com\/wp-content\/uploads\/2026\/SK0013746-CZ20260425-091535-0-1777079743-GLO-32063-2W.webp\",\"width\":800,\"height\":800},{\"@type\":\"BreadcrumbList\",\"@id\":\"https:\/\/www.oknobuild.com\/index.php\/produkt\/akce-alcala-32063-2w-venkovni-svitidlo-globo-29904\/#breadcrumb\",\"itemListElement\":[{\"@type\":\"ListItem\",\"position\":1,\"name\":\"Home\",\"item\":\"https:\/\/www.oknobuild.com\/\"},{\"@type\":\"ListItem\",\"position\":2,\"name\":\"Products\",\"item\":\"https:\/\/www.oknobuild.com\/index.php\/products\/\"},{\"@type\":\"ListItem\",\"position\":3,\"name\":\"Akce ALCALA 32063-2W Venkovn\u00ed sv\u00edtidlo &#8211; GLOBO\"}]},{\"@type\":\"WebSite\",\"@id\":\"https:\/\/www.oknobuild.com\/#website\",\"url\":\"https:\/\/www.oknobuild.com\/\",\"name\":\"\",\"description\":\"\",\"potentialAction\":[{\"@type\":\"SearchAction\",\"target\":{\"@type\":\"EntryPoint\",\"urlTemplate\":\"https:\/\/www.oknobuild.com\/?s={search_term_string}\"},\"query-input\":{\"@type\":\"PropertyValueSpecification\",\"valueRequired\":true,\"valueName\":\"search_term_string\"}}],\"inLanguage\":\"cs\"}]}<\/script>\n<!-- \/ Yoast SEO plugin. -->","yoast_head_json":{"title":"Akce ALCALA 32063-2W Venkovn\u00ed sv\u00edtidlo - GLOBO -","robots":{"index":"index","follow":"follow","max-snippet":"max-snippet:-1","max-image-preview":"max-image-preview:large","max-video-preview":"max-video-preview:-1"},"canonical":"https:\/\/www.oknobuild.com\/index.php\/produkt\/akce-alcala-32063-2w-venkovni-svitidlo-globo-29904\/","og_locale":"cs_CZ","og_type":"article","og_title":"Akce ALCALA 32063-2W Venkovn\u00ed sv\u00edtidlo - GLOBO -","og_description":"Popis produktu Venkovn\u00ed sv\u00edtidlo, hlin\u00edk b\u00edl\u00fd, sklo pr\u016fhledn\u00e9, sv\u00edt\u00ed naho\u0159e i dole, IP44, \u0160xV: 100&#215;165, AL: 130, bez \u017e\u00e1rovek 2xGX53, max. 11W 230V Modern\u00ed venkovn\u00ed sv\u011btlo ALCALA, vyroben\u00e9 z hlin\u00edku, kombinuje modernost a funk\u010dnost. Toto n\u00e1st\u011bnn\u00e9 sv\u00edtidlo v klasick\u00e9m b\u00edl\u00e9m stylu m\u016f\u017ee b\u00fdt vybaveno \u017e\u00e1rovkami dle va\u0161eho v\u00fdb\u011bru d\u00edky obj\u00edmce GX53 (max.11W). Z d\u016fvodu \u00faspory [&hellip;]","og_url":"https:\/\/www.oknobuild.com\/index.php\/produkt\/akce-alcala-32063-2w-venkovni-svitidlo-globo-29904\/","og_image":[{"width":800,"height":800,"url":"https:\/\/www.oknobuild.com\/wp-content\/uploads\/2026\/SK0013746-CZ20260425-091535-0-1777079743-GLO-32063-2W.webp","type":"image\/webp"}],"twitter_card":"summary_large_image","twitter_misc":{"Odhadovan\u00e1 doba \u010dten\u00ed":"1 minuta"},"schema":{"@context":"https:\/\/schema.org","@graph":[{"@type":"WebPage","@id":"https:\/\/www.oknobuild.com\/index.php\/produkt\/akce-alcala-32063-2w-venkovni-svitidlo-globo-29904\/","url":"https:\/\/www.oknobuild.com\/index.php\/produkt\/akce-alcala-32063-2w-venkovni-svitidlo-globo-29904\/","name":"Akce ALCALA 32063-2W Venkovn\u00ed sv\u00edtidlo - GLOBO -","isPartOf":{"@id":"https:\/\/www.oknobuild.com\/#website"},"primaryImageOfPage":{"@id":"https:\/\/www.oknobuild.com\/index.php\/produkt\/akce-alcala-32063-2w-venkovni-svitidlo-globo-29904\/#primaryimage"},"image":{"@id":"https:\/\/www.oknobuild.com\/index.php\/produkt\/akce-alcala-32063-2w-venkovni-svitidlo-globo-29904\/#primaryimage"},"thumbnailUrl":"https:\/\/www.oknobuild.com\/wp-content\/uploads\/2026\/SK0013746-CZ20260425-091535-0-1777079743-GLO-32063-2W.webp","datePublished":"2026-04-27T04:41:50+00:00","breadcrumb":{"@id":"https:\/\/www.oknobuild.com\/index.php\/produkt\/akce-alcala-32063-2w-venkovni-svitidlo-globo-29904\/#breadcrumb"},"inLanguage":"cs","potentialAction":[{"@type":"ReadAction","target":["https:\/\/www.oknobuild.com\/index.php\/produkt\/akce-alcala-32063-2w-venkovni-svitidlo-globo-29904\/"]}]},{"@type":"ImageObject","inLanguage":"cs","@id":"https:\/\/www.oknobuild.com\/index.php\/produkt\/akce-alcala-32063-2w-venkovni-svitidlo-globo-29904\/#primaryimage","url":"https:\/\/www.oknobuild.com\/wp-content\/uploads\/2026\/SK0013746-CZ20260425-091535-0-1777079743-GLO-32063-2W.webp","contentUrl":"https:\/\/www.oknobuild.com\/wp-content\/uploads\/2026\/SK0013746-CZ20260425-091535-0-1777079743-GLO-32063-2W.webp","width":800,"height":800},{"@type":"BreadcrumbList","@id":"https:\/\/www.oknobuild.com\/index.php\/produkt\/akce-alcala-32063-2w-venkovni-svitidlo-globo-29904\/#breadcrumb","itemListElement":[{"@type":"ListItem","position":1,"name":"Home","item":"https:\/\/www.oknobuild.com\/"},{"@type":"ListItem","position":2,"name":"Products","item":"https:\/\/www.oknobuild.com\/index.php\/products\/"},{"@type":"ListItem","position":3,"name":"Akce ALCALA 32063-2W Venkovn\u00ed sv\u00edtidlo &#8211; GLOBO"}]},{"@type":"WebSite","@id":"https:\/\/www.oknobuild.com\/#website","url":"https:\/\/www.oknobuild.com\/","name":"","description":"","potentialAction":[{"@type":"SearchAction","target":{"@type":"EntryPoint","urlTemplate":"https:\/\/www.oknobuild.com\/?s={search_term_string}"},"query-input":{"@type":"PropertyValueSpecification","valueRequired":true,"valueName":"search_term_string"}}],"inLanguage":"cs"}]}},"_links":{"self":[{"href":"https:\/\/www.oknobuild.com\/index.php\/wp-json\/wp\/v2\/product\/29904","targetHints":{"allow":["GET"]}}],"collection":[{"href":"https:\/\/www.oknobuild.com\/index.php\/wp-json\/wp\/v2\/product"}],"about":[{"href":"https:\/\/www.oknobuild.com\/index.php\/wp-json\/wp\/v2\/types\/product"}],"replies":[{"embeddable":true,"href":"https:\/\/www.oknobuild.com\/index.php\/wp-json\/wp\/v2\/comments?post=29904"}],"wp:featuredmedia":[{"embeddable":true,"href":"https:\/\/www.oknobuild.com\/index.php\/wp-json\/wp\/v2\/media\/30004"}],"wp:attachment":[{"href":"https:\/\/www.oknobuild.com\/index.php\/wp-json\/wp\/v2\/media?parent=29904"}],"wp:term":[{"taxonomy":"product_brand","embeddable":true,"href":"https:\/\/www.oknobuild.com\/index.php\/wp-json\/wp\/v2\/product_brand?post=29904"},{"taxonomy":"product_cat","embeddable":true,"href":"https:\/\/www.oknobuild.com\/index.php\/wp-json\/wp\/v2\/product_cat?post=29904"},{"taxonomy":"product_tag","embeddable":true,"href":"https:\/\/www.oknobuild.com\/index.php\/wp-json\/wp\/v2\/product_tag?post=29904"}],"curies":[{"name":"wp","href":"https:\/\/api.w.org\/{rel}","templated":true}]}}