{"id":30137,"date":"2026-04-27T04:41:51","date_gmt":"2026-04-27T04:41:51","guid":{"rendered":""},"modified":"2026-04-27T04:41:51","modified_gmt":"2026-04-27T04:41:51","slug":"akce-ukoncena-vyroba-jolli-41758-30-stropni-svitidlo-globo-30137","status":"publish","type":"product","link":"https:\/\/www.oknobuild.com\/index.php\/produkt\/akce-ukoncena-vyroba-jolli-41758-30-stropni-svitidlo-globo-30137\/","title":{"rendered":"Akce UKON\u010cENA V\u00ddROBA JOLLI 41758-30 Stropn\u00ed sv\u00edtidlo &#8211; GLOBO"},"content":{"rendered":"<h3 class=\"product-h3\">Popis produktu<\/h3>\n<p><p>Stropn\u00ed sv\u00edtidlo, kov b\u00edl\u00fd, kov imitace d\u0159eva, plast op\u00e1l, pam\u011b\u0165ov\u00e1 funkce, no\u010dn\u00ed sv\u011btlo, stm\u00edvateln\u00e9, d\u00e1lkov\u00e9 ovl\u00e1d\u00e1n\u00ed, fixace barvy, v\u010detn\u011b 2xAAA, \u00d8400, V: 100, LED 30W 230V, 2900lm zdroj, 1800lm v\u00fdstup, zm\u011bna barvy sv\u011btla 2700 -6000K<\/p>\n<p>Toto kulat\u00e9 stropn\u00ed sv\u00edtidlo ze s\u00e9rie Jolli \u00d840cm je n\u00e1dhern\u00fdm dopl\u0148kem va\u0161eho interi\u00e9ru. Skl\u00e1d\u00e1 se z \u010dern\u00e9 kovov\u00e9 desky, kolem kter\u00e9 je upevn\u011bn kovov\u00fd prsten s d\u0159ev\u011bn\u00fdm vzhledem. Prostor mezi nimi je opat\u0159en op\u00e1lov\u00fdm plastem, kter\u00fd pokr\u00fdv\u00e1 vestavn\u00e9 LED diody, kter\u00e9 poskytuj\u00ed 1800lumen\u016f sv\u011btla. Pomoc\u00ed dod\u00e1van\u00e9ho d\u00e1lkov\u00e9ho ovlada\u010de m\u016f\u017eete nejen ztlumit sv\u00edtidlo, ale tak\u00e9 individu\u00e1ln\u011b nastavit barvu sv\u011btla v n\u011bkolika kroc\u00edch mezi 2700-6000K a tak\u00e9 m\u00edt funkci no\u010dn\u00edho osv\u011btlen\u00ed. S dal\u0161\u00edmi modely ze stejn\u00e9 s\u00e9rie m\u016f\u017eete dokon\u010dit celkov\u00fd obraz va\u0161eho interi\u00e9ru a vytvo\u0159it stylov\u00e9 prost\u0159ed\u00ed.<\/p>\n<\/p><\/div>\n<\/p><\/div>\n<p><\/p>\n<div class=\"top-params\">\n<h3 class=\"product-h3 collapse-header \" data-toggle=\"collapse\" data-target=\"#collapseOne\" aria-expanded=\"true\" aria-controls=\"collapseOne\">Parametry<\/h3>\n<div id=\"collapseOne\" class=\"collapse show\" aria-labelledby=\"headingOne\" data-parent=\"#product-info-accordion1\">\n<table class=\"table-striped\">\n<tr>\n<td>                V\u00fd\u0161ka v mm            <\/td>\n<td>                100            <\/td>\n<\/tr>\n<tr>\n<td>                D\u00e1lkov\u00e9 ovl\u00e1d\u00e1n\u00ed            <\/td>\n<td>                ano            <\/td>\n<\/tr>\n<tr>\n<td>                Stm\u00edvateln\u00e9            <\/td>\n<td>                ano            <\/td>\n<\/tr>\n<tr>\n<td>                Pr\u016fm\u011br v mm            <\/td>\n<td>                400            <\/td>\n<\/tr>\n<tr>\n<td>                Ochrana IP            <\/td>\n<td>                IP20            <\/td>\n<\/tr>\n<tr>\n<td>                Sv\u011bteln\u00fd tok            <\/td>\n<td>                1800lm            <\/td>\n<\/tr>\n<tr>\n<td>                Teplota barvy sv\u011btla            <\/td>\n<td>                6000K            <\/td>\n<\/tr>\n<tr>\n<td>                Max. p\u0159\u00edkon sv\u011bteln\u00e9ho zdroje            <\/td>\n<td>                30W            <\/td>\n<\/tr>\n<tr>\n<td>                V\u00fdkon            <\/td>\n<td>                30W            <\/td>\n<\/tr>\n<tr>\n<td>                Nap\u00e1jec\u00ed nap\u011bt\u00ed            <\/td>\n<td>                230V            <\/td>\n<\/tr>\n<tr>\n<td>                Patice            <\/td>\n<td>                LED            <\/td>\n<\/tr>\n<tr>\n<td>                V\u010detn\u011b sv\u011bteln\u00e9ho zdroje            <\/td>\n<td>                ano            <\/td>\n<\/tr>\n<tr>\n<td>                Materi\u00e1l            <\/td>\n<td>                kov \/ plast            <\/td>\n<\/tr>\n<tr>\n<td>                Barva            <\/td>\n<td>                imitace d\u0159eva \/ op\u00e1l            <\/td>\n<\/tr>\n<tr>\n<td>                Kolekce            <\/td>\n<td>                JOLLI            <\/td>\n<\/tr>\n<tr>\n<td>                Po\u010det sv\u011bteln\u00fdch zdroj\u016f            <\/td>\n<td>                1            <\/td>\n<\/tr>\n<tr>\n<td>                V\u00fdrobce            <\/td>\n<td>                GLOBO            <\/td>\n<\/tr>\n<tr>\n<td>                U v\u00fdrobce dostupn\u00fdch            <\/td>\n<td>                0                    ks            <\/td>\n<\/tr>\n<\/table>\n<\/div><\/div>\n<\/div>\n<div class=\"accordion\" id=\"product-info-accordion2\">\n","protected":false},"excerpt":{"rendered":"<p>Popis produktu Stropn\u00ed sv\u00edtidlo, kov b\u00edl\u00fd, kov imitace d\u0159eva, plast op\u00e1l, pam\u011b\u0165ov\u00e1 funkce, no\u010dn\u00ed sv\u011btlo, stm\u00edvateln\u00e9, d\u00e1lkov\u00e9 ovl\u00e1d\u00e1n\u00ed, fixace barvy, v\u010detn\u011b 2xAAA, \u00d8400, V: 100, LED 30W 230V, 2900lm zdroj, 1800lm v\u00fdstup, zm\u011bna barvy sv\u011btla 2700 -6000K Toto kulat\u00e9 stropn\u00ed sv\u00edtidlo ze s\u00e9rie Jolli \u00d840cm je n\u00e1dhern\u00fdm dopl\u0148kem va\u0161eho interi\u00e9ru. Skl\u00e1d\u00e1 se z \u010dern\u00e9 kovov\u00e9 [&hellip;]<\/p>\n","protected":false},"featured_media":30237,"comment_status":"open","ping_status":"open","template":"","meta":[],"product_brand":[],"product_cat":[32],"product_tag":[],"class_list":{"0":"post-30137","1":"product","2":"type-product","3":"status-publish","4":"has-post-thumbnail","6":"product_cat-interierova-svitidla","8":"first","9":"instock","10":"sale","11":"shipping-taxable","12":"purchasable","13":"product-type-simple"},"yoast_head":"<!-- This site is optimized with the Yoast SEO plugin v26.8 - https:\/\/yoast.com\/product\/yoast-seo-wordpress\/ -->\n<title>Akce UKON\u010cENA V\u00ddROBA JOLLI 41758-30 Stropn\u00ed sv\u00edtidlo - GLOBO -<\/title>\n<meta name=\"robots\" content=\"index, follow, max-snippet:-1, max-image-preview:large, max-video-preview:-1\" \/>\n<link rel=\"canonical\" href=\"https:\/\/www.oknobuild.com\/index.php\/produkt\/akce-ukoncena-vyroba-jolli-41758-30-stropni-svitidlo-globo-30137\/\" \/>\n<meta property=\"og:locale\" content=\"cs_CZ\" \/>\n<meta property=\"og:type\" content=\"article\" \/>\n<meta property=\"og:title\" content=\"Akce UKON\u010cENA V\u00ddROBA JOLLI 41758-30 Stropn\u00ed sv\u00edtidlo - GLOBO -\" \/>\n<meta property=\"og:description\" content=\"Popis produktu Stropn\u00ed sv\u00edtidlo, kov b\u00edl\u00fd, kov imitace d\u0159eva, plast op\u00e1l, pam\u011b\u0165ov\u00e1 funkce, no\u010dn\u00ed sv\u011btlo, stm\u00edvateln\u00e9, d\u00e1lkov\u00e9 ovl\u00e1d\u00e1n\u00ed, fixace barvy, v\u010detn\u011b 2xAAA, \u00d8400, V: 100, LED 30W 230V, 2900lm zdroj, 1800lm v\u00fdstup, zm\u011bna barvy sv\u011btla 2700 -6000K Toto kulat\u00e9 stropn\u00ed sv\u00edtidlo ze s\u00e9rie Jolli \u00d840cm je n\u00e1dhern\u00fdm dopl\u0148kem va\u0161eho interi\u00e9ru. Skl\u00e1d\u00e1 se z \u010dern\u00e9 kovov\u00e9 [&hellip;]\" \/>\n<meta property=\"og:url\" content=\"https:\/\/www.oknobuild.com\/index.php\/produkt\/akce-ukoncena-vyroba-jolli-41758-30-stropni-svitidlo-globo-30137\/\" \/>\n<meta property=\"og:image\" content=\"https:\/\/www.oknobuild.com\/wp-content\/uploads\/2026\/SK0013879-CZ20260425-091535-0-1777079743-GLO-41758-30.webp\" \/>\n\t<meta property=\"og:image:width\" content=\"800\" \/>\n\t<meta property=\"og:image:height\" content=\"800\" \/>\n\t<meta property=\"og:image:type\" content=\"image\/webp\" \/>\n<meta name=\"twitter:card\" content=\"summary_large_image\" \/>\n<meta name=\"twitter:label1\" content=\"Odhadovan\u00e1 doba \u010dten\u00ed\" \/>\n\t<meta name=\"twitter:data1\" content=\"1 minuta\" \/>\n<script type=\"application\/ld+json\" class=\"yoast-schema-graph\">{\"@context\":\"https:\/\/schema.org\",\"@graph\":[{\"@type\":\"WebPage\",\"@id\":\"https:\/\/www.oknobuild.com\/index.php\/produkt\/akce-ukoncena-vyroba-jolli-41758-30-stropni-svitidlo-globo-30137\/\",\"url\":\"https:\/\/www.oknobuild.com\/index.php\/produkt\/akce-ukoncena-vyroba-jolli-41758-30-stropni-svitidlo-globo-30137\/\",\"name\":\"Akce UKON\u010cENA V\u00ddROBA JOLLI 41758-30 Stropn\u00ed sv\u00edtidlo - GLOBO -\",\"isPartOf\":{\"@id\":\"https:\/\/www.oknobuild.com\/#website\"},\"primaryImageOfPage\":{\"@id\":\"https:\/\/www.oknobuild.com\/index.php\/produkt\/akce-ukoncena-vyroba-jolli-41758-30-stropni-svitidlo-globo-30137\/#primaryimage\"},\"image\":{\"@id\":\"https:\/\/www.oknobuild.com\/index.php\/produkt\/akce-ukoncena-vyroba-jolli-41758-30-stropni-svitidlo-globo-30137\/#primaryimage\"},\"thumbnailUrl\":\"https:\/\/www.oknobuild.com\/wp-content\/uploads\/2026\/SK0013879-CZ20260425-091535-0-1777079743-GLO-41758-30.webp\",\"datePublished\":\"2026-04-27T04:41:51+00:00\",\"breadcrumb\":{\"@id\":\"https:\/\/www.oknobuild.com\/index.php\/produkt\/akce-ukoncena-vyroba-jolli-41758-30-stropni-svitidlo-globo-30137\/#breadcrumb\"},\"inLanguage\":\"cs\",\"potentialAction\":[{\"@type\":\"ReadAction\",\"target\":[\"https:\/\/www.oknobuild.com\/index.php\/produkt\/akce-ukoncena-vyroba-jolli-41758-30-stropni-svitidlo-globo-30137\/\"]}]},{\"@type\":\"ImageObject\",\"inLanguage\":\"cs\",\"@id\":\"https:\/\/www.oknobuild.com\/index.php\/produkt\/akce-ukoncena-vyroba-jolli-41758-30-stropni-svitidlo-globo-30137\/#primaryimage\",\"url\":\"https:\/\/www.oknobuild.com\/wp-content\/uploads\/2026\/SK0013879-CZ20260425-091535-0-1777079743-GLO-41758-30.webp\",\"contentUrl\":\"https:\/\/www.oknobuild.com\/wp-content\/uploads\/2026\/SK0013879-CZ20260425-091535-0-1777079743-GLO-41758-30.webp\",\"width\":800,\"height\":800},{\"@type\":\"BreadcrumbList\",\"@id\":\"https:\/\/www.oknobuild.com\/index.php\/produkt\/akce-ukoncena-vyroba-jolli-41758-30-stropni-svitidlo-globo-30137\/#breadcrumb\",\"itemListElement\":[{\"@type\":\"ListItem\",\"position\":1,\"name\":\"Home\",\"item\":\"https:\/\/www.oknobuild.com\/\"},{\"@type\":\"ListItem\",\"position\":2,\"name\":\"Products\",\"item\":\"https:\/\/www.oknobuild.com\/index.php\/products\/\"},{\"@type\":\"ListItem\",\"position\":3,\"name\":\"Akce UKON\u010cENA V\u00ddROBA JOLLI 41758-30 Stropn\u00ed sv\u00edtidlo &#8211; GLOBO\"}]},{\"@type\":\"WebSite\",\"@id\":\"https:\/\/www.oknobuild.com\/#website\",\"url\":\"https:\/\/www.oknobuild.com\/\",\"name\":\"\",\"description\":\"\",\"potentialAction\":[{\"@type\":\"SearchAction\",\"target\":{\"@type\":\"EntryPoint\",\"urlTemplate\":\"https:\/\/www.oknobuild.com\/?s={search_term_string}\"},\"query-input\":{\"@type\":\"PropertyValueSpecification\",\"valueRequired\":true,\"valueName\":\"search_term_string\"}}],\"inLanguage\":\"cs\"}]}<\/script>\n<!-- \/ Yoast SEO plugin. -->","yoast_head_json":{"title":"Akce UKON\u010cENA V\u00ddROBA JOLLI 41758-30 Stropn\u00ed sv\u00edtidlo - GLOBO -","robots":{"index":"index","follow":"follow","max-snippet":"max-snippet:-1","max-image-preview":"max-image-preview:large","max-video-preview":"max-video-preview:-1"},"canonical":"https:\/\/www.oknobuild.com\/index.php\/produkt\/akce-ukoncena-vyroba-jolli-41758-30-stropni-svitidlo-globo-30137\/","og_locale":"cs_CZ","og_type":"article","og_title":"Akce UKON\u010cENA V\u00ddROBA JOLLI 41758-30 Stropn\u00ed sv\u00edtidlo - GLOBO -","og_description":"Popis produktu Stropn\u00ed sv\u00edtidlo, kov b\u00edl\u00fd, kov imitace d\u0159eva, plast op\u00e1l, pam\u011b\u0165ov\u00e1 funkce, no\u010dn\u00ed sv\u011btlo, stm\u00edvateln\u00e9, d\u00e1lkov\u00e9 ovl\u00e1d\u00e1n\u00ed, fixace barvy, v\u010detn\u011b 2xAAA, \u00d8400, V: 100, LED 30W 230V, 2900lm zdroj, 1800lm v\u00fdstup, zm\u011bna barvy sv\u011btla 2700 -6000K Toto kulat\u00e9 stropn\u00ed sv\u00edtidlo ze s\u00e9rie Jolli \u00d840cm je n\u00e1dhern\u00fdm dopl\u0148kem va\u0161eho interi\u00e9ru. Skl\u00e1d\u00e1 se z \u010dern\u00e9 kovov\u00e9 [&hellip;]","og_url":"https:\/\/www.oknobuild.com\/index.php\/produkt\/akce-ukoncena-vyroba-jolli-41758-30-stropni-svitidlo-globo-30137\/","og_image":[{"width":800,"height":800,"url":"https:\/\/www.oknobuild.com\/wp-content\/uploads\/2026\/SK0013879-CZ20260425-091535-0-1777079743-GLO-41758-30.webp","type":"image\/webp"}],"twitter_card":"summary_large_image","twitter_misc":{"Odhadovan\u00e1 doba \u010dten\u00ed":"1 minuta"},"schema":{"@context":"https:\/\/schema.org","@graph":[{"@type":"WebPage","@id":"https:\/\/www.oknobuild.com\/index.php\/produkt\/akce-ukoncena-vyroba-jolli-41758-30-stropni-svitidlo-globo-30137\/","url":"https:\/\/www.oknobuild.com\/index.php\/produkt\/akce-ukoncena-vyroba-jolli-41758-30-stropni-svitidlo-globo-30137\/","name":"Akce UKON\u010cENA V\u00ddROBA JOLLI 41758-30 Stropn\u00ed sv\u00edtidlo - GLOBO -","isPartOf":{"@id":"https:\/\/www.oknobuild.com\/#website"},"primaryImageOfPage":{"@id":"https:\/\/www.oknobuild.com\/index.php\/produkt\/akce-ukoncena-vyroba-jolli-41758-30-stropni-svitidlo-globo-30137\/#primaryimage"},"image":{"@id":"https:\/\/www.oknobuild.com\/index.php\/produkt\/akce-ukoncena-vyroba-jolli-41758-30-stropni-svitidlo-globo-30137\/#primaryimage"},"thumbnailUrl":"https:\/\/www.oknobuild.com\/wp-content\/uploads\/2026\/SK0013879-CZ20260425-091535-0-1777079743-GLO-41758-30.webp","datePublished":"2026-04-27T04:41:51+00:00","breadcrumb":{"@id":"https:\/\/www.oknobuild.com\/index.php\/produkt\/akce-ukoncena-vyroba-jolli-41758-30-stropni-svitidlo-globo-30137\/#breadcrumb"},"inLanguage":"cs","potentialAction":[{"@type":"ReadAction","target":["https:\/\/www.oknobuild.com\/index.php\/produkt\/akce-ukoncena-vyroba-jolli-41758-30-stropni-svitidlo-globo-30137\/"]}]},{"@type":"ImageObject","inLanguage":"cs","@id":"https:\/\/www.oknobuild.com\/index.php\/produkt\/akce-ukoncena-vyroba-jolli-41758-30-stropni-svitidlo-globo-30137\/#primaryimage","url":"https:\/\/www.oknobuild.com\/wp-content\/uploads\/2026\/SK0013879-CZ20260425-091535-0-1777079743-GLO-41758-30.webp","contentUrl":"https:\/\/www.oknobuild.com\/wp-content\/uploads\/2026\/SK0013879-CZ20260425-091535-0-1777079743-GLO-41758-30.webp","width":800,"height":800},{"@type":"BreadcrumbList","@id":"https:\/\/www.oknobuild.com\/index.php\/produkt\/akce-ukoncena-vyroba-jolli-41758-30-stropni-svitidlo-globo-30137\/#breadcrumb","itemListElement":[{"@type":"ListItem","position":1,"name":"Home","item":"https:\/\/www.oknobuild.com\/"},{"@type":"ListItem","position":2,"name":"Products","item":"https:\/\/www.oknobuild.com\/index.php\/products\/"},{"@type":"ListItem","position":3,"name":"Akce UKON\u010cENA V\u00ddROBA JOLLI 41758-30 Stropn\u00ed sv\u00edtidlo &#8211; GLOBO"}]},{"@type":"WebSite","@id":"https:\/\/www.oknobuild.com\/#website","url":"https:\/\/www.oknobuild.com\/","name":"","description":"","potentialAction":[{"@type":"SearchAction","target":{"@type":"EntryPoint","urlTemplate":"https:\/\/www.oknobuild.com\/?s={search_term_string}"},"query-input":{"@type":"PropertyValueSpecification","valueRequired":true,"valueName":"search_term_string"}}],"inLanguage":"cs"}]}},"_links":{"self":[{"href":"https:\/\/www.oknobuild.com\/index.php\/wp-json\/wp\/v2\/product\/30137","targetHints":{"allow":["GET"]}}],"collection":[{"href":"https:\/\/www.oknobuild.com\/index.php\/wp-json\/wp\/v2\/product"}],"about":[{"href":"https:\/\/www.oknobuild.com\/index.php\/wp-json\/wp\/v2\/types\/product"}],"replies":[{"embeddable":true,"href":"https:\/\/www.oknobuild.com\/index.php\/wp-json\/wp\/v2\/comments?post=30137"}],"wp:featuredmedia":[{"embeddable":true,"href":"https:\/\/www.oknobuild.com\/index.php\/wp-json\/wp\/v2\/media\/30237"}],"wp:attachment":[{"href":"https:\/\/www.oknobuild.com\/index.php\/wp-json\/wp\/v2\/media?parent=30137"}],"wp:term":[{"taxonomy":"product_brand","embeddable":true,"href":"https:\/\/www.oknobuild.com\/index.php\/wp-json\/wp\/v2\/product_brand?post=30137"},{"taxonomy":"product_cat","embeddable":true,"href":"https:\/\/www.oknobuild.com\/index.php\/wp-json\/wp\/v2\/product_cat?post=30137"},{"taxonomy":"product_tag","embeddable":true,"href":"https:\/\/www.oknobuild.com\/index.php\/wp-json\/wp\/v2\/product_tag?post=30137"}],"curies":[{"name":"wp","href":"https:\/\/api.w.org\/{rel}","templated":true}]}}