{"id":30294,"date":"2026-04-27T04:41:51","date_gmt":"2026-04-27T04:41:51","guid":{"rendered":""},"modified":"2026-04-27T04:41:51","modified_gmt":"2026-04-27T04:41:51","slug":"znackovy-opal-48403-stropni-svitidlo-globo-30294","status":"publish","type":"product","link":"https:\/\/www.oknobuild.com\/index.php\/produkt\/znackovy-opal-48403-stropni-svitidlo-globo-30294\/","title":{"rendered":"Zna\u010dkov\u00fd OPAL 48403 Stropn\u00ed sv\u00edtidlo &#8211; GLOBO"},"content":{"rendered":"<h3 class=\"product-h3\">Popis produktu<\/h3>\n<p><p>Stropn\u00ed sv\u00edtidlo, kov nikl matn\u00fd, sklo op\u00e1l, \u00d8 300, V: 65, bez \u017e\u00e1rovek 3xE27, max. ILLU 40W 230V.<\/p>\n<p>Jednoduch\u00e9 a diskr\u00e9tn\u00ed je toto stropn\u00ed sv\u00edtidlo s niklov\u00fdm okrajem. Kulat\u00e9 st\u00edn\u00edtko m\u00e1 pr\u016fm\u011br 30 cm a je vyrobeno z op\u00e1lov\u00e9ho skla. D\u00edky t\u0159em obj\u00edmk\u00e1m E27 m\u00e1te mo\u017enost pou\u017e\u00edt \u017e\u00e1rovky (maxim\u00e1ln\u011b 2&#215;40 W) dle vlastn\u00edho v\u00fdb\u011bru. Samoz\u0159ejm\u011b mohou b\u00fdt pou\u017eity i LED zdroje.<\/p>\n<\/p><\/div>\n<\/p><\/div>\n<p><\/p>\n<div class=\"top-params\">\n<h3 class=\"product-h3 collapse-header \" data-toggle=\"collapse\" data-target=\"#collapseOne\" aria-expanded=\"true\" aria-controls=\"collapseOne\">Parametry<\/h3>\n<div id=\"collapseOne\" class=\"collapse show\" aria-labelledby=\"headingOne\" data-parent=\"#product-info-accordion1\">\n<table class=\"table-striped\">\n<tr>\n<td>                V\u00fd\u0161ka v mm            <\/td>\n<td>                65            <\/td>\n<\/tr>\n<tr>\n<td>                Pr\u016fm\u011br v mm            <\/td>\n<td>                300            <\/td>\n<\/tr>\n<tr>\n<td>                Ochrana IP            <\/td>\n<td>                IP20            <\/td>\n<\/tr>\n<tr>\n<td>                Nap\u00e1jec\u00ed nap\u011bt\u00ed            <\/td>\n<td>                230V            <\/td>\n<\/tr>\n<tr>\n<td>                Patice            <\/td>\n<td>                E27            <\/td>\n<\/tr>\n<tr>\n<td>                V\u010detn\u011b sv\u011bteln\u00e9ho zdroje            <\/td>\n<td>                ne            <\/td>\n<\/tr>\n<tr>\n<td>                Materi\u00e1l            <\/td>\n<td>                kov \/ sklo            <\/td>\n<\/tr>\n<tr>\n<td>                Barva            <\/td>\n<td>                nikl \/ op\u00e1l            <\/td>\n<\/tr>\n<tr>\n<td>                Kolekce            <\/td>\n<td>                OPAL            <\/td>\n<\/tr>\n<tr>\n<td>                V\u00fdrobce            <\/td>\n<td>                GLOBO            <\/td>\n<\/tr>\n<tr>\n<td>                U v\u00fdrobce dostupn\u00fdch            <\/td>\n<td>                v\u00edce ne\u017e 50                    ks            <\/td>\n<\/tr>\n<\/table>\n<\/div><\/div>\n<\/div>\n<div class=\"accordion\" id=\"product-info-accordion2\">\n","protected":false},"excerpt":{"rendered":"<p>Popis produktu Stropn\u00ed sv\u00edtidlo, kov nikl matn\u00fd, sklo op\u00e1l, \u00d8 300, V: 65, bez \u017e\u00e1rovek 3xE27, max. ILLU 40W 230V. Jednoduch\u00e9 a diskr\u00e9tn\u00ed je toto stropn\u00ed sv\u00edtidlo s niklov\u00fdm okrajem. Kulat\u00e9 st\u00edn\u00edtko m\u00e1 pr\u016fm\u011br 30 cm a je vyrobeno z op\u00e1lov\u00e9ho skla. D\u00edky t\u0159em obj\u00edmk\u00e1m E27 m\u00e1te mo\u017enost pou\u017e\u00edt \u017e\u00e1rovky (maxim\u00e1ln\u011b 2&#215;40 W) dle vlastn\u00edho [&hellip;]<\/p>\n","protected":false},"featured_media":30394,"comment_status":"open","ping_status":"open","template":"","meta":[],"product_brand":[],"product_cat":[32],"product_tag":[],"class_list":{"0":"post-30294","1":"product","2":"type-product","3":"status-publish","4":"has-post-thumbnail","6":"product_cat-interierova-svitidla","8":"first","9":"instock","10":"sale","11":"shipping-taxable","12":"purchasable","13":"product-type-simple"},"yoast_head":"<!-- This site is optimized with the Yoast SEO plugin v26.8 - https:\/\/yoast.com\/product\/yoast-seo-wordpress\/ -->\n<title>Zna\u010dkov\u00fd OPAL 48403 Stropn\u00ed sv\u00edtidlo - GLOBO -<\/title>\n<meta name=\"robots\" content=\"index, follow, max-snippet:-1, max-image-preview:large, max-video-preview:-1\" \/>\n<link rel=\"canonical\" href=\"https:\/\/www.oknobuild.com\/index.php\/produkt\/znackovy-opal-48403-stropni-svitidlo-globo-30294\/\" \/>\n<meta property=\"og:locale\" content=\"cs_CZ\" \/>\n<meta property=\"og:type\" content=\"article\" \/>\n<meta property=\"og:title\" content=\"Zna\u010dkov\u00fd OPAL 48403 Stropn\u00ed sv\u00edtidlo - GLOBO -\" \/>\n<meta property=\"og:description\" content=\"Popis produktu Stropn\u00ed sv\u00edtidlo, kov nikl matn\u00fd, sklo op\u00e1l, \u00d8 300, V: 65, bez \u017e\u00e1rovek 3xE27, max. ILLU 40W 230V. Jednoduch\u00e9 a diskr\u00e9tn\u00ed je toto stropn\u00ed sv\u00edtidlo s niklov\u00fdm okrajem. Kulat\u00e9 st\u00edn\u00edtko m\u00e1 pr\u016fm\u011br 30 cm a je vyrobeno z op\u00e1lov\u00e9ho skla. D\u00edky t\u0159em obj\u00edmk\u00e1m E27 m\u00e1te mo\u017enost pou\u017e\u00edt \u017e\u00e1rovky (maxim\u00e1ln\u011b 2&#215;40 W) dle vlastn\u00edho [&hellip;]\" \/>\n<meta property=\"og:url\" content=\"https:\/\/www.oknobuild.com\/index.php\/produkt\/znackovy-opal-48403-stropni-svitidlo-globo-30294\/\" \/>\n<meta property=\"og:image\" content=\"https:\/\/www.oknobuild.com\/wp-content\/uploads\/2026\/SK0013936-CZ20260425-091535-0-1777079743-GLO-48403.webp\" \/>\n\t<meta property=\"og:image:width\" content=\"800\" \/>\n\t<meta property=\"og:image:height\" content=\"800\" \/>\n\t<meta property=\"og:image:type\" content=\"image\/webp\" \/>\n<meta name=\"twitter:card\" content=\"summary_large_image\" \/>\n<meta name=\"twitter:label1\" content=\"Odhadovan\u00e1 doba \u010dten\u00ed\" \/>\n\t<meta name=\"twitter:data1\" content=\"1 minuta\" \/>\n<script type=\"application\/ld+json\" class=\"yoast-schema-graph\">{\"@context\":\"https:\/\/schema.org\",\"@graph\":[{\"@type\":\"WebPage\",\"@id\":\"https:\/\/www.oknobuild.com\/index.php\/produkt\/znackovy-opal-48403-stropni-svitidlo-globo-30294\/\",\"url\":\"https:\/\/www.oknobuild.com\/index.php\/produkt\/znackovy-opal-48403-stropni-svitidlo-globo-30294\/\",\"name\":\"Zna\u010dkov\u00fd OPAL 48403 Stropn\u00ed sv\u00edtidlo - GLOBO -\",\"isPartOf\":{\"@id\":\"https:\/\/www.oknobuild.com\/#website\"},\"primaryImageOfPage\":{\"@id\":\"https:\/\/www.oknobuild.com\/index.php\/produkt\/znackovy-opal-48403-stropni-svitidlo-globo-30294\/#primaryimage\"},\"image\":{\"@id\":\"https:\/\/www.oknobuild.com\/index.php\/produkt\/znackovy-opal-48403-stropni-svitidlo-globo-30294\/#primaryimage\"},\"thumbnailUrl\":\"https:\/\/www.oknobuild.com\/wp-content\/uploads\/2026\/SK0013936-CZ20260425-091535-0-1777079743-GLO-48403.webp\",\"datePublished\":\"2026-04-27T04:41:51+00:00\",\"breadcrumb\":{\"@id\":\"https:\/\/www.oknobuild.com\/index.php\/produkt\/znackovy-opal-48403-stropni-svitidlo-globo-30294\/#breadcrumb\"},\"inLanguage\":\"cs\",\"potentialAction\":[{\"@type\":\"ReadAction\",\"target\":[\"https:\/\/www.oknobuild.com\/index.php\/produkt\/znackovy-opal-48403-stropni-svitidlo-globo-30294\/\"]}]},{\"@type\":\"ImageObject\",\"inLanguage\":\"cs\",\"@id\":\"https:\/\/www.oknobuild.com\/index.php\/produkt\/znackovy-opal-48403-stropni-svitidlo-globo-30294\/#primaryimage\",\"url\":\"https:\/\/www.oknobuild.com\/wp-content\/uploads\/2026\/SK0013936-CZ20260425-091535-0-1777079743-GLO-48403.webp\",\"contentUrl\":\"https:\/\/www.oknobuild.com\/wp-content\/uploads\/2026\/SK0013936-CZ20260425-091535-0-1777079743-GLO-48403.webp\",\"width\":800,\"height\":800},{\"@type\":\"BreadcrumbList\",\"@id\":\"https:\/\/www.oknobuild.com\/index.php\/produkt\/znackovy-opal-48403-stropni-svitidlo-globo-30294\/#breadcrumb\",\"itemListElement\":[{\"@type\":\"ListItem\",\"position\":1,\"name\":\"Home\",\"item\":\"https:\/\/www.oknobuild.com\/\"},{\"@type\":\"ListItem\",\"position\":2,\"name\":\"Products\",\"item\":\"https:\/\/www.oknobuild.com\/index.php\/products\/\"},{\"@type\":\"ListItem\",\"position\":3,\"name\":\"Zna\u010dkov\u00fd OPAL 48403 Stropn\u00ed sv\u00edtidlo &#8211; GLOBO\"}]},{\"@type\":\"WebSite\",\"@id\":\"https:\/\/www.oknobuild.com\/#website\",\"url\":\"https:\/\/www.oknobuild.com\/\",\"name\":\"\",\"description\":\"\",\"potentialAction\":[{\"@type\":\"SearchAction\",\"target\":{\"@type\":\"EntryPoint\",\"urlTemplate\":\"https:\/\/www.oknobuild.com\/?s={search_term_string}\"},\"query-input\":{\"@type\":\"PropertyValueSpecification\",\"valueRequired\":true,\"valueName\":\"search_term_string\"}}],\"inLanguage\":\"cs\"}]}<\/script>\n<!-- \/ Yoast SEO plugin. -->","yoast_head_json":{"title":"Zna\u010dkov\u00fd OPAL 48403 Stropn\u00ed sv\u00edtidlo - GLOBO -","robots":{"index":"index","follow":"follow","max-snippet":"max-snippet:-1","max-image-preview":"max-image-preview:large","max-video-preview":"max-video-preview:-1"},"canonical":"https:\/\/www.oknobuild.com\/index.php\/produkt\/znackovy-opal-48403-stropni-svitidlo-globo-30294\/","og_locale":"cs_CZ","og_type":"article","og_title":"Zna\u010dkov\u00fd OPAL 48403 Stropn\u00ed sv\u00edtidlo - GLOBO -","og_description":"Popis produktu Stropn\u00ed sv\u00edtidlo, kov nikl matn\u00fd, sklo op\u00e1l, \u00d8 300, V: 65, bez \u017e\u00e1rovek 3xE27, max. ILLU 40W 230V. Jednoduch\u00e9 a diskr\u00e9tn\u00ed je toto stropn\u00ed sv\u00edtidlo s niklov\u00fdm okrajem. Kulat\u00e9 st\u00edn\u00edtko m\u00e1 pr\u016fm\u011br 30 cm a je vyrobeno z op\u00e1lov\u00e9ho skla. D\u00edky t\u0159em obj\u00edmk\u00e1m E27 m\u00e1te mo\u017enost pou\u017e\u00edt \u017e\u00e1rovky (maxim\u00e1ln\u011b 2&#215;40 W) dle vlastn\u00edho [&hellip;]","og_url":"https:\/\/www.oknobuild.com\/index.php\/produkt\/znackovy-opal-48403-stropni-svitidlo-globo-30294\/","og_image":[{"width":800,"height":800,"url":"https:\/\/www.oknobuild.com\/wp-content\/uploads\/2026\/SK0013936-CZ20260425-091535-0-1777079743-GLO-48403.webp","type":"image\/webp"}],"twitter_card":"summary_large_image","twitter_misc":{"Odhadovan\u00e1 doba \u010dten\u00ed":"1 minuta"},"schema":{"@context":"https:\/\/schema.org","@graph":[{"@type":"WebPage","@id":"https:\/\/www.oknobuild.com\/index.php\/produkt\/znackovy-opal-48403-stropni-svitidlo-globo-30294\/","url":"https:\/\/www.oknobuild.com\/index.php\/produkt\/znackovy-opal-48403-stropni-svitidlo-globo-30294\/","name":"Zna\u010dkov\u00fd OPAL 48403 Stropn\u00ed sv\u00edtidlo - GLOBO -","isPartOf":{"@id":"https:\/\/www.oknobuild.com\/#website"},"primaryImageOfPage":{"@id":"https:\/\/www.oknobuild.com\/index.php\/produkt\/znackovy-opal-48403-stropni-svitidlo-globo-30294\/#primaryimage"},"image":{"@id":"https:\/\/www.oknobuild.com\/index.php\/produkt\/znackovy-opal-48403-stropni-svitidlo-globo-30294\/#primaryimage"},"thumbnailUrl":"https:\/\/www.oknobuild.com\/wp-content\/uploads\/2026\/SK0013936-CZ20260425-091535-0-1777079743-GLO-48403.webp","datePublished":"2026-04-27T04:41:51+00:00","breadcrumb":{"@id":"https:\/\/www.oknobuild.com\/index.php\/produkt\/znackovy-opal-48403-stropni-svitidlo-globo-30294\/#breadcrumb"},"inLanguage":"cs","potentialAction":[{"@type":"ReadAction","target":["https:\/\/www.oknobuild.com\/index.php\/produkt\/znackovy-opal-48403-stropni-svitidlo-globo-30294\/"]}]},{"@type":"ImageObject","inLanguage":"cs","@id":"https:\/\/www.oknobuild.com\/index.php\/produkt\/znackovy-opal-48403-stropni-svitidlo-globo-30294\/#primaryimage","url":"https:\/\/www.oknobuild.com\/wp-content\/uploads\/2026\/SK0013936-CZ20260425-091535-0-1777079743-GLO-48403.webp","contentUrl":"https:\/\/www.oknobuild.com\/wp-content\/uploads\/2026\/SK0013936-CZ20260425-091535-0-1777079743-GLO-48403.webp","width":800,"height":800},{"@type":"BreadcrumbList","@id":"https:\/\/www.oknobuild.com\/index.php\/produkt\/znackovy-opal-48403-stropni-svitidlo-globo-30294\/#breadcrumb","itemListElement":[{"@type":"ListItem","position":1,"name":"Home","item":"https:\/\/www.oknobuild.com\/"},{"@type":"ListItem","position":2,"name":"Products","item":"https:\/\/www.oknobuild.com\/index.php\/products\/"},{"@type":"ListItem","position":3,"name":"Zna\u010dkov\u00fd OPAL 48403 Stropn\u00ed sv\u00edtidlo &#8211; GLOBO"}]},{"@type":"WebSite","@id":"https:\/\/www.oknobuild.com\/#website","url":"https:\/\/www.oknobuild.com\/","name":"","description":"","potentialAction":[{"@type":"SearchAction","target":{"@type":"EntryPoint","urlTemplate":"https:\/\/www.oknobuild.com\/?s={search_term_string}"},"query-input":{"@type":"PropertyValueSpecification","valueRequired":true,"valueName":"search_term_string"}}],"inLanguage":"cs"}]}},"_links":{"self":[{"href":"https:\/\/www.oknobuild.com\/index.php\/wp-json\/wp\/v2\/product\/30294","targetHints":{"allow":["GET"]}}],"collection":[{"href":"https:\/\/www.oknobuild.com\/index.php\/wp-json\/wp\/v2\/product"}],"about":[{"href":"https:\/\/www.oknobuild.com\/index.php\/wp-json\/wp\/v2\/types\/product"}],"replies":[{"embeddable":true,"href":"https:\/\/www.oknobuild.com\/index.php\/wp-json\/wp\/v2\/comments?post=30294"}],"wp:featuredmedia":[{"embeddable":true,"href":"https:\/\/www.oknobuild.com\/index.php\/wp-json\/wp\/v2\/media\/30394"}],"wp:attachment":[{"href":"https:\/\/www.oknobuild.com\/index.php\/wp-json\/wp\/v2\/media?parent=30294"}],"wp:term":[{"taxonomy":"product_brand","embeddable":true,"href":"https:\/\/www.oknobuild.com\/index.php\/wp-json\/wp\/v2\/product_brand?post=30294"},{"taxonomy":"product_cat","embeddable":true,"href":"https:\/\/www.oknobuild.com\/index.php\/wp-json\/wp\/v2\/product_cat?post=30294"},{"taxonomy":"product_tag","embeddable":true,"href":"https:\/\/www.oknobuild.com\/index.php\/wp-json\/wp\/v2\/product_tag?post=30294"}],"curies":[{"name":"wp","href":"https:\/\/api.w.org\/{rel}","templated":true}]}}