{"id":32988,"date":"2026-04-27T04:41:58","date_gmt":"2026-04-27T04:41:58","guid":{"rendered":""},"modified":"2026-04-27T04:41:58","modified_gmt":"2026-04-27T04:41:58","slug":"zlevneny-makita-958086064-pilovy-retez-dolmar-38cm-0-325-1-5mm-32988","status":"publish","type":"product","link":"https:\/\/www.oknobuild.com\/index.php\/produkt\/zlevneny-makita-958086064-pilovy-retez-dolmar-38cm-0-325-1-5mm-32988\/","title":{"rendered":"Zlevn\u011bn\u00fd Makita 958086064 pilov\u00fd \u0159et\u011bz Dolmar 38cm 0,325&#8243;&#8220;1,5mm"},"content":{"rendered":"<table>\n<div class=\"tab-pane active product-description\" id=\"popis\" role=\"tabpanel\">\n<div class=\"short-description\" itemprop=\"description\"><\/div>\n<div class=\"description\"><span class='bullet-line'>Dolmar pilov\u00fd \u0159et\u011bz 958 084 064 1,5 mm, 0,325, 38 cm, 64 Z, HM<br \/><\/span><span class='bullet-line'>\u0158et\u011bz pro benz\u00ednovou pilu 110i, 115i PS-460, PS-500, 115<\/span><\/div>\n<div class=\"parameters\">\n<tr>\n<td>Pro modely:<\/td>\n<td>110i, 115i PS-460, PS-500, 115<\/td>\n<\/tr>\n<tr>\n<td>D\u00e9lka li\u0161ty:<\/td>\n<td>38 cm<\/td>\n<\/tr>\n<tr>\n<td>D\u011blen\u00ed \u0159et\u011bzu:<\/td>\n<td>0,325&#8243;<\/td>\n<\/tr>\n<tr>\n<td>\u0160\u00ed\u0159ka dr\u00e1\u017eky:<\/td>\n<td>1,5 mm<\/td>\n<\/tr>\n<tr>\n<td>Po\u010det zub\u016f:<\/td>\n<td>64<\/td>\n<\/tr>\n<tr>\n<td>Profil zubu:<\/td>\n<td>HM &#8211; kulat\u00fd profil vhodn\u011bj\u0161\u00ed pro b\u011b\u017en\u00e9 \u0159ez\u00e1n\u00ed jako je p\u0159\u00edprava palivov\u00e9ho d\u0159eva \u010di pro\u0159ez\u00e1v\u00e1n\u00ed.<\/td>\n<\/tr><\/div>\n<\/table>\n","protected":false},"excerpt":{"rendered":"<p>Dolmar pilov\u00fd \u0159et\u011bz 958 084 064 1,5 mm, 0,325, 38 cm, 64 Z, HM\u0158et\u011bz pro benz\u00ednovou pilu 110i, 115i PS-460, PS-500, 115 Pro modely: 110i, 115i PS-460, PS-500, 115 D\u00e9lka li\u0161ty: 38 cm D\u011blen\u00ed \u0159et\u011bzu: 0,325&#8243; \u0160\u00ed\u0159ka dr\u00e1\u017eky: 1,5 mm Po\u010det zub\u016f: 64 Profil zubu: HM &#8211; kulat\u00fd profil vhodn\u011bj\u0161\u00ed pro b\u011b\u017en\u00e9 \u0159ez\u00e1n\u00ed jako je [&hellip;]<\/p>\n","protected":false},"featured_media":33088,"comment_status":"open","ping_status":"open","template":"","meta":[],"product_brand":[],"product_cat":[33],"product_tag":[],"class_list":{"0":"post-32988","1":"product","2":"type-product","3":"status-publish","4":"has-post-thumbnail","6":"product_cat-zahrada","8":"first","9":"instock","10":"sale","11":"shipping-taxable","12":"purchasable","13":"product-type-simple"},"yoast_head":"<!-- This site is optimized with the Yoast SEO plugin v26.8 - https:\/\/yoast.com\/product\/yoast-seo-wordpress\/ -->\n<title>Zlevn\u011bn\u00fd Makita 958086064 pilov\u00fd \u0159et\u011bz Dolmar 38cm 0,325&quot;&quot;1,5mm -<\/title>\n<meta name=\"robots\" content=\"index, follow, max-snippet:-1, max-image-preview:large, max-video-preview:-1\" \/>\n<link rel=\"canonical\" href=\"https:\/\/www.oknobuild.com\/index.php\/produkt\/zlevneny-makita-958086064-pilovy-retez-dolmar-38cm-0-325-1-5mm-32988\/\" \/>\n<meta property=\"og:locale\" content=\"cs_CZ\" \/>\n<meta property=\"og:type\" content=\"article\" \/>\n<meta property=\"og:title\" content=\"Zlevn\u011bn\u00fd Makita 958086064 pilov\u00fd \u0159et\u011bz Dolmar 38cm 0,325&quot;&quot;1,5mm -\" \/>\n<meta property=\"og:description\" content=\"Dolmar pilov\u00fd \u0159et\u011bz 958 084 064 1,5 mm, 0,325, 38 cm, 64 Z, HM\u0158et\u011bz pro benz\u00ednovou pilu 110i, 115i PS-460, PS-500, 115 Pro modely: 110i, 115i PS-460, PS-500, 115 D\u00e9lka li\u0161ty: 38 cm D\u011blen\u00ed \u0159et\u011bzu: 0,325&#8243; \u0160\u00ed\u0159ka dr\u00e1\u017eky: 1,5 mm Po\u010det zub\u016f: 64 Profil zubu: HM &#8211; kulat\u00fd profil vhodn\u011bj\u0161\u00ed pro b\u011b\u017en\u00e9 \u0159ez\u00e1n\u00ed jako je [&hellip;]\" \/>\n<meta property=\"og:url\" content=\"https:\/\/www.oknobuild.com\/index.php\/produkt\/zlevneny-makita-958086064-pilovy-retez-dolmar-38cm-0-325-1-5mm-32988\/\" \/>\n<meta property=\"og:image\" content=\"https:\/\/www.oknobuild.com\/wp-content\/uploads\/2026\/SK0019641-CZ20260425-092328-0-1777080210-d08aeccb6ea633d509f771323ee5646c-mmf250x250_1.webp\" \/>\n\t<meta property=\"og:image:width\" content=\"250\" \/>\n\t<meta property=\"og:image:height\" content=\"250\" \/>\n\t<meta property=\"og:image:type\" content=\"image\/webp\" \/>\n<meta name=\"twitter:card\" content=\"summary_large_image\" \/>\n<script type=\"application\/ld+json\" class=\"yoast-schema-graph\">{\"@context\":\"https:\/\/schema.org\",\"@graph\":[{\"@type\":\"WebPage\",\"@id\":\"https:\/\/www.oknobuild.com\/index.php\/produkt\/zlevneny-makita-958086064-pilovy-retez-dolmar-38cm-0-325-1-5mm-32988\/\",\"url\":\"https:\/\/www.oknobuild.com\/index.php\/produkt\/zlevneny-makita-958086064-pilovy-retez-dolmar-38cm-0-325-1-5mm-32988\/\",\"name\":\"Zlevn\u011bn\u00fd Makita 958086064 pilov\u00fd \u0159et\u011bz Dolmar 38cm 0,325\\\"\\\"1,5mm -\",\"isPartOf\":{\"@id\":\"https:\/\/www.oknobuild.com\/#website\"},\"primaryImageOfPage\":{\"@id\":\"https:\/\/www.oknobuild.com\/index.php\/produkt\/zlevneny-makita-958086064-pilovy-retez-dolmar-38cm-0-325-1-5mm-32988\/#primaryimage\"},\"image\":{\"@id\":\"https:\/\/www.oknobuild.com\/index.php\/produkt\/zlevneny-makita-958086064-pilovy-retez-dolmar-38cm-0-325-1-5mm-32988\/#primaryimage\"},\"thumbnailUrl\":\"https:\/\/www.oknobuild.com\/wp-content\/uploads\/2026\/SK0019641-CZ20260425-092328-0-1777080210-d08aeccb6ea633d509f771323ee5646c-mmf250x250_1.webp\",\"datePublished\":\"2026-04-27T04:41:58+00:00\",\"breadcrumb\":{\"@id\":\"https:\/\/www.oknobuild.com\/index.php\/produkt\/zlevneny-makita-958086064-pilovy-retez-dolmar-38cm-0-325-1-5mm-32988\/#breadcrumb\"},\"inLanguage\":\"cs\",\"potentialAction\":[{\"@type\":\"ReadAction\",\"target\":[\"https:\/\/www.oknobuild.com\/index.php\/produkt\/zlevneny-makita-958086064-pilovy-retez-dolmar-38cm-0-325-1-5mm-32988\/\"]}]},{\"@type\":\"ImageObject\",\"inLanguage\":\"cs\",\"@id\":\"https:\/\/www.oknobuild.com\/index.php\/produkt\/zlevneny-makita-958086064-pilovy-retez-dolmar-38cm-0-325-1-5mm-32988\/#primaryimage\",\"url\":\"https:\/\/www.oknobuild.com\/wp-content\/uploads\/2026\/SK0019641-CZ20260425-092328-0-1777080210-d08aeccb6ea633d509f771323ee5646c-mmf250x250_1.webp\",\"contentUrl\":\"https:\/\/www.oknobuild.com\/wp-content\/uploads\/2026\/SK0019641-CZ20260425-092328-0-1777080210-d08aeccb6ea633d509f771323ee5646c-mmf250x250_1.webp\",\"width\":250,\"height\":250},{\"@type\":\"BreadcrumbList\",\"@id\":\"https:\/\/www.oknobuild.com\/index.php\/produkt\/zlevneny-makita-958086064-pilovy-retez-dolmar-38cm-0-325-1-5mm-32988\/#breadcrumb\",\"itemListElement\":[{\"@type\":\"ListItem\",\"position\":1,\"name\":\"Home\",\"item\":\"https:\/\/www.oknobuild.com\/\"},{\"@type\":\"ListItem\",\"position\":2,\"name\":\"Products\",\"item\":\"https:\/\/www.oknobuild.com\/index.php\/products\/\"},{\"@type\":\"ListItem\",\"position\":3,\"name\":\"Zlevn\u011bn\u00fd Makita 958086064 pilov\u00fd \u0159et\u011bz Dolmar 38cm 0,325&#8243;&#8220;1,5mm\"}]},{\"@type\":\"WebSite\",\"@id\":\"https:\/\/www.oknobuild.com\/#website\",\"url\":\"https:\/\/www.oknobuild.com\/\",\"name\":\"\",\"description\":\"\",\"potentialAction\":[{\"@type\":\"SearchAction\",\"target\":{\"@type\":\"EntryPoint\",\"urlTemplate\":\"https:\/\/www.oknobuild.com\/?s={search_term_string}\"},\"query-input\":{\"@type\":\"PropertyValueSpecification\",\"valueRequired\":true,\"valueName\":\"search_term_string\"}}],\"inLanguage\":\"cs\"}]}<\/script>\n<!-- \/ Yoast SEO plugin. -->","yoast_head_json":{"title":"Zlevn\u011bn\u00fd Makita 958086064 pilov\u00fd \u0159et\u011bz Dolmar 38cm 0,325\"\"1,5mm -","robots":{"index":"index","follow":"follow","max-snippet":"max-snippet:-1","max-image-preview":"max-image-preview:large","max-video-preview":"max-video-preview:-1"},"canonical":"https:\/\/www.oknobuild.com\/index.php\/produkt\/zlevneny-makita-958086064-pilovy-retez-dolmar-38cm-0-325-1-5mm-32988\/","og_locale":"cs_CZ","og_type":"article","og_title":"Zlevn\u011bn\u00fd Makita 958086064 pilov\u00fd \u0159et\u011bz Dolmar 38cm 0,325\"\"1,5mm -","og_description":"Dolmar pilov\u00fd \u0159et\u011bz 958 084 064 1,5 mm, 0,325, 38 cm, 64 Z, HM\u0158et\u011bz pro benz\u00ednovou pilu 110i, 115i PS-460, PS-500, 115 Pro modely: 110i, 115i PS-460, PS-500, 115 D\u00e9lka li\u0161ty: 38 cm D\u011blen\u00ed \u0159et\u011bzu: 0,325&#8243; \u0160\u00ed\u0159ka dr\u00e1\u017eky: 1,5 mm Po\u010det zub\u016f: 64 Profil zubu: HM &#8211; kulat\u00fd profil vhodn\u011bj\u0161\u00ed pro b\u011b\u017en\u00e9 \u0159ez\u00e1n\u00ed jako je [&hellip;]","og_url":"https:\/\/www.oknobuild.com\/index.php\/produkt\/zlevneny-makita-958086064-pilovy-retez-dolmar-38cm-0-325-1-5mm-32988\/","og_image":[{"width":250,"height":250,"url":"https:\/\/www.oknobuild.com\/wp-content\/uploads\/2026\/SK0019641-CZ20260425-092328-0-1777080210-d08aeccb6ea633d509f771323ee5646c-mmf250x250_1.webp","type":"image\/webp"}],"twitter_card":"summary_large_image","schema":{"@context":"https:\/\/schema.org","@graph":[{"@type":"WebPage","@id":"https:\/\/www.oknobuild.com\/index.php\/produkt\/zlevneny-makita-958086064-pilovy-retez-dolmar-38cm-0-325-1-5mm-32988\/","url":"https:\/\/www.oknobuild.com\/index.php\/produkt\/zlevneny-makita-958086064-pilovy-retez-dolmar-38cm-0-325-1-5mm-32988\/","name":"Zlevn\u011bn\u00fd Makita 958086064 pilov\u00fd \u0159et\u011bz Dolmar 38cm 0,325\"\"1,5mm -","isPartOf":{"@id":"https:\/\/www.oknobuild.com\/#website"},"primaryImageOfPage":{"@id":"https:\/\/www.oknobuild.com\/index.php\/produkt\/zlevneny-makita-958086064-pilovy-retez-dolmar-38cm-0-325-1-5mm-32988\/#primaryimage"},"image":{"@id":"https:\/\/www.oknobuild.com\/index.php\/produkt\/zlevneny-makita-958086064-pilovy-retez-dolmar-38cm-0-325-1-5mm-32988\/#primaryimage"},"thumbnailUrl":"https:\/\/www.oknobuild.com\/wp-content\/uploads\/2026\/SK0019641-CZ20260425-092328-0-1777080210-d08aeccb6ea633d509f771323ee5646c-mmf250x250_1.webp","datePublished":"2026-04-27T04:41:58+00:00","breadcrumb":{"@id":"https:\/\/www.oknobuild.com\/index.php\/produkt\/zlevneny-makita-958086064-pilovy-retez-dolmar-38cm-0-325-1-5mm-32988\/#breadcrumb"},"inLanguage":"cs","potentialAction":[{"@type":"ReadAction","target":["https:\/\/www.oknobuild.com\/index.php\/produkt\/zlevneny-makita-958086064-pilovy-retez-dolmar-38cm-0-325-1-5mm-32988\/"]}]},{"@type":"ImageObject","inLanguage":"cs","@id":"https:\/\/www.oknobuild.com\/index.php\/produkt\/zlevneny-makita-958086064-pilovy-retez-dolmar-38cm-0-325-1-5mm-32988\/#primaryimage","url":"https:\/\/www.oknobuild.com\/wp-content\/uploads\/2026\/SK0019641-CZ20260425-092328-0-1777080210-d08aeccb6ea633d509f771323ee5646c-mmf250x250_1.webp","contentUrl":"https:\/\/www.oknobuild.com\/wp-content\/uploads\/2026\/SK0019641-CZ20260425-092328-0-1777080210-d08aeccb6ea633d509f771323ee5646c-mmf250x250_1.webp","width":250,"height":250},{"@type":"BreadcrumbList","@id":"https:\/\/www.oknobuild.com\/index.php\/produkt\/zlevneny-makita-958086064-pilovy-retez-dolmar-38cm-0-325-1-5mm-32988\/#breadcrumb","itemListElement":[{"@type":"ListItem","position":1,"name":"Home","item":"https:\/\/www.oknobuild.com\/"},{"@type":"ListItem","position":2,"name":"Products","item":"https:\/\/www.oknobuild.com\/index.php\/products\/"},{"@type":"ListItem","position":3,"name":"Zlevn\u011bn\u00fd Makita 958086064 pilov\u00fd \u0159et\u011bz Dolmar 38cm 0,325&#8243;&#8220;1,5mm"}]},{"@type":"WebSite","@id":"https:\/\/www.oknobuild.com\/#website","url":"https:\/\/www.oknobuild.com\/","name":"","description":"","potentialAction":[{"@type":"SearchAction","target":{"@type":"EntryPoint","urlTemplate":"https:\/\/www.oknobuild.com\/?s={search_term_string}"},"query-input":{"@type":"PropertyValueSpecification","valueRequired":true,"valueName":"search_term_string"}}],"inLanguage":"cs"}]}},"_links":{"self":[{"href":"https:\/\/www.oknobuild.com\/index.php\/wp-json\/wp\/v2\/product\/32988","targetHints":{"allow":["GET"]}}],"collection":[{"href":"https:\/\/www.oknobuild.com\/index.php\/wp-json\/wp\/v2\/product"}],"about":[{"href":"https:\/\/www.oknobuild.com\/index.php\/wp-json\/wp\/v2\/types\/product"}],"replies":[{"embeddable":true,"href":"https:\/\/www.oknobuild.com\/index.php\/wp-json\/wp\/v2\/comments?post=32988"}],"wp:featuredmedia":[{"embeddable":true,"href":"https:\/\/www.oknobuild.com\/index.php\/wp-json\/wp\/v2\/media\/33088"}],"wp:attachment":[{"href":"https:\/\/www.oknobuild.com\/index.php\/wp-json\/wp\/v2\/media?parent=32988"}],"wp:term":[{"taxonomy":"product_brand","embeddable":true,"href":"https:\/\/www.oknobuild.com\/index.php\/wp-json\/wp\/v2\/product_brand?post=32988"},{"taxonomy":"product_cat","embeddable":true,"href":"https:\/\/www.oknobuild.com\/index.php\/wp-json\/wp\/v2\/product_cat?post=32988"},{"taxonomy":"product_tag","embeddable":true,"href":"https:\/\/www.oknobuild.com\/index.php\/wp-json\/wp\/v2\/product_tag?post=32988"}],"curies":[{"name":"wp","href":"https:\/\/api.w.org\/{rel}","templated":true}]}}