{"id":3310,"date":"2026-04-27T04:40:44","date_gmt":"2026-04-27T04:40:44","guid":{"rendered":""},"modified":"2026-04-27T04:40:44","modified_gmt":"2026-04-27T04:40:44","slug":"sleva-slot-200-cerna-lampa-se-zapichem-faro-3310","status":"publish","type":"product","link":"https:\/\/www.oknobuild.com\/index.php\/produkt\/sleva-slot-200-cerna-lampa-se-zapichem-faro-3310\/","title":{"rendered":"Sleva SLOT 200 \u010dern\u00e1 lampa se z\u00e1pichem &#8211; FARO"},"content":{"rendered":"<h3 class=\"product-h3\">Popis produktu<\/h3>\n<p><h2>FARO SLOT 200 \u010dern\u00e1 lampa se z\u00e1pichem \u2013 Precizn\u00ed designov\u00e9 nasv\u00edcen\u00ed exteri\u00e9ru<\/h2>\n<p>FARO SLOT 200 je pr\u00e9miov\u00e9 venkovn\u00ed LED sv\u00edtidlo ur\u010den\u00e9 pro stylov\u00e9 a \u00fa\u010deln\u00e9 nasv\u00edcen\u00ed zahrad, strom\u016f, soch \u010di architektonick\u00fdch detail\u016f. \u010cern\u00e9 hlin\u00edkov\u00e9 proveden\u00ed podtrhuje jeho elegantn\u00ed vzhled, zat\u00edmco \u00fazk\u00fd sv\u011bteln\u00fd ku\u017eel s \u00fahlem 28\u00b0 zajist\u00ed dokonal\u00e9 zv\u00fdrazn\u011bn\u00ed vybran\u00fdch prvk\u016f v exteri\u00e9ru. D\u00edky modern\u00ed LED technologii nab\u00edz\u00ed FARO SLOT 200 \u00fasporn\u00fd provoz s bez\u00fadr\u017ebovou \u017eivotnost\u00ed.<\/p>\n<h3>Kl\u00ed\u010dov\u00e9 vlastnosti a technick\u00e9 parametry<\/h3>\n<ul>\n<li><strong>P\u0159\u00edkon:<\/strong> 13 W (integrovan\u00fd LED modul)<\/li>\n<li><strong>Sv\u011bteln\u00fd tok:<\/strong> 750 lm \u2013 intenzivn\u00ed, ale \u00fasporn\u00e9 osv\u011btlen\u00ed<\/li>\n<li><strong>Barva sv\u011btla:<\/strong> 3000 K (tepl\u00e1 b\u00edl\u00e1) \u2013 p\u0159\u00edjemn\u00e1 atmosf\u00e9ra bez zkreslen\u00ed barev<\/li>\n<li><strong>Index pod\u00e1n\u00ed barev (Ra):<\/strong> &gt;80 \u2013 v\u011brn\u00e9 a kvalitn\u00ed osv\u011btlen\u00ed<\/li>\n<li><strong>Stupe\u0148 kryt\u00ed:<\/strong> IP65 \u2013 maxim\u00e1ln\u00ed ochrana v\u016f\u010di prachu a vod\u011b, ide\u00e1ln\u00ed do exteri\u00e9ru<\/li>\n<li><strong>Stupe\u0148 odolnosti:<\/strong> IK08 \u2013 zv\u00fd\u0161en\u00e1 mechanick\u00e1 odolnost<\/li>\n<li><strong>T\u0159\u00edda ochrany:<\/strong> I<\/li>\n<li><strong>Rozm\u011bry:<\/strong> v\u00fd\u0161ka 380 mm, pr\u016fm\u011br 75 mm<\/li>\n<li><strong>Materi\u00e1l:<\/strong> hlin\u00edk (t\u011blo), sklo (difuzor)<\/li>\n<li><strong>Barva:<\/strong> tmav\u011b \u0161ed\u00e1 (\u010dern\u00e1)<\/li>\n<li><strong>Mont\u00e1\u017e:<\/strong> jednoduch\u00fd z\u00e1pich do zem\u011b, flexibiln\u00ed um\u00edst\u011bn\u00ed<\/li>\n<li><strong>Hmotnost:<\/strong> 850 g<\/li>\n<li><strong>Nap\u011bt\u00ed:<\/strong> 220\u2013240 V<\/li>\n<li><strong>V\u010detn\u011b sv\u011bteln\u00e9ho zdroje:<\/strong> Ano \u2013 sou\u010d\u00e1st\u00ed je integrovan\u00fd LED modul<\/li>\n<li><strong>Energetick\u00e1 \u00fa\u010dinnost:<\/strong> E<\/li>\n<\/ul>\n<h3>Inspirace a doporu\u010den\u00ed pro pou\u017eit\u00ed<\/h3>\n<p>FARO SLOT 200 doporu\u010dujeme v\u0161em, kdo cht\u011bj\u00ed posunout exteri\u00e9rov\u00e9 osv\u011btlen\u00ed na vy\u0161\u0161\u00ed \u00farove\u0148. V\u00fdborn\u011b se hod\u00ed pro nasv\u00edcen\u00ed vybran\u00fdch d\u0159evin, soch, um\u011bleck\u00fdch d\u011bl nebo modern\u00edch fas\u00e1d. D\u00edky z\u00e1pichov\u00e9mu syst\u00e9mu lze lampu snadno p\u0159esouvat podle pot\u0159eby a vytv\u00e1\u0159et tak efektn\u00ed sv\u011bteln\u00e9 scen\u00e9rie. Robustn\u00ed proveden\u00ed stav\u00ed na odolnosti v\u016f\u010di pov\u011btrnostn\u00edm vliv\u016fm \u2013 ide\u00e1ln\u00ed volba pro celoro\u010dn\u00ed pou\u017eit\u00ed na va\u0161\u00ed zahrad\u011b \u010di v okol\u00ed domu.<\/p>\n<ul>\n<li>Pro zv\u00fdrazn\u011bn\u00ed solit\u00e9rn\u00edch strom\u016f doporu\u010dujeme um\u00edstit sv\u00edtidlo zhruba 1\u20132 metry od kmene a nasm\u011brovat sv\u011bteln\u00fd paprsek pod korunu.<\/li>\n<li>Chcete-li zv\u00fdraznit cesti\u010dku, um\u00edst\u011bte v\u00edce sv\u00edtidel v pravideln\u00fdch rozestupech pod\u00e9l trasy.<\/li>\n<li>Designov\u00e1 kombinace v\u00edce z\u00e1pichov\u00fdch lamp FARO SLOT 200 vytvo\u0159\u00ed harmonick\u00fd a efektn\u00ed sv\u011bteln\u00fd koncept.<\/li>\n<\/ul>\n<h3>Z\u00e1ruky a certifikace<\/h3>\n<ul>\n<li><strong>\u017divotnost LED:<\/strong> a\u017e 30&nbsp;000 hodin<\/li>\n<li><strong>Z\u00e1ruka:<\/strong> 2 roky<\/li>\n<li><strong>Certifikace:<\/strong> CE, RoHS<\/li>\n<li><strong>Stupe\u0148 kryt\u00ed:<\/strong> IP65 \u2013 vhodn\u00e9 do exteri\u00e9ru<\/li>\n<\/ul>\n<h3>\u010casto kladen\u00e9 dotazy (FAQ)<\/h3>\n<ul>\n<li><strong>Lze sv\u00edtidlo snadno p\u0159em\u00edstit?<\/strong><br \/> Ano, d\u00edky z\u00e1pichov\u00e9 instalaci lze lampu jednodu\u0161e vyt\u00e1hnout a um\u00edstit kamkoliv dle aktu\u00e1ln\u00edch pot\u0159eb.<\/li>\n<li><strong>Je mo\u017en\u00e1 v\u00fdm\u011bna sv\u011bteln\u00e9ho zdroje?<\/strong><br \/> Sv\u00edtidlo je vybaveno integrovan\u00fdm LED modulem, kter\u00fd nen\u00ed u\u017eivatelsky vym\u011bniteln\u00fd. D\u00edky dlouh\u00e9 \u017eivotnosti LED se nemus\u00edte o \u00fadr\u017ebu starat po mnoho let.<\/li>\n<\/ul>\n<p><strong>FARO SLOT 200<\/strong> je ide\u00e1ln\u00ed volbou pro ka\u017ed\u00e9ho, kdo po\u017eaduje v\u00fdjime\u010dnou kvalitu, profesion\u00e1ln\u00ed zpracov\u00e1n\u00ed a dlouhodobou spolehlivost v oblasti venkovn\u00edho osv\u011btlen\u00ed. P\u0159eneste sv\u011btlo jen tam, kde ho opravdu pot\u0159ebujete \u2013 stylov\u011b a efektivn\u011b!<\/p>\n<\/p><\/div>\n<\/p><\/div>\n<p><\/p>\n<div class=\"top-params\">\n<h3 class=\"product-h3 collapse-header \" data-toggle=\"collapse\" data-target=\"#collapseOne\" aria-expanded=\"true\" aria-controls=\"collapseOne\">Parametry<\/h3>\n<div id=\"collapseOne\" class=\"collapse show\" aria-labelledby=\"headingOne\" data-parent=\"#product-info-accordion1\">\n<table class=\"table-striped\">\n<tr>\n<td>                T\u0159\u00edda ochrany            <\/td>\n<td>                I            <\/td>\n<\/tr>\n<tr>\n<td>                \u00dahel z\u00e1\u0159en\u00ed            <\/td>\n<td>                28            <\/td>\n<\/tr>\n<tr>\n<td>                Hmotnost g            <\/td>\n<td>                850g            <\/td>\n<\/tr>\n<tr>\n<td>                V\u00fd\u0161ka v mm            <\/td>\n<td>                380            <\/td>\n<\/tr>\n<tr>\n<td>                Pr\u016fm\u011br v mm            <\/td>\n<td>                75            <\/td>\n<\/tr>\n<tr>\n<td>                Ochrana IP            <\/td>\n<td>                IP65            <\/td>\n<\/tr>\n<tr>\n<td>                Sv\u011bteln\u00fd tok            <\/td>\n<td>                750lm            <\/td>\n<\/tr>\n<tr>\n<td>                Teplota barvy sv\u011btla            <\/td>\n<td>                3000K            <\/td>\n<\/tr>\n<tr>\n<td>                Max. p\u0159\u00edkon sv\u011bteln\u00e9ho zdroje            <\/td>\n<td>                13W            <\/td>\n<\/tr>\n<tr>\n<td>                V\u00fdkon            <\/td>\n<td>                13W            <\/td>\n<\/tr>\n<tr>\n<td>                Nap\u00e1jec\u00ed nap\u011bt\u00ed            <\/td>\n<td>                220-240V            <\/td>\n<\/tr>\n<tr>\n<td>                Patice            <\/td>\n<td>                LED            <\/td>\n<\/tr>\n<tr>\n<td>                V\u010detn\u011b sv\u011bteln\u00e9ho zdroje            <\/td>\n<td>                ano            <\/td>\n<\/tr>\n<tr>\n<td>                Materi\u00e1l            <\/td>\n<td>                hlin\u00edk            <\/td>\n<\/tr>\n<tr>\n<td>                Barva            <\/td>\n<td>                tmav\u011b \u0161ed\u00e1            <\/td>\n<\/tr>\n<tr>\n<td>                Po\u010det sv\u011bteln\u00fdch zdroj\u016f            <\/td>\n<td>                1            <\/td>\n<\/tr>\n<tr>\n<td>                V\u00fdrobce            <\/td>\n<td>                FARO            <\/td>\n<\/tr>\n<tr>\n<td>                Energetick\u00e1 \u00fa\u010dinnost            <\/td>\n<td>                E            <\/td>\n<\/tr>\n<tr>\n<td>                Index pod\u00e1n\u00ed barev            <\/td>\n<td>                80            <\/td>\n<\/tr>\n<\/table>\n<\/div><\/div>\n<\/div>\n<div class=\"accordion\" id=\"product-info-accordion2\">\n","protected":false},"excerpt":{"rendered":"<p>Popis produktu FARO SLOT 200 \u010dern\u00e1 lampa se z\u00e1pichem \u2013 Precizn\u00ed designov\u00e9 nasv\u00edcen\u00ed exteri\u00e9ru FARO SLOT 200 je pr\u00e9miov\u00e9 venkovn\u00ed LED sv\u00edtidlo ur\u010den\u00e9 pro stylov\u00e9 a \u00fa\u010deln\u00e9 nasv\u00edcen\u00ed zahrad, strom\u016f, soch \u010di architektonick\u00fdch detail\u016f. \u010cern\u00e9 hlin\u00edkov\u00e9 proveden\u00ed podtrhuje jeho elegantn\u00ed vzhled, zat\u00edmco \u00fazk\u00fd sv\u011bteln\u00fd ku\u017eel s \u00fahlem 28\u00b0 zajist\u00ed dokonal\u00e9 zv\u00fdrazn\u011bn\u00ed vybran\u00fdch prvk\u016f v exteri\u00e9ru. [&hellip;]<\/p>\n","protected":false},"featured_media":3410,"comment_status":"open","ping_status":"open","template":"","meta":[],"product_brand":[],"product_cat":[37],"product_tag":[],"class_list":{"0":"post-3310","1":"product","2":"type-product","3":"status-publish","4":"has-post-thumbnail","6":"product_cat-venkovni-svitidla","8":"first","9":"instock","10":"sale","11":"shipping-taxable","12":"purchasable","13":"product-type-simple"},"yoast_head":"<!-- This site is optimized with the Yoast SEO plugin v26.8 - https:\/\/yoast.com\/product\/yoast-seo-wordpress\/ -->\n<title>Sleva SLOT 200 \u010dern\u00e1 lampa se z\u00e1pichem - FARO -<\/title>\n<meta name=\"robots\" content=\"index, follow, max-snippet:-1, max-image-preview:large, max-video-preview:-1\" \/>\n<link rel=\"canonical\" href=\"https:\/\/www.oknobuild.com\/index.php\/produkt\/sleva-slot-200-cerna-lampa-se-zapichem-faro-3310\/\" \/>\n<meta property=\"og:locale\" content=\"cs_CZ\" \/>\n<meta property=\"og:type\" content=\"article\" \/>\n<meta property=\"og:title\" content=\"Sleva SLOT 200 \u010dern\u00e1 lampa se z\u00e1pichem - FARO -\" \/>\n<meta property=\"og:description\" content=\"Popis produktu FARO SLOT 200 \u010dern\u00e1 lampa se z\u00e1pichem \u2013 Precizn\u00ed designov\u00e9 nasv\u00edcen\u00ed exteri\u00e9ru FARO SLOT 200 je pr\u00e9miov\u00e9 venkovn\u00ed LED sv\u00edtidlo ur\u010den\u00e9 pro stylov\u00e9 a \u00fa\u010deln\u00e9 nasv\u00edcen\u00ed zahrad, strom\u016f, soch \u010di architektonick\u00fdch detail\u016f. \u010cern\u00e9 hlin\u00edkov\u00e9 proveden\u00ed podtrhuje jeho elegantn\u00ed vzhled, zat\u00edmco \u00fazk\u00fd sv\u011bteln\u00fd ku\u017eel s \u00fahlem 28\u00b0 zajist\u00ed dokonal\u00e9 zv\u00fdrazn\u011bn\u00ed vybran\u00fdch prvk\u016f v exteri\u00e9ru. [&hellip;]\" \/>\n<meta property=\"og:url\" content=\"https:\/\/www.oknobuild.com\/index.php\/produkt\/sleva-slot-200-cerna-lampa-se-zapichem-faro-3310\/\" \/>\n<meta property=\"og:image\" content=\"https:\/\/www.oknobuild.com\/wp-content\/uploads\/2026\/SK0012415-CZ20260425-091535-0-1777079743-FARO-70037.webp\" \/>\n\t<meta property=\"og:image:width\" content=\"800\" \/>\n\t<meta property=\"og:image:height\" content=\"800\" \/>\n\t<meta property=\"og:image:type\" content=\"image\/webp\" \/>\n<meta name=\"twitter:card\" content=\"summary_large_image\" \/>\n<meta name=\"twitter:label1\" content=\"Odhadovan\u00e1 doba \u010dten\u00ed\" \/>\n\t<meta name=\"twitter:data1\" content=\"3 minuty\" \/>\n<script type=\"application\/ld+json\" class=\"yoast-schema-graph\">{\"@context\":\"https:\/\/schema.org\",\"@graph\":[{\"@type\":\"WebPage\",\"@id\":\"https:\/\/www.oknobuild.com\/index.php\/produkt\/sleva-slot-200-cerna-lampa-se-zapichem-faro-3310\/\",\"url\":\"https:\/\/www.oknobuild.com\/index.php\/produkt\/sleva-slot-200-cerna-lampa-se-zapichem-faro-3310\/\",\"name\":\"Sleva SLOT 200 \u010dern\u00e1 lampa se z\u00e1pichem - FARO -\",\"isPartOf\":{\"@id\":\"https:\/\/www.oknobuild.com\/#website\"},\"primaryImageOfPage\":{\"@id\":\"https:\/\/www.oknobuild.com\/index.php\/produkt\/sleva-slot-200-cerna-lampa-se-zapichem-faro-3310\/#primaryimage\"},\"image\":{\"@id\":\"https:\/\/www.oknobuild.com\/index.php\/produkt\/sleva-slot-200-cerna-lampa-se-zapichem-faro-3310\/#primaryimage\"},\"thumbnailUrl\":\"https:\/\/www.oknobuild.com\/wp-content\/uploads\/2026\/SK0012415-CZ20260425-091535-0-1777079743-FARO-70037.webp\",\"datePublished\":\"2026-04-27T04:40:44+00:00\",\"breadcrumb\":{\"@id\":\"https:\/\/www.oknobuild.com\/index.php\/produkt\/sleva-slot-200-cerna-lampa-se-zapichem-faro-3310\/#breadcrumb\"},\"inLanguage\":\"cs\",\"potentialAction\":[{\"@type\":\"ReadAction\",\"target\":[\"https:\/\/www.oknobuild.com\/index.php\/produkt\/sleva-slot-200-cerna-lampa-se-zapichem-faro-3310\/\"]}]},{\"@type\":\"ImageObject\",\"inLanguage\":\"cs\",\"@id\":\"https:\/\/www.oknobuild.com\/index.php\/produkt\/sleva-slot-200-cerna-lampa-se-zapichem-faro-3310\/#primaryimage\",\"url\":\"https:\/\/www.oknobuild.com\/wp-content\/uploads\/2026\/SK0012415-CZ20260425-091535-0-1777079743-FARO-70037.webp\",\"contentUrl\":\"https:\/\/www.oknobuild.com\/wp-content\/uploads\/2026\/SK0012415-CZ20260425-091535-0-1777079743-FARO-70037.webp\",\"width\":800,\"height\":800},{\"@type\":\"BreadcrumbList\",\"@id\":\"https:\/\/www.oknobuild.com\/index.php\/produkt\/sleva-slot-200-cerna-lampa-se-zapichem-faro-3310\/#breadcrumb\",\"itemListElement\":[{\"@type\":\"ListItem\",\"position\":1,\"name\":\"Home\",\"item\":\"https:\/\/www.oknobuild.com\/\"},{\"@type\":\"ListItem\",\"position\":2,\"name\":\"Products\",\"item\":\"https:\/\/www.oknobuild.com\/index.php\/products\/\"},{\"@type\":\"ListItem\",\"position\":3,\"name\":\"Sleva SLOT 200 \u010dern\u00e1 lampa se z\u00e1pichem &#8211; FARO\"}]},{\"@type\":\"WebSite\",\"@id\":\"https:\/\/www.oknobuild.com\/#website\",\"url\":\"https:\/\/www.oknobuild.com\/\",\"name\":\"\",\"description\":\"\",\"potentialAction\":[{\"@type\":\"SearchAction\",\"target\":{\"@type\":\"EntryPoint\",\"urlTemplate\":\"https:\/\/www.oknobuild.com\/?s={search_term_string}\"},\"query-input\":{\"@type\":\"PropertyValueSpecification\",\"valueRequired\":true,\"valueName\":\"search_term_string\"}}],\"inLanguage\":\"cs\"}]}<\/script>\n<!-- \/ Yoast SEO plugin. -->","yoast_head_json":{"title":"Sleva SLOT 200 \u010dern\u00e1 lampa se z\u00e1pichem - FARO -","robots":{"index":"index","follow":"follow","max-snippet":"max-snippet:-1","max-image-preview":"max-image-preview:large","max-video-preview":"max-video-preview:-1"},"canonical":"https:\/\/www.oknobuild.com\/index.php\/produkt\/sleva-slot-200-cerna-lampa-se-zapichem-faro-3310\/","og_locale":"cs_CZ","og_type":"article","og_title":"Sleva SLOT 200 \u010dern\u00e1 lampa se z\u00e1pichem - FARO -","og_description":"Popis produktu FARO SLOT 200 \u010dern\u00e1 lampa se z\u00e1pichem \u2013 Precizn\u00ed designov\u00e9 nasv\u00edcen\u00ed exteri\u00e9ru FARO SLOT 200 je pr\u00e9miov\u00e9 venkovn\u00ed LED sv\u00edtidlo ur\u010den\u00e9 pro stylov\u00e9 a \u00fa\u010deln\u00e9 nasv\u00edcen\u00ed zahrad, strom\u016f, soch \u010di architektonick\u00fdch detail\u016f. \u010cern\u00e9 hlin\u00edkov\u00e9 proveden\u00ed podtrhuje jeho elegantn\u00ed vzhled, zat\u00edmco \u00fazk\u00fd sv\u011bteln\u00fd ku\u017eel s \u00fahlem 28\u00b0 zajist\u00ed dokonal\u00e9 zv\u00fdrazn\u011bn\u00ed vybran\u00fdch prvk\u016f v exteri\u00e9ru. [&hellip;]","og_url":"https:\/\/www.oknobuild.com\/index.php\/produkt\/sleva-slot-200-cerna-lampa-se-zapichem-faro-3310\/","og_image":[{"width":800,"height":800,"url":"https:\/\/www.oknobuild.com\/wp-content\/uploads\/2026\/SK0012415-CZ20260425-091535-0-1777079743-FARO-70037.webp","type":"image\/webp"}],"twitter_card":"summary_large_image","twitter_misc":{"Odhadovan\u00e1 doba \u010dten\u00ed":"3 minuty"},"schema":{"@context":"https:\/\/schema.org","@graph":[{"@type":"WebPage","@id":"https:\/\/www.oknobuild.com\/index.php\/produkt\/sleva-slot-200-cerna-lampa-se-zapichem-faro-3310\/","url":"https:\/\/www.oknobuild.com\/index.php\/produkt\/sleva-slot-200-cerna-lampa-se-zapichem-faro-3310\/","name":"Sleva SLOT 200 \u010dern\u00e1 lampa se z\u00e1pichem - FARO -","isPartOf":{"@id":"https:\/\/www.oknobuild.com\/#website"},"primaryImageOfPage":{"@id":"https:\/\/www.oknobuild.com\/index.php\/produkt\/sleva-slot-200-cerna-lampa-se-zapichem-faro-3310\/#primaryimage"},"image":{"@id":"https:\/\/www.oknobuild.com\/index.php\/produkt\/sleva-slot-200-cerna-lampa-se-zapichem-faro-3310\/#primaryimage"},"thumbnailUrl":"https:\/\/www.oknobuild.com\/wp-content\/uploads\/2026\/SK0012415-CZ20260425-091535-0-1777079743-FARO-70037.webp","datePublished":"2026-04-27T04:40:44+00:00","breadcrumb":{"@id":"https:\/\/www.oknobuild.com\/index.php\/produkt\/sleva-slot-200-cerna-lampa-se-zapichem-faro-3310\/#breadcrumb"},"inLanguage":"cs","potentialAction":[{"@type":"ReadAction","target":["https:\/\/www.oknobuild.com\/index.php\/produkt\/sleva-slot-200-cerna-lampa-se-zapichem-faro-3310\/"]}]},{"@type":"ImageObject","inLanguage":"cs","@id":"https:\/\/www.oknobuild.com\/index.php\/produkt\/sleva-slot-200-cerna-lampa-se-zapichem-faro-3310\/#primaryimage","url":"https:\/\/www.oknobuild.com\/wp-content\/uploads\/2026\/SK0012415-CZ20260425-091535-0-1777079743-FARO-70037.webp","contentUrl":"https:\/\/www.oknobuild.com\/wp-content\/uploads\/2026\/SK0012415-CZ20260425-091535-0-1777079743-FARO-70037.webp","width":800,"height":800},{"@type":"BreadcrumbList","@id":"https:\/\/www.oknobuild.com\/index.php\/produkt\/sleva-slot-200-cerna-lampa-se-zapichem-faro-3310\/#breadcrumb","itemListElement":[{"@type":"ListItem","position":1,"name":"Home","item":"https:\/\/www.oknobuild.com\/"},{"@type":"ListItem","position":2,"name":"Products","item":"https:\/\/www.oknobuild.com\/index.php\/products\/"},{"@type":"ListItem","position":3,"name":"Sleva SLOT 200 \u010dern\u00e1 lampa se z\u00e1pichem &#8211; FARO"}]},{"@type":"WebSite","@id":"https:\/\/www.oknobuild.com\/#website","url":"https:\/\/www.oknobuild.com\/","name":"","description":"","potentialAction":[{"@type":"SearchAction","target":{"@type":"EntryPoint","urlTemplate":"https:\/\/www.oknobuild.com\/?s={search_term_string}"},"query-input":{"@type":"PropertyValueSpecification","valueRequired":true,"valueName":"search_term_string"}}],"inLanguage":"cs"}]}},"_links":{"self":[{"href":"https:\/\/www.oknobuild.com\/index.php\/wp-json\/wp\/v2\/product\/3310","targetHints":{"allow":["GET"]}}],"collection":[{"href":"https:\/\/www.oknobuild.com\/index.php\/wp-json\/wp\/v2\/product"}],"about":[{"href":"https:\/\/www.oknobuild.com\/index.php\/wp-json\/wp\/v2\/types\/product"}],"replies":[{"embeddable":true,"href":"https:\/\/www.oknobuild.com\/index.php\/wp-json\/wp\/v2\/comments?post=3310"}],"wp:featuredmedia":[{"embeddable":true,"href":"https:\/\/www.oknobuild.com\/index.php\/wp-json\/wp\/v2\/media\/3410"}],"wp:attachment":[{"href":"https:\/\/www.oknobuild.com\/index.php\/wp-json\/wp\/v2\/media?parent=3310"}],"wp:term":[{"taxonomy":"product_brand","embeddable":true,"href":"https:\/\/www.oknobuild.com\/index.php\/wp-json\/wp\/v2\/product_brand?post=3310"},{"taxonomy":"product_cat","embeddable":true,"href":"https:\/\/www.oknobuild.com\/index.php\/wp-json\/wp\/v2\/product_cat?post=3310"},{"taxonomy":"product_tag","embeddable":true,"href":"https:\/\/www.oknobuild.com\/index.php\/wp-json\/wp\/v2\/product_tag?post=3310"}],"curies":[{"name":"wp","href":"https:\/\/api.w.org\/{rel}","templated":true}]}}